{"id":10068,"date":"2023-04-13T11:14:31","date_gmt":"2023-04-13T11:14:31","guid":{"rendered":"https:\/\/kissinparis.com\/?page_id=10068"},"modified":"2026-02-20T13:41:16","modified_gmt":"2026-02-20T13:41:16","slug":"consultation-mariage","status":"publish","type":"page","link":"https:\/\/kissinparis.com\/fr\/book-now\/wedding-consultation\/","title":{"rendered":"Consultation de mariage"},"content":{"rendered":"<div class=\"wp-block-group alignfull sec-contact full-width sec heror-section mt-0 mb-0 fullscreen active has-contrast-color has-subtle-background-background-color has-text-color has-background has-link-color wp-elements-dd2c5424b46c5e9254b5877d5d2f1ba7\"><div class=\"wp-block-group__inner-container is-layout-constrained wp-block-group-is-layout-constrained\">\n<div class=\"wp-block-group alignfull pr-0 pl-0 container-xl\"><div class=\"wp-block-group__inner-container is-layout-constrained wp-block-group-is-layout-constrained\">\n<div class=\"wp-block-group alignwide container-xl\"><div class=\"wp-block-group__inner-container is-layout-constrained wp-block-group-is-layout-constrained\">\n<h1 class=\"wp-block-heading alignwide title-big mb-10\">Consultation Mariage<\/h1>\n\n\n\n<p>Veuillez remplir le formulaire. Un membre de notre \u00e9quipe mariage vous r\u00e9pond sous 24h. En cas d\u2019urgence, contactez Chantelle-Marie directement via <a href=\"https:\/\/api.whatsapp.com\/send\/?phone=%2B19175134350&amp;text&amp;type=phone_number&amp;app_absent=0\" target=\"_blank\" rel=\"noreferrer noopener\">WhatsApp<\/a>.<\/p>\n\n\n\n<p class=\"mt-0 full alignwide animate__animated animate__fadeInUp has-phone\"><a href=\"https:\/\/api.whatsapp.com\/send\/?phone=%2B19175134350&amp;text&amp;type=phone_number&amp;app_absent=0\" target=\"_blank\" data-type=\"link\" data-id=\"https:\/\/api.whatsapp.com\/send\/?phone=%2B19175134350&amp;text&amp;type=phone_number&amp;app_absent=0\" rel=\"noreferrer noopener\">+1 917 513 4350<\/a> <em>\u25cf<\/em> <a href=\"mailto:support@kissinparis.com?subject=Paris Photoshoot Inquiry\">support@kissinparis.com<\/a><\/p>\n\n\n\n<h2 class=\"wp-block-heading alignwide screen-reader-text has-large-font-size\">Contact<\/h2>\n\n\n\n<div class=\"wp-block-group alignwide mt-0 mb-0 animate__animated animate__fadeInUp\"><div class=\"wp-block-group__inner-container is-layout-constrained wp-block-group-is-layout-constrained\">\n<div class=\"wp-block-contact-form-7-contact-form-selector\">\n<div class=\"wpcf7 no-js\" id=\"wpcf7-f10543-o1\" lang=\"en-US\" dir=\"ltr\" data-wpcf7-id=\"10543\">\n<div class=\"screen-reader-response\"><p role=\"status\" aria-live=\"polite\" aria-atomic=\"true\"><\/p> <ul><\/ul><\/div>\n<form action=\"\/fr\/wp-json\/wp\/v2\/pages\/10068#wpcf7-f10543-o1\" method=\"post\" class=\"wpcf7-form init\" aria-label=\"Formulaire de contact\" novalidate=\"novalidate\" data-status=\"init\" data-trp-original-action=\"\/fr\/wp-json\/wp\/v2\/pages\/10068#wpcf7-f10543-o1\">\n<fieldset class=\"hidden-fields-container\"><input type=\"hidden\" name=\"_wpcf7\" value=\"10543\" \/><input type=\"hidden\" name=\"_wpcf7_version\" value=\"6.1.5\" \/><input type=\"hidden\" name=\"_wpcf7_locale\" value=\"en_US\" \/><input type=\"hidden\" name=\"_wpcf7_unit_tag\" value=\"wpcf7-f10543-o1\" \/><input type=\"hidden\" name=\"_wpcf7_container_post\" value=\"0\" \/><input type=\"hidden\" name=\"_wpcf7_posted_data_hash\" value=\"\" \/>\n<\/fieldset>\n<div class=\"row\">\n\t<p class=\"col col50\"><label><span class=\"wpcf7-form-control-wrap\" data-name=\"your-name\"><input size=\"40\" maxlength=\"400\" class=\"wpcf7-form-control wpcf7-text wpcf7-validates-as-required\" autocomplete=\"name\" aria-required=\"true\" aria-invalid=\"false\" placeholder=\"Pr\u00e9nom*\" value=\"\" type=\"text\" name=\"your-name\" \/><\/span><\/label>\n\t<\/p>\n\t<p class=\"col col50\"><label><span class=\"wpcf7-form-control-wrap\" data-name=\"your-name-last\"><input size=\"40\" maxlength=\"400\" class=\"wpcf7-form-control wpcf7-text wpcf7-validates-as-required\" autocomplete=\"name\" aria-required=\"true\" aria-invalid=\"false\" placeholder=\"Nom*\" value=\"\" type=\"text\" name=\"your-name-last\" \/><\/span><\/label>\n\t<\/p>\n<\/div>\n<div class=\"row\">\n\t<p class=\"col col50\"><label><span class=\"wpcf7-form-control-wrap\" data-name=\"your-phone\"><input size=\"40\" maxlength=\"400\" class=\"wpcf7-form-control wpcf7-tel wpcf7-text wpcf7-validates-as-tel\" autocomplete=\"phone\" aria-invalid=\"false\" placeholder=\"T\u00e9l\u00e9phone\" value=\"\" type=\"tel\" name=\"your-phone\" \/><\/span><\/label>\n\t<\/p>\n\t<p class=\"col col50\"><label><span class=\"wpcf7-form-control-wrap\" data-name=\"your-email\"><input size=\"40\" maxlength=\"400\" class=\"wpcf7-form-control wpcf7-email wpcf7-validates-as-required wpcf7-text wpcf7-validates-as-email\" autocomplete=\"email\" aria-required=\"true\" aria-invalid=\"false\" placeholder=\"E-mail*\" value=\"\" type=\"email\" name=\"your-email\" \/><\/span><\/label>\n\t<\/p>\n<\/div>\n<div class=\"row\">\n\t<p class=\"col col50\"><label><span class=\"wpcf7-form-control-wrap\" data-name=\"your-date\"><input size=\"40\" maxlength=\"400\" class=\"wpcf7-form-control wpcf7-text\" aria-invalid=\"false\" placeholder=\"Date\" value=\"\" type=\"text\" name=\"your-date\" \/><\/span><\/label>\n\t<\/p>\n\t<p class=\"col col50\"><label><span class=\"wpcf7-form-control-wrap\" data-name=\"your-proposal-budget\"><input size=\"40\" maxlength=\"400\" class=\"wpcf7-form-control wpcf7-text\" aria-invalid=\"false\" placeholder=\"Budget*\" value=\"\" type=\"text\" name=\"your-proposal-budget\" \/><\/span><\/label>\n\t<\/p>\n<\/div>\n<div class=\"row pb-30\">\n\t<p class=\"col col50\"><label><span class=\"wpcf7-form-control-wrap\" data-name=\"your-referral\"><select class=\"wpcf7-form-control wpcf7-select\" aria-invalid=\"false\" name=\"your-referral\"><option value=\"\">Comment avez-vous entendu parler de nous ?<\/option><option value=\"Google\">Google<\/option><option value=\"Instagram\">Instagram<\/option><option value=\"Referral\">Orientation<\/option><option value=\"Other\">Autre<\/option><\/select><\/span><\/label>\n\t<\/p>\n<\/div>\n<p><label>Parlez-nous bri\u00e8vement de vous et de vos premi\u00e8res id\u00e9es de mariage.<\/label><span class=\"wpcf7-form-control-wrap\" data-name=\"your-message\"><textarea cols=\"40\" rows=\"10\" maxlength=\"2000\" class=\"wpcf7-form-control wpcf7-textarea\" aria-invalid=\"false\" name=\"your-message\"><\/textarea><\/span>\n<\/p>\n<p><div class=\"cf7-cf-turnstile\" style=\"margin-top: 0px; margin-bottom: -15px;\"> <div id=\"cf-turnstile-cf7-2471350358\" class=\"cf-turnstile\" data-callback=\"turnstileCF7Callback\" data-sitekey=\"0x4AAAAAAA6tyyirfbfpLGRe\" data-theme=\"light\" data-language=\"auto\" data-size=\"normal\" data-retry=\"auto\" data-retry-interval=\"1000\" data-refresh-expired=\"auto\" data-refresh-timeout=\"auto\" data-action=\"contact-form-7\" data-appearance=\"always\"><\/div> <style>.wpcf7-submit { pointer-events: none; opacity: 0.5; }<\/style> <script>document.addEventListener(\"DOMContentLoaded\", function() { setTimeout(function(){ var e=document.getElementById(\"cf-turnstile-cf7-2471350358\"); if(e&&!e.innerHTML.trim()){turnstile.render(e, {sitekey:\"0x4AAAAAAA6tyyirfbfpLGRe\"});} }, 200); });<\/script> <br class=\"cf-turnstile-br cf-turnstile-br-cf7-2471350358\"> <style>#cf-turnstile-cf7-2471350358 { margin-left: -15px; }<\/style> <script>document.addEventListener(\"DOMContentLoaded\",function(){document.querySelectorAll('.wpcf7-form').forEach(function(e){e.addEventListener('submit',function(){if(document.getElementById('cf-turnstile-cf7-2471350358')){setTimeout(function(){turnstile.reset('#cf-turnstile-cf7-2471350358');},1000)}})})});<\/script> <\/div>\n<\/p>\n<p class=\"text-center pt-20\"><input class=\"wpcf7-form-control wpcf7-submit has-spinner\" type=\"submit\" value=\"Entrer en contact\" \/>\n<\/p><p style=\"display: none !important;\" class=\"akismet-fields-container\" data-prefix=\"_wpcf7_ak_\"><label>\u0394<textarea name=\"_wpcf7_ak_hp_textarea\" cols=\"45\" rows=\"8\" maxlength=\"100\"><\/textarea><\/label><input type=\"hidden\" id=\"ak_js_1\" name=\"_wpcf7_ak_js\" value=\"249\"\/><script>document.getElementById( \"ak_js_1\" ).setAttribute( \"value\", ( new Date() ).getTime() );<\/script><\/p><div class=\"wpcf7-response-output\" aria-hidden=\"true\"><\/div>\n<input type=\"hidden\" name=\"trp-form-language\" value=\"fr\"\/><\/form>\n<\/div>\n<\/div>\n<\/div><\/div>\n<\/div><\/div>\n<\/div><\/div>\n\n\n\n<div class=\"wp-block-group alignfull clock-footer is-content-justification-space-between is-nowrap is-layout-flex wp-container-core-group-is-layout-0dfbf163 wp-block-group-is-layout-flex\">\n<p class=\"clock\" id=\"paris-clock\">Paris, France <strong>\u2013 <\/strong><\/p>\n\n\n\n<p class=\"phone map\"><a href=\"https:\/\/g.page\/r\/CWabWFVRkAN7EB0\/review\" target=\"_blank\" data-type=\"link\" data-id=\"https:\/\/g.page\/r\/CWabWFVRkAN7EB0\/review\" rel=\"noreferrer noopener\">Itin\u00e9raire<\/a><\/p>\n<\/div>\n\n\n\n<script>\ndocument.addEventListener( 'wpcf7mailsent', function( event ) {\n    setTimeout( () => {\n        location = 'https:\/\/kissinparis.com\/thank-you-wedding-consultation\/';\n    }, 2000 ); \/\/ Wait for 2 seconds to redirect.\n}, false );\n<\/script>\n<\/div><\/div>","protected":false},"excerpt":{"rendered":"<p>Consultation mariage. Veuillez remplir le formulaire de contact. L&#039;un de nos wedding planners vous r\u00e9pondra sous 24 heures. Pour toute demande urgente, contactez Chantelle-Marie directement via WhatsApp. +1 917 513 4350 \u25cf support@kissinparis.com Nous contacter Paris, France \u2013 Acc\u00e8s<\/p>","protected":false},"author":35,"featured_media":10277,"parent":4688,"menu_order":0,"comment_status":"closed","ping_status":"closed","template":"","meta":{"_acf_changed":false,"ub_ctt_via":"","footnotes":""},"class_list":["post-10068","page","type-page","status-publish","has-post-thumbnail","hentry"],"acf":[],"featured_image_src":"https:\/\/kissinparis.com\/wp-content\/uploads\/2023\/04\/Wedding-planning-consultation.jpg","_links":{"self":[{"href":"https:\/\/kissinparis.com\/fr\/wp-json\/wp\/v2\/pages\/10068","targetHints":{"allow":["GET"]}}],"collection":[{"href":"https:\/\/kissinparis.com\/fr\/wp-json\/wp\/v2\/pages"}],"about":[{"href":"https:\/\/kissinparis.com\/fr\/wp-json\/wp\/v2\/types\/page"}],"author":[{"embeddable":true,"href":"https:\/\/kissinparis.com\/fr\/wp-json\/wp\/v2\/users\/35"}],"replies":[{"embeddable":true,"href":"https:\/\/kissinparis.com\/fr\/wp-json\/wp\/v2\/comments?post=10068"}],"version-history":[{"count":9,"href":"https:\/\/kissinparis.com\/fr\/wp-json\/wp\/v2\/pages\/10068\/revisions"}],"predecessor-version":[{"id":28039,"href":"https:\/\/kissinparis.com\/fr\/wp-json\/wp\/v2\/pages\/10068\/revisions\/28039"}],"up":[{"embeddable":true,"href":"https:\/\/kissinparis.com\/fr\/wp-json\/wp\/v2\/pages\/4688"}],"wp:featuredmedia":[{"embeddable":true,"href":"https:\/\/kissinparis.com\/fr\/wp-json\/wp\/v2\/media\/10277"}],"wp:attachment":[{"href":"https:\/\/kissinparis.com\/fr\/wp-json\/wp\/v2\/media?parent=10068"}],"curies":[{"name":"wp","href":"https:\/\/api.w.org\/{rel}","templated":true}]}}