{"id":15,"date":"2023-02-23T08:51:38","date_gmt":"2023-02-23T08:51:38","guid":{"rendered":"https:\/\/kissinparis.com\/?page_id=15"},"modified":"2026-02-14T13:08:43","modified_gmt":"2026-02-14T13:08:43","slug":"a-propos","status":"publish","type":"page","link":"https:\/\/kissinparis.com\/fr\/about\/","title":{"rendered":"\u00c0 propos de Kiss Me in Paris Proposals &amp; Weddings"},"content":{"rendered":"<div class=\"wp-block-cover alignfull wp-block-group has-base-2-color has-contrast-background-color heror-section heror-about has-scroll-down mt-0 mb-0 fullscreen has-background-color has-text-color has-link-color wp-elements-5c15fb441a524422f1ba4b5dc7f876b5\" style=\"min-height:100vh;aspect-ratio:unset;\"><img loading=\"lazy\" decoding=\"async\" width=\"1600\" height=\"1067\" class=\"wp-block-cover__image-background wp-image-25337 size-full\" alt=\"Cl\u00e9 dor\u00e9e orn\u00e9e dans une luxueuse serrure de porte \u00e0 texture rouge \u00e0 la Villa Astor, Italie\" src=\"https:\/\/kissinparis.com\/wp-content\/uploads\/2025\/06\/luxury-villa-astor-golden-key-exclusive-access-kiss-me-paris-photographer.webp\" data-object-fit=\"cover\" srcset=\"https:\/\/kissinparis.com\/wp-content\/uploads\/2025\/06\/luxury-villa-astor-golden-key-exclusive-access-kiss-me-paris-photographer.webp 1600w, https:\/\/kissinparis.com\/wp-content\/uploads\/2025\/06\/luxury-villa-astor-golden-key-exclusive-access-kiss-me-paris-photographer-300x200.webp 300w, https:\/\/kissinparis.com\/wp-content\/uploads\/2025\/06\/luxury-villa-astor-golden-key-exclusive-access-kiss-me-paris-photographer-1024x683.webp 1024w, https:\/\/kissinparis.com\/wp-content\/uploads\/2025\/06\/luxury-villa-astor-golden-key-exclusive-access-kiss-me-paris-photographer-768x512.webp 768w, https:\/\/kissinparis.com\/wp-content\/uploads\/2025\/06\/luxury-villa-astor-golden-key-exclusive-access-kiss-me-paris-photographer-1536x1024.webp 1536w, https:\/\/kissinparis.com\/wp-content\/uploads\/2025\/06\/luxury-villa-astor-golden-key-exclusive-access-kiss-me-paris-photographer-1200x800.webp 1200w\" sizes=\"auto, (max-width: 1600px) 100vw, 1600px\" \/><span aria-hidden=\"true\" class=\"wp-block-cover__background has-primary-background-color has-background-dim-40 has-background-dim\"><\/span><div class=\"wp-block-cover__inner-container is-layout-flow wp-block-cover-is-layout-flow\">\n<div class=\"wp-block-group alignfull content\"><div class=\"wp-block-group__inner-container is-layout-constrained wp-block-group-is-layout-constrained\">\n<h1 class=\"wp-block-heading alignwide\">\u00c0 propos de Kiss Me in Paris Proposals &amp; Weddings<\/h1>\n\n\n\n<h2 class=\"wp-block-heading alignwide has-large-font-size\">Agence de mariages et demandes en mariage de luxe \u00e0 Paris. \u00c9tablie en 2013. Organisation compl\u00e8te depuis 2017. \u00c9quipe anglophone. Plus de 1\u00a0200 c\u00e9l\u00e9brations organis\u00e9es. Pr\u00e9sent\u00e9e sur CNN, TF1, The Knot et French Wedding Style.<\/h2>\n<\/div><\/div>\n\n\n\n<div class=\"wp-block-group alignfull clock-footer has-base-2-color has-text-color has-link-color wp-elements-9521b5bfabe7d654350b2828c1c562b1 is-content-justification-space-between is-nowrap is-layout-flex wp-container-core-group-is-layout-0dfbf163 wp-block-group-is-layout-flex\">\n<p class=\"clock\" id=\"paris-clock\">Paris, France <strong>\u2013 <\/strong><\/p>\n\n\n\n<p class=\"has-text-align-center alignwide position-bottom animate data-animate__fadeInUp has-base-2-color has-text-color has-link-color wp-elements-6c412cdff13bf430f3051448409dacb9\">Les r\u00eaves deviennent r\u00e9alit\u00e9. L'amour occupe le devant de la sc\u00e8ne.<\/p>\n\n\n\n<p class=\"phone map\"><a href=\"https:\/\/www.google.com\/maps\/place\/Kiss+Me+in+Paris+Proposals+%26+Weddings\/@48.869005,2.2831087,17z\/data=!3m1!4b1!4m6!3m5!1s0x47e66f84666f802f:0x7b03905155589b66!8m2!3d48.8690015!4d2.285689!16s%2Fg%2F11b6zqzn3k?ucbcb=1\" target=\"_blank\" data-type=\"link\" data-id=\"https:\/\/www.google.com\/maps\/place\/Kiss+Me+in+Paris+Proposals+%26+Weddings\/@48.869005,2.2831087,17z\/data=!3m1!4b1!4m6!3m5!1s0x47e66f84666f802f:0x7b03905155589b66!8m2!3d48.8690015!4d2.285689!16s%2Fg%2F11b6zqzn3k?ucbcb=1\" rel=\"noreferrer noopener\">Itin\u00e9raire<\/a><\/p>\n<\/div>\n<\/div><\/div>\n\n\n\n<div class=\"wp-block-group alignfull mt-0 mb-0 sec sec-content_0 pb-0 has-white-background-color has-background\"><div class=\"wp-block-group__inner-container is-layout-constrained wp-block-group-is-layout-constrained\">\n<div class=\"wp-block-columns summery is-layout-flex wp-container-core-columns-is-layout-9d6595d7 wp-block-columns-is-layout-flex\">\n<div class=\"wp-block-column is-layout-flow wp-block-column-is-layout-flow\">\n<h3 class=\"wp-block-heading\">\u00c0 propos de Chantelle Streete, cofondatrice et directrice g\u00e9n\u00e9rale<\/h3>\n\n\n\n<p>Nous concevons et r\u00e9alisons des propositions haut de gamme, des mariages \u00e0 destination et des \u00e9v\u00e9nements priv\u00e9s pour une client\u00e8le internationale se rendant \u00e0 Paris.<\/p>\n\n\n\n<div class=\"wp-block-group content sec pt-0 has-text-animation\"><div class=\"wp-block-group__inner-container is-layout-constrained wp-block-group-is-layout-constrained\">\n<p>Conception d&#039;exp\u00e9rience compl\u00e8te, pens\u00e9e autour de ses perceptions et de ses \u00e9motions. Cela inclut des propositions originales planifi\u00e9es de A \u00e0 Z, des mariages \u00e0 destination avec un suivi personnalis\u00e9 de la premi\u00e8re consultation au dernier toast, la conception de voyages priv\u00e9s pour les invit\u00e9s et les extensions VIP, ainsi que la coordination des s\u00e9ances photo et vid\u00e9o par notre marque s\u0153ur., <a href=\"https:\/\/photographer.paris\" target=\"_blank\" rel=\"noreferrer noopener\">Kiss Me in Paris Photographer<\/a>.<\/p>\n\n\n\n<p>Nous op\u00e9rons \u00e0 Paris, dans toute la France, sur la C\u00f4te d&#039;Azur, en Provence, dans les Alpes et dans certaines destinations internationales.<\/p>\n<\/div><\/div>\n\n\n\n<p>Chantelle Streete est la cofondatrice et directrice de l&#039;organisation de Kiss Me in Paris Proposals &amp; Weddings. Dipl\u00f4m\u00e9e de Wharton MBA et ancienne professionnelle de Wall Street, elle con\u00e7oit et organise des demandes en mariage, des mariages, des fugues amoureuses et des \u00e9v\u00e9nements priv\u00e9s de luxe pour une client\u00e8le internationale. Elle dirige la marque Kiss Me in Paris depuis 2013 et assure l&#039;organisation compl\u00e8te de ces \u00e9v\u00e9nements depuis 2017.<\/p>\n\n\n\n<p>Chantelle a organis\u00e9 plus de 1\u00a0200 c\u00e9l\u00e9brations sous la marque Kiss Me in Paris, des demandes en mariage intimes aux grands mariages et \u00e9v\u00e9nements priv\u00e9s. Son travail a \u00e9t\u00e9 pr\u00e9sent\u00e9 par des m\u00e9dias internationaux, notamment CNN, TF1, The Knot et French Wedding Style. Ses clients appr\u00e9cient sa communication transparente, son excellente gestion des partenariats et la qualit\u00e9 irr\u00e9prochable de son ex\u00e9cution, le tout en toute discr\u00e9tion, avec la possibilit\u00e9 de signer des accords de confidentialit\u00e9 sur demande.<\/p>\n\n\n\n<h3 class=\"wp-block-heading\">Confidentialit\u00e9 et inscription<\/h3>\n\n\n\n<p>La discr\u00e9tion est de rigueur. Des accords de confidentialit\u00e9 sont disponibles sur demande. Votre \u00e9v\u00e9nement reste sous la responsabilit\u00e9 de notre \u00e9quipe\u00a0; votre organisateur principal est la personne pr\u00e9sente sur place.<\/p>\n\n\n\n<p>Kiss Me in Paris (SARL) est une soci\u00e9t\u00e9 fran\u00e7aise immatricul\u00e9e au RCS de Paris (16e arrondissement) \u2013 SIREN 813 919 156.<\/p>\n<\/div>\n\n\n\n<div class=\"wp-block-column is-layout-flow wp-block-column-is-layout-flow\">\n<h3 class=\"wp-block-heading\">Notre \u00e9quipe de planification<\/h3>\n\n\n\n<p>Nous sommes une \u00e9quipe soud\u00e9e dirig\u00e9e par des planificateurs exp\u00e9riment\u00e9s. <a href=\"https:\/\/kissinparis.com\/fr\/chantelle\/\">Chantelle<\/a> Paula, \u00e9paul\u00e9e par les organisatrices principales Margaux, Nadia et Radima, g\u00e8re \u00e9galement les formules tout compris et assure la coordination le jour J. Chantelle est responsable de la strat\u00e9gie de planification.<\/p>\n\n\n\n<h3 class=\"wp-block-heading\">Conception de services de conciergerie et de voyages priv\u00e9s<\/h3>\n\n\n\n<p>Outre la planification, nous proposons un accompagnement personnalis\u00e9 gr\u00e2ce \u00e0 notre r\u00e9seau parisien\u00a0: conseils h\u00f4teliers, logistique, transferts VIP et organisation de vos d\u00e9placements \u00e0 Paris et en dehors. Ce service est con\u00e7u pour les clients qui souhaitent confier la gestion de leur \u00e9v\u00e9nement \u00e0 une seule et m\u00eame \u00e9quipe.<\/p>\n\n\n\n<h3 class=\"wp-block-heading\">Photographie<\/h3>\n\n\n\n<p>Les services de photographie sont assur\u00e9s par notre studio partenaire, Kiss Me in Paris Photographer, dirig\u00e9 par le cofondateur Cengiz Ozelsel. De nombreux clients optent pour la formule combinant planification et photographie afin de b\u00e9n\u00e9ficier d&#039;une coordination optimale, d&#039;un calendrier pr\u00e9cis et d&#039;un interlocuteur unique.<\/p>\n\n\n\n<h3 class=\"wp-block-heading\">Dans les m\u00e9dias<\/h3>\n\n\n\n<p>Kiss Me in Paris a \u00e9t\u00e9 pr\u00e9sent\u00e9 par Reuters et l&#039;AFP (via France 24) pour l&#039;essor des demandes en mariage de luxe et cin\u00e9matographiques \u00e0 Paris, mettant en lumi\u00e8re notre production de bout en bout et notre discr\u00e9tion.<br><\/p>\n\n\n\n<div class=\"wp-block-buttons is-layout-flex wp-block-buttons-is-layout-flex\">\n<div class=\"wp-block-button has-arrow\"><a class=\"wp-block-button__link wp-element-button\" href=\"https:\/\/kissinparis.com\/fr\/dans-les-medias\/\"><em>Consultez la couverture m\u00e9diatique<\/em><\/a><\/div>\n<\/div>\n<\/div>\n<\/div>\n<\/div><\/div>\n\n\n\n<div class=\"wp-block-group alignfull mt-0 mb-0 sec sec-team pt-0 has-white-background-color has-background\"><div class=\"wp-block-group__inner-container is-layout-constrained wp-block-group-is-layout-constrained\">\n<div class=\"wp-block-group alignwide mt-0 mb-0 sec pt-0 pb-0  sec-content has-white-background-color has-background\"><div class=\"wp-block-group__inner-container is-layout-constrained wp-block-group-is-layout-constrained\">\n<figure class=\"wp-block-image size-full\"><img loading=\"lazy\" decoding=\"async\" width=\"533\" height=\"800\" src=\"https:\/\/kissinparis.com\/wp-content\/uploads\/2023\/02\/Kiss-Me-in-Paris-owners.jpg\" alt=\"Propri\u00e9taires de Kiss Me in Paris\" class=\"wp-image-713\" srcset=\"https:\/\/kissinparis.com\/wp-content\/uploads\/2023\/02\/Kiss-Me-in-Paris-owners.jpg 533w, https:\/\/kissinparis.com\/wp-content\/uploads\/2023\/02\/Kiss-Me-in-Paris-owners-200x300.jpg 200w\" sizes=\"auto, (max-width: 533px) 100vw, 533px\" \/><figcaption class=\"wp-element-caption\">Propri\u00e9taires de Kiss Me in Paris, Chantelle et Cengiz.<\/figcaption><\/figure>\n\n\n\n<div style=\"height:50px\" aria-hidden=\"true\" class=\"wp-block-spacer\"><\/div>\n<\/div><\/div>\n\n\n\n<div class=\"wp-block-columns alignfull overview mt-40 pt-20 border-top targetDIV is-layout-flex wp-container-core-columns-is-layout-9d6595d7 wp-block-columns-is-layout-flex\">\n<div class=\"wp-block-column desktop-only is-layout-flow wp-block-column-is-layout-flow\" style=\"flex-basis:100%\"><\/div>\n\n\n\n<div class=\"wp-block-column is-layout-flow wp-block-column-is-layout-flow\" style=\"flex-basis:100%\">\n<p class=\"has-text-align-right full has-small-font-size\" style=\"text-transform:uppercase\"><\/p>\n<\/div>\n<\/div>\n\n\n\n<div class=\"wp-block-columns are-vertically-aligned-top navigator container-sm is-layout-flex wp-container-core-columns-is-layout-9d6595d7 wp-block-columns-is-layout-flex\">\n<div class=\"wp-block-column is-vertically-aligned-top is-layout-flow wp-block-column-is-layout-flow\">\n<h3 class=\"wp-block-heading has-text-align-center mb-15\">\u00c9quipe<\/h3>\n\n\n\n<p class=\"has-text-align-center\"><a href=\"https:\/\/kissinparis.com\/fr\/equipe-creative\/\">Rencontrer l'\u00e9quipe \u2192<\/a><\/p>\n<\/div>\n\n\n\n<div class=\"wp-block-column is-vertically-aligned-top is-layout-flow wp-block-column-is-layout-flow\">\n<h3 class=\"wp-block-heading has-text-align-center mb-15\">T\u00e9moignages<\/h3>\n\n\n\n<p class=\"has-text-align-center\"><a href=\"https:\/\/kissinparis.com\/fr\/avis\/\">Les avis de nos clients \u2192 <\/a><\/p>\n<\/div>\n<\/div>\n<\/div><\/div>","protected":false},"excerpt":{"rendered":"<p>About Chantelle Streete, Co-Founder &amp; Executive Planner We design and produce high-end proposals, destination weddings, and private events for international clients traveling to Paris. Full experience design\u2014built around what she sees and feels. That means original proposal concepts planned end-to-end, destination weddings with oversight from first consultation to final toast, private travel design for guest [&hellip;]<\/p>\n","protected":false},"author":35,"featured_media":6264,"parent":0,"menu_order":0,"comment_status":"closed","ping_status":"closed","template":"","meta":{"_acf_changed":false,"ub_ctt_via":"","footnotes":""},"class_list":["post-15","page","type-page","status-publish","has-post-thumbnail","hentry"],"acf":[],"featured_image_src":"https:\/\/kissinparis.com\/wp-content\/uploads\/2023\/03\/We-are-Kiss-Me-in-Paris.jpg","_links":{"self":[{"href":"https:\/\/kissinparis.com\/fr\/wp-json\/wp\/v2\/pages\/15","targetHints":{"allow":["GET"]}}],"collection":[{"href":"https:\/\/kissinparis.com\/fr\/wp-json\/wp\/v2\/pages"}],"about":[{"href":"https:\/\/kissinparis.com\/fr\/wp-json\/wp\/v2\/types\/page"}],"author":[{"embeddable":true,"href":"https:\/\/kissinparis.com\/fr\/wp-json\/wp\/v2\/users\/35"}],"replies":[{"embeddable":true,"href":"https:\/\/kissinparis.com\/fr\/wp-json\/wp\/v2\/comments?post=15"}],"version-history":[{"count":24,"href":"https:\/\/kissinparis.com\/fr\/wp-json\/wp\/v2\/pages\/15\/revisions"}],"predecessor-version":[{"id":29297,"href":"https:\/\/kissinparis.com\/fr\/wp-json\/wp\/v2\/pages\/15\/revisions\/29297"}],"wp:featuredmedia":[{"embeddable":true,"href":"https:\/\/kissinparis.com\/fr\/wp-json\/wp\/v2\/media\/6264"}],"wp:attachment":[{"href":"https:\/\/kissinparis.com\/fr\/wp-json\/wp\/v2\/media?parent=15"}],"curies":[{"name":"wp","href":"https:\/\/api.w.org\/{rel}","templated":true}]}}