{"id":20023,"date":"2025-05-02T11:50:46","date_gmt":"2025-05-02T11:50:46","guid":{"rendered":"https:\/\/kissinparis.com\/?page_id=20023"},"modified":"2026-02-20T13:45:25","modified_gmt":"2026-02-20T13:45:25","slug":"politique-confidentialite","status":"publish","type":"page","link":"https:\/\/kissinparis.com\/fr\/privacy-policy\/","title":{"rendered":"Politique de confidentialit\u00e9 | Demandes en mariage et mariages Kiss Me In Paris"},"content":{"rendered":"<div class=\"wp-block-group alignfull sec heror-section mt-0 mb-0 has-scroll-down has-background-color has-primary-background-color has-text-color has-background has-link-color wp-elements-cbd58c4a190c7636c73a8a194a918eea\"><div class=\"wp-block-group__inner-container is-layout-constrained wp-block-group-is-layout-constrained\">\n<h1 class=\"wp-block-heading alignwide has-text-align-left full has-background-color has-text-color has-link-color wp-elements-75cdb38b5350d0251bddeb49ad88849c\">Politique de confidentialit\u00e9<\/h1>\n<\/div><\/div>\n\n\n\n<div class=\"wp-block-group alignfull sec mt-0 mb-0\"><div class=\"wp-block-group__inner-container is-layout-constrained wp-block-group-is-layout-constrained\">\n<p><strong>Date d&#039;entr\u00e9e en vigueur :<\/strong> 2 mai 2025 <\/p>\n\n\n\n<p><strong>Propri\u00e9taire et responsable du traitement des donn\u00e9es :<\/strong> Kiss Me in Paris SARL, 78 Avenue Raymond Poincar\u00e9, 75016 Paris, France <\/p>\n\n\n\n<p><strong>Contact pour les questions de confidentialit\u00e9 :<\/strong>  <a href=\"mailto:support@kissinparis.com\">support@kissinparis.com<\/a><\/p>\n\n\n\n<p>Bonjour ! Chez Kiss Me in Paris, votre vie priv\u00e9e est primordiale. Nous ne collectons que les informations r\u00e9ellement n\u00e9cessaires pour vous offrir une exp\u00e9rience parisienne inoubliable et optimiser nos services. Voici en bref :<\/p>\n\n\n\n<h2 class=\"wp-block-heading\">\ud83d\udca1 <strong>Quelles donn\u00e9es personnelles nous collectons<\/strong><\/h2>\n\n\n\n<p>Pour nous aider \u00e0 planifier l&#039;\u00e9v\u00e9nement ou la s\u00e9ance photo de vos r\u00eaves, \u00e0 r\u00e9pondre \u00e0 vos demandes et \u00e0 g\u00e9rer notre site Web sans probl\u00e8me, nous pouvons collecter :<\/p>\n\n\n\n<ul class=\"wp-block-list\">\n<li><strong>Coordonn\u00e9es :<\/strong> Votre nom, votre adresse e-mail et votre num\u00e9ro de t\u00e9l\u00e9phone.<\/li>\n\n\n\n<li><strong>D\u00e9tails de l&#039;\u00e9v\u00e9nement :<\/strong> Informations sur l&#039;\u00e9v\u00e9nement souhait\u00e9 (type, date, nombre d&#039;invit\u00e9s), vos pr\u00e9f\u00e9rences et tous les besoins sp\u00e9cifiques que vous partagez avec nous lors de la planification (comme les besoins alimentaires pour la coordination de la restauration).<\/li>\n\n\n\n<li><strong>Informations sur la r\u00e9servation et le paiement :<\/strong> Adresse de facturation et d\u00e9tails de paiement (trait\u00e9s en toute s\u00e9curit\u00e9 via nos partenaires de paiement).<\/li>\n\n\n\n<li><strong>Communications :<\/strong> Enregistrements de nos e-mails et potentiellement notes d&#039;appels li\u00e9s \u00e0 votre \u00e9v\u00e9nement.<\/li>\n\n\n\n<li><strong>Informations techniques (avec votre consentement) :<\/strong> Adresse IP, donn\u00e9es de localisation g\u00e9n\u00e9rales, type de navigateur\/appareil via des cookies pour l&#039;analyse et la fonctionnalit\u00e9 du site Web (voir notre politique en mati\u00e8re de cookies !).<\/li>\n\n\n\n<li><strong>Photos et vid\u00e9os :<\/strong> Les belles images et vid\u00e9os captur\u00e9es lors de votre \u00e9v\u00e9nement ou s\u00e9ance photo (utilisation d\u00e9taill\u00e9e dans notre contrat et n\u00e9cessite votre consentement pour le marketing).<\/li>\n<\/ul>\n\n\n\n<p>Nous collectons ces informations directement aupr\u00e8s de vous via nos formulaires de site Web, nos e-mails, nos appels et nos questionnaires de planification.<\/p>\n\n\n\n<p>\ud83d\udd27 <strong>Comment et pourquoi nous utilisons vos informations (notre base juridique)<\/strong><\/p>\n\n\n\n<p>Nous utilisons vos donn\u00e9es sur la base de bases juridiques sp\u00e9cifiques en vertu du RGPD\u00a0:<\/p>\n\n\n\n<ul class=\"wp-block-list\">\n<li><strong>Pour remplir notre contrat avec vous :<\/strong> Planification et ex\u00e9cution de votre proposition, mariage, fugue ou s\u00e9ance photo ; communication avec vous et les fournisseurs ; traitement des paiements.<strong>Base juridique : ex\u00e9cution du contrat<\/strong>)<\/li>\n\n\n\n<li><strong>Avec votre consentement explicite :<\/strong> Envoi de communications marketing (si vous y consentez \u2013 ce n&#039;est pas le cas actuellement\u00a0!), placement de cookies d&#039;analyse et de marketing sur votre appareil (voir la Politique relative aux cookies). Vous pouvez retirer votre consentement \u00e0 tout moment.<strong>Base juridique : consentement<\/strong>)<\/li>\n\n\n\n<li><strong>Pour nos int\u00e9r\u00eats commerciaux l\u00e9gitimes :<\/strong> R\u00e9pondre \u00e0 vos demandes avant la conclusion d&#039;un contrat\u00a0; am\u00e9liorer notre site web et nos services\u00a0; tenir des registres internes\u00a0; et pr\u00e9venir la fraude. Nous \u00e9quilibrons toujours nos int\u00e9r\u00eats et vos droits.<strong>Base juridique : int\u00e9r\u00eats l\u00e9gitimes<\/strong>)<\/li>\n\n\n\n<li><strong>Pour se conformer aux obligations l\u00e9gales :<\/strong> Tenue des registres requis par la l\u00e9gislation fiscale et comptable fran\u00e7aise.<strong>Base juridique : obligation l\u00e9gale<\/strong>)<\/li>\n<\/ul>\n\n\n\n<p>Nous promettons <strong>pas de newsletters spamm\u00e9es<\/strong> \u00e0 moins que vous ne les demandiez sp\u00e9cifiquement !<\/p>\n\n\n\n<p>\ud83e\udd1d <strong>Avec qui partageons-nous vos donn\u00e9es<\/strong><\/p>\n\n\n\n<p>Pour que votre \u00e9v\u00e9nement ait lieu, nous avons parfois besoin de partager des d\u00e9tails n\u00e9cessaires avec des partenaires de confiance, toujours avec soin :<\/p>\n\n\n\n<ul class=\"wp-block-list\">\n<li><strong>Fournisseurs d&#039;\u00e9v\u00e9nements :<\/strong> Photographes, vid\u00e9astes, salles de spectacles, traiteurs, fleuristes, stylistes, musiciens, etc., mais uniquement les informations dont ils ont besoin pour effectuer leur prestation <em>ton<\/em> \u00e9v\u00e9nement.<\/li>\n\n\n\n<li><strong>Processeurs de paiement :<\/strong> Pour g\u00e9rer les paiements en toute s\u00e9curit\u00e9 (par exemple, Stripe, PayPal).<\/li>\n\n\n\n<li><strong>Fournisseurs de technologie :<\/strong> H\u00e9bergement de sites Web, stockage cloud (comme Google Drive), fournisseurs de messagerie \u00e9lectronique, outils d&#039;analyse (Google Analytics), plateformes marketing (Meta\/Facebook, LinkedIn) \u2013 <em>sous r\u00e9serve de votre consentement aux cookies, le cas \u00e9ch\u00e9ant<\/em>.<\/li>\n\n\n\n<li><strong>Conseillers juridiques\/professionnels :<\/strong> Si la loi l&#039;exige ou le rend n\u00e9cessaire.<\/li>\n<\/ul>\n\n\n\n<p>\ud83c\udf0d <strong>Transferts internationaux de donn\u00e9es<\/strong><\/p>\n\n\n\n<p>Certains de nos fournisseurs de technologies (comme Google, Meta\/Facebook et potentiellement des services de stockage cloud) sont bas\u00e9s hors de l&#039;Espace \u00e9conomique europ\u00e9en (EEE), principalement aux \u00c9tats-Unis. Lors du transfert de donn\u00e9es, nous nous appuyons sur des m\u00e9canismes approuv\u00e9s, tels que le Cadre de protection des donn\u00e9es UE-\u00c9tats-Unis ou les Clauses contractuelles types, ainsi que sur des mesures compl\u00e9mentaires, pour garantir une protection ad\u00e9quate de vos donn\u00e9es.<\/p>\n\n\n\n<p>\u23f3 <strong>Combien de temps conservons-nous vos informations ?<\/strong><\/p>\n\n\n\n<p>Nous conservons vos donn\u00e9es personnelles uniquement le temps n\u00e9cessaire \u00e0 la finalit\u00e9 de leur collecte, \u00e0 la fourniture de nos services et au respect des exigences l\u00e9gales (comme les r\u00e8gles comptables fran\u00e7aises, qui peuvent exiger la conservation des donn\u00e9es de transaction pendant plusieurs ann\u00e9es). Ensuite, elles sont supprim\u00e9es de mani\u00e8re s\u00e9curis\u00e9e.<\/p>\n\n\n\n<p>\ud83d\udd12 <strong>Prot\u00e9ger vos donn\u00e9es<\/strong><\/p>\n\n\n\n<p>Nous prenons la s\u00e9curit\u00e9 de vos donn\u00e9es au s\u00e9rieux et utilisons des mesures techniques et organisationnelles raisonnables (comme des serveurs s\u00e9curis\u00e9s, des contr\u00f4les d&#039;acc\u00e8s, un cryptage le cas \u00e9ch\u00e9ant) pour les prot\u00e9ger contre tout acc\u00e8s non autoris\u00e9, perte ou utilisation abusive.<\/p>\n\n\n\n<p id=\"data-deletion\">\u2728 <strong>Vos droits en mati\u00e8re de confidentialit\u00e9 (vous avez le contr\u00f4le\u00a0!)<\/strong><\/p>\n\n\n\n<p>En vertu du RGPD, vous disposez de droits concernant vos donn\u00e9es :<\/p>\n\n\n\n<ul class=\"wp-block-list\">\n<li><strong>Acc\u00e9der:<\/strong> Demandez une copie des donn\u00e9es que nous d\u00e9tenons \u00e0 votre sujet.<\/li>\n\n\n\n<li><strong>Rectification:<\/strong> Demandez-nous de corriger des donn\u00e9es inexactes ou incompl\u00e8tes.<\/li>\n\n\n\n<li><strong>Effacement (\u00ab Droit \u00e0 l&#039;oubli \u00bb) :<\/strong> Demander la suppression de vos donn\u00e9es, sous certaines conditions.<\/li>\n\n\n\n<li><strong>Restriction:<\/strong> Demandez-nous de limiter la mani\u00e8re dont nous utilisons vos donn\u00e9es, sous certaines conditions.<\/li>\n\n\n\n<li><strong>Portabilit\u00e9:<\/strong> Demander que vos donn\u00e9es soient transf\u00e9r\u00e9es \u00e0 vous ou \u00e0 un autre service dans un format utilisable, sous certaines conditions.<\/li>\n\n\n\n<li><span style=\"box-sizing: border-box; margin: 0px; padding: 0px;\"><strong>Objet:<\/strong>&nbsp;Vous opposer au traitement de vos donn\u00e9es sur la base d\u2019int\u00e9r\u00eats l\u00e9gitimes.<\/span><\/li>\n\n\n\n<li><strong>Retirer le consentement :<\/strong> Retirez \u00e0 tout moment votre consentement pour le traitement bas\u00e9 sur le consentement (comme les cookies marketing ou l&#039;utilisation d&#039;images de portfolio).<\/li>\n<\/ul>\n\n\n\n<p>\ud83d\udce9 <strong>Pour exercer vos droits,<\/strong> veuillez nous envoyer un e-mail \u00e0 <strong><a href=\"mailto:support@kissinparis.com\">support@kissinparis.com<\/a><\/strong>Nous vous r\u00e9pondrons conform\u00e9ment \u00e0 la loi. Vous avez \u00e9galement le droit de d\u00e9poser une r\u00e9clamation aupr\u00e8s de la CNIL (www.cnil.fr).<\/p>\n\n\n\n<p><em>Cette politique peut \u00eatre mise \u00e0 jour occasionnellement. Veuillez la consulter r\u00e9guli\u00e8rement pour obtenir la derni\u00e8re version.<\/em><\/p>\n<\/div><\/div>","protected":false},"excerpt":{"rendered":"<p>Privacy Policy Effective Date: May 2, 2025 Owner &amp; Data Controller: Kiss Me in Paris SARL, 78 Avenue Raymond Poincar\u00e9, 75016 Paris, France Contact for Privacy Matters: support@kissinparis.com Bonjour! At Kiss Me in Paris, your privacy is paramount. We only collect the information truly needed to craft your unforgettable Parisian experience and make our services [&hellip;]<\/p>\n","protected":false},"author":40,"featured_media":0,"parent":0,"menu_order":0,"comment_status":"closed","ping_status":"closed","template":"","meta":{"_acf_changed":false,"ub_ctt_via":"","footnotes":""},"class_list":["post-20023","page","type-page","status-publish","hentry"],"acf":[],"featured_image_src":null,"_links":{"self":[{"href":"https:\/\/kissinparis.com\/fr\/wp-json\/wp\/v2\/pages\/20023","targetHints":{"allow":["GET"]}}],"collection":[{"href":"https:\/\/kissinparis.com\/fr\/wp-json\/wp\/v2\/pages"}],"about":[{"href":"https:\/\/kissinparis.com\/fr\/wp-json\/wp\/v2\/types\/page"}],"author":[{"embeddable":true,"href":"https:\/\/kissinparis.com\/fr\/wp-json\/wp\/v2\/users\/40"}],"replies":[{"embeddable":true,"href":"https:\/\/kissinparis.com\/fr\/wp-json\/wp\/v2\/comments?post=20023"}],"version-history":[{"count":6,"href":"https:\/\/kissinparis.com\/fr\/wp-json\/wp\/v2\/pages\/20023\/revisions"}],"predecessor-version":[{"id":28558,"href":"https:\/\/kissinparis.com\/fr\/wp-json\/wp\/v2\/pages\/20023\/revisions\/28558"}],"wp:attachment":[{"href":"https:\/\/kissinparis.com\/fr\/wp-json\/wp\/v2\/media?parent=20023"}],"curies":[{"name":"wp","href":"https:\/\/api.w.org\/{rel}","templated":true}]}}