{"id":20031,"date":"2025-05-02T11:59:39","date_gmt":"2025-05-02T11:59:39","guid":{"rendered":"https:\/\/kissinparis.com\/?page_id=20031"},"modified":"2026-02-20T13:45:59","modified_gmt":"2026-02-20T13:45:59","slug":"conditions-utilisation","status":"publish","type":"page","link":"https:\/\/kissinparis.com\/fr\/terms-of-service\/","title":{"rendered":"Conditions d'utilisation"},"content":{"rendered":"<div class=\"wp-block-group alignfull sec heror-section mt-0 mb-0 has-scroll-down has-background-color has-primary-background-color has-text-color has-background has-link-color wp-elements-bed3a1231d28e1e6ee0ee751e8ef3f99\"><div class=\"wp-block-group__inner-container is-layout-constrained wp-block-group-is-layout-constrained\">\n<h1 class=\"wp-block-heading alignwide has-text-align-left full has-background-color has-text-color has-link-color wp-elements-c4321102cb035f8643bf507024481e3e\">Conditions d'utilisation<\/h1>\n<\/div><\/div>\n\n\n\n<div class=\"wp-block-group alignfull sec mt-0 mb-0\"><div class=\"wp-block-group__inner-container is-layout-constrained wp-block-group-is-layout-constrained\">\n<p>Bienvenue chez Kiss Me in Paris, o\u00f9 nous transformons vos r\u00eaves parisiens en r\u00e9alit\u00e9\u00a0! Veuillez lire ces conditions\u00a0: elles constituent la base de notre excellente collaboration lorsque vous r\u00e9servez nos services de planification ou de s\u00e9ance photo.<\/p>\n\n\n\n<p>\ud83c\uddeb\ud83c\uddf7 <strong>Notre accord<\/strong><\/p>\n\n\n\n<p>Les pr\u00e9sentes conditions g\u00e9n\u00e9rales, ainsi que votre proposition ou contrat sign\u00e9, constituent l&#039;accord entre vous (\u00ab\u00a0Client\u00a0\u00bb, \u00ab\u00a0Vous\u00a0\u00bb) et Kiss Me in Paris SARL (\u00ab\u00a0KMIP\u00a0\u00bb, \u00ab\u00a0Nous\u00a0\u00bb). Le pr\u00e9sent accord est r\u00e9gi par le droit fran\u00e7ais et tout litige sera tranch\u00e9 par les tribunaux de Paris.<\/p>\n\n\n\n<h2 class=\"wp-block-heading\">\ud83d\udc8d <strong>R\u00e9servation et paiements<\/strong><\/h2>\n\n\n\n<ul class=\"wp-block-list\">\n<li><strong>S\u00e9curiser votre date :<\/strong> Pr\u00eat \u00e0 cr\u00e9er de la magie\u00a0? Pour r\u00e9server officiellement nos services de planification ou de s\u00e9ance photo et r\u00e9server votre date, nous exigeons un contrat\/une proposition sign\u00e9(e) et une signature initiale. <strong>d\u00e9p\u00f4t<\/strong> (g\u00e9n\u00e9ralement 50% du montant total des honoraires, comme indiqu\u00e9 dans votre proposition). Ce paiement garantit notre disponibilit\u00e9 et nous permet de commencer les premiers travaux et consultations.<\/li>\n\n\n\n<li><strong>Remboursabilit\u00e9 :<\/strong> Veuillez vous r\u00e9f\u00e9rer \u00e0 la <strong>\u00ab Annulations et remboursements \u00bb<\/strong> section ci-dessous pour les conditions d\u00e9taill\u00e9es concernant le remboursement des paiements, qui diff\u00e8rent entre les services de planification et les s\u00e9ances photo.<\/li>\n\n\n\n<li><strong>Paiement final :<\/strong> Le solde restant est d\u00fb avant ou le jour de votre s\u00e9ance photo ou \u00e9v\u00e9nement, selon le calendrier d\u00e9crit dans votre contrat sp\u00e9cifique.<\/li>\n\n\n\n<li><strong>Modes de paiement :<\/strong> Les modes de paiement accept\u00e9s (g\u00e9n\u00e9ralement virement bancaire ou paiement s\u00e9curis\u00e9 en ligne) et leurs d\u00e9tails seront indiqu\u00e9s dans votre devis\/facture. Tous les prix sont g\u00e9n\u00e9ralement indiqu\u00e9s en euros (\u20ac).<\/li>\n<\/ul>\n\n\n\n<p>\u274c <strong>Annulations et remboursements<\/strong><\/p>\n\n\n\n<p>Nous investissons beaucoup de temps et d&#039;engagement d\u00e8s votre r\u00e9servation. Nous comprenons que vos projets peuvent changer\u00a0; veuillez donc consulter attentivement les conditions d&#039;annulation sp\u00e9cifiques aux services que vous avez r\u00e9serv\u00e9s\u00a0:<\/p>\n\n\n\n<p><strong>Politique d&#039;annulation des services de planification<\/strong><\/p>\n\n\n\n<ul class=\"wp-block-list\">\n<li><strong>Strictement non remboursable :<\/strong> En raison de la nature extensive de la planification d&#039;\u00e9v\u00e9nements, de la coordination des fournisseurs, de la s\u00e9curisation des lieux et de la prise d&#039;engagements financiers en votre nom, souvent des mois, voire des ann\u00e9es \u00e0 l&#039;avance, <strong>tous les paiements explicitement effectu\u00e9s pour les services de planification (y compris l&#039;acompte\/l&#039;acompte initial et tous les versements ult\u00e9rieurs) sont strictement non remboursables<\/strong> \u00e0 partir du moment o\u00f9 ils sont pay\u00e9s.<\/li>\n\n\n\n<li>Cela s&#039;applique quelle que soit la raison de l&#039;annulation ou le d\u00e9lai \u00e0 l&#039;avance, car notre travail d\u00e9di\u00e9 \u00e0 votre \u00e9v\u00e9nement sur mesure commence imm\u00e9diatement apr\u00e8s la r\u00e9servation.<\/li>\n<\/ul>\n\n\n\n<p><strong>Politique d&#039;annulation pour les s\u00e9ances photo<\/strong><\/p>\n\n\n\n<ul class=\"wp-block-list\">\n<li><strong>Annulations effectu\u00e9es PLUS de 10 jours ouvrables complets AVANT<\/strong> votre date de s\u00e9ance photo pr\u00e9vue : Vous recevrez un <strong>remboursement int\u00e9gral<\/strong> du montant total pay\u00e9 sp\u00e9cifiquement pour la s\u00e9ance photo, <strong>moins des frais administratifs 10%.<\/strong> (Ces frais sont calcul\u00e9s sur la base de la valeur totale de la r\u00e9servation initiale de la s\u00e9ance photo.)<\/li>\n\n\n\n<li><strong>Annulations effectu\u00e9es 10 jours ouvrables complets ou MOINS AVANT<\/strong> votre date de s\u00e9ance photo pr\u00e9vue : Les paiements explicitement effectu\u00e9s pour la s\u00e9ance photo sont <strong>non remboursable<\/strong> \u00e0 ce point.<\/li>\n<\/ul>\n\n\n\n<p><strong>Conditions g\u00e9n\u00e9rales (applicables \u00e0 tous les services)<\/strong><\/p>\n\n\n\n<ul class=\"wp-block-list\">\n<li><strong>Absences et probl\u00e8mes de derni\u00e8re minute\u00a0:<\/strong> Aucun remboursement ne sera accord\u00e9 en cas de non-pr\u00e9sentation ou d&#039;annulation survenant dans les 10 jours ouvrables complets suivant la date de service\/l&#039;heure de d\u00e9but de l&#039;\u00e9v\u00e9nement pr\u00e9vue en raison de circonstances, y compris (mais sans s&#039;y limiter) : probl\u00e8mes m\u00e9t\u00e9orologiques \ud83c\udf27\ufe0f, retards\/annulations de vol \u2708\ufe0f, gr\u00e8ves, pand\u00e9mies, restrictions gouvernementales, grossesse, probl\u00e8mes de sant\u00e9, changements d&#039;avis, changements relationnels, etc.<\/li>\n\n\n\n<li><strong>Annulation du KMIP (Force Majeure) :<\/strong> Dans le cas extr\u00eamement rare o\u00f9 KMIP ne pourrait pas ex\u00e9cuter les services convenus en raison de circonstances impr\u00e9vues totalement ind\u00e9pendantes de notre volont\u00e9 (cas de force majeure d\u00e9clar\u00e9s selon la loi fran\u00e7aise, maladie invalidante emp\u00eachant la prestation des services), nous vous en informerons imm\u00e9diatement. Notre responsabilit\u00e9 se limitera au remboursement des paiements effectu\u00e9s directement. <em>\u00e0 KMIP<\/em> Pour les services sp\u00e9cifiques que nous ne pouvons pas fournir, conform\u00e9ment \u00e0 la l\u00e9gislation fran\u00e7aise applicable. Nous nous efforcerons de vous aider \u00e0 trouver d&#039;autres solutions, mais cela ne peut \u00eatre garanti.<\/li>\n\n\n\n<li><strong>Reprogrammation :<\/strong> Bien que nous fassions toujours preuve de flexibilit\u00e9, les demandes de report sont soumises \u00e0 nos disponibilit\u00e9s et peuvent entra\u00eener des frais suppl\u00e9mentaires. Le report n&#039;est pas garanti et ne remplace pas les conditions d&#039;annulation en vigueur. <em>original<\/em> date r\u00e9serv\u00e9e.<\/li>\n<\/ul>\n\n\n\n<p>\ud83d\udcf8 <strong>Livrables et utilisation des images<\/strong><\/p>\n\n\n\n<ul class=\"wp-block-list\">\n<li><strong>Ce que vous obtenez :<\/strong> Pour les s\u00e9ances photo\/\u00e9v\u00e9nements avec photographie\/vid\u00e9ographie, nous livrons des fichiers num\u00e9riques haute r\u00e9solution (images retouch\u00e9es, \u00e9ventuellement des s\u00e9quences cl\u00e9s non retouch\u00e9es si convenu) via une galerie en ligne s\u00e9curis\u00e9e ou par transfert. Aucun produit physique (tirages, albums) n&#039;est inclus, sauf mention contraire dans votre contrat.<\/li>\n\n\n\n<li><strong>Droits d&#039;utilisation :<\/strong> Vous recevez une licence pour <strong>usage personnel<\/strong> de vos images\/vid\u00e9os (partage avec vos proches, r\u00e9seaux sociaux personnels, impression personnelle). Toute utilisation commerciale est interdite sans autorisation \u00e9crite pr\u00e9alable.<\/li>\n\n\n\n<li><strong>Droits d&#039;auteur :<\/strong> Le photographe\/vid\u00e9aste conserve les droits d\u2019auteur sur les images\/vid\u00e9os cr\u00e9\u00e9es.<\/li>\n\n\n\n<li><strong>Utilisation du portefeuille KMIP\u00a0:<\/strong> Nous aimons pr\u00e9senter notre travail\u00a0! Nous pouvons vous demander votre autorisation (par le biais d&#039;une clause distincte dans votre contrat ou d&#039;une autorisation de mod\u00e8le) pour utiliser certaines images\/vid\u00e9os de votre \u00e9v\u00e9nement\/shooting sur notre site web, nos r\u00e9seaux sociaux et nos supports promotionnels. <strong>Nous ne les utiliserons qu&#039;avec votre consentement \u00e9crit explicite.<\/strong><\/li>\n<\/ul>\n\n\n\n<p>\ud83e\udd1d <strong>Notre r\u00f4le et nos responsabilit\u00e9s<\/strong><\/p>\n\n\n\n<ul class=\"wp-block-list\">\n<li><strong>KMIP :<\/strong> Nous nous engageons \u00e0 fournir les services de planification, de coordination ou de photographie d\u00e9crits dans votre contrat sp\u00e9cifique avec comp\u00e9tence et soin professionnels.<\/li>\n\n\n\n<li><strong>Client:<\/strong> Nous comptons sur vous pour une communication rapide, la fourniture d\u2019informations pr\u00e9cises, la prise rapide des d\u00e9cisions\/approbations n\u00e9cessaires et le respect du calendrier de paiement.<\/li>\n\n\n\n<li><strong>Fournisseurs tiers :<\/strong> En tant qu&#039;organisateurs, nous coordonnons nos activit\u00e9s avec divers prestataires ind\u00e9pendants (salles, traiteurs, etc.). Bien que nous s\u00e9lectionnions et recommandions des partenaires r\u00e9put\u00e9s, nous ne pouvons \u00eatre tenus responsables des performances, des d\u00e9faillances ou des actions sp\u00e9cifiques de ces entreprises tierces. Notre r\u00f4le est de coordonner et de planifier.<\/li>\n<\/ul>\n\n\n\n<p>\ud83d\udc68\u200d\ud83d\udc69\u200d\ud83d\udc67 <strong>Mineurs<\/strong><\/p>\n\n\n\n<p>Nous pouvons photographier des mineurs dans le cadre de s\u00e9ances ou d&#039;\u00e9v\u00e9nements familiaux, n\u00e9cessitant toujours l&#039;autorisation d&#039;un parent ou d&#039;un tuteur l\u00e9gal, qui devrait id\u00e9alement \u00eatre pr\u00e9sent pendant la s\u00e9ance.<\/p>\n\n\n\n<p>\ud83d\udee1\ufe0f <strong>Limites de responsabilit\u00e9<\/strong><\/p>\n\n\n\n<p>Sauf lorsque la loi fran\u00e7aise l&#039;interdit, la responsabilit\u00e9 de KMIP est limit\u00e9e. Nous d\u00e9clinons toute responsabilit\u00e9 en cas de circonstances ind\u00e9pendantes de notre volont\u00e9, notamment les catastrophes naturelles, les intemp\u00e9ries, les gr\u00e8ves, les probl\u00e8mes de transport ou les circonstances personnelles du client (maladie, vols manqu\u00e9s, etc.). Notre responsabilit\u00e9 totale li\u00e9e aux services fournis ne d\u00e9passera pas le montant total des honoraires que vous avez pay\u00e9s \u00e0 KMIP pour ces services sp\u00e9cifiques.<\/p>\n\n\n\n<p><em>Des questions sur ces conditions\u00a0? N&#039;h\u00e9sitez pas \u00e0 les poser avant de r\u00e9server\u00a0! <a href=\"https:\/\/kissinparis.com\/fr\/contact-succes\/\">Vous pouvez nous contacter ici<\/a> ou envoyez-nous un e-mail \u00e0 support@kissinparis.com.<\/em><\/p>\n<\/div><\/div>\n\n\n\n<p><\/p>","protected":false},"excerpt":{"rendered":"<p>Terms of Service Welcome to Kiss Me in Paris, where we turn Parisian dreams into reality! Please read these terms \u2013 they form the basis of our fantastic working relationship when you book our planning or photoshoot services. \ud83c\uddeb\ud83c\uddf7 Our Agreement These terms, along with your signed proposal or contract, form the agreement between you [&hellip;]<\/p>\n","protected":false},"author":40,"featured_media":0,"parent":0,"menu_order":0,"comment_status":"closed","ping_status":"closed","template":"","meta":{"_acf_changed":false,"ub_ctt_via":"","footnotes":""},"class_list":["post-20031","page","type-page","status-publish","hentry"],"acf":[],"featured_image_src":null,"_links":{"self":[{"href":"https:\/\/kissinparis.com\/fr\/wp-json\/wp\/v2\/pages\/20031","targetHints":{"allow":["GET"]}}],"collection":[{"href":"https:\/\/kissinparis.com\/fr\/wp-json\/wp\/v2\/pages"}],"about":[{"href":"https:\/\/kissinparis.com\/fr\/wp-json\/wp\/v2\/types\/page"}],"author":[{"embeddable":true,"href":"https:\/\/kissinparis.com\/fr\/wp-json\/wp\/v2\/users\/40"}],"replies":[{"embeddable":true,"href":"https:\/\/kissinparis.com\/fr\/wp-json\/wp\/v2\/comments?post=20031"}],"version-history":[{"count":4,"href":"https:\/\/kissinparis.com\/fr\/wp-json\/wp\/v2\/pages\/20031\/revisions"}],"predecessor-version":[{"id":28556,"href":"https:\/\/kissinparis.com\/fr\/wp-json\/wp\/v2\/pages\/20031\/revisions\/28556"}],"wp:attachment":[{"href":"https:\/\/kissinparis.com\/fr\/wp-json\/wp\/v2\/media?parent=20031"}],"curies":[{"name":"wp","href":"https:\/\/api.w.org\/{rel}","templated":true}]}}