{"id":20032,"date":"2025-05-02T11:58:48","date_gmt":"2025-05-02T11:58:48","guid":{"rendered":"https:\/\/kissinparis.com\/?page_id=20032"},"modified":"2026-02-20T13:46:42","modified_gmt":"2026-02-20T13:46:42","slug":"politique-cookies","status":"publish","type":"page","link":"https:\/\/kissinparis.com\/fr\/cookie-policy\/","title":{"rendered":"Politique de cookies"},"content":{"rendered":"<div class=\"wp-block-group alignfull sec heror-section mt-0 mb-0 has-scroll-down has-background-color has-primary-background-color has-text-color has-background has-link-color wp-elements-1316ceccd1c5a1c713608d96d7a24773\"><div class=\"wp-block-group__inner-container is-layout-constrained wp-block-group-is-layout-constrained\">\n<h1 class=\"wp-block-heading alignwide has-text-align-left full has-background-color has-text-color has-link-color wp-elements-5bfd07e11c315872cfe257447c873d90\">Politique de cookies<\/h1>\n<\/div><\/div>\n\n\n\n<div class=\"wp-block-group alignfull sec mt-0 mb-0\"><div class=\"wp-block-group__inner-container is-layout-constrained wp-block-group-is-layout-constrained\">\n<p>Cette page explique comment Kiss Me in Paris utilise les cookies sur kissinparis.com et quels choix vous pouvez faire.<\/p>\n\n\n\n<p><strong>Quels sont les cookies ?<\/strong><\/p>\n\n\n\n<p>Les cookies sont de petits fichiers texte enregistr\u00e9s sur votre appareil lorsque vous consultez un site web. Ils permettent au site de m\u00e9moriser vos pr\u00e9f\u00e9rences, de fonctionner correctement et nous fournissent des informations sur la fa\u00e7on dont les visiteurs utilisent le site.<\/p>\n\n\n\n<p><strong>Cookies que nous utilisons<\/strong><\/p>\n\n\n\n<p><em>Cookies strictement n\u00e9cessaires<\/em> Ces cookies permettent au site de fonctionner correctement \u2014 ils m\u00e9morisent par exemple votre choix concernant les cookies et maintiennent votre session. Ils ne n\u00e9cessitent pas votre consentement et ne peuvent pas \u00eatre d\u00e9sactiv\u00e9s.<\/p>\n\n\n\n<p><em>Cookies analytiques (n\u00e9cessitent votre consentement)<\/em> Nous utilisons Google Analytics pour comprendre quelles pages les visiteurs consultent le plus et comment ils naviguent sur le site. Ces donn\u00e9es sont anonymis\u00e9es et nous aident \u00e0 am\u00e9liorer l&#039;exp\u00e9rience utilisateur. Ces cookies ne sont install\u00e9s qu&#039;avec votre consentement.<\/p>\n\n\n\n<p><em>Cookies marketing (n\u00e9cessitent votre consentement)<\/em> Nous utilisons le pixel Meta (Facebook) et la balise LinkedIn Insight pour mesurer l&#039;efficacit\u00e9 de nos publicit\u00e9s et cibler les clients potentiels. Ces cookies ne sont d\u00e9pos\u00e9s qu&#039;avec votre consentement. Le cas \u00e9ch\u00e9ant, les cookies li\u00e9s aux outils int\u00e9gr\u00e9s, comme la messagerie WhatsApp, peuvent \u00e9galement \u00eatre concern\u00e9s.<\/p>\n\n\n\n<p><strong>Vos choix<\/strong><\/p>\n\n\n\n<p>Lors de votre premi\u00e8re visite sur le site, une banni\u00e8re de consentement s&#039;affichera. Vous pourrez alors accepter tous les cookies, refuser les cookies non essentiels ou choisir les cat\u00e9gories que vous souhaitez autoriser.<\/p>\n\n\n\n<p>Vous avez chang\u00e9 d&#039;avis\u00a0? Vous pouvez modifier vos pr\u00e9f\u00e9rences \u00e0 tout moment dans les param\u00e8tres de votre navigateur. La plupart des navigateurs vous permettent de consulter, g\u00e9rer et supprimer les cookies individuellement. Consultez la section d&#039;aide de votre navigateur pour obtenir des instructions sp\u00e9cifiques.<\/p>\n\n\n\n<p><strong>Questions<\/strong> <\/p>\n\n\n\n<p>Pour toute question relative aux cookies ou \u00e0 la protection des donn\u00e9es, veuillez nous contacter \u00e0 l&#039;adresse suivante\u00a0: <em><a href=\"mailto:support@kissinparis.com\">support@kissinparis.com<\/a><\/em> ou consultez notre politique de confidentialit\u00e9 compl\u00e8te.<\/p>\n<\/div><\/div>","protected":false},"excerpt":{"rendered":"<p>Cookie Policy This page explains how Kiss Me in Paris uses cookies on kissinparis.com and what choices you have. What cookies are Cookies are small text files stored on your device when you visit a website. They help the site remember your preferences, function properly, and give us insight into how visitors use the site. [&hellip;]<\/p>\n","protected":false},"author":40,"featured_media":0,"parent":0,"menu_order":0,"comment_status":"closed","ping_status":"closed","template":"","meta":{"_acf_changed":false,"ub_ctt_via":"","footnotes":""},"class_list":["post-20032","page","type-page","status-publish","hentry"],"acf":[],"featured_image_src":null,"_links":{"self":[{"href":"https:\/\/kissinparis.com\/fr\/wp-json\/wp\/v2\/pages\/20032","targetHints":{"allow":["GET"]}}],"collection":[{"href":"https:\/\/kissinparis.com\/fr\/wp-json\/wp\/v2\/pages"}],"about":[{"href":"https:\/\/kissinparis.com\/fr\/wp-json\/wp\/v2\/types\/page"}],"author":[{"embeddable":true,"href":"https:\/\/kissinparis.com\/fr\/wp-json\/wp\/v2\/users\/40"}],"replies":[{"embeddable":true,"href":"https:\/\/kissinparis.com\/fr\/wp-json\/wp\/v2\/comments?post=20032"}],"version-history":[{"count":6,"href":"https:\/\/kissinparis.com\/fr\/wp-json\/wp\/v2\/pages\/20032\/revisions"}],"predecessor-version":[{"id":29443,"href":"https:\/\/kissinparis.com\/fr\/wp-json\/wp\/v2\/pages\/20032\/revisions\/29443"}],"wp:attachment":[{"href":"https:\/\/kissinparis.com\/fr\/wp-json\/wp\/v2\/media?parent=20032"}],"curies":[{"name":"wp","href":"https:\/\/api.w.org\/{rel}","templated":true}]}}