{"id":24446,"date":"2025-06-11T14:07:27","date_gmt":"2025-06-11T14:07:27","guid":{"rendered":"https:\/\/kissinparis.com\/?page_id=24446"},"modified":"2025-10-14T14:41:03","modified_gmt":"2025-10-14T14:41:03","slug":"services-photographie","status":"publish","type":"page","link":"https:\/\/kissinparis.com\/fr\/photography-services\/","title":{"rendered":"Photographe \u00e0 Paris \u2013 Services &amp; R\u00e9servation"},"content":{"rendered":"<div class=\"wp-block-group alignfull sec full-width pt-0 pb-0 mt-0 mb-0 bg-transition-light has-background-color has-primary-background-color has-text-color has-background has-link-color wp-elements-51b961eee554e4a2f3346ca8ed491149\"><div class=\"wp-block-group__inner-container is-layout-constrained wp-block-group-is-layout-constrained\">\n<div class=\"wp-block-group alignfull sec heror-section full-width mt-0 mb-0 has-scroll-down\"><div class=\"wp-block-group__inner-container is-layout-constrained wp-block-group-is-layout-constrained\">\n<div class=\"wp-block-columns alignfull summery is-layout-flex wp-container-core-columns-is-layout-9d6595d7 wp-block-columns-is-layout-flex\">\n<div class=\"wp-block-column is-layout-flow wp-block-column-is-layout-flow\">\n<h1 class=\"wp-block-heading has-text-align-left full has-background-color has-text-color has-link-color wp-elements-8e7693a238f097bf798f8998f9c80baa\">Photographie \u00e0 Paris : le hub<\/h1>\n\n\n\n<h2 class=\"wp-block-heading mt-0 has-large-font-size\">Votre point de d\u00e9part pour portfolios, tarifs et guides \u2014 demande, mariage, famille, portrait &amp; boudoir.<\/h2>\n\n\n\n<div class=\"wp-block-buttons is-layout-flex wp-block-buttons-is-layout-flex\">\n<div class=\"wp-block-button\"><a class=\"wp-block-button__link has-primary-color has-background-background-color has-text-color has-background has-link-color wp-element-button\" href=\"https:\/\/kissinparis.com\/fr\/reserver\/\">R\u00e9server une s\u00e9ance photo<\/a><\/div>\n<\/div>\n<\/div>\n\n\n\n<div class=\"wp-block-column lead is-layout-flow wp-block-column-is-layout-flow\">\n<p>Trouvez le bon photographe pour vos images \u00e0 Paris\u2014plus de 5 000 s\u00e9ances depuis 2013. Notre \u00e9quipe anglophone bas\u00e9e \u00e0 Paris propose demande en mariage, reportage de mariage, s\u00e9ance couple, portraits de famille, boudoir et vid\u00e9ographie professionnelle. Consultez les portfolios, la disponibilit\u00e9 et des tarifs clairs.<\/p>\n<\/div>\n<\/div>\n<\/div><\/div>\n\n\n\n<div class=\"wp-block-group alignfull mt-0 mb-0 sec sec-fullwidth sec-packages sec-sm-pt\" id=\"services\"><div class=\"wp-block-group__inner-container is-layout-constrained wp-block-group-is-layout-constrained\">\n<div class=\"filters v2 mt-0 mb-0 alignfull\"><\/div><div id=\"all-items\" class=\"is-layout-flex wp-block-columns works filtarable boxes v2 alignfull\"><div class=\"is-layout-flow wp-block-column work all\" data-price=\"\"><a href=\"https:\/\/kissinparis.com\/fr\/demande-en-mariage-paris\/photographe\/\"  title=\"Photographie de Demande en Mariage\" aria-label=\"Photographie de Demande en Mariage\"><figure class=\"wp-block-image size-full\"><img loading=\"lazy\" decoding=\"async\" width=\"2000\" height=\"1333\" src=\"https:\/\/kissinparis.com\/wp-content\/uploads\/2025\/06\/paris-proposal-ideas-eiffel-tower-trocadero-sunrise-violinist-fireworks.webp\" class=\"figure figure-1\" alt=\"Id\u00e9es de demande en mariage \u00e0 Paris au Trocad\u00e9ro avec la Tour Eiffel au lever du soleil, demande en mariage d&#039;un homme avec un violoniste et des fontaines de feu d&#039;artifice, arrangements floraux \u00e9l\u00e9gants.\" title=\"Photographie de Demande en Mariage\" srcset=\"https:\/\/kissinparis.com\/wp-content\/uploads\/2025\/06\/paris-proposal-ideas-eiffel-tower-trocadero-sunrise-violinist-fireworks.webp 2000w, https:\/\/kissinparis.com\/wp-content\/uploads\/2025\/06\/paris-proposal-ideas-eiffel-tower-trocadero-sunrise-violinist-fireworks-300x200.webp 300w, https:\/\/kissinparis.com\/wp-content\/uploads\/2025\/06\/paris-proposal-ideas-eiffel-tower-trocadero-sunrise-violinist-fireworks-1024x682.webp 1024w, https:\/\/kissinparis.com\/wp-content\/uploads\/2025\/06\/paris-proposal-ideas-eiffel-tower-trocadero-sunrise-violinist-fireworks-768x512.webp 768w, https:\/\/kissinparis.com\/wp-content\/uploads\/2025\/06\/paris-proposal-ideas-eiffel-tower-trocadero-sunrise-violinist-fireworks-1536x1024.webp 1536w, https:\/\/kissinparis.com\/wp-content\/uploads\/2025\/06\/paris-proposal-ideas-eiffel-tower-trocadero-sunrise-violinist-fireworks-1200x800.webp 1200w, https:\/\/kissinparis.com\/wp-content\/uploads\/2025\/06\/paris-proposal-ideas-eiffel-tower-trocadero-sunrise-violinist-fireworks-1980x1320.webp 1980w\" sizes=\"auto, (max-width: 2000px) 100vw, 2000px\" \/><\/figure><div class=\"wp-block-group caption is-vertical is-layout-flex wp-container-core-group-layout-5 wp-block-group-is-layout-flex\"><h3 class=\"full\">Photographie de Demande en Mariage<\/h3><p class=\"full\">Reportage discret de votre demande en mariage, coordination incluse.<\/p><\/div><\/a><\/div><div class=\"is-layout-flow wp-block-column work all\" data-price=\"\"><a href=\"https:\/\/kissinparis.com\/fr\/seance-photo-couple-paris\/\"  title=\"Photographie de Couple\" aria-label=\"Photographie de Couple\"><figure class=\"wp-block-image size-full\"><img loading=\"lazy\" decoding=\"async\" width=\"1600\" height=\"1067\" src=\"https:\/\/kissinparis.com\/wp-content\/uploads\/2025\/06\/paris-photoshoot-cafe-couple-pre-wedding-laduree-macarons-blue-suit.webp\" class=\"figure figure-1\" alt=\"Couple \u00e9l\u00e9gant lors d&#039;une s\u00e9ance photo dans un caf\u00e9 parisien - le mari\u00e9 en costume bleu avec n\u0153ud papillon, la mari\u00e9e en robe de mari\u00e9e avec des macarons Laduree et des cappuccinos.\" title=\"Photographie de Couple\" srcset=\"https:\/\/kissinparis.com\/wp-content\/uploads\/2025\/06\/paris-photoshoot-cafe-couple-pre-wedding-laduree-macarons-blue-suit.webp 1600w, https:\/\/kissinparis.com\/wp-content\/uploads\/2025\/06\/paris-photoshoot-cafe-couple-pre-wedding-laduree-macarons-blue-suit-300x200.webp 300w, https:\/\/kissinparis.com\/wp-content\/uploads\/2025\/06\/paris-photoshoot-cafe-couple-pre-wedding-laduree-macarons-blue-suit-1024x683.webp 1024w, https:\/\/kissinparis.com\/wp-content\/uploads\/2025\/06\/paris-photoshoot-cafe-couple-pre-wedding-laduree-macarons-blue-suit-768x512.webp 768w, https:\/\/kissinparis.com\/wp-content\/uploads\/2025\/06\/paris-photoshoot-cafe-couple-pre-wedding-laduree-macarons-blue-suit-1536x1024.webp 1536w, https:\/\/kissinparis.com\/wp-content\/uploads\/2025\/06\/paris-photoshoot-cafe-couple-pre-wedding-laduree-macarons-blue-suit-1200x800.webp 1200w\" sizes=\"auto, (max-width: 1600px) 100vw, 1600px\" \/><\/figure><div class=\"wp-block-group caption is-vertical is-layout-flex wp-container-core-group-layout-5 wp-block-group-is-layout-flex\"><h3 class=\"full\">Photographie de Couple<\/h3><p class=\"full\">S\u00e9ances photo conviviales et d\u00e9tendues pour les couples \u2013 anniversaires, fian\u00e7ailles, avant-mariage ou juste pour le plaisir.<\/p><\/div><\/a><\/div><div class=\"is-layout-flow wp-block-column work all\" data-price=\"\"><a href=\"https:\/\/kissinparis.com\/fr\/guide-mariage-paris\/photographe\/\"  title=\"Photographie de Mariage\" aria-label=\"Photographie de Mariage\"><figure class=\"wp-block-image size-full\"><img loading=\"lazy\" decoding=\"async\" width=\"1800\" height=\"1200\" src=\"https:\/\/kissinparis.com\/wp-content\/uploads\/2023\/06\/Luxury-Paris-wedding-photographer.jpg\" class=\"figure figure-1\" alt=\"Photographe de mariage de luxe \u00e0 Paris\" title=\"Photographie de Mariage\" srcset=\"https:\/\/kissinparis.com\/wp-content\/uploads\/2023\/06\/Luxury-Paris-wedding-photographer.jpg 1800w, https:\/\/kissinparis.com\/wp-content\/uploads\/2023\/06\/Luxury-Paris-wedding-photographer-300x200.jpg 300w, https:\/\/kissinparis.com\/wp-content\/uploads\/2023\/06\/Luxury-Paris-wedding-photographer-1024x683.jpg 1024w, https:\/\/kissinparis.com\/wp-content\/uploads\/2023\/06\/Luxury-Paris-wedding-photographer-768x512.jpg 768w, https:\/\/kissinparis.com\/wp-content\/uploads\/2023\/06\/Luxury-Paris-wedding-photographer-1536x1024.jpg 1536w, https:\/\/kissinparis.com\/wp-content\/uploads\/2023\/06\/Luxury-Paris-wedding-photographer-1200x800.jpg 1200w\" sizes=\"auto, (max-width: 1800px) 100vw, 1800px\" \/><\/figure><div class=\"wp-block-group caption is-vertical is-layout-flex wp-container-core-group-layout-5 wp-block-group-is-layout-flex\"><h3 class=\"full\">Photographie de Mariage<\/h3><p class=\"full\">Reportage complet de la journ\u00e9e par notre \u00e9quipe de photographes de mariage prim\u00e9e.<\/p><\/div><\/a><\/div><div class=\"is-layout-flow wp-block-column work all\" data-price=\"\"><a href=\"https:\/\/kissinparis.com\/fr\/photographie-boudoir-paris\/\"  title=\"Photographie Boudoir\" aria-label=\"Photographie Boudoir\"><figure class=\"wp-block-image size-full\"><img loading=\"lazy\" decoding=\"async\" width=\"1600\" height=\"1067\" src=\"https:\/\/kissinparis.com\/wp-content\/uploads\/2025\/05\/paris-boudoir-photography-luxury-haussmann-studio-chess-scene.webp\" class=\"figure figure-1\" alt=\"S\u00e9ance boudoir ludique et discr\u00e8te dans notre studio de Paris Haussmann : une femme tient un accessoire de cigarette sur un \u00e9chiquier, la lumi\u00e8re douce de la fen\u00eatre accentuant ses contours.\" title=\"Photographie Boudoir\" srcset=\"https:\/\/kissinparis.com\/wp-content\/uploads\/2025\/05\/paris-boudoir-photography-luxury-haussmann-studio-chess-scene.webp 1600w, https:\/\/kissinparis.com\/wp-content\/uploads\/2025\/05\/paris-boudoir-photography-luxury-haussmann-studio-chess-scene-300x200.webp 300w, https:\/\/kissinparis.com\/wp-content\/uploads\/2025\/05\/paris-boudoir-photography-luxury-haussmann-studio-chess-scene-1024x683.webp 1024w, https:\/\/kissinparis.com\/wp-content\/uploads\/2025\/05\/paris-boudoir-photography-luxury-haussmann-studio-chess-scene-768x512.webp 768w, https:\/\/kissinparis.com\/wp-content\/uploads\/2025\/05\/paris-boudoir-photography-luxury-haussmann-studio-chess-scene-1536x1024.webp 1536w, https:\/\/kissinparis.com\/wp-content\/uploads\/2025\/05\/paris-boudoir-photography-luxury-haussmann-studio-chess-scene-1200x800.webp 1200w\" sizes=\"auto, (max-width: 1600px) 100vw, 1600px\" \/><\/figure><div class=\"wp-block-group caption is-vertical is-layout-flex wp-container-core-group-layout-5 wp-block-group-is-layout-flex\"><h3 class=\"full\">Photographie Boudoir<\/h3><p class=\"full\">S\u00e9ances priv\u00e9es valorisant l'assurance et la sensualit\u00e9.<\/p><\/div><\/a><\/div><div class=\"is-layout-flow wp-block-column work all\" data-price=\"\"><a href=\"https:\/\/kissinparis.com\/fr\/seance-photo-paris\/photographe-famille\/\"  title=\"Photographie de Famille\" aria-label=\"Photographie de Famille\"><figure class=\"wp-block-image size-full\"><img loading=\"lazy\" decoding=\"async\" width=\"1600\" height=\"1067\" src=\"https:\/\/kissinparis.com\/wp-content\/uploads\/2023\/03\/Paris-Family-Photos-24.jpg\" class=\"figure figure-1\" alt=\"Portraits de famille \u00e0 Paris au Trocad\u00e9ro de la Tour Eiffel\" title=\"Photographie de Famille\" srcset=\"https:\/\/kissinparis.com\/wp-content\/uploads\/2023\/03\/Paris-Family-Photos-24.jpg 1600w, https:\/\/kissinparis.com\/wp-content\/uploads\/2023\/03\/Paris-Family-Photos-24-300x200.jpg 300w, https:\/\/kissinparis.com\/wp-content\/uploads\/2023\/03\/Paris-Family-Photos-24-1024x683.jpg 1024w, https:\/\/kissinparis.com\/wp-content\/uploads\/2023\/03\/Paris-Family-Photos-24-768x512.jpg 768w, https:\/\/kissinparis.com\/wp-content\/uploads\/2023\/03\/Paris-Family-Photos-24-1536x1024.jpg 1536w, https:\/\/kissinparis.com\/wp-content\/uploads\/2023\/03\/Paris-Family-Photos-24-1200x800.jpg 1200w\" sizes=\"auto, (max-width: 1600px) 100vw, 1600px\" \/><\/figure><div class=\"wp-block-group caption is-vertical is-layout-flex wp-container-core-group-layout-5 wp-block-group-is-layout-flex\"><h3 class=\"full\">Photographie de Famille<\/h3><p class=\"full\">Photos de vacances amusantes dans des lieux embl\u00e9matiques de Paris avec des photographes \u00e0 l\u2019aise avec les enfants.<\/p><\/div><\/a><\/div><div class=\"is-layout-flow wp-block-column work all\" data-price=\"\"><a href=\"https:\/\/kissinparis.com\/fr\/videaste-paris\/\"  title=\"Vid\u00e9ographie \u00e0 Paris\" aria-label=\"Vid\u00e9ographie \u00e0 Paris\"><figure class=\"wp-block-image size-full\"><img loading=\"lazy\" decoding=\"async\" width=\"1800\" height=\"1201\" src=\"https:\/\/kissinparis.com\/wp-content\/uploads\/2025\/06\/Skilled-experienced-Paris-videographer.webp\" class=\"figure figure-1\" alt=\"Vid\u00e9aste parisien comp\u00e9tent et exp\u00e9riment\u00e9\" title=\"Vid\u00e9ographie \u00e0 Paris\" srcset=\"https:\/\/kissinparis.com\/wp-content\/uploads\/2025\/06\/Skilled-experienced-Paris-videographer.webp 1800w, https:\/\/kissinparis.com\/wp-content\/uploads\/2025\/06\/Skilled-experienced-Paris-videographer-300x200.webp 300w, https:\/\/kissinparis.com\/wp-content\/uploads\/2025\/06\/Skilled-experienced-Paris-videographer-1024x683.webp 1024w, https:\/\/kissinparis.com\/wp-content\/uploads\/2025\/06\/Skilled-experienced-Paris-videographer-768x512.webp 768w, https:\/\/kissinparis.com\/wp-content\/uploads\/2025\/06\/Skilled-experienced-Paris-videographer-1536x1025.webp 1536w, https:\/\/kissinparis.com\/wp-content\/uploads\/2025\/06\/Skilled-experienced-Paris-videographer-1200x801.webp 1200w\" sizes=\"auto, (max-width: 1800px) 100vw, 1800px\" \/><\/figure><div class=\"wp-block-group caption is-vertical is-layout-flex wp-container-core-group-layout-5 wp-block-group-is-layout-flex\"><h3 class=\"full\">Vid\u00e9ographie \u00e0 Paris<\/h3><p class=\"full\">Films professionnels et reels pour les r\u00e9seaux sociaux pour les demandes en mariage et les mariages.<\/p><\/div><\/a><\/div><div class=\"is-layout-flow wp-block-column work all\" data-price=\"\"><a href=\"https:\/\/kissinparis.com\/fr\/photographe-paris\/\"  title=\"Services de Photographie \u00e0 Paris\" aria-label=\"Services de Photographie \u00e0 Paris\"><figure class=\"wp-block-image size-full\"><img loading=\"lazy\" decoding=\"async\" width=\"1600\" height=\"1067\" src=\"https:\/\/kissinparis.com\/wp-content\/uploads\/2025\/04\/paris-photographer-couple-eiffel-tower-pont-iena.webp\" class=\"figure figure-1\" alt=\"Un photographe parisien capture un couple \u00e9l\u00e9gant au Pont d&#039;I\u00e9na avec la Tour Eiffel en arri\u00e8re-plan\" title=\"Services de Photographie \u00e0 Paris\" srcset=\"https:\/\/kissinparis.com\/wp-content\/uploads\/2025\/04\/paris-photographer-couple-eiffel-tower-pont-iena.webp 1600w, https:\/\/kissinparis.com\/wp-content\/uploads\/2025\/04\/paris-photographer-couple-eiffel-tower-pont-iena-300x200.webp 300w, https:\/\/kissinparis.com\/wp-content\/uploads\/2025\/04\/paris-photographer-couple-eiffel-tower-pont-iena-1024x683.webp 1024w, https:\/\/kissinparis.com\/wp-content\/uploads\/2025\/04\/paris-photographer-couple-eiffel-tower-pont-iena-768x512.webp 768w, https:\/\/kissinparis.com\/wp-content\/uploads\/2025\/04\/paris-photographer-couple-eiffel-tower-pont-iena-1536x1024.webp 1536w, https:\/\/kissinparis.com\/wp-content\/uploads\/2025\/04\/paris-photographer-couple-eiffel-tower-pont-iena-1200x800.webp 1200w\" sizes=\"auto, (max-width: 1600px) 100vw, 1600px\" \/><\/figure><div class=\"wp-block-group caption is-vertical is-layout-flex wp-container-core-group-layout-5 wp-block-group-is-layout-flex\"><h3 class=\"full\">Services de Photographie \u00e0 Paris<\/h3><p class=\"full\">S\u00e9ances de portraits professionnels pour les couples, les familles et les voyageurs en solo.<\/p><\/div><\/a><\/div><div class=\"is-layout-flow wp-block-column work all\" data-price=\"\"><a href=\"https:\/\/kissinparis.com\/fr\/seance-photo-paris\/faq\/\"  title=\"FAQ Photographie\" aria-label=\"FAQ Photographie\"><figure class=\"wp-block-image size-full\"><img loading=\"lazy\" decoding=\"async\" width=\"1600\" height=\"1067\" src=\"https:\/\/kissinparis.com\/wp-content\/uploads\/2023\/04\/Paris-elopement-photographer.jpg\" class=\"figure figure-1\" alt=\"Fugue mariage Paris\" title=\"FAQ Photographie\" srcset=\"https:\/\/kissinparis.com\/wp-content\/uploads\/2023\/04\/Paris-elopement-photographer.jpg 1600w, https:\/\/kissinparis.com\/wp-content\/uploads\/2023\/04\/Paris-elopement-photographer-300x200.jpg 300w, https:\/\/kissinparis.com\/wp-content\/uploads\/2023\/04\/Paris-elopement-photographer-1024x683.jpg 1024w, https:\/\/kissinparis.com\/wp-content\/uploads\/2023\/04\/Paris-elopement-photographer-768x512.jpg 768w, https:\/\/kissinparis.com\/wp-content\/uploads\/2023\/04\/Paris-elopement-photographer-1536x1024.jpg 1536w, https:\/\/kissinparis.com\/wp-content\/uploads\/2023\/04\/Paris-elopement-photographer-1200x800.jpg 1200w\" sizes=\"auto, (max-width: 1600px) 100vw, 1600px\" \/><\/figure><div class=\"wp-block-group caption is-vertical is-layout-flex wp-container-core-group-layout-5 wp-block-group-is-layout-flex\"><h3 class=\"full\">FAQ Photographie<\/h3><p class=\"full\">R\u00e9ponses sur les tarifs, les lieux, le timing et le processus de r\u00e9servation.<\/p><\/div><\/a><\/div><\/div>\n<\/div><\/div>\n<\/div><\/div>\n\n\n\n<div class=\"wp-block-group alignfull mt-0 mb-0  sec sec-map\"><div class=\"wp-block-group__inner-container is-layout-constrained wp-block-group-is-layout-constrained\">\n<div class=\"wp-block-columns are-vertically-aligned-center mt-0 mb-0 is-layout-flex wp-container-core-columns-is-layout-9d6595d7 wp-block-columns-is-layout-flex\">\n<div class=\"wp-block-column is-vertically-aligned-center is-layout-flow wp-block-column-is-layout-flow\">\n<p class=\"title-v2 mb-20\">Au c\u0153ur de Paris.<\/p>\n\n\n\n<p>Kiss Me in Paris Proposals &amp; Weddings<br>78 Av. Raymond Poincar\u00e9, 75116 Paris, France<br><a href=\"tel:+33661351511\">+33 6 61 35 15 11<\/a><br><a href=\"mailto:support@kissinparis.com\">support@kissinparis.com<\/a><\/p>\n<\/div>\n\n\n\n<div class=\"wp-block-column is-vertically-aligned-center is-layout-flow wp-block-column-is-layout-flow\">\n<iframe title=\"Carte indiquant l&#039;emplacement de Kiss Me in Paris Demandes en mariage et mariages\" src=\"https:\/\/www.google.com\/maps\/embed?pb=!1m18!1m12!1m3!1d2624.433873533341!2d2.28082346080246!3d48.86900492627629!2m3!1f0!2f0!3f0!3m2!1i1024!2i768!4f13.1!3m3!1m2!1s0x47e66f84666f802f%3A0x7b03905155589b66!2sKiss%20Me%20in%20Paris%20Proposals%20%26%20Weddings!5e0!3m2!1sen!2sin!4v1744567332130!5m2!1sen!2sin\" width=\"600\" height=\"450\" style=\"border:0;\" allowfullscreen=\"\" loading=\"lazy\" referrerpolicy=\"no-referrer-when-downgrade\"><\/iframe>\n<\/div>\n<\/div>\n<\/div><\/div>\n\n\n\n<div class=\"wp-block-group popup-cta\"><div class=\"wp-block-group__inner-container is-layout-constrained wp-block-group-is-layout-constrained\">\n<figure class=\"wp-block-video\"><video height=\"960\" style=\"aspect-ratio: 686 \/ 960;\" width=\"686\" autoplay loop muted preload=\"none\" src=\"https:\/\/kissinparis.com\/wp-content\/uploads\/2025\/04\/Full-service-Paris-proposal-planner.mp4\" playsinline><\/video><\/figure>\n\n\n\n<p class=\"title\">Renseignez-vous !<\/p>\n\n\n\n<p class=\"has-link whatsapp\"><a href=\"https:\/\/api.whatsapp.com\/send?phone=19175134350\" data-type=\"link\" data-id=\"https:\/\/api.whatsapp.com\/send?phone=19175134350\" target=\"_blank\" rel=\"noopener\">WhatsApp<\/a><\/p>\n\n\n\n<p class=\"has-link booking\"><a href=\"mailto:support@kissinparis.com?subject=Your Paris Proposal Packages Inquiry\" data-type=\"link\" data-id=\"https:\/\/api.whatsapp.com\/send?phone=19175134350\">Demande<\/a><\/p>\n<\/div><\/div>","protected":false},"excerpt":{"rendered":"<p>Paris Photography Hub Your starting point for portfolios, pricing, and guides\u2014proposals, weddings, family, portraits &amp; boudoir. Find the right photographer for your Paris photos, with a team that&#8217;s captured over 5,000 sessions since 2013. Book proposal photography, wedding coverage, couple sessions, family portraits, boudoir shoots, or professional videography. View our artists&#8217; portfolios, check availability, and [&hellip;]<\/p>\n","protected":false},"author":35,"featured_media":19224,"parent":0,"menu_order":0,"comment_status":"closed","ping_status":"closed","template":"","meta":{"_acf_changed":false,"ub_ctt_via":"","footnotes":""},"class_list":["post-24446","page","type-page","status-publish","has-post-thumbnail","hentry"],"acf":[],"featured_image_src":"https:\/\/kissinparis.com\/wp-content\/uploads\/2025\/04\/paris-photographer-couple-eiffel-tower-pont-iena.webp","_links":{"self":[{"href":"https:\/\/kissinparis.com\/fr\/wp-json\/wp\/v2\/pages\/24446","targetHints":{"allow":["GET"]}}],"collection":[{"href":"https:\/\/kissinparis.com\/fr\/wp-json\/wp\/v2\/pages"}],"about":[{"href":"https:\/\/kissinparis.com\/fr\/wp-json\/wp\/v2\/types\/page"}],"author":[{"embeddable":true,"href":"https:\/\/kissinparis.com\/fr\/wp-json\/wp\/v2\/users\/35"}],"replies":[{"embeddable":true,"href":"https:\/\/kissinparis.com\/fr\/wp-json\/wp\/v2\/comments?post=24446"}],"version-history":[{"count":21,"href":"https:\/\/kissinparis.com\/fr\/wp-json\/wp\/v2\/pages\/24446\/revisions"}],"predecessor-version":[{"id":28505,"href":"https:\/\/kissinparis.com\/fr\/wp-json\/wp\/v2\/pages\/24446\/revisions\/28505"}],"wp:featuredmedia":[{"embeddable":true,"href":"https:\/\/kissinparis.com\/fr\/wp-json\/wp\/v2\/media\/19224"}],"wp:attachment":[{"href":"https:\/\/kissinparis.com\/fr\/wp-json\/wp\/v2\/media?parent=24446"}],"curies":[{"name":"wp","href":"https:\/\/api.w.org\/{rel}","templated":true}]}}