{"id":24577,"date":"2025-06-12T14:39:52","date_gmt":"2025-06-12T14:39:52","guid":{"rendered":"https:\/\/kissinparis.com\/?page_id=24577"},"modified":"2026-02-19T17:40:11","modified_gmt":"2026-02-19T17:40:11","slug":"plan-du-site","status":"publish","type":"page","link":"https:\/\/kissinparis.com\/fr\/sitemap\/","title":{"rendered":"Plan du site"},"content":{"rendered":"<div class=\"wp-block-group alignfull sec heror-section mt-0 mb-0 has-scroll-down has-background-color has-primary-background-color has-text-color has-background has-link-color wp-elements-aa88313a1056b2570b30498a0a4aca7d\"><div class=\"wp-block-group__inner-container is-layout-constrained wp-block-group-is-layout-constrained\">\n<h1 class=\"wp-block-heading alignwide has-text-align-left full has-background-color has-text-color has-link-color wp-elements-a7b081495257a8645e16111374bbb61b\">R\u00e9pertoire du site<\/h1>\n\n\n\n<p class=\"ml-0 container-sm\">Tout le contenu de notre site est class\u00e9 par service. Utilisez les sections ci-dessous pour trouver ce que vous cherchez, ou consultez notre page \u00ab\u00a0Commencer ici\u00a0\u00bb pour une pr\u00e9sentation guid\u00e9e.<\/p>\n<\/div><\/div>\n\n\n\n<div class=\"wp-block-group alignfull mt-0 mb-0 sec sec-sitemap\"><div class=\"wp-block-group__inner-container is-layout-constrained wp-block-group-is-layout-constrained\">\n<nav aria-label=\"Plan du site complet\" itemscope itemtype=\"http:\/\/schema.org\/SiteNavigationElement\">\n\n\n\n<h2 class=\"wp-block-heading\">Demandes<\/h2>\n\n\n\n<p>Ressources de planification, forfaits et guides de localisation pour les propositions \u00e0 Paris.<\/p>\n\n\n\n<ul class=\"wp-block-list\">\n<li><a href=\"https:\/\/kissinparis.com\/fr\/demande-en-mariage-paris\/organisateur\/\">Organisation de demandes \u00e0 Paris<\/a><\/li>\n\n\n\n<li><a href=\"https:\/\/kissinparis.com\/fr\/demande-en-mariage-paris\/forfait-tour-eiffel\/\" data-type=\"link\" data-id=\"https:\/\/kissinparis.com\/paris-proposal\/eiffel-tower-proposal-package\/\">Forfait de demande en mariage \u00e0 la Tour Eiffel<\/a><\/li>\n\n\n\n<li><a href=\"https:\/\/kissinparis.com\/fr\/demande-en-mariage-paris\/forfaits\/\">Tous les paquets de propositions<\/a><\/li>\n\n\n\n<li><a href=\"https:\/\/kissinparis.com\/fr\/demande-en-mariage-paris\/pourquoi-demander-a-paris\/\">Pourquoi faire une demande en mariage \u00e0 Paris<\/a><\/li>\n\n\n\n<li><a href=\"https:\/\/kissinparis.com\/fr\/demande-en-mariage-paris\/idees-paris\/\">Id\u00e9es de demande en mariage \u00e0 Paris<\/a><\/li>\n\n\n\n<li><a href=\"https:\/\/kissinparis.com\/fr\/ou-faire-sa-demande-en-mariage-paris\/\">Les meilleurs endroits pour faire une demande en mariage \u00e0 Paris<\/a><\/li>\n\n\n\n<li><a href=\"https:\/\/kissinparis.com\/fr\/demande-en-mariage-rooftop-paris\/\">Les meilleurs lieux de demande en mariage sur les toits de Paris<\/a><\/li>\n\n\n\n<li><a href=\"https:\/\/kissinparis.com\/fr\/demande-en-mariage-paris\/lettres-geantes\/\">Lettres de demande en mariage<\/a><\/li>\n\n\n\n<li><a href=\"https:\/\/kissinparis.com\/fr\/demande-en-mariage-paris\/secret-garden-tour-eiffel\/\">Demande de mariage \u00e0 la Tour Eiffel dans un jardin secret<\/a><\/li>\n\n\n\n<li><a href=\"https:\/\/kissinparis.com\/fr\/demande-en-mariage-paris\/seance-photo-surprise\/\">Photoshoot Proposition surprise<\/a><\/li>\n\n\n\n<li><a href=\"https:\/\/kissinparis.com\/fr\/demande-en-mariage-paris\/pique-nique\/\">Proposition de pique-nique \u00e0 Paris<\/a><\/li>\n\n\n\n<li><a href=\"https:\/\/kissinparis.com\/fr\/demande-en-mariage-paris\/pique-nique\/\">Co\u00fbts de la proposition de Paris<\/a><\/li>\n\n\n\n<li><a href=\"https:\/\/kissinparis.com\/fr\/demande-en-mariage-paris\/pique-nique\/\">Planifier une proposition pour la p\u00e9ninsule de Paris<\/a><\/li>\n\n\n\n<li><a href=\"https:\/\/kissinparis.com\/fr\/demande-en-mariage-paris\/options-champagne\/\" data-type=\"link\" data-id=\"https:\/\/kissinparis.com\/paris-proposal\/paris-champagne-upgrades\/\">Des am\u00e9liorations au champagne pour des c\u00e9l\u00e9brations extraordinaires<\/a><\/li>\n<\/ul>\n\n\n\n<h2 class=\"wp-block-heading\">Mariages &amp; \u00e9lopements :<\/h2>\n\n\n\n<p>Guides et organisation de mariages de destination et d&#039;escapades amoureuses \u00e0 Paris et en France.<\/p>\n\n\n\n<ul class=\"wp-block-list\">\n<li><a href=\"https:\/\/kissinparis.com\/fr\/organisateur-mariage-paris\/\">Organisateur de mariage \u00e0 Paris<\/a><\/li>\n\n\n\n<li><a href=\"https:\/\/kissinparis.com\/fr\/mariage-intime-paris\/shangri-la\/\">Fugue au Shangri-La Paris<\/a><\/li>\n\n\n\n<li><a href=\"https:\/\/kissinparis.com\/fr\/guide-mariage-paris\/preparatifs\/\">Photoshoots pr\u00e9-mariage \u00e0 Paris<\/a><\/li>\n<\/ul>\n\n\n\n<h2 class=\"wp-block-heading\">Photographie et vid\u00e9ographie<\/h2>\n\n\n\n<p>Services de photographie et de vid\u00e9o pour couples, familles, mariages et s\u00e9ances individuelles.<\/p>\n\n\n\n<ul class=\"wp-block-list\">\n<li><a href=\"https:\/\/kissinparis.com\/fr\/photographe-paris\/\">Photographe Paris (Tous les services)<\/a><\/li>\n\n\n\n<li><a href=\"https:\/\/kissinparis.com\/fr\/reserver\/\">R\u00e9server une s\u00e9ance photo<\/a><\/li>\n\n\n\n<li><a href=\"https:\/\/kissinparis.com\/fr\/demande-en-mariage-paris\/photographe\/\">Photographie de Demande en Mariage<\/a><\/li>\n\n\n\n<li><a href=\"https:\/\/kissinparis.com\/fr\/guide-mariage-paris\/photographe\/\">Photographie de Mariage<\/a><\/li>\n\n\n\n<li><a href=\"https:\/\/kissinparis.com\/fr\/photographie-boudoir-paris\/\">Photographie Boudoir<\/a><\/li>\n\n\n\n<li><a href=\"https:\/\/kissinparis.com\/fr\/seance-photo-paris\/photographe-famille\/\">Photographie de Famille<\/a><\/li>\n\n\n\n<li><a href=\"https:\/\/kissinparis.com\/fr\/videaste-paris\/\">Vid\u00e9ographie \u00e0 Paris<\/a><\/li>\n\n\n\n<li><a href=\"https:\/\/kissinparis.com\/fr\/seance-photo-paris\/faq\/\">FAQ sur les s\u00e9ances photos \u00e0 Paris<\/a><\/li>\n<\/ul>\n\n\n\n<h2 class=\"wp-block-heading\">Guides et inspiration<\/h2>\n\n\n\n<p>Guides de localisation, conseils et ressources de planification.<\/p>\n\n\n\n<ul class=\"wp-block-list\">\n<li><a href=\"https:\/\/kissinparis.com\/fr\/meilleurs-lieux-photo-paris\/\">Les meilleurs endroits pour prendre des photos \u00e0 Paris<\/a><\/li>\n\n\n\n<li><a href=\"https:\/\/kissinparis.com\/fr\/poses-photo-couple\/\">Poses pour photos de couple<\/a><\/li>\n\n\n\n<li><a href=\"https:\/\/kissinparis.com\/fr\/restaurants-vue-tour-eiffel\/\">Restaurants avec vue sur la Tour Eiffel<\/a><\/li>\n\n\n\n<li><a href=\"https:\/\/kissinparis.com\/fr\/photos-fiancailles-paris\/\">Photos de fian\u00e7ailles \u00e0 Paris<\/a><\/li>\n\n\n\n<li><a href=\"https:\/\/kissinparis.com\/fr\/ressources\/\">Tous les guides et ressources<\/a><\/li>\n<\/ul>\n<\/div><\/div>\n\n\n\n<\/nav>","protected":false},"excerpt":{"rendered":"<p>Site Directory Everything on our site, organized by service. Use the sections below to find what you&#8217;re looking for, or visit our Start Here page for a guided overview. Proposals Planning resources, packages, and location guides for Paris proposals. Weddings &amp; Elopements Guides and planning for destination weddings and elopements in Paris and France. Photography [&hellip;]<\/p>\n","protected":false},"author":35,"featured_media":0,"parent":0,"menu_order":0,"comment_status":"closed","ping_status":"closed","template":"","meta":{"_acf_changed":false,"ub_ctt_via":"","footnotes":""},"class_list":["post-24577","page","type-page","status-publish","hentry"],"acf":[],"featured_image_src":null,"_links":{"self":[{"href":"https:\/\/kissinparis.com\/fr\/wp-json\/wp\/v2\/pages\/24577","targetHints":{"allow":["GET"]}}],"collection":[{"href":"https:\/\/kissinparis.com\/fr\/wp-json\/wp\/v2\/pages"}],"about":[{"href":"https:\/\/kissinparis.com\/fr\/wp-json\/wp\/v2\/types\/page"}],"author":[{"embeddable":true,"href":"https:\/\/kissinparis.com\/fr\/wp-json\/wp\/v2\/users\/35"}],"replies":[{"embeddable":true,"href":"https:\/\/kissinparis.com\/fr\/wp-json\/wp\/v2\/comments?post=24577"}],"version-history":[{"count":18,"href":"https:\/\/kissinparis.com\/fr\/wp-json\/wp\/v2\/pages\/24577\/revisions"}],"predecessor-version":[{"id":29439,"href":"https:\/\/kissinparis.com\/fr\/wp-json\/wp\/v2\/pages\/24577\/revisions\/29439"}],"wp:attachment":[{"href":"https:\/\/kissinparis.com\/fr\/wp-json\/wp\/v2\/media?parent=24577"}],"curies":[{"name":"wp","href":"https:\/\/api.w.org\/{rel}","templated":true}]}}