{"id":29274,"date":"2026-02-14T12:24:55","date_gmt":"2026-02-14T12:24:55","guid":{"rendered":"https:\/\/kissinparis.com\/?page_id=29274"},"modified":"2026-02-16T11:52:43","modified_gmt":"2026-02-16T11:52:43","slug":"reuters-propositions-pour-paris-en-2026","status":"publish","type":"page","link":"https:\/\/kissinparis.com\/fr\/in-the-media\/reuters-2026-paris-proposals\/","title":{"rendered":"Reuters sur le march\u00e9 florissant des propositions de Paris (2026)"},"content":{"rendered":"<div class=\"wp-block-group alignfull sec heror-section mt-0 mb-0 has-scroll-down has-background-color has-primary-background-color has-text-color has-background has-link-color wp-elements-d69c569ec0e1ee39588ce261d9f5b31c\"><div class=\"wp-block-group__inner-container is-layout-constrained wp-block-group-is-layout-constrained\">\n<h1 class=\"wp-block-heading alignwide has-text-align-left full has-background-color has-text-color has-link-color wp-elements-a24c116236abfc0e92ae447d826846ea\">Reuters sur le march\u00e9 florissant des propositions de Paris (2026)<\/h1>\n\n\n\n<h2 class=\"wp-block-heading alignfull has-large-font-size\">Avec les commentaires de Chantelle Streete, cofondatrice et directrice de la planification.<\/h2>\n\n\n\n<p>En f\u00e9vrier 2026, Reuters a publi\u00e9 un article sur l&#039;essor fulgurant des demandes en mariage de luxe \u00e0 Paris, mettant en lumi\u00e8re la sophistication des prestations et la demande pour des demandes \u00e0 la fois spectaculaires et parfaitement ex\u00e9cut\u00e9es. L&#039;article pr\u00e9sentait Kiss Me in Paris dans ce contexte haut de gamme et illustrait la rigueur op\u00e9rationnelle, la discr\u00e9tion et la cr\u00e9ativit\u00e9 que notre \u00e9quipe, sous la direction de Chantelle Streete, apporte \u00e0 ces moments uniques.<\/p>\n<\/div><\/div>\n\n\n\n<div class=\"wp-block-group alignfull mt-0 mb-0 sec\" id=\"2026-highlights\"><div class=\"wp-block-group__inner-container is-layout-constrained wp-block-group-is-layout-constrained\">\n<h2 class=\"wp-block-heading\">Points cl\u00e9s \u00e0 retenir<\/h2>\n\n\n\n<ul class=\"wp-block-list\">\n<li>L&#039;organisation de propositions \u00e0 Paris est de plus en plus consid\u00e9r\u00e9e comme une cat\u00e9gorie de services haut de gamme, avec une client\u00e8le internationale et des attentes \u00e9lev\u00e9es.<\/li>\n\n\n\n<li>Ce reportage met en lumi\u00e8re l&#039;\u00e9volution vers des concepts cin\u00e9matographiques et une r\u00e9alisation enti\u00e8rement ma\u00eetris\u00e9e.<\/li>\n\n\n\n<li>Discr\u00e9tion, logistique et direction cr\u00e9ative sont essentielles pour offrir des exp\u00e9riences de luxe.<\/li>\n<\/ul>\n\n\n\n<hr class=\"wp-block-separator has-alpha-channel-opacity\"\/>\n\n\n\n<h2 class=\"wp-block-heading\">Explorez la planification des propositions<\/h2>\n\n\n\n<p>Si vous pr\u00e9voyez une demande en mariage \u00e0 Paris et que vous souhaitez une \u00e9quipe capable de g\u00e9rer chaque d\u00e9tail, de la conception \u00e0 la r\u00e9alisation, d\u00e9couvrez nos services ci-dessous.<\/p>\n\n\n\n<div class=\"wp-block-buttons is-layout-flex wp-block-buttons-is-layout-flex\">\n<div class=\"wp-block-button has-arrow\"><a class=\"wp-block-button__link wp-element-button\" href=\"https:\/\/kissinparis.com\/fr\/demande-en-mariage-paris\/organisateur\/\"><em>Explorez la planification des propositions<\/em><\/a><\/div>\n<\/div>\n\n\n\n<hr class=\"wp-block-separator has-alpha-channel-opacity\"\/>\n\n\n\n<h2 class=\"wp-block-heading\" id=\"where-published\">O\u00f9 il a \u00e9t\u00e9 publi\u00e9<\/h2>\n\n\n\n<p>Reportage original et s\u00e9lection de reprises de l&#039;article de Reuters par des sources faisant autorit\u00e9\u00a0:<\/p>\n\n\n\n<ul class=\"wp-block-list\">\n<li><a href=\"https:\/\/www.reuters.com\/world\/romantic-proposals-become-booming-business-city-love-2026-02-13\/\" target=\"_blank\" rel=\"noreferrer noopener\">Reuters (canonique)<\/a><\/li>\n\n\n\n<li><a href=\"https:\/\/www.usnews.com\/news\/world\/articles\/2026-02-13\/romantic-proposals-become-a-booming-business-in-city-of-love\" target=\"_blank\" rel=\"noreferrer noopener\">US News &amp; World Report<\/a><\/li>\n\n\n\n<li><a href=\"https:\/\/uk.news.yahoo.com\/romantic-proposals-become-booming-business-105214376.html\" target=\"_blank\" rel=\"noreferrer noopener\">Yahoo News (Royaume-Uni)<\/a><\/li>\n\n\n\n<li><a href=\"https:\/\/www.investing.com\/news\/world-news\/romantic-proposals-become-a-booming-business-in-city-of-love-4504730\" target=\"_blank\" rel=\"noreferrer noopener\">Investir.com<\/a><\/li>\n\n\n\n<li><a href=\"https:\/\/www.boursorama.com\/actualite-economique\/actualites\/a-paris-la-ville-de-l-amour-le-marche-des-demandes-en-mariage-prospere-06958681710dd3180fae2927d1b5a651\" target=\"_blank\" rel=\"noreferrer noopener\">Boursorama<\/a><\/li>\n\n\n\n<li><a href=\"https:\/\/www.straitstimes.com\/world\/europe\/romantic-proposals-become-a-booming-business-in-city-of-love\" target=\"_blank\" rel=\"noreferrer noopener\">Le Straits Times<\/a><\/li>\n<\/ul>\n<\/div><\/div>","protected":false},"excerpt":{"rendered":"<p>Reuters on the booming business of Paris proposals (2026) Featuring commentary from Chantelle Streete, co-founder and executive planner. In February 2026, Reuters reported on the rapid growth of luxury proposal planning in Paris\u2014highlighting high-production experiences and the demand for proposals that feel cinematic yet flawlessly executed. The story featured Kiss Me in Paris in the [&hellip;]<\/p>\n","protected":false},"author":40,"featured_media":0,"parent":29144,"menu_order":0,"comment_status":"closed","ping_status":"closed","template":"","meta":{"_acf_changed":false,"ub_ctt_via":"","footnotes":""},"class_list":["post-29274","page","type-page","status-publish","hentry"],"acf":[],"featured_image_src":null,"_links":{"self":[{"href":"https:\/\/kissinparis.com\/fr\/wp-json\/wp\/v2\/pages\/29274","targetHints":{"allow":["GET"]}}],"collection":[{"href":"https:\/\/kissinparis.com\/fr\/wp-json\/wp\/v2\/pages"}],"about":[{"href":"https:\/\/kissinparis.com\/fr\/wp-json\/wp\/v2\/types\/page"}],"author":[{"embeddable":true,"href":"https:\/\/kissinparis.com\/fr\/wp-json\/wp\/v2\/users\/40"}],"replies":[{"embeddable":true,"href":"https:\/\/kissinparis.com\/fr\/wp-json\/wp\/v2\/comments?post=29274"}],"version-history":[{"count":5,"href":"https:\/\/kissinparis.com\/fr\/wp-json\/wp\/v2\/pages\/29274\/revisions"}],"predecessor-version":[{"id":29412,"href":"https:\/\/kissinparis.com\/fr\/wp-json\/wp\/v2\/pages\/29274\/revisions\/29412"}],"up":[{"embeddable":true,"href":"https:\/\/kissinparis.com\/fr\/wp-json\/wp\/v2\/pages\/29144"}],"wp:attachment":[{"href":"https:\/\/kissinparis.com\/fr\/wp-json\/wp\/v2\/media?parent=29274"}],"curies":[{"name":"wp","href":"https:\/\/api.w.org\/{rel}","templated":true}]}}