{"id":29279,"date":"2026-02-14T12:32:22","date_gmt":"2026-02-14T12:32:22","guid":{"rendered":"https:\/\/kissinparis.com\/?page_id=29279"},"modified":"2026-02-16T11:52:51","modified_gmt":"2026-02-16T11:52:51","slug":"afp-2026-amour-sur-la-seine","status":"publish","type":"page","link":"https:\/\/kissinparis.com\/fr\/in-the-media\/afp-2026-love-on-the-seine\/","title":{"rendered":"AFP \/ France 24 sur l&#039;essor des projets parisiens pittoresques (2026)"},"content":{"rendered":"<div class=\"wp-block-group alignfull sec heror-section mt-0 mb-0 has-scroll-down has-background-color has-primary-background-color has-text-color has-background has-link-color wp-elements-32e273c2be9ecc59f41d639cfb4cfa4b\"><div class=\"wp-block-group__inner-container is-layout-constrained wp-block-group-is-layout-constrained\">\n<h1 class=\"wp-block-heading alignwide has-text-align-left full has-background-color has-text-color has-link-color wp-elements-38270cdf9a0f22141153ddb7de4efb97\">AFP \/ France 24 sur l&#039;essor des projets parisiens pittoresques (2026)<\/h1>\n\n\n\n<h2 class=\"wp-block-heading alignfull has-large-font-size\">Avec les commentaires de Chantelle Streete, cofondatrice et directrice de la planification.<\/h2>\n\n\n\n<p>L&#039;AFP, via France 24, a consacr\u00e9 un article \u00e0 Kiss Me in Paris, dans le contexte de l&#039;essor des demandes en mariage parisiennes mises en sc\u00e8ne comme au cin\u00e9ma, citant Chantelle Streete sur les raisons pour lesquelles les clients souhaitent des propositions personnelles, immersives et d&#039;une qualit\u00e9 irr\u00e9prochable.<\/p>\n<\/div><\/div>\n\n\n\n<div class=\"wp-block-group alignfull mt-0 mb-0 sec\" id=\"2026-highlights\"><div class=\"wp-block-group__inner-container is-layout-constrained wp-block-group-is-layout-constrained\">\n<h2 class=\"wp-block-heading\">Aper\u00e7u<\/h2>\n\n\n\n<p>En f\u00e9vrier 2026, un reportage de l&#039;AFP sur l&#039;essor des demandes en mariage parisiennes idylliques \u2013 initialement publi\u00e9 par France 24 et repris \u00e0 l&#039;international \u2013 illustrait comment les couples modernes transforment leurs fian\u00e7ailles en exp\u00e9riences cin\u00e9matographiques et profond\u00e9ment personnelles. L&#039;article pr\u00e9sentait Kiss Me in Paris et mettait en lumi\u00e8re le point de vue de Chantelle Streete sur ce que les clients appr\u00e9cient le plus\u00a0: un concept fort, un cadre magnifique et une production experte qui fait que chaque d\u00e9tail est parfait.<\/p>\n\n\n\n<hr class=\"wp-block-separator has-alpha-channel-opacity\"\/>\n\n\n\n<h2 class=\"wp-block-heading\">Points cl\u00e9s \u00e0 retenir<\/h2>\n\n\n\n<ul class=\"wp-block-list\">\n<li>Les propositions parisiennes sont de plus en plus con\u00e7ues comme des exp\u00e9riences immersives : personnelles, cin\u00e9matographiques et minutieusement planifi\u00e9es.<\/li>\n\n\n\n<li>L&#039;ex\u00e9cution compte autant que le lieu : le timing, la discr\u00e9tion et la qualit\u00e9 de la production fa\u00e7onnent l&#039;instant.<\/li>\n\n\n\n<li>Cette couverture m\u00e9diatique refl\u00e8te la demande mondiale de sp\u00e9cialistes capables de g\u00e9rer les propositions de bout en bout.<\/li>\n<\/ul>\n\n\n\n<hr class=\"wp-block-separator has-alpha-channel-opacity\"\/>\n\n\n\n<h2 class=\"wp-block-heading\">Explorez la planification des propositions<\/h2>\n\n\n\n<p>Si vous souhaitez une demande en mariage qui paraisse naturelle le jour J, mais qui soit parfaitement orchestr\u00e9e en coulisses, notre \u00e9quipe peut concevoir et r\u00e9aliser l&#039;exp\u00e9rience compl\u00e8te.<\/p>\n\n\n\n<div class=\"wp-block-buttons is-layout-flex wp-block-buttons-is-layout-flex\">\n<div class=\"wp-block-button has-arrow\"><a class=\"wp-block-button__link wp-element-button\" href=\"https:\/\/kissinparis.com\/fr\/demande-en-mariage-paris\/organisateur\/\"><em>Explorez la planification des propositions<\/em><\/a><\/div>\n<\/div>\n\n\n\n<hr class=\"wp-block-separator has-alpha-channel-opacity\"\/>\n\n\n\n<h2 class=\"wp-block-heading\" id=\"where-published\">O\u00f9 il a \u00e9t\u00e9 publi\u00e9<\/h2>\n\n\n\n<p>Publication originale et s\u00e9lection d&#039;extraits du reportage AFP\/France 24\u00a0:<\/p>\n\n\n\n<ul class=\"wp-block-list\">\n<li><a href=\"https:\/\/www.france24.com\/en\/live-news\/20260212-love-on-the-seine-the-rise-of-picturesque-paris-proposals\" target=\"_blank\" rel=\"noreferrer noopener\">France 24 (EN)<\/a><\/li>\n\n\n\n<li><a href=\"https:\/\/www.france24.com\/es\/minuto-a-minuto\/20260212-las-pedidas-de-mano-con-aires-de-pel%C3%ADcula-conquistan-la-ciudad-del-amor\" target=\"_blank\" rel=\"noreferrer noopener\">France 24 (ES)<\/a><\/li>\n\n\n\n<li><a href=\"https:\/\/www.hindustantimes.com\/lifestyle\/relationships\/love-on-the-seine-the-rise-of-picturesque-paris-proposals-101770906496507.html?\" target=\"_blank\" data-type=\"link\" data-id=\"https:\/\/www.hindustantimes.com\/lifestyle\/relationships\/love-on-the-seine-the-rise-of-picturesque-paris-proposals-101770906496507.html?\" rel=\"noreferrer noopener\">Hindustan Times<\/a><\/li>\n\n\n\n<li><a href=\"https:\/\/www.thelocal.fr\/20260212\/a-ritual-shaped-by-an-industry-the-rise-of-the-pricey-paris-proposals\" target=\"_blank\" rel=\"noreferrer noopener\">The Local (France)<\/a><\/li>\n\n\n\n<li><a href=\"https:\/\/www.lanacion.com.ar\/agencias\/las-pedidas-de-mano-con-aires-de-pelicula-conquistan-la-ciudad-del-amor-nid12022026\/\" target=\"_blank\" rel=\"noreferrer noopener\">La Naci\u00f3n (Argentine)<\/a><\/li>\n\n\n\n<li><a href=\"https:\/\/www.primicias.ec\/entretenimiento\/pedidas-mano-paris-precios-agencias-hoteles-compromiso-matrimonio-116007\/\" target=\"_blank\" rel=\"noreferrer noopener\">Primicias (\u00c9quateur)<\/a><\/li>\n\n\n\n<li><a href=\"https:\/\/www.dailysabah.com\/life\/marry-me-in-paris-luxury-proposals-draw-global-clients\/news\" target=\"_blank\" data-type=\"link\" data-id=\"https:\/\/www.dailysabah.com\/life\/marry-me-in-paris-luxury-proposals-draw-global-clients\/news\" rel=\"noreferrer noopener\">Daily Sabah<\/a><\/li>\n<\/ul>\n\n\n\n<p class=\"has-small-font-size\">Les autres prises de vue r\u00e9gionales sont r\u00e9pertori\u00e9es sur notre page M\u00e9dias principale.<\/p>\n<\/div><\/div>","protected":false},"excerpt":{"rendered":"<p>AFP \/ France 24 on the rise of picturesque Paris proposals (2026) Featuring commentary from Chantelle Streete, co-founder and executive planner. AFP, published by&nbsp;France 24, profiled&nbsp;Kiss Me in Paris&nbsp;in the context of the rise of cinematic Paris proposal planning, quoting Chantelle Streete on why clients want proposals that feel personal, immersive, and flawlessly produced. Overview [&hellip;]<\/p>\n","protected":false},"author":40,"featured_media":0,"parent":29144,"menu_order":0,"comment_status":"closed","ping_status":"closed","template":"","meta":{"_acf_changed":false,"ub_ctt_via":"","footnotes":""},"class_list":["post-29279","page","type-page","status-publish","hentry"],"acf":[],"featured_image_src":null,"_links":{"self":[{"href":"https:\/\/kissinparis.com\/fr\/wp-json\/wp\/v2\/pages\/29279","targetHints":{"allow":["GET"]}}],"collection":[{"href":"https:\/\/kissinparis.com\/fr\/wp-json\/wp\/v2\/pages"}],"about":[{"href":"https:\/\/kissinparis.com\/fr\/wp-json\/wp\/v2\/types\/page"}],"author":[{"embeddable":true,"href":"https:\/\/kissinparis.com\/fr\/wp-json\/wp\/v2\/users\/40"}],"replies":[{"embeddable":true,"href":"https:\/\/kissinparis.com\/fr\/wp-json\/wp\/v2\/comments?post=29279"}],"version-history":[{"count":5,"href":"https:\/\/kissinparis.com\/fr\/wp-json\/wp\/v2\/pages\/29279\/revisions"}],"predecessor-version":[{"id":29413,"href":"https:\/\/kissinparis.com\/fr\/wp-json\/wp\/v2\/pages\/29279\/revisions\/29413"}],"up":[{"embeddable":true,"href":"https:\/\/kissinparis.com\/fr\/wp-json\/wp\/v2\/pages\/29144"}],"wp:attachment":[{"href":"https:\/\/kissinparis.com\/fr\/wp-json\/wp\/v2\/media?parent=29279"}],"curies":[{"name":"wp","href":"https:\/\/api.w.org\/{rel}","templated":true}]}}