{"id":4504,"date":"2025-01-07T16:19:00","date_gmt":"2025-01-07T16:19:00","guid":{"rendered":"https:\/\/kissinparis.com\/?page_id=4504"},"modified":"2025-10-14T14:54:30","modified_gmt":"2025-10-14T14:54:30","slug":"lettres-geantes","status":"publish","type":"page","link":"https:\/\/kissinparis.com\/fr\/paris-proposal\/marry-me-letters-proposal\/","title":{"rendered":"Lettres \u00ab Marry Me \u00bb \u00e0 Paris \u2014 Installation Premium"},"content":{"rendered":"<div class=\"wp-block-group alignfull sec heror-section mt-0 mb-0 has-scroll-down has-background-color has-primary-background-color has-text-color has-background has-link-color wp-elements-da73b8a333f26f95d539c8292589b3f8\"><div class=\"wp-block-group__inner-container is-layout-constrained wp-block-group-is-layout-constrained\">\n<h1 class=\"wp-block-heading alignwide has-text-align-left full has-background-color has-text-color has-link-color wp-elements-e097c79adb65096f3da5b4e97a9346de\">Lettres \u00ab Marry Me \u00bb \u00e0 Paris \u2014 Installation Premium<\/h1>\n\n\n\n<h2 class=\"wp-block-heading alignwide has-large-font-size\">R\u00e9servation en quelques minutes. Lettres blanches, rouges ou roses, avec livraison, mise en place &amp; retrait professionnels, cal\u00e9s avec votre photographe.<\/h2>\n\n\n\n<div class=\"wp-block-buttons alignfull mt-0 mb-0 pt-10 is-layout-flex wp-block-buttons-is-layout-flex\">\n<div class=\"wp-block-button\"><a class=\"wp-block-button__link has-primary-color has-background-background-color has-text-color has-background wp-element-button\" href=\"https:\/\/kissinparis.com\/fr\/consultation\/\">Demandes de renseignements<\/a><\/div>\n<\/div>\n<\/div><\/div>\n\n\n\n<div class=\"wp-block-cover alignfull is-light mt-0 mb-0 banner banner-resources\"><img loading=\"lazy\" decoding=\"async\" width=\"1600\" height=\"1067\" class=\"wp-block-cover__image-background wp-image-781\" alt=\"Lettres Marry Me Proposition Paris Seine River avec un tapis rouge somptueux.\" src=\"https:\/\/kissinparis.com\/wp-content\/uploads\/2023\/03\/Propose-in-Paris-Eiffel-Tower-engagement-with-Marry-Me-sign.jpg\" style=\"object-position:51% 59%\" data-object-fit=\"cover\" data-object-position=\"51% 59%\" srcset=\"https:\/\/kissinparis.com\/wp-content\/uploads\/2023\/03\/Propose-in-Paris-Eiffel-Tower-engagement-with-Marry-Me-sign.jpg 1600w, https:\/\/kissinparis.com\/wp-content\/uploads\/2023\/03\/Propose-in-Paris-Eiffel-Tower-engagement-with-Marry-Me-sign-300x200.jpg 300w, https:\/\/kissinparis.com\/wp-content\/uploads\/2023\/03\/Propose-in-Paris-Eiffel-Tower-engagement-with-Marry-Me-sign-1024x683.jpg 1024w, https:\/\/kissinparis.com\/wp-content\/uploads\/2023\/03\/Propose-in-Paris-Eiffel-Tower-engagement-with-Marry-Me-sign-768x512.jpg 768w, https:\/\/kissinparis.com\/wp-content\/uploads\/2023\/03\/Propose-in-Paris-Eiffel-Tower-engagement-with-Marry-Me-sign-1536x1024.jpg 1536w, https:\/\/kissinparis.com\/wp-content\/uploads\/2023\/03\/Propose-in-Paris-Eiffel-Tower-engagement-with-Marry-Me-sign-1200x800.jpg 1200w\" sizes=\"auto, (max-width: 1600px) 100vw, 1600px\" \/><span aria-hidden=\"true\" class=\"wp-block-cover__background has-primary-background-color has-background-dim-0 has-background-dim\"><\/span><div class=\"wp-block-cover__inner-container is-layout-flow wp-block-cover-is-layout-flow\">\n<div class=\"banner-video\">\n<img decoding=\"async\" src=\"https:\/\/kissinparis.com\/wp-content\/uploads\/2023\/02\/placeholder_16x9.png\" alt=\"Zone du h\u00e9ros\">\n<\/div>\n<\/div><\/div>\n\n\n\n<div class=\"wp-block-group alignfull mt-0 mb-0 sec sec-content has-background-background-color has-background\" id=\"sec-1\"><div class=\"wp-block-group__inner-container is-layout-constrained wp-block-group-is-layout-constrained\">\n<h2 class=\"wp-block-heading title-v2\">Une demande en mariage spectaculaire avec des lettres \u00ab\u00a0\u00c9pouse-moi\u00a0\u00bb au bord de la Seine\u00a0\u2014\u00a0Garanti<\/h2>\n\n\n\n<p>Pour un moment \u00e0 la fois audacieux et intime \u00e0 Paris, rien ne vaut cette exp\u00e9rience au bord de la Seine. Votre soir\u00e9e d\u00e9bute par une paisible promenade au cr\u00e9puscule sur la Rive Gauche, o\u00f9 un violoniste vous entonne la m\u00e9lodie pr\u00e9f\u00e9r\u00e9e de votre partenaire.<\/p>\n\n\n\n<p>La musique vous guide vers une sc\u00e8ne faite juste pour vous : un tapis rouge moelleux bord\u00e9 de p\u00e9tales de rose et de bougies, menant directement \u00e0 des <strong>\u00c9POUSE-MOI<\/strong> lettres (disponibles en rouge, blanc ou rose et m\u00eame illumin\u00e9es). Que ce soit sur un <a href=\"https:\/\/kissinparis.com\/fr\/demande-en-mariage-rooftop-paris\/\">terrasse priv\u00e9e sur le toit<\/a>, un bateau fluvial de luxe ou un autre point de vue parisien, ces lettres accrocheuses encadrent votre proposition sous l&#039;\u00e9clat du soir de la Tour Eiffel.<\/p>\n\n\n\n<p>Nous nous occupons de tout du d\u00e9but \u00e0 la fin : \u00e9clairage, fleurs, musique et nettoyage, afin que vous puissiez vous concentrer sur la seule chose qui compte : sa r\u00e9ponse.<\/p>\n\n\n\n<figure class=\"wp-block-image alignwide size-large size-full wp-image-45174\"><img loading=\"lazy\" decoding=\"async\" width=\"1024\" height=\"683\" src=\"https:\/\/kissinparis.com\/wp-content\/uploads\/2023\/03\/Marry-Me-Letters-Paris-Secret-Table-Peninsula-Hotel-1024x683.jpg\" alt=\"De magnifiques lettres \u00ab\u00a0Marry Me\u00a0\u00bb d&#039;un rouge somptueux sont dispos\u00e9es \u00e0 la Table Secr\u00e8te (H\u00f4tel Peninsula) \u00e0 Paris, agr\u00e9ment\u00e9es d&#039;un magnifique tapis rouge, de bougies d\u00e9coratives enchanteresses et d&#039;une table de champagne \u00e9poustouflante. L&#039;ensemble se d\u00e9ploie devant la silhouette envo\u00fbtante de l&#039;embl\u00e9matique Tour Eiffel, cr\u00e9ant une sc\u00e8ne romantique inoubliable.\" class=\"wp-image-3730\" srcset=\"https:\/\/kissinparis.com\/wp-content\/uploads\/2023\/03\/Marry-Me-Letters-Paris-Secret-Table-Peninsula-Hotel-1024x683.jpg 1024w, https:\/\/kissinparis.com\/wp-content\/uploads\/2023\/03\/Marry-Me-Letters-Paris-Secret-Table-Peninsula-Hotel-300x200.jpg 300w, https:\/\/kissinparis.com\/wp-content\/uploads\/2023\/03\/Marry-Me-Letters-Paris-Secret-Table-Peninsula-Hotel-768x512.jpg 768w, https:\/\/kissinparis.com\/wp-content\/uploads\/2023\/03\/Marry-Me-Letters-Paris-Secret-Table-Peninsula-Hotel-1536x1024.jpg 1536w, https:\/\/kissinparis.com\/wp-content\/uploads\/2023\/03\/Marry-Me-Letters-Paris-Secret-Table-Peninsula-Hotel-1200x800.jpg 1200w, https:\/\/kissinparis.com\/wp-content\/uploads\/2023\/03\/Marry-Me-Letters-Paris-Secret-Table-Peninsula-Hotel.jpg 1920w\" sizes=\"auto, (max-width: 1024px) 100vw, 1024px\" \/><figcaption class=\"wp-element-caption\">De magnifiques lettres \u00ab\u00a0Marry Me\u00a0\u00bb d&#039;un rouge somptueux sont dispos\u00e9es \u00e0 la Table Secr\u00e8te (H\u00f4tel Peninsula) \u00e0 Paris, agr\u00e9ment\u00e9es d&#039;un magnifique tapis rouge, de bougies d\u00e9coratives enchanteresses et d&#039;une table de champagne \u00e9poustouflante. L&#039;ensemble se d\u00e9ploie devant la silhouette envo\u00fbtante de l&#039;embl\u00e9matique Tour Eiffel, cr\u00e9ant une sc\u00e8ne romantique inoubliable.<\/figcaption><\/figure>\n\n\n\n<figure class=\"wp-block-image alignwide size-full wp-image-37286\"><img loading=\"lazy\" decoding=\"async\" width=\"1000\" height=\"667\" src=\"https:\/\/kissinparis.com\/wp-content\/uploads\/2023\/03\/Private-Eiffel-Tower-Proposal-setting.jpg\" alt=\"Lettres de Marry Me, proposition priv\u00e9e sur le toit de l&#039;h\u00f4tel Shangri-La \u00e0 Paris\" class=\"wp-image-3848\" srcset=\"https:\/\/kissinparis.com\/wp-content\/uploads\/2023\/03\/Private-Eiffel-Tower-Proposal-setting.jpg 1000w, https:\/\/kissinparis.com\/wp-content\/uploads\/2023\/03\/Private-Eiffel-Tower-Proposal-setting-300x200.jpg 300w, https:\/\/kissinparis.com\/wp-content\/uploads\/2023\/03\/Private-Eiffel-Tower-Proposal-setting-768x512.jpg 768w\" sizes=\"auto, (max-width: 1000px) 100vw, 1000px\" \/><figcaption class=\"wp-element-caption\">Une demande en mariage romantique entre personnes de m\u00eame sexe sur une terrasse priv\u00e9e du Peninsula Paris, avec des lettres blanches \u00e9blouissantes \u00ab Marry Me \u00bb, des ballons blancs surdimensionn\u00e9s et des bougies vacillantes.<\/figcaption><\/figure>\n<\/div><\/div>\n\n\n\n<div class=\"wp-block-group alignfull mt-0 mb-0 sec sec-faq has-subtle-background-background-color has-background\"><div class=\"wp-block-group__inner-container is-layout-constrained wp-block-group-is-layout-constrained\">\n<p class=\"sec-header has-normal-font-size\" style=\"text-transform:none\"><strong>\u00c0 partir de 1 100 \u20ac<\/strong><\/p>\n\n\n<div id=\"rank-math-faq\" class=\"rank-math-block\">\n<div class=\"rank-math-list\">\n<div id=\"faq-question-1748532360674\" class=\"rank-math-list-item\">\n<h3 class=\"rank-math-question\">Qu&#039;est-ce qui est inclus dans notre proposition de lettres Marry Me ?<\/h3>\n<div class=\"rank-math-answer\">\n<img loading=\"lazy\" decoding=\"async\" width=\"150\" height=\"150\" src=\"https:\/\/kissinparis.com\/wp-content\/uploads\/2023\/03\/5_Marry-Me-Letters-Paris-proposal-bad-set-up-666x1024-150x150.jpg\" class=\"alignright\" alt=\"Configuration de lettres \u00ab\u00a0Marry Me\u00a0\u00bb simple et abordable pour une demande en mariage, avec de grandes lettres blanches dispos\u00e9es \u00e0 l&#039;ext\u00e9rieur avec des d\u00e9corations minimales.\" \/>\n<p>Notre forfait tout compris vous offre tout ce dont vous avez besoin pour une demande en mariage \u00e9poustouflante \u00e0 Paris :<\/p>\n<p>\u2014 Livraison, installation et retrait de vos lettres Marry Me (choisissez rouge, blanc ou rose)<br \/>\u2014 Tapis rouge ou blanc moelleux sur un podium<br \/>\u2014 24 bougies plus des lanternes d\u00e9coratives<br \/>\u2014 P\u00e9tales de rose d&#039;accentuation de plus de 100 roses<\/p>\n<p>Mises \u00e0 jour GPS en direct via WhatsApp le jour de votre \u00e9v\u00e9nement<em>.<\/em><\/p>\n\n<\/div>\n<\/div>\n<div id=\"faq-question-1748532458947\" class=\"rank-math-list-item\">\n<h3 class=\"rank-math-question\">Am\u00e9liorez vos lettres de proposition \u00ab\u00a0Marry Me\u00a0\u00bb<\/h3>\n<div class=\"rank-math-answer\">\n\n<p>- <strong>Style paparazzi <a href=\"https:\/\/kissinparis.com\/fr\/demande-en-mariage-paris\/photographe\/\">photographie<\/a> (60 min) :<\/strong> \u00e0 partir de 300 \u20ac<br \/>- <strong>Bobine vid\u00e9o de 60 secondes de style Instagram\u00a0:<\/strong> \u20ac375<br \/>- <strong><a href=\"https:\/\/kissinparis.com\/fr\/videaste-paris\/\">Vid\u00e9ographe<\/a>:<\/strong> 500 \u20ac\/heure<br \/>- <strong><a href=\"https:\/\/kissinparis.com\/fr\/demande-en-mariage-paris\/organisateur\/\">Planification de services complets<\/a>:<\/strong> \u00e0 partir de 950 \u20ac (coordination le jour m\u00eame uniquement : 450 \u20ac)<br \/>- <strong>Ma\u00eetre musicien en direct<\/strong> (guitare, violon, violoncelle, harpe) : \u00e0 partir de 375 \u20ac<br \/>- <strong>Forfait Champagne &amp; roses :<\/strong> \u00e0 partir de 325 \u20ac (fl\u00fbtes en cristal + bouquet premium)<br \/>- <strong>\u00c9clairage professionnel et gestionnaire de foule :<\/strong> 225 \u20ac (obligatoire apr\u00e8s le coucher du soleil)<\/p>\n<p><strong>Fontaines de feux d&#039;artifice :<\/strong><br \/>\u2014 2 unit\u00e9s, 30 sec : 120 \u20ac<br \/>\u2014 4 unit\u00e9s, 30 sec : 200 \u20ac<br \/>\u2014 2 unit\u00e9s, 60 sec : 160 \u20ac<br \/>\u2014 4 unit\u00e9s, 60 sec : 240 \u20ac<br \/><em>(Non disponible sur le <a href=\"https:\/\/kissinparis.com\/fr\/table-secrete-peninsula-paris\/\">Toit de la p\u00e9ninsule<\/a>)<\/em><\/p>\n<p><strong>Accents de rosier :<\/strong> 800 \u20ac\/m (100 roses par m\u00e8tre ; devis floraux personnalis\u00e9s disponibles)<\/p>\n\n<\/div>\n<\/div>\n<div id=\"faq-question-1748532535424\" class=\"rank-math-list-item\">\n<h3 class=\"rank-math-question\">Conditions g\u00e9n\u00e9rales importantes<\/h3>\n<div class=\"rank-math-answer\">\n\n<p>- <strong>M\u00e9t\u00e9o et vent :<\/strong> Nous ne pouvons pas contr\u00f4ler la pluie ni le vent. En cas de fortes pluies, nous essaierons de reporter la c\u00e9r\u00e9monie (selon notre calendrier). Des vents forts pourraient perturber les p\u00e9tales, la d\u00e9coration, l&#039;\u00e9clairage ou les lettres.<br \/>\u2014 Permis publics\u00a0: Certains sites (par exemple, le long de la Seine) peuvent n\u00e9cessiter des permis locaux. Les frais et retards \u00e9ventuels sont \u00e0 votre charge.<br \/>- <strong>Frais non remboursables :<\/strong> Tous les frais de planification et d\u2019installation, y compris les lettres, les fleurs et la d\u00e9coration, sont d\u00e9finitifs et non remboursables une fois r\u00e9serv\u00e9s.<\/p>\n\n<\/div>\n<\/div>\n<\/div>\n<\/div>\n\n\n<div style=\"height:50px\" aria-hidden=\"true\" class=\"wp-block-spacer\"><\/div>\n\n\n\n<div class=\"wp-block-buttons is-layout-flex wp-block-buttons-is-layout-flex\">\n<div class=\"wp-block-button\"><a class=\"wp-block-button__link wp-element-button\" href=\"https:\/\/kissinparis.com\/fr\/consultation\/\">Demandes de renseignements<\/a><\/div>\n\n\n\n<div class=\"wp-block-button is-style-fill\"><a class=\"wp-block-button__link wp-element-button\" href=\"https:\/\/kissinparis.com\/fr\/demande-en-mariage-paris\/forfaits\/\">dossiers de propositions<\/a><\/div>\n<\/div>\n<\/div><\/div>\n\n\n\n<div class=\"wp-block-group alignfull mt-0 mb-0  sec sec-map\"><div class=\"wp-block-group__inner-container is-layout-constrained wp-block-group-is-layout-constrained\">\n<div class=\"wp-block-columns are-vertically-aligned-center mt-0 mb-0 is-layout-flex wp-container-core-columns-is-layout-9d6595d7 wp-block-columns-is-layout-flex\">\n<div class=\"wp-block-column is-vertically-aligned-center is-layout-flow wp-block-column-is-layout-flow\">\n<p class=\"title-v2 mb-20\">Au c\u0153ur de Paris.<\/p>\n\n\n\n<p>Kiss Me in Paris Proposals &amp; Weddings<br>78 Av. Raymond Poincar\u00e9, 75116 Paris, France<br><a href=\"tel:+33661351511\">+33 6 61 35 15 11<\/a><br><a href=\"mailto:support@kissinparis.com\">support@kissinparis.com<\/a><\/p>\n<\/div>\n\n\n\n<div class=\"wp-block-column is-vertically-aligned-center is-layout-flow wp-block-column-is-layout-flow\">\n<iframe title=\"Carte indiquant l&#039;emplacement de Kiss Me in Paris Demandes en mariage et mariages\" src=\"https:\/\/www.google.com\/maps\/embed?pb=!1m18!1m12!1m3!1d2624.433873533341!2d2.28082346080246!3d48.86900492627629!2m3!1f0!2f0!3f0!3m2!1i1024!2i768!4f13.1!3m3!1m2!1s0x47e66f84666f802f%3A0x7b03905155589b66!2sKiss%20Me%20in%20Paris%20Proposals%20%26%20Weddings!5e0!3m2!1sen!2sin!4v1744567332130!5m2!1sen!2sin\" width=\"600\" height=\"450\" style=\"border:0;\" allowfullscreen=\"\" loading=\"lazy\" referrerpolicy=\"no-referrer-when-downgrade\"><\/iframe>\n<\/div>\n<\/div>\n<\/div><\/div>","protected":false},"excerpt":{"rendered":"<p>Marry Me Letters Paris \u2014 Premium Proposal Setup Book in minutes. Premium white, red, or pink letters with professional delivery, placement &amp; removal, timed with your photographer. A Spectacular \u2018Marry Me\u2019 Letters Proposal by the Seine\u2014Guaranteed For a bold yet intimate gesture in Paris, nothing matches this experience along the River Seine. Your evening begins [&hellip;]<\/p>\n","protected":false},"author":35,"featured_media":9068,"parent":293,"menu_order":0,"comment_status":"closed","ping_status":"closed","template":"","meta":{"_acf_changed":false,"ub_ctt_via":"","footnotes":""},"class_list":["post-4504","page","type-page","status-publish","has-post-thumbnail","hentry"],"acf":[],"featured_image_src":"https:\/\/kissinparis.com\/wp-content\/uploads\/2023\/04\/Romantic-Paris-proposal-packages.jpg","_links":{"self":[{"href":"https:\/\/kissinparis.com\/fr\/wp-json\/wp\/v2\/pages\/4504","targetHints":{"allow":["GET"]}}],"collection":[{"href":"https:\/\/kissinparis.com\/fr\/wp-json\/wp\/v2\/pages"}],"about":[{"href":"https:\/\/kissinparis.com\/fr\/wp-json\/wp\/v2\/types\/page"}],"author":[{"embeddable":true,"href":"https:\/\/kissinparis.com\/fr\/wp-json\/wp\/v2\/users\/35"}],"replies":[{"embeddable":true,"href":"https:\/\/kissinparis.com\/fr\/wp-json\/wp\/v2\/comments?post=4504"}],"version-history":[{"count":17,"href":"https:\/\/kissinparis.com\/fr\/wp-json\/wp\/v2\/pages\/4504\/revisions"}],"predecessor-version":[{"id":28509,"href":"https:\/\/kissinparis.com\/fr\/wp-json\/wp\/v2\/pages\/4504\/revisions\/28509"}],"up":[{"embeddable":true,"href":"https:\/\/kissinparis.com\/fr\/wp-json\/wp\/v2\/pages\/293"}],"wp:featuredmedia":[{"embeddable":true,"href":"https:\/\/kissinparis.com\/fr\/wp-json\/wp\/v2\/media\/9068"}],"wp:attachment":[{"href":"https:\/\/kissinparis.com\/fr\/wp-json\/wp\/v2\/media?parent=4504"}],"curies":[{"name":"wp","href":"https:\/\/api.w.org\/{rel}","templated":true}]}}