{"id":4625,"date":"2025-01-08T13:56:00","date_gmt":"2025-01-08T13:56:00","guid":{"rendered":"https:\/\/kissinparis.com\/?page_id=4625"},"modified":"2025-10-14T14:32:00","modified_gmt":"2025-10-14T14:32:00","slug":"violoniste","status":"publish","type":"page","link":"https:\/\/kissinparis.com\/fr\/paris-proposal\/paris-violinist\/","title":{"rendered":"Violoniste \u00e0 Paris pour demande en mariage &amp; mariage"},"content":{"rendered":"<div class=\"wp-block-group alignfull sec heror-section mt-0 mb-0 has-scroll-down has-background-color has-primary-background-color has-text-color has-background has-link-color wp-elements-f43bcc5897167eed0986af23d5c7ee90\"><div class=\"wp-block-group__inner-container is-layout-constrained wp-block-group-is-layout-constrained\">\n<h1 class=\"wp-block-heading alignwide has-text-align-left full has-background-color has-text-color has-link-color wp-elements-692186eb6cf8757788dd8e6b9fc402d3\">Violoniste \u00e0 Paris pour demande en mariage &amp; mariage<\/h1>\n\n\n\n<p class=\"has-large-font-size\">Violonistes anglophones de niveau orchestre, habitu\u00e9s aux \u00e9v\u00e9nements de luxe \u2014 \u00e9l\u00e9gants, ponctuels, capables de pr\u00e9parer des arrangements sur mesure (y compris en langue \u00e9trang\u00e8re) en court d\u00e9lai. S\u00e9lectionn\u00e9s par notre \u00e9quipe et coordonn\u00e9s avec votre organisateur\/photographe.<\/p>\n\n\n\n<div class=\"wp-block-buttons alignfull mt-0 mb-0 pt-10 is-layout-flex wp-block-buttons-is-layout-flex\">\n<div class=\"wp-block-button\"><a class=\"wp-block-button__link has-primary-color has-background-background-color has-text-color has-background wp-element-button\" href=\"https:\/\/kissinparis.com\/fr\/consultation\/\">Demandes de renseignements<\/a><\/div>\n<\/div>\n<\/div><\/div>\n\n\n\n<div class=\"wp-block-cover alignfull is-light mt-0 mb-0 banner banner-resources  banner-contact\"><img loading=\"lazy\" decoding=\"async\" width=\"1800\" height=\"1200\" class=\"wp-block-cover__image-background wp-image-24086 size-full\" alt=\"Demande en mariage au Trocad\u00e9ro, \u00e0 Paris, avec un violoniste jouant sa chanson pr\u00e9f\u00e9r\u00e9e, l&#039;homme s&#039;agenouillant et la femme l&#039;embrassant, avec la Tour Eiffel en toile de fond.\" src=\"https:\/\/kissinparis.com\/wp-content\/uploads\/2025\/06\/Musician-Violinist-Paris-proposal.webp\" style=\"object-position:64% 73%\" data-object-fit=\"cover\" data-object-position=\"64% 73%\" srcset=\"https:\/\/kissinparis.com\/wp-content\/uploads\/2025\/06\/Musician-Violinist-Paris-proposal.webp 1800w, https:\/\/kissinparis.com\/wp-content\/uploads\/2025\/06\/Musician-Violinist-Paris-proposal-300x200.webp 300w, https:\/\/kissinparis.com\/wp-content\/uploads\/2025\/06\/Musician-Violinist-Paris-proposal-1024x683.webp 1024w, https:\/\/kissinparis.com\/wp-content\/uploads\/2025\/06\/Musician-Violinist-Paris-proposal-768x512.webp 768w, https:\/\/kissinparis.com\/wp-content\/uploads\/2025\/06\/Musician-Violinist-Paris-proposal-1536x1024.webp 1536w, https:\/\/kissinparis.com\/wp-content\/uploads\/2025\/06\/Musician-Violinist-Paris-proposal-1200x800.webp 1200w\" sizes=\"auto, (max-width: 1800px) 100vw, 1800px\" \/><span aria-hidden=\"true\" class=\"wp-block-cover__background has-primary-background-color has-background-dim-0 has-background-dim\"><\/span><div class=\"wp-block-cover__inner-container is-layout-flow wp-block-cover-is-layout-flow\">\n<p class=\"has-text-align-center has-large-font-size\"><\/p>\n\n\n\n<div class=\"banner-video\">\n<img decoding=\"async\" src=\"https:\/\/kissinparis.com\/wp-content\/uploads\/2023\/02\/placeholder_16x9.png\" alt=\"Zone du h\u00e9ros\">\n<\/div>\n<\/div><\/div>\n\n\n\n<div class=\"wp-block-group alignfull mt-0 mb-0 sec sec-content\" id=\"sec-1\"><div class=\"wp-block-group__inner-container is-layout-constrained wp-block-group-is-layout-constrained\">\n<p>Notre demande en mariage avec une diseuse de bonne aventure et un violoniste cr\u00e9e un moment inoubliable \u00e0 Paris. En fl\u00e2nant dans les rues, vous \u00ab rencontrez \u00bb un ma\u00eetre violoniste jouant la chanson pr\u00e9f\u00e9r\u00e9e de votre partenaire. Apr\u00e8s une br\u00e8ve conversation, le musicien vous dit : \u00ab Une diseuse de bonne aventure m&#039;a dit que je te rencontrerais aujourd&#039;hui et m&#039;a demand\u00e9 de te remettre ce mot. \u00bb Pendant que votre partenaire lit votre message touchant, vous faites votre demande avec la bague tandis que le violoniste continue de jouer pour votre c\u00e9l\u00e9bration au champagne.<\/p>\n\n\n\n<h2 class=\"wp-block-heading\"><strong>Pourquoi choisir un violoniste parisien pour votre demande en mariage<\/strong><\/h2>\n\n\n\n<p><strong>Impact \u00e9motionnel :<\/strong> La musique live du violon jouant la chanson pr\u00e9f\u00e9r\u00e9e de votre partenaire cr\u00e9e une romance que la musique enregistr\u00e9e ne peut \u00e9galer.<\/p>\n\n\n\n<p><strong>Planification r\u00e9fl\u00e9chie :<\/strong> Nos violonistes qualifi\u00e9s apprennent \u00e0 l&#039;avance la chanson que vous avez demand\u00e9e, m\u00eame avec un court pr\u00e9avis et dans des langues \u00e9trang\u00e8res, faisant preuve d&#039;un soin et d&#039;une attention exceptionnels.<\/p>\n\n\n\n<p><strong>Qualit\u00e9 professionnelle :<\/strong> Un musicien bien habill\u00e9 met en valeur vos photos et vid\u00e9os de proposition, cr\u00e9ant une sc\u00e8ne extraordinaire plut\u00f4t qu&#039;un moment ordinaire.<\/p>\n\n\n\n<p><strong>Avantages pratiques :<\/strong> Le violoniste guide votre photographe, g\u00e8re les spectateurs et s&#039;assure que votre emplacement est facilement identifiable.<\/p>\n\n\n\n<div class=\"wp-block-buttons is-content-justification-center is-layout-flex wp-container-core-buttons-is-layout-16018d1d wp-block-buttons-is-layout-flex\">\n<div class=\"wp-block-button\"><a class=\"wp-block-button__link wp-element-button\" href=\"https:\/\/kissinparis.com\/fr\/consultation\/\">R\u00e9server<\/a><\/div>\n\n\n\n<div class=\"wp-block-button is-style-fill\"><a class=\"wp-block-button__link wp-element-button\" href=\"https:\/\/kissinparis.com\/fr\/demande-en-mariage-paris\/forfaits\/\">dossiers de propositions<\/a><\/div>\n<\/div>\n\n\n\n<h2 class=\"wp-block-heading title-v2\">Ce que comprend votre proposition de violoniste diseuse de bonne aventure : 1\u00a0125 \u20ac+<\/h2>\n\n\n\n<ul class=\"wp-block-list\">\n<li><strong>Coordination de la journ\u00e9e des experts<\/strong>: Notre d\u00e9di\u00e9 <a href=\"https:\/\/kissinparis.com\/fr\/demande-en-mariage-paris\/organisateur\/\">Planificateur de demande en mariage \u00e0 Paris<\/a> garantit que tous les fournisseurs comprennent leurs r\u00f4les et leurs d\u00e9lais, vous offrant ainsi une exp\u00e9rience pr\u00eate \u00e0 l&#039;emploi et sans stress.<\/li>\n\n\n\n<li><strong>Ma\u00eetre violoniste parisien<\/strong>:Un musicien \u00e9l\u00e9gant interpr\u00e8te la chanson pr\u00e9f\u00e9r\u00e9e de votre partenaire et continue avec des s\u00e9lections romantiques de son r\u00e9pertoire.<\/li>\n\n\n\n<li><strong>Photographie de proposition professionnelle<\/strong>:Un amical, <a href=\"https:\/\/kissinparis.com\/fr\/demande-en-mariage-paris\/photographe\/\">photographe parisien exp\u00e9riment\u00e9<\/a> capture de mani\u00e8re experte votre engagement du d\u00e9but \u00e0 la fin, en fournissant 20 images \u00e9dit\u00e9es de haute qualit\u00e9.<\/li>\n\n\n\n<li><strong>Message de proposition personnalis\u00e9<\/strong>:Nous vous aidons \u00e0 r\u00e9diger une note romantique (qui peut \u00e9galement servir de discours de proposition) que votre violoniste pourra remettre.<\/li>\n\n\n\n<li><strong>Champagne Premium (Ruinart)<\/strong>:Portez un toast \u00e0 vos nouveaux fian\u00e7ailles avec une bouteille bien fra\u00eeche de champagne fran\u00e7ais exceptionnel.<\/li>\n<\/ul>\n\n\n\n<p class=\"sec-header\"><em>Pour les couples soucieux de leur budget, nous proposons un forfait violoniste classique simplifi\u00e9 (675 \u20ac+) qui exclut le sc\u00e9nario de Fortune Teller et la coordination le jour m\u00eame.<\/em><\/p>\n\n\n\n<figure class=\"wp-block-image size-large\"><a href=\"https:\/\/kissinparis.com\/wp-content\/uploads\/2025\/04\/paris-violinist-proposal-peninsula-secret-table.webp\" aria-label=\"Lire la suite : Un violoniste parisien se produit lors d&#039;une demande en mariage romantique \u00e0 la Tour Eiffel au Peninsula\"><img loading=\"lazy\" decoding=\"async\" width=\"1024\" height=\"683\" src=\"https:\/\/kissinparis.com\/wp-content\/uploads\/2025\/04\/paris-violinist-proposal-peninsula-secret-table-1024x683.webp\" alt=\"Un violoniste parisien se produit lors d&#039;une demande en mariage romantique \u00e0 la Tour Eiffel au Peninsula\" class=\"wp-image-18292\" srcset=\"https:\/\/kissinparis.com\/wp-content\/uploads\/2025\/04\/paris-violinist-proposal-peninsula-secret-table-1024x683.webp 1024w, https:\/\/kissinparis.com\/wp-content\/uploads\/2025\/04\/paris-violinist-proposal-peninsula-secret-table-300x200.webp 300w, https:\/\/kissinparis.com\/wp-content\/uploads\/2025\/04\/paris-violinist-proposal-peninsula-secret-table-768x512.webp 768w, https:\/\/kissinparis.com\/wp-content\/uploads\/2025\/04\/paris-violinist-proposal-peninsula-secret-table-1536x1024.webp 1536w, https:\/\/kissinparis.com\/wp-content\/uploads\/2025\/04\/paris-violinist-proposal-peninsula-secret-table-1200x800.webp 1200w, https:\/\/kissinparis.com\/wp-content\/uploads\/2025\/04\/paris-violinist-proposal-peninsula-secret-table.webp 1600w\" sizes=\"auto, (max-width: 1024px) 100vw, 1024px\" \/><\/a><figcaption class=\"wp-element-caption\">Une proposition magique de violoniste \u00e0 Paris. Nous pouvons organiser votre ma\u00eetre violoniste n'importe o\u00f9 - des terrasses de toit de la Tour Eiffel aux yachts priv\u00e9s ou aux ch\u00e2teaux fran\u00e7ais. Notez que le lieu et le d\u00e9cor montr\u00e9s sur cette photo ne sont pas inclus dans le forfait standard.<\/figcaption><\/figure>\n\n\n\n<h2 class=\"wp-block-heading title-v2\">Rendez-le encore plus sp\u00e9cial\u00a0: am\u00e9liorations du package en option<\/h2>\n\n\n\n<p><strong>Am\u00e9liorations suppl\u00e9mentaires<\/strong>:<\/p>\n\n\n\n<ul class=\"wp-block-list\">\n<li><strong>Vid\u00e9o cin\u00e9matographique<\/strong>: 500 \u20ac \u2013 Documentation professionnelle de votre <a href=\"https:\/\/kissinparis.com\/fr\/videaste-paris\/\">proposition au cin\u00e9ma<\/a>.<\/li>\n\n\n\n<li><strong>Photographie \u00e9tendue<\/strong>:\u00c0 partir de 250 \u20ac de l&#039;heure.<\/li>\n\n\n\n<li><strong>Roses fra\u00eeches \u00e0 longues tiges<\/strong>: 200 \u20ac \u2013 Un superbe bouquet de 20 roses \u00e9l\u00e9gantes.<\/li>\n\n\n\n<li><strong>Champagne Premium frais<\/strong>: 125 \u20ac : C\u00e9l\u00e9brez vos nouveaux fian\u00e7ailles avec une prime <a href=\"https:\/\/kissinparis.com\/fr\/demande-en-mariage-paris\/demande-champagne-macarons\/\">toast au champagne<\/a>.<\/li>\n<\/ul>\n\n\n\n<p><em><strong>Remarque\u00a0: frais de remise en main propre de 50\u00a0\u20ac<\/strong> s&#039;applique lors de la r\u00e9servation d&#039;articles tels que des roses ou du champagne frais sans forfait.<\/em><\/p>\n\n\n\n<p><strong>Options de champagne haut de gamme<\/strong> (remplace Ruinart si ajout\u00e9) :<\/p>\n\n\n\n<ul class=\"wp-block-list\">\n<li><strong>Dom P\u00e9rignon<\/strong>: +\u20ac350<\/li>\n\n\n\n<li><strong>Armand de Brignac<\/strong> (As de pique) : +525 \u20ac<\/li>\n\n\n\n<li>Tarifs pour <strong>mill\u00e9simes rares et options de champagne premium<\/strong> (comme Dom P\u00e9rignon Ros\u00e9, Pl\u00e9nitude 2 ou Salon) est disponible sur demande.<\/li>\n<\/ul>\n\n\n\n<h2 class=\"wp-block-heading title-v2\">R\u00e9server votre proposition est simple.<\/h2>\n\n\n\n<p>Notre processus simple facilite la r\u00e9servation de votre date\u00a0:<\/p>\n\n\n\n<ol class=\"wp-block-list\">\n<li><strong>V\u00e9rifier la disponibilit\u00e9<\/strong>:Contactez-nous avec vos dates pr\u00e9f\u00e9r\u00e9es pour une confirmation rapide.<\/li>\n\n\n\n<li><strong>Confirmer et s\u00e9curiser<\/strong>:Signer notre contrat num\u00e9rique et soumettre le d\u00e9p\u00f4t 50%.<\/li>\n\n\n\n<li><strong>Partager les d\u00e9tails<\/strong>:Parlez-nous de la chanson pr\u00e9f\u00e9r\u00e9e de votre partenaire et partagez votre vision.<\/li>\n\n\n\n<li><strong>\u00c9laborez votre plan<\/strong>:Cr\u00e9ez un sc\u00e9nario complet de diseuse de bonne aventure, y compris votre note d&#039;amour.<\/li>\n\n\n\n<li><span style=\"box-sizing: border-box; margin: 0px; padding: 0px;\"><strong>Paiement final<\/strong>:Le solde restant doit \u00eatre r\u00e9gl\u00e9 au plus tard \u00e0 la date de votre proposition.<\/span><\/li>\n<\/ol>\n\n\n\n<p><strong>Important<\/strong>:Votre acompte deviendra un acompte non remboursable 10 jours avant la date pr\u00e9vue.<\/p>\n\n\n\n<figure class=\"wp-block-image size-large\"><a href=\"https:\/\/kissinparis.com\/wp-content\/uploads\/2025\/04\/signature-paris-proposal-master-violinist-eiffel.webp\" aria-label=\"En savoir plus sur une violoniste extr\u00eamement talentueuse, vue ici en train de jouer dans une \u00e9l\u00e9gante robe rouge lors d&#039;une demande en mariage \u00e0 Paris. Nous pouvons organiser la venue de votre violoniste dans le lieu de votre choix.\"><img loading=\"lazy\" decoding=\"async\" width=\"1024\" height=\"683\" src=\"https:\/\/kissinparis.com\/wp-content\/uploads\/2025\/04\/signature-paris-proposal-master-violinist-eiffel-1024x683.webp\" alt=\"Une violoniste extr\u00eamement talentueuse, v\u00eatue d&#039;une \u00e9l\u00e9gante robe rouge, joue ici lors d&#039;une demande en mariage \u00e0 Paris. Nous pouvons organiser la venue de votre violoniste dans le lieu de votre choix.\" class=\"wp-image-18293\" srcset=\"https:\/\/kissinparis.com\/wp-content\/uploads\/2025\/04\/signature-paris-proposal-master-violinist-eiffel-1024x683.webp 1024w, https:\/\/kissinparis.com\/wp-content\/uploads\/2025\/04\/signature-paris-proposal-master-violinist-eiffel-300x200.webp 300w, https:\/\/kissinparis.com\/wp-content\/uploads\/2025\/04\/signature-paris-proposal-master-violinist-eiffel-768x512.webp 768w, https:\/\/kissinparis.com\/wp-content\/uploads\/2025\/04\/signature-paris-proposal-master-violinist-eiffel-1536x1024.webp 1536w, https:\/\/kissinparis.com\/wp-content\/uploads\/2025\/04\/signature-paris-proposal-master-violinist-eiffel-1200x800.webp 1200w, https:\/\/kissinparis.com\/wp-content\/uploads\/2025\/04\/signature-paris-proposal-master-violinist-eiffel.webp 1600w\" sizes=\"auto, (max-width: 1024px) 100vw, 1024px\" \/><\/a><figcaption class=\"wp-element-caption\">Une violoniste talentueuse, v\u00eatue d&#039;une \u00e9l\u00e9gante robe rouge, joue ici lors d&#039;une demande en mariage \u00e0 Paris. Nous pouvons organiser un concert o\u00f9 vous le souhaitez. Veuillez noter que le lieu et le d\u00e9cor pr\u00e9sent\u00e9s sur cette photo ne sont pas inclus dans le forfait standard.<\/figcaption><\/figure>\n\n\n\n<h2 class=\"wp-block-heading title-v2\">Questions fr\u00e9quentes sur notre demande en mariage avec une violoniste diseuse de bonne aventure parisienne<\/h2>\n\n\n\n<p><strong>Quelles chansons le violoniste parisien peut-il jouer pour ma demande en mariage ?<\/strong> Nos violonistes peuvent interpr\u00e9ter presque toutes les chansons d&#039;amour populaires, des morceaux classiques, <strong>et avec pr\u00e9avis, m\u00eame des chansons \u00e9trang\u00e8res<\/strong>. Cette touche personnelle cr\u00e9e une co\u00efncidence extraordinaire lorsque votre partenaire entend sa chanson pr\u00e9f\u00e9r\u00e9e jouer \u00ab au hasard \u00bb \u00e0 Paris.<\/p>\n\n\n\n<p><strong>Comment mon partenaire ne se doutera de rien ?<\/strong> L&#039;exp\u00e9rience \u00ab\u00a0Diseuse de bonne aventure\u00a0\u00bb est con\u00e7ue pour une surprise totale. Le violoniste appara\u00eet comme un musicien de rue parisien typique jusqu&#039;au moment opportun. La rencontre fortuite semble tout \u00e0 fait naturelle, et la prononciation des notes constitue un retournement de situation surprenant.<\/p>\n\n\n\n<p><strong>Pouvons-nous choisir le lieu de notre demande en mariage \u00e0 Paris ?<\/strong> Absolument ! Choisissez le lieu parisien qui vous pla\u00eet. Nos organisateurs de demande en mariage peuvent \u00e9galement vous sugg\u00e9rer de superbes terrasses priv\u00e9es sur les toits de la tour Eiffel, id\u00e9ales pour un mariage.<\/p>\n\n\n\n<p><strong>Que se passerait-il s&#039;il pleuvait pendant notre demande en mariage \u00e0 Paris ?<\/strong> Nous surveillons la m\u00e9t\u00e9o et sugg\u00e9rons de belles alternatives couvertes si n\u00e9cessaire. Une pluie l\u00e9g\u00e8re permet souvent de r\u00e9duire la foule et de r\u00e9aliser des photos vraiment magiques.<\/p>\n\n\n\n<p><strong>Dans combien de temps pouvons-nous esp\u00e9rer recevoir des photos de notre demande en mariage \u00e0 Paris ?<\/strong> Vous d\u00e9couvrirez toutes les images non retouch\u00e9es dans les 24 heures suivant votre proposition. Votre collection comprend 20 photos retouch\u00e9es par des professionnels, disponibles via une galerie en ligne facile \u00e0 utiliser.<\/p>\n\n\n\n<h2 class=\"wp-block-heading title-v2\">T\u00e9moignages r\u00e9els de propositions de diseuses de bonne aventure \u00e0 Paris<\/h2>\n\n\n\n<p>Julianna fait un travail exceptionnel. Tout a \u00e9t\u00e9 r\u00e9alis\u00e9 selon nos sp\u00e9cifications exactes et le shooting a \u00e9t\u00e9 r\u00e9alis\u00e9 \u00e0 la perfection. Un grand merci pour cette exp\u00e9rience vraiment merveilleuse. <strong>Kyle Schultz<\/strong><\/p>\n\n\n\n<p>Ce fut un r\u00e9el plaisir de travailler avec Scander. Toute l&#039;exp\u00e9rience avec cette entreprise, du d\u00e9but \u00e0 la fin, a \u00e9t\u00e9 formidable. Venant de Californie sans \u00eatre all\u00e9 \u00e0 Paris, on peut se demander quel photographe choisir pour une occasion sp\u00e9ciale. Scander a \u00e9t\u00e9 serviable, communicatif, dr\u00f4le et nous a permis de r\u00e9aliser de magnifiques photos que nous n&#039;oublierons jamais. Il a vraiment contribu\u00e9 \u00e0 cr\u00e9er une exp\u00e9rience positive. Un grand merci \u00e0 lui\u00a0! <strong>Kyle Stephens<\/strong><\/p>\n<\/div><\/div>\n\n\n\n<div class=\"wp-block-group alignfull mt-0 mb-0  sec sec-map\"><div class=\"wp-block-group__inner-container is-layout-constrained wp-block-group-is-layout-constrained\">\n<div class=\"wp-block-columns are-vertically-aligned-center mt-0 mb-0 is-layout-flex wp-container-core-columns-is-layout-9d6595d7 wp-block-columns-is-layout-flex\">\n<div class=\"wp-block-column is-vertically-aligned-center is-layout-flow wp-block-column-is-layout-flow\">\n<p class=\"title-v2 mb-20\">Au c\u0153ur de Paris.<\/p>\n\n\n\n<p>Kiss Me in Paris Proposals &amp; Weddings<br>78 Av. Raymond Poincar\u00e9, 75116 Paris, France<br><a href=\"tel:+33661351511\">+33 6 61 35 15 11<\/a><br><a href=\"mailto:support@kissinparis.com\">support@kissinparis.com<\/a><\/p>\n<\/div>\n\n\n\n<div class=\"wp-block-column is-vertically-aligned-center is-layout-flow wp-block-column-is-layout-flow\">\n<iframe title=\"Carte indiquant l&#039;emplacement de Kiss Me in Paris Demandes en mariage et mariages\" src=\"https:\/\/www.google.com\/maps\/embed?pb=!1m18!1m12!1m3!1d2624.433873533341!2d2.28082346080246!3d48.86900492627629!2m3!1f0!2f0!3f0!3m2!1i1024!2i768!4f13.1!3m3!1m2!1s0x47e66f84666f802f%3A0x7b03905155589b66!2sKiss%20Me%20in%20Paris%20Proposals%20%26%20Weddings!5e0!3m2!1sen!2sin!4v1744567332130!5m2!1sen!2sin\" width=\"600\" height=\"450\" style=\"border:0;\" allowfullscreen=\"\" loading=\"lazy\" referrerpolicy=\"no-referrer-when-downgrade\"><\/iframe>\n<\/div>\n<\/div>\n<\/div><\/div>","protected":false},"excerpt":{"rendered":"<p>Paris Violinist for Proposals &amp; Weddings Orchestra-level, English-speaking violinists with luxury-event experience\u2014stylish, punctual, and able to prepare custom arrangements (incl. foreign-language songs) on short notice. Handpicked by our team and aligned with your planner\/photographer. Our Fortune Teller Violinist Proposal creates an unforgettable moment in Paris. As you stroll the city streets, you &#8220;encounter&#8221; a master [&hellip;]<\/p>\n","protected":false},"author":35,"featured_media":24086,"parent":293,"menu_order":0,"comment_status":"closed","ping_status":"closed","template":"","meta":{"_acf_changed":false,"ub_ctt_via":"","footnotes":""},"class_list":["post-4625","page","type-page","status-publish","has-post-thumbnail","hentry"],"acf":[],"featured_image_src":"https:\/\/kissinparis.com\/wp-content\/uploads\/2025\/06\/Musician-Violinist-Paris-proposal.webp","_links":{"self":[{"href":"https:\/\/kissinparis.com\/fr\/wp-json\/wp\/v2\/pages\/4625","targetHints":{"allow":["GET"]}}],"collection":[{"href":"https:\/\/kissinparis.com\/fr\/wp-json\/wp\/v2\/pages"}],"about":[{"href":"https:\/\/kissinparis.com\/fr\/wp-json\/wp\/v2\/types\/page"}],"author":[{"embeddable":true,"href":"https:\/\/kissinparis.com\/fr\/wp-json\/wp\/v2\/users\/35"}],"replies":[{"embeddable":true,"href":"https:\/\/kissinparis.com\/fr\/wp-json\/wp\/v2\/comments?post=4625"}],"version-history":[{"count":7,"href":"https:\/\/kissinparis.com\/fr\/wp-json\/wp\/v2\/pages\/4625\/revisions"}],"predecessor-version":[{"id":28500,"href":"https:\/\/kissinparis.com\/fr\/wp-json\/wp\/v2\/pages\/4625\/revisions\/28500"}],"up":[{"embeddable":true,"href":"https:\/\/kissinparis.com\/fr\/wp-json\/wp\/v2\/pages\/293"}],"wp:featuredmedia":[{"embeddable":true,"href":"https:\/\/kissinparis.com\/fr\/wp-json\/wp\/v2\/media\/24086"}],"wp:attachment":[{"href":"https:\/\/kissinparis.com\/fr\/wp-json\/wp\/v2\/media?parent=4625"}],"curies":[{"name":"wp","href":"https:\/\/api.w.org\/{rel}","templated":true}]}}