{"id":4643,"date":"2023-03-08T14:41:00","date_gmt":"2023-03-08T14:41:00","guid":{"rendered":"https:\/\/kissinparis.com\/?page_id=4643"},"modified":"2025-10-16T09:50:59","modified_gmt":"2025-10-16T09:50:59","slug":"commencer-ici","status":"publish","type":"page","link":"https:\/\/kissinparis.com\/fr\/start-here\/","title":{"rendered":"Trouvez votre service id\u00e9al \u00e0 Paris : Un guide rapide de nos offres"},"content":{"rendered":"<div class=\"wp-block-group alignfull sec heror-section full-width mt-0 mb-0 has-scroll-down has-background-color has-primary-background-color has-text-color has-background has-link-color wp-elements-a05e0e41df26d6dfa72f130619089ea2\"><div class=\"wp-block-group__inner-container is-layout-constrained wp-block-group-is-layout-constrained\">\n<div class=\"wp-block-columns alignfull summery is-layout-flex wp-container-core-columns-is-layout-9d6595d7 wp-block-columns-is-layout-flex\">\n<div class=\"wp-block-column is-layout-flow wp-block-column-is-layout-flow\">\n<h1 class=\"wp-block-heading has-text-align-left full has-background-color has-text-color has-link-color wp-elements-af6b45e41e15ca4611e53fe0fca01918\">Commencez ici : demandes en mariage, mariages &amp; s\u00e9ances photo \u00e0 Paris<\/h1>\n<\/div>\n\n\n\n<div class=\"wp-block-column lead is-layout-flow wp-block-column-is-layout-flow\">\n<p>Bonjour et f\u00e9licitations pour votre future aventure parisienne. Cette page vous guide directement vers le service que vous recherchez, que vous planifiiez une demande en mariage, un mariage ou une m\u00e9morable s\u00e9ance photo de vacances.<\/p>\n\n\n\n<p class=\"translation-block\">Consid\u00e9rez ceci comme votre feuille de route vers nos services les plus populaires et nos conseils d'experts. Notre \u00e9quipe est \u00e0 votre disposition par <a href=\"mailto:support@kissinparis.com?subject=Your Paris Inquiry | Kiss Me in Paris\" target=\"_self\">e-mail<\/a> ou <a href=\"https:\/\/api.whatsapp.com\/send?phone=33699061974\" data-type=\"link\" data-id=\"https:\/\/api.whatsapp.com\/send?phone=33699061974\" target=\"_blank\" rel=\"noopener\">WhatsApp<\/a> si vous avez besoin d'assistance.<\/p>\n<\/div>\n<\/div>\n<\/div><\/div>\n\n\n\n<div class=\"wp-block-group alignfull mt-0 mb-0 sec sec-service-rows start-here has-subtle-background-background-color has-background\"><div class=\"wp-block-group__inner-container is-layout-constrained wp-block-group-is-layout-constrained\">\n<div class=\"wp-block-columns alignfull gap service-row is-layout-flex wp-container-core-columns-is-layout-9d6595d7 wp-block-columns-is-layout-flex\">\n<div class=\"wp-block-column has-figure is-layout-flow wp-block-column-is-layout-flow\">\n<figure class=\"wp-block-image size-full\"><img loading=\"lazy\" decoding=\"async\" width=\"933\" height=\"1400\" src=\"https:\/\/kissinparis.com\/wp-content\/uploads\/2025\/04\/paris-proposal-photographer-peninsula-eiffel-tower-secret-table.webp\" alt=\"Le photographe de la demande en mariage \u00e0 Paris a captur\u00e9 une demande en mariage romantique \u00e0 la table secr\u00e8te du Peninsula avec vue sur la Tour Eiffel.\" class=\"wp-image-19274\" srcset=\"https:\/\/kissinparis.com\/wp-content\/uploads\/2025\/04\/paris-proposal-photographer-peninsula-eiffel-tower-secret-table.webp 933w, https:\/\/kissinparis.com\/wp-content\/uploads\/2025\/04\/paris-proposal-photographer-peninsula-eiffel-tower-secret-table-200x300.webp 200w, https:\/\/kissinparis.com\/wp-content\/uploads\/2025\/04\/paris-proposal-photographer-peninsula-eiffel-tower-secret-table-682x1024.webp 682w, https:\/\/kissinparis.com\/wp-content\/uploads\/2025\/04\/paris-proposal-photographer-peninsula-eiffel-tower-secret-table-768x1152.webp 768w\" sizes=\"auto, (max-width: 933px) 100vw, 933px\" \/><figcaption class=\"wp-element-caption\">Un moment magique captur\u00e9 par nos photographes sp\u00e9cialis\u00e9s dans les demandes en mariage \u00e0 Paris : il s'agenouille \u00e0 la Table Secr\u00e8te du Peninsula, entour\u00e9 de roses rouges, avec la Tour Eiffel comme t\u00e9moin. Nous documentons discr\u00e8tement chaque r\u00e9action lors de ces demandes en mariage uniques \u00e0 Paris.<\/figcaption><\/figure>\n<\/div>\n\n\n\n<div class=\"wp-block-column is-vertically-aligned-stretch has-content is-layout-flow wp-block-column-is-layout-flow\">\n<h2 class=\"wp-block-heading title full\"><em>(01)<\/em> <strong>Je veux faire ma demande en mariage \u00e0 Paris<\/strong><\/h2>\n\n\n\n<figure class=\"wp-block-image size-full\"><img loading=\"lazy\" decoding=\"async\" width=\"933\" height=\"1400\" src=\"https:\/\/kissinparis.com\/wp-content\/uploads\/2025\/04\/paris-proposal-photographer-peninsula-eiffel-tower-secret-table.webp\" alt=\"Le photographe de la demande en mariage \u00e0 Paris a captur\u00e9 une demande en mariage romantique \u00e0 la table secr\u00e8te du Peninsula avec vue sur la Tour Eiffel.\" class=\"wp-image-19274\" srcset=\"https:\/\/kissinparis.com\/wp-content\/uploads\/2025\/04\/paris-proposal-photographer-peninsula-eiffel-tower-secret-table.webp 933w, https:\/\/kissinparis.com\/wp-content\/uploads\/2025\/04\/paris-proposal-photographer-peninsula-eiffel-tower-secret-table-200x300.webp 200w, https:\/\/kissinparis.com\/wp-content\/uploads\/2025\/04\/paris-proposal-photographer-peninsula-eiffel-tower-secret-table-682x1024.webp 682w, https:\/\/kissinparis.com\/wp-content\/uploads\/2025\/04\/paris-proposal-photographer-peninsula-eiffel-tower-secret-table-768x1152.webp 768w\" sizes=\"auto, (max-width: 933px) 100vw, 933px\" \/><figcaption class=\"wp-element-caption\">Un moment magique captur\u00e9 par nos photographes sp\u00e9cialis\u00e9s dans les demandes en mariage \u00e0 Paris : il s'agenouille \u00e0 la Table Secr\u00e8te du Peninsula, entour\u00e9 de roses rouges, avec la Tour Eiffel comme t\u00e9moin. Nous documentons discr\u00e8tement chaque r\u00e9action lors de ces demandes en mariage uniques \u00e0 Paris.<\/figcaption><\/figure>\n\n\n\n<div class=\"wp-block-group content\"><div class=\"wp-block-group__inner-container is-layout-constrained wp-block-group-is-layout-constrained\">\n<p class=\"full\">Organisez une demande en mariage inoubliable \u00e0 Paris en b\u00e9n\u00e9ficiant de conseils d'experts, d'un acc\u00e8s \u00e0 des lieux magnifiques et d'une ex\u00e9cution fiable le jour J. Ainsi, vous (et votre future fianc\u00e9e) pourrez profiter d'une exp\u00e9rience sans stress et d'une image parfaite que vous garderez pr\u00e9cieusement pour toujours.<\/p>\n\n\n\n<ol class=\"wp-block-list\">\n<li><a href=\"https:\/\/kissinparis.com\/fr\/demande-en-mariage-paris\/forfait-tour-eiffel\/\" data-type=\"link\" data-id=\"https:\/\/kissinparis.com\/paris-proposal\/eiffel-tower-proposal-package\/\">Forfait de demande en mariage \u00e0 la Tour Eiffel<\/a>&nbsp;\u2014 Terrasse priv\u00e9e sur le toit, vue directe sur la Tour, configuration romantique et photographie professionnelle de 30 minutes \u00e0 partir de 1 750 \u20ac.<\/li>\n\n\n\n<li><a href=\"https:\/\/kissinparis.com\/fr\/demande-en-mariage-paris\/forfaits\/\" data-type=\"link\" data-id=\"https:\/\/kissinparis.com\/paris-proposal\/packages\/\">Tous les forfaits de demande en mariage \u00e0 Paris<\/a> - Des options pr\u00eates \u00e0 l'emploi con\u00e7ues pour un impact et une valeur maximums<\/li>\n\n\n\n<li><a href=\"https:\/\/kissinparis.com\/fr\/demande-en-mariage-paris\/organisateur\/\" data-type=\"link\" data-id=\"https:\/\/kissinparis.com\/paris-proposal\/planner\/\">Organisation de demandes \u00e0 Paris<\/a> - Faites appel \u00e0 nos experts anglophones pour une exp\u00e9rience personnalis\u00e9e.<\/li>\n\n\n\n<li><a href=\"https:\/\/kissinparis.com\/fr\/demande-en-mariage-paris\/\" data-type=\"link\" data-id=\"https:\/\/kissinparis.com\/paris-proposal\/\">Guide de la demande en mariage \u00e0 Paris<\/a> - D\u00e9couvrez les plus beaux endroits, le moment id\u00e9al et les conseils d'initi\u00e9s pour des fian\u00e7ailles parfaites \u00e0 Paris.<\/li>\n\n\n\n<li><a href=\"https:\/\/kissinparis.com\/fr\/demande-en-mariage-paris\/idees-paris\/\" data-type=\"link\" data-id=\"https:\/\/kissinparis.com\/paris-proposal\/ideas-paris\/\">Id\u00e9es uniques de demande en mariage \u00e0 Paris<\/a> - Laissez-vous inspirer par des concepts de propositions \u00e9prouv\u00e9s avec des exemples concrets et des conseils d'ex\u00e9cution.<\/li>\n\n\n\n<li><a href=\"https:\/\/kissinparis.com\/fr\/demande-en-mariage-rooftop-paris\/\">Les lieux de demande en mariage sur les toits de Paris<\/a> - D\u00e9couvrez des terrasses priv\u00e9es offrant une vue imprenable sur la Tour Eiffel, une discr\u00e9tion absolue et la libert\u00e9 de concevoir votre demande en mariage sur mesure.<\/li>\n<\/ol>\n<\/div><\/div>\n<\/div>\n\n\n\n<div class=\"wp-block-column is-vertically-aligned-bottom has-action is-layout-flow wp-block-column-is-layout-flow\"><\/div>\n<\/div>\n\n\n\n<div class=\"wp-block-columns alignfull gap service-row is-layout-flex wp-container-core-columns-is-layout-9d6595d7 wp-block-columns-is-layout-flex\">\n<div class=\"wp-block-column has-figure is-layout-flow wp-block-column-is-layout-flow\">\n<figure class=\"wp-block-image size-large\"><img loading=\"lazy\" decoding=\"async\" width=\"682\" height=\"1024\" src=\"https:\/\/kissinparis.com\/wp-content\/uploads\/2025\/04\/paris-wedding-photographer-dior-bride-chateau-vaux-le-vicomte-682x1024.webp\" alt=\"Un photographe de mariage \u00e0 Paris capture la mari\u00e9e dans une robe Dior Couture au Ch\u00e2teau Vaux le Vicomte\" class=\"wp-image-19226\" srcset=\"https:\/\/kissinparis.com\/wp-content\/uploads\/2025\/04\/paris-wedding-photographer-dior-bride-chateau-vaux-le-vicomte-682x1024.webp 682w, https:\/\/kissinparis.com\/wp-content\/uploads\/2025\/04\/paris-wedding-photographer-dior-bride-chateau-vaux-le-vicomte-200x300.webp 200w, https:\/\/kissinparis.com\/wp-content\/uploads\/2025\/04\/paris-wedding-photographer-dior-bride-chateau-vaux-le-vicomte-768x1152.webp 768w, https:\/\/kissinparis.com\/wp-content\/uploads\/2025\/04\/paris-wedding-photographer-dior-bride-chateau-vaux-le-vicomte.webp 933w\" sizes=\"auto, (max-width: 682px) 100vw, 682px\" \/><figcaption class=\"wp-element-caption\">Un moment \u00e0 couper le souffle captur\u00e9 par notre \u00e9quipe de photographes de mariage \u00e0 Paris : une \u00e9l\u00e9gante mari\u00e9e en Dior Couture ajuste son collier de diamants au magnifique Ch\u00e2teau de Vaux-le-Vicomte. Notre approche luxueuse allie l'expertise \u00e9ditoriale de la mode \u00e0 l'\u00e9motion authentique. Les c\u00e9l\u00e9brit\u00e9s et les couples exigeants nous font confiance pour des photographies de mariage inoubliables.<\/figcaption><\/figure>\n<\/div>\n\n\n\n<div class=\"wp-block-column is-vertically-aligned-stretch has-content is-layout-flow wp-block-column-is-layout-flow\">\n<h2 class=\"wp-block-heading title full\"><em>(02)<\/em> <strong>J'organise un mariage ou une fugue<\/strong><\/h2>\n\n\n\n<figure class=\"wp-block-image size-large\"><img loading=\"lazy\" decoding=\"async\" width=\"682\" height=\"1024\" src=\"https:\/\/kissinparis.com\/wp-content\/uploads\/2025\/04\/paris-wedding-photographer-dior-bride-chateau-vaux-le-vicomte-682x1024.webp\" alt=\"Un photographe de mariage \u00e0 Paris capture la mari\u00e9e dans une robe Dior Couture au Ch\u00e2teau Vaux le Vicomte\" class=\"wp-image-19226\" srcset=\"https:\/\/kissinparis.com\/wp-content\/uploads\/2025\/04\/paris-wedding-photographer-dior-bride-chateau-vaux-le-vicomte-682x1024.webp 682w, https:\/\/kissinparis.com\/wp-content\/uploads\/2025\/04\/paris-wedding-photographer-dior-bride-chateau-vaux-le-vicomte-200x300.webp 200w, https:\/\/kissinparis.com\/wp-content\/uploads\/2025\/04\/paris-wedding-photographer-dior-bride-chateau-vaux-le-vicomte-768x1152.webp 768w, https:\/\/kissinparis.com\/wp-content\/uploads\/2025\/04\/paris-wedding-photographer-dior-bride-chateau-vaux-le-vicomte.webp 933w\" sizes=\"auto, (max-width: 682px) 100vw, 682px\" \/><figcaption class=\"wp-element-caption\">Un moment \u00e0 couper le souffle captur\u00e9 par notre \u00e9quipe de photographes de mariage \u00e0 Paris : une \u00e9l\u00e9gante mari\u00e9e en Dior Couture ajuste son collier de diamants au magnifique Ch\u00e2teau de Vaux-le-Vicomte. Notre approche luxueuse allie l'expertise \u00e9ditoriale de la mode \u00e0 l'\u00e9motion authentique. Les c\u00e9l\u00e9brit\u00e9s et les couples exigeants nous font confiance pour des photographies de mariage inoubliables.<\/figcaption><\/figure>\n\n\n\n<div class=\"wp-block-group content\"><div class=\"wp-block-group__inner-container is-layout-constrained wp-block-group-is-layout-constrained\">\n<p>Que vous r\u00eaviez d'une \u00e9l\u00e9gante c\u00e9l\u00e9bration dans un ch\u00e2teau, d'une fugue intime ou d'un \u00e9v\u00e9nement glamour au c\u0153ur de Paris, nos sympathiques planificateurs anglophones vous guideront. Attendez-vous \u00e0 un acc\u00e8s exclusif aux lieux, \u00e0 des relations avec des fournisseurs de confiance et \u00e0 une communication claire et r\u00e9active tout au long de votre voyage de planification.<\/p>\n\n\n\n<ol class=\"wp-block-list\">\n<li><a href=\"https:\/\/kissinparis.com\/fr\/organisateur-mariage-paris\/\" data-type=\"link\" data-id=\"https:\/\/kissinparis.com\/paris-wedding-planner\/\">Organisateur de mariage \u00e0 Paris<\/a>&nbsp;- Un service complet d'organisation de mariages<\/li>\n\n\n\n<li><a href=\"https:\/\/kissinparis.com\/fr\/guide-mariage-paris\/\" data-type=\"link\" data-id=\"https:\/\/kissinparis.com\/paris-wedding\/\">Guide du mariage \u00e0 Paris<\/a>&nbsp;- Options de lieux, conseils de planification et informations d'initi\u00e9s<\/li>\n\n\n\n<li><a href=\"https:\/\/kissinparis.com\/fr\/mariage-intime-paris\/\" data-type=\"link\" data-id=\"https:\/\/kissinparis.com\/paris-elopement\/\">Guide de la fugue \u00e0 Paris<\/a>&nbsp;- Informations essentielles pour une c\u00e9r\u00e9monie intime et digne d'une p\u00e2moison<\/li>\n<\/ol>\n<\/div><\/div>\n<\/div>\n\n\n\n<div class=\"wp-block-column is-vertically-aligned-bottom has-action is-layout-flow wp-block-column-is-layout-flow\"><\/div>\n<\/div>\n\n\n\n<div class=\"wp-block-columns alignfull gap service-row is-layout-flex wp-container-core-columns-is-layout-9d6595d7 wp-block-columns-is-layout-flex\">\n<div class=\"wp-block-column has-figure is-layout-flow wp-block-column-is-layout-flow\">\n<figure class=\"wp-block-image size-large\"><img loading=\"lazy\" decoding=\"async\" width=\"682\" height=\"1024\" src=\"https:\/\/kissinparis.com\/wp-content\/uploads\/2025\/04\/paris-couple-photography-intimate-romantic-flower-682x1024.webp\" alt=\"Photographie de couple intime \u00e0 Paris avec l&#039;homme tenant une fleur et embrassant la femme\" class=\"wp-image-19225\" srcset=\"https:\/\/kissinparis.com\/wp-content\/uploads\/2025\/04\/paris-couple-photography-intimate-romantic-flower-682x1024.webp 682w, https:\/\/kissinparis.com\/wp-content\/uploads\/2025\/04\/paris-couple-photography-intimate-romantic-flower-200x300.webp 200w, https:\/\/kissinparis.com\/wp-content\/uploads\/2025\/04\/paris-couple-photography-intimate-romantic-flower-768x1152.webp 768w, https:\/\/kissinparis.com\/wp-content\/uploads\/2025\/04\/paris-couple-photography-intimate-romantic-flower.webp 933w\" sizes=\"auto, (max-width: 682px) 100vw, 682px\" \/><figcaption class=\"wp-element-caption\">Notre photographe \u00e0 Paris cr\u00e9e des portraits de couple intimes et naturels qui mettent en valeur votre connexion authentique - parfaits pour des fian\u00e7ailles, des anniversaires, ou simplement pour c\u00e9l\u00e9brer votre histoire d'amour.<\/figcaption><\/figure>\n<\/div>\n\n\n\n<div class=\"wp-block-column is-vertically-aligned-stretch has-content is-layout-flow wp-block-column-is-layout-flow\">\n<h2 class=\"wp-block-heading title full\"><em>(03)<\/em> <strong>Je veux un beau photoshoot \u00e0 Paris<\/strong><\/h2>\n\n\n\n<figure class=\"wp-block-image size-large\"><img loading=\"lazy\" decoding=\"async\" width=\"682\" height=\"1024\" src=\"https:\/\/kissinparis.com\/wp-content\/uploads\/2025\/04\/paris-couple-photography-intimate-romantic-flower-682x1024.webp\" alt=\"Photographie de couple intime \u00e0 Paris avec l&#039;homme tenant une fleur et embrassant la femme\" class=\"wp-image-19225\" srcset=\"https:\/\/kissinparis.com\/wp-content\/uploads\/2025\/04\/paris-couple-photography-intimate-romantic-flower-682x1024.webp 682w, https:\/\/kissinparis.com\/wp-content\/uploads\/2025\/04\/paris-couple-photography-intimate-romantic-flower-200x300.webp 200w, https:\/\/kissinparis.com\/wp-content\/uploads\/2025\/04\/paris-couple-photography-intimate-romantic-flower-768x1152.webp 768w, https:\/\/kissinparis.com\/wp-content\/uploads\/2025\/04\/paris-couple-photography-intimate-romantic-flower.webp 933w\" sizes=\"auto, (max-width: 682px) 100vw, 682px\" \/><figcaption class=\"wp-element-caption\">Notre photographe \u00e0 Paris cr\u00e9e des portraits de couple intimes et naturels qui mettent en valeur votre connexion authentique - parfaits pour des fian\u00e7ailles, des anniversaires, ou simplement pour c\u00e9l\u00e9brer votre histoire d'amour.<\/figcaption><\/figure>\n\n\n\n<div class=\"wp-block-group content\"><div class=\"wp-block-group__inner-container is-layout-constrained wp-block-group-is-layout-constrained\">\n<p class=\"full\">Comm\u00e9morez votre visite dans la Ville Lumi\u00e8re par une s\u00e9ance photo de vacances styl\u00e9e et agr\u00e9able avec nos artistes locaux qui savent comment vous mettre en valeur.<\/p>\n\n\n\n<p>Liens utiles pour commencer :<\/p>\n\n\n\n<ol class=\"wp-block-list\">\n<li><a href=\"https:\/\/kissinparis.com\/fr\/reserver\/seance-photo\/\">R\u00e9server une s\u00e9ance photo<\/a> - R\u00e9servez votre session d\u00e8s aujourd'hui<\/li>\n\n\n\n<li><a href=\"https:\/\/kissinparis.com\/fr\/equipe-creative\/\">Rencontrez nos photographes<\/a>&nbsp;- D\u00e9couvrez les artistes derri\u00e8re l'objectif<\/li>\n\n\n\n<li><a href=\"https:\/\/kissinparis.com\/fr\/services-photographie\/\">Parcourir nos services de photographie<\/a>&nbsp;- Couples, mariages, boudoir, familles et s\u00e9ances en solo<\/li>\n\n\n\n<li><a href=\"https:\/\/kissinparis.com\/fr\/portfolio\/\" data-type=\"link\" data-id=\"https:\/\/kissinparis.com\/portfolio\/\">Voir notre portefeuille&nbsp;<\/a>- Inspiration de Paris et d'ailleurs<\/li>\n\n\n\n<li><a href=\"https:\/\/kissinparis.com\/fr\/seance-photo-paris\/\" data-type=\"link\" data-id=\"https:\/\/kissinparis.com\/paris-photoshoot\/\">Guide de prise de vue<\/a>&nbsp;- Conseils de tenue, lieux de pr\u00e9dilection pour les photos et avis d'experts<\/li>\n<\/ol>\n<\/div><\/div>\n<\/div>\n\n\n\n<div class=\"wp-block-column is-vertically-aligned-bottom has-action is-layout-flow wp-block-column-is-layout-flow\"><\/div>\n<\/div>\n<\/div><\/div>\n\n\n\n<div class=\"wp-block-group alignfull mt-0 mb-0 sec sec-cta sec-cta-2025 fullscreen border-0 has-base-2-color has-subtle-background-background-color has-text-color has-background has-link-color wp-elements-7eb9fad225c988c0104ef9ffcb8ab40b\"><div class=\"wp-block-group__inner-container is-layout-constrained wp-block-group-is-layout-constrained\">\n<div class=\"wp-block-group alignfull\"><div class=\"wp-block-group__inner-container is-layout-constrained wp-block-group-is-layout-constrained\">\n<h2 class=\"wp-block-heading alignfull has-text-align-center\">Pr\u00eats pour la<br>prochaine \u00e9tape ?<\/h2>\n\n\n\n<p class=\"has-text-align-center big-text alignwide animated-letters-v2 has-primary-color has-text-color has-link-color wp-elements-f311ce14ce04f075a6b05113fdf89593\"><strong>Travaillons <\/strong><strong>ensemble !<\/strong><\/p>\n\n\n\n<div class=\"wp-block-buttons is-content-justification-center is-layout-flex wp-container-core-buttons-is-layout-16018d1d wp-block-buttons-is-layout-flex\">\n<div class=\"wp-block-button btn-lg get-popup has-dot_0 has-text-hover\"><a class=\"wp-block-button__link has-background-color has-text-color has-link-color wp-element-button\" href=\"#contact-info\"><em>Contact<\/em><\/a><\/div>\n<\/div>\n<\/div><\/div>\n<\/div><\/div>\n\n\n\n<div class=\"wp-block-group alignfull mt-0 mb-0  sec sec-map\"><div class=\"wp-block-group__inner-container is-layout-constrained wp-block-group-is-layout-constrained\">\n<div class=\"wp-block-columns are-vertically-aligned-center mt-0 mb-0 is-layout-flex wp-container-core-columns-is-layout-9d6595d7 wp-block-columns-is-layout-flex\">\n<div class=\"wp-block-column is-vertically-aligned-center is-layout-flow wp-block-column-is-layout-flow\">\n<p class=\"title-v2 mb-20\">Au c\u0153ur de Paris.<\/p>\n\n\n\n<p>Kiss Me in Paris Proposals &amp; Weddings<br>78 Av. Raymond Poincar\u00e9, 75116 Paris, France<br><a href=\"tel:+33661351511\">+33 6 61 35 15 11<\/a><br><a href=\"mailto:support@kissinparis.com\">support@kissinparis.com<\/a><\/p>\n<\/div>\n\n\n\n<div class=\"wp-block-column is-vertically-aligned-center is-layout-flow wp-block-column-is-layout-flow\">\n<iframe title=\"Carte indiquant l&#039;emplacement de Kiss Me in Paris Demandes en mariage et mariages\" src=\"https:\/\/www.google.com\/maps\/embed?pb=!1m18!1m12!1m3!1d2624.433873533341!2d2.28082346080246!3d48.86900492627629!2m3!1f0!2f0!3f0!3m2!1i1024!2i768!4f13.1!3m3!1m2!1s0x47e66f84666f802f%3A0x7b03905155589b66!2sKiss%20Me%20in%20Paris%20Proposals%20%26%20Weddings!5e0!3m2!1sen!2sin!4v1744567332130!5m2!1sen!2sin\" width=\"600\" height=\"450\" style=\"border:0;\" allowfullscreen=\"\" loading=\"lazy\" referrerpolicy=\"no-referrer-when-downgrade\"><\/iframe>\n<\/div>\n<\/div>\n<\/div><\/div>\n\n\n\n<div class=\"wp-block-group popup-cta\"><div class=\"wp-block-group__inner-container is-layout-constrained wp-block-group-is-layout-constrained\">\n<figure class=\"wp-block-video\"><video height=\"960\" style=\"aspect-ratio: 686 \/ 960;\" width=\"686\" autoplay loop muted poster=\"https:\/\/kissinparis.com\/wp-content\/uploads\/2025\/04\/Kiss-Me-in-Paris-Proposals-Weddings-Planning.webp\" preload=\"none\" src=\"https:\/\/kissinparis.com\/wp-content\/uploads\/2025\/04\/Full-service-Paris-proposal-planner.mp4\" playsinline><\/video><\/figure>\n\n\n\n<p class=\"title\">Renseignez-vous !<\/p>\n\n\n\n<p class=\"has-link whatsapp\"><a href=\"https:\/\/api.whatsapp.com\/send?phone=19175134350\" target=\"_blank\" data-type=\"link\" data-id=\"https:\/\/api.whatsapp.com\/send?phone=19175134350\" rel=\"noreferrer noopener nofollow\">WhatsApp<\/a><\/p>\n\n\n\n<p class=\"has-link booking\"><a href=\"mailto:support@kissinparis.com?subject=Your Paris Inquiry | Kiss Me in Paris\" target=\"_blank\" data-type=\"link\" data-id=\"https:\/\/api.whatsapp.com\/send?phone=19175134350\" rel=\"noreferrer noopener\">Demande<\/a><\/p>\n<\/div><\/div>","protected":false},"excerpt":{"rendered":"<p>Start Here: Paris Proposals, Weddings &amp; Photoshoots Made Easy Bonjour and congratulations on your upcoming Paris adventure. This page guides you directly to the service you\u2019re looking for\u2014whether you&#8217;re planning a proposal, organizing a wedding, or just want a fun and memorable vacation photoshoot. Consider this a roadmap to our most popular services, inspiration, and [&hellip;]<\/p>\n","protected":false},"author":35,"featured_media":19995,"parent":0,"menu_order":0,"comment_status":"closed","ping_status":"closed","template":"","meta":{"_acf_changed":false,"ub_ctt_via":"","footnotes":""},"class_list":["post-4643","page","type-page","status-publish","has-post-thumbnail","hentry"],"acf":[],"featured_image_src":"https:\/\/kissinparis.com\/wp-content\/uploads\/2025\/05\/Kiss-Me-in-Paris-Start-Here.webp","_links":{"self":[{"href":"https:\/\/kissinparis.com\/fr\/wp-json\/wp\/v2\/pages\/4643","targetHints":{"allow":["GET"]}}],"collection":[{"href":"https:\/\/kissinparis.com\/fr\/wp-json\/wp\/v2\/pages"}],"about":[{"href":"https:\/\/kissinparis.com\/fr\/wp-json\/wp\/v2\/types\/page"}],"author":[{"embeddable":true,"href":"https:\/\/kissinparis.com\/fr\/wp-json\/wp\/v2\/users\/35"}],"replies":[{"embeddable":true,"href":"https:\/\/kissinparis.com\/fr\/wp-json\/wp\/v2\/comments?post=4643"}],"version-history":[{"count":7,"href":"https:\/\/kissinparis.com\/fr\/wp-json\/wp\/v2\/pages\/4643\/revisions"}],"predecessor-version":[{"id":28540,"href":"https:\/\/kissinparis.com\/fr\/wp-json\/wp\/v2\/pages\/4643\/revisions\/28540"}],"wp:featuredmedia":[{"embeddable":true,"href":"https:\/\/kissinparis.com\/fr\/wp-json\/wp\/v2\/media\/19995"}],"wp:attachment":[{"href":"https:\/\/kissinparis.com\/fr\/wp-json\/wp\/v2\/media?parent=4643"}],"curies":[{"name":"wp","href":"https:\/\/api.w.org\/{rel}","templated":true}]}}