{"id":4688,"date":"2023-03-08T16:32:23","date_gmt":"2023-03-08T16:32:23","guid":{"rendered":"https:\/\/kissinparis.com\/?page_id=4688"},"modified":"2026-02-20T13:44:29","modified_gmt":"2026-02-20T13:44:29","slug":"reserver","status":"publish","type":"page","link":"https:\/\/kissinparis.com\/fr\/book-now\/","title":{"rendered":"R\u00e9server"},"content":{"rendered":"<div class=\"wp-block-group alignfull sec full-width pt-0 pb-0 mt-0 mb-0 bg-transition-light has-background-color has-primary-background-color has-text-color has-background has-link-color wp-elements-23a379c8486684c5848e8267fe57c2e8\"><div class=\"wp-block-group__inner-container is-layout-constrained wp-block-group-is-layout-constrained\">\n<div class=\"wp-block-group alignfull sec heror-section full-width mt-0 mb-0  pb-0\"><div class=\"wp-block-group__inner-container is-layout-constrained wp-block-group-is-layout-constrained\">\n<div class=\"wp-block-columns alignfull summery is-layout-flex wp-container-core-columns-is-layout-9d6595d7 wp-block-columns-is-layout-flex\">\n<div class=\"wp-block-column is-layout-flow wp-block-column-is-layout-flow\">\n<h1 class=\"wp-block-heading has-text-align-left full has-background-color has-text-color has-link-color wp-elements-90ba3b4c158f8fe05f2ccbe094e59de8\">S\u00e9lectionnez votre service photographique<\/h1>\n<\/div>\n\n\n\n<div class=\"wp-block-column lead is-layout-flow wp-block-column-is-layout-flow\">\n<p>Bienvenue sur notre page de r\u00e9servation de photographies \u00e0 Paris. S\u00e9lectionnez votre service ci-dessous pour voir les prix, les forfaits et les disponibilit\u00e9s, o\u00f9 vous pouvez r\u00e9server directement en ligne - pratique, facile et rapide. Pour les demandes multi-services ou multi-journ\u00e9es, contactez notre \u00e9quipe pour un lien de r\u00e9servation personnalis\u00e9.<\/p>\n\n\n\n<ul class=\"wp-block-list list-inline pl-0\">\n<li><a href=\"tel:33661351511\" data-type=\"tel\" data-id=\"tel:33661351511\">T\u00e9l\u00e9phone<\/a><\/li>\n\n\n\n<li><a href=\"mailto:support@kissinparis.com?subject=Photography Booking Request\">Email<\/a><\/li>\n<\/ul>\n<\/div>\n<\/div>\n<\/div><\/div>\n\n\n\n<div class=\"wp-block-group alignfull mt-0 mb-0 sec sec-fullwidth sec-packages  sec-xs-sm-pt sec-sm-pb\" id=\"packages\"><div class=\"wp-block-group__inner-container is-layout-constrained wp-block-group-is-layout-constrained\">\n<div class=\"wp-block-group alignfull filters\"><div class=\"wp-block-group__inner-container is-layout-constrained wp-block-group-is-layout-constrained\">\n<ul class=\"wp-block-list category alignfull mt-0 mb-0\">\n<li><a href=\"https:\/\/kissinparis.com\/fr\/reserver\/demande-en-mariage\/\">Demandes<\/a><\/li>\n\n\n\n<li><a href=\"https:\/\/kissinparis.com\/fr\/reserver\/seance-photo\/\">Photoshoots<\/a><\/li>\n\n\n\n<li><a href=\"https:\/\/kissinparis.com\/fr\/reserver\/boudoir\/\">Boudoir<\/a><\/li>\n\n\n\n<li><a href=\"https:\/\/kissinparis.com\/fr\/reserver\/seance-video\/\">Vid\u00e9ographie<\/a><\/li>\n\n\n\n<li><a href=\"https:\/\/kissinparis.com\/fr\/reserver\/mariage-intime\/\">Fugues&nbsp;<\/a><\/li>\n<\/ul>\n<\/div><\/div>\n<\/div><\/div>\n<\/div><\/div>\n\n\n\n<div class=\"wp-block-group alignfull mt-0 mb-0  sec sec-faq sec-feature\" id=\"faq\"><div class=\"wp-block-group__inner-container is-layout-flow wp-block-group-is-layout-flow\">\n<h2 class=\"wp-block-heading title-v2\">FAQ : r\u00e9ponses aux questions ou pr\u00e9occupations les plus courantes <\/h2>\n\n\n<div id=\"rank-math-faq\" class=\"rank-math-block\">\n<div class=\"rank-math-list\">\n<div id=\"faq-question-1747329565204\" class=\"rank-math-list-item\">\n<h3 class=\"rank-math-question\">Comment fonctionne la r\u00e9servation en ligne ?<\/h3>\n<div class=\"rank-math-answer\">\n\n<p>S\u00e9lectionnez votre service pour conna\u00eetre les prix, les forfaits et les disponibilit\u00e9s.<\/p>\n<p>- Choisissez une date et attendez que le calendrier se charge<br \/>- S\u00e9lectionnez un paquet et laissez les options s'actualiser<br \/>- Choisissez un photographe dans la liste d\u00e9roulante (les portfolios sont disponibles en bas de page)<br \/>- Choisissez un cr\u00e9neau horaire et cliquez sur Continuer<br \/>- Saisissez vos coordonn\u00e9es et vos pr\u00e9f\u00e9rences en mati\u00e8re de localisation<br \/>- Cochez la case \"J'accepte les conditions\" et cliquez sur Continuer.<br \/>- Passez en revue tous les d\u00e9tails, saisissez les informations relatives au paiement et cliquez sur Soumettre.<\/p>\n<p>Vous recevrez imm\u00e9diatement un courriel de confirmation. Si elle n'est pas visible dans votre bo\u00eete de r\u00e9ception, v\u00e9rifiez votre dossier de courrier ind\u00e9sirable.<\/p>\n\n<\/div>\n<\/div>\n<div id=\"faq-question-1747330416718\" class=\"rank-math-list-item\">\n<h3 class=\"rank-math-question\">Quelle est la diff\u00e9rence entre les photographes et les cin\u00e9astes ?<\/h3>\n<div class=\"rank-math-answer\">\n\n<p>Parcourez la biographie et le portfolio de chaque artiste pour d\u00e9couvrir son travail, son style et ses commentaires. R\u00e9servez un photographe pour les photos, un cin\u00e9aste pour les vid\u00e9os, ou les deux ensemble. Pour des r\u00e9servations combin\u00e9es ou complexes, <a href=\"mailto:support@kissinparis.com\" data-type=\"mailto\" data-id=\"mailto:support@kissinparis.com\">courriel<\/a>  pour un lien personnalis\u00e9<\/p>\n\n<\/div>\n<\/div>\n<div id=\"faq-question-1747330434617\" class=\"rank-math-list-item\">\n<h3 class=\"rank-math-question\">Je n'ai pas re\u00e7u ma confirmation, que dois-je faire ?<\/h3>\n<div class=\"rank-math-answer\">\n\n<p>V\u00e9rifiez votre dossier spam. Si vous ne le voyez toujours pas, <a href=\"mailto:support@kissinparis.com\" data-type=\"mailto\" data-id=\"mailto:support@kissinparis.com\">courriel<\/a> ou envoyez-nous un message sur WhatsApp - nous vous le renverrons imm\u00e9diatement.<\/p>\n\n<\/div>\n<\/div>\n<div id=\"faq-question-1747330451298\" class=\"rank-math-list-item\">\n<h3 class=\"rank-math-question\">Puis-je modifier ou annuler ma r\u00e9servation ?<\/h3>\n<div class=\"rank-math-answer\">\n\n<p>Annulez 10 jours ou plus avant : Remboursement int\u00e9gral moins 10% de frais administratifs.<\/p>\n<p>Annulation dans les 10 jours : Pas de remboursement.<\/p>\n<p>Envoyez toutes les demandes par courrier \u00e9lectronique \u00e0 <a href=\"mailto:support@kissinparis.com\">support@kissinparis.com<\/a> dans les meilleurs d\u00e9lais.<\/p>\n\n<\/div>\n<\/div>\n<div id=\"faq-question-1747330463394\" class=\"rank-math-list-item\">\n<h3 class=\"rank-math-question\">Quels sont les modes de paiement accept\u00e9s ?<\/h3>\n<div class=\"rank-math-answer\">\n\n<p>Nous acceptons les cartes Visa, MasterCard, American Express, PayPal et les esp\u00e8ces. Un acompte de 50% garantit votre r\u00e9servation ; le solde est d\u00fb \u00e0 la date de la s\u00e9ance.<\/p>\n\n<\/div>\n<\/div>\n<div id=\"faq-question-1747330470609\" class=\"rank-math-list-item\">\n<h3 class=\"rank-math-question\">Comment puis-je r\u00e9server plusieurs services ou dates ?<\/h3>\n<div class=\"rank-math-answer\">\n\n<p><a href=\"mailto:support@kissinparis.com\" data-type=\"mailto\" data-id=\"mailto:support@kissinparis.com\">Email<\/a> en pr\u00e9cisant vos besoins. Nous vous enverrons un lien de r\u00e9servation personnalis\u00e9.<\/p>\n\n<\/div>\n<\/div>\n<\/div>\n<\/div><\/div><\/div>\n\n\n\n<div class=\"wp-block-group popup-cta\"><div class=\"wp-block-group__inner-container is-layout-constrained wp-block-group-is-layout-constrained\">\n<figure class=\"wp-block-video\"><video height=\"960\" style=\"aspect-ratio: 686 \/ 960;\" width=\"686\" autoplay loop muted poster=\"https:\/\/kissinparis.com\/wp-content\/uploads\/2025\/04\/Kiss-Me-in-Paris-Proposals-Weddings-Planning.webp\" preload=\"none\" src=\"https:\/\/kissinparis.com\/wp-content\/uploads\/2025\/04\/Full-service-Paris-proposal-planner.mp4\" playsinline><\/video><\/figure>\n\n\n\n<p class=\"title\">Renseignez-vous !<\/p>\n\n\n\n<p class=\"has-link whatsapp\"><a href=\"https:\/\/api.whatsapp.com\/send?phone=19175134350\" data-type=\"link\" data-id=\"https:\/\/api.whatsapp.com\/send?phone=19175134350\" target=\"_blank\" rel=\"noopener\">WhatsApp<\/a><\/p>\n\n\n\n<p class=\"has-link booking\"><a href=\"mailto:support@kissinparis.com?subject=Photography Booking Request\" data-type=\"link\" data-id=\"https:\/\/api.whatsapp.com\/send?phone=19175134350\">Demande<\/a><\/p>\n<\/div><\/div>","protected":false},"excerpt":{"rendered":"<p>Choisissez votre prestation photographique. Bienvenue sur notre page de r\u00e9servation pour vos s\u00e9ances photo \u00e0 Paris. S\u00e9lectionnez votre prestation ci-dessous pour consulter les tarifs, les forfaits et les disponibilit\u00e9s. R\u00e9servez directement en ligne\u00a0: pratique, facile et rapide. Pour des demandes de prestations multiples ou sur plusieurs jours, contactez notre \u00e9quipe pour obtenir un lien de r\u00e9servation personnalis\u00e9. Renseignez-vous\u00a0! WhatsApp.<\/p>","protected":false},"author":35,"featured_media":11583,"parent":0,"menu_order":0,"comment_status":"closed","ping_status":"closed","template":"","meta":{"_acf_changed":false,"ub_ctt_via":"","footnotes":""},"class_list":["post-4688","page","type-page","status-publish","has-post-thumbnail","hentry"],"acf":[],"featured_image_src":"https:\/\/kissinparis.com\/wp-content\/uploads\/2023\/04\/Book-with-Kiss-Me-in-Paris.jpg","_links":{"self":[{"href":"https:\/\/kissinparis.com\/fr\/wp-json\/wp\/v2\/pages\/4688","targetHints":{"allow":["GET"]}}],"collection":[{"href":"https:\/\/kissinparis.com\/fr\/wp-json\/wp\/v2\/pages"}],"about":[{"href":"https:\/\/kissinparis.com\/fr\/wp-json\/wp\/v2\/types\/page"}],"author":[{"embeddable":true,"href":"https:\/\/kissinparis.com\/fr\/wp-json\/wp\/v2\/users\/35"}],"replies":[{"embeddable":true,"href":"https:\/\/kissinparis.com\/fr\/wp-json\/wp\/v2\/comments?post=4688"}],"version-history":[{"count":3,"href":"https:\/\/kissinparis.com\/fr\/wp-json\/wp\/v2\/pages\/4688\/revisions"}],"predecessor-version":[{"id":24775,"href":"https:\/\/kissinparis.com\/fr\/wp-json\/wp\/v2\/pages\/4688\/revisions\/24775"}],"wp:featuredmedia":[{"embeddable":true,"href":"https:\/\/kissinparis.com\/fr\/wp-json\/wp\/v2\/media\/11583"}],"wp:attachment":[{"href":"https:\/\/kissinparis.com\/fr\/wp-json\/wp\/v2\/media?parent=4688"}],"curies":[{"name":"wp","href":"https:\/\/api.w.org\/{rel}","templated":true}]}}