{"id":4772,"date":"2023-03-08T22:08:46","date_gmt":"2023-03-08T22:08:46","guid":{"rendered":"https:\/\/kissinparis.com\/?page_id=4772"},"modified":"2025-06-03T12:02:49","modified_gmt":"2025-06-03T12:02:49","slug":"demande-exposition-art","status":"publish","type":"page","link":"https:\/\/kissinparis.com\/fr\/paris-proposal\/art-show-marriage-proposal\/","title":{"rendered":"Exposition d&#039;art Demande en mariage"},"content":{"rendered":"<div class=\"wp-block-group alignfull sec heror-section mt-0 mb-0 has-scroll-down has-background-color has-primary-background-color has-text-color has-background has-link-color wp-elements-a7d57a88e856f4628d710fc78a782c1b\"><div class=\"wp-block-group__inner-container is-layout-constrained wp-block-group-is-layout-constrained\">\n<h1 class=\"wp-block-heading alignwide has-text-align-left full has-background-color has-text-color has-link-color wp-elements-1f42dbda5d7a059990dff82fa124ca24\">La proposition du Salon d&#039;Art de Paris<\/h1>\n\n\n\n<div class=\"wp-block-buttons alignfull mt-0 mb-0 pt-10 is-layout-flex wp-block-buttons-is-layout-flex\">\n<div class=\"wp-block-button\"><a class=\"wp-block-button__link has-primary-color has-background-background-color has-text-color has-background wp-element-button\" href=\"https:\/\/kissinparis.com\/fr\/consultation\/\">Demandes de renseignements<\/a><\/div>\n<\/div>\n<\/div><\/div>\n\n\n\n<div class=\"wp-block-cover alignfull is-light mt-0 mb-0 banner banner-resources\"><img loading=\"lazy\" decoding=\"async\" width=\"1500\" height=\"1001\" class=\"wp-block-cover__image-background wp-image-4774\" alt=\"La proposition de l&#039;exposition d&#039;art Tour Eiffel\" src=\"https:\/\/kissinparis.com\/wp-content\/uploads\/2023\/03\/art-show-marriage-proposal-in-Paris.jpg\" style=\"object-position:41% 67%\" data-object-fit=\"cover\" data-object-position=\"41% 67%\" srcset=\"https:\/\/kissinparis.com\/wp-content\/uploads\/2023\/03\/art-show-marriage-proposal-in-Paris.jpg 1500w, https:\/\/kissinparis.com\/wp-content\/uploads\/2023\/03\/art-show-marriage-proposal-in-Paris-300x200.jpg 300w, https:\/\/kissinparis.com\/wp-content\/uploads\/2023\/03\/art-show-marriage-proposal-in-Paris-1024x683.jpg 1024w, https:\/\/kissinparis.com\/wp-content\/uploads\/2023\/03\/art-show-marriage-proposal-in-Paris-768x513.jpg 768w, https:\/\/kissinparis.com\/wp-content\/uploads\/2023\/03\/art-show-marriage-proposal-in-Paris-1200x801.jpg 1200w\" sizes=\"auto, (max-width: 1500px) 100vw, 1500px\" \/><span aria-hidden=\"true\" class=\"wp-block-cover__background has-primary-background-color has-background-dim-0 has-background-dim\"><\/span><div class=\"wp-block-cover__inner-container is-layout-flow wp-block-cover-is-layout-flow\">\n<div class=\"banner-video\">\n<img decoding=\"async\" src=\"https:\/\/kissinparis.com\/wp-content\/uploads\/2023\/02\/placeholder_16x9.png\" alt=\"Zone du h\u00e9ros\">\n<\/div>\n<\/div><\/div>\n\n\n\n<div class=\"wp-block-group alignfull mt-0 mb-0 sec sec-content\" id=\"sec-1\"><div class=\"wp-block-group__inner-container is-layout-constrained wp-block-group-is-layout-constrained\">\n<h2 class=\"wp-block-heading title-v2\">Posez la question \u00e0 votre ch\u00e9ri(e) sous pr\u00e9texte d&#039;une exposition d&#039;art.<\/h2>\n\n\n\n<p>Cette proposition d&#039;exposition d&#039;art fonctionne mieux le matin, lorsqu&#039;il y a moins de monde.<\/p>\n\n\n\n<p>Vous annoncez \u00e0 votre partenaire qu&#039;une c\u00e9l\u00e8bre artiste fran\u00e7aise organise une exposition \u00ab\u00a0gratuite\u00a0\u00bb et que vous aimeriez la visiter. Votre partenaire ignore qu&#039;il s&#039;agit d&#039;une exposition personnelle, con\u00e7ue pour elle seule.<\/p>\n\n\n\n<figure class=\"wp-block-image size-large\"><img loading=\"lazy\" decoding=\"async\" width=\"1024\" height=\"683\" src=\"https:\/\/kissinparis.com\/wp-content\/uploads\/2023\/05\/Art-Show-Paris-proposal-with-Eiffel-Tower-view-1024x683.jpg\" alt=\"Proposition d&#039;Art Show Paris avec vue sur la Tour Eiffel\" class=\"wp-image-12375\" srcset=\"https:\/\/kissinparis.com\/wp-content\/uploads\/2023\/05\/Art-Show-Paris-proposal-with-Eiffel-Tower-view-1024x683.jpg 1024w, https:\/\/kissinparis.com\/wp-content\/uploads\/2023\/05\/Art-Show-Paris-proposal-with-Eiffel-Tower-view-300x200.jpg 300w, https:\/\/kissinparis.com\/wp-content\/uploads\/2023\/05\/Art-Show-Paris-proposal-with-Eiffel-Tower-view-768x512.jpg 768w, https:\/\/kissinparis.com\/wp-content\/uploads\/2023\/05\/Art-Show-Paris-proposal-with-Eiffel-Tower-view.jpg 1200w\" sizes=\"auto, (max-width: 1024px) 100vw, 1024px\" \/><figcaption class=\"wp-element-caption\">Demande en mariage \u00e0 l&#039;Art Show Paris : vous profitez d&#039;une fabuleuse exposition d&#039;art sur \u00ab Vous \u00bb, \u2026 et elle comprendra tous les efforts et la pr\u00e9voyance mis en \u0153uvre pour planifier un engagement aussi unique en lisant vos messages de d\u00e9votion et d&#039;amour.<\/figcaption><\/figure>\n\n\n\n<p>Vous vous dirigez tous les deux vers les chevalets. Sur le dernier chevalet, les mots commencent par le nom de votre partenaire, suivi d&#039;un message d&#039;amour personnalis\u00e9, qui se termine par \u00ab Veux-tu m&#039;\u00e9pouser ? \u00bb<\/p>\n\n\n\n<figure class=\"wp-block-image size-large\"><img loading=\"lazy\" decoding=\"async\" width=\"1024\" height=\"683\" src=\"https:\/\/kissinparis.com\/wp-content\/uploads\/2023\/05\/Art-Show-Eiffel-Tower-proposal-at-Trocadero-1024x683.jpg\" alt=\"Proposition d&#039;Art Show Paris avec vue sur la Tour Eiffel\" class=\"wp-image-12376\" srcset=\"https:\/\/kissinparis.com\/wp-content\/uploads\/2023\/05\/Art-Show-Eiffel-Tower-proposal-at-Trocadero-1024x683.jpg 1024w, https:\/\/kissinparis.com\/wp-content\/uploads\/2023\/05\/Art-Show-Eiffel-Tower-proposal-at-Trocadero-300x200.jpg 300w, https:\/\/kissinparis.com\/wp-content\/uploads\/2023\/05\/Art-Show-Eiffel-Tower-proposal-at-Trocadero-768x512.jpg 768w, https:\/\/kissinparis.com\/wp-content\/uploads\/2023\/05\/Art-Show-Eiffel-Tower-proposal-at-Trocadero.jpg 1200w\" sizes=\"auto, (max-width: 1024px) 100vw, 1024px\" \/><figcaption class=\"wp-element-caption\">Demande en mariage \u00e0 l&#039;Art Show de Paris\u00a0: si vous cherchez des fa\u00e7ons cr\u00e9atives de prononcer votre discours de demande en mariage, mettez-le en mots. Vous pourrez ensuite prendre du recul et encha\u00eener avec un discours plus traditionnel.<\/figcaption><\/figure>\n\n\n\n<p>Tandis qu&#039;elle le lit, un musicien hors pair appara\u00eet et joue sa chanson pr\u00e9f\u00e9r\u00e9e. Elle se retourne et vous \u00eates d\u00e9j\u00e0 \u00e0 genoux, lui pr\u00e9sentant une bague de fian\u00e7ailles en diamant.<\/p>\n\n\n\n<p class=\"sec-header has-normal-font-size\">\u00c0 partir de 1 750 \u20ac<\/p>\n\n\n<div id=\"rank-math-faq\" class=\"rank-math-block\">\n<div class=\"rank-math-list\">\n<div id=\"faq-question-1748553531258\" class=\"rank-math-list-item\">\n<h3 class=\"rank-math-question\">Ce que cela comprend<\/h3>\n<div class=\"rank-math-answer\">\n\n<p>Planificateur de proposition sur place pour garantir une exp\u00e9rience de proposition m\u00e9morable et sans stress\u00a0;<\/p>\n<p>Concept de proposition d\u00e9taill\u00e9;<\/p>\n<p>Six grandes impressions sur l&#039;amour, dont une impression finale super personnalis\u00e9e ;<\/p>\n<p>6 chevalets robustes et de haute qualit\u00e9 pour afficher vos messages de d\u00e9votion et d&#039;amour ;<\/p>\n<p>Photographe de demande en mariage parisien exp\u00e9riment\u00e9, de style paparazzi, pour capturer le moment intime et les r\u00e9actions imm\u00e9diates (environ 60 minutes de couverture photographique totale) ;<\/p>\n<p>Cr\u00e9ation d&#039;un groupe WhatsApp pour faciliter la communication avec votre \u00e9quipe de fournisseurs principale ;<\/p>\n<p>Cartographie de localisation GPS en direct le jour m\u00eame via WhatsApp.<\/p>\n\n<\/div>\n<\/div>\n<div id=\"faq-question-1748553571357\" class=\"rank-math-list-item\">\n<h3 class=\"rank-math-question\">Mises \u00e0 niveau recommand\u00e9es<\/h3>\n<div class=\"rank-math-answer\">\n\n<p><strong>NOUVEAU<\/strong>: une vid\u00e9o verticale ph\u00e9nom\u00e9nale de 60 secondes de style Instagram, comprenant des images de la proposition r\u00e9elle et des r\u00e9actions inestimables (consultez la page de Juliana pour un \u00e9chantillon\u00a0<a href=\"https:\/\/kissinparis.com\/fr\/equipe-creative\/juliana\/\">bobines vid\u00e9o<\/a>)\u2014375 \u20ac;<\/p>\n<p><a href=\"https:\/\/kissinparis.com\/fr\/videaste-paris\/\">vid\u00e9aste parisien<\/a>\u00a0pour capturer l\u2019instant et des r\u00e9actions inestimables \u2014 \u00e0 partir de 500 \u20ac pour la premi\u00e8re heure de couverture vid\u00e9o ;<\/p>\n<p>Planification de propositions personnalis\u00e9es \u2014 \u00e0 partir de 750 \u20ac\u00a0;<br \/>Ma\u00eetre musicien pour jouer la chanson pr\u00e9f\u00e9r\u00e9e de votre partenaire (guitariste, violoncelliste, violoniste ou harpiste) \u2014 \u00e0 partir de 375 \u20ac ;<\/p>\n<p>Du champagne fran\u00e7ais frais, de v\u00e9ritables fl\u00fbtes en cristal et un superbe bouquet de roses rouges \u00e0 longues tiges livr\u00e9 en main propre sur le lieu de votre demande en mariage, \u00e0 partir de 295 \u20ac (selon votre choix de champagne)\u00a0;<\/p>\n<p>Forfait \u00e9clairage professionnel, incluant un associ\u00e9 pour g\u00e9rer les lumi\u00e8res et la foule (fortement recommand\u00e9 pour les installations en soir\u00e9e lorsque vous recherchez le ciel bleu vif) \u2014 225 \u20ac ;<\/p>\n<p>Des fontaines de feu d&#039;artifice spectaculaires qui s&#039;allument d\u00e8s qu&#039;elle dit \u00ab\u00a0oui\u00a0\u00bb ou \u00e0 tout autre moment de la demande en mariage\u00a0: 120\u00a0\u20ac (2 fontaines) ou 200\u00a0\u20ac (4 fontaines) pour trente (30) secondes. Passez \u00e0 soixante (60) secondes pour 160\u00a0\u20ac (2 fontaines) ou 240\u00a0\u20ac (4 fontaines).<\/p>\n\n<\/div>\n<\/div>\n<div id=\"faq-question-1748553629223\" class=\"rank-math-list-item\">\n<h3 class=\"rank-math-question\">Conditions g\u00e9n\u00e9rales importantes<\/h3>\n<div class=\"rank-math-answer\">\n\n<p>Nous pouvons g\u00e9rer presque tous les aspects de l&#039;organisation de votre demande en mariage \u00e0 Paris, \u00e0 l&#039;exception de la m\u00e9t\u00e9o et de la n\u00e9cessit\u00e9 d&#039;emp\u00eacher les curieux de se joindre \u00e0 nous (lieu public pour la demande). Cependant, avec Kiss Me in Paris, les risques d&#039;interruptions ind\u00e9sirables sont minimes.<\/p>\n<p>Il est toutefois crucial d&#039;\u00e9valuer les risques potentiels lors d&#039;une demande en mariage dans un lieu public. Dans le cas peu probable de fortes pluies, nous ferons tout notre possible pour accepter un changement d&#039;heure ou de date, mais\u00a0<strong>il n&#039;y a aucune garantie de disponibilit\u00e9<\/strong>.<\/p>\n<p>Le deuxi\u00e8me facteur m\u00e9t\u00e9orologique sur lequel nous n&#039;avons aucun contr\u00f4le est le vent. Il peut emporter les p\u00e9tales de rose, endommager les ballons et m\u00eame, dans des cas extr\u00eames, compromettre la stabilit\u00e9 de nos \u00e9clairages haut de gamme ou de nos lettres \u00ab\u00a0Marry Me\u00a0\u00bb surdimensionn\u00e9es.<\/p>\n<p>Planification de la proposition ET tous les frais li\u00e9s \u00e0 la mise en place, y compris\u00a0<a href=\"https:\/\/kissinparis.com\/fr\/demande-en-mariage-paris\/lettres-geantes\/\">Lettres d&#039;\u00e9pouser quelqu&#039;un<\/a>, fleurs et d\u00e9coration, ne sont strictement pas remboursables car une grande partie du travail aura \u00e9t\u00e9 effectu\u00e9e \u00e0 la date de votre proposition.<\/p>\n\n<\/div>\n<\/div>\n<\/div>\n<\/div>\n\n\n<div style=\"height:50px\" aria-hidden=\"true\" class=\"wp-block-spacer\"><\/div>\n\n\n\n<div class=\"wp-block-buttons is-layout-flex wp-block-buttons-is-layout-flex\">\n<div class=\"wp-block-button\"><a class=\"wp-block-button__link wp-element-button\" href=\"https:\/\/kissinparis.com\/fr\/consultation\/\">R\u00e9server<\/a><\/div>\n\n\n\n<div class=\"wp-block-button is-style-fill\"><a class=\"wp-block-button__link wp-element-button\" href=\"https:\/\/kissinparis.com\/fr\/demande-en-mariage-paris\/forfaits\/\">dossiers de propositions<\/a><\/div>\n<\/div>\n<\/div><\/div>\n\n\n\n<div class=\"wp-block-group alignfull mt-0 mb-0  sec sec-map\"><div class=\"wp-block-group__inner-container is-layout-constrained wp-block-group-is-layout-constrained\">\n<div class=\"wp-block-columns are-vertically-aligned-center mt-0 mb-0 is-layout-flex wp-container-core-columns-is-layout-9d6595d7 wp-block-columns-is-layout-flex\">\n<div class=\"wp-block-column is-vertically-aligned-center is-layout-flow wp-block-column-is-layout-flow\">\n<p class=\"title-v2 mb-20\">Au c\u0153ur de Paris.<\/p>\n\n\n\n<p>Kiss Me in Paris Proposals &amp; Weddings<br>78 Av. Raymond Poincar\u00e9, 75116 Paris, France<br><a href=\"tel:+33661351511\">+33 6 61 35 15 11<\/a><br><a href=\"mailto:support@kissinparis.com\">support@kissinparis.com<\/a><\/p>\n<\/div>\n\n\n\n<div class=\"wp-block-column is-vertically-aligned-center is-layout-flow wp-block-column-is-layout-flow\">\n<iframe title=\"Carte indiquant l&#039;emplacement de Kiss Me in Paris Demandes en mariage et mariages\" src=\"https:\/\/www.google.com\/maps\/embed?pb=!1m18!1m12!1m3!1d2624.433873533341!2d2.28082346080246!3d48.86900492627629!2m3!1f0!2f0!3f0!3m2!1i1024!2i768!4f13.1!3m3!1m2!1s0x47e66f84666f802f%3A0x7b03905155589b66!2sKiss%20Me%20in%20Paris%20Proposals%20%26%20Weddings!5e0!3m2!1sen!2sin!4v1744567332130!5m2!1sen!2sin\" width=\"600\" height=\"450\" style=\"border:0;\" allowfullscreen=\"\" loading=\"lazy\" referrerpolicy=\"no-referrer-when-downgrade\"><\/iframe>\n<\/div>\n<\/div>\n<\/div><\/div>","protected":false},"excerpt":{"rendered":"<p>The Art Show Paris Proposal Pop the Question to Your Sweetheart Under the Pretext of an Art Show. This Art Show proposal works best in the morning when there are fewer crowds. You tell your partner that a famous French artist is hosting a &#8220;free&#8221; exhibition, and you&#8217;d love to check it out.&nbsp;Your partner doesn&#8217;t [&hellip;]<\/p>\n","protected":false},"author":35,"featured_media":7202,"parent":293,"menu_order":0,"comment_status":"closed","ping_status":"closed","template":"","meta":{"_acf_changed":false,"ub_ctt_via":"","footnotes":""},"class_list":["post-4772","page","type-page","status-publish","has-post-thumbnail","hentry"],"acf":[],"featured_image_src":"https:\/\/kissinparis.com\/wp-content\/uploads\/2023\/03\/Art-show-marriage-proposal-in-Paris-at-Trocadero-Eiffel-Tower.jpg","_links":{"self":[{"href":"https:\/\/kissinparis.com\/fr\/wp-json\/wp\/v2\/pages\/4772","targetHints":{"allow":["GET"]}}],"collection":[{"href":"https:\/\/kissinparis.com\/fr\/wp-json\/wp\/v2\/pages"}],"about":[{"href":"https:\/\/kissinparis.com\/fr\/wp-json\/wp\/v2\/types\/page"}],"author":[{"embeddable":true,"href":"https:\/\/kissinparis.com\/fr\/wp-json\/wp\/v2\/users\/35"}],"replies":[{"embeddable":true,"href":"https:\/\/kissinparis.com\/fr\/wp-json\/wp\/v2\/comments?post=4772"}],"version-history":[{"count":6,"href":"https:\/\/kissinparis.com\/fr\/wp-json\/wp\/v2\/pages\/4772\/revisions"}],"predecessor-version":[{"id":23639,"href":"https:\/\/kissinparis.com\/fr\/wp-json\/wp\/v2\/pages\/4772\/revisions\/23639"}],"up":[{"embeddable":true,"href":"https:\/\/kissinparis.com\/fr\/wp-json\/wp\/v2\/pages\/293"}],"wp:featuredmedia":[{"embeddable":true,"href":"https:\/\/kissinparis.com\/fr\/wp-json\/wp\/v2\/media\/7202"}],"wp:attachment":[{"href":"https:\/\/kissinparis.com\/fr\/wp-json\/wp\/v2\/media?parent=4772"}],"curies":[{"name":"wp","href":"https:\/\/api.w.org\/{rel}","templated":true}]}}