{"id":4776,"date":"2023-03-08T22:19:35","date_gmt":"2023-03-08T22:19:35","guid":{"rendered":"https:\/\/kissinparis.com\/?page_id=4776"},"modified":"2025-06-04T10:04:13","modified_gmt":"2025-06-04T10:04:13","slug":"demande-champagne-macarons","status":"publish","type":"page","link":"https:\/\/kissinparis.com\/fr\/paris-proposal\/champagne-macaron-proposal\/","title":{"rendered":"La proposition Champagne et Macaron le long de la Seine"},"content":{"rendered":"<div class=\"wp-block-group alignfull sec heror-section mt-0 mb-0 has-scroll-down has-background-color has-primary-background-color has-text-color has-background has-link-color wp-elements-89e05ec967da2280072021c5cddb7f6e\"><div class=\"wp-block-group__inner-container is-layout-constrained wp-block-group-is-layout-constrained\">\n<h1 class=\"wp-block-heading alignwide has-text-align-left full has-background-color has-text-color has-link-color wp-elements-586b050f0a8f0c145cacf7224dfee008\">La proposition Champagne et Macaron le long de la Seine<\/h1>\n\n\n\n<div class=\"wp-block-buttons alignfull mt-0 mb-0 pt-10 is-layout-flex wp-block-buttons-is-layout-flex\">\n<div class=\"wp-block-button\"><a class=\"wp-block-button__link has-primary-color has-background-background-color has-text-color has-background wp-element-button\" href=\"https:\/\/kissinparis.com\/fr\/consultation\/\">Consultation<\/a><\/div>\n<\/div>\n<\/div><\/div>\n\n\n\n<div class=\"wp-block-cover alignfull is-light mt-0 mb-0 banner banner-resources\"><img loading=\"lazy\" decoding=\"async\" width=\"1600\" height=\"1067\" class=\"wp-block-cover__image-background wp-image-23665 size-full\" alt=\"Demande en mariage avec un macaron au champagne \u00e0 Paris\" src=\"https:\/\/kissinparis.com\/wp-content\/uploads\/2025\/06\/Paris-proposal-planning-ideas.webp\" data-object-fit=\"cover\" srcset=\"https:\/\/kissinparis.com\/wp-content\/uploads\/2025\/06\/Paris-proposal-planning-ideas.webp 1600w, https:\/\/kissinparis.com\/wp-content\/uploads\/2025\/06\/Paris-proposal-planning-ideas-300x200.webp 300w, https:\/\/kissinparis.com\/wp-content\/uploads\/2025\/06\/Paris-proposal-planning-ideas-1024x683.webp 1024w, https:\/\/kissinparis.com\/wp-content\/uploads\/2025\/06\/Paris-proposal-planning-ideas-768x512.webp 768w, https:\/\/kissinparis.com\/wp-content\/uploads\/2025\/06\/Paris-proposal-planning-ideas-1536x1024.webp 1536w, https:\/\/kissinparis.com\/wp-content\/uploads\/2025\/06\/Paris-proposal-planning-ideas-1200x800.webp 1200w\" sizes=\"auto, (max-width: 1600px) 100vw, 1600px\" \/><span aria-hidden=\"true\" class=\"wp-block-cover__background has-primary-background-color has-background-dim-0 has-background-dim\"><\/span><div class=\"wp-block-cover__inner-container is-layout-flow wp-block-cover-is-layout-flow\">\n<div class=\"banner-video\">\n<img decoding=\"async\" src=\"https:\/\/kissinparis.com\/wp-content\/uploads\/2023\/02\/placeholder_16x9.png\" alt=\"Zone du h\u00e9ros\">\n<\/div>\n<\/div><\/div>\n\n\n\n<div class=\"wp-block-group alignfull mt-0 mb-0 sec sec-content has-white-background-color has-background\" id=\"sec-1\"><div class=\"wp-block-group__inner-container is-layout-constrained wp-block-group-is-layout-constrained\">\n<h2 class=\"wp-block-heading title-v2\">Votre table de demande en mariage \u00e0 Paris\u00a0: champagne, macarons et plus encore<\/h2>\n\n\n\n<p>Une bouteille de champagne fran\u00e7ais bien fra\u00eeche et de d\u00e9licats macarons incarnent le v\u00e9ritable romantisme parisien. Laissez-nous int\u00e9grer ces gourmandises fran\u00e7aises classiques \u00e0 votre demande en mariage \u00e0 Paris.<\/p>\n\n\n\n<p>Nous dresserons une magnifique table pour deux personnes dans le cadre de votre choix, que ce soit au bord de la Seine, dans un jardin secret ou sur une terrasse exclusive sur un toit. Une bouteille de champagne premium repose sur de la glace, aux c\u00f4t\u00e9s d&#039;une tour de macarons artisanaux aux tons pastel. Des fruits frais de saison, une photo encadr\u00e9e de vous et un \u00e9l\u00e9gant bouquet compl\u00e8tent ce cadre intime.<\/p>\n\n\n\n<p>Pour ceux qui recherchent l&#039;extraordinaire, nous proposons des mill\u00e9simes rares et des collaborations sp\u00e9ciales des plus grandes maisons de champagne du monde, de Dom P\u00e9rignon et Krug au l\u00e9gendaire Salon.<\/p>\n\n\n\n<p class=\"sec-header has-normal-font-size\">\u00c0 partir de 1 750 \u20ac<\/p>\n\n\n<div id=\"rank-math-faq\" class=\"rank-math-block\">\n<div class=\"rank-math-list\">\n<div id=\"faq-question-1749031139590\" class=\"rank-math-list-item\">\n<h3 class=\"rank-math-question\">Qu&#039;est-ce qui est inclus ?<\/h3>\n<div class=\"rank-math-answer\">\n\n<p>Une table \u00e9l\u00e9gante pour deux au bord de la Seine<\/p>\n<p>Photographe professionnel capturant votre proposition et vos \u00e9motions (60 minutes)<\/p>\n<p>Composition florale fra\u00eeche<\/p>\n<p>Photo encadr\u00e9e personnalis\u00e9e de vous deux<\/p>\n<p>Champagne fran\u00e7ais haut de gamme aux fruits de saison<\/p>\n<p>Tour de macarons personnalis\u00e9e \u00ab Veux-tu m&#039;\u00e9pouser \u00bb<\/p>\n<p>Groupe WhatsApp vous connectant \u00e0 votre \u00e9quipe de fournisseurs<\/p>\n<p>Partage de localisation GPS en direct le jour de la proposition<\/p>\n\n<\/div>\n<\/div>\n<div id=\"faq-question-1749031187220\" class=\"rank-math-list-item\">\n<h3 class=\"rank-math-question\">Mises \u00e0 niveau recommand\u00e9es<\/h3>\n<div class=\"rank-math-answer\">\n<img loading=\"lazy\" decoding=\"async\" width=\"150\" height=\"150\" src=\"https:\/\/kissinparis.com\/wp-content\/uploads\/2023\/05\/Fairytale-river-proposal-Paris-Eiffel-Tower-150x150.jpg\" class=\"alignright\" alt=\"Proposition fluviale \u00e0 la Tour Eiffel \u00e0 Paris\" \/>\n<p>Reel Instagram de 60 secondes capturant votre proposition et vos r\u00e9actions \u2013 375 \u20ac ;<\/p>\n<p>Vid\u00e9aste professionnel documentant votre moment sp\u00e9cial \u2013 \u00e0 partir de 500 \u20ac\/heure ;<\/p>\n<p>Planification et coordination de propositions personnalis\u00e9es \u2013 \u00e0 partir de 950 \u20ac ;<\/p>\n<p>Musicien live interpr\u00e9tant la chanson de votre choix (guitare, violoncelle, violon ou harpe) \u2013 \u00e0 partir de 375 \u20ac ;<\/p>\n<p>Installation d\u2019\u00e9clairage professionnel \u2013 225 \u20ac ;<\/p>\n<p>Fontaines de feux d&#039;artifice de c\u00e9l\u00e9bration :<\/p>\n<p>\u2013 30 secondes : 2 fontaines 120 \u20ac ou 4 fontaines 200 \u20ac<br \/>\u2013 60 secondes : 2 fontaines 160 \u20ac ou 4 fontaines 240 \u20ac ;<\/p>\n<p>Priv\u00e9\u00a0<a href=\"https:\/\/kissinparis.com\/fr\/demande-en-mariage-paris\/secret-garden-tour-eiffel\/\">Terrasse sur le toit de la Tour Eiffel<\/a>\u00a0acc\u00e8s \u2013 \u00e0 partir de 950 \u20ac<\/p>\n\n<\/div>\n<\/div>\n<div id=\"faq-question-1749031287692\" class=\"rank-math-list-item\">\n<h3 class=\"rank-math-question\">Conditions g\u00e9n\u00e9rales importantes<\/h3>\n<div class=\"rank-math-answer\">\n\n<p><strong>M\u00e9t\u00e9o et lieux publics<\/strong>:<\/p>\n<p>Bien que nous planifions votre demande en mariage \u00e0 Paris avec expertise, certains \u00e9l\u00e9ments \u00e9chappent \u00e0 notre contr\u00f4le. Les espaces publics comme les parcs, les ponts et les points de vue sur la ville sont ouverts \u00e0 tous\u00a0; nous ne pouvons emp\u00eacher les autres visiteurs ou touristes d&#039;assister \u00e0 ce moment privil\u00e9gi\u00e9. Cependant, notre expertise en mati\u00e8re de timing et de positionnement nous permet de cr\u00e9er des espaces plus intimes.<\/p>\n<p><strong>Consid\u00e9rations m\u00e9t\u00e9orologiques<\/strong>:<\/p>\n<p>En cas de fortes pluies, nous pouvons essayer d&#039;avancer ou de retarder votre rendez-vous le jour m\u00eame, selon la disponibilit\u00e9 des prestataires. Le report \u00e0 une autre date n&#039;est pas garanti.<\/p>\n<p>Les vents forts peuvent affecter les \u00e9l\u00e9ments d\u00e9coratifs comme les p\u00e9tales de rose, les ballons et les syst\u00e8mes d\u2019\u00e9clairage.<\/p>\n<p><strong>Remarque importante :\u00a0<\/strong>Tous les frais de planification de proposition, les frais d&#039;installation et les \u00e9l\u00e9ments de d\u00e9coration (y compris les lettres et les fleurs Marry Me) ne sont pas remboursables car ces services sont pr\u00e9par\u00e9s sp\u00e9cifiquement pour votre date.<\/p>\n\n<\/div>\n<\/div>\n<\/div>\n<\/div>\n\n\n<div style=\"height:50px\" aria-hidden=\"true\" class=\"wp-block-spacer\"><\/div>\n\n\n\n<div class=\"wp-block-buttons is-layout-flex wp-block-buttons-is-layout-flex\">\n<div class=\"wp-block-button\"><a class=\"wp-block-button__link wp-element-button\" href=\"https:\/\/kissinparis.com\/fr\/consultation\/\">R\u00e9server<\/a><\/div>\n\n\n\n<div class=\"wp-block-button is-style-fill\"><a class=\"wp-block-button__link wp-element-button\" href=\"https:\/\/kissinparis.com\/fr\/demande-en-mariage-paris\/forfaits\/\">dossiers de propositions<\/a><\/div>\n<\/div>\n<\/div><\/div>","protected":false},"excerpt":{"rendered":"<p>The Champagne &amp; Macaron Proposal Along the Seine River Your Paris Proposal Table: Champagne, Macarons &amp; More A chilled bottle of French Champagne and delicate macarons embody true Parisian romance. Let us weave these classic French treats into your proposal in Paris. We&#8217;ll set up a stunning table for two in your chosen setting\u2014whether it&#8217;s [&hellip;]<\/p>\n","protected":false},"author":35,"featured_media":23665,"parent":293,"menu_order":0,"comment_status":"closed","ping_status":"closed","template":"","meta":{"_acf_changed":false,"ub_ctt_via":"","footnotes":""},"class_list":["post-4776","page","type-page","status-publish","has-post-thumbnail","hentry"],"acf":[],"featured_image_src":"https:\/\/kissinparis.com\/wp-content\/uploads\/2025\/06\/Paris-proposal-planning-ideas.webp","_links":{"self":[{"href":"https:\/\/kissinparis.com\/fr\/wp-json\/wp\/v2\/pages\/4776","targetHints":{"allow":["GET"]}}],"collection":[{"href":"https:\/\/kissinparis.com\/fr\/wp-json\/wp\/v2\/pages"}],"about":[{"href":"https:\/\/kissinparis.com\/fr\/wp-json\/wp\/v2\/types\/page"}],"author":[{"embeddable":true,"href":"https:\/\/kissinparis.com\/fr\/wp-json\/wp\/v2\/users\/35"}],"replies":[{"embeddable":true,"href":"https:\/\/kissinparis.com\/fr\/wp-json\/wp\/v2\/comments?post=4776"}],"version-history":[{"count":10,"href":"https:\/\/kissinparis.com\/fr\/wp-json\/wp\/v2\/pages\/4776\/revisions"}],"predecessor-version":[{"id":23671,"href":"https:\/\/kissinparis.com\/fr\/wp-json\/wp\/v2\/pages\/4776\/revisions\/23671"}],"up":[{"embeddable":true,"href":"https:\/\/kissinparis.com\/fr\/wp-json\/wp\/v2\/pages\/293"}],"wp:featuredmedia":[{"embeddable":true,"href":"https:\/\/kissinparis.com\/fr\/wp-json\/wp\/v2\/media\/23665"}],"wp:attachment":[{"href":"https:\/\/kissinparis.com\/fr\/wp-json\/wp\/v2\/media?parent=4776"}],"curies":[{"name":"wp","href":"https:\/\/api.w.org\/{rel}","templated":true}]}}