{"id":4779,"date":"2023-03-08T22:24:38","date_gmt":"2023-03-08T22:24:38","guid":{"rendered":"https:\/\/kissinparis.com\/?page_id=4779"},"modified":"2025-06-05T10:52:12","modified_gmt":"2025-06-05T10:52:12","slug":"demande-avec-artiste","status":"publish","type":"page","link":"https:\/\/kissinparis.com\/fr\/paris-proposal\/artist-proposal\/","title":{"rendered":"Forfait Demande en mariage \u00e0 l&#039;artiste parisien | La Surprise de l&#039;Engagement Cr\u00e9atif"},"content":{"rendered":"<div class=\"wp-block-group alignfull sec heror-section mt-0 mb-0 has-scroll-down has-background-color has-primary-background-color has-text-color has-background has-link-color wp-elements-a3232cb9f6b446b0f4a5f1aeb73be8f7\"><div class=\"wp-block-group__inner-container is-layout-constrained wp-block-group-is-layout-constrained\">\n<h1 class=\"wp-block-heading alignwide has-text-align-left full has-background-color has-text-color has-link-color wp-elements-291ce9c4c1b9565ba8ddfd3c4d5cc37e\">La proposition de l&#039;artiste<\/h1>\n\n\n\n<div class=\"wp-block-buttons alignfull mt-0 mb-0 is-layout-flex wp-block-buttons-is-layout-flex\">\n<div class=\"wp-block-button\"><a class=\"wp-block-button__link has-primary-color has-background-background-color has-text-color has-background wp-element-button\" href=\"https:\/\/kissinparis.com\/fr\/consultation\/\">Demandes de renseignements<\/a><\/div>\n<\/div>\n<\/div><\/div>\n\n\n\n<div class=\"wp-block-cover alignfull is-light mt-0 mb-0 banner banner-resources\"><img loading=\"lazy\" decoding=\"async\" width=\"1500\" height=\"1000\" class=\"wp-block-cover__image-background wp-image-23787 size-full\" alt=\"Proposition \u00e0 Paris avec un artiste\" src=\"https:\/\/kissinparis.com\/wp-content\/uploads\/2025\/06\/Paris-proposal-with-artist.webp\" style=\"object-position:44% 62%\" data-object-fit=\"cover\" data-object-position=\"44% 62%\" srcset=\"https:\/\/kissinparis.com\/wp-content\/uploads\/2025\/06\/Paris-proposal-with-artist.webp 1500w, https:\/\/kissinparis.com\/wp-content\/uploads\/2025\/06\/Paris-proposal-with-artist-300x200.webp 300w, https:\/\/kissinparis.com\/wp-content\/uploads\/2025\/06\/Paris-proposal-with-artist-1024x683.webp 1024w, https:\/\/kissinparis.com\/wp-content\/uploads\/2025\/06\/Paris-proposal-with-artist-768x512.webp 768w, https:\/\/kissinparis.com\/wp-content\/uploads\/2025\/06\/Paris-proposal-with-artist-1200x800.webp 1200w\" sizes=\"auto, (max-width: 1500px) 100vw, 1500px\" \/><span aria-hidden=\"true\" class=\"wp-block-cover__background has-primary-background-color has-background-dim-0 has-background-dim\"><\/span><div class=\"wp-block-cover__inner-container is-layout-flow wp-block-cover-is-layout-flow\">\n<div class=\"banner-video\">\n<img decoding=\"async\" src=\"https:\/\/kissinparis.com\/wp-content\/uploads\/2023\/02\/placeholder_16x9.png\" alt=\"Zone du h\u00e9ros\">\n<\/div>\n<\/div><\/div>\n\n\n\n<div class=\"wp-block-group alignfull mt-0 mb-0 sec sec-content\" id=\"sec-1\"><div class=\"wp-block-group__inner-container is-layout-constrained wp-block-group-is-layout-constrained\">\n<h2 class=\"wp-block-heading title-v2\">La proposition de \u00ab l&#039;artiste \u00bb lui fera certainement verser des larmes de joie.<\/h2>\n\n\n\n<p>Vous encouragez votre partenaire \u00e0 fl\u00e2ner dans Paris avant de vous rendre \u00e0 un brunch \u00e9l\u00e9gant, \u00e0 un d\u00eener ou \u00e0 une croisi\u00e8re en bateau (votre partenaire en est conscient et s&#039;habille pour l&#039;occasion).<\/p>\n\n\n\n<p>Presque par hasard, vous tombez sur un artiste fran\u00e7ais local qui vous propose de dessiner une caricature (ou une peinture surprise) contre une somme modique. Vous acceptez.<\/p>\n\n\n\n<p>Cependant, votre partenaire ne sait pas que cet artiste a d\u00e9j\u00e0 r\u00e9alis\u00e9 un fabuleux dessin de vous (bas\u00e9 sur une photo que nous avons pr\u00e9c\u00e9demment partag\u00e9e avec l&#039;artiste).<\/p>\n\n\n\n<p>La caricature est magnifique et arbore une bulle \u00ab Veux-tu m&#039;\u00e9pouser ? \u00bb au-dessus de vos t\u00eates peintes. Le dessin peut \u00eatre en noir et blanc ou en couleur (frais suppl\u00e9mentaires). Un ma\u00eetre peintre peut \u00e9galement r\u00e9aliser un dessin exact du d\u00e9cor de votre demande en mariage, incluant m\u00eame les d\u00e9tails de votre tenue.<\/p>\n\n\n\n<figure class=\"wp-block-image alignwide size-full wp-image-43326\"><img loading=\"lazy\" decoding=\"async\" width=\"800\" height=\"533\" src=\"https:\/\/kissinparis.com\/wp-content\/uploads\/2023\/03\/The-Artist-proposal-in-Paris-2.jpg\" alt=\"Id\u00e9es de demande en mariage \u00e0 Paris avec un d\u00e9cor dessin\u00e9 par un ma\u00eetre peintre\" class=\"wp-image-4782\" srcset=\"https:\/\/kissinparis.com\/wp-content\/uploads\/2023\/03\/The-Artist-proposal-in-Paris-2.jpg 800w, https:\/\/kissinparis.com\/wp-content\/uploads\/2023\/03\/The-Artist-proposal-in-Paris-2-300x200.jpg 300w, https:\/\/kissinparis.com\/wp-content\/uploads\/2023\/03\/The-Artist-proposal-in-Paris-2-768x512.jpg 768w\" sizes=\"auto, (max-width: 800px) 100vw, 800px\" \/><figcaption class=\"wp-element-caption\">Faites preuve de pr\u00e9voyance et d\u2019effort en faisant appel \u00e0 un ma\u00eetre peintre \u00ab surprise \u00bb pour cr\u00e9er une reproduction exacte du cadre de votre proposition.<\/figcaption><\/figure>\n\n\n\n<figure class=\"wp-block-image alignwide size-full wp-image-43327\"><img loading=\"lazy\" decoding=\"async\" width=\"800\" height=\"533\" src=\"https:\/\/kissinparis.com\/wp-content\/uploads\/2023\/03\/9_The-Artist-proposal-in-Paris-3.jpg\" alt=\"Id\u00e9es de demande en mariage \u00e0 Paris avec une configuration de demande en mariage de luxe\" class=\"wp-image-4783\" srcset=\"https:\/\/kissinparis.com\/wp-content\/uploads\/2023\/03\/9_The-Artist-proposal-in-Paris-3.jpg 800w, https:\/\/kissinparis.com\/wp-content\/uploads\/2023\/03\/9_The-Artist-proposal-in-Paris-3-300x200.jpg 300w, https:\/\/kissinparis.com\/wp-content\/uploads\/2023\/03\/9_The-Artist-proposal-in-Paris-3-768x512.jpg 768w\" sizes=\"auto, (max-width: 800px) 100vw, 800px\" \/><figcaption class=\"wp-element-caption\">Voici la v\u00e9ritable demande en mariage surprise sur un toit priv\u00e9 parisien.<\/figcaption><\/figure>\n\n\n\n<figure class=\"wp-block-image alignwide size-full wp-image-43328\"><img loading=\"lazy\" decoding=\"async\" width=\"800\" height=\"533\" src=\"https:\/\/kissinparis.com\/wp-content\/uploads\/2023\/03\/The-Artist-proposal-in-Paris.jpg\" alt=\"Id\u00e9es de demande en mariage \u00e0 Paris avec un d\u00e9cor dessin\u00e9 par un ma\u00eetre peintre\" class=\"wp-image-4784\" srcset=\"https:\/\/kissinparis.com\/wp-content\/uploads\/2023\/03\/The-Artist-proposal-in-Paris.jpg 800w, https:\/\/kissinparis.com\/wp-content\/uploads\/2023\/03\/The-Artist-proposal-in-Paris-300x200.jpg 300w, https:\/\/kissinparis.com\/wp-content\/uploads\/2023\/03\/The-Artist-proposal-in-Paris-768x512.jpg 768w\" sizes=\"auto, (max-width: 800px) 100vw, 800px\" \/><figcaption class=\"wp-element-caption\">Et voici la version du peintre de votre proposition\u2026 dessin\u00e9e avant m\u00eame votre arriv\u00e9e \u00e0 Paris.<\/figcaption><\/figure>\n\n\n\n<p>C&#039;est ici que vous pouvez donner libre cours \u00e0 votre demande en mariage parisienne. Nous pouvons exposer discr\u00e8tement le tableau sur un chevalet pour l&#039;int\u00e9grer \u00e0 votre d\u00e9coration.<\/p>\n\n\n\n<p>Ou bien, l&#039;artiste peut vous demander sur-le-champ si vous \u00eates pr\u00eat \u00e0 admirer son chef-d&#039;\u0153uvre. Vous vous placez derri\u00e8re votre partenaire, sortez l&#039;\u00e9crin de votre veste et vous mettez \u00e0 genoux. Lorsque votre ch\u00e9ri(e) contemple le dessin et se tourne vers vous, frissons garantis.<\/p>\n\n\n\n<p>Voil\u00e0 ! Elle dit \u00ab Oui ! \u00bb Et nous, on pense \u00e0 ajouter un superbe feu d&#039;artifice qui s&#039;allumera quand elle se retournera\u2026 ou quand on lui passera la bague au doigt.<\/p>\n\n\n\n<p class=\"sec-header has-normal-font-size\">\u00c0 partir de 850 \u20ac (caricature ludique en noir et blanc)<br>\u00c0 partir de 1 100 \u20ac (ma\u00eetre peintre)<\/p>\n\n\n\n<div style=\"height:50px\" aria-hidden=\"true\" class=\"wp-block-spacer\"><\/div>\n\n\n<div id=\"rank-math-faq\" class=\"rank-math-block\">\n<div class=\"rank-math-list\">\n<div id=\"faq-question-1749120241109\" class=\"rank-math-list-item\">\n<h3 class=\"rank-math-question\">Qu&#039;est-ce qui est inclus?<\/h3>\n<div class=\"rank-math-answer\">\n\n<p>Caricaturiste fran\u00e7ais talentueux ou ma\u00eetre peintre ;<\/p>\n<p>Briefing d\u00e9taill\u00e9 de l&#039;artiste sur le sujet souhait\u00e9, y compris les objets, les personnes (c&#039;est-\u00e0-dire g\u00e9n\u00e9ralement vous, le couple), les sc\u00e8nes et d&#039;autres \u00e9l\u00e9ments.<\/p>\n<p>Cr\u00e9ation d&#039;un groupe WhatsApp pour faciliter la communication avec votre \u00e9quipe de fournisseurs principale.<\/p>\n<p>Cartographie de localisation GPS en direct le jour m\u00eame via WhatsApp.<\/p>\n\n<\/div>\n<\/div>\n<div id=\"faq-question-1749120259695\" class=\"rank-math-list-item\">\n<h3 class=\"rank-math-question\">Mises \u00e0 niveau recommand\u00e9es<\/h3>\n<div class=\"rank-math-answer\">\n\n<p><em>Nous appliquons des frais de coordination de 450 \u20ac pour toute proposition de toiture ou lorsque vous r\u00e9servez trois prestataires ou services ou plus.<\/em><\/p>\n<p>Style paparazzi,\u00a0<a href=\"https:\/\/kissinparis.com\/fr\/demande-en-mariage-paris\/photographe\/\">photographe de demandes en mariage exp\u00e9riment\u00e9 \u00e0 Paris<\/a>\u00a0pour capturer l\u2019instant et les r\u00e9actions imm\u00e9diates (environ 60 minutes de couverture totale) \u2014 \u00e0 partir de 300 \u20ac ;<\/p>\n<p>Fran\u00e7ais r\u00e9frig\u00e9r\u00e9 de qualit\u00e9 sup\u00e9rieure\u00a0<a href=\"https:\/\/kissinparis.com\/fr\/demande-en-mariage-paris\/demande-champagne-macarons\/\">Champagne<\/a>, des fl\u00fbtes en cristal et un superbe bouquet de roses rouges \u00e0 longues tiges livr\u00e9 en main propre sur le lieu de votre demande en mariage, \u00e0 partir de 295 \u20ac (selon votre choix de champagne)\u00a0;<\/p>\n<p><strong>NOUVEAU<\/strong>: une vid\u00e9o verticale ph\u00e9nom\u00e9nale de 60 secondes de style Instagram, comprenant des images de la proposition r\u00e9elle et des r\u00e9actions inestimables (consultez la page de Juliana pour un \u00e9chantillon\u00a0<a href=\"https:\/\/kissinparis.com\/fr\/equipe-creative\/juliana\/\">bobines vid\u00e9o<\/a>)\u2014375 \u20ac;<\/p>\n<p><a href=\"https:\/\/kissinparis.com\/fr\/videaste-paris\/\">vid\u00e9aste parisien<\/a>\u00a0pour capturer l\u2019instant et des r\u00e9actions inestimables \u2014 \u00e0 partir de 500 \u20ac pour la premi\u00e8re heure de couverture vid\u00e9o ;<\/p>\n<p>Planification de propositions personnalis\u00e9es \u2014 \u00e0 partir de 750 \u20ac\u00a0;<\/p>\n<p>Forfait \u00e9clairage professionnel, incluant un associ\u00e9 pour g\u00e9rer les lumi\u00e8res et la foule (fortement recommand\u00e9 pour les installations en soir\u00e9e lorsque vous recherchez le ciel bleu vif) \u2014 225 \u20ac ;<\/p>\n<p>Des fontaines de feu d&#039;artifice spectaculaires qui s&#039;allument d\u00e8s qu&#039;elle dit \u00ab\u00a0oui\u00a0\u00bb ou \u00e0 tout autre moment de la demande en mariage\u00a0: 120\u00a0\u20ac (2 fontaines) ou 200\u00a0\u20ac (4 fontaines) pour trente (30) secondes. Passez \u00e0 soixante (60) secondes pour 160\u00a0\u20ac (2 fontaines) ou 240\u00a0\u20ac (4 fontaines).<\/p>\n\n<\/div>\n<\/div>\n<div id=\"faq-question-1749120326428\" class=\"rank-math-list-item\">\n<h3 class=\"rank-math-question\">Conditions g\u00e9n\u00e9rales importantes<\/h3>\n<div class=\"rank-math-answer\">\n\n<p>Nous pouvons contr\u00f4ler presque tous les \u00e9l\u00e9ments de votre exp\u00e9rience de demande en mariage, \u00e0 l&#039;exception de la m\u00e9t\u00e9o et des passants qui perturbent votre demande.<br \/>Lorsque vous travaillez avec Kiss Me in Paris, les risques d\u2019interruptions ind\u00e9sirables sont faibles.<\/p>\n<p>Il est n\u00e9anmoins crucial de comprendre les risques potentiels lors d&#039;une demande en mariage dans un lieu public. Nous ferons tout notre possible pour nous adapter \u00e0 un changement d&#039;heure ou de date en cas de fortes pluies.<\/p>\n<p>Il existe \u00e9galement un risque que votre peintre soit malade. Dans ce cas, nous ferons tout notre possible pour trouver un rempla\u00e7ant comp\u00e9tent dans les meilleurs d\u00e9lais.<\/p>\n<p><em>Les frais de coordination de la proposition ne sont pas remboursables \u00e9tant donn\u00e9 qu\u2019une grande partie du travail aura \u00e9t\u00e9 effectu\u00e9e \u00e0 la date de la proposition.<\/em><\/p>\n\n<\/div>\n<\/div>\n<\/div>\n<\/div>\n\n\n<div style=\"height:50px\" aria-hidden=\"true\" class=\"wp-block-spacer\"><\/div>\n\n\n\n<div class=\"wp-block-buttons is-layout-flex wp-block-buttons-is-layout-flex\">\n<div class=\"wp-block-button\"><a class=\"wp-block-button__link wp-element-button\" href=\"https:\/\/kissinparis.com\/fr\/consultation\/\">R\u00e9server<\/a><\/div>\n\n\n\n<div class=\"wp-block-button is-style-fill\"><a class=\"wp-block-button__link wp-element-button\" href=\"https:\/\/kissinparis.com\/fr\/demande-en-mariage-paris\/forfaits\/\">dossiers de propositions<\/a><\/div>\n<\/div>\n<\/div><\/div>\n\n\n\n<div class=\"wp-block-group alignfull mt-0 mb-0  sec sec-map\"><div class=\"wp-block-group__inner-container is-layout-constrained wp-block-group-is-layout-constrained\">\n<div class=\"wp-block-columns are-vertically-aligned-center mt-0 mb-0 is-layout-flex wp-container-core-columns-is-layout-9d6595d7 wp-block-columns-is-layout-flex\">\n<div class=\"wp-block-column is-vertically-aligned-center is-layout-flow wp-block-column-is-layout-flow\">\n<p class=\"title-v2 mb-20\">Au c\u0153ur de Paris.<\/p>\n\n\n\n<p>Kiss Me in Paris Proposals &amp; Weddings<br>78 Av. Raymond Poincar\u00e9, 75116 Paris, France<br><a href=\"tel:+33661351511\">+33 6 61 35 15 11<\/a><br><a href=\"mailto:support@kissinparis.com\">support@kissinparis.com<\/a><\/p>\n<\/div>\n\n\n\n<div class=\"wp-block-column is-vertically-aligned-center is-layout-flow wp-block-column-is-layout-flow\">\n<iframe title=\"Carte indiquant l&#039;emplacement de Kiss Me in Paris Demandes en mariage et mariages\" src=\"https:\/\/www.google.com\/maps\/embed?pb=!1m18!1m12!1m3!1d2624.433873533341!2d2.28082346080246!3d48.86900492627629!2m3!1f0!2f0!3f0!3m2!1i1024!2i768!4f13.1!3m3!1m2!1s0x47e66f84666f802f%3A0x7b03905155589b66!2sKiss%20Me%20in%20Paris%20Proposals%20%26%20Weddings!5e0!3m2!1sen!2sin!4v1744567332130!5m2!1sen!2sin\" width=\"600\" height=\"450\" style=\"border:0;\" allowfullscreen=\"\" loading=\"lazy\" referrerpolicy=\"no-referrer-when-downgrade\"><\/iframe>\n<\/div>\n<\/div>\n<\/div><\/div>","protected":false},"excerpt":{"rendered":"<p>The Artist Proposal The &#8216;Artist&#8217; Proposal is sure to bring tears of joy to her eyes.\u200b You encourage your partner to stroll around Paris before heading to an elegant brunch, dinner, or boat cruise (your significant other is aware of this and dresses to the occasion). Almost fortuitously, you stumble upon a local French artist [&hellip;]<\/p>\n","protected":false},"author":35,"featured_media":23787,"parent":293,"menu_order":0,"comment_status":"closed","ping_status":"closed","template":"","meta":{"_acf_changed":false,"ub_ctt_via":"","footnotes":""},"class_list":["post-4779","page","type-page","status-publish","has-post-thumbnail","hentry"],"acf":[],"featured_image_src":"https:\/\/kissinparis.com\/wp-content\/uploads\/2025\/06\/Paris-proposal-with-artist.webp","_links":{"self":[{"href":"https:\/\/kissinparis.com\/fr\/wp-json\/wp\/v2\/pages\/4779","targetHints":{"allow":["GET"]}}],"collection":[{"href":"https:\/\/kissinparis.com\/fr\/wp-json\/wp\/v2\/pages"}],"about":[{"href":"https:\/\/kissinparis.com\/fr\/wp-json\/wp\/v2\/types\/page"}],"author":[{"embeddable":true,"href":"https:\/\/kissinparis.com\/fr\/wp-json\/wp\/v2\/users\/35"}],"replies":[{"embeddable":true,"href":"https:\/\/kissinparis.com\/fr\/wp-json\/wp\/v2\/comments?post=4779"}],"version-history":[{"count":8,"href":"https:\/\/kissinparis.com\/fr\/wp-json\/wp\/v2\/pages\/4779\/revisions"}],"predecessor-version":[{"id":23791,"href":"https:\/\/kissinparis.com\/fr\/wp-json\/wp\/v2\/pages\/4779\/revisions\/23791"}],"up":[{"embeddable":true,"href":"https:\/\/kissinparis.com\/fr\/wp-json\/wp\/v2\/pages\/293"}],"wp:featuredmedia":[{"embeddable":true,"href":"https:\/\/kissinparis.com\/fr\/wp-json\/wp\/v2\/media\/23787"}],"wp:attachment":[{"href":"https:\/\/kissinparis.com\/fr\/wp-json\/wp\/v2\/media?parent=4779"}],"curies":[{"name":"wp","href":"https:\/\/api.w.org\/{rel}","templated":true}]}}