{"id":4913,"date":"2023-03-09T16:56:45","date_gmt":"2023-03-09T16:56:45","guid":{"rendered":"https:\/\/kissinparis.com\/?page_id=4913"},"modified":"2025-06-03T09:56:47","modified_gmt":"2025-06-03T09:56:47","slug":"passerelle-leopold-sedar-senghor","status":"publish","type":"page","link":"https:\/\/kissinparis.com\/fr\/passerelle-leopold-sedar-senghor\/","title":{"rendered":"Passerelle L\u00e9opold S\u00e9dar Senghor Paris Photo Spot"},"content":{"rendered":"<div class=\"wp-block-group alignfull sec heror-section mt-0 mb-0 has-scroll-down has-background-color has-primary-background-color has-text-color has-background has-link-color wp-elements-cc2acbc9ce2c0be2d5b38ae611669db8\"><div class=\"wp-block-group__inner-container is-layout-constrained wp-block-group-is-layout-constrained\">\n<h1 class=\"wp-block-heading alignwide has-text-align-left full has-background-color has-text-color has-link-color wp-elements-8f59432b7fe51121292ba7068b61ae56\">Revue du spot photo Passerelle L\u00e9opold S\u00e9dar Senghor<\/h1>\n<\/div><\/div>\n\n\n\n<div class=\"wp-block-cover alignfull mt-0 mb-0 banner banner-resources\"><img loading=\"lazy\" decoding=\"async\" width=\"1400\" height=\"788\" class=\"wp-block-cover__image-background wp-image-4919\" alt=\"Paris photographie Passerelle L\u00e9opold-S\u00e9dar-Senghor\" src=\"https:\/\/kissinparis.com\/wp-content\/uploads\/2023\/03\/Passerelle-Leopold-Sedar-Senghor-best-photo-spots-Paris.jpg\" data-object-fit=\"cover\" srcset=\"https:\/\/kissinparis.com\/wp-content\/uploads\/2023\/03\/Passerelle-Leopold-Sedar-Senghor-best-photo-spots-Paris.jpg 1400w, https:\/\/kissinparis.com\/wp-content\/uploads\/2023\/03\/Passerelle-Leopold-Sedar-Senghor-best-photo-spots-Paris-300x169.jpg 300w, https:\/\/kissinparis.com\/wp-content\/uploads\/2023\/03\/Passerelle-Leopold-Sedar-Senghor-best-photo-spots-Paris-1024x576.jpg 1024w, https:\/\/kissinparis.com\/wp-content\/uploads\/2023\/03\/Passerelle-Leopold-Sedar-Senghor-best-photo-spots-Paris-768x432.jpg 768w, https:\/\/kissinparis.com\/wp-content\/uploads\/2023\/03\/Passerelle-Leopold-Sedar-Senghor-best-photo-spots-Paris-1200x675.jpg 1200w\" sizes=\"auto, (max-width: 1400px) 100vw, 1400px\" \/><span aria-hidden=\"true\" class=\"wp-block-cover__background has-primary-background-color has-background-dim-0 has-background-dim\"><\/span><div class=\"wp-block-cover__inner-container is-layout-flow wp-block-cover-is-layout-flow\">\n<div class=\"banner-video\">\n<img decoding=\"async\" src=\"https:\/\/kissinparis.com\/wp-content\/uploads\/2023\/02\/placeholder_16x9.png\" alt=\"Zone du h\u00e9ros\">\n<\/div>\n<\/div><\/div>\n\n\n\n<div class=\"wp-block-group alignfull mt-0 mb-0 sec sec-content has-white-background-color has-background\" id=\"sec-1\"><div class=\"wp-block-group__inner-container is-layout-constrained wp-block-group-is-layout-constrained\">\n<h2 class=\"wp-block-heading title-v2\">La passerelle L\u00e9opold S\u00e9dar Senghor offre une vue quasi digne d&#039;une carte postale de Paris.<\/h2>\n\n\n\n<p>Comme <a href=\"https:\/\/kissinparis.com\/fr\/pont-des-arts\/\" data-type=\"link\" data-id=\"https:\/\/kissinparis.com\/pont-des-arts\/\">Pont des Arts<\/a>La Passerelle L\u00e9opold S\u00e9dar Senghor n&#039;est pas un lieu privil\u00e9gi\u00e9. Bien au contraire\u00a0: c&#039;est l&#039;endroit id\u00e9al pour tuer le temps en attendant de faire votre demande en mariage dans le jardin des Tuileries adjacent.<\/p>\n\n\n\n<p>L&#039;architecture distinctive du pont en acier et son vaste point de vue sur Paris en font un lieu de photo parisien digne d&#039;int\u00e9r\u00eat, bien qu&#039;hors des sentiers battus.<\/p>\n\n\n<div class=\"sc-box tips\"><div class=\"sc-title\"><svg viewbox=\"0 0 512 512\" class=\"icon icon-tip\" role=\"presentation\"><path d=\" M466.27 286.69C475.04 271.84 480 256 480 236.85c0-44.015-37.218-85.58 -85.82-85.58H357.7c4.92-12.81 8.85-28.13 8.85-46.54C366.55 31.936 328.86 0 271.28 0c-61.607 0-58.093 94.933-71.76 108.6-22.747 22.747 -49.615 66.447-68.76 83.4H32c-17.673 0-32 14.327-32 32v240c0 17.673 14.327 32 32 32h64c14.893 0 27.408-10.174 30.978-23.95 44.509 1.001 75.06 39.94 177.802 39.94 7.22 0 15.22.01 22.22.01 77.117 0 111.986 -39.423 112.94-95.33 13.319-18.425 20.299-43.122 17.34-66.99 9.854 -18.452 13.664-40.343 8.99-62.99zm-61.75 53.83c12.56 21.13 1.26 49.41 -13.94 57.57 7.7 48.78-17.608 65.9-53.12 65.9h-37.82c-71.639 0-118.029 -37.82-171.64-37.82V240h10.92c28.36 0 67.98-70.89 94.54-97.46 28.36 -28.36 18.91-75.63 37.82-94.54 47.27 0 47.27 32.98 47.27 56.73 0 39.17 -28.36 56.72-28.36 94.54h103.99c21.11 0 37.73 18.91 37.82 37.82.09 18.9-12.82 37.81-22.27 37.81 13.489 14.555 16.371 45.236-5.21 65.62zM 88 432c0 13.255-10.745 24-24 24s-24-10.745-24-24 10.745-24 24-24 24 10.745 24 24z \" fill=\"currentColor\"><\/path><\/svg><span class=\"sc-label\">Conseil<\/span><\/div><span class=\"sc-content\">Supposons que vous soyez en ville avec des enfants ou que vous ayez simplement une dent sucr\u00e9e, alors dirigez-vous vers le parc pour vous offrir un chocolat chaud d\u00e9cadent \u00e0 <a title=\"Meilleur chocolat chaud de Paris Angelina\" href=\"https:\/\/www.angelina-paris.fr\/\" target=\"_blank\" rel=\"noreferrer noopener\">Angelina Paris<\/a>.<\/span><\/div>\n\n\n\n<p><strong>Meilleur moment pour <a href=\"https:\/\/kissinparis.com\/fr\/portfolio\/\">photos<\/a><\/strong>:t\u00f4t le matin<br><strong>Couverture photographique recommand\u00e9e<\/strong>: 10 \u00e0 15 minutes<br><strong>\u00c9chelle de romance<\/strong>: mod\u00e9r\u00e9<br><strong>Aptitude \u00e0 la pluie<\/strong>: mod\u00e9r\u00e9<br><strong>Emplacements \u00e0 proximit\u00e9 : <\/strong><a href=\"https:\/\/kissinparis.com\/fr\/jardin-des-tuileries\/\" data-type=\"link\" data-id=\"https:\/\/kissinparis.com\/tuileries-garden\/\">Jardin des Tuileries<\/a>, Mus\u00e9e d&#039;Orsay, <a href=\"https:\/\/kissinparis.com\/fr\/musee-du-louvre\/\" data-type=\"link\" data-id=\"https:\/\/kissinparis.com\/louvre-museum\/\">Mus\u00e9e du Louvre<\/a>, Rivi\u00e8re Seine, <a href=\"https:\/\/kissinparis.com\/fr\/palais-royal\/\" data-type=\"link\" data-id=\"https:\/\/kissinparis.com\/palais-royal\/\">Palais-Royal<\/a>, Caf\u00e9s<br><strong>Co\u00fbt<\/strong>: gratuit<br><strong>Latitude et longitude<\/strong>: 48,8619\u00b0 N, 2,3247\u00b0 E<\/p>\n<\/div><\/div>","protected":false},"excerpt":{"rendered":"<p>Passerelle Leopold Sedar Senghor Photo Spot Review Passerelle Leopold Sedar Senghor virtually ensures postcard-worthy views of Paris. Like Pont des Arts, Passerelle Leopold Sedar Senghor is not a primary location. Quite the opposite: it&#8217;s the perfect spot to kill time while you&#8217;re waiting to propose in the adjacent Tuileries Garden. The steel bridge&#8217;s distinctive architecture [&hellip;]<\/p>\n","protected":false},"author":35,"featured_media":0,"parent":0,"menu_order":0,"comment_status":"closed","ping_status":"closed","template":"","meta":{"_acf_changed":false,"ub_ctt_via":"","footnotes":""},"class_list":["post-4913","page","type-page","status-publish","hentry"],"acf":[],"featured_image_src":null,"_links":{"self":[{"href":"https:\/\/kissinparis.com\/fr\/wp-json\/wp\/v2\/pages\/4913","targetHints":{"allow":["GET"]}}],"collection":[{"href":"https:\/\/kissinparis.com\/fr\/wp-json\/wp\/v2\/pages"}],"about":[{"href":"https:\/\/kissinparis.com\/fr\/wp-json\/wp\/v2\/types\/page"}],"author":[{"embeddable":true,"href":"https:\/\/kissinparis.com\/fr\/wp-json\/wp\/v2\/users\/35"}],"replies":[{"embeddable":true,"href":"https:\/\/kissinparis.com\/fr\/wp-json\/wp\/v2\/comments?post=4913"}],"version-history":[{"count":3,"href":"https:\/\/kissinparis.com\/fr\/wp-json\/wp\/v2\/pages\/4913\/revisions"}],"predecessor-version":[{"id":23567,"href":"https:\/\/kissinparis.com\/fr\/wp-json\/wp\/v2\/pages\/4913\/revisions\/23567"}],"wp:attachment":[{"href":"https:\/\/kissinparis.com\/fr\/wp-json\/wp\/v2\/media?parent=4913"}],"curies":[{"name":"wp","href":"https:\/\/api.w.org\/{rel}","templated":true}]}}