{"id":4980,"date":"2023-03-09T17:56:10","date_gmt":"2023-03-09T17:56:10","guid":{"rendered":"https:\/\/kissinparis.com\/?page_id=4980"},"modified":"2025-07-06T19:02:10","modified_gmt":"2025-07-06T19:02:10","slug":"moulin-rouge","status":"publish","type":"page","link":"https:\/\/kissinparis.com\/fr\/moulin-rouge\/","title":{"rendered":"Lieu photo embl\u00e9matique du Moulin Rouge \u00e0 Paris | Superbes clich\u00e9s nocturnes"},"content":{"rendered":"<div class=\"wp-block-group alignfull sec heror-section mt-0 mb-0 has-scroll-down has-background-color has-primary-background-color has-text-color has-background has-link-color wp-elements-eea77da0172fa92644d586298945a40a\"><div class=\"wp-block-group__inner-container is-layout-constrained wp-block-group-is-layout-constrained\">\n<h1 class=\"wp-block-heading alignwide has-text-align-left full has-background-color has-text-color has-link-color wp-elements-073f22bd0055d55cfbc02b28b85d3f0b\">Moulin Rouge \u2013 Le lieu de photographie nocturne le plus audacieux de Paris<\/h1>\n<\/div><\/div>\n\n\n\n<div class=\"wp-block-cover alignfull mt-0 mb-0 banner banner-resources\"><img loading=\"lazy\" decoding=\"async\" width=\"1400\" height=\"788\" class=\"wp-block-cover__image-background wp-image-4982 size-full\" alt=\"Moulin Rouge : les meilleurs spots photo de Paris\" src=\"https:\/\/kissinparis.com\/wp-content\/uploads\/2023\/03\/Moulin-Rouge-best-photography-spots-Paris.jpg\" data-object-fit=\"cover\" srcset=\"https:\/\/kissinparis.com\/wp-content\/uploads\/2023\/03\/Moulin-Rouge-best-photography-spots-Paris.jpg 1400w, https:\/\/kissinparis.com\/wp-content\/uploads\/2023\/03\/Moulin-Rouge-best-photography-spots-Paris-300x169.jpg 300w, https:\/\/kissinparis.com\/wp-content\/uploads\/2023\/03\/Moulin-Rouge-best-photography-spots-Paris-1024x576.jpg 1024w, https:\/\/kissinparis.com\/wp-content\/uploads\/2023\/03\/Moulin-Rouge-best-photography-spots-Paris-768x432.jpg 768w, https:\/\/kissinparis.com\/wp-content\/uploads\/2023\/03\/Moulin-Rouge-best-photography-spots-Paris-1200x675.jpg 1200w\" sizes=\"auto, (max-width: 1400px) 100vw, 1400px\" \/><span aria-hidden=\"true\" class=\"wp-block-cover__background has-primary-background-color has-background-dim-0 has-background-dim\"><\/span><div class=\"wp-block-cover__inner-container is-layout-flow wp-block-cover-is-layout-flow\">\n<div class=\"banner-video\">\n<img decoding=\"async\" src=\"https:\/\/kissinparis.com\/wp-content\/uploads\/2023\/02\/placeholder_16x9.png\" alt=\"Zone du h\u00e9ros\">\n<\/div>\n<\/div><\/div>\n\n\n\n<div class=\"wp-block-group alignfull mt-0 mb-0 sec sec-content has-white-background-color has-background\" id=\"sec-1\"><div class=\"wp-block-group__inner-container is-layout-constrained wp-block-group-is-layout-constrained\">\n<h2 class=\"wp-block-heading title-v2\">Lumi\u00e8res, musique, sc\u00e8ne, extravagance\u2026 aucune s\u00e9ance photo nocturne \u00e0 Paris ne serait compl\u00e8te sans une coupe de champagne plus grande que nature au Moulin Rouge.<\/h2>\n\n\n\n<p>Cette bo\u00eete de nuit c\u00e9l\u00e8bre et tape-\u00e0-l&#039;\u0153il est peut-\u00eatre surtout connue pour ses spectacles de cabaret spectaculaires. Pourtant, c&#039;est aussi l&#039;un des rep\u00e8res parisiens les plus reconnaissables, id\u00e9al pour des photos m\u00e9morables.<\/p>\n\n\n\n<p>Nous vous sugg\u00e9rons de commencer votre s\u00e9ance du soir pr\u00e8s du Sacr\u00e9-C\u0153ur, suivie d&#039;un joli Caf\u00e9 <a href=\"https:\/\/kissinparis.com\/fr\/seance-photo-paris\/\">Photoshoot \u00e0 Paris<\/a> sur la place du Tertre. Ensuite, rendez-vous \u00e0 <a href=\"https:\/\/kissinparis.com\/fr\/la-maison-rose\/\" data-type=\"link\" data-id=\"https:\/\/kissinparis.com\/la-maison-rose\/\">La Maison Rose<\/a> pour l&#039;infini&nbsp;<em>\u00c9pinglable<\/em>&nbsp;des photos romantiques avant de terminer en beaut\u00e9 au Moulin Rouge.<\/p>\n\n\n\n<p><strong>Meilleur moment pour <a href=\"https:\/\/kissinparis.com\/fr\/portfolio\/\">photos<\/a><\/strong>: Heure bleue et nuit<br><strong>\u00c9chelle de romance<\/strong>: faible<br><strong>Aptitude \u00e0 la pluie<\/strong>: mod\u00e9r\u00e9<br><strong>Emplacements \u00e0 proximit\u00e9 : <\/strong>Montmartre, Sacr\u00e9-C\u0153ur, La Maison Rose<br><strong>Co\u00fbt<\/strong>: gratuit<br><strong>Latitude et longitude<\/strong>: 48,8841\u00b0 N, 2,3323\u00b0 E<\/p>\n<\/div><\/div>","protected":false},"excerpt":{"rendered":"<p>Moulin Rouge \u2013 Paris\u2019s Boldest Nighttime Photography Spot Lights, music, stage, extravaganza \u2026 no nighttime Paris photoshoot would be complete without a bigger-than-life Champagne pop at Moulin Rouge. This infamous and flashy nightclub might be most renowned for its spectacular cabaret performances. Still, it&#8217;s also one of the most instantly recognizable Parisian reference points, perfect [&hellip;]<\/p>\n","protected":false},"author":35,"featured_media":4982,"parent":0,"menu_order":0,"comment_status":"closed","ping_status":"closed","template":"","meta":{"_acf_changed":false,"ub_ctt_via":"","footnotes":""},"class_list":["post-4980","page","type-page","status-publish","has-post-thumbnail","hentry"],"acf":[],"featured_image_src":"https:\/\/kissinparis.com\/wp-content\/uploads\/2023\/03\/Moulin-Rouge-best-photography-spots-Paris.jpg","_links":{"self":[{"href":"https:\/\/kissinparis.com\/fr\/wp-json\/wp\/v2\/pages\/4980","targetHints":{"allow":["GET"]}}],"collection":[{"href":"https:\/\/kissinparis.com\/fr\/wp-json\/wp\/v2\/pages"}],"about":[{"href":"https:\/\/kissinparis.com\/fr\/wp-json\/wp\/v2\/types\/page"}],"author":[{"embeddable":true,"href":"https:\/\/kissinparis.com\/fr\/wp-json\/wp\/v2\/users\/35"}],"replies":[{"embeddable":true,"href":"https:\/\/kissinparis.com\/fr\/wp-json\/wp\/v2\/comments?post=4980"}],"version-history":[{"count":8,"href":"https:\/\/kissinparis.com\/fr\/wp-json\/wp\/v2\/pages\/4980\/revisions"}],"predecessor-version":[{"id":26205,"href":"https:\/\/kissinparis.com\/fr\/wp-json\/wp\/v2\/pages\/4980\/revisions\/26205"}],"wp:featuredmedia":[{"embeddable":true,"href":"https:\/\/kissinparis.com\/fr\/wp-json\/wp\/v2\/media\/4982"}],"wp:attachment":[{"href":"https:\/\/kissinparis.com\/fr\/wp-json\/wp\/v2\/media?parent=4980"}],"curies":[{"name":"wp","href":"https:\/\/api.w.org\/{rel}","templated":true}]}}