{"id":5028,"date":"2023-03-09T18:25:33","date_gmt":"2023-03-09T18:25:33","guid":{"rendered":"https:\/\/kissinparis.com\/?page_id=5028"},"modified":"2026-02-19T18:47:12","modified_gmt":"2026-02-19T18:47:12","slug":"conseils-fiancailles-paris","status":"publish","type":"page","link":"https:\/\/kissinparis.com\/fr\/paris-engagement-tips\/","title":{"rendered":"Conseils pour une s\u00e9ance photo de fian\u00e7ailles \u00e0 Paris\u00a0: timing, photographe et organisation"},"content":{"rendered":"<div class=\"wp-block-group alignfull sec heror-section mt-0 mb-0 has-scroll-down has-background-color has-primary-background-color has-text-color has-background has-link-color wp-elements-d78d60c47bbdc999a782a44cae71327a\"><div class=\"wp-block-group__inner-container is-layout-constrained wp-block-group-is-layout-constrained\">\n<h1 class=\"wp-block-heading alignwide has-text-align-left full has-background-color has-text-color has-link-color wp-elements-ca8dd766affbaba5d77f7f4e8bf7dcd1\">Conseils pour une s\u00e9ance photo de fian\u00e7ailles \u00e0 Paris\u00a0: timing, photographe et organisation<\/h1>\n\n\n\n<div class=\"wp-block-buttons alignfull mt-0 mb-0 pt-10 is-layout-flex wp-block-buttons-is-layout-flex\">\n<div class=\"wp-block-button is-style-outline is-style-outline--1\"><a class=\"wp-block-button__link has-background-color has-text-color wp-element-button\" href=\"https:\/\/kissinparis.com\/fr\/reserver\/seance-photo\/\">R\u00e9server<\/a><\/div>\n<\/div>\n<\/div><\/div>\n\n\n\n<div class=\"wp-block-cover alignfull is-light mt-0 mb-0 banner banner-resources\"><img loading=\"lazy\" decoding=\"async\" width=\"1600\" height=\"1067\" class=\"wp-block-cover__image-background wp-image-22604 size-full\" alt=\"Couple de jeunes fianc\u00e9s riant au Trocad\u00e9ro lors d&#039;une s\u00e9ance de photos de fian\u00e7ailles \u00e0 Paris, rejouant de mani\u00e8re ludique l&#039;\u00e9change de l&#039;anneau avec la Tour Eiffel illumin\u00e9e par le lever de soleil dor\u00e9.\" src=\"https:\/\/kissinparis.com\/wp-content\/uploads\/2025\/05\/paris-engagement-photography-tips-trocadero-sunrise.webp\" style=\"object-position:54% 67%\" data-object-fit=\"cover\" data-object-position=\"54% 67%\" srcset=\"https:\/\/kissinparis.com\/wp-content\/uploads\/2025\/05\/paris-engagement-photography-tips-trocadero-sunrise.webp 1600w, https:\/\/kissinparis.com\/wp-content\/uploads\/2025\/05\/paris-engagement-photography-tips-trocadero-sunrise-300x200.webp 300w, https:\/\/kissinparis.com\/wp-content\/uploads\/2025\/05\/paris-engagement-photography-tips-trocadero-sunrise-1024x683.webp 1024w, https:\/\/kissinparis.com\/wp-content\/uploads\/2025\/05\/paris-engagement-photography-tips-trocadero-sunrise-768x512.webp 768w, https:\/\/kissinparis.com\/wp-content\/uploads\/2025\/05\/paris-engagement-photography-tips-trocadero-sunrise-1536x1024.webp 1536w, https:\/\/kissinparis.com\/wp-content\/uploads\/2025\/05\/paris-engagement-photography-tips-trocadero-sunrise-1200x800.webp 1200w\" sizes=\"auto, (max-width: 1600px) 100vw, 1600px\" \/><span aria-hidden=\"true\" class=\"wp-block-cover__background has-primary-background-color has-background-dim-0 has-background-dim\"><\/span><div class=\"wp-block-cover__inner-container is-layout-flow wp-block-cover-is-layout-flow\">\n<div class=\"banner-video\">\n<img decoding=\"async\" src=\"https:\/\/kissinparis.com\/wp-content\/uploads\/2023\/02\/placeholder_16x9.png\" alt=\"Zone du h\u00e9ros\">\n<\/div>\n<\/div><\/div>\n\n\n\n<div class=\"wp-block-group alignfull mt-0 mb-0 sec sec-content has-white-background-color has-background\" id=\"sec-1\"><div class=\"wp-block-group__inner-container is-layout-constrained wp-block-group-is-layout-constrained\">\n<p>Que vous planifiez une s\u00e9ance photo de fian\u00e7ailles juste apr\u00e8s votre demande en mariage ou que vous reveniez \u00e0 Paris pour une s\u00e9ance d\u00e9di\u00e9e, ces trois conseils vous aideront \u00e0 obtenir de meilleures photos et \u00e0 profiter pleinement de l&#039;exp\u00e9rience.<\/p>\n\n\n\n<p>Nous aborderons le choix du bon photographe, le choix du moment id\u00e9al pour votre s\u00e9ance photo afin de b\u00e9n\u00e9ficier de la meilleure lumi\u00e8re et d&#039;un minimum de monde, ainsi que la planification de votre s\u00e9ance pour que vous passiez plus de temps devant l&#039;objectif et moins de temps en d\u00e9placement.<\/p>\n\n\n\n<p>(<em>Ce guide se marie parfaitement avec notre <a href=\"https:\/\/kissinparis.com\/fr\/meilleurs-lieux-photo-paris\/\">Guide de localisation de Paris<\/a>.<\/em>)<\/p>\n\n\n\n<h2 class=\"wp-block-heading\"><strong>Choisissez et pr\u00e9parez-vous avec le bon photographe<\/strong><\/h2>\n\n\n\n<p>C\u2019est la d\u00e9cision qui aura le plus d\u2019impact sur vos photos \u2014 et sur votre exp\u00e9rience.<\/p>\n\n\n\n<p>Le photographe id\u00e9al n&#039;est pas seulement comp\u00e9tent techniquement. C&#039;est une personne avec qui vous vous sentez \u00e0 l&#039;aise, qui vous donne des indications claires pour les poses et qui conna\u00eet suffisamment bien Paris pour \u00e9laborer un itin\u00e9raire coh\u00e9rent. \u00c0 moins d&#039;\u00eatre mannequin professionnel, vous souhaiterez quelqu&#039;un qui sache vous guider naturellement et qui mette tout en \u00e9vidence les limites de la s\u00e9ance.<\/p>\n\n\n\n<figure class=\"wp-block-image alignwide size-full\"><img loading=\"lazy\" decoding=\"async\" width=\"1600\" height=\"1067\" src=\"https:\/\/kissinparis.com\/wp-content\/uploads\/2025\/05\/paris-engagement-photos-trocadero-sunrise-eiffel-tower-couple_1.webp\" alt=\"Couple de fianc\u00e9s posant en toute intimit\u00e9 au Trocad\u00e9ro au lever du soleil avec la Tour Eiffel en toile de fond \u00e0 Paris\" class=\"wp-image-22693\" srcset=\"https:\/\/kissinparis.com\/wp-content\/uploads\/2025\/05\/paris-engagement-photos-trocadero-sunrise-eiffel-tower-couple_1.webp 1600w, https:\/\/kissinparis.com\/wp-content\/uploads\/2025\/05\/paris-engagement-photos-trocadero-sunrise-eiffel-tower-couple_1-300x200.webp 300w, https:\/\/kissinparis.com\/wp-content\/uploads\/2025\/05\/paris-engagement-photos-trocadero-sunrise-eiffel-tower-couple_1-1024x683.webp 1024w, https:\/\/kissinparis.com\/wp-content\/uploads\/2025\/05\/paris-engagement-photos-trocadero-sunrise-eiffel-tower-couple_1-768x512.webp 768w, https:\/\/kissinparis.com\/wp-content\/uploads\/2025\/05\/paris-engagement-photos-trocadero-sunrise-eiffel-tower-couple_1-1536x1024.webp 1536w, https:\/\/kissinparis.com\/wp-content\/uploads\/2025\/05\/paris-engagement-photos-trocadero-sunrise-eiffel-tower-couple_1-1200x800.webp 1200w\" sizes=\"auto, (max-width: 1600px) 100vw, 1600px\" \/><figcaption class=\"wp-element-caption\">Les photos de fian\u00e7ailles au lever du soleil au Trocad\u00e9ro offrent un \u00e9clairage intime et une toile de fond embl\u00e9matique de la Tour Eiffel pour les couples romantiques de Paris.<\/figcaption><\/figure>\n\n\n\n<p><strong>Comment les trouver.<\/strong> Commencez par consulter les portfolios. Regardez des s\u00e9ances compl\u00e8tes, pas seulement des compilations de meilleurs moments\u00a0: vous recherchez une coh\u00e9rence, pas seulement quelques clich\u00e9s exceptionnels. Ensuite, consultez les biographies, les avis et leur approche g\u00e9n\u00e9rale. L\u2019objectif\u00a0: trouver un photographe bas\u00e9 \u00e0 Paris en qui vous avez confiance, ponctuel, bien pr\u00e9par\u00e9 et capable de vous livrer un travail de qualit\u00e9. <a href=\"https:\/\/kissinparis.com\/fr\/photos-fiancailles-paris\/\">photos de fian\u00e7ailles<\/a> Vous pourrez la conserver pendant des ann\u00e9es.<\/p>\n\n\n\n<p><strong>Comment se pr\u00e9parer ensemble.<\/strong> Un peu de coordination avant la s\u00e9ance photo change tout.<\/p>\n\n\n\n<p><strong>Partagez votre vision :<\/strong> Envoyez des images d&#039;inspiration via Pinterest ou WhatsApp\u00a0: des photos que vous aimez, des clich\u00e9s de vous, des id\u00e9es de poses et de lieux. Votre photographe aura ainsi une id\u00e9e pr\u00e9cise de votre style avant votre rencontre.<\/p>\n\n\n\n<p><em>Laissez-les planifier l&#039;itin\u00e9raire.<\/em> Un bon photographe parisien \u00e9tablira l&#039;itin\u00e9raire.<a href=\"https:\/\/kissinparis.com\/fr\/meilleurs-lieux-photo-paris\/\">les meilleurs spots photo<\/a>\u2014 concernant la luminosit\u00e9, l&#039;affluence, les horaires d&#039;ouverture et la distance \u00e0 pied. C&#039;est l\u00e0 que les connaissances locales comptent \u2014 et que la recherche en ligne s&#039;av\u00e8re insuffisante.<\/p>\n\n\n\n<p><em>Pr\u00e9parez vos informations \u00e0 l&#039;avance.<\/em> Pr\u00e9parez vos tenues, accessoires et tout \u00e9l\u00e9ment sp\u00e9cial (panneaux \u00ab\u00a0R\u00e9servez la date\u00a0\u00bb, alliances, etc.). Pour les s\u00e9ances de deux heures ou plus, ou sur plusieurs lieux, nous recommandons la location d&#039;un van Mercedes avec chauffeur anglophone. Vos affaires seront en s\u00e9curit\u00e9, vous n&#039;aurez pas \u00e0 attendre un taxi et vous disposerez d&#039;un espace priv\u00e9 pour vous changer, ce qui est particuli\u00e8rement pratique en hiver.<\/p>\n\n\n\n<h2 class=\"wp-block-heading\">Planifiez votre prise de vue en fonction de la lumi\u00e8re et de la foule.<\/h2>\n\n\n\n<p>Le moment o\u00f9 vous photographiez est aussi important que l&#039;endroit o\u00f9 vous photographiez.<\/p>\n\n\n\n<p><strong>Lever du soleil.<\/strong> Commencez cinq minutes avant l&#039;aube. Vous profiterez d&#039;une lumi\u00e8re douce et chaude et les sites touristiques seront quasiment d\u00e9serts. En \u00e9t\u00e9, cela signifie 6h30 ou plus t\u00f4t. En hiver, plut\u00f4t vers 8h30. Les sites populaires comme le Trocad\u00e9ro sont vraiment int\u00e9ressants au lever du soleil\u00a0; en milieu de matin\u00e9e, vous serez en concurrence avec des centaines de touristes.<\/p>\n\n\n\n<p><strong>l&#039;heure dor\u00e9e<\/strong>L&#039;heure qui pr\u00e9c\u00e8de le coucher du soleil diffuse une lumi\u00e8re chaude qui flatte les teints et fait resplendir la Seine. <a href=\"https:\/\/kissinparis.com\/fr\/pont-des-arts\/\">Pont des Arts<\/a>, <a href=\"https:\/\/kissinparis.com\/fr\/cathedrale-notre-dame\/\">Notre-Dame<\/a>, et <a href=\"https:\/\/kissinparis.com\/fr\/jardin-du-luxembourg\/\">Jardins du Luxembourg<\/a> Tous sont \u00e0 leur avantage dans cette vitrine.<\/p>\n\n\n\n<p><strong>L&#039;heure bleue :<\/strong> Vingt \u00e0 quarante minutes apr\u00e8s le coucher du soleil. Ciel d&#039;un bleu profond, lumi\u00e8res de la ville qui s&#039;allument \u00e0 peine. Cela fonctionne bien \u00e0 <a href=\"https:\/\/kissinparis.com\/fr\/demande-en-mariage-paris\/shooting-photo-tour-eiffel\/\">Tour Eiffel<\/a>, le <a href=\"https:\/\/kissinparis.com\/fr\/musee-du-louvre\/\">Pyramide du Louvre<\/a>, et Moulin Rouge \u2014 partout o\u00f9 vous souhaitez une lumi\u00e8re spectaculaire.<\/p>\n\n\n\n<figure class=\"wp-block-image alignwide size-large\"><img loading=\"lazy\" decoding=\"async\" width=\"1024\" height=\"683\" src=\"https:\/\/kissinparis.com\/wp-content\/uploads\/2025\/05\/paris-engagement-photos-louvre-blue-hour-pyramid-night-red-dress-1024x683.webp\" alt=\"Couple de fianc\u00e9s s&#039;embrassant au Louvre pendant l&#039;heure bleue avec une pyramide de verre illumin\u00e9e et un \u00e9clairage romantique\" class=\"wp-image-22700\" srcset=\"https:\/\/kissinparis.com\/wp-content\/uploads\/2025\/05\/paris-engagement-photos-louvre-blue-hour-pyramid-night-red-dress-1024x683.webp 1024w, https:\/\/kissinparis.com\/wp-content\/uploads\/2025\/05\/paris-engagement-photos-louvre-blue-hour-pyramid-night-red-dress-300x200.webp 300w, https:\/\/kissinparis.com\/wp-content\/uploads\/2025\/05\/paris-engagement-photos-louvre-blue-hour-pyramid-night-red-dress-768x512.webp 768w, https:\/\/kissinparis.com\/wp-content\/uploads\/2025\/05\/paris-engagement-photos-louvre-blue-hour-pyramid-night-red-dress-1536x1024.webp 1536w, https:\/\/kissinparis.com\/wp-content\/uploads\/2025\/05\/paris-engagement-photos-louvre-blue-hour-pyramid-night-red-dress-1200x800.webp 1200w, https:\/\/kissinparis.com\/wp-content\/uploads\/2025\/05\/paris-engagement-photos-louvre-blue-hour-pyramid-night-red-dress.webp 1600w\" sizes=\"auto, (max-width: 1024px) 100vw, 1024px\" \/><figcaption class=\"wp-element-caption\">Les photos de fian\u00e7ailles \u00e0 l&#039;heure bleue au Louvre montrent comment la bonne tenue et le bon timing cr\u00e9ent de superbes portraits de couple parisiens avec un \u00e9clairage pyramidal embl\u00e9matique.<\/figcaption><\/figure>\n\n\n\n<p><strong>Foules<\/strong>. Photographiez au lever du soleil, n&#039;importe quel jour de la semaine. Privil\u00e9giez les mois hors saison (de novembre \u00e0 f\u00e9vrier, hors jours f\u00e9ri\u00e9s et semaine de la Saint-Valentin). Si un endroit est bond\u00e9, changez d&#039;angle de vue\u00a0: Paris regorge de beaux d\u00e9cors.<\/p>\n\n\n\n<h2 class=\"wp-block-heading\">Planifiez votre s\u00e9ance pour une couverture maximale<\/h2>\n\n\n\n<p>Une planification intelligente permet de consacrer plus de temps au tournage et de r\u00e9duire les probl\u00e8mes logistiques.<\/p>\n\n\n\n<p><strong>Calculez votre temps de tir net.<\/strong> D\u00e9duisez les frais de d\u00e9placement et de changement de tenue de votre temps total r\u00e9serv\u00e9. Vous devez consacrer au moins 75 % de votre s\u00e9ance \u00e0 la prise de vue active.<\/p>\n\n\n\n<p><strong>Regroupez vos emplacements.<\/strong> Regroupez les sites proches les uns des autres \u2014 Notre-Dame, le Pont des Arts et le Louvre, par exemple \u2014 afin de marcher cinq minutes entre chaque arr\u00eat, et non trente.<\/p>\n\n\n\n<p><strong>Planifiez soigneusement vos changements de tenue.<\/strong> Chaque changement prend du temps. \u00c9vitez les allers-retours \u00e0 l&#039;h\u00f4tel. Les toilettes d&#039;un caf\u00e9 ou un coin tranquille feront l&#039;affaire\u00a0; la Mercedes est la meilleure solution si vous en avez une.<\/p>\n\n\n\n<p><strong>Pr\u00e9voyez des marges de 10 \u00e0 15 minutes entre les arr\u00eats.<\/strong> Paris se visite facilement \u00e0 pied et offre de nombreuses possibilit\u00e9s entre les lieux pr\u00e9vus. Des chaussures confortables font toute la diff\u00e9rence.<\/p>\n\n\n\n<p>Trois \u00e9l\u00e9ments d\u00e9terminent la r\u00e9ussite de vos photos de fian\u00e7ailles \u00e0 Paris\u00a0: le photographe, le moment de la journ\u00e9e et la pr\u00e9paration de la s\u00e9ance. Si ces \u00e9l\u00e9ments sont bien choisis, le reste suivra naturellement.<\/p>\n\n\n\n<figure class=\"wp-block-image alignwide size-full\"><img loading=\"lazy\" decoding=\"async\" width=\"1600\" height=\"1067\" src=\"https:\/\/kissinparis.com\/wp-content\/uploads\/2025\/05\/paris-engagement-photos-montmartre-maison-rose-night-walking-couple.webp\" alt=\"Couple fianc\u00e9 marchant devant La Maison Rose \u00e0 Montmartre la nuit avec une \u00e9treinte intime et un contact visuel\" class=\"wp-image-22710\" srcset=\"https:\/\/kissinparis.com\/wp-content\/uploads\/2025\/05\/paris-engagement-photos-montmartre-maison-rose-night-walking-couple.webp 1600w, https:\/\/kissinparis.com\/wp-content\/uploads\/2025\/05\/paris-engagement-photos-montmartre-maison-rose-night-walking-couple-300x200.webp 300w, https:\/\/kissinparis.com\/wp-content\/uploads\/2025\/05\/paris-engagement-photos-montmartre-maison-rose-night-walking-couple-1024x683.webp 1024w, https:\/\/kissinparis.com\/wp-content\/uploads\/2025\/05\/paris-engagement-photos-montmartre-maison-rose-night-walking-couple-768x512.webp 768w, https:\/\/kissinparis.com\/wp-content\/uploads\/2025\/05\/paris-engagement-photos-montmartre-maison-rose-night-walking-couple-1536x1024.webp 1536w, https:\/\/kissinparis.com\/wp-content\/uploads\/2025\/05\/paris-engagement-photos-montmartre-maison-rose-night-walking-couple-1200x800.webp 1200w\" sizes=\"auto, (max-width: 1600px) 100vw, 1600px\" \/><figcaption class=\"wp-element-caption\">Les photos de fian\u00e7ailles \u00e0 pied \u00e0 Montmartre cr\u00e9ent une vari\u00e9t\u00e9 naturelle et des expressions authentiques, avec La Maison Rose offrant une charmante toile de fond parisienne pour les couples.<\/figcaption><\/figure>\n<\/div><\/div>\n\n\n\n<div class=\"wp-block-group alignfull sec mt-0 mb-0 has-subtle-background-background-color has-background\"><div class=\"wp-block-group__inner-container is-layout-constrained wp-block-group-is-layout-constrained\">\n<h2 class=\"wp-block-heading title-v2\">Et ensuite ?<\/h2>\n\n\n\n<div class=\"wp-block-columns boxes plans is-layout-flex wp-container-core-columns-is-layout-9d6595d7 wp-block-columns-is-layout-flex\">\n<div class=\"wp-block-column is-layout-flow wp-block-column-is-layout-flow\">\n<figure class=\"wp-block-image size-full\"><a href=\"https:\/\/kissinparis.com\/fr\/restaurants-vue-tour-eiffel\/\" aria-label=\"En savoir plus sur le forfait couple de Paris : les meilleurs restaurants avec vue sur la Tour Eiffel\"><img loading=\"lazy\" decoding=\"async\" width=\"300\" height=\"400\" src=\"https:\/\/kissinparis.com\/wp-content\/uploads\/2023\/03\/Paris-couple-package-best-restaurants-with-Eiffel-Tower-view.jpg\" alt=\"Paris : les meilleurs restaurants avec vue sur la Tour Eiffel\" class=\"wp-image-1027\" srcset=\"https:\/\/kissinparis.com\/wp-content\/uploads\/2023\/03\/Paris-couple-package-best-restaurants-with-Eiffel-Tower-view.jpg 300w, https:\/\/kissinparis.com\/wp-content\/uploads\/2023\/03\/Paris-couple-package-best-restaurants-with-Eiffel-Tower-view-225x300.jpg 225w\" sizes=\"auto, (max-width: 300px) 100vw, 300px\" \/><\/a><\/figure>\n\n\n\n<div class=\"wp-block-group mt-0 mb-0 content\"><div class=\"wp-block-group__inner-container is-layout-constrained wp-block-group-is-layout-constrained\">\n<h3 class=\"wp-block-heading\"><a href=\"https:\/\/kissinparis.com\/fr\/restaurants-vue-tour-eiffel\/\">O\u00f9 d\u00eener \u00e0 Paris<\/a><\/h3>\n\n\n\n<p class=\"sec-header\"><a href=\"https:\/\/kissinparis.com\/fr\/restaurants-vue-tour-eiffel\/\">Les meilleurs restaurants avec vue sur la Tour Eiffel<\/a><\/p>\n<\/div><\/div>\n<\/div>\n\n\n\n<div class=\"wp-block-column is-layout-flow wp-block-column-is-layout-flow\">\n<figure class=\"wp-block-image size-full\"><a href=\"https:\/\/kissinparis.com\/fr\/photographe-couple-paris-nuit\/\" aria-label=\"En savoir plus sur Les photos de nuit \u00e0 Paris sont plus romantiques\"><img loading=\"lazy\" decoding=\"async\" width=\"300\" height=\"400\" src=\"https:\/\/kissinparis.com\/wp-content\/uploads\/2023\/03\/Nighttime-photos-in-Paris-are-more-romantic.jpg\" alt=\"Les photos de nuit \u00e0 Paris sont plus romantiques\" class=\"wp-image-1028\" srcset=\"https:\/\/kissinparis.com\/wp-content\/uploads\/2023\/03\/Nighttime-photos-in-Paris-are-more-romantic.jpg 300w, https:\/\/kissinparis.com\/wp-content\/uploads\/2023\/03\/Nighttime-photos-in-Paris-are-more-romantic-225x300.jpg 225w\" sizes=\"auto, (max-width: 300px) 100vw, 300px\" \/><\/a><\/figure>\n\n\n\n<div class=\"wp-block-group mt-0 mb-0 content\"><div class=\"wp-block-group__inner-container is-layout-constrained wp-block-group-is-layout-constrained\">\n<h3 class=\"wp-block-heading\"><a href=\"https:\/\/kissinparis.com\/fr\/photographe-couple-paris-nuit\/\">Photos de couple nocturnes<\/a><\/h3>\n\n\n\n<p class=\"sec-header\"><a href=\"https:\/\/kissinparis.com\/fr\/photographe-couple-paris-nuit\/\">R\u00e9servez un photographe de fian\u00e7ailles \u00e0 Paris<\/a><\/p>\n<\/div><\/div>\n<\/div>\n\n\n\n<div class=\"wp-block-column is-layout-flow wp-block-column-is-layout-flow\">\n<figure class=\"wp-block-image size-full\"><a href=\"https:\/\/kissinparis.com\/fr\/photos-couple-tour-eiffel\/\" aria-label=\"En savoir plus sur la Tour Eiffel : id\u00e9es de photos de couple\"><img loading=\"lazy\" decoding=\"async\" width=\"300\" height=\"400\" src=\"https:\/\/kissinparis.com\/wp-content\/uploads\/2023\/03\/Eiffel-Tower-couple-picture-ideas.jpg\" alt=\"Tour Eiffel couple id\u00e9es de photos\" class=\"wp-image-1030\" srcset=\"https:\/\/kissinparis.com\/wp-content\/uploads\/2023\/03\/Eiffel-Tower-couple-picture-ideas.jpg 300w, https:\/\/kissinparis.com\/wp-content\/uploads\/2023\/03\/Eiffel-Tower-couple-picture-ideas-225x300.jpg 225w\" sizes=\"auto, (max-width: 300px) 100vw, 300px\" \/><\/a><\/figure>\n\n\n\n<div class=\"wp-block-group mt-0 mb-0 content\"><div class=\"wp-block-group__inner-container is-layout-constrained wp-block-group-is-layout-constrained\">\n<h3 class=\"wp-block-heading\"><a href=\"https:\/\/kissinparis.com\/fr\/photos-couple-tour-eiffel\/\">Photos de couple \u00e0 la Tour Eiffel<\/a><\/h3>\n\n\n\n<p class=\"sec-header\"><a href=\"https:\/\/kissinparis.com\/fr\/photos-couple-tour-eiffel\/\">Quand la Tour Eiffel devient incontournable<\/a><\/p>\n<\/div><\/div>\n<\/div>\n\n\n\n<div class=\"wp-block-column is-layout-flow wp-block-column-is-layout-flow\">\n<figure class=\"wp-block-image size-full\"><a href=\"https:\/\/kissinparis.com\/fr\/poses-photo-couple\/\" aria-label=\"En savoir plus sur Comment poser en couple pour des photos de fian\u00e7ailles \u00e9blouissantes \u00e0 Paris\"><img loading=\"lazy\" decoding=\"async\" width=\"300\" height=\"400\" src=\"https:\/\/kissinparis.com\/wp-content\/uploads\/2023\/03\/How-to-pose-as-a-couple-for-dazzling-Paris-Engagement-photos.jpg\" alt=\"Comment poser en couple pour des photos de fian\u00e7ailles \u00e9blouissantes \u00e0 Paris\" class=\"wp-image-1032\" srcset=\"https:\/\/kissinparis.com\/wp-content\/uploads\/2023\/03\/How-to-pose-as-a-couple-for-dazzling-Paris-Engagement-photos.jpg 300w, https:\/\/kissinparis.com\/wp-content\/uploads\/2023\/03\/How-to-pose-as-a-couple-for-dazzling-Paris-Engagement-photos-225x300.jpg 225w\" sizes=\"auto, (max-width: 300px) 100vw, 300px\" \/><\/a><\/figure>\n\n\n\n<div class=\"wp-block-group mt-0 mb-0 content\"><div class=\"wp-block-group__inner-container is-layout-constrained wp-block-group-is-layout-constrained\">\n<h3 class=\"wp-block-heading\"><a href=\"https:\/\/kissinparis.com\/fr\/poses-photo-couple\/\">Comment poser en couple<\/a><\/h3>\n\n\n\n<p class=\"sec-header\"><a href=\"https:\/\/kissinparis.com\/fr\/poses-photo-couple\/\">Des poses saisissantes pour votre s\u00e9ance photo \u00e0 Paris<\/a><\/p>\n<\/div><\/div>\n<\/div>\n<\/div>\n<\/div><\/div>\n\n\n\n<div class=\"wp-block-group popup-cta\"><div class=\"wp-block-group__inner-container is-layout-constrained wp-block-group-is-layout-constrained\">\n<figure class=\"wp-block-video\"><video height=\"960\" style=\"aspect-ratio: 686 \/ 960;\" width=\"686\" autoplay loop muted poster=\"https:\/\/kissinparis.com\/wp-content\/uploads\/2025\/04\/Kiss-Me-in-Paris-Proposals-Weddings-Planning.webp\" preload=\"none\" src=\"https:\/\/kissinparis.com\/wp-content\/uploads\/2025\/04\/Full-service-Paris-proposal-planner.mp4\" playsinline><\/video><\/figure>\n\n\n\n<p class=\"title\">Renseignez-vous !<\/p>\n\n\n\n<p class=\"has-link whatsapp\"><a href=\"https:\/\/api.whatsapp.com\/send?phone=19175134350\" target=\"_blank\" data-type=\"link\" data-id=\"https:\/\/api.whatsapp.com\/send?phone=19175134350\" rel=\"noreferrer noopener nofollow\">WhatsApp<\/a><\/p>\n\n\n\n<p class=\"has-link booking\"><a href=\"mailto:support@kissinparis.com?subject=Your Paris Inquiry | Kiss Me in Paris\" target=\"_blank\" data-type=\"link\" data-id=\"https:\/\/api.whatsapp.com\/send?phone=19175134350\" rel=\"noreferrer noopener\">Demande<\/a><\/p>\n<\/div><\/div>","protected":false},"excerpt":{"rendered":"<p>Paris Engagement Photo Tips: Timing, Photographer &amp; Planning Whether you&#8217;re planning engagement photos right after your proposal or coming back to Paris for a dedicated shoot, these three tips will help you get better photos and actually enjoy the experience. We&#8217;ll cover choosing the right photographer, timing your shoot for the best light and fewest [&hellip;]<\/p>\n","protected":false},"author":35,"featured_media":22604,"parent":0,"menu_order":0,"comment_status":"closed","ping_status":"closed","template":"","meta":{"_acf_changed":false,"ub_ctt_via":"","footnotes":""},"class_list":["post-5028","page","type-page","status-publish","has-post-thumbnail","hentry"],"acf":[],"featured_image_src":"https:\/\/kissinparis.com\/wp-content\/uploads\/2025\/05\/paris-engagement-photography-tips-trocadero-sunrise.webp","_links":{"self":[{"href":"https:\/\/kissinparis.com\/fr\/wp-json\/wp\/v2\/pages\/5028","targetHints":{"allow":["GET"]}}],"collection":[{"href":"https:\/\/kissinparis.com\/fr\/wp-json\/wp\/v2\/pages"}],"about":[{"href":"https:\/\/kissinparis.com\/fr\/wp-json\/wp\/v2\/types\/page"}],"author":[{"embeddable":true,"href":"https:\/\/kissinparis.com\/fr\/wp-json\/wp\/v2\/users\/35"}],"replies":[{"embeddable":true,"href":"https:\/\/kissinparis.com\/fr\/wp-json\/wp\/v2\/comments?post=5028"}],"version-history":[{"count":25,"href":"https:\/\/kissinparis.com\/fr\/wp-json\/wp\/v2\/pages\/5028\/revisions"}],"predecessor-version":[{"id":29449,"href":"https:\/\/kissinparis.com\/fr\/wp-json\/wp\/v2\/pages\/5028\/revisions\/29449"}],"wp:featuredmedia":[{"embeddable":true,"href":"https:\/\/kissinparis.com\/fr\/wp-json\/wp\/v2\/media\/22604"}],"wp:attachment":[{"href":"https:\/\/kissinparis.com\/fr\/wp-json\/wp\/v2\/media?parent=5028"}],"curies":[{"name":"wp","href":"https:\/\/api.w.org\/{rel}","templated":true}]}}