{"id":5323,"date":"2023-03-10T14:02:39","date_gmt":"2023-03-10T14:02:39","guid":{"rendered":"https:\/\/kissinparis.com\/?page_id=5323"},"modified":"2025-05-29T12:57:24","modified_gmt":"2025-05-29T12:57:24","slug":"idees-seance-photo-couple","status":"publish","type":"page","link":"https:\/\/kissinparis.com\/fr\/couple-photoshoot-ideas\/","title":{"rendered":"3 id\u00e9es de photos de couple amusantes \u00e0 essayer lors de votre propre s\u00e9ance photo"},"content":{"rendered":"<div class=\"wp-block-group alignfull sec heror-section mt-0 mb-0 has-scroll-down has-background-color has-primary-background-color has-text-color has-background has-link-color wp-elements-e0ba94e5e6919d89c7e935254bb690f2\"><div class=\"wp-block-group__inner-container is-layout-constrained wp-block-group-is-layout-constrained\">\n<h1 class=\"wp-block-heading alignwide has-text-align-left full has-background-color has-text-color has-link-color wp-elements-5ab80d1189b36109b4585440d2e7520c\">3 id\u00e9es de s\u00e9ances photo de couple incroyables \u00e0 essayer lors de votre propre s\u00e9ance photo<\/h1>\n<\/div><\/div>\n\n\n\n<div class=\"wp-block-cover alignfull is-light mt-0 mb-0 banner banner-resources\"><img loading=\"lazy\" decoding=\"async\" width=\"1400\" height=\"933\" class=\"wp-block-cover__image-background wp-image-5467\" alt=\"Id\u00e9es de photos de couple amusantes Save the Date\" src=\"https:\/\/kissinparis.com\/wp-content\/uploads\/2023\/03\/Fun-couple-photoshoot-ideas-Save-the-Date.jpg\" data-object-fit=\"cover\" srcset=\"https:\/\/kissinparis.com\/wp-content\/uploads\/2023\/03\/Fun-couple-photoshoot-ideas-Save-the-Date.jpg 1400w, https:\/\/kissinparis.com\/wp-content\/uploads\/2023\/03\/Fun-couple-photoshoot-ideas-Save-the-Date-300x200.jpg 300w, https:\/\/kissinparis.com\/wp-content\/uploads\/2023\/03\/Fun-couple-photoshoot-ideas-Save-the-Date-1024x682.jpg 1024w, https:\/\/kissinparis.com\/wp-content\/uploads\/2023\/03\/Fun-couple-photoshoot-ideas-Save-the-Date-768x512.jpg 768w, https:\/\/kissinparis.com\/wp-content\/uploads\/2023\/03\/Fun-couple-photoshoot-ideas-Save-the-Date-1200x800.jpg 1200w\" sizes=\"auto, (max-width: 1400px) 100vw, 1400px\" \/><span aria-hidden=\"true\" class=\"wp-block-cover__background has-primary-background-color has-background-dim-0 has-background-dim\"><\/span><div class=\"wp-block-cover__inner-container is-layout-flow wp-block-cover-is-layout-flow\">\n<div class=\"banner-video\">\n<img decoding=\"async\" src=\"https:\/\/kissinparis.com\/wp-content\/uploads\/2023\/02\/placeholder_16x9.png\" alt=\"Zone du h\u00e9ros\">\n<\/div>\n<\/div><\/div>\n\n\n\n<div class=\"wp-block-group alignfull mt-0 mb-0 sec sec-content has-white-background-color has-background\" id=\"sec-0\"><div class=\"wp-block-group__inner-container is-layout-constrained wp-block-group-is-layout-constrained\">\n<p>Les photos de couple professionnelles repr\u00e9sentent un investissement important en temps et en argent, mais plus important encore, elles constituent une occasion rare pour deux personnes profond\u00e9ment amoureuses de s&#039;\u00e9loigner de la vie quotidienne et de se concentrer enti\u00e8rement sur leur relation.<\/p>\n\n\n\n<p>Ces trois id\u00e9es remarquables apporteront \u00e0 coup s\u00fbr spontan\u00e9it\u00e9, joie et connexion \u00e0 votre s\u00e9ance : des accessoires originaux qui correspondent \u00e0 vos personnalit\u00e9s, des pops de champagne spectaculaires pour des portraits plus grands que nature et des configurations de pique-nique au style ludique, ainsi que des conseils de pro pour vous faire gagner du temps et dynamiser votre exp\u00e9rience pleine de plaisir.<\/p>\n\n\n\n<figure class=\"wp-block-image alignwide size-large\"><img loading=\"lazy\" decoding=\"async\" width=\"1024\" height=\"682\" src=\"https:\/\/kissinparis.com\/wp-content\/uploads\/2023\/03\/Creative-Couple-Photography-Ideas-11-1024x682.jpg\" alt=\"Id\u00e9es de s\u00e9ance photo de couple, accessoires cr\u00e9atifs, photos de fian\u00e7ailles, chewing-gum, structure artistique jaune\" class=\"wp-image-2371\" srcset=\"https:\/\/kissinparis.com\/wp-content\/uploads\/2023\/03\/Creative-Couple-Photography-Ideas-11-1024x682.jpg 1024w, https:\/\/kissinparis.com\/wp-content\/uploads\/2023\/03\/Creative-Couple-Photography-Ideas-11-300x200.jpg 300w, https:\/\/kissinparis.com\/wp-content\/uploads\/2023\/03\/Creative-Couple-Photography-Ideas-11-768x512.jpg 768w, https:\/\/kissinparis.com\/wp-content\/uploads\/2023\/03\/Creative-Couple-Photography-Ideas-11-1200x800.jpg 1200w, https:\/\/kissinparis.com\/wp-content\/uploads\/2023\/03\/Creative-Couple-Photography-Ideas-11.jpg 1400w\" sizes=\"auto, (max-width: 1024px) 100vw, 1024px\" \/><figcaption class=\"wp-element-caption\">Id\u00e9es de s\u00e9ance photo de couple\u00a0: laissez libre cours \u00e0 votre cr\u00e9ativit\u00e9 avec des accessoires\u00a0! Cette photo de fian\u00e7ailles amusante montre comment des \u00e9l\u00e9ments originaux comme le chewing-gum peuvent cr\u00e9er des images uniques et pleines de personnalit\u00e9, r\u00e9v\u00e9lant votre c\u00f4t\u00e9 espi\u00e8gle et ajoutant de la vari\u00e9t\u00e9 \u00e0 vos photos de fian\u00e7ailles.<\/figcaption><\/figure>\n\n\n\n<h2 class=\"wp-block-heading\">Des accessoires originaux qui racontent votre histoire<\/h2>\n\n\n\n<p>Le bon accessoire d\u00e9tourne l&#039;attention de la cam\u00e9ra, encourage l&#039;amusement et r\u00e9v\u00e8le votre personnalit\u00e9. Ce peut \u00eatre une vieille guitare si vous vous \u00eates rencontr\u00e9s \u00e0 un micro ouvert, une pile de vos romans pr\u00e9f\u00e9r\u00e9s si vous avez partag\u00e9 des liens autour d&#039;une lecture, ou des skateboards assortis si vous aimez l&#039;aventure.<\/p>\n\n\n\n<p>L&#039;accessoire n&#039;est pas le but, mais l&#039;interaction et la vari\u00e9t\u00e9 des photos qu&#039;il cr\u00e9e. \u00c9changez quelques doux baisers en lisant ensemble, en vous penchant pour gratter la guitare ou en vous promenant c\u00f4te \u00e0 c\u00f4te sur vos planches. Choisir des accessoires que vous aimez vraiment tous les deux (plut\u00f4t que des ballons qui ne correspondent pas forc\u00e9ment \u00e0 votre humeur) cr\u00e9e une ambiance conviviale. <a href=\"https:\/\/kissinparis.com\/fr\/photos-fiancailles-paris\/\">des photos de fian\u00e7ailles amusantes<\/a> et avoir l&#039;air incroyable.<\/p>\n\n\n\n<p><strong>La planification est importante.<\/strong> Prenez le temps de r\u00e9fl\u00e9chir aux accessoires qui conviennent \u00e0 votre relation, fixez-les bien avant la s\u00e9ance photo et pr\u00e9voyez le transport des objets volumineux. On adore les ballons surdimensionn\u00e9s, mais \u00e0 moins qu&#039;ils ne correspondent \u00e0 votre style (et qu&#039;il n&#039;y ait pas trop de vent !), choisissez quelque chose de vraiment original. <em>le v\u00f4tre<\/em>.<\/p>\n\n\n\n<figure class=\"wp-block-image alignwide size-full\"><img loading=\"lazy\" decoding=\"async\" width=\"1000\" height=\"667\" src=\"https:\/\/kissinparis.com\/wp-content\/uploads\/2023\/03\/Fun-couple-photoshoot-ideas-you-can-try-now.jpg\" alt=\"Id\u00e9es de s\u00e9ances photo de couple utilisant des disques vinyles comme accessoires lors de photos de fian\u00e7ailles sur le canap\u00e9 de l&#039;appartement\" class=\"wp-image-5468\" srcset=\"https:\/\/kissinparis.com\/wp-content\/uploads\/2023\/03\/Fun-couple-photoshoot-ideas-you-can-try-now.jpg 1000w, https:\/\/kissinparis.com\/wp-content\/uploads\/2023\/03\/Fun-couple-photoshoot-ideas-you-can-try-now-300x200.jpg 300w, https:\/\/kissinparis.com\/wp-content\/uploads\/2023\/03\/Fun-couple-photoshoot-ideas-you-can-try-now-768x512.jpg 768w\" sizes=\"auto, (max-width: 1000px) 100vw, 1000px\" \/><figcaption class=\"wp-element-caption\">Les id\u00e9es de s\u00e9ances photo de couple n&#039;ont pas besoin d&#039;\u00eatre \u00e9labor\u00e9es\u00a0: parfois, les meilleurs accessoires se cachent chez soi\u00a0! Cette photo de fian\u00e7ailles ludique utilise des vinyles g\u00e9ants de leurs musiciens pr\u00e9f\u00e9r\u00e9s pour cr\u00e9er un clich\u00e9 amusant et plein de personnalit\u00e9 qui raconte leur histoire d&#039;amour unique.<\/figcaption><\/figure>\n\n\n\n<h2 class=\"wp-block-heading\">Le Champagne Pop pour une touche dramatique<\/h2>\n\n\n\n<p>Il n\u2019y a rien de tel que l\u2019effervescence d\u2019une c\u00e9l\u00e9bration fig\u00e9e dans les airs. <a href=\"https:\/\/kissinparis.com\/fr\/comment-ouvrir-champagne\/\">Planifiez votre champagne pop<\/a> pour le d\u00e9but de votre s\u00e9ance photo, pour vous d\u00e9tendre et commencer par quelque chose d&#039;amusant, ou gardez-le pour la toute fin afin que vous puissiez profiter des bulles et passer \u00e0 une soir\u00e9e romantique ensemble.<\/p>\n\n\n\n<p><strong>Technique qui fonctionne :<\/strong> Gardez la bouteille bien fra\u00eeche et tenez-la loin de votre partenaire (surtout lorsque le bouchon saute, mais aussi pour \u00e9viter d&#039;\u00e9clabousser sa tenue). Agitez la bouteille en mouvements circulaires pour cr\u00e9er une pulv\u00e9risation digne d&#039;une photo. Lorsque les minuscules gouttelettes captent la lumi\u00e8re, surveillez la position de votre photographe, car les r\u00e9p\u00e9titions peuvent \u00eatre co\u00fbteuses et chronophages.<\/p>\n\n\n\n<p>Le spray est magnifiquement photographi\u00e9 pendant l&#039;heure dor\u00e9e ou l&#039;heure bleue, mais \u00e9vitez la lumi\u00e8re du jour vive lorsque le spray devient presque invisible sur les photos.<\/p>\n\n\n\n<figure class=\"wp-block-image alignwide size-full\"><img loading=\"lazy\" decoding=\"async\" width=\"1800\" height=\"1201\" src=\"https:\/\/kissinparis.com\/wp-content\/uploads\/2023\/03\/Fun-Paris-photo-shoot-ideas-epic-Champagne-pop-in-front-of-Moulin-Rouge.jpg\" alt=\"Id\u00e9es de s\u00e9ance photo de couple\u00a0: photos de fian\u00e7ailles au champagne au Moulin Rouge \u00e0 Paris la nuit\" class=\"wp-image-7706\" srcset=\"https:\/\/kissinparis.com\/wp-content\/uploads\/2023\/03\/Fun-Paris-photo-shoot-ideas-epic-Champagne-pop-in-front-of-Moulin-Rouge.jpg 1800w, https:\/\/kissinparis.com\/wp-content\/uploads\/2023\/03\/Fun-Paris-photo-shoot-ideas-epic-Champagne-pop-in-front-of-Moulin-Rouge-300x200.jpg 300w, https:\/\/kissinparis.com\/wp-content\/uploads\/2023\/03\/Fun-Paris-photo-shoot-ideas-epic-Champagne-pop-in-front-of-Moulin-Rouge-1024x683.jpg 1024w, https:\/\/kissinparis.com\/wp-content\/uploads\/2023\/03\/Fun-Paris-photo-shoot-ideas-epic-Champagne-pop-in-front-of-Moulin-Rouge-768x512.jpg 768w, https:\/\/kissinparis.com\/wp-content\/uploads\/2023\/03\/Fun-Paris-photo-shoot-ideas-epic-Champagne-pop-in-front-of-Moulin-Rouge-1536x1025.jpg 1536w, https:\/\/kissinparis.com\/wp-content\/uploads\/2023\/03\/Fun-Paris-photo-shoot-ideas-epic-Champagne-pop-in-front-of-Moulin-Rouge-1200x801.jpg 1200w\" sizes=\"auto, (max-width: 1800px) 100vw, 1800px\" \/><figcaption class=\"wp-element-caption\">Des id\u00e9es de s\u00e9ances photo de couple prennent vie avec des p\u00e9pites de champagne ! Cette photo de fian\u00e7ailles spectaculaire au c\u00e9l\u00e8bre Moulin Rouge \u00e0 Paris montre comment un timing et une technique irr\u00e9prochables cr\u00e9ent des images dignes d&#039;un \u00ab\u00a0save-the-date\u00a0\u00bb, pleines de joie et de c\u00e9l\u00e9bration.<\/figcaption><\/figure>\n\n\n\n<h2 class=\"wp-block-heading\">Un pique-nique styl\u00e9 pour capturer une romance chaleureuse<\/h2>\n\n\n\n<p>Transformez votre pique-nique en une nature morte vivante\u00a0: une couverture moelleuse ou une table basse drap\u00e9e de linge, des coussins moelleux et un petit bouquet pour la couleur. Disposez des bouch\u00e9es artisanales \u2013 macarons, charcuterie, fruits rouges frais et un d\u00e9licieux plateau de fromages \u2013 dans des caisses vintage ou des plateaux en bois.<\/p>\n\n\n\n<p>Faites de cette installation la pi\u00e8ce ma\u00eetresse de votre s\u00e9ance photo de couple, id\u00e9alement planifi\u00e9e vers la fin de la s\u00e9ance. Cela vous permettra de passer naturellement des portraits pos\u00e9s \u00e0 une d\u00e9tente relaxante et de savourer votre moment. N&#039;oubliez pas de vous pencher pour des baisers po\u00e9tiques et de savourer cette magnifique journ\u00e9e ensemble pendant que d&#039;autres sont probablement au travail.<\/p>\n\n\n\n<p><strong>Conseil de planification professionnel\u00a0:<\/strong> Nous pouvons organiser des \u00e9v\u00e9nements \u00e9poustouflants <a href=\"https:\/\/kissinparis.com\/fr\/demande-en-mariage-paris\/pique-nique\/\">installations de pique-nique personnalis\u00e9es<\/a>, ou vous pouvez cr\u00e9er le v\u00f4tre avec des d\u00e9tails r\u00e9fl\u00e9chis qui photographient magnifiquement.<\/p>\n\n\n\n<figure class=\"wp-block-image alignwide size-large\"><img loading=\"lazy\" decoding=\"async\" width=\"1024\" height=\"683\" src=\"https:\/\/kissinparis.com\/wp-content\/uploads\/2025\/04\/paris-picnic-proposal-package-cherry-blossom-parc-sceaux-99-1024x683.webp\" alt=\"Id\u00e9es de s\u00e9ance photo de couple, configuration de pique-nique stylis\u00e9e, parc de Sceaux, photos de fian\u00e7ailles en fleurs de cerisier \u00e0 Paris\" class=\"wp-image-18302\" srcset=\"https:\/\/kissinparis.com\/wp-content\/uploads\/2025\/04\/paris-picnic-proposal-package-cherry-blossom-parc-sceaux-99-1024x683.webp 1024w, https:\/\/kissinparis.com\/wp-content\/uploads\/2025\/04\/paris-picnic-proposal-package-cherry-blossom-parc-sceaux-99-300x200.webp 300w, https:\/\/kissinparis.com\/wp-content\/uploads\/2025\/04\/paris-picnic-proposal-package-cherry-blossom-parc-sceaux-99-768x512.webp 768w, https:\/\/kissinparis.com\/wp-content\/uploads\/2025\/04\/paris-picnic-proposal-package-cherry-blossom-parc-sceaux-99-1536x1025.webp 1536w, https:\/\/kissinparis.com\/wp-content\/uploads\/2025\/04\/paris-picnic-proposal-package-cherry-blossom-parc-sceaux-99-1200x801.webp 1200w, https:\/\/kissinparis.com\/wp-content\/uploads\/2025\/04\/paris-picnic-proposal-package-cherry-blossom-parc-sceaux-99.webp 1800w\" sizes=\"auto, (max-width: 1024px) 100vw, 1024px\" \/><figcaption class=\"wp-element-caption\">Les id\u00e9es de s\u00e9ances photos de fian\u00e7ailles atteignent des sommets avec des pique-niques raffin\u00e9s ! Ce pique-nique parisien de luxe au parc de Sceaux pendant la saison des cerisiers en fleurs illustre comment des d\u00e9tails soign\u00e9s \u2013 fleurs roses, vaisselle \u00e9l\u00e9gante et gourmandises fran\u00e7aises \u2013 cr\u00e9ent des photos de fian\u00e7ailles gourmandes et romantiques.<\/figcaption><\/figure>\n\n\n\n<h2 class=\"wp-block-heading\">Avant votre s\u00e9ance photo\u00a0: \u00e9tapes de pr\u00e9paration essentielles<\/h2>\n\n\n\n<p><strong>Soyez tout aussi enthousiaste.<\/strong> Les deux partenaires doivent \u00eatre enthousiastes \u00e0 propos de l\u2019exp\u00e9rience : cela se voit sur les photos lorsqu\u2019une personne est plus investie que l\u2019autre.<\/p>\n\n\n\n<p><strong>Pr\u00e9voyez des tenues dignes d\u2019une photo.<\/strong> Choisissez des looks qui se compl\u00e8tent et <a href=\"https:\/\/kissinparis.com\/fr\/lieux-plus-romantiques-paris\/\">votre emplacement<\/a> Sans para\u00eetre trop assorti. Superposez vos v\u00eatements si vous anticipez les changements de temps.<\/p>\n\n\n\n<p><strong>Communiquez avec votre photographe.<\/strong> Partagez votre vision, discutez des poses pr\u00e9f\u00e9r\u00e9es et mentionnez vos \u00e9ventuelles pr\u00e9occupations afin de g\u00e9rer les attentes. Les photographes professionnels appr\u00e9cient les couples pr\u00e9par\u00e9s, car cela facilite leur travail et montre votre s\u00e9rieux pour un r\u00e9sultat exceptionnel.<\/p>\n\n\n\n<p><strong>Cr\u00e9ez des tableaux d&#039;inspiration.<\/strong> Partagez des exemples de photos avec votre photographe (via WhatsApp ou Pinterest) pour lui communiquer vos pr\u00e9f\u00e9rences en mati\u00e8re de style et le look que vous recherchez. Incluez une photo de vous que vous appr\u00e9ciez pour qu&#039;il comprenne imm\u00e9diatement vos angles pr\u00e9f\u00e9r\u00e9s.<\/p>\n\n\n\n<p><strong>Pratiquez \u00e0 la maison.<\/strong> Essayez diff\u00e9rentes poses, soul\u00e8vements, plongeons et baisers \u00e0 la hollywoodienne avant l&#039;arriv\u00e9e du jour de votre tournage.<\/p>\n\n\n\n<h2 class=\"wp-block-heading\">Conseils pour r\u00e9ussir le jour J<\/h2>\n\n\n\n<ul class=\"wp-block-list\">\n<li><strong>Arriver \u00e0 l&#039;heure<\/strong> et bien repos\u00e9 pour la meilleure \u00e9nergie<\/li>\n\n\n\n<li><strong>Faites confiance \u00e0 votre photographe<\/strong>\u2014ils veulent des r\u00e9sultats \u00e9tonnants autant que vous<\/li>\n\n\n\n<li><strong>Restez flexible<\/strong> si la m\u00e9t\u00e9o ou le calendrier n\u00e9cessitent des ajustements<\/li>\n\n\n\n<li><strong>Concentrez-vous l&#039;un sur l&#039;autre<\/strong>, pas la cam\u00e9ra<\/li>\n<\/ul>\n\n\n\n<p>Lors de prises de vue dans des lieux \u00e9poustouflants comme Paris ou <a href=\"https:\/\/kissinparis.com\/fr\/seance-photo-champ-lavande\/\">Les champs de lavande de Provence<\/a>, r\u00e9servez un h\u00e9bergement \u00e0 proximit\u00e9 pour minimiser le stress du voyage et maximiser les opportunit\u00e9s de photos.<\/p>\n\n\n\n<p>N&#039;oubliez pas : la pr\u00e9paration fait la diff\u00e9rence entre de bonnes photos et des photos incroyables.<\/p>\n\n\n\n<p><em>Pr\u00eat \u00e0 organiser la s\u00e9ance photo de couple de vos r\u00eaves\u00a0? Notre \u00e9quipe de photographes parisiens est sp\u00e9cialis\u00e9e dans la cr\u00e9ation d&#039;exp\u00e9riences inoubliables.<\/em><\/p>\n<\/div><\/div>\n\n\n\n<div class=\"wp-block-group alignfull mt-0 mb-0 sec sec-services has-subtle-background-background-color has-background\"><div class=\"wp-block-group__inner-container is-layout-constrained wp-block-group-is-layout-constrained\">\n<h2 class=\"wp-block-heading title-v2\">Et ensuite?<\/h2>\n\n\n\n<div class=\"wp-block-columns boxes plans is-layout-flex wp-container-core-columns-is-layout-9d6595d7 wp-block-columns-is-layout-flex\">\n<div class=\"wp-block-column is-layout-flow wp-block-column-is-layout-flow\">\n<figure class=\"wp-block-image size-full\"><a href=\"https:\/\/kissinparis.com\/fr\/restaurants-vue-tour-eiffel\/\" aria-label=\"En savoir plus sur le forfait couple de Paris : les meilleurs restaurants avec vue sur la Tour Eiffel\"><img loading=\"lazy\" decoding=\"async\" width=\"300\" height=\"400\" src=\"https:\/\/kissinparis.com\/wp-content\/uploads\/2023\/03\/Paris-couple-package-best-restaurants-with-Eiffel-Tower-view.jpg\" alt=\"Paris : les meilleurs restaurants avec vue sur la Tour Eiffel\" class=\"wp-image-1027\" srcset=\"https:\/\/kissinparis.com\/wp-content\/uploads\/2023\/03\/Paris-couple-package-best-restaurants-with-Eiffel-Tower-view.jpg 300w, https:\/\/kissinparis.com\/wp-content\/uploads\/2023\/03\/Paris-couple-package-best-restaurants-with-Eiffel-Tower-view-225x300.jpg 225w\" sizes=\"auto, (max-width: 300px) 100vw, 300px\" \/><\/a><\/figure>\n\n\n\n<div class=\"wp-block-group mt-0 mb-0 content\"><div class=\"wp-block-group__inner-container is-layout-constrained wp-block-group-is-layout-constrained\">\n<h3 class=\"wp-block-heading\"><a href=\"https:\/\/kissinparis.com\/fr\/restaurants-vue-tour-eiffel\/\">O\u00f9 manger \u00e0 Paris<\/a><\/h3>\n\n\n\n<p class=\"sec-header\"><a href=\"https:\/\/kissinparis.com\/fr\/restaurants-vue-tour-eiffel\/\">Meilleurs restaurants avec vue sur la Tour Eiffel<\/a><\/p>\n<\/div><\/div>\n<\/div>\n\n\n\n<div class=\"wp-block-column is-layout-flow wp-block-column-is-layout-flow\">\n<figure class=\"wp-block-image size-full\"><a href=\"https:\/\/kissinparis.com\/fr\/photographe-couple-paris-nuit\/\" aria-label=\"En savoir plus sur Les photos de nuit \u00e0 Paris sont plus romantiques\"><img loading=\"lazy\" decoding=\"async\" width=\"300\" height=\"400\" src=\"https:\/\/kissinparis.com\/wp-content\/uploads\/2023\/03\/Nighttime-photos-in-Paris-are-more-romantic.jpg\" alt=\"Les photos de nuit \u00e0 Paris sont plus romantiques\" class=\"wp-image-1028\" srcset=\"https:\/\/kissinparis.com\/wp-content\/uploads\/2023\/03\/Nighttime-photos-in-Paris-are-more-romantic.jpg 300w, https:\/\/kissinparis.com\/wp-content\/uploads\/2023\/03\/Nighttime-photos-in-Paris-are-more-romantic-225x300.jpg 225w\" sizes=\"auto, (max-width: 300px) 100vw, 300px\" \/><\/a><\/figure>\n\n\n\n<div class=\"wp-block-group mt-0 mb-0 content\"><div class=\"wp-block-group__inner-container is-layout-constrained wp-block-group-is-layout-constrained\">\n<h3 class=\"wp-block-heading\"><a href=\"https:\/\/kissinparis.com\/fr\/photographe-couple-paris-nuit\/\">Photos de couple nocturnes<\/a><\/h3>\n\n\n\n<p class=\"sec-header\"><a href=\"https:\/\/kissinparis.com\/fr\/photographe-couple-paris-nuit\/\">R\u00e9servez un photographe de fian\u00e7ailles \u00e0 Paris<\/a><\/p>\n<\/div><\/div>\n<\/div>\n\n\n\n<div class=\"wp-block-column is-layout-flow wp-block-column-is-layout-flow\">\n<figure class=\"wp-block-image size-full\"><a href=\"https:\/\/kissinparis.com\/fr\/photos-couple-tour-eiffel\/\" aria-label=\"En savoir plus sur la Tour Eiffel : id\u00e9es de photos de couple\"><img loading=\"lazy\" decoding=\"async\" width=\"300\" height=\"400\" src=\"https:\/\/kissinparis.com\/wp-content\/uploads\/2023\/03\/Eiffel-Tower-couple-picture-ideas.jpg\" alt=\"Tour Eiffel couple id\u00e9es de photos\" class=\"wp-image-1030\" srcset=\"https:\/\/kissinparis.com\/wp-content\/uploads\/2023\/03\/Eiffel-Tower-couple-picture-ideas.jpg 300w, https:\/\/kissinparis.com\/wp-content\/uploads\/2023\/03\/Eiffel-Tower-couple-picture-ideas-225x300.jpg 225w\" sizes=\"auto, (max-width: 300px) 100vw, 300px\" \/><\/a><\/figure>\n\n\n\n<div class=\"wp-block-group mt-0 mb-0 content\"><div class=\"wp-block-group__inner-container is-layout-constrained wp-block-group-is-layout-constrained\">\n<h3 class=\"wp-block-heading\"><a href=\"https:\/\/kissinparis.com\/fr\/photos-couple-tour-eiffel\/\">Photos de couple \u00e0 la Tour Eiffel<\/a><\/h3>\n\n\n\n<p class=\"sec-header\"><a href=\"https:\/\/kissinparis.com\/fr\/photos-couple-tour-eiffel\/\">Quand la Tour Eiffel devient incontournable<\/a><\/p>\n<\/div><\/div>\n<\/div>\n\n\n\n<div class=\"wp-block-column is-layout-flow wp-block-column-is-layout-flow\">\n<figure class=\"wp-block-image size-full\"><a href=\"https:\/\/kissinparis.com\/fr\/seance-photo-paris\/\" aria-label=\"En savoir plus sur Comment poser en couple pour des photos de fian\u00e7ailles \u00e9blouissantes \u00e0 Paris\"><img loading=\"lazy\" decoding=\"async\" width=\"300\" height=\"400\" src=\"https:\/\/kissinparis.com\/wp-content\/uploads\/2023\/03\/How-to-pose-as-a-couple-for-dazzling-Paris-Engagement-photos.jpg\" alt=\"Comment poser en couple pour des photos de fian\u00e7ailles \u00e9blouissantes \u00e0 Paris\" class=\"wp-image-1032\" srcset=\"https:\/\/kissinparis.com\/wp-content\/uploads\/2023\/03\/How-to-pose-as-a-couple-for-dazzling-Paris-Engagement-photos.jpg 300w, https:\/\/kissinparis.com\/wp-content\/uploads\/2023\/03\/How-to-pose-as-a-couple-for-dazzling-Paris-Engagement-photos-225x300.jpg 225w\" sizes=\"auto, (max-width: 300px) 100vw, 300px\" \/><\/a><\/figure>\n\n\n\n<div class=\"wp-block-group mt-0 mb-0 content\"><div class=\"wp-block-group__inner-container is-layout-constrained wp-block-group-is-layout-constrained\">\n<h3 class=\"wp-block-heading\"><a href=\"https:\/\/kissinparis.com\/fr\/seance-photo-paris\/\">Comment r\u00e9ussir votre s\u00e9ance photo de couple<\/a><\/h3>\n\n\n\n<p class=\"sec-header\"><a href=\"https:\/\/kissinparis.com\/fr\/poses-photo-couple\/\">Poses frappantes, quoi porter, d\u00e9placements et plus encore<\/a><\/p>\n<\/div><\/div>\n<\/div>\n<\/div>\n<\/div><\/div>","protected":false},"excerpt":{"rendered":"<p>3 Amazing Couple Photoshoot Ideas to Try on Your Own Shoot Professional couple photos represent a significant investment of time and money\u2014but more importantly, they&#8217;re a rare opportunity for two people deeply in love to step away from everyday life and focus entirely on their relationship. These three standout ideas are sure to bring spontaneity, [&hellip;]<\/p>\n","protected":false},"author":35,"featured_media":0,"parent":0,"menu_order":0,"comment_status":"closed","ping_status":"closed","template":"","meta":{"_acf_changed":false,"ub_ctt_via":"","footnotes":""},"class_list":["post-5323","page","type-page","status-publish","hentry"],"acf":[],"featured_image_src":null,"_links":{"self":[{"href":"https:\/\/kissinparis.com\/fr\/wp-json\/wp\/v2\/pages\/5323","targetHints":{"allow":["GET"]}}],"collection":[{"href":"https:\/\/kissinparis.com\/fr\/wp-json\/wp\/v2\/pages"}],"about":[{"href":"https:\/\/kissinparis.com\/fr\/wp-json\/wp\/v2\/types\/page"}],"author":[{"embeddable":true,"href":"https:\/\/kissinparis.com\/fr\/wp-json\/wp\/v2\/users\/35"}],"replies":[{"embeddable":true,"href":"https:\/\/kissinparis.com\/fr\/wp-json\/wp\/v2\/comments?post=5323"}],"version-history":[{"count":16,"href":"https:\/\/kissinparis.com\/fr\/wp-json\/wp\/v2\/pages\/5323\/revisions"}],"predecessor-version":[{"id":26143,"href":"https:\/\/kissinparis.com\/fr\/wp-json\/wp\/v2\/pages\/5323\/revisions\/26143"}],"wp:attachment":[{"href":"https:\/\/kissinparis.com\/fr\/wp-json\/wp\/v2\/media?parent=5323"}],"curies":[{"name":"wp","href":"https:\/\/api.w.org\/{rel}","templated":true}]}}