{"id":5473,"date":"2023-03-10T16:32:06","date_gmt":"2023-03-10T16:32:06","guid":{"rendered":"https:\/\/kissinparis.com\/?page_id=5473"},"modified":"2025-05-28T08:21:29","modified_gmt":"2025-05-28T08:21:29","slug":"comment-ouvrir-champagne","status":"publish","type":"page","link":"https:\/\/kissinparis.com\/fr\/how-champagne-pop\/","title":{"rendered":"Comment ma\u00eetriser l'\u00e9clatement du champagne et obtenir des photos \u00e9poustouflantes ?"},"content":{"rendered":"<div class=\"wp-block-group alignfull sec heror-section mt-0 mb-0 has-scroll-down has-background-color has-primary-background-color has-text-color has-background has-link-color wp-elements-e7d1437c353a92f30d799d3e3b05c373\"><div class=\"wp-block-group__inner-container is-layout-constrained wp-block-group-is-layout-constrained\">\n<h1 class=\"wp-block-heading alignwide has-text-align-left full has-background-color has-text-color has-link-color wp-elements-cf21d486a8da28f7f28649478f6cfdb5\">Comment ma\u00eetriser l'\u00e9clatement du champagne et obtenir des photos \u00e9poustouflantes ?<\/h1>\n<\/div><\/div>\n\n\n\n<div class=\"wp-block-cover alignfull mt-0 mb-0 banner banner-resources\"><img loading=\"lazy\" decoding=\"async\" width=\"1400\" height=\"934\" class=\"wp-block-cover__image-background wp-image-5475\" alt=\"Une explosion de champagne au Moulin Rouge \u00e0 Paris\" src=\"https:\/\/kissinparis.com\/wp-content\/uploads\/2023\/03\/How-to-do-an-epic-Champagne-Pop-for-amazing-photos.jpg\" data-object-fit=\"cover\" srcset=\"https:\/\/kissinparis.com\/wp-content\/uploads\/2023\/03\/How-to-do-an-epic-Champagne-Pop-for-amazing-photos.jpg 1400w, https:\/\/kissinparis.com\/wp-content\/uploads\/2023\/03\/How-to-do-an-epic-Champagne-Pop-for-amazing-photos-300x200.jpg 300w, https:\/\/kissinparis.com\/wp-content\/uploads\/2023\/03\/How-to-do-an-epic-Champagne-Pop-for-amazing-photos-1024x683.jpg 1024w, https:\/\/kissinparis.com\/wp-content\/uploads\/2023\/03\/How-to-do-an-epic-Champagne-Pop-for-amazing-photos-768x512.jpg 768w, https:\/\/kissinparis.com\/wp-content\/uploads\/2023\/03\/How-to-do-an-epic-Champagne-Pop-for-amazing-photos-1200x801.jpg 1200w\" sizes=\"auto, (max-width: 1400px) 100vw, 1400px\" \/><span aria-hidden=\"true\" class=\"wp-block-cover__background has-primary-background-color has-background-dim-0 has-background-dim\"><\/span><div class=\"wp-block-cover__inner-container is-layout-flow wp-block-cover-is-layout-flow\">\n<div class=\"banner-video\">\n<img decoding=\"async\" src=\"https:\/\/kissinparis.com\/wp-content\/uploads\/2023\/02\/placeholder_16x9.png\" alt=\"Zone du h\u00e9ros\">\n<\/div>\n<\/div><\/div>\n\n\n\n<div class=\"wp-block-group alignfull mt-0 mb-0 sec sec-content has-white-background-color has-background\" id=\"sec-0\"><div class=\"wp-block-group__inner-container is-layout-constrained wp-block-group-is-layout-constrained\">\n<h2 class=\"wp-block-heading\">Comment faire un Champagne Pop comme une Rockstar (tout en obtenant des photos \u00e9poustouflantes).<\/h2>\n\n\n<p><div class=\"sc-box notes\"><div class=\"sc-title\">\n<svg viewbox=\"0 0 512 512\" class=\"icon icon-note\" xmlns=\"http:\/\/www.w3.org\/2000\/svg\"><g id=\"Outline\"><path d=\"m448 480h-16v-232h-16v232h-56v16h96a8 8 0 0 0 8-8v-272h-16z\"\/><path d=\"m400 424v-144h-16v136h-56a8 8 0 0 0 -8 8v56h-264v-40h24v-16h-24v-56h24v-16h-24v-56h24v-16h-24v-56h24v-16h-24v-56h24v-16h-24v-40h-16v40h-24v16h24v56h-24v16h24v56h-24v16h24v56h-24v16h24v56h-24v16h24v48a8 8 0 0 0 8 8h280a8 8 0 0 0 5.657-2.343l64-64a8 8 0 0 0 2.343-5.657zm-27.314 8-36.686 36.686v-36.686z\"\/><path d=\"m80 64h-24v-32h328v64h16v-64h16v48h16v-48h16v48h16v-56a8 8 0 0 0 -8-8h-408a8 8 0 0 0 -8 8v40h-24v16h64z\"\/><path d=\"m184 96h160v16h-160z\"\/><path d=\"m184 160h144v16h-144z\"\/><path d=\"m184 224h112v16h-112z\"\/><path d=\"m136 272a24 24 0 1 0 24 24 24.027 24.027 0 0 0 -24-24zm0 32a8 8 0 1 1 8-8 8.009 8.009 0 0 1 -8 8z\"\/><path d=\"m184 288h72v16h-72z\"\/><path d=\"m136 336a24 24 0 1 0 24 24 24.027 24.027 0 0 0 -24-24zm0 32a8 8 0 1 1 8-8 8.009 8.009 0 0 1 -8 8z\"\/><path d=\"m184 352h160v16h-160z\"\/><path d=\"m136 400a24 24 0 1 0 24 24 24.027 24.027 0 0 0 -24-24zm0 32a8 8 0 1 1 8-8 8.009 8.009 0 0 1 -8 8z\"\/><path d=\"m184 416h120v16h-120z\"\/><path d=\"m162.343 66.343-16 16a24.008 24.008 0 1 0 11.314 11.314l16-16zm-34.343 37.657a7.971 7.971 0 0 1 2.346-5.654l11.308 11.308a8 8 0 0 1 -13.654-5.654z\"\/><path d=\"m162.343 130.343-16 16a24.008 24.008 0 1 0 11.314 11.314l16-16zm-34.343 37.657a7.971 7.971 0 0 1 2.346-5.654l11.308 11.308a8 8 0 0 1 -13.654-5.654z\"\/><path d=\"m162.343 194.343-16 16a24.008 24.008 0 1 0 11.314 11.314l16-16zm-34.343 37.657a7.971 7.971 0 0 1 2.346-5.654l11.308 11.308a8 8 0 0 1 -13.654-5.654z\"\/><path d=\"m465.373 104a30.43 30.43 0 0 0 -21.657 8.97l-3.716 3.716-7.03-7.03a24 24 0 0 0 -33.94 0l-52.687 52.687 11.314 11.314 52.686-52.686a8.01 8.01 0 0 1 11.314 0l7.029 7.029-154.343 154.343a7.966 7.966 0 0 0 -2.187 4.088v.027.025l-7.99 39.948a8 8 0 0 0 9.414 9.414l40-8a8.006 8.006 0 0 0 4.088-2.188l169.361-169.373a30.627 30.627 0 0 0 -21.656-52.284zm-25.373 35.314 20.686 20.686-48.686 48.686-20.686-20.686zm-155.087 164.913 10.86 10.86-13.573 2.713zm27.087 4.46-20.687-20.687 88.687-88.686 20.686 20.686zm163.716-163.717-3.716 3.716-20.686-20.686 3.715-3.716a14.628 14.628 0 0 1 20.687 20.686z\"\/><\/g><\/svg><span class=\"sc-label\">Note<\/span><\/div><span class=\"sc-content\">Si vous envisagez le Champagne Pop dans le cadre d&#039;une prochaine s\u00e9ance photo, vous aimerez peut-\u00eatre aussi ceux-ci <a href=\"https:\/\/kissinparis.com\/fr\/idees-seance-photo-couple\/\">trois id\u00e9es de s\u00e9ances photo ridiculement amusantes<\/a><span data-preserver-spaces=\"true\">.<\/span><\/div><\/span><\/p>\n\n\n\n<p><strong>Le Champagne Pop :<\/strong>&nbsp;Porter un toast avec un champagne bien frais et p\u00e9tillant est toujours une bonne id\u00e9e.<\/p>\n\n\n\n<p>Il y a de fortes chances que votre couple <a href=\"https:\/\/kissinparis.com\/fr\/seance-photo-paris\/\">photoshoot<\/a> marque une occasion joyeuse\u2026 et le vin p\u00e9tillant et de couleur claire a toujours \u00e9t\u00e9 associ\u00e9 \u00e0 la c\u00e9l\u00e9bration.<\/p>\n\n\n\n<p>Mais ce que vous ne r\u00e9alisez peut-\u00eatre pas, c&#039;est que l&#039;acte lui-m\u00eame, de faire \u00e9clater et de pulv\u00e9riser un <a href=\"https:\/\/kissinparis.com\/fr\/demande-en-mariage-paris\/demande-champagne-macarons\/\">Champagne<\/a>, peut \u00eatre \u00e9tonnamment amusant et donner lieu \u00e0 des photographies vraiment \u00e9poustouflantes.<\/p>\n\n\n\n<figure class=\"wp-block-image alignwide size-full\"><img loading=\"lazy\" decoding=\"async\" width=\"1000\" height=\"668\" src=\"https:\/\/kissinparis.com\/wp-content\/uploads\/2023\/03\/How-do-do-the-Champagne-pop-in-photos-2.jpg\" alt=\"Comment le champagne appara\u00eet-il sur les photos\u00a0?\" class=\"wp-image-5476\" srcset=\"https:\/\/kissinparis.com\/wp-content\/uploads\/2023\/03\/How-do-do-the-Champagne-pop-in-photos-2.jpg 1000w, https:\/\/kissinparis.com\/wp-content\/uploads\/2023\/03\/How-do-do-the-Champagne-pop-in-photos-2-300x200.jpg 300w, https:\/\/kissinparis.com\/wp-content\/uploads\/2023\/03\/How-do-do-the-Champagne-pop-in-photos-2-768x513.jpg 768w\" sizes=\"auto, (max-width: 1000px) 100vw, 1000px\" \/><figcaption class=\"wp-element-caption\">Comment le champagne appara\u00eet-il sur les photos\u00a0?<\/figcaption><\/figure>\n\n\n\n<p>Mais \u2026<\/p>\n\n\n\n<p>Il y a une petite courbe d&#039;apprentissage, alors voici quelques-unes <a href=\"https:\/\/kissinparis.com\/fr\/demande-en-mariage-paris\/conseils\/\">conseils<\/a> pour vous aider \u00e0 ma\u00eetriser l&#039;art d\u00e9licat et raffin\u00e9 du Champagne pop :<\/p>\n\n\n\n<ul class=\"wp-block-list\">\n<li>\u00c0 moins d&#039;avoir gagn\u00e9 \u00e0 la loterie, n&#039;utilisez pas de vrai champagne. Couvrez simplement l&#039;\u00e9tiquette avec vos mains, et personne ne le remarquera.<\/li>\n\n\n\n<li>Retirez le film qui recouvre le bouchon, mais laissez le muselet sur la bouteille pour le moment.<\/li>\n\n\n\n<li>assurez-vous que votre photographe et <a href=\"https:\/\/kissinparis.com\/fr\/videaste-paris\/\">vid\u00e9aste<\/a> sont pr\u00eats<\/li>\n\n\n\n<li>Maintenant, retirez la cage m\u00e9tallique en d\u00e9roulant la petite boucle de fil<\/li>\n\n\n\n<li>Bien qu&#039;il soit possible de faire ce qu&#039;on appelle un \u00ab soft-pop \u00bb (o\u00f9 vous tournez et faites bouger doucement le bouchon hors de la bouteille, et le gardez dans votre main), nous sommes de grands fans du simple fait de laisser le bouchon voler<\/li>\n\n\n\n<li>Placez votre pouce sur le goulot de la bouteille, mais ne le couvrez pas compl\u00e8tement<\/li>\n\n\n\n<li>Ne vaporisez pas le champagne directement devant vous, sinon vos visages n&#039;appara\u00eetront pas dans l&#039;image.<\/li>\n\n\n\n<li>Enfin, secouez vigoureusement le flacon de haut en bas, id\u00e9alement en effectuant une l\u00e9g\u00e8re rotation. Amusez-vous et ne cessez pas de secouer jusqu&#039;\u00e0 ce que la pulv\u00e9risation cesse.<\/li>\n<\/ul>\n<\/div><\/div>\n\n\n\n<div class=\"wp-block-group alignfull mt-0 mb-0 sec sec-services has-subtle-background-background-color has-background\"><div class=\"wp-block-group__inner-container is-layout-constrained wp-block-group-is-layout-constrained\">\n<h2 class=\"wp-block-heading title-v2\">Et ensuite?<\/h2>\n\n\n\n<div class=\"wp-block-columns boxes plans is-layout-flex wp-container-core-columns-is-layout-9d6595d7 wp-block-columns-is-layout-flex\">\n<div class=\"wp-block-column is-layout-flow wp-block-column-is-layout-flow\">\n<figure class=\"wp-block-image size-full\"><a href=\"https:\/\/kissinparis.com\/fr\/restaurants-vue-tour-eiffel\/\" aria-label=\"En savoir plus sur le forfait couple de Paris : les meilleurs restaurants avec vue sur la Tour Eiffel\"><img loading=\"lazy\" decoding=\"async\" width=\"300\" height=\"400\" src=\"https:\/\/kissinparis.com\/wp-content\/uploads\/2023\/03\/Paris-couple-package-best-restaurants-with-Eiffel-Tower-view.jpg\" alt=\"Paris : les meilleurs restaurants avec vue sur la Tour Eiffel\" class=\"wp-image-1027\" srcset=\"https:\/\/kissinparis.com\/wp-content\/uploads\/2023\/03\/Paris-couple-package-best-restaurants-with-Eiffel-Tower-view.jpg 300w, https:\/\/kissinparis.com\/wp-content\/uploads\/2023\/03\/Paris-couple-package-best-restaurants-with-Eiffel-Tower-view-225x300.jpg 225w\" sizes=\"auto, (max-width: 300px) 100vw, 300px\" \/><\/a><\/figure>\n\n\n\n<div class=\"wp-block-group mt-0 mb-0 content\"><div class=\"wp-block-group__inner-container is-layout-constrained wp-block-group-is-layout-constrained\">\n<h3 class=\"wp-block-heading\"><a href=\"https:\/\/kissinparis.com\/fr\/restaurants-vue-tour-eiffel\/\">O\u00f9 manger \u00e0 Paris<\/a><\/h3>\n\n\n\n<p class=\"sec-header\"><a href=\"https:\/\/kissinparis.com\/fr\/restaurants-vue-tour-eiffel\/\">Meilleurs restaurants avec vue sur la Tour Eiffel<\/a><\/p>\n<\/div><\/div>\n<\/div>\n\n\n\n<div class=\"wp-block-column is-layout-flow wp-block-column-is-layout-flow\">\n<figure class=\"wp-block-image size-full\"><a href=\"https:\/\/kissinparis.com\/fr\/photographe-couple-paris-nuit\/\" aria-label=\"En savoir plus sur Les photos de nuit \u00e0 Paris sont plus romantiques\"><img loading=\"lazy\" decoding=\"async\" width=\"300\" height=\"400\" src=\"https:\/\/kissinparis.com\/wp-content\/uploads\/2023\/03\/Nighttime-photos-in-Paris-are-more-romantic.jpg\" alt=\"Les photos de nuit \u00e0 Paris sont plus romantiques\" class=\"wp-image-1028\" srcset=\"https:\/\/kissinparis.com\/wp-content\/uploads\/2023\/03\/Nighttime-photos-in-Paris-are-more-romantic.jpg 300w, https:\/\/kissinparis.com\/wp-content\/uploads\/2023\/03\/Nighttime-photos-in-Paris-are-more-romantic-225x300.jpg 225w\" sizes=\"auto, (max-width: 300px) 100vw, 300px\" \/><\/a><\/figure>\n\n\n\n<div class=\"wp-block-group mt-0 mb-0 content\"><div class=\"wp-block-group__inner-container is-layout-constrained wp-block-group-is-layout-constrained\">\n<h3 class=\"wp-block-heading\"><a href=\"https:\/\/kissinparis.com\/fr\/photographe-couple-paris-nuit\/\">Photos de couple nocturnes<\/a><\/h3>\n\n\n\n<p class=\"sec-header\"><a href=\"https:\/\/kissinparis.com\/fr\/photographe-couple-paris-nuit\/\">R\u00e9servez un photographe de fian\u00e7ailles \u00e0 Paris<\/a><\/p>\n<\/div><\/div>\n<\/div>\n\n\n\n<div class=\"wp-block-column is-layout-flow wp-block-column-is-layout-flow\">\n<figure class=\"wp-block-image size-full\"><a href=\"https:\/\/kissinparis.com\/fr\/photos-couple-tour-eiffel\/\" aria-label=\"En savoir plus sur la Tour Eiffel : id\u00e9es de photos de couple\"><img loading=\"lazy\" decoding=\"async\" width=\"300\" height=\"400\" src=\"https:\/\/kissinparis.com\/wp-content\/uploads\/2023\/03\/Eiffel-Tower-couple-picture-ideas.jpg\" alt=\"Tour Eiffel couple id\u00e9es de photos\" class=\"wp-image-1030\" srcset=\"https:\/\/kissinparis.com\/wp-content\/uploads\/2023\/03\/Eiffel-Tower-couple-picture-ideas.jpg 300w, https:\/\/kissinparis.com\/wp-content\/uploads\/2023\/03\/Eiffel-Tower-couple-picture-ideas-225x300.jpg 225w\" sizes=\"auto, (max-width: 300px) 100vw, 300px\" \/><\/a><\/figure>\n\n\n\n<div class=\"wp-block-group mt-0 mb-0 content\"><div class=\"wp-block-group__inner-container is-layout-constrained wp-block-group-is-layout-constrained\">\n<h3 class=\"wp-block-heading\"><a href=\"https:\/\/kissinparis.com\/fr\/photos-couple-tour-eiffel\/\">Photos de couple \u00e0 la Tour Eiffel<\/a><\/h3>\n\n\n\n<p class=\"sec-header\"><a href=\"https:\/\/kissinparis.com\/fr\/photos-couple-tour-eiffel\/\">Quand la Tour Eiffel devient incontournable<\/a><\/p>\n<\/div><\/div>\n<\/div>\n\n\n\n<div class=\"wp-block-column is-layout-flow wp-block-column-is-layout-flow\">\n<figure class=\"wp-block-image size-full\"><a href=\"https:\/\/kissinparis.com\/fr\/poses-photo-couple\/\" aria-label=\"En savoir plus sur Comment poser en couple pour des photos de fian\u00e7ailles \u00e9blouissantes \u00e0 Paris\"><img loading=\"lazy\" decoding=\"async\" width=\"300\" height=\"400\" src=\"https:\/\/kissinparis.com\/wp-content\/uploads\/2023\/03\/How-to-pose-as-a-couple-for-dazzling-Paris-Engagement-photos.jpg\" alt=\"Comment poser en couple pour des photos de fian\u00e7ailles \u00e9blouissantes \u00e0 Paris\" class=\"wp-image-1032\" srcset=\"https:\/\/kissinparis.com\/wp-content\/uploads\/2023\/03\/How-to-pose-as-a-couple-for-dazzling-Paris-Engagement-photos.jpg 300w, https:\/\/kissinparis.com\/wp-content\/uploads\/2023\/03\/How-to-pose-as-a-couple-for-dazzling-Paris-Engagement-photos-225x300.jpg 225w\" sizes=\"auto, (max-width: 300px) 100vw, 300px\" \/><\/a><\/figure>\n\n\n\n<div class=\"wp-block-group mt-0 mb-0 content\"><div class=\"wp-block-group__inner-container is-layout-constrained wp-block-group-is-layout-constrained\">\n<h3 class=\"wp-block-heading\"><a href=\"https:\/\/kissinparis.com\/fr\/poses-photo-couple\/\">Comment poser en couple<\/a><\/h3>\n\n\n\n<p class=\"sec-header\"><a href=\"https:\/\/kissinparis.com\/fr\/poses-photo-couple\/\">Des poses saisissantes pour votre s\u00e9ance photo \u00e0 Paris<\/a><\/p>\n<\/div><\/div>\n<\/div>\n<\/div>\n<\/div><\/div>","protected":false},"excerpt":{"rendered":"<p>How to Master the Champagne Pop and Get Epic Photos How to do a Champagne pop like a Rockstar (while getting mind-blowing photos). The Champagne Pop:&nbsp;Toasting with a properly chilled, bubbly Champagne is always a good idea. Chances are, your couple&#8217;s photoshoot marks a joyous occasion &#8230; and fizzy, light-colored wine has historically been associated [&hellip;]<\/p>\n","protected":false},"author":35,"featured_media":0,"parent":0,"menu_order":0,"comment_status":"closed","ping_status":"closed","template":"","meta":{"_acf_changed":false,"ub_ctt_via":"","footnotes":""},"class_list":["post-5473","page","type-page","status-publish","hentry"],"acf":[],"featured_image_src":null,"_links":{"self":[{"href":"https:\/\/kissinparis.com\/fr\/wp-json\/wp\/v2\/pages\/5473","targetHints":{"allow":["GET"]}}],"collection":[{"href":"https:\/\/kissinparis.com\/fr\/wp-json\/wp\/v2\/pages"}],"about":[{"href":"https:\/\/kissinparis.com\/fr\/wp-json\/wp\/v2\/types\/page"}],"author":[{"embeddable":true,"href":"https:\/\/kissinparis.com\/fr\/wp-json\/wp\/v2\/users\/35"}],"replies":[{"embeddable":true,"href":"https:\/\/kissinparis.com\/fr\/wp-json\/wp\/v2\/comments?post=5473"}],"version-history":[{"count":3,"href":"https:\/\/kissinparis.com\/fr\/wp-json\/wp\/v2\/pages\/5473\/revisions"}],"predecessor-version":[{"id":22896,"href":"https:\/\/kissinparis.com\/fr\/wp-json\/wp\/v2\/pages\/5473\/revisions\/22896"}],"wp:attachment":[{"href":"https:\/\/kissinparis.com\/fr\/wp-json\/wp\/v2\/media?parent=5473"}],"curies":[{"name":"wp","href":"https:\/\/api.w.org\/{rel}","templated":true}]}}