{"id":5479,"date":"2023-03-10T16:54:36","date_gmt":"2023-03-10T16:54:36","guid":{"rendered":"https:\/\/kissinparis.com\/?page_id=5479"},"modified":"2025-05-29T10:39:47","modified_gmt":"2025-05-29T10:39:47","slug":"conseils","status":"publish","type":"page","link":"https:\/\/kissinparis.com\/fr\/paris-proposal\/tips\/","title":{"rendered":"6 conseils pour une demande en mariage \u00e0 Paris\u00a0: le guide du vrai gentleman pour r\u00e9ussir"},"content":{"rendered":"<div class=\"wp-block-group alignfull sec heror-section mt-0 mb-0 has-scroll-down has-background-color has-primary-background-color has-text-color has-background has-link-color wp-elements-e32fd57050ed15a68c56c011dc3cfea6\"><div class=\"wp-block-group__inner-container is-layout-constrained wp-block-group-is-layout-constrained\">\n<h1 class=\"wp-block-heading alignwide has-text-align-left full has-background-color has-text-color has-link-color wp-elements-43d9e5ea0db72db56f38e4db60c83311\">6 conseils pour une demande en mariage \u00e0 Paris : Par le gentleman pour le gentleman<\/h1>\n<\/div><\/div>\n\n\n\n<div class=\"wp-block-cover alignfull is-light mt-0 mb-0 banner banner-resources\"><img loading=\"lazy\" decoding=\"async\" width=\"1500\" height=\"1000\" class=\"wp-block-cover__image-background wp-image-5485\" alt=\"Conseils \u00e9prouv\u00e9s pour une demande en mariage \u00e0 Paris, par un gentleman pour un gentleman\" src=\"https:\/\/kissinparis.com\/wp-content\/uploads\/2023\/03\/Proven-Paris-proposal-tips-for-the-gentleman-by-the-gentleman.jpg\" data-object-fit=\"cover\" srcset=\"https:\/\/kissinparis.com\/wp-content\/uploads\/2023\/03\/Proven-Paris-proposal-tips-for-the-gentleman-by-the-gentleman.jpg 1500w, https:\/\/kissinparis.com\/wp-content\/uploads\/2023\/03\/Proven-Paris-proposal-tips-for-the-gentleman-by-the-gentleman-300x200.jpg 300w, https:\/\/kissinparis.com\/wp-content\/uploads\/2023\/03\/Proven-Paris-proposal-tips-for-the-gentleman-by-the-gentleman-1024x683.jpg 1024w, https:\/\/kissinparis.com\/wp-content\/uploads\/2023\/03\/Proven-Paris-proposal-tips-for-the-gentleman-by-the-gentleman-768x512.jpg 768w, https:\/\/kissinparis.com\/wp-content\/uploads\/2023\/03\/Proven-Paris-proposal-tips-for-the-gentleman-by-the-gentleman-1200x800.jpg 1200w\" sizes=\"auto, (max-width: 1500px) 100vw, 1500px\" \/><span aria-hidden=\"true\" class=\"wp-block-cover__background has-primary-background-color has-background-dim-0 has-background-dim\"><\/span><div class=\"wp-block-cover__inner-container is-layout-flow wp-block-cover-is-layout-flow\">\n<div class=\"banner-video\">\n<img decoding=\"async\" src=\"https:\/\/kissinparis.com\/wp-content\/uploads\/2023\/02\/placeholder_16x9.png\" alt=\"Zone du h\u00e9ros\">\n<\/div>\n<\/div><\/div>\n\n\n\n<div class=\"wp-block-group alignfull mt-0 mb-0 sec sec-content has-white-background-color has-background\" id=\"sec-0\"><div class=\"wp-block-group__inner-container is-layout-constrained wp-block-group-is-layout-constrained\">\n<p><em>Cet article est \u00e9crit par Brett Krynak, un jeune mari\u00e9 qui a organis\u00e9 sa demande en mariage \u00e0 Paris avec Kiss Me in Paris. Voici son exp\u00e9rience et les le\u00e7ons qu&#039;il en a tir\u00e9es.<\/em><\/p>\n\n\n\n<p>Organiser une demande en mariage \u00e0 Paris implique de trouver le juste \u00e9quilibre entre secret, timing et une pointe d&#039;audace. Je suis Brett, un jeune mari\u00e9 qui a pos\u00e9 la question en quatre mots au lever du soleil au Trocad\u00e9ro. J&#039;esp\u00e8re que ces six le\u00e7ons vous aideront \u00e0 cr\u00e9er une exp\u00e9rience m\u00e9morable et sereine.<\/p>\n\n\n\n<h2 class=\"wp-block-heading\">Les plus belles vues de la Tour Eiffel pour votre demande en mariage \u00e0 Paris<\/h2>\n\n\n\n<p>J&#039;ai choisi <a href=\"https:\/\/kissinparis.com\/fr\/trocadero-tour-eiffel\/\">Trocad\u00e9ro<\/a> Car rien n&#039;\u00e9gale la perspective majestueuse et grandiose de la tour Eiffel. Dans le silence qui pr\u00e9c\u00e8de l&#039;aube, la dentelle de fer semble scintiller. Si la foule vous inqui\u00e8te, arrivez quelques minutes avant le lever du soleil pour r\u00e9server un emplacement de choix sur le quai et profiter d&#039;une rare combinaison d&#039;intimit\u00e9 relative et de vues spectaculaires.<\/p>\n\n\n\n<p>Pour un cadre plus calme, les Jardins du Trocad\u00e9ro (juste en dessous des plates-formes de la place principale) offrent des espaces verts qui semblent \u00e9tonnamment priv\u00e9s tout en vous donnant cette atmosph\u00e8re incomparable. <a href=\"https:\/\/kissinparis.com\/fr\/trocadero-tour-eiffel\/\">Silhouette de proposition de la Tour Eiffel<\/a>.<\/p>\n\n\n\n<figure class=\"wp-block-image alignwide size-full\"><img loading=\"lazy\" decoding=\"async\" width=\"1600\" height=\"1067\" src=\"https:\/\/kissinparis.com\/wp-content\/uploads\/2023\/03\/Paris-Eiffel-Tower-photoshoot-at-the-Trocadero-Fountains-6.jpg\" alt=\"S\u00e9ance photo de la Tour Eiffel \u00e0 Paris aux fontaines du Trocad\u00e9ro\" class=\"wp-image-2706\" srcset=\"https:\/\/kissinparis.com\/wp-content\/uploads\/2023\/03\/Paris-Eiffel-Tower-photoshoot-at-the-Trocadero-Fountains-6.jpg 1600w, https:\/\/kissinparis.com\/wp-content\/uploads\/2023\/03\/Paris-Eiffel-Tower-photoshoot-at-the-Trocadero-Fountains-6-300x200.jpg 300w, https:\/\/kissinparis.com\/wp-content\/uploads\/2023\/03\/Paris-Eiffel-Tower-photoshoot-at-the-Trocadero-Fountains-6-1024x683.jpg 1024w, https:\/\/kissinparis.com\/wp-content\/uploads\/2023\/03\/Paris-Eiffel-Tower-photoshoot-at-the-Trocadero-Fountains-6-768x512.jpg 768w, https:\/\/kissinparis.com\/wp-content\/uploads\/2023\/03\/Paris-Eiffel-Tower-photoshoot-at-the-Trocadero-Fountains-6-1536x1024.jpg 1536w, https:\/\/kissinparis.com\/wp-content\/uploads\/2023\/03\/Paris-Eiffel-Tower-photoshoot-at-the-Trocadero-Fountains-6-1200x800.jpg 1200w\" sizes=\"auto, (max-width: 1600px) 100vw, 1600px\" \/><figcaption class=\"wp-element-caption\">S\u00e9ance photo de demande en mariage \u00e0 la Tour Eiffel \u00e0 Paris, au Trocad\u00e9ro, au lever du soleil.<\/figcaption><\/figure>\n\n\n\n<h2 class=\"wp-block-heading\">S&#039;assurer \u00e0 l&#039;avance de la b\u00e9n\u00e9diction de sa famille<\/h2>\n\n\n\n<p>Rendre visite \u00e0 ses parents avant de r\u00e9server son billet d&#039;avion est une marque d&#039;attention et une source d&#039;\u00e9motions. J&#039;ai gard\u00e9 la bague (\u00e0 ses parents) dans ma poche, j&#039;ai parl\u00e9 avec mon c\u0153ur, puis j&#039;ai enregistr\u00e9 sur mon t\u00e9l\u00e9phone pour immortaliser leur joie.<\/p>\n\n\n\n<p>Quand St\u00e9phanie m&#039;a demand\u00e9 d&#039;appeler sa famille imm\u00e9diatement apr\u00e8s ma demande en mariage, j&#039;ai diffus\u00e9 cette vid\u00e9o \u00e0 la place. La voir pleurer en apprenant la nouvelle de ses proches a transform\u00e9 ce qui aurait pu \u00eatre une br\u00e8ve formalit\u00e9 en l&#039;un de nos plus pr\u00e9cieux souvenirs.<\/p>\n\n\n\n<figure class=\"wp-block-image alignwide size-full\"><img loading=\"lazy\" decoding=\"async\" width=\"1000\" height=\"667\" src=\"https:\/\/kissinparis.com\/wp-content\/uploads\/2023\/03\/Paris-Eiffel-Tower-proposal-at-Trocadero-7.jpg\" alt=\"Conseils pour une demande en mariage \u00e0 Paris : obtenir la permission de papa\" class=\"wp-image-5492\" srcset=\"https:\/\/kissinparis.com\/wp-content\/uploads\/2023\/03\/Paris-Eiffel-Tower-proposal-at-Trocadero-7.jpg 1000w, https:\/\/kissinparis.com\/wp-content\/uploads\/2023\/03\/Paris-Eiffel-Tower-proposal-at-Trocadero-7-300x200.jpg 300w, https:\/\/kissinparis.com\/wp-content\/uploads\/2023\/03\/Paris-Eiffel-Tower-proposal-at-Trocadero-7-768x512.jpg 768w\" sizes=\"auto, (max-width: 1000px) 100vw, 1000px\" \/><figcaption class=\"wp-element-caption\">Conseils pour une demande en mariage \u00e0 Paris\u00a0: obtenir la permission de papa<\/figcaption><\/figure>\n\n\n\n<h2 class=\"wp-block-heading\">Astuces discr\u00e8tes pour le transport d&#039;anneaux<\/h2>\n\n\n\n<p>Cacher sa bague de fian\u00e7ailles en diamant lors d&#039;un long voyage est plus facile \u00e0 dire qu&#039;\u00e0 faire. Mon arme secr\u00e8te \u00e9tait un anti-peluche anti-peluche achet\u00e9 sur Amazon. Il fonctionne comme un anti-peluche ordinaire, mais il y a de la place \u00e0 l&#039;int\u00e9rieur pour un \u00e9crin. J&#039;ai laiss\u00e9 le rouleau bien en vue \u00e0 la maison pendant des semaines, donc St\u00e9phanie n&#039;a jamais pos\u00e9 de questions lorsqu&#039;il a finalement fait son apparition dans mes bagages et notre suite d&#039;h\u00f4tel commune.<\/p>\n\n\n\n<p>Si les rouleaux anti-peluches ne sont pas votre truc, les bouteilles de toilette \u00e9vid\u00e9es ou les trousses de maquillage \u00e0 double fond servent le m\u00eame objectif : tout ce qu&#039;elle a l&#039;habitude de voir passera sous son radar.<\/p>\n\n\n\n<h2 class=\"wp-block-heading\">Guide du gentleman pour r\u00e9v\u00e9ler le bling-bling<\/h2>\n\n\n\n<p>Le moment de la r\u00e9v\u00e9lation devait \u00eatre extraordinaire. Je me suis exerc\u00e9 \u00e0 ouvrir la bo\u00eete des dizaines de fois, puis j&#039;ai ajout\u00e9 deux petites \u00e9raflures sur un coin pour en identifier l&#039;orientation au toucher. Le jour venu, mes mains se d\u00e9pla\u00e7aient avec assurance, et je me concentrais sur mes mots, sur un contact visuel naturel, et non sur mes t\u00e2tonnements avec la bo\u00eete.<\/p>\n\n\n\n<p>Un essai rapide \u00e0 la maison, sans public, est une bonne id\u00e9e.<\/p>\n\n\n\n<h2 class=\"wp-block-heading\">Conseils pour la photographie de fian\u00e7ailles \u00e0 Paris<\/h2>\n\n\n\n<p>Votre demande en mariage doit \u00eatre immortalis\u00e9e par des photos dignes d&#039;un film, encore plus belles que la r\u00e9alit\u00e9. J&#039;ai r\u00e9serv\u00e9 un forfait de deux jours et sept heures avec Kiss Me in Paris\u00a0: le premier jour a commenc\u00e9 par une <a href=\"https:\/\/kissinparis.com\/fr\/demande-en-mariage-paris\/seance-photo-surprise\/\">Demande en mariage \u00e0 Paris d\u00e9guis\u00e9e en s\u00e9ance photo<\/a> au lever du soleil au Trocad\u00e9ro, puis une soir\u00e9e d\u00e9tente autour des monuments embl\u00e9matiques de la ville et des endroits romantiques cach\u00e9s.<\/p>\n\n\n\n<p>Notre s\u00e9ance photo du lendemain a d\u00e9pass\u00e9 toutes mes attentes\u00a0: nous avons opt\u00e9 pour le forfait photo 2+2, qui combine le meilleur du lever du soleil avec l&#039;heure dor\u00e9e et bleue de la nuit. St\u00e9phanie a eu le temps d&#039;assimiler ses fian\u00e7ailles et de s&#039;habiller pour l&#039;occasion (c&#039;est elle qui a choisi nos emplacements), et nos portraits du soir, devant la tour illumin\u00e9e, sont devenus parmi nos pr\u00e9f\u00e9r\u00e9s.<\/p>\n\n\n\n<p>Si vous pouvez int\u00e9grer une telle aventure photo dans le budget de votre proposition, n&#039;h\u00e9sitez pas, vous en aurez probablement besoin <a href=\"https:\/\/kissinparis.com\/fr\/photos-fiancailles-paris\/\">photos de fian\u00e7ailles<\/a> avant votre mariage en tout cas, et vous pourriez aussi bien les obtenir dans cette ville photog\u00e9nique pendant que vous \u00eates tous les deux radieux et sur un petit nuage.<\/p>\n\n\n\n<h2 class=\"wp-block-heading\">Embaucher un photographe pour une demande en mariage surprise<\/h2>\n\n\n\n<p>Tous les photographes ne sont pas faits pour des demandes en mariage en direct. Je les ai contact\u00e9s avec sinc\u00e9rit\u00e9 \u2013 sans poser de questions g\u00e9n\u00e9rales \u2013 et j&#039;ai clairement indiqu\u00e9 que la ma\u00eetrise de l&#039;anglais et la discr\u00e9tion \u00e9taient essentielles. Le professionnel id\u00e9al a pos\u00e9 des questions, sugg\u00e9r\u00e9 des points de vue moins fr\u00e9quent\u00e9s et trait\u00e9 mes fian\u00e7ailles comme l&#039;\u00e9v\u00e9nement unique qu&#039;il \u00e9tait.<\/p>\n\n\n\n<p>Lors des entretiens avec des candidats potentiels <a href=\"https:\/\/kissinparis.com\/fr\/demande-en-mariage-paris\/photographe\/\">studios de photographie de propositions \u00e0 Paris<\/a>, recherchez une v\u00e9ritable curiosit\u00e9, des id\u00e9es personnalis\u00e9es et une volont\u00e9 d\u2019aider.<\/p>\n\n\n\n<p><em>Suivez cette s\u00e9quence : o\u00f9 aller, quelle b\u00e9n\u00e9diction obtenir, comment transporter et pr\u00e9senter la bague, puis comment capturer le tout, et vous cr\u00e9erez une exp\u00e9rience sinc\u00e8re et sans stress aussi grandiose que la Ville Lumi\u00e8re elle-m\u00eame.<\/em><\/p>\n<\/div><\/div>\n\n\n\n<div class=\"wp-block-group alignfull sec mt-0 mb-0 hide-caption has-subtle-background-background-color has-background\"><div class=\"wp-block-group__inner-container is-layout-constrained wp-block-group-is-layout-constrained\">\n<h2 class=\"wp-block-heading title-v2\">Vous pourriez \u00e9galement appr\u00e9cier\u00a0: Plus d&#039;inspiration pour une demande en mariage \u00e0 Paris<\/h2>\n\n\n\n<div class=\"wp-block-columns boxes plans is-layout-flex wp-container-core-columns-is-layout-9d6595d7 wp-block-columns-is-layout-flex\">\n<div class=\"wp-block-column is-layout-flow wp-block-column-is-layout-flow\">\n<figure class=\"wp-block-image size-full\"><a href=\"https:\/\/kissinparis.com\/fr\/demande-en-mariage-paris\/idees-paris\/\" aria-label=\"En savoir plus sur les id\u00e9es et conseils de demande en mariage \u00e0 Paris\"><img loading=\"lazy\" decoding=\"async\" width=\"400\" height=\"500\" src=\"https:\/\/kissinparis.com\/wp-content\/uploads\/2023\/03\/Paris-proposal-tips-1.jpg\" alt=\"Id\u00e9es et conseils pour une demande en mariage \u00e0 Paris\" class=\"wp-image-5486\" srcset=\"https:\/\/kissinparis.com\/wp-content\/uploads\/2023\/03\/Paris-proposal-tips-1.jpg 400w, https:\/\/kissinparis.com\/wp-content\/uploads\/2023\/03\/Paris-proposal-tips-1-240x300.jpg 240w\" sizes=\"auto, (max-width: 400px) 100vw, 400px\" \/><\/a><figcaption class=\"wp-element-caption\">Id\u00e9es et conseils pour une demande en mariage \u00e0 Paris<\/figcaption><\/figure>\n\n\n\n<div class=\"wp-block-group mt-0 mb-0 content\"><div class=\"wp-block-group__inner-container is-layout-constrained wp-block-group-is-layout-constrained\">\n<h3 class=\"wp-block-heading\" style=\"text-transform:capitalize\"><a href=\"https:\/\/kissinparis.com\/fr\/demande-en-mariage-paris\/idees-paris\/\">Comment faire une demande en mariage \u00e0 Paris<\/a><\/h3>\n\n\n\n<p class=\"sec-header\"><a href=\"https:\/\/kissinparis.com\/fr\/demande-en-mariage-paris\/idees-paris\/\">Le guide d\u00e9finitif<\/a><\/p>\n<\/div><\/div>\n<\/div>\n\n\n\n<div class=\"wp-block-column is-layout-flow wp-block-column-is-layout-flow\">\n<figure class=\"wp-block-image size-full\"><a href=\"https:\/\/kissinparis.com\/fr\/demande-en-mariage-paris\/forfaits\/\" aria-label=\"En savoir plus sur le meilleur photographe de demande en mariage \u00e0 Paris\"><img loading=\"lazy\" decoding=\"async\" width=\"400\" height=\"500\" src=\"https:\/\/kissinparis.com\/wp-content\/uploads\/2023\/03\/Paris-proposal-photographer-1.jpg\" alt=\"Meilleur photographe de demande en mariage \u00e0 Paris\" class=\"wp-image-5487\" srcset=\"https:\/\/kissinparis.com\/wp-content\/uploads\/2023\/03\/Paris-proposal-photographer-1.jpg 400w, https:\/\/kissinparis.com\/wp-content\/uploads\/2023\/03\/Paris-proposal-photographer-1-240x300.jpg 240w\" sizes=\"auto, (max-width: 400px) 100vw, 400px\" \/><\/a><figcaption class=\"wp-element-caption\">Faire sa demande en mariage \u00e0 Paris : pourquoi Paris, les plus beaux endroits, quel genou, que dire, et plein d'id\u00e9es de demandes en mariage romantiques \u00e0 Paris.<\/figcaption><\/figure>\n\n\n\n<div class=\"wp-block-group mt-0 mb-0 content\"><div class=\"wp-block-group__inner-container is-layout-constrained wp-block-group-is-layout-constrained\">\n<h3 class=\"wp-block-heading\" style=\"text-transform:capitalize\"><a href=\"https:\/\/kissinparis.com\/fr\/demande-en-mariage-paris\/forfaits\/\">Propositions de Paris<\/a><\/h3>\n\n\n\n<p class=\"sec-header\"><a href=\"https:\/\/kissinparis.com\/fr\/demande-en-mariage-paris\/forfaits\/\">Inspirez-vous d&#039;id\u00e9es de propositions \u00e9prouv\u00e9es<\/a><\/p>\n<\/div><\/div>\n<\/div>\n\n\n\n<div class=\"wp-block-column is-layout-flow wp-block-column-is-layout-flow\">\n<figure class=\"wp-block-image size-full\"><a href=\"https:\/\/kissinparis.com\/fr\/meilleurs-lieux-photo-paris\/\" aria-label=\"En savoir plus sur le Shangri-La Paris, l&#039;un des endroits les plus romantiques pour une demande en mariage \u00e0 Paris. Demande en mariage sur un toit-terrasse avec vue sur la Tour Eiffel.\"><img loading=\"lazy\" decoding=\"async\" width=\"400\" height=\"500\" src=\"https:\/\/kissinparis.com\/wp-content\/uploads\/2023\/03\/Best-places-to-propose-in-Paris.jpg\" alt=\"Le Shangri La Paris est l&#039;un des endroits les plus romantiques pour faire une demande en mariage \u00e0 Paris. Demande en mariage sur le toit de Paris avec vue sur la Tour Eiffel\" class=\"wp-image-5488\" srcset=\"https:\/\/kissinparis.com\/wp-content\/uploads\/2023\/03\/Best-places-to-propose-in-Paris.jpg 400w, https:\/\/kissinparis.com\/wp-content\/uploads\/2023\/03\/Best-places-to-propose-in-Paris-240x300.jpg 240w\" sizes=\"auto, (max-width: 400px) 100vw, 400px\" \/><\/a><figcaption class=\"wp-element-caption\">Le Shangri-La Paris est l&#039;un des endroits les plus romantiques pour faire sa demande en mariage \u00e0 Paris. Demande en mariage sur un toit avec vue sur la tour Eiffel.<\/figcaption><\/figure>\n\n\n\n<div class=\"wp-block-group mt-0 mb-0 content\"><div class=\"wp-block-group__inner-container is-layout-constrained wp-block-group-is-layout-constrained\">\n<h3 class=\"wp-block-heading\" style=\"text-transform:capitalize\"><a href=\"https:\/\/kissinparis.com\/fr\/meilleurs-lieux-photo-paris\/\">O\u00f9 faire sa demande en mariage \u00e0 Paris<\/a><\/h3>\n\n\n\n<p class=\"sec-header\"><a href=\"https:\/\/kissinparis.com\/fr\/meilleurs-lieux-photo-paris\/\">Jetez un oeil \u00e0 nos spots pr\u00e9f\u00e9r\u00e9s<\/a><\/p>\n<\/div><\/div>\n<\/div>\n\n\n\n<div class=\"wp-block-column is-layout-flow wp-block-column-is-layout-flow\">\n<figure class=\"wp-block-image size-full\"><a href=\"https:\/\/kissinparis.com\/fr\/demande-en-mariage-paris\/\" aria-label=\"En savoir plus sur Embaucher un planificateur parisien pour ma proposition\"><img loading=\"lazy\" decoding=\"async\" width=\"400\" height=\"500\" src=\"https:\/\/kissinparis.com\/wp-content\/uploads\/2023\/03\/Hire-a-Paris-planner-for-my-proposal.jpg\" alt=\"Engagez un planificateur parisien pour ma demande en mariage\" class=\"wp-image-5489\" srcset=\"https:\/\/kissinparis.com\/wp-content\/uploads\/2023\/03\/Hire-a-Paris-planner-for-my-proposal.jpg 400w, https:\/\/kissinparis.com\/wp-content\/uploads\/2023\/03\/Hire-a-Paris-planner-for-my-proposal-240x300.jpg 240w\" sizes=\"auto, (max-width: 400px) 100vw, 400px\" \/><\/a><figcaption class=\"wp-element-caption\">Demande en mariage au Ch\u00e2teau de Villette en France<\/figcaption><\/figure>\n\n\n\n<div class=\"wp-block-group mt-0 mb-0 content\"><div class=\"wp-block-group__inner-container is-layout-constrained wp-block-group-is-layout-constrained\">\n<h3 class=\"wp-block-heading\" style=\"text-transform:capitalize\"><a href=\"https:\/\/kissinparis.com\/fr\/demande-en-mariage-paris\/\">Coupez \u00e0 travers le bruit<\/a><\/h3>\n\n\n\n<p class=\"sec-header\"><a href=\"https:\/\/kissinparis.com\/fr\/demande-en-mariage-paris\/\">Consultez notre expert en planification de propositions<\/a><\/p>\n<\/div><\/div>\n<\/div>\n<\/div>\n<\/div><\/div>","protected":false},"excerpt":{"rendered":"<p>6 Paris Proposal Tips: By the Gentleman for the Gentleman This article is written by Brett Krynak, a recent groom who planned his Paris proposal with Kiss Me in Paris. These are his real experiences and lessons learned. Planning a proposal in Paris means balancing secrecy, timing, and a dash of bravado. I&#8217;m Brett\u2014a recent [&hellip;]<\/p>\n","protected":false},"author":35,"featured_media":5485,"parent":293,"menu_order":0,"comment_status":"closed","ping_status":"closed","template":"","meta":{"_acf_changed":false,"ub_ctt_via":"","footnotes":""},"class_list":["post-5479","page","type-page","status-publish","has-post-thumbnail","hentry"],"acf":[],"featured_image_src":"https:\/\/kissinparis.com\/wp-content\/uploads\/2023\/03\/Proven-Paris-proposal-tips-for-the-gentleman-by-the-gentleman.jpg","_links":{"self":[{"href":"https:\/\/kissinparis.com\/fr\/wp-json\/wp\/v2\/pages\/5479","targetHints":{"allow":["GET"]}}],"collection":[{"href":"https:\/\/kissinparis.com\/fr\/wp-json\/wp\/v2\/pages"}],"about":[{"href":"https:\/\/kissinparis.com\/fr\/wp-json\/wp\/v2\/types\/page"}],"author":[{"embeddable":true,"href":"https:\/\/kissinparis.com\/fr\/wp-json\/wp\/v2\/users\/35"}],"replies":[{"embeddable":true,"href":"https:\/\/kissinparis.com\/fr\/wp-json\/wp\/v2\/comments?post=5479"}],"version-history":[{"count":13,"href":"https:\/\/kissinparis.com\/fr\/wp-json\/wp\/v2\/pages\/5479\/revisions"}],"predecessor-version":[{"id":23007,"href":"https:\/\/kissinparis.com\/fr\/wp-json\/wp\/v2\/pages\/5479\/revisions\/23007"}],"up":[{"embeddable":true,"href":"https:\/\/kissinparis.com\/fr\/wp-json\/wp\/v2\/pages\/293"}],"wp:featuredmedia":[{"embeddable":true,"href":"https:\/\/kissinparis.com\/fr\/wp-json\/wp\/v2\/media\/5485"}],"wp:attachment":[{"href":"https:\/\/kissinparis.com\/fr\/wp-json\/wp\/v2\/media?parent=5479"}],"curies":[{"name":"wp","href":"https:\/\/api.w.org\/{rel}","templated":true}]}}