{"id":575,"date":"2023-02-28T12:44:01","date_gmt":"2023-02-28T12:44:01","guid":{"rendered":"https:\/\/kissinparis.com\/?page_id=575"},"modified":"2025-10-16T14:04:32","modified_gmt":"2025-10-16T14:04:32","slug":"avis","status":"publish","type":"page","link":"https:\/\/kissinparis.com\/fr\/reviews\/","title":{"rendered":"Avis sur Kiss Me in Paris\u00a0: Demandes en mariage et mariages"},"content":{"rendered":"<div class=\"wp-block-group alignfull sec heror-section mt-0 mb-0 has-scroll-down has-background-color has-primary-background-color has-text-color has-background has-link-color wp-elements-2c68d617794ba8ca98d2667bf937eb8f\"><div class=\"wp-block-group__inner-container is-layout-constrained wp-block-group-is-layout-constrained\">\n<h1 class=\"wp-block-heading alignwide has-text-align-left full has-background-color has-text-color has-link-color wp-elements-a75d45309813e829768381874f750ada\">Nos clients nous aiment<\/h1>\n<\/div><\/div>\n\n\n\n<div class=\"wp-block-cover alignfull mt-0 mb-0 banner banner-md\"><img loading=\"lazy\" decoding=\"async\" width=\"1600\" height=\"1067\" class=\"wp-block-cover__image-background wp-image-17277\" alt=\"Demande en mariage surprise \u00e0 Paris sur la terrasse de l&#039;h\u00f4tel Shangri-La : le couple est entour\u00e9 de fleurs rouges et de bougies au lever du soleil, les fontaines de feu d&#039;artifice illuminant leurs fian\u00e7ailles \u00e0 la Tour Eiffel.\" src=\"https:\/\/kissinparis.com\/wp-content\/uploads\/2025\/03\/paris-proposal-shangri-la-eiffel-tower-sunrise.avif\" style=\"object-position:49% 61%\" data-object-fit=\"cover\" data-object-position=\"49% 61%\" srcset=\"https:\/\/kissinparis.com\/wp-content\/uploads\/2025\/03\/paris-proposal-shangri-la-eiffel-tower-sunrise.avif 1600w, https:\/\/kissinparis.com\/wp-content\/uploads\/2025\/03\/paris-proposal-shangri-la-eiffel-tower-sunrise-300x200.avif 300w, https:\/\/kissinparis.com\/wp-content\/uploads\/2025\/03\/paris-proposal-shangri-la-eiffel-tower-sunrise-1024x683.avif 1024w, https:\/\/kissinparis.com\/wp-content\/uploads\/2025\/03\/paris-proposal-shangri-la-eiffel-tower-sunrise-768x512.avif 768w, https:\/\/kissinparis.com\/wp-content\/uploads\/2025\/03\/paris-proposal-shangri-la-eiffel-tower-sunrise-1536x1024.avif 1536w, https:\/\/kissinparis.com\/wp-content\/uploads\/2025\/03\/paris-proposal-shangri-la-eiffel-tower-sunrise-1200x800.avif 1200w\" sizes=\"auto, (max-width: 1600px) 100vw, 1600px\" \/><span aria-hidden=\"true\" class=\"wp-block-cover__background has-primary-background-color has-background-dim-0 has-background-dim\"><\/span><div class=\"wp-block-cover__inner-container is-layout-flow wp-block-cover-is-layout-flow\">\n<p class=\"has-text-align-center has-large-font-size\"><\/p>\n\n\n\n<div class=\"banner-video\">\n<img decoding=\"async\" src=\"https:\/\/kissinparis.com\/wp-content\/uploads\/2023\/02\/placeholder_16x9.png\" alt=\"Zone du h\u00e9ros\">\n<\/div>\n<\/div><\/div>\n\n\n\n<div class=\"wp-block-group alignfull mt-0 mb-0 sec sec-testimonial\"><div class=\"wp-block-group__inner-container is-layout-constrained wp-block-group-is-layout-constrained\">\n<div class=\"wp-block-group alignfull mt-0 mb-0 pt-0 sec review-group review-group-1 active\"><div class=\"wp-block-group__inner-container is-layout-constrained wp-block-group-is-layout-constrained\">\n<div class=\"wp-block-media-text alignwide is-stacked-on-mobile is-vertically-aligned-center team\" style=\"grid-template-columns:40% auto\"><figure class=\"wp-block-media-text__media\"><img loading=\"lazy\" decoding=\"async\" width=\"714\" height=\"1000\" src=\"https:\/\/kissinparis.com\/wp-content\/uploads\/2023\/03\/Best-NYC-Proposal-Planner-Chantelle.jpg\" alt=\"Forfait mariage fugue \u00e0 Paris\" class=\"wp-image-4391 size-full\" srcset=\"https:\/\/kissinparis.com\/wp-content\/uploads\/2023\/03\/Best-NYC-Proposal-Planner-Chantelle.jpg 714w, https:\/\/kissinparis.com\/wp-content\/uploads\/2023\/03\/Best-NYC-Proposal-Planner-Chantelle-214x300.jpg 214w\" sizes=\"auto, (max-width: 714px) 100vw, 714px\" \/><\/figure><div class=\"wp-block-media-text__content\">\n<blockquote class=\"wp-block-quote is-layout-flow wp-block-quote-is-layout-flow\">\n<h2 class=\"wp-block-heading\">Embrassez-moi \u00e0 Paris<\/h2>\n\n\n\n<p> est sans conteste l&#039;agence la plus fiable et la plus comp\u00e9tente. Cette ann\u00e9e, j&#039;ai d\u00e9cid\u00e9 de demander ma petite amie en mariage. J&#039;avais planifi\u00e9 les moindres d\u00e9tails, mais deux jours avant nos fian\u00e7ailles, l&#039;agence que j&#039;avais initialement choisie m&#039;a appel\u00e9 pour me dire qu&#039;elle ne pouvait pas venir. Imaginez ce que j&#039;ai ressenti apr\u00e8s avoir investi tant de temps dans la planification, lou\u00e9 une voiture pour amener des amis d&#039;Amsterdam et m&#039;\u00eatre pr\u00e9par\u00e9 \u00e0 une aventure qui allait changer ma vie. Et puis, il y a eu\u2026 <a href=\"https:\/\/kissinparis.com\/fr\/organisateur-mariage-paris\/\">Chantelle, mon ange gardien<\/a>! Eh bien, je ne le savais pas avant, mais je l&#039;ai su apr\u00e8s avoir travaill\u00e9 avec elle. Totalement stress\u00e9e, j&#039;ai contact\u00e9 Chantelle. Pourrait-elle tout organiser en moins de 48 heures\u00a0? Mais laissez-moi vous dire que son accueil chaleureux et ses appels t\u00e9l\u00e9phoniques attentionn\u00e9s m&#039;ont redonn\u00e9 espoir. Et nous y sommes parvenus\u00a0! Chantelle a tout organis\u00e9\u00a0: elle a eu des id\u00e9es brillantes, a con\u00e7u une demande en mariage encore plus belle et a tout mis en \u0153uvre pour moi. Je jure que je n&#039;aurais pas pu r\u00eaver meilleure compagne que Chantelle.<\/p>\n<cite>Malek Jubrail<\/cite><\/blockquote>\n<\/div><\/div>\n\n\n\n<hr class=\"wp-block-separator has-alpha-channel-opacity\"\/>\n\n\n\n<div class=\"wp-block-media-text alignwide is-stacked-on-mobile is-vertically-aligned-center team\" style=\"grid-template-columns:40% auto\"><figure class=\"wp-block-media-text__media\"><img loading=\"lazy\" decoding=\"async\" width=\"533\" height=\"800\" src=\"https:\/\/kissinparis.com\/wp-content\/uploads\/2023\/03\/Kiss-me-in-Paris-photographer-and-videographer-Vincent.jpg\" alt=\"Embrasse-moi \u00e0 Paris vid\u00e9aste Vincent\" class=\"wp-image-6341 size-full\" srcset=\"https:\/\/kissinparis.com\/wp-content\/uploads\/2023\/03\/Kiss-me-in-Paris-photographer-and-videographer-Vincent.jpg 533w, https:\/\/kissinparis.com\/wp-content\/uploads\/2023\/03\/Kiss-me-in-Paris-photographer-and-videographer-Vincent-200x300.jpg 200w\" sizes=\"auto, (max-width: 533px) 100vw, 533px\" \/><\/figure><div class=\"wp-block-media-text__content\">\n<blockquote class=\"wp-block-quote is-layout-flow wp-block-quote-is-layout-flow\">\n<p><a href=\"https:\/\/kissinparis.com\/fr\/equipe-creative\/vincent\/\">Vincent<\/a> Nos attentes ont \u00e9t\u00e9 d\u00e9pass\u00e9es. Pour deux personnes qui n&#039;\u00e9taient jamais all\u00e9es \u00e0 Paris, Vincent a veill\u00e9 \u00e0 ce que nous d\u00e9couvrions les meilleurs endroits et monuments pour nos photos de fian\u00e7ailles. Nous nous sommes sentis extr\u00eamement \u00e0 l&#039;aise et en s\u00e9curit\u00e9 pendant notre s\u00e9ance photo. Nous nous sommes beaucoup amus\u00e9s et nous renouvellerons l&#039;exp\u00e9rience \u00e0 notre retour \u00e0 Paris. Nous recommandons vivement Kiss Me in Paris, et plus particuli\u00e8rement Vincent\u00a0! La communication avant notre arriv\u00e9e a \u00e9t\u00e9 excellente. L&#039;agence est exceptionnellement bien inform\u00e9e sur la logistique, les costumes, la m\u00e9t\u00e9o et les lieux de prise de vue. Nous ne remercierons jamais assez Kiss Me in Paris et Vincent\u00a0!<\/p>\n<cite>Jamie Parker<\/cite><\/blockquote>\n<\/div><\/div>\n\n\n\n<hr class=\"wp-block-separator has-alpha-channel-opacity\"\/>\n\n\n\n<div class=\"wp-block-media-text alignwide is-stacked-on-mobile is-vertically-aligned-center team\" style=\"grid-template-columns:40% auto\"><figure class=\"wp-block-media-text__media\"><img loading=\"lazy\" decoding=\"async\" width=\"534\" height=\"800\" src=\"https:\/\/kissinparis.com\/wp-content\/uploads\/2023\/03\/Best-Paris-Photographer-Cengiz-Ozelsel.jpg\" alt=\"Meilleur photographe parisien Cengiz Ozelsel\" class=\"wp-image-1327 size-full\" srcset=\"https:\/\/kissinparis.com\/wp-content\/uploads\/2023\/03\/Best-Paris-Photographer-Cengiz-Ozelsel.jpg 534w, https:\/\/kissinparis.com\/wp-content\/uploads\/2023\/03\/Best-Paris-Photographer-Cengiz-Ozelsel-200x300.jpg 200w\" sizes=\"auto, (max-width: 534px) 100vw, 534px\" \/><\/figure><div class=\"wp-block-media-text__content\">\n<blockquote class=\"wp-block-quote is-layout-flow wp-block-quote-is-layout-flow\">\n<p>Les mots ne peuvent exprimer \u00e0 quel point c&#039;est formidable <a href=\"https:\/\/kissinparis.com\/fr\/equipe-creative\/cengiz\/\">Cengiz<\/a> et l&#039;\u00e9quipe de Kiss Me in Paris. Ils se sont renseign\u00e9s sur tout\u00a0: o\u00f9 je voulais faire ma demande, la couleur des fleurs, comment ma fianc\u00e9e et moi nous sommes rencontr\u00e9s et comment nous en sommes arriv\u00e9s l\u00e0. Cengiz est magique dans la direction de ses s\u00e9ances photo\u00a0! Si vous r\u00eavez d&#039;une soir\u00e9e de conte de f\u00e9es dont votre fianc\u00e9e et vous vous souviendrez \u00e0 jamais, suivez Cengiz. <a href=\"https:\/\/kissinparis.com\/fr\/demande-en-mariage-paris\/\">Guide de proposition \u00e0 Paris<\/a> Et n&#039;h\u00e9sitez pas \u00e0 faire appel \u00e0 ses services s&#039;il est disponible ! Nous avons pass\u00e9 un moment tellement agr\u00e9able que nous avons recommand\u00e9 Cengiz \u00e0 tous ceux que nous avons crois\u00e9s lors de notre visite \u00e0 v\u00e9lo de Paris le lendemain :-). Merci encore beaucoup\u00a0! Vous \u00eates les meilleurs du m\u00e9tier\u00a0!<\/p>\n<cite>Graydon Wyatt<\/cite><\/blockquote>\n<\/div><\/div>\n\n\n\n<hr class=\"wp-block-separator has-alpha-channel-opacity\"\/>\n\n\n\n<div class=\"wp-block-media-text alignwide is-stacked-on-mobile is-vertically-aligned-center team\" style=\"grid-template-columns:40% auto\"><figure class=\"wp-block-media-text__media\"><img loading=\"lazy\" decoding=\"async\" width=\"533\" height=\"800\" src=\"https:\/\/kissinparis.com\/wp-content\/uploads\/2023\/03\/Paris-Photographer-Scander-Kiss-Me-in-Paris-1.jpg\" alt=\"Photographe parisien Scander Kiss Me \u00e0 Paris\" class=\"wp-image-6337 size-full\" srcset=\"https:\/\/kissinparis.com\/wp-content\/uploads\/2023\/03\/Paris-Photographer-Scander-Kiss-Me-in-Paris-1.jpg 533w, https:\/\/kissinparis.com\/wp-content\/uploads\/2023\/03\/Paris-Photographer-Scander-Kiss-Me-in-Paris-1-200x300.jpg 200w\" sizes=\"auto, (max-width: 533px) 100vw, 533px\" \/><\/figure><div class=\"wp-block-media-text__content\">\n<blockquote class=\"wp-block-quote is-layout-flow wp-block-quote-is-layout-flow\">\n<p>OH MON DIEU! <a href=\"https:\/\/kissinparis.com\/fr\/equipe-creative\/scander\/\">Scander<\/a> C&#039;est un g\u00e9nie artistique ! C&#039;\u00e9tait un vrai plaisir de le photographier avec lui ! Scander d\u00e9borde d&#039;\u00e9nergie ; il est patient, attentionn\u00e9 et tr\u00e8s amusant ! Il a donn\u00e9 des instructions faciles \u00e0 suivre, m\u00eame mon copain, qui n&#039;aime pas prendre de photos d&#039;habitude, s&#039;est senti et a \u00e9t\u00e9 magnifique ! Scander a un \u0153il dou\u00e9, ses clich\u00e9s sont donc uniques. C&#039;est un photographe de haute couture, nous avons donc eu de la chance de l&#039;avoir. La meilleure d\u00e9cision de notre vie !<\/p>\n<cite>Cherise<\/cite><\/blockquote>\n<\/div><\/div>\n<\/div><\/div>\n\n\n\n<div class=\"wp-block-group alignfull mt-0 mb-0 pt-0 sec review-group review-group-2\"><div class=\"wp-block-group__inner-container is-layout-constrained wp-block-group-is-layout-constrained\">\n<hr class=\"wp-block-separator has-alpha-channel-opacity is-style-wide\"\/>\n\n\n\n<div class=\"wp-block-media-text alignwide is-stacked-on-mobile is-vertically-aligned-center team\" style=\"grid-template-columns:40% auto\"><figure class=\"wp-block-media-text__media\"><img loading=\"lazy\" decoding=\"async\" width=\"683\" height=\"1024\" src=\"https:\/\/kissinparis.com\/wp-content\/uploads\/2023\/03\/Brazilian-photographer-in-Paris.jpg\" alt=\"Photographe br\u00e9silienne \u00e0 Paris Juliana\" class=\"wp-image-5163 size-full\" srcset=\"https:\/\/kissinparis.com\/wp-content\/uploads\/2023\/03\/Brazilian-photographer-in-Paris.jpg 683w, https:\/\/kissinparis.com\/wp-content\/uploads\/2023\/03\/Brazilian-photographer-in-Paris-200x300.jpg 200w\" sizes=\"auto, (max-width: 683px) 100vw, 683px\" \/><\/figure><div class=\"wp-block-media-text__content\">\n<blockquote class=\"wp-block-quote is-layout-flow wp-block-quote-is-layout-flow\">\n<p><a href=\"https:\/\/kissinparis.com\/fr\/equipe-creative\/juliana\/\">Juliana<\/a> Elle a tout fait, de l&#039;aide \u00e0 l&#039;organisation \u00e0 la cr\u00e9ation d&#039;une superbe vid\u00e9o de ma demande en mariage. Elle nous a imm\u00e9diatement mis \u00e0 l&#039;aise, ma fianc\u00e9e et moi, et a tout coordonn\u00e9 avec brio. Juliana a film\u00e9 et mont\u00e9 une vid\u00e9o magnifique\u00a0; on dirait qu&#039;elle sort tout droit d&#039;un film\u00a0! Nous avons \u00e9t\u00e9 \u00e9poustoufl\u00e9s par la fa\u00e7on dont elle a captur\u00e9 l&#039;instant. Et le meilleur, c&#039;est que nous revivons ce moment si sp\u00e9cial \u00e0 chaque visionnage de son court-m\u00e9trage. Ma fianc\u00e9e a pleur\u00e9 de bonheur, et nos parents et amis \u00e9taient \u00e9galement aux anges. Merci, Juliana, et \u00e0 toute l&#039;\u00e9quipe de Kiss Me in Paris pour la magnifique cr\u00e9ation et la captation de nos fian\u00e7ailles.<\/p>\n<cite>Andrew James<\/cite><\/blockquote>\n<\/div><\/div>\n\n\n\n<hr class=\"wp-block-separator has-alpha-channel-opacity\"\/>\n\n\n\n<div class=\"wp-block-media-text alignwide is-stacked-on-mobile is-vertically-aligned-center team\" style=\"grid-template-columns:40% auto\"><figure class=\"wp-block-media-text__media\"><img loading=\"lazy\" decoding=\"async\" width=\"533\" height=\"800\" src=\"https:\/\/kissinparis.com\/wp-content\/uploads\/2023\/03\/Kiss-me-in-Paris-photographer-and-videographer-Vincent.jpg\" alt=\"Embrasse-moi \u00e0 Paris vid\u00e9aste Vincent\" class=\"wp-image-6341 size-full\" srcset=\"https:\/\/kissinparis.com\/wp-content\/uploads\/2023\/03\/Kiss-me-in-Paris-photographer-and-videographer-Vincent.jpg 533w, https:\/\/kissinparis.com\/wp-content\/uploads\/2023\/03\/Kiss-me-in-Paris-photographer-and-videographer-Vincent-200x300.jpg 200w\" sizes=\"auto, (max-width: 533px) 100vw, 533px\" \/><\/figure><div class=\"wp-block-media-text__content\">\n<blockquote class=\"wp-block-quote is-layout-flow wp-block-quote-is-layout-flow\">\n<p>Nous avons donc regard\u00e9 notre vid\u00e9o de proposition \u00e0 Paris s\u00e9par\u00e9ment, car Mario termine tard aujourd&#039;hui pour respecter une \u00e9ch\u00e9ance. Nous l&#039;avons regard\u00e9e pendant&nbsp;<em>FaceTime<\/em>, et on est tout simplement sans voix ! Vraiment, sans mots\u00a0! C&#039;est tellement beau\u00a0! J&#039;ai envie de le revoir 10\u00a0000 fois\u00a0! On ne s&#039;ennuie jamais. C&#039;est la perfection pure\u00a0! Je n&#039;arrive pas \u00e0 croire \u00e0 quel point c&#039;est incroyable. Merci beaucoup. <a href=\"https:\/\/kissinparis.com\/fr\/equipe-creative\/vincent\/\">Vincent<\/a>!<\/p>\n<cite>Maria &amp; Mario<\/cite><\/blockquote>\n<\/div><\/div>\n\n\n\n<hr class=\"wp-block-separator has-alpha-channel-opacity\"\/>\n\n\n\n<div class=\"wp-block-media-text alignwide is-stacked-on-mobile is-vertically-aligned-center team\" style=\"grid-template-columns:40% auto\"><figure class=\"wp-block-media-text__media\"><img loading=\"lazy\" decoding=\"async\" width=\"714\" height=\"1000\" src=\"https:\/\/kissinparis.com\/wp-content\/uploads\/2023\/03\/Best-NYC-Proposal-Planner-Chantelle.jpg\" alt=\"Forfait mariage fugue \u00e0 Paris\" class=\"wp-image-4391 size-full\" srcset=\"https:\/\/kissinparis.com\/wp-content\/uploads\/2023\/03\/Best-NYC-Proposal-Planner-Chantelle.jpg 714w, https:\/\/kissinparis.com\/wp-content\/uploads\/2023\/03\/Best-NYC-Proposal-Planner-Chantelle-214x300.jpg 214w\" sizes=\"auto, (max-width: 714px) 100vw, 714px\" \/><\/figure><div class=\"wp-block-media-text__content\">\n<blockquote class=\"wp-block-quote is-layout-flow wp-block-quote-is-layout-flow\">\n<p>Je ne savais pas comment surprendre ma future fianc\u00e9e lors de mon s\u00e9jour \u00e0 Paris. \u00c0 quelques jours de la fin, j&#039;ai d\u00e9couvert Kiss Me in Paris et son agence de voyage. <a href=\"https:\/\/kissinparis.com\/fr\/demande-en-mariage-paris\/organisateur\/\">Chantelle, organisatrice de demandes en mariage \u00e0 Paris<\/a>Oh, WOW, ils ont \u00e9t\u00e9 \u00e0 la hauteur ! Nos fian\u00e7ailles ont \u00e9t\u00e9 magiques, surr\u00e9alistes et encore plus belles que ce que nous imaginions. Maintenant mari\u00e9s, nous nous rem\u00e9morons r\u00e9guli\u00e8rement Paris et l&#039;importance de Chantelle dans la r\u00e9alisation de nos r\u00eaves. Je ne peux que la recommander, elle et son agence.<\/p>\n<cite>Jonathan McNabb<\/cite><\/blockquote>\n<\/div><\/div>\n\n\n\n<hr class=\"wp-block-separator has-alpha-channel-opacity\"\/>\n\n\n\n<div class=\"wp-block-media-text alignwide is-stacked-on-mobile is-vertically-aligned-center team\" style=\"grid-template-columns:40% auto\"><figure class=\"wp-block-media-text__media\"><img loading=\"lazy\" decoding=\"async\" width=\"533\" height=\"800\" src=\"https:\/\/kissinparis.com\/wp-content\/uploads\/2023\/03\/Paris-Photographer-Scander-Kiss-Me-in-Paris-1.jpg\" alt=\"Photographe parisien Scander Kiss Me \u00e0 Paris\" class=\"wp-image-6337 size-full\" srcset=\"https:\/\/kissinparis.com\/wp-content\/uploads\/2023\/03\/Paris-Photographer-Scander-Kiss-Me-in-Paris-1.jpg 533w, https:\/\/kissinparis.com\/wp-content\/uploads\/2023\/03\/Paris-Photographer-Scander-Kiss-Me-in-Paris-1-200x300.jpg 200w\" sizes=\"auto, (max-width: 533px) 100vw, 533px\" \/><\/figure><div class=\"wp-block-media-text__content\">\n<blockquote class=\"wp-block-quote is-layout-flow wp-block-quote-is-layout-flow\">\n<p>Une exp\u00e9rience de s\u00e9ance photo absolument \u00e9poustouflante et inoubliable ! <a href=\"https:\/\/kissinparis.com\/fr\/equipe-creative\/scander\/\">Scander<\/a> Il a captur\u00e9 tout ce que nous aurions pu souhaiter, et m\u00eame plus. Les photos sont \u00e0 tomber ! Il est vraiment passionn\u00e9 par son m\u00e9tier et poss\u00e8de une personnalit\u00e9 chaleureuse et accueillante. Je recommande vivement Scander et je suis ravie que nous ayons pu immortaliser ces moments pr\u00e9cieux \u00e0 Paris.<\/p>\n<cite>Nicole<\/cite><\/blockquote>\n<\/div><\/div>\n<\/div><\/div>\n\n\n\n<div class=\"wp-block-buttons is-content-justification-center is-layout-flex wp-container-core-buttons-is-layout-16018d1d wp-block-buttons-is-layout-flex\">\n<div class=\"wp-block-button get-reviews-more\"><a class=\"wp-block-button__link wp-element-button\" href=\"#\">Afficher plus d&#039;avis<\/a><\/div>\n<\/div>\n\n\n\n<hr class=\"wp-block-separator has-alpha-channel-opacity is-style-wide\"\/>\n\n\n\n<div class=\"wp-block-columns are-vertically-aligned-top navigator container-sm is-layout-flex wp-container-core-columns-is-layout-9d6595d7 wp-block-columns-is-layout-flex\">\n<div class=\"wp-block-column is-vertically-aligned-top is-layout-flow wp-block-column-is-layout-flow\">\n<h3 class=\"wp-block-heading has-text-align-center mb-15\">Carri\u00e8res<\/h3>\n\n\n\n<p class=\"has-text-align-center\"><a href=\"https:\/\/kissinparis.com\/fr\/carrieres\/\">Offres d&#039;emploi actuelles \u2192<\/a><\/p>\n<\/div>\n\n\n\n<div class=\"wp-block-column is-vertically-aligned-top is-layout-flow wp-block-column-is-layout-flow\">\n<h3 class=\"wp-block-heading has-text-align-center mb-15\">\u00c0 propos<\/h3>\n\n\n\n<p class=\"has-text-align-center\"><a href=\"https:\/\/kissinparis.com\/fr\/a-propos\/\" data-type=\"page\" data-id=\"1029\">En savoir plus \u2192<\/a><\/p>\n<\/div>\n<\/div>\n<\/div><\/div>","protected":false},"excerpt":{"rendered":"<p>Our clients love us Kiss Me in Paris is hands-down the best and most reliable company. This year, I decided to ask my girlfriend to marry me. I had planned every final detail, but literally two days before our engagement, the company I initially hired called to say they could not make it. Imagine how [&hellip;]<\/p>\n","protected":false},"author":35,"featured_media":9905,"parent":0,"menu_order":0,"comment_status":"closed","ping_status":"closed","template":"","meta":{"_acf_changed":false,"ub_ctt_via":"","footnotes":""},"class_list":["post-575","page","type-page","status-publish","has-post-thumbnail","hentry"],"acf":[],"featured_image_src":"https:\/\/kissinparis.com\/wp-content\/uploads\/2023\/04\/Kiss-Me-in-Paris-reviews-and-testimonials.jpg","_links":{"self":[{"href":"https:\/\/kissinparis.com\/fr\/wp-json\/wp\/v2\/pages\/575","targetHints":{"allow":["GET"]}}],"collection":[{"href":"https:\/\/kissinparis.com\/fr\/wp-json\/wp\/v2\/pages"}],"about":[{"href":"https:\/\/kissinparis.com\/fr\/wp-json\/wp\/v2\/types\/page"}],"author":[{"embeddable":true,"href":"https:\/\/kissinparis.com\/fr\/wp-json\/wp\/v2\/users\/35"}],"replies":[{"embeddable":true,"href":"https:\/\/kissinparis.com\/fr\/wp-json\/wp\/v2\/comments?post=575"}],"version-history":[{"count":6,"href":"https:\/\/kissinparis.com\/fr\/wp-json\/wp\/v2\/pages\/575\/revisions"}],"predecessor-version":[{"id":28562,"href":"https:\/\/kissinparis.com\/fr\/wp-json\/wp\/v2\/pages\/575\/revisions\/28562"}],"wp:featuredmedia":[{"embeddable":true,"href":"https:\/\/kissinparis.com\/fr\/wp-json\/wp\/v2\/media\/9905"}],"wp:attachment":[{"href":"https:\/\/kissinparis.com\/fr\/wp-json\/wp\/v2\/media?parent=575"}],"curies":[{"name":"wp","href":"https:\/\/api.w.org\/{rel}","templated":true}]}}