{"id":623,"date":"2023-02-28T13:27:30","date_gmt":"2023-02-28T13:27:30","guid":{"rendered":"https:\/\/kissinparis.com\/?page_id=623"},"modified":"2025-10-14T14:21:13","modified_gmt":"2025-10-14T14:21:13","slug":"carrieres","status":"publish","type":"page","link":"https:\/\/kissinparis.com\/fr\/careers\/","title":{"rendered":"Carri\u00e8res"},"content":{"rendered":"<div class=\"wp-block-cover alignfull wp-block-group has-base-2-color has-contrast-background-color heror-section heror-about has-scroll-down mt-0 mb-0 fullscreen has-background-color has-text-color has-link-color wp-elements-b6f3bc13de5a1c1641d85f5eef638983\" style=\"min-height:932px;aspect-ratio:unset;\"><img loading=\"lazy\" decoding=\"async\" width=\"1500\" height=\"1000\" class=\"wp-block-cover__image-background wp-image-645 size-full\" alt=\"Carri\u00e8res Kiss Me in Paris\" src=\"https:\/\/kissinparis.com\/wp-content\/uploads\/2023\/02\/Careers-Kiss-Me-in-Paris.jpg\" data-object-fit=\"cover\" srcset=\"https:\/\/kissinparis.com\/wp-content\/uploads\/2023\/02\/Careers-Kiss-Me-in-Paris.jpg 1500w, https:\/\/kissinparis.com\/wp-content\/uploads\/2023\/02\/Careers-Kiss-Me-in-Paris-300x200.jpg 300w, https:\/\/kissinparis.com\/wp-content\/uploads\/2023\/02\/Careers-Kiss-Me-in-Paris-1024x683.jpg 1024w, https:\/\/kissinparis.com\/wp-content\/uploads\/2023\/02\/Careers-Kiss-Me-in-Paris-768x512.jpg 768w, https:\/\/kissinparis.com\/wp-content\/uploads\/2023\/02\/Careers-Kiss-Me-in-Paris-1200x800.jpg 1200w\" sizes=\"auto, (max-width: 1500px) 100vw, 1500px\" \/><span aria-hidden=\"true\" class=\"wp-block-cover__background has-primary-background-color has-background-dim-40 has-background-dim\"><\/span><div class=\"wp-block-cover__inner-container is-layout-flow wp-block-cover-is-layout-flow\">\n<div class=\"wp-block-group alignfull content\"><div class=\"wp-block-group__inner-container is-layout-constrained wp-block-group-is-layout-constrained\">\n<h1 class=\"wp-block-heading alignwide\">Carri\u00e8res chez Kiss Me in Paris<\/h1>\n\n\n\n<h2 class=\"wp-block-heading has-large-font-size\">Priorit\u00e9 au wedding planning (demandes &amp; mariages) \u2014 aussi postes en photo, vid\u00e9o &amp; service client.<\/h2>\n<\/div><\/div>\n\n\n\n<div class=\"wp-block-group alignfull clock-footer has-base-2-color has-text-color has-link-color wp-elements-9521b5bfabe7d654350b2828c1c562b1 is-content-justification-space-between is-nowrap is-layout-flex wp-container-core-group-is-layout-0dfbf163 wp-block-group-is-layout-flex\">\n<p class=\"clock\" id=\"paris-clock\">Paris, France <strong>\u2013 <\/strong><\/p>\n\n\n\n<p class=\"has-text-align-center alignwide position-bottom animate data-animate__fadeInUp has-base-2-color has-text-color has-link-color wp-elements-6c412cdff13bf430f3051448409dacb9\">Les r\u00eaves deviennent r\u00e9alit\u00e9. L'amour occupe le devant de la sc\u00e8ne.<\/p>\n\n\n\n<p class=\"phone map\"><a href=\"https:\/\/www.google.com\/maps\/place\/Kiss+Me+in+Paris+Proposals+%26+Weddings\/@48.869005,2.2831087,17z\/data=!3m1!4b1!4m6!3m5!1s0x47e66f84666f802f:0x7b03905155589b66!8m2!3d48.8690015!4d2.285689!16s%2Fg%2F11b6zqzn3k?ucbcb=1\" target=\"_blank\" data-type=\"link\" data-id=\"https:\/\/www.google.com\/maps\/place\/Kiss+Me+in+Paris+Proposals+%26+Weddings\/@48.869005,2.2831087,17z\/data=!3m1!4b1!4m6!3m5!1s0x47e66f84666f802f:0x7b03905155589b66!8m2!3d48.8690015!4d2.285689!16s%2Fg%2F11b6zqzn3k?ucbcb=1\" rel=\"noreferrer noopener\">Itin\u00e9raire<\/a><\/p>\n<\/div>\n<\/div><\/div>\n\n\n\n<div class=\"wp-block-group alignfull mt-0 mb-0 sec sec-content_0 pb-0 has-white-background-color has-background\"><div class=\"wp-block-group__inner-container is-layout-constrained wp-block-group-is-layout-constrained\">\n<div class=\"wp-block-columns summery is-layout-flex wp-container-core-columns-is-layout-9d6595d7 wp-block-columns-is-layout-flex\">\n<div class=\"wp-block-column is-layout-flow wp-block-column-is-layout-flow\">\n<p>Vous \u00eates au bon endroit si vous souhaitez faire partie d'une \u00e9quipe agr\u00e9able o\u00f9 la diversit\u00e9 est c\u00e9l\u00e9br\u00e9e, o\u00f9 l'on s'attend \u00e0 ce que les gens se f\u00e9licitent et \u00e0 ce qu'on les pousse \u00e0 se d\u00e9velopper. Nous prenons le travail et les loisirs au s\u00e9rieux. <\/p>\n\n\n\n<p>Un projet international <a href=\"https:\/\/kissinparis.com\/fr\/guide-mariage-paris\/photographe\/\">leader de la photographie \u00e9v\u00e9nementielle<\/a> et l'organisation de demandes en mariage, Kiss Me in New York nage fi\u00e8rement \u00e0 contre-courant : quand les autres font du zig, nous faisons du zag.<\/p>\n\n\n\n<p>Nous ne donnons pas la priorit\u00e9 aux candidats ayant une formation en photographie ou en planification. Nous recherchons plut\u00f4t des candidats exceptionnels qui sont passionn\u00e9s et qui aiment rencontrer de nouvelles personnes.<\/p>\n<\/div>\n\n\n\n<div class=\"wp-block-column is-layout-flow wp-block-column-is-layout-flow\">\n<p>Kiss Me in Paris offre des chances \u00e9gales d'emploi \u00e0 tous les candidats et n'accepte pas la discrimination fond\u00e9e sur la race, l'orientation sexuelle, la religion ou l'origine nationale.<\/p>\n\n\n\n<p>Nous offrons des avantages int\u00e9ressants, des horaires flexibles et de nombreuses soir\u00e9es passionnantes en \u00e9quipe (nous aimons boire, manger et faire la f\u00eate). Si vous souhaitez contribuer \u00e0 la cr\u00e9ation de cette entreprise, n'h\u00e9sitez pas \u00e0 nous contacter.<\/p>\n\n\n\n<p><strong>Ne postulez pas si vous n'\u00eates pas l\u00e9galement autoris\u00e9 \u00e0 travailler en France.<\/strong><\/p>\n<\/div>\n<\/div>\n<\/div><\/div>\n\n\n\n<div class=\"wp-block-group alignfull mt-0 mb-0 sec sec-career has-container-md_\"><div class=\"wp-block-group__inner-container is-layout-constrained wp-block-group-is-layout-constrained\">\n<hr class=\"wp-block-separator has-alpha-channel-opacity is-style-wide\"\/>\n\n\n\n<div class=\"wp-block-columns career is-layout-flex wp-container-core-columns-is-layout-9d6595d7 wp-block-columns-is-layout-flex\">\n<div class=\"wp-block-column position-name is-layout-flow wp-block-column-is-layout-flow\">\n<h2 class=\"wp-block-heading\">Photographe professionnel<\/h2>\n<\/div>\n\n\n\n<div class=\"wp-block-column details is-layout-flow wp-block-column-is-layout-flow\">\n<h3 class=\"wp-block-heading heading-size-5\"><strong>Description de l'emploi<\/strong><\/h3>\n\n\n\n<p>Les photographes de Kiss Me in Paris sont r\u00e9guli\u00e8rement sollicit\u00e9s pour des s\u00e9ances photos de couple, des mariages de luxe, des boudoirs, des photos de famille, etc. Nos clients ont des attentes \u00e9lev\u00e9es en ce qui concerne la qualit\u00e9 des photos et l'exp\u00e9rience qu'ils vont vivre. Il ne suffit pas d'\u00eatre un candidat au-dessus de la moyenne. Nous recherchons des rockstars passionn\u00e9es qui sont enthousiastes \u00e0 l'id\u00e9e de rencontrer de nouvelles personnes tous les jours, qui peuvent se lever \u00e0 l'aube, qui sont ultra fiables, qui communiquent bien en anglais et en fran\u00e7ais, et qui aiment passer du temps avec l'\u00e9quipe de temps en temps.<\/p>\n\n\n\n<p><a href=\"mailto:support@kissinparis.com\" data-type=\"page\" data-id=\"1213\">Postuler<\/a><\/p>\n<\/div>\n<\/div>\n\n\n\n<hr class=\"wp-block-separator has-alpha-channel-opacity\"\/>\n\n\n\n<div class=\"wp-block-columns career is-layout-flex wp-container-core-columns-is-layout-9d6595d7 wp-block-columns-is-layout-flex\">\n<div class=\"wp-block-column position-name is-layout-flow wp-block-column-is-layout-flow\">\n<h2 class=\"wp-block-heading\">Planificateur de mariage et de demande de mariage<\/h2>\n<\/div>\n\n\n\n<div class=\"wp-block-column details is-layout-flow wp-block-column-is-layout-flow\">\n<h3 class=\"wp-block-heading heading-size-5\"><strong>Description de l'emploi<\/strong><\/h3>\n\n\n\n<p>Nous sommes connus dans le monde entier pour organiser certaines des demandes en mariage les plus remarquables au monde. Au fur et \u00e0 mesure que nous avan\u00e7ons dans les march\u00e9s locaux et internationaux, nous sommes de plus en plus pr\u00e9sents dans le monde entier. <a href=\"https:\/\/kissinparis.com\/fr\/organisateur-mariage-paris\/\">destination luxe organisation de mariages<\/a> Nous recherchons des planificateurs d'\u00e9v\u00e9nements professionnels ayant au moins 3 \u00e0 5 ans d'exp\u00e9rience. Le candidat id\u00e9al parle couramment l'anglais et le fran\u00e7ais et est \u00e0 l'aise pour d\u00e9velopper des relations avec les responsables de la restauration et des \u00e9v\u00e9nements dans les meilleurs h\u00f4tels et ch\u00e2teaux parisiens. Nous donnerons la pr\u00e9f\u00e9rence aux candidats qui ont en plus une exp\u00e9rience en design floral, des relations avec des blogs de mariage et qui sont \u00e0 l'aise avec les m\u00e9dias sociaux.<\/p>\n\n\n\n<p><a href=\"mailto:support@kissinparis.com\" data-type=\"page\" data-id=\"1213\">Postuler<\/a><\/p>\n<\/div>\n<\/div>\n\n\n\n<hr class=\"wp-block-separator has-alpha-channel-opacity\"\/>\n\n\n\n<div class=\"wp-block-columns career is-layout-flex wp-container-core-columns-is-layout-9d6595d7 wp-block-columns-is-layout-flex\">\n<div class=\"wp-block-column position-name is-layout-flow wp-block-column-is-layout-flow\">\n<h2 class=\"wp-block-heading\">Cin\u00e9aste professionnel<\/h2>\n<\/div>\n\n\n\n<div class=\"wp-block-column details is-layout-flow wp-block-column-is-layout-flow\">\n<h3 class=\"wp-block-heading heading-size-5\"><strong>Description de l'emploi<\/strong><\/h3>\n\n\n\n<p>Aujourd'hui, la vid\u00e9o est au moins aussi passionnante que les photos et fait l'objet d'une forte demande. Toutefois, le r\u00f4le du r\u00e9alisateur a \u00e9volu\u00e9 au fil des ans. Aujourd'hui, il ne suffit plus d'\u00eatre techniquement bon, d'avoir une bonne interpr\u00e9tation du sujet, d'utiliser une perspective cr\u00e9ative et de faire preuve de comp\u00e9tences fantastiques en mati\u00e8re de post-production. En outre, vous devez \u00eatre \u00e0 l'aise pour prendre le contr\u00f4le, diriger la sc\u00e8ne et donner des instructions claires (en anglais et en fran\u00e7ais). Nous donnerons la pr\u00e9f\u00e9rence aux candidats qui sont \u00e0 l'aise avec les m\u00e9dias sociaux et qui peuvent garantir un d\u00e9lai d'ex\u00e9cution rapide. Il n'est pas question d'attendre des mois pour livrer le produit final.<\/p>\n\n\n\n<p><a href=\"mailto:support@kissinparis.com\" data-type=\"page\" data-id=\"1213\">Postuler<\/a><\/p>\n<\/div>\n<\/div>\n\n\n\n<hr class=\"wp-block-separator has-alpha-channel-opacity\"\/>\n\n\n\n<div class=\"wp-block-columns career is-layout-flex wp-container-core-columns-is-layout-9d6595d7 wp-block-columns-is-layout-flex\">\n<div class=\"wp-block-column position-name is-layout-flow wp-block-column-is-layout-flow\">\n<h2 class=\"wp-block-heading\">Assistant(e) de studio - Stage<\/h2>\n<\/div>\n\n\n\n<div class=\"wp-block-column details is-layout-flow wp-block-column-is-layout-flow\">\n<h3 class=\"wp-block-heading heading-size-5\"><strong>Description de l'emploi<\/strong><\/h3>\n\n\n\n<p>Nous sommes toujours \u00e0 la recherche de personnes motiv\u00e9es, bilingues et talentueuses pour rejoindre notre \u00e9quipe. <a href=\"https:\/\/kissinparis.com\/fr\/demande-en-mariage-paris\/organisateur\/\">planificateurs d'\u00e9v\u00e9nements<\/a>. Vous travaillerez en \u00e9troite collaboration avec des professionnels accomplis et vivrez une exp\u00e9rience gratifiante au sein d'une industrie dynamique et cr\u00e9ative. Nous donnons la priorit\u00e9 aux candidats qui souhaitent rester en France et rejoindre Kiss Me in Paris \u00e0 l'issue de leur stage. Veuillez ne pas postuler si vous n'avez pas le droit l\u00e9gal de travailler en France.<\/p>\n\n\n\n<p><a href=\"mailto:support@kissinparis.com\" data-type=\"page\" data-id=\"1213\">Postuler<\/a><\/p>\n<\/div>\n<\/div>\n<\/div><\/div>","protected":false},"excerpt":{"rendered":"<p>You&#8217;re in the right place if you&#8217;re interested in being part of a fun team where diversity is celebrated, and high-fives and a push for growth are expected. We take work and play seriously. An international leader in event photography and marriage proposal planning, Kiss Me in New York proudly swims against the tide: when [&hellip;]<\/p>\n","protected":false},"author":35,"featured_media":645,"parent":0,"menu_order":0,"comment_status":"closed","ping_status":"closed","template":"","meta":{"_acf_changed":false,"ub_ctt_via":"","footnotes":""},"class_list":["post-623","page","type-page","status-publish","has-post-thumbnail","hentry"],"acf":[],"featured_image_src":"https:\/\/kissinparis.com\/wp-content\/uploads\/2023\/02\/Careers-Kiss-Me-in-Paris.jpg","_links":{"self":[{"href":"https:\/\/kissinparis.com\/fr\/wp-json\/wp\/v2\/pages\/623","targetHints":{"allow":["GET"]}}],"collection":[{"href":"https:\/\/kissinparis.com\/fr\/wp-json\/wp\/v2\/pages"}],"about":[{"href":"https:\/\/kissinparis.com\/fr\/wp-json\/wp\/v2\/types\/page"}],"author":[{"embeddable":true,"href":"https:\/\/kissinparis.com\/fr\/wp-json\/wp\/v2\/users\/35"}],"replies":[{"embeddable":true,"href":"https:\/\/kissinparis.com\/fr\/wp-json\/wp\/v2\/comments?post=623"}],"version-history":[{"count":9,"href":"https:\/\/kissinparis.com\/fr\/wp-json\/wp\/v2\/pages\/623\/revisions"}],"predecessor-version":[{"id":28496,"href":"https:\/\/kissinparis.com\/fr\/wp-json\/wp\/v2\/pages\/623\/revisions\/28496"}],"wp:featuredmedia":[{"embeddable":true,"href":"https:\/\/kissinparis.com\/fr\/wp-json\/wp\/v2\/media\/645"}],"wp:attachment":[{"href":"https:\/\/kissinparis.com\/fr\/wp-json\/wp\/v2\/media?parent=623"}],"curies":[{"name":"wp","href":"https:\/\/api.w.org\/{rel}","templated":true}]}}