{"id":8490,"date":"2023-03-30T11:11:46","date_gmt":"2023-03-30T11:11:46","guid":{"rendered":"https:\/\/kissinparis.com\/?page_id=8490"},"modified":"2025-10-03T18:24:45","modified_gmt":"2025-10-03T18:24:45","slug":"seance-video","status":"publish","type":"page","link":"https:\/\/kissinparis.com\/fr\/book-now\/videoshoots\/","title":{"rendered":"Vid\u00e9ographie"},"content":{"rendered":"<div class=\"wp-block-group alignfull sec full-width pt-0 pb-0 mt-0 mb-0 bg-transition-light has-background-color has-primary-background-color has-text-color has-background has-link-color wp-elements-db377250d1be530de71360a967d07868\"><div class=\"wp-block-group__inner-container is-layout-constrained wp-block-group-is-layout-constrained\">\n<div class=\"wp-block-group alignfull sec heror-section full-width mt-0 mb-0  pb-0\"><div class=\"wp-block-group__inner-container is-layout-constrained wp-block-group-is-layout-constrained\">\n<div class=\"wp-block-columns alignfull summery is-layout-flex wp-container-core-columns-is-layout-9d6595d7 wp-block-columns-is-layout-flex\">\n<div class=\"wp-block-column is-layout-flow wp-block-column-is-layout-flow\">\n<h1 class=\"wp-block-heading has-text-align-left full has-background-color has-text-color has-link-color wp-elements-97e3e9d7e90f54fef449b31eabe2b790\">Vid\u00e9ographie<\/h1>\n<\/div>\n\n\n\n<div class=\"wp-block-column lead is-layout-flow wp-block-column-is-layout-flow\">\n<ul class=\"wp-block-list list-inline pl-0\">\n<li><a href=\"tel:33661351511\" data-type=\"tel\" data-id=\"tel:33661351511\"  >T\u00e9l\u00e9phone<\/a><\/li>\n\n\n\n<li><a href=\"mailto:support@kissinparis.com?subject=Photography Booking Request\"  >Email<\/a><\/li>\n\n\n\n<li><a href=\"#artists\" data-type=\"internal\" data-id=\"#artists\">\u00c9quipe<\/a><\/li>\n\n\n\n<li><a href=\"#faq\">FAQ<\/a><\/li>\n<\/ul>\n<\/div>\n<\/div>\n<\/div><\/div>\n\n\n\n<div class=\"wp-block-group alignfull mt-0 mb-0 sec sec-fullwidth sec-packages  sec-xs-sm-pt sec-sm-pb\" id=\"packages\"><div class=\"wp-block-group__inner-container is-layout-constrained wp-block-group-is-layout-constrained\">\n<div class=\"wp-block-group alignfull filters\"><div class=\"wp-block-group__inner-container is-layout-constrained wp-block-group-is-layout-constrained\">\n<ul class=\"wp-block-list category alignfull mt-0 mb-0\">\n<li><a href=\"https:\/\/kissinparis.com\/fr\/reserver\/demande-en-mariage\/\">Demandes<\/a><\/li>\n\n\n\n<li><a href=\"https:\/\/kissinparis.com\/fr\/reserver\/seance-photo\/\">Photoshoots<\/a><\/li>\n\n\n\n<li><a href=\"https:\/\/kissinparis.com\/fr\/reserver\/boudoir\/\">Boudoir<\/a><\/li>\n\n\n\n<li class=\"active\"><a href=\"https:\/\/kissinparis.com\/fr\/reserver\/seance-video\/\">Vid\u00e9ographie<\/a><\/li>\n\n\n\n<li><a href=\"https:\/\/kissinparis.com\/fr\/reserver\/mariage-intime\/\">Fugues&nbsp;<\/a><\/li>\n<\/ul>\n<\/div><\/div>\n<\/div><\/div>\n<\/div><\/div>\n\n\n\n\n\n\n<div class=\"wp-block-group alignfull mt-0 mb-0 sec sec-feature has-white-background-color has-background\" id=\"artists\"><div class=\"wp-block-group__inner-container is-layout-constrained wp-block-group-is-layout-constrained\">\n<h2 class=\"wp-block-heading has-text-align-center heading-size-1\">Rencontrez nos photographes<\/h2>\n\n\n\n<h3 class=\"wp-block-heading has-text-align-center sec-header sec-name mb-20\">Photographie<\/h3>\n\n\n\n<p class=\"has-text-align-center mb-60 container-xs\">Choisissez votre photographe pr\u00e9f\u00e9r\u00e9 : chacun vous fera d\u00e9couvrir un moment agr\u00e9able \u00e0 Paris et vous encouragera \u00e0 bien vous pr\u00e9parer pour la meilleure exp\u00e9rience photographique possible.<\/p>\n\n\n\n<div class=\"wp-block-columns boxes plans team-member is-layout-flex wp-container-core-columns-is-layout-9d6595d7 wp-block-columns-is-layout-flex\">\n<div class=\"wp-block-column is-layout-flow wp-block-column-is-layout-flow\">\n<figure class=\"wp-block-image size-full\"><a href=\"https:\/\/kissinparis.com\/fr\/equipe-creative\/vincent\/\" aria-label=\"En savoir plus sur Photographe \u00e0 Paris France Vincent\"><img loading=\"lazy\" decoding=\"async\" width=\"640\" height=\"800\" src=\"https:\/\/kissinparis.com\/wp-content\/uploads\/2023\/03\/Photographer-in-Paris-France-Vincent-2.jpg\" alt=\"Photographe \u00e0 Paris France Vincent\" class=\"wp-image-1235\" srcset=\"https:\/\/kissinparis.com\/wp-content\/uploads\/2023\/03\/Photographer-in-Paris-France-Vincent-2.jpg 640w, https:\/\/kissinparis.com\/wp-content\/uploads\/2023\/03\/Photographer-in-Paris-France-Vincent-2-240x300.jpg 240w\" sizes=\"auto, (max-width: 640px) 100vw, 640px\" \/><\/a><\/figure>\n\n\n\n<div class=\"wp-block-group mt-0 mb-0 content\"><div class=\"wp-block-group__inner-container is-layout-constrained wp-block-group-is-layout-constrained\">\n<h4 class=\"wp-block-heading\"><a href=\"https:\/\/kissinparis.com\/fr\/equipe-creative\/vincent\/\">Vincent<\/a><\/h4>\n\n\n\n<p class=\"sec-header\"><a href=\"https:\/\/kissinparis.com\/fr\/equipe-creative\/vincent\/\">Photographe professionnel<\/a><\/p>\n<\/div><\/div>\n<\/div>\n\n\n\n<div class=\"wp-block-column is-layout-flow wp-block-column-is-layout-flow\">\n<figure class=\"wp-block-image size-full\"><a href=\"https:\/\/kissinparis.com\/fr\/equipe-creative\/scander\/\" aria-label=\"En savoir plus sur le photographe parisien Scander Kiss Me in Paris\"><img loading=\"lazy\" decoding=\"async\" width=\"320\" height=\"400\" src=\"https:\/\/kissinparis.com\/wp-content\/uploads\/2023\/03\/Paris-Photographer-Scander-Kiss-Me-in-Paris.jpg\" alt=\"Photographe parisien Scander Kiss Me \u00e0 Paris\" class=\"wp-image-1108\" srcset=\"https:\/\/kissinparis.com\/wp-content\/uploads\/2023\/03\/Paris-Photographer-Scander-Kiss-Me-in-Paris.jpg 320w, https:\/\/kissinparis.com\/wp-content\/uploads\/2023\/03\/Paris-Photographer-Scander-Kiss-Me-in-Paris-240x300.jpg 240w\" sizes=\"auto, (max-width: 320px) 100vw, 320px\" \/><\/a><\/figure>\n\n\n\n<div class=\"wp-block-group mt-0 mb-0 content\"><div class=\"wp-block-group__inner-container is-layout-constrained wp-block-group-is-layout-constrained\">\n<h4 class=\"wp-block-heading\"><a href=\"https:\/\/kissinparis.com\/fr\/equipe-creative\/scander\/\">Scander<\/a><\/h4>\n\n\n\n<p class=\"sec-header\"><a href=\"https:\/\/kissinparis.com\/fr\/equipe-creative\/scander\/\">Photographe professionnel<\/a><\/p>\n<\/div><\/div>\n<\/div>\n\n\n\n<div class=\"wp-block-column is-layout-flow wp-block-column-is-layout-flow\">\n<figure class=\"wp-block-image size-full\"><a href=\"https:\/\/kissinparis.com\/fr\/equipe-creative\/cengiz\/\" aria-label=\"En savoir plus sur le c\u00e9l\u00e8bre photographe parisien Cengiz\"><img loading=\"lazy\" decoding=\"async\" width=\"320\" height=\"400\" src=\"https:\/\/kissinparis.com\/wp-content\/uploads\/2023\/03\/Famous-Paris-photographer-Cengiz-2.jpg\" alt=\"Le c\u00e9l\u00e8bre photographe parisien Cengiz\" class=\"wp-image-5210\" srcset=\"https:\/\/kissinparis.com\/wp-content\/uploads\/2023\/03\/Famous-Paris-photographer-Cengiz-2.jpg 320w, https:\/\/kissinparis.com\/wp-content\/uploads\/2023\/03\/Famous-Paris-photographer-Cengiz-2-240x300.jpg 240w\" sizes=\"auto, (max-width: 320px) 100vw, 320px\" \/><\/a><\/figure>\n\n\n\n<div class=\"wp-block-group mt-0 mb-0 content\"><div class=\"wp-block-group__inner-container is-layout-constrained wp-block-group-is-layout-constrained\">\n<h4 class=\"wp-block-heading\"><a href=\"https:\/\/kissinparis.com\/fr\/equipe-creative\/cengiz\/\">Cengiz<\/a><\/h4>\n\n\n\n<p class=\"sec-header\"><a href=\"https:\/\/kissinparis.com\/fr\/equipe-creative\/cengiz\/\">Photographe professionnel<\/a><\/p>\n<\/div><\/div>\n<\/div>\n\n\n\n<div class=\"wp-block-column is-layout-flow wp-block-column-is-layout-flow\">\n<figure class=\"wp-block-image size-full\"><a href=\"https:\/\/kissinparis.com\/fr\/equipe-creative\/juliana\/\" aria-label=\"En savoir plus sur Paris Video Reels Juliana\"><img loading=\"lazy\" decoding=\"async\" width=\"512\" height=\"768\" src=\"https:\/\/kissinparis.com\/wp-content\/uploads\/2023\/03\/Professional-Paris-Video-Reels-Juliana-Brazil.jpg\" alt=\"Bobines vid\u00e9o de Paris Juliana\" class=\"wp-image-5248\" srcset=\"https:\/\/kissinparis.com\/wp-content\/uploads\/2023\/03\/Professional-Paris-Video-Reels-Juliana-Brazil.jpg 512w, https:\/\/kissinparis.com\/wp-content\/uploads\/2023\/03\/Professional-Paris-Video-Reels-Juliana-Brazil-200x300.jpg 200w\" sizes=\"auto, (max-width: 512px) 100vw, 512px\" \/><\/a><\/figure>\n\n\n\n<div class=\"wp-block-group mt-0 mb-0 content\"><div class=\"wp-block-group__inner-container is-layout-constrained wp-block-group-is-layout-constrained\">\n<h4 class=\"wp-block-heading\"><a href=\"https:\/\/kissinparis.com\/fr\/equipe-creative\/juliana\/\">Juliana<\/a><\/h4>\n\n\n\n<p class=\"sec-header\"><a href=\"https:\/\/kissinparis.com\/fr\/equipe-creative\/juliana\/\">Photographe professionnel<\/a><\/p>\n<\/div><\/div>\n<\/div>\n<\/div>\n<\/div><\/div>\n\n\n\n<div class=\"wp-block-group alignfull mt-0 mb-0 sec sec-feature has-white-background-color has-background\" id=\"filmmakers\"><div class=\"wp-block-group__inner-container is-layout-constrained wp-block-group-is-layout-constrained\">\n<h2 class=\"wp-block-heading has-text-align-center heading-size-1\">Rencontrez nos cin\u00e9astes<\/h2>\n\n\n\n<h3 class=\"wp-block-heading has-text-align-center sec-header sec-name mb-20\">Vid\u00e9ographie<\/h3>\n\n\n\n<p class=\"has-text-align-center mb-60 container-xs\">Il y en a pour tous les go\u00fbts. Vous aimez peut-\u00eatre les vid\u00e9os traditionnelles (horizontales) avec un c\u00f4t\u00e9 cin\u00e9matographique. Envie d&#039;\u00e9nergie et de fun \u00e0 gogo\u00a0? Vincent est l&#039;homme qu&#039;il vous faut. Julia est la femme qu&#039;il vous faut pour une originalit\u00e9 d\u00e9bordante et une touche f\u00e9minine. Ou peut-\u00eatre pr\u00e9f\u00e9rez-vous des vid\u00e9os intimes \u00e9blouissantes (verticales) avec la Tour Eiffel en entier et livr\u00e9es en moins de 72\u00a0heures\u00a0? Alors, optez pour les histoires d&#039;amour \u00e9poustouflantes de Juliana, parfaites pour les r\u00e9seaux sociaux. Selon votre budget et vos pr\u00e9f\u00e9rences, combinez films traditionnels et verticaux.<\/p>\n\n\n\n<div class=\"wp-block-columns boxes plans team-member is-layout-flex wp-container-core-columns-is-layout-9d6595d7 wp-block-columns-is-layout-flex\">\n<div class=\"wp-block-column is-layout-flow wp-block-column-is-layout-flow\">\n<figure class=\"wp-block-image size-full\"><a href=\"https:\/\/kissinparis.com\/fr\/equipe-creative\/julia\/\" aria-label=\"En savoir plus sur Julia, vid\u00e9aste parisienne, parle russe\"><img loading=\"lazy\" decoding=\"async\" width=\"800\" height=\"1000\" src=\"https:\/\/kissinparis.com\/wp-content\/uploads\/2023\/03\/Paris-videographer-speaks-Russian-Julia.jpg\" alt=\"La vid\u00e9aste parisienne parle russe Julia\" class=\"wp-image-7967\" srcset=\"https:\/\/kissinparis.com\/wp-content\/uploads\/2023\/03\/Paris-videographer-speaks-Russian-Julia.jpg 800w, https:\/\/kissinparis.com\/wp-content\/uploads\/2023\/03\/Paris-videographer-speaks-Russian-Julia-240x300.jpg 240w, https:\/\/kissinparis.com\/wp-content\/uploads\/2023\/03\/Paris-videographer-speaks-Russian-Julia-768x960.jpg 768w\" sizes=\"auto, (max-width: 800px) 100vw, 800px\" \/><\/a><\/figure>\n\n\n\n<div class=\"wp-block-group mt-0 mb-0 content\"><div class=\"wp-block-group__inner-container is-layout-constrained wp-block-group-is-layout-constrained\">\n<h4 class=\"wp-block-heading\"><a href=\"https:\/\/kissinparis.com\/fr\/equipe-creative\/julia\/\">Julia<\/a><\/h4>\n\n\n\n<p class=\"sec-header\"><a href=\"https:\/\/kissinparis.com\/fr\/equipe-creative\/julia\/\">R\u00e9alisateur professionnel<\/a><\/p>\n<\/div><\/div>\n<\/div>\n\n\n\n<div class=\"wp-block-column is-layout-flow wp-block-column-is-layout-flow\">\n<figure class=\"wp-block-image size-full\"><a href=\"https:\/\/kissinparis.com\/fr\/equipe-creative\/vincent\/\" aria-label=\"En savoir plus sur Photographe \u00e0 Paris France Vincent\"><img loading=\"lazy\" decoding=\"async\" width=\"640\" height=\"800\" src=\"https:\/\/kissinparis.com\/wp-content\/uploads\/2023\/03\/Photographer-in-Paris-France-Vincent-2.jpg\" alt=\"Photographe \u00e0 Paris France Vincent\" class=\"wp-image-1235\" srcset=\"https:\/\/kissinparis.com\/wp-content\/uploads\/2023\/03\/Photographer-in-Paris-France-Vincent-2.jpg 640w, https:\/\/kissinparis.com\/wp-content\/uploads\/2023\/03\/Photographer-in-Paris-France-Vincent-2-240x300.jpg 240w\" sizes=\"auto, (max-width: 640px) 100vw, 640px\" \/><\/a><\/figure>\n\n\n\n<div class=\"wp-block-group mt-0 mb-0 content\"><div class=\"wp-block-group__inner-container is-layout-constrained wp-block-group-is-layout-constrained\">\n<h4 class=\"wp-block-heading\"><a href=\"https:\/\/kissinparis.com\/fr\/equipe-creative\/vincent\/\">Vincent<\/a><\/h4>\n\n\n\n<p class=\"sec-header\"><a href=\"https:\/\/kissinparis.com\/fr\/equipe-creative\/vincent\/\">Vid\u00e9aste professionnel<\/a><\/p>\n<\/div><\/div>\n<\/div>\n\n\n\n<div class=\"wp-block-column is-layout-flow wp-block-column-is-layout-flow\">\n<figure class=\"wp-block-image size-full\"><a href=\"https:\/\/kissinparis.com\/fr\/equipe-creative\/juliana\/\" aria-label=\"En savoir plus sur Paris Video Reels Juliana\"><img loading=\"lazy\" decoding=\"async\" width=\"512\" height=\"768\" src=\"https:\/\/kissinparis.com\/wp-content\/uploads\/2023\/03\/Professional-Paris-Video-Reels-Juliana-Brazil.jpg\" alt=\"Bobines vid\u00e9o de Paris Juliana\" class=\"wp-image-5248\" srcset=\"https:\/\/kissinparis.com\/wp-content\/uploads\/2023\/03\/Professional-Paris-Video-Reels-Juliana-Brazil.jpg 512w, https:\/\/kissinparis.com\/wp-content\/uploads\/2023\/03\/Professional-Paris-Video-Reels-Juliana-Brazil-200x300.jpg 200w\" sizes=\"auto, (max-width: 512px) 100vw, 512px\" \/><\/a><\/figure>\n\n\n\n<div class=\"wp-block-group mt-0 mb-0 content\"><div class=\"wp-block-group__inner-container is-layout-constrained wp-block-group-is-layout-constrained\">\n<h4 class=\"wp-block-heading\"><a href=\"https:\/\/kissinparis.com\/fr\/equipe-creative\/juliana\/\">Juliana<\/a><\/h4>\n\n\n\n<p class=\"sec-header\"><a href=\"https:\/\/kissinparis.com\/fr\/equipe-creative\/juliana\/\">Bobines vid\u00e9o professionnelles<\/a><\/p>\n<\/div><\/div>\n<\/div>\n<\/div>\n<\/div><\/div>\n\n\n\n<div class=\"wp-block-group alignfull mt-0 mb-0  sec sec-faq sec-feature\" id=\"faq\"><div class=\"wp-block-group__inner-container is-layout-flow wp-block-group-is-layout-flow\">\n<h2 class=\"wp-block-heading title-v2\">FAQ : r\u00e9ponses aux questions ou pr\u00e9occupations les plus courantes <\/h2>\n\n\n<div id=\"rank-math-faq\" class=\"rank-math-block\">\n<div class=\"rank-math-list\">\n<div id=\"faq-question-1747329565204\" class=\"rank-math-list-item\">\n<h3 class=\"rank-math-question\">Comment fonctionne la r\u00e9servation en ligne ?<\/h3>\n<div class=\"rank-math-answer\">\n\n<p>S\u00e9lectionnez votre service pour conna\u00eetre les prix, les forfaits et les disponibilit\u00e9s.<\/p>\n<p>- Choisissez une date et attendez que le calendrier se charge<br \/>- S\u00e9lectionnez un paquet et laissez les options s'actualiser<br \/>- Choisissez un photographe dans la liste d\u00e9roulante (les portfolios sont disponibles en bas de page)<br \/>- Choisissez un cr\u00e9neau horaire et cliquez sur Continuer<br \/>- Saisissez vos coordonn\u00e9es et vos pr\u00e9f\u00e9rences en mati\u00e8re de localisation<br \/>- Cochez la case \"J'accepte les conditions\" et cliquez sur Continuer.<br \/>- Passez en revue tous les d\u00e9tails, saisissez les informations relatives au paiement et cliquez sur Soumettre.<\/p>\n<p>Vous recevrez imm\u00e9diatement un courriel de confirmation. Si elle n'est pas visible dans votre bo\u00eete de r\u00e9ception, v\u00e9rifiez votre dossier de courrier ind\u00e9sirable.<\/p>\n\n<\/div>\n<\/div>\n<div id=\"faq-question-1747330416718\" class=\"rank-math-list-item\">\n<h3 class=\"rank-math-question\">Quelle est la diff\u00e9rence entre les photographes et les cin\u00e9astes ?<\/h3>\n<div class=\"rank-math-answer\">\n\n<p>Parcourez la biographie et le portfolio de chaque artiste pour d\u00e9couvrir son travail, son style et ses commentaires. R\u00e9servez un photographe pour les photos, un cin\u00e9aste pour les vid\u00e9os, ou les deux ensemble. Pour des r\u00e9servations combin\u00e9es ou complexes, <a href=\"mailto:support@kissinparis.com\" data-type=\"mailto\" data-id=\"mailto:support@kissinparis.com\">courriel<\/a>  pour un lien personnalis\u00e9<\/p>\n\n<\/div>\n<\/div>\n<div id=\"faq-question-1747330434617\" class=\"rank-math-list-item\">\n<h3 class=\"rank-math-question\">Je n'ai pas re\u00e7u ma confirmation, que dois-je faire ?<\/h3>\n<div class=\"rank-math-answer\">\n\n<p>V\u00e9rifiez votre dossier spam. Si vous ne le voyez toujours pas, <a href=\"mailto:support@kissinparis.com\" data-type=\"mailto\" data-id=\"mailto:support@kissinparis.com\">courriel<\/a> ou envoyez-nous un message sur WhatsApp - nous vous le renverrons imm\u00e9diatement.<\/p>\n\n<\/div>\n<\/div>\n<div id=\"faq-question-1747330451298\" class=\"rank-math-list-item\">\n<h3 class=\"rank-math-question\">Puis-je modifier ou annuler ma r\u00e9servation ?<\/h3>\n<div class=\"rank-math-answer\">\n\n<p>Annulez 10 jours ou plus avant : Remboursement int\u00e9gral moins 10% de frais administratifs.<\/p>\n<p>Annulation dans les 10 jours : Pas de remboursement.<\/p>\n<p>Envoyez toutes les demandes par courrier \u00e9lectronique \u00e0 <a href=\"mailto:support@kissinparis.com\">support@kissinparis.com<\/a> dans les meilleurs d\u00e9lais.<\/p>\n\n<\/div>\n<\/div>\n<div id=\"faq-question-1747330463394\" class=\"rank-math-list-item\">\n<h3 class=\"rank-math-question\">Quels sont les modes de paiement accept\u00e9s ?<\/h3>\n<div class=\"rank-math-answer\">\n\n<p>Nous acceptons les cartes Visa, MasterCard, American Express, PayPal et les esp\u00e8ces. Un acompte de 50% garantit votre r\u00e9servation ; le solde est d\u00fb \u00e0 la date de la s\u00e9ance.<\/p>\n\n<\/div>\n<\/div>\n<div id=\"faq-question-1747330470609\" class=\"rank-math-list-item\">\n<h3 class=\"rank-math-question\">Comment puis-je r\u00e9server plusieurs services ou dates ?<\/h3>\n<div class=\"rank-math-answer\">\n\n<p><a href=\"mailto:support@kissinparis.com\" data-type=\"mailto\" data-id=\"mailto:support@kissinparis.com\">Email<\/a> en pr\u00e9cisant vos besoins. Nous vous enverrons un lien de r\u00e9servation personnalis\u00e9.<\/p>\n\n<\/div>\n<\/div>\n<\/div>\n<\/div><\/div><\/div>\n\n\n\n<div class=\"wp-block-group popup-cta\"><div class=\"wp-block-group__inner-container is-layout-constrained wp-block-group-is-layout-constrained\">\n<figure class=\"wp-block-video\"><video height=\"960\" style=\"aspect-ratio: 686 \/ 960;\" width=\"686\" autoplay loop muted poster=\"https:\/\/kissinparis.com\/wp-content\/uploads\/2025\/04\/Kiss-Me-in-Paris-Proposals-Weddings-Planning.webp\" preload=\"none\" src=\"https:\/\/kissinparis.com\/wp-content\/uploads\/2025\/04\/Full-service-Paris-proposal-planner.mp4\" playsinline><\/video><\/figure>\n\n\n\n<p class=\"title\">Renseignez-vous !<\/p>\n\n\n\n<p class=\"has-link whatsapp\"><a href=\"https:\/\/api.whatsapp.com\/send?phone=19175134350\" target=\"_blank\" data-type=\"link\" data-id=\"https:\/\/api.whatsapp.com\/send?phone=19175134350\" rel=\"noreferrer noopener nofollow\">WhatsApp<\/a><\/p>\n\n\n\n<p class=\"has-link booking\"><a href=\"mailto:support@kissinparis.com?subject=Photography Booking Request\" >Demande<\/a><\/p>\n<\/div><\/div>","protected":false},"excerpt":{"rendered":"<p>Vid\u00e9ographie<\/p>","protected":false},"author":35,"featured_media":10275,"parent":4688,"menu_order":0,"comment_status":"closed","ping_status":"closed","template":"","meta":{"_acf_changed":false,"ub_ctt_via":"","footnotes":""},"class_list":["post-8490","page","type-page","status-publish","has-post-thumbnail","hentry"],"acf":[],"featured_image_src":"https:\/\/kissinparis.com\/wp-content\/uploads\/2023\/04\/Video-reels-in-Paris.jpg","_links":{"self":[{"href":"https:\/\/kissinparis.com\/fr\/wp-json\/wp\/v2\/pages\/8490","targetHints":{"allow":["GET"]}}],"collection":[{"href":"https:\/\/kissinparis.com\/fr\/wp-json\/wp\/v2\/pages"}],"about":[{"href":"https:\/\/kissinparis.com\/fr\/wp-json\/wp\/v2\/types\/page"}],"author":[{"embeddable":true,"href":"https:\/\/kissinparis.com\/fr\/wp-json\/wp\/v2\/users\/35"}],"replies":[{"embeddable":true,"href":"https:\/\/kissinparis.com\/fr\/wp-json\/wp\/v2\/comments?post=8490"}],"version-history":[{"count":6,"href":"https:\/\/kissinparis.com\/fr\/wp-json\/wp\/v2\/pages\/8490\/revisions"}],"predecessor-version":[{"id":28423,"href":"https:\/\/kissinparis.com\/fr\/wp-json\/wp\/v2\/pages\/8490\/revisions\/28423"}],"up":[{"embeddable":true,"href":"https:\/\/kissinparis.com\/fr\/wp-json\/wp\/v2\/pages\/4688"}],"wp:featuredmedia":[{"embeddable":true,"href":"https:\/\/kissinparis.com\/fr\/wp-json\/wp\/v2\/media\/10275"}],"wp:attachment":[{"href":"https:\/\/kissinparis.com\/fr\/wp-json\/wp\/v2\/media?parent=8490"}],"curies":[{"name":"wp","href":"https:\/\/api.w.org\/{rel}","templated":true}]}}