{"id":15052,"date":"2024-03-14T16:40:28","date_gmt":"2024-03-14T16:40:28","guid":{"rendered":"https:\/\/kissinparis.com\/?page_id=15052"},"modified":"2026-02-20T13:40:25","modified_gmt":"2026-02-20T13:40:25","slug":"contato-sucesso","status":"publish","type":"page","link":"https:\/\/kissinparis.com\/pt\/contact-success\/","title":{"rendered":"Obrigado \u2013 Entraremos em contato em breve"},"content":{"rendered":"<div class=\"wp-block-group alignfull sec heror-section mt-0 mb-0 banner-success has-background-color has-primary-background-color has-text-color has-background has-link-color wp-elements-bf99581f1a391cdae4b9a894e56218f1\"><div class=\"wp-block-group__inner-container is-layout-constrained wp-block-group-is-layout-constrained\">\n<h1 class=\"wp-block-heading alignwide has-text-align-left full has-background-color has-text-color has-link-color wp-elements-88ab63d1d9064cf2fa8d39f1fee0623e\">Respondemos em at\u00e9 24 horas.<\/h1>\n<\/div><\/div>\n\n\n\n<div class=\"wp-block-cover alignfull mt-0 mb-0 banner banner-contact banner-success\" style=\"min-height:700px;aspect-ratio:unset;\"><img loading=\"lazy\" decoding=\"async\" width=\"1500\" height=\"1001\" class=\"wp-block-cover__image-background wp-image-573\" alt=\"Entre em contato com Kiss Me em Paris\" src=\"https:\/\/kissinparis.com\/wp-content\/uploads\/2023\/02\/Contact-Kiss-Me-in-Paris.jpg\" style=\"object-position:38% 22%\" data-object-fit=\"cover\" data-object-position=\"38% 22%\" srcset=\"https:\/\/kissinparis.com\/wp-content\/uploads\/2023\/02\/Contact-Kiss-Me-in-Paris.jpg 1500w, https:\/\/kissinparis.com\/wp-content\/uploads\/2023\/02\/Contact-Kiss-Me-in-Paris-300x200.jpg 300w, https:\/\/kissinparis.com\/wp-content\/uploads\/2023\/02\/Contact-Kiss-Me-in-Paris-1024x683.jpg 1024w, https:\/\/kissinparis.com\/wp-content\/uploads\/2023\/02\/Contact-Kiss-Me-in-Paris-768x513.jpg 768w, https:\/\/kissinparis.com\/wp-content\/uploads\/2023\/02\/Contact-Kiss-Me-in-Paris-1200x801.jpg 1200w\" sizes=\"auto, (max-width: 1500px) 100vw, 1500px\" \/><span aria-hidden=\"true\" class=\"wp-block-cover__background has-primary-background-color has-background-dim-0 has-background-dim\"><\/span><div class=\"wp-block-cover__inner-container is-layout-flow wp-block-cover-is-layout-flow\">\n<p class=\"has-text-align-center has-large-font-size\"><\/p>\n<\/div><\/div>\n\n\n\n<div class=\"wp-block-group alignfull mt-0 mb-0 sec\"><div class=\"wp-block-group__inner-container is-layout-constrained wp-block-group-is-layout-constrained\">\n<div class=\"wp-block-group mt-0 mb-0\"><div class=\"wp-block-group__inner-container is-layout-constrained wp-block-group-is-layout-constrained\">\n<div class=\"wp-block-columns mt-0 mb-0 is-layout-flex wp-container-core-columns-is-layout-9d6595d7 wp-block-columns-is-layout-flex\">\n<div class=\"wp-block-column is-layout-flow wp-block-column-is-layout-flow\" style=\"flex-basis:100%\">\n<p class=\"has-text-align-center\">Recebemos sua mensagem e estamos prontos para ajudar.<\/p>\n\n\n\n<div class=\"wp-block-buttons is-content-justification-center is-layout-flex wp-container-core-buttons-is-layout-16018d1d wp-block-buttons-is-layout-flex\">\n<div class=\"wp-block-button has-arrow\"><a class=\"wp-block-button__link wp-element-button\" href=\"https:\/\/kissinparis.com\/pt\/portfolio\/\"><em>Ver portf\u00f3lio<\/em><\/a><\/div>\n\n\n\n<div class=\"wp-block-button has-arrow\"><a class=\"wp-block-button__link wp-element-button\" href=\"https:\/\/kissinparis.com\/pt\/ensaio-fotografico-paris\/faq\/\"><em>Ler FAQ<\/em><\/a><\/div>\n<\/div>\n\n\n\n<div class=\"wp-block-group card card-info container-xs has-subtle-background-background-color has-background\"><div class=\"wp-block-group__inner-container is-layout-constrained wp-block-group-is-layout-constrained\">\n<h2 class=\"wp-block-heading has-text-align-center mb-10 mt-0 heading-size-4\"><strong>Precisa de atendimento imediato?<\/strong><\/h2>\n\n\n\n<p class=\"has-text-align-center mb-10 mt-0\">Para casos urgentes, ligue diretamente: <br><strong><a href=\"tel:+33699061974\" data-type=\"tel\" data-id=\"tel:+33699061974\">+33 6 99 06 19 74<\/a><\/strong><\/p>\n\n\n\n<p class=\"has-text-align-center mt-0 mb-0\">Dispon\u00edvel de segunda a domingo, 10\u201319h GMT<\/p>\n<\/div><\/div>\n<\/div>\n<\/div>\n<\/div><\/div>\n<\/div><\/div>","protected":false},"excerpt":{"rendered":"<p>Obrigado, Beaucoup. Responderemos em at\u00e9 24 horas. Recebemos sua mensagem e teremos prazer em ajud\u00e1-lo. Precisa de assist\u00eancia imediata? Para d\u00favidas urgentes, ligue diretamente para: +33 6 99 06 19 74. Dispon\u00edvel de segunda a domingo, das 10h \u00e0s 19h (GMT).<\/p>","protected":false},"author":35,"featured_media":0,"parent":0,"menu_order":0,"comment_status":"closed","ping_status":"closed","template":"","meta":{"_acf_changed":false,"ub_ctt_via":"","footnotes":""},"class_list":["post-15052","page","type-page","status-publish","hentry"],"acf":[],"featured_image_src":null,"_links":{"self":[{"href":"https:\/\/kissinparis.com\/pt\/wp-json\/wp\/v2\/pages\/15052","targetHints":{"allow":["GET"]}}],"collection":[{"href":"https:\/\/kissinparis.com\/pt\/wp-json\/wp\/v2\/pages"}],"about":[{"href":"https:\/\/kissinparis.com\/pt\/wp-json\/wp\/v2\/types\/page"}],"author":[{"embeddable":true,"href":"https:\/\/kissinparis.com\/pt\/wp-json\/wp\/v2\/users\/35"}],"replies":[{"embeddable":true,"href":"https:\/\/kissinparis.com\/pt\/wp-json\/wp\/v2\/comments?post=15052"}],"version-history":[{"count":35,"href":"https:\/\/kissinparis.com\/pt\/wp-json\/wp\/v2\/pages\/15052\/revisions"}],"predecessor-version":[{"id":28534,"href":"https:\/\/kissinparis.com\/pt\/wp-json\/wp\/v2\/pages\/15052\/revisions\/28534"}],"wp:attachment":[{"href":"https:\/\/kissinparis.com\/pt\/wp-json\/wp\/v2\/media?parent=15052"}],"curies":[{"name":"wp","href":"https:\/\/api.w.org\/{rel}","templated":true}]}}