{"id":20031,"date":"2025-05-02T11:59:39","date_gmt":"2025-05-02T11:59:39","guid":{"rendered":"https:\/\/kissinparis.com\/?page_id=20031"},"modified":"2026-02-20T13:45:59","modified_gmt":"2026-02-20T13:45:59","slug":"termos-de-servico","status":"publish","type":"page","link":"https:\/\/kissinparis.com\/pt\/terms-of-service\/","title":{"rendered":"Termos de Servi\u00e7o"},"content":{"rendered":"<div class=\"wp-block-group alignfull sec heror-section mt-0 mb-0 has-scroll-down has-background-color has-primary-background-color has-text-color has-background has-link-color wp-elements-bed3a1231d28e1e6ee0ee751e8ef3f99\"><div class=\"wp-block-group__inner-container is-layout-constrained wp-block-group-is-layout-constrained\">\n<h1 class=\"wp-block-heading alignwide has-text-align-left full has-background-color has-text-color has-link-color wp-elements-c4321102cb035f8643bf507024481e3e\">Termos de Servi\u00e7o<\/h1>\n<\/div><\/div>\n\n\n\n<div class=\"wp-block-group alignfull sec mt-0 mb-0\"><div class=\"wp-block-group__inner-container is-layout-constrained wp-block-group-is-layout-constrained\">\n<p>Bem-vindo ao Kiss Me em Paris, onde transformamos os sonhos parisienses em realidade! Leia estes termos \u2013 eles formam a base da nossa fant\u00e1stica rela\u00e7\u00e3o de trabalho ao contratar nossos servi\u00e7os de planejamento ou ensaio fotogr\u00e1fico.<\/p>\n\n\n\n<p>\ud83c\uddeb\ud83c\uddf7 <strong>Nosso Acordo<\/strong><\/p>\n\n\n\n<p>Estes termos, juntamente com a sua proposta ou contrato assinado, constituem o acordo entre voc\u00ea (\u201cCliente\u201d, \u201cVoc\u00ea\u201d) e a Kiss Me in Paris SARL (\u201cKMIP\u201d, \u201cN\u00f3s\u201d). As leis da Fran\u00e7a regem este acordo, e quaisquer disputas ser\u00e3o resolvidas nos tribunais de Paris.<\/p>\n\n\n\n<h2 class=\"wp-block-heading\">\ud83d\udc8d <strong>Reservas e Pagamentos<\/strong><\/h2>\n\n\n\n<ul class=\"wp-block-list\">\n<li><strong>Garantindo sua data:<\/strong> Pronto para fazer m\u00e1gica? Para contratar oficialmente nossos servi\u00e7os de planejamento ou ensaio fotogr\u00e1fico e reservar sua data, precisamos de um contrato\/proposta assinado e uma proposta inicial. <strong>dep\u00f3sito<\/strong> (normalmente 50% do valor total dos honor\u00e1rios, conforme especificado na sua proposta). Este pagamento garante nossa disponibilidade dedicada para voc\u00ea e nos permite iniciar o trabalho inicial e as consultas.<\/li>\n\n\n\n<li><strong>Reembolsabilidade:<\/strong> Por favor, consulte o <strong>&#039;Cancelamentos e Reembolsos&#039;<\/strong> se\u00e7\u00e3o abaixo para termos detalhados sobre o reembolso de pagamentos, que diferem entre Servi\u00e7os de Planejamento e Sess\u00f5es Fotogr\u00e1ficas.<\/li>\n\n\n\n<li><strong>Pagamento final:<\/strong> O saldo restante dever\u00e1 ser pago antes ou no dia da sua sess\u00e3o de fotos ou evento, de acordo com o cronograma definido no seu contrato espec\u00edfico.<\/li>\n\n\n\n<li><strong>M\u00e9todos de pagamento:<\/strong> Os m\u00e9todos de pagamento aceitos (geralmente transfer\u00eancia banc\u00e1ria ou pagamento online seguro) e os detalhes ser\u00e3o fornecidos na sua proposta\/fatura. Todos os pre\u00e7os s\u00e3o normalmente cotados em euros (\u20ac).<\/li>\n<\/ul>\n\n\n\n<p>\u274c <strong>Cancelamentos e Reembolsos<\/strong><\/p>\n\n\n\n<p>Investimos tempo e dedica\u00e7\u00e3o significativos desde o momento da sua reserva. Sabemos que os planos podem mudar, portanto, revise atentamente as pol\u00edticas de cancelamento espec\u00edficas aplic\u00e1veis aos servi\u00e7os que voc\u00ea reservou:<\/p>\n\n\n\n<p><strong>Pol\u00edtica de Cancelamento para Servi\u00e7os de Planejamento<\/strong><\/p>\n\n\n\n<ul class=\"wp-block-list\">\n<li><strong>Estritamente n\u00e3o reembols\u00e1vel:<\/strong> Devido \u00e0 natureza extensa do planejamento de eventos, coordena\u00e7\u00e3o de fornecedores, garantia de locais e assun\u00e7\u00e3o de compromissos financeiros em seu nome, muitas vezes com meses ou at\u00e9 anos de anteced\u00eancia, <strong>todos os pagamentos feitos explicitamente para Servi\u00e7os de Planejamento (incluindo o dep\u00f3sito\/reten\u00e7\u00e3o inicial e quaisquer parcelas subsequentes) s\u00e3o estritamente n\u00e3o reembols\u00e1veis<\/strong> a partir do momento em que s\u00e3o pagos.<\/li>\n\n\n\n<li>Isso se aplica independentemente do motivo do cancelamento ou de quanto tempo de anteced\u00eancia o cancelamento ocorrer, pois nosso trabalho dedicado ao seu evento personalizado come\u00e7a imediatamente ap\u00f3s a reserva.<\/li>\n<\/ul>\n\n\n\n<p><strong>Pol\u00edtica de cancelamento para sess\u00f5es fotogr\u00e1ficas<\/strong><\/p>\n\n\n\n<ul class=\"wp-block-list\">\n<li><strong>Cancelamentos feitos MAIS de 10 dias \u00fateis ANTES<\/strong> a data agendada para a sess\u00e3o de fotos: Voc\u00ea receber\u00e1 um <strong>reembolso total<\/strong> do valor total pago especificamente para a sess\u00e3o de fotos, <strong>menos uma taxa administrativa de 10%.<\/strong> (Esta taxa \u00e9 calculada com base no valor total da reserva original da sess\u00e3o de fotos.)<\/li>\n\n\n\n<li><strong>Cancelamentos feitos 10 dias \u00fateis completos ou MENOS ANTES<\/strong> a data agendada para a sess\u00e3o de fotos: Os pagamentos feitos explicitamente para a sess\u00e3o de fotos s\u00e3o <strong>n\u00e3o reembols\u00e1vel<\/strong> neste ponto.<\/li>\n<\/ul>\n\n\n\n<p><strong>Condi\u00e7\u00f5es Gerais (Aplic\u00e1veis a Todos os Servi\u00e7os)<\/strong><\/p>\n\n\n\n<ul class=\"wp-block-list\">\n<li><strong>N\u00e3o comparecimento e problemas de \u00faltima hora:<\/strong> N\u00e3o ser\u00e3o fornecidos reembolsos para n\u00e3o comparecimentos ou cancelamentos que ocorrerem dentro de 10 dias \u00fateis completos da data do servi\u00e7o\/hor\u00e1rio de in\u00edcio do evento devido a quaisquer circunst\u00e2ncias, incluindo (mas n\u00e3o se limitando a): problemas clim\u00e1ticos \ud83c\udf27\ufe0f, atrasos\/cancelamentos de voos \u2708\ufe0f, greves, pandemias, restri\u00e7\u00f5es governamentais, gravidez, problemas de sa\u00fade, mudan\u00e7as de ideia, mudan\u00e7as de relacionamento, etc.<\/li>\n\n\n\n<li><strong>Cancelamento do KMIP (For\u00e7a Maior):<\/strong> No caso extremamente raro de a KMIP n\u00e3o poder executar os servi\u00e7os contratados devido a circunst\u00e2ncias imprevistas totalmente alheias \u00e0 nossa vontade (eventos de For\u00e7a Maior declarados pela lei francesa, doen\u00e7a debilitante que impe\u00e7a a presta\u00e7\u00e3o do servi\u00e7o), notificaremos voc\u00ea imediatamente. Nossa responsabilidade se limitar\u00e1 ao reembolso de pagamentos efetuados diretamente. <em>para KMIP<\/em> para o(s) servi\u00e7o(s) espec\u00edfico(s) que n\u00e3o podemos prestar, conforme determinado pela legisla\u00e7\u00e3o francesa aplic\u00e1vel. Tentaremos ajud\u00e1-lo(a) a encontrar alternativas, embora isso n\u00e3o possa ser garantido.<\/li>\n\n\n\n<li><strong>Reagendamento:<\/strong> Embora sempre tentemos ser flex\u00edveis, os pedidos de remarca\u00e7\u00e3o est\u00e3o sujeitos \u00e0 nossa disponibilidade e podem incorrer em taxas adicionais. O remarca\u00e7\u00e3o n\u00e3o \u00e9 garantido e n\u00e3o substitui os termos da pol\u00edtica de cancelamento com base no <em>original<\/em> data reservada.<\/li>\n<\/ul>\n\n\n\n<p>\ud83d\udcf8 <strong>Entreg\u00e1veis e Uso de Imagem<\/strong><\/p>\n\n\n\n<ul class=\"wp-block-list\">\n<li><strong>O que voc\u00ea ganha:<\/strong> Para ensaios fotogr\u00e1ficos\/eventos com fotografia\/videografia, entregamos arquivos digitais de alta resolu\u00e7\u00e3o (imagens editadas, possivelmente filmagens importantes sem edi\u00e7\u00e3o, se acordado) por meio de uma galeria online segura ou transfer\u00eancia. Nenhum produto f\u00edsico (impress\u00f5es, \u00e1lbuns) est\u00e1 inclu\u00eddo, a menos que especificado em seu contrato.<\/li>\n\n\n\n<li><strong>Direitos de uso:<\/strong> Voc\u00ea recebe uma licen\u00e7a para <strong>uso pessoal<\/strong> de suas imagens\/v\u00eddeos (compartilhar com amigos\/familiares, redes sociais pessoais, imprimir para voc\u00eas mesmos). O uso comercial n\u00e3o \u00e9 permitido sem consentimento pr\u00e9vio por escrito.<\/li>\n\n\n\n<li><strong>Direitos autorais:<\/strong> O fot\u00f3grafo\/cinegrafista ret\u00e9m os direitos autorais das imagens\/v\u00eddeos criados.<\/li>\n\n\n\n<li><strong>Uso do portf\u00f3lio KMIP:<\/strong> Adoramos exibir nosso trabalho! Podemos solicitar sua permiss\u00e3o (por meio de uma cl\u00e1usula separada em seu contrato ou de uma autoriza\u00e7\u00e3o de modelo) para usar imagens\/v\u00eddeos selecionados do seu evento\/sess\u00e3o de fotos em nosso site, redes sociais e materiais promocionais. <strong>N\u00f3s somente os utilizaremos com seu consentimento expl\u00edcito por escrito.<\/strong><\/li>\n<\/ul>\n\n\n\n<p>\ud83e\udd1d <strong>Nosso papel e responsabilidades<\/strong><\/p>\n\n\n\n<ul class=\"wp-block-list\">\n<li><strong>KMIP:<\/strong> Prometemos fornecer os servi\u00e7os de planejamento, coordena\u00e7\u00e3o ou fotografia descritos em seu contrato espec\u00edfico com habilidade e cuidado profissional.<\/li>\n\n\n\n<li><strong>Cliente:<\/strong> Contamos com voc\u00ea para uma comunica\u00e7\u00e3o r\u00e1pida, fornecendo informa\u00e7\u00f5es precisas, tomando decis\u00f5es\/aprova\u00e7\u00f5es necess\u00e1rias prontamente e cumprindo o cronograma de pagamento.<\/li>\n\n\n\n<li><strong>Fornecedores terceirizados:<\/strong> Como planejadores, coordenamos com diversos fornecedores independentes (locais, buffets, etc.). Embora selecionemos e recomendemos parceiros de renome, n\u00e3o podemos ser responsabilizados pelo desempenho, falhas ou a\u00e7\u00f5es espec\u00edficas dessas empresas terceirizadas. Nosso papel \u00e9 coordenar e planejar.<\/li>\n<\/ul>\n\n\n\n<p>\ud83d\udc68\u200d\ud83d\udc69\u200d\ud83d\udc67 <strong>Menores<\/strong><\/p>\n\n\n\n<p>Podemos fotografar menores como parte de sess\u00f5es de fotos ou eventos familiares, sempre exigindo a permiss\u00e3o de um dos pais ou respons\u00e1vel legal, que idealmente deve estar presente durante a sess\u00e3o.<\/p>\n\n\n\n<p>\ud83d\udee1\ufe0f <strong>Limites de responsabilidade<\/strong><\/p>\n\n\n\n<p>Exceto onde proibido pela lei francesa, a responsabilidade da KMIP \u00e9 limitada. N\u00e3o nos responsabilizamos por circunst\u00e2ncias fora do nosso controle razo\u00e1vel, incluindo fen\u00f4menos naturais, condi\u00e7\u00f5es clim\u00e1ticas, greves, problemas de transporte ou circunst\u00e2ncias pessoais do cliente (doen\u00e7a, voos perdidos, etc.). Nossa responsabilidade total relacionada aos servi\u00e7os prestados n\u00e3o exceder\u00e1 o valor total pago por voc\u00ea \u00e0 KMIP por esses servi\u00e7os espec\u00edficos.<\/p>\n\n\n\n<p><em>D\u00favidas sobre estes termos? Pergunte antes de reservar! <a href=\"https:\/\/kissinparis.com\/pt\/contato-sucesso\/\">Voc\u00ea pode entrar em contato conosco aqui<\/a> ou envie um e-mail para support@kissinparis.com.<\/em><\/p>\n<\/div><\/div>\n\n\n\n<p><\/p>","protected":false},"excerpt":{"rendered":"<p>Terms of Service Welcome to Kiss Me in Paris, where we turn Parisian dreams into reality! Please read these terms \u2013 they form the basis of our fantastic working relationship when you book our planning or photoshoot services. \ud83c\uddeb\ud83c\uddf7 Our Agreement These terms, along with your signed proposal or contract, form the agreement between you [&hellip;]<\/p>\n","protected":false},"author":40,"featured_media":0,"parent":0,"menu_order":0,"comment_status":"closed","ping_status":"closed","template":"","meta":{"_acf_changed":false,"ub_ctt_via":"","footnotes":""},"class_list":["post-20031","page","type-page","status-publish","hentry"],"acf":[],"featured_image_src":null,"_links":{"self":[{"href":"https:\/\/kissinparis.com\/pt\/wp-json\/wp\/v2\/pages\/20031","targetHints":{"allow":["GET"]}}],"collection":[{"href":"https:\/\/kissinparis.com\/pt\/wp-json\/wp\/v2\/pages"}],"about":[{"href":"https:\/\/kissinparis.com\/pt\/wp-json\/wp\/v2\/types\/page"}],"author":[{"embeddable":true,"href":"https:\/\/kissinparis.com\/pt\/wp-json\/wp\/v2\/users\/40"}],"replies":[{"embeddable":true,"href":"https:\/\/kissinparis.com\/pt\/wp-json\/wp\/v2\/comments?post=20031"}],"version-history":[{"count":4,"href":"https:\/\/kissinparis.com\/pt\/wp-json\/wp\/v2\/pages\/20031\/revisions"}],"predecessor-version":[{"id":28556,"href":"https:\/\/kissinparis.com\/pt\/wp-json\/wp\/v2\/pages\/20031\/revisions\/28556"}],"wp:attachment":[{"href":"https:\/\/kissinparis.com\/pt\/wp-json\/wp\/v2\/media?parent=20031"}],"curies":[{"name":"wp","href":"https:\/\/api.w.org\/{rel}","templated":true}]}}