{"id":20032,"date":"2025-05-02T11:58:48","date_gmt":"2025-05-02T11:58:48","guid":{"rendered":"https:\/\/kissinparis.com\/?page_id=20032"},"modified":"2026-02-20T13:46:42","modified_gmt":"2026-02-20T13:46:42","slug":"politica-de-cookies","status":"publish","type":"page","link":"https:\/\/kissinparis.com\/pt\/cookie-policy\/","title":{"rendered":"Pol\u00edtica de Cookies"},"content":{"rendered":"<div class=\"wp-block-group alignfull sec heror-section mt-0 mb-0 has-scroll-down has-background-color has-primary-background-color has-text-color has-background has-link-color wp-elements-1316ceccd1c5a1c713608d96d7a24773\"><div class=\"wp-block-group__inner-container is-layout-constrained wp-block-group-is-layout-constrained\">\n<h1 class=\"wp-block-heading alignwide has-text-align-left full has-background-color has-text-color has-link-color wp-elements-5bfd07e11c315872cfe257447c873d90\">Pol\u00edtica de Cookies<\/h1>\n<\/div><\/div>\n\n\n\n<div class=\"wp-block-group alignfull sec mt-0 mb-0\"><div class=\"wp-block-group__inner-container is-layout-constrained wp-block-group-is-layout-constrained\">\n<p>Esta p\u00e1gina explica como a Kiss Me in Paris utiliza cookies em kissinparis.com e quais s\u00e3o as suas op\u00e7\u00f5es.<\/p>\n\n\n\n<p><strong>Que tipo de cookies s\u00e3o?<\/strong><\/p>\n\n\n\n<p>Os cookies s\u00e3o pequenos arquivos de texto armazenados no seu dispositivo quando voc\u00ea visita um site. Eles ajudam o site a lembrar suas prefer\u00eancias, a funcionar corretamente e nos fornecem informa\u00e7\u00f5es sobre como os visitantes usam o site.<\/p>\n\n\n\n<p><strong>Cookies que utilizamos<\/strong><\/p>\n\n\n\n<p><em>Cookies estritamente necess\u00e1rios<\/em> Esses cookies mant\u00eam o site funcionando \u2014 coisas como lembrar sua escolha de consentimento de cookies e manter sua sess\u00e3o. Eles n\u00e3o exigem seu consentimento e n\u00e3o podem ser desativados.<\/p>\n\n\n\n<p><em>Cookies anal\u00edticos (requerem seu consentimento)<\/em> Utilizamos o Google Analytics para entender quais p\u00e1ginas os visitantes acessam com mais frequ\u00eancia e como navegam pelo site. Esses dados s\u00e3o anonimizados e nos ajudam a melhorar a experi\u00eancia do usu\u00e1rio. Esses cookies s\u00f3 s\u00e3o instalados ap\u00f3s o seu consentimento.<\/p>\n\n\n\n<p><em>Cookies de marketing (requerem seu consentimento)<\/em> Utilizamos o Pixel Meta (do Facebook) e a Tag de Insights do LinkedIn para medir a efic\u00e1cia da nossa publicidade e alcan\u00e7ar potenciais clientes. Esses cookies s\u00f3 s\u00e3o instalados ap\u00f3s o seu consentimento. Se aplic\u00e1vel, cookies relacionados a ferramentas integradas, como o chat do WhatsApp, tamb\u00e9m podem se enquadrar nessa categoria.<\/p>\n\n\n\n<p><strong>Suas op\u00e7\u00f5es<\/strong><\/p>\n\n\n\n<p>Ao visitar o site pela primeira vez, voc\u00ea ver\u00e1 um banner de consentimento. Voc\u00ea pode aceitar todos os cookies, rejeitar os cookies n\u00e3o essenciais ou escolher quais categorias permitir.<\/p>\n\n\n\n<p>Mudou de ideia? Voc\u00ea pode atualizar suas prefer\u00eancias a qualquer momento nas configura\u00e7\u00f5es do seu navegador. A maioria dos navegadores permite visualizar, gerenciar e excluir cookies individualmente. Consulte a se\u00e7\u00e3o de ajuda do seu navegador para obter instru\u00e7\u00f5es espec\u00edficas.<\/p>\n\n\n\n<p><strong>Quest\u00f5es<\/strong> <\/p>\n\n\n\n<p>Para qualquer assunto relacionado a cookies ou privacidade de dados, entre em contato conosco pelo endere\u00e7o: <em><a href=\"mailto:support@kissinparis.com\">support@kissinparis.com<\/a><\/em> ou leia nossa Pol\u00edtica de Privacidade completa.<\/p>\n<\/div><\/div>","protected":false},"excerpt":{"rendered":"<p>Cookie Policy This page explains how Kiss Me in Paris uses cookies on kissinparis.com and what choices you have. What cookies are Cookies are small text files stored on your device when you visit a website. They help the site remember your preferences, function properly, and give us insight into how visitors use the site. [&hellip;]<\/p>\n","protected":false},"author":40,"featured_media":0,"parent":0,"menu_order":0,"comment_status":"closed","ping_status":"closed","template":"","meta":{"_acf_changed":false,"ub_ctt_via":"","footnotes":""},"class_list":["post-20032","page","type-page","status-publish","hentry"],"acf":[],"featured_image_src":null,"_links":{"self":[{"href":"https:\/\/kissinparis.com\/pt\/wp-json\/wp\/v2\/pages\/20032","targetHints":{"allow":["GET"]}}],"collection":[{"href":"https:\/\/kissinparis.com\/pt\/wp-json\/wp\/v2\/pages"}],"about":[{"href":"https:\/\/kissinparis.com\/pt\/wp-json\/wp\/v2\/types\/page"}],"author":[{"embeddable":true,"href":"https:\/\/kissinparis.com\/pt\/wp-json\/wp\/v2\/users\/40"}],"replies":[{"embeddable":true,"href":"https:\/\/kissinparis.com\/pt\/wp-json\/wp\/v2\/comments?post=20032"}],"version-history":[{"count":6,"href":"https:\/\/kissinparis.com\/pt\/wp-json\/wp\/v2\/pages\/20032\/revisions"}],"predecessor-version":[{"id":29443,"href":"https:\/\/kissinparis.com\/pt\/wp-json\/wp\/v2\/pages\/20032\/revisions\/29443"}],"wp:attachment":[{"href":"https:\/\/kissinparis.com\/pt\/wp-json\/wp\/v2\/media?parent=20032"}],"curies":[{"name":"wp","href":"https:\/\/api.w.org\/{rel}","templated":true}]}}