{"id":24428,"date":"2025-06-11T13:51:03","date_gmt":"2025-06-11T13:51:03","guid":{"rendered":"https:\/\/kissinparis.com\/?page_id=24428"},"modified":"2025-10-28T09:09:49","modified_gmt":"2025-10-28T09:09:49","slug":"planejamento-casamento","status":"publish","type":"page","link":"https:\/\/kissinparis.com\/pt\/wedding-planning\/","title":{"rendered":"Central de planejamento de casamento em Paris"},"content":{"rendered":"<div class=\"wp-block-group alignfull sec full-width pt-0 pb-0 mt-0 mb-0 bg-transition-light has-background-color has-primary-background-color has-text-color has-background has-link-color wp-elements-28aeafef70270eb1b53fe03ff8abc34d\"><div class=\"wp-block-group__inner-container is-layout-constrained wp-block-group-is-layout-constrained\">\n<div class=\"wp-block-group alignfull sec heror-section full-width mt-0 mb-0 has-scroll-down pb-0\"><div class=\"wp-block-group__inner-container is-layout-constrained wp-block-group-is-layout-constrained\">\n<div class=\"wp-block-columns alignfull summery is-layout-flex wp-container-core-columns-is-layout-9d6595d7 wp-block-columns-is-layout-flex\">\n<div class=\"wp-block-column is-layout-flow wp-block-column-is-layout-flow\">\n<h1 class=\"wp-block-heading has-text-align-left full has-background-color has-text-color has-link-color wp-elements-0606dfb4bf140e196f7cc8f88fdf859b\">Central de planejamento de casamento em Paris<\/h1>\n\n\n\n<h2 class=\"wp-block-heading mt-0 has-large-font-size\">Comece aqui: locais, guias de especialistas, ideias de elopement e assessoria completa.<\/h2>\n<\/div>\n\n\n\n<div class=\"wp-block-column lead is-layout-flow wp-block-column-is-layout-flow\">\n<p>Seu ponto de partida para planejar casamentos e elopements em Paris, apoiado pelo nosso acesso exclusivo a hot\u00e9is premium, castelos e fornecedores desde 2013. Trabalhe com nossos organizadores de casamento, explore nossos guias de casamento e elopement em Paris, encontre fot\u00f3grafos experientes para cobertura completa, sess\u00f5es pr\u00e9-casamento ou fotos de elopement, e receba conselhos pr\u00e1ticos para sua celebra\u00e7\u00e3o\u2014seja \u00edntima ou luxuosa.<\/p>\n<\/div>\n<\/div>\n<\/div><\/div>\n\n\n\n<div class=\"wp-block-group alignfull mt-0 mb-0 sec sec-fullwidth sec-packages sec-sm-pt\" id=\"packages\"><div class=\"wp-block-group__inner-container is-layout-constrained wp-block-group-is-layout-constrained\">\n<div class=\"filters v2 mt-0 mb-0 alignfull\"><\/div><div id=\"all-items\" class=\"is-layout-flex wp-block-columns works filtarable boxes v2 alignfull\"><div class=\"is-layout-flow wp-block-column work all\" data-price=\"\"><a href=\"https:\/\/kissinparis.com\/pt\/organizador-casamentos-paris\/\"  title=\"Contrate um planejador de casamentos\" aria-label=\"Contrate um planejador de casamentos\"><figure class=\"wp-block-image size-full\"><img loading=\"lazy\" decoding=\"async\" width=\"1600\" height=\"1067\" src=\"https:\/\/kissinparis.com\/wp-content\/uploads\/2025\/05\/paris-elopement-chateau-vaux-le-vicomte-luxury-vintage-car.webp\" class=\"figure figure-1\" alt=\"Casamento de luxo em Paris, no Ch\u00e2teau Vaux-le-Vicomte, com a noiva em um vestido de alta costura, o noivo em um terno Tom Ford e um convers\u00edvel vintage branco\" title=\"Contrate um planejador de casamentos\" srcset=\"https:\/\/kissinparis.com\/wp-content\/uploads\/2025\/05\/paris-elopement-chateau-vaux-le-vicomte-luxury-vintage-car.webp 1600w, https:\/\/kissinparis.com\/wp-content\/uploads\/2025\/05\/paris-elopement-chateau-vaux-le-vicomte-luxury-vintage-car-300x200.webp 300w, https:\/\/kissinparis.com\/wp-content\/uploads\/2025\/05\/paris-elopement-chateau-vaux-le-vicomte-luxury-vintage-car-1024x683.webp 1024w, https:\/\/kissinparis.com\/wp-content\/uploads\/2025\/05\/paris-elopement-chateau-vaux-le-vicomte-luxury-vintage-car-768x512.webp 768w, https:\/\/kissinparis.com\/wp-content\/uploads\/2025\/05\/paris-elopement-chateau-vaux-le-vicomte-luxury-vintage-car-1536x1024.webp 1536w, https:\/\/kissinparis.com\/wp-content\/uploads\/2025\/05\/paris-elopement-chateau-vaux-le-vicomte-luxury-vintage-car-1200x800.webp 1200w\" sizes=\"auto, (max-width: 1600px) 100vw, 1600px\" \/><\/figure><div class=\"wp-block-group caption is-vertical is-layout-flex wp-container-core-group-layout-5 wp-block-group-is-layout-flex\"><h3 class=\"full\">Contrate um planejador de casamentos<\/h3><p class=\"full\">Planejamento de servi\u00e7o completo, desde a sele\u00e7\u00e3o do local at\u00e9 o gerenciamento dos convidados e o dia da celebra\u00e7\u00e3o<\/p><\/div><\/a><\/div><div class=\"is-layout-flow wp-block-column work all\" data-price=\"\"><a href=\"https:\/\/kissinparis.com\/pt\/casamento-intimo-paris\/\"  title=\"Guia de fuga para Paris\" aria-label=\"Guia de fuga para Paris\"><figure class=\"wp-block-image size-full\"><img loading=\"lazy\" decoding=\"async\" width=\"1600\" height=\"1067\" src=\"https:\/\/kissinparis.com\/wp-content\/uploads\/2025\/06\/paris-elopement-sunrise-eiffel-tower-couple.webp\" class=\"figure figure-1\" alt=\"Noivo carregando a noiva em vestido branco com sapatos Louboutin em dire\u00e7\u00e3o \u00e0 Torre Eiffel durante o nascer do sol dourado na Pont d&#039;Iena\" title=\"Guia de fuga para Paris\" srcset=\"https:\/\/kissinparis.com\/wp-content\/uploads\/2025\/06\/paris-elopement-sunrise-eiffel-tower-couple.webp 1600w, https:\/\/kissinparis.com\/wp-content\/uploads\/2025\/06\/paris-elopement-sunrise-eiffel-tower-couple-300x200.webp 300w, https:\/\/kissinparis.com\/wp-content\/uploads\/2025\/06\/paris-elopement-sunrise-eiffel-tower-couple-1024x683.webp 1024w, https:\/\/kissinparis.com\/wp-content\/uploads\/2025\/06\/paris-elopement-sunrise-eiffel-tower-couple-768x512.webp 768w, https:\/\/kissinparis.com\/wp-content\/uploads\/2025\/06\/paris-elopement-sunrise-eiffel-tower-couple-1536x1024.webp 1536w, https:\/\/kissinparis.com\/wp-content\/uploads\/2025\/06\/paris-elopement-sunrise-eiffel-tower-couple-1200x800.webp 1200w\" sizes=\"auto, (max-width: 1600px) 100vw, 1600px\" \/><\/figure><div class=\"wp-block-group caption is-vertical is-layout-flex wp-container-core-group-layout-5 wp-block-group-is-layout-flex\"><h3 class=\"full\">Guia de fuga para Paris<\/h3><p class=\"full\">Guia definitivo para 2026: melhores locais, sele\u00e7\u00e3o de fornecedores, pacotes e roteiro de planejamento completo<\/p><\/div><\/a><\/div><div class=\"is-layout-flow wp-block-column work all\" data-price=\"\"><a href=\"https:\/\/kissinparis.com\/pt\/casamento-em-paris\/\"  title=\"Guia de casamento em Paris\" aria-label=\"Guia de casamento em Paris\"><figure class=\"wp-block-image size-full\"><img loading=\"lazy\" decoding=\"async\" width=\"1700\" height=\"1134\" src=\"https:\/\/kissinparis.com\/wp-content\/uploads\/2023\/03\/Chateau-de-Vaux-le-Vicomte-Wedding-in-Paris-83.jpg\" class=\"figure figure-1\" alt=\"Carro branco em um casamento no Ch\u00e2teau de Vaux-le-Vicomte, perto de Paris\" title=\"Guia de casamento em Paris\" srcset=\"https:\/\/kissinparis.com\/wp-content\/uploads\/2023\/03\/Chateau-de-Vaux-le-Vicomte-Wedding-in-Paris-83.jpg 1700w, https:\/\/kissinparis.com\/wp-content\/uploads\/2023\/03\/Chateau-de-Vaux-le-Vicomte-Wedding-in-Paris-83-300x200.jpg 300w, https:\/\/kissinparis.com\/wp-content\/uploads\/2023\/03\/Chateau-de-Vaux-le-Vicomte-Wedding-in-Paris-83-1024x683.jpg 1024w, https:\/\/kissinparis.com\/wp-content\/uploads\/2023\/03\/Chateau-de-Vaux-le-Vicomte-Wedding-in-Paris-83-768x512.jpg 768w, https:\/\/kissinparis.com\/wp-content\/uploads\/2023\/03\/Chateau-de-Vaux-le-Vicomte-Wedding-in-Paris-83-1536x1025.jpg 1536w, https:\/\/kissinparis.com\/wp-content\/uploads\/2023\/03\/Chateau-de-Vaux-le-Vicomte-Wedding-in-Paris-83-1200x800.jpg 1200w\" sizes=\"auto, (max-width: 1700px) 100vw, 1700px\" \/><\/figure><div class=\"wp-block-group caption is-vertical is-layout-flex wp-container-core-group-layout-5 wp-block-group-is-layout-flex\"><h3 class=\"full\">Guia de casamento em Paris<\/h3><p class=\"full\">Guia de planejamento abrangente com an\u00e1lises de locais, listas de fornecedores e dicas de or\u00e7amento<\/p><\/div><\/a><\/div><div class=\"is-layout-flow wp-block-column work all\" data-price=\"\"><a href=\"https:\/\/kissinparis.com\/pt\/casamento-em-paris\/preparativos\/\"  title=\"Fotografia pr\u00e9-casamento\" aria-label=\"Fotografia pr\u00e9-casamento\"><figure class=\"wp-block-image size-full\"><img loading=\"lazy\" decoding=\"async\" width=\"1500\" height=\"1001\" src=\"https:\/\/kissinparis.com\/wp-content\/uploads\/2025\/06\/pre-wedding-shoot-in-Paris-price-1.jpg\" class=\"figure figure-1\" alt=\"Pacote de ensaio fotogr\u00e1fico pr\u00e9-casamento em Paris\" title=\"Fotografia pr\u00e9-casamento\" srcset=\"https:\/\/kissinparis.com\/wp-content\/uploads\/2025\/06\/pre-wedding-shoot-in-Paris-price-1.jpg 1500w, https:\/\/kissinparis.com\/wp-content\/uploads\/2025\/06\/pre-wedding-shoot-in-Paris-price-1-300x200.jpg 300w, https:\/\/kissinparis.com\/wp-content\/uploads\/2025\/06\/pre-wedding-shoot-in-Paris-price-1-1024x683.jpg 1024w, https:\/\/kissinparis.com\/wp-content\/uploads\/2025\/06\/pre-wedding-shoot-in-Paris-price-1-768x513.jpg 768w, https:\/\/kissinparis.com\/wp-content\/uploads\/2025\/06\/pre-wedding-shoot-in-Paris-price-1-1200x801.jpg 1200w\" sizes=\"auto, (max-width: 1500px) 100vw, 1500px\" \/><\/figure><div class=\"wp-block-group caption is-vertical is-layout-flex wp-container-core-group-layout-5 wp-block-group-is-layout-flex\"><h3 class=\"full\">Fotografia pr\u00e9-casamento<\/h3><p class=\"full\">Fotografia de casais em mais de 20 pontos tur\u00edsticos de Paris com aluguel de vestidos e assist\u00eancia de planejamento<\/p><\/div><\/a><\/div><div class=\"is-layout-flow wp-block-column work all\" data-price=\"\"><a href=\"https:\/\/kissinparis.com\/pt\/casamento-intimo-paris\/shangri-la\/\"  title=\"Fugas de Shangri-La\" aria-label=\"Fugas de Shangri-La\"><figure class=\"wp-block-image size-full\"><img loading=\"lazy\" decoding=\"async\" width=\"1600\" height=\"1067\" src=\"https:\/\/kissinparis.com\/wp-content\/uploads\/2025\/06\/Eiffel-Tower-couple-pictures-under-the-Eiffel-Tower-1.jpg\" class=\"figure figure-1\" alt=\"Fotos de casais na Torre Eiffel sob a Torre Eiffel\" title=\"Fugas de Shangri-La\" srcset=\"https:\/\/kissinparis.com\/wp-content\/uploads\/2025\/06\/Eiffel-Tower-couple-pictures-under-the-Eiffel-Tower-1.jpg 1600w, https:\/\/kissinparis.com\/wp-content\/uploads\/2025\/06\/Eiffel-Tower-couple-pictures-under-the-Eiffel-Tower-1-300x200.jpg 300w, https:\/\/kissinparis.com\/wp-content\/uploads\/2025\/06\/Eiffel-Tower-couple-pictures-under-the-Eiffel-Tower-1-1024x683.jpg 1024w, https:\/\/kissinparis.com\/wp-content\/uploads\/2025\/06\/Eiffel-Tower-couple-pictures-under-the-Eiffel-Tower-1-768x512.jpg 768w, https:\/\/kissinparis.com\/wp-content\/uploads\/2025\/06\/Eiffel-Tower-couple-pictures-under-the-Eiffel-Tower-1-1536x1024.jpg 1536w, https:\/\/kissinparis.com\/wp-content\/uploads\/2025\/06\/Eiffel-Tower-couple-pictures-under-the-Eiffel-Tower-1-1200x800.jpg 1200w\" sizes=\"auto, (max-width: 1600px) 100vw, 1600px\" \/><\/figure><div class=\"wp-block-group caption is-vertical is-layout-flex wp-container-core-group-layout-5 wp-block-group-is-layout-flex\"><h3 class=\"full\">Fugas de Shangri-La<\/h3><p class=\"full\">Cerim\u00f4nias no Palace Hotel em terra\u00e7os privativos da Torre Eiffel com servi\u00e7os completos de planejamento<\/p><\/div><\/a><\/div><\/div>\n<\/div><\/div>\n<\/div><\/div>\n\n\n\n<div class=\"wp-block-group alignfull mt-0 mb-0  sec sec-map\"><div class=\"wp-block-group__inner-container is-layout-constrained wp-block-group-is-layout-constrained\">\n<div class=\"wp-block-columns are-vertically-aligned-center mt-0 mb-0 is-layout-flex wp-container-core-columns-is-layout-9d6595d7 wp-block-columns-is-layout-flex\">\n<div class=\"wp-block-column is-vertically-aligned-center is-layout-flow wp-block-column-is-layout-flow\">\n<p class=\"title-v2 mb-20\">No cora\u00e7\u00e3o de Paris.<\/p>\n\n\n\n<p>Kiss Me in Paris Proposals &amp; Weddings<br>78 Av. Raymond Poincar\u00e9, 75116 Paris. Raymond Poincar\u00e9, 75116 Paris, Fran\u00e7a<br><a href=\"tel:+33661351511\">+33 6 61 35 15 11<\/a><br><a href=\"mailto:support@kissinparis.com\">support@kissinparis.com<\/a><\/p>\n<\/div>\n\n\n\n<div class=\"wp-block-column is-vertically-aligned-center is-layout-flow wp-block-column-is-layout-flow\">\n<iframe title=\"Mapa mostrando a localiza\u00e7\u00e3o do Kiss Me em Paris Proposals &amp; Weddings\" src=\"https:\/\/www.google.com\/maps\/embed?pb=!1m18!1m12!1m3!1d2624.433873533341!2d2.28082346080246!3d48.86900492627629!2m3!1f0!2f0!3f0!3m2!1i1024!2i768!4f13.1!3m3!1m2!1s0x47e66f84666f802f%3A0x7b03905155589b66!2sKiss%20Me%20in%20Paris%20Proposals%20%26%20Weddings!5e0!3m2!1sen!2sin!4v1744567332130!5m2!1sen!2sin\" width=\"600\" height=\"450\" style=\"border:0;\" allowfullscreen=\"\" loading=\"lazy\" referrerpolicy=\"no-referrer-when-downgrade\"><\/iframe>\n<\/div>\n<\/div>\n<\/div><\/div>\n\n\n\n<div class=\"wp-block-group popup-cta\"><div class=\"wp-block-group__inner-container is-layout-constrained wp-block-group-is-layout-constrained\">\n<figure class=\"wp-block-video\"><video height=\"960\" style=\"aspect-ratio: 686 \/ 960;\" width=\"686\" autoplay loop muted preload=\"none\" src=\"https:\/\/kissinparis.com\/wp-content\/uploads\/2025\/04\/Full-service-Paris-proposal-planner.mp4\" playsinline><\/video><\/figure>\n\n\n\n<p class=\"title\">Informe-se!<\/p>\n\n\n\n<p class=\"has-link whatsapp\"><a href=\"https:\/\/api.whatsapp.com\/send?phone=19175134350\" data-type=\"link\" data-id=\"https:\/\/api.whatsapp.com\/send?phone=19175134350\" target=\"_blank\" rel=\"noopener\">WhatsApp<\/a><\/p>\n\n\n\n<p class=\"has-link booking\"><a href=\"mailto:support@kissinparis.com?subject=Your Paris Proposal Packages Inquiry\" data-type=\"link\" data-id=\"https:\/\/api.whatsapp.com\/send?phone=19175134350\">Contato<\/a><\/p>\n<\/div><\/div>\n\n\n\n<p><\/p>","protected":false},"excerpt":{"rendered":"<p>Paris Wedding Planning Hub Start here: venues, expert guides, elopement ideas, and full-service planning. Your starting point for planning weddings and elopements in Paris, backed by our exclusive access to premier hotels, castles, and vendors since 2013. Work with our wedding planners, browse our Paris wedding and elopement guides, find experienced photographers for wedding coverage, [&hellip;]<\/p>\n","protected":false},"author":35,"featured_media":17929,"parent":0,"menu_order":0,"comment_status":"closed","ping_status":"closed","template":"","meta":{"_acf_changed":false,"ub_ctt_via":"","footnotes":""},"class_list":["post-24428","page","type-page","status-publish","has-post-thumbnail","hentry"],"acf":[],"featured_image_src":"https:\/\/kissinparis.com\/wp-content\/uploads\/2025\/04\/paris-luxury-wedding-planner-chateau-vaux-le-vicomte.avif","_links":{"self":[{"href":"https:\/\/kissinparis.com\/pt\/wp-json\/wp\/v2\/pages\/24428","targetHints":{"allow":["GET"]}}],"collection":[{"href":"https:\/\/kissinparis.com\/pt\/wp-json\/wp\/v2\/pages"}],"about":[{"href":"https:\/\/kissinparis.com\/pt\/wp-json\/wp\/v2\/types\/page"}],"author":[{"embeddable":true,"href":"https:\/\/kissinparis.com\/pt\/wp-json\/wp\/v2\/users\/35"}],"replies":[{"embeddable":true,"href":"https:\/\/kissinparis.com\/pt\/wp-json\/wp\/v2\/comments?post=24428"}],"version-history":[{"count":22,"href":"https:\/\/kissinparis.com\/pt\/wp-json\/wp\/v2\/pages\/24428\/revisions"}],"predecessor-version":[{"id":28677,"href":"https:\/\/kissinparis.com\/pt\/wp-json\/wp\/v2\/pages\/24428\/revisions\/28677"}],"wp:featuredmedia":[{"embeddable":true,"href":"https:\/\/kissinparis.com\/pt\/wp-json\/wp\/v2\/media\/17929"}],"wp:attachment":[{"href":"https:\/\/kissinparis.com\/pt\/wp-json\/wp\/v2\/media?parent=24428"}],"curies":[{"name":"wp","href":"https:\/\/api.w.org\/{rel}","templated":true}]}}