{"id":24577,"date":"2025-06-12T14:39:52","date_gmt":"2025-06-12T14:39:52","guid":{"rendered":"https:\/\/kissinparis.com\/?page_id=24577"},"modified":"2026-02-19T17:40:11","modified_gmt":"2026-02-19T17:40:11","slug":"mapa-do-site","status":"publish","type":"page","link":"https:\/\/kissinparis.com\/pt\/sitemap\/","title":{"rendered":"Mapa do site"},"content":{"rendered":"<div class=\"wp-block-group alignfull sec heror-section mt-0 mb-0 has-scroll-down has-background-color has-primary-background-color has-text-color has-background has-link-color wp-elements-aa88313a1056b2570b30498a0a4aca7d\"><div class=\"wp-block-group__inner-container is-layout-constrained wp-block-group-is-layout-constrained\">\n<h1 class=\"wp-block-heading alignwide has-text-align-left full has-background-color has-text-color has-link-color wp-elements-a7b081495257a8645e16111374bbb61b\">Diret\u00f3rio do site<\/h1>\n\n\n\n<p class=\"ml-0 container-sm\">Tudo em nosso site, organizado por servi\u00e7o. Use as se\u00e7\u00f5es abaixo para encontrar o que procura ou visite nossa p\u00e1gina &quot;Comece Aqui&quot; para uma vis\u00e3o geral guiada.<\/p>\n<\/div><\/div>\n\n\n\n<div class=\"wp-block-group alignfull mt-0 mb-0 sec sec-sitemap\"><div class=\"wp-block-group__inner-container is-layout-constrained wp-block-group-is-layout-constrained\">\n<nav aria-label=\"Mapa do site completo\" itemscope itemtype=\"http:\/\/schema.org\/SiteNavigationElement\">\n\n\n\n<h2 class=\"wp-block-heading\">Propostas<\/h2>\n\n\n\n<p>Recursos de planejamento, pacotes e guias de localiza\u00e7\u00e3o para propostas em Paris.<\/p>\n\n\n\n<ul class=\"wp-block-list\">\n<li><a href=\"https:\/\/kissinparis.com\/pt\/pedido-de-casamento-paris\/planejador\/\">Pedido de casamento em Paris<\/a><\/li>\n\n\n\n<li><a href=\"https:\/\/kissinparis.com\/pt\/pedido-de-casamento-paris\/pacote-torre-eiffel\/\" data-type=\"link\" data-id=\"https:\/\/kissinparis.com\/paris-proposal\/eiffel-tower-proposal-package\/\">Pacote de Proposta da Torre Eiffel<\/a><\/li>\n\n\n\n<li><a href=\"https:\/\/kissinparis.com\/pt\/pedido-de-casamento-paris\/pacotes\/\">Todos os Pacotes de Propostas<\/a><\/li>\n\n\n\n<li><a href=\"https:\/\/kissinparis.com\/pt\/pedido-de-casamento-paris\/por-que-pedir-em-paris\/\">Por que propor casamento em Paris<\/a><\/li>\n\n\n\n<li><a href=\"https:\/\/kissinparis.com\/pt\/pedido-de-casamento-paris\/ideias-paris\/\">Ideias para propostas em Paris<\/a><\/li>\n\n\n\n<li><a href=\"https:\/\/kissinparis.com\/pt\/onde-pedir-em-casamento-paris\/\">Melhores lugares para propor casamento em Paris<\/a><\/li>\n\n\n\n<li><a href=\"https:\/\/kissinparis.com\/pt\/pedido-de-casamento-cobertura-paris\/\">Melhores locais para pedidos de casamento no terra\u00e7o de Paris<\/a><\/li>\n\n\n\n<li><a href=\"https:\/\/kissinparis.com\/pt\/pedido-de-casamento-paris\/letras-gigantes\/\">Cartas de Proposta de Casamento &quot;Case Comigo&quot;<\/a><\/li>\n\n\n\n<li><a href=\"https:\/\/kissinparis.com\/pt\/pedido-de-casamento-paris\/secret-garden-torre-eiffel\/\">Pedido de casamento na Torre Eiffel do Jardim Secreto<\/a><\/li>\n\n\n\n<li><a href=\"https:\/\/kissinparis.com\/pt\/pedido-de-casamento-paris\/ensaio-surpresa\/\">Ensaio fotogr\u00e1fico Pedido de casamento surpresa<\/a><\/li>\n\n\n\n<li><a href=\"https:\/\/kissinparis.com\/pt\/pedido-de-casamento-paris\/piquenique\/\">Proposta de piquenique em Paris<\/a><\/li>\n\n\n\n<li><a href=\"https:\/\/kissinparis.com\/pt\/pedido-de-casamento-paris\/piquenique\/\">Custos da Proposta de Paris<\/a><\/li>\n\n\n\n<li><a href=\"https:\/\/kissinparis.com\/pt\/pedido-de-casamento-paris\/piquenique\/\">Planeje um pedido de casamento na Pen\u00ednsula de Paris<\/a><\/li>\n\n\n\n<li><a href=\"https:\/\/kissinparis.com\/pt\/pedido-de-casamento-paris\/upgrades-champanhe\/\" data-type=\"link\" data-id=\"https:\/\/kissinparis.com\/paris-proposal\/paris-champagne-upgrades\/\">Atualiza\u00e7\u00f5es de champanhe para celebra\u00e7\u00f5es extraordin\u00e1rias<\/a><\/li>\n<\/ul>\n\n\n\n<h2 class=\"wp-block-heading\">Casamentos e Elopement Weddings<\/h2>\n\n\n\n<p>Guias e planejamento para casamentos e cerim\u00f4nias de casamento a dois em Paris e na Fran\u00e7a.<\/p>\n\n\n\n<ul class=\"wp-block-list\">\n<li><a href=\"https:\/\/kissinparis.com\/pt\/organizador-casamentos-paris\/\">Planejador de casamentos em Paris<\/a><\/li>\n\n\n\n<li><a href=\"https:\/\/kissinparis.com\/pt\/casamento-intimo-paris\/shangri-la\/\">Shangri-La Paris Elopement<\/a><\/li>\n\n\n\n<li><a href=\"https:\/\/kissinparis.com\/pt\/casamento-em-paris\/preparativos\/\">Sess\u00f5es de fotos pr\u00e9-casamento em Paris<\/a><\/li>\n<\/ul>\n\n\n\n<h2 class=\"wp-block-heading\">Fotografia e Videografia<\/h2>\n\n\n\n<p>Servi\u00e7os de fotografia e filmagem para casais, fam\u00edlias, casamentos e ensaios individuais.<\/p>\n\n\n\n<ul class=\"wp-block-list\">\n<li><a href=\"https:\/\/kissinparis.com\/pt\/fotografo-paris\/\">Fot\u00f3grafo de Paris (Todos os Servi\u00e7os)<\/a><\/li>\n\n\n\n<li><a href=\"https:\/\/kissinparis.com\/pt\/reservar-agora\/\">Agendar uma sess\u00e3o de fotos<\/a><\/li>\n\n\n\n<li><a href=\"https:\/\/kissinparis.com\/pt\/pedido-de-casamento-paris\/fotografo\/\">Fotografia de Pedido de Casamento<\/a><\/li>\n\n\n\n<li><a href=\"https:\/\/kissinparis.com\/pt\/casamento-em-paris\/fotografo\/\">Fotografia de Casamento<\/a><\/li>\n\n\n\n<li><a href=\"https:\/\/kissinparis.com\/pt\/fotografia-boudoir-paris\/\">Fotografia Boudoir<\/a><\/li>\n\n\n\n<li><a href=\"https:\/\/kissinparis.com\/pt\/ensaio-fotografico-paris\/fotografo-familias\/\">Fotografia de Fam\u00edlia<\/a><\/li>\n\n\n\n<li><a href=\"https:\/\/kissinparis.com\/pt\/videografo-paris\/\">Videografia em Paris<\/a><\/li>\n\n\n\n<li><a href=\"https:\/\/kissinparis.com\/pt\/ensaio-fotografico-paris\/faq\/\">Perguntas frequentes sobre ensaios fotogr\u00e1ficos em Paris<\/a><\/li>\n<\/ul>\n\n\n\n<h2 class=\"wp-block-heading\">Guias e Inspira\u00e7\u00e3o<\/h2>\n\n\n\n<p>Guias de localiza\u00e7\u00e3o, dicas e recursos de planejamento.<\/p>\n\n\n\n<ul class=\"wp-block-list\">\n<li><a href=\"https:\/\/kissinparis.com\/pt\/melhores-lugares-para-fotos-paris\/\">Melhores locais para fotos em Paris<\/a><\/li>\n\n\n\n<li><a href=\"https:\/\/kissinparis.com\/pt\/poses-ensaio-casal\/\">Poses para ensaios fotogr\u00e1ficos de casal<\/a><\/li>\n\n\n\n<li><a href=\"https:\/\/kissinparis.com\/pt\/restaurantes-vista-torre-eiffel\/\">Restaurantes com vista para a Torre Eiffel<\/a><\/li>\n\n\n\n<li><a href=\"https:\/\/kissinparis.com\/pt\/fotos-noivado-paris\/\">Fotos de noivado em Paris<\/a><\/li>\n\n\n\n<li><a href=\"https:\/\/kissinparis.com\/pt\/recursos\/\">Todos os guias e recursos<\/a><\/li>\n<\/ul>\n<\/div><\/div>\n\n\n\n<\/nav>","protected":false},"excerpt":{"rendered":"<p>Site Directory Everything on our site, organized by service. Use the sections below to find what you&#8217;re looking for, or visit our Start Here page for a guided overview. Proposals Planning resources, packages, and location guides for Paris proposals. Weddings &amp; Elopements Guides and planning for destination weddings and elopements in Paris and France. Photography [&hellip;]<\/p>\n","protected":false},"author":35,"featured_media":0,"parent":0,"menu_order":0,"comment_status":"closed","ping_status":"closed","template":"","meta":{"_acf_changed":false,"ub_ctt_via":"","footnotes":""},"class_list":["post-24577","page","type-page","status-publish","hentry"],"acf":[],"featured_image_src":null,"_links":{"self":[{"href":"https:\/\/kissinparis.com\/pt\/wp-json\/wp\/v2\/pages\/24577","targetHints":{"allow":["GET"]}}],"collection":[{"href":"https:\/\/kissinparis.com\/pt\/wp-json\/wp\/v2\/pages"}],"about":[{"href":"https:\/\/kissinparis.com\/pt\/wp-json\/wp\/v2\/types\/page"}],"author":[{"embeddable":true,"href":"https:\/\/kissinparis.com\/pt\/wp-json\/wp\/v2\/users\/35"}],"replies":[{"embeddable":true,"href":"https:\/\/kissinparis.com\/pt\/wp-json\/wp\/v2\/comments?post=24577"}],"version-history":[{"count":18,"href":"https:\/\/kissinparis.com\/pt\/wp-json\/wp\/v2\/pages\/24577\/revisions"}],"predecessor-version":[{"id":29439,"href":"https:\/\/kissinparis.com\/pt\/wp-json\/wp\/v2\/pages\/24577\/revisions\/29439"}],"wp:attachment":[{"href":"https:\/\/kissinparis.com\/pt\/wp-json\/wp\/v2\/media?parent=24577"}],"curies":[{"name":"wp","href":"https:\/\/api.w.org\/{rel}","templated":true}]}}