{"id":29274,"date":"2026-02-14T12:24:55","date_gmt":"2026-02-14T12:24:55","guid":{"rendered":"https:\/\/kissinparis.com\/?page_id=29274"},"modified":"2026-02-16T11:52:43","modified_gmt":"2026-02-16T11:52:43","slug":"propostas-da-reuters-para-paris-2026","status":"publish","type":"page","link":"https:\/\/kissinparis.com\/pt\/in-the-media\/reuters-2026-paris-proposals\/","title":{"rendered":"Reuters sobre o mercado em expans\u00e3o dos pedidos de casamento em Paris (2026)"},"content":{"rendered":"<div class=\"wp-block-group alignfull sec heror-section mt-0 mb-0 has-scroll-down has-background-color has-primary-background-color has-text-color has-background has-link-color wp-elements-d69c569ec0e1ee39588ce261d9f5b31c\"><div class=\"wp-block-group__inner-container is-layout-constrained wp-block-group-is-layout-constrained\">\n<h1 class=\"wp-block-heading alignwide has-text-align-left full has-background-color has-text-color has-link-color wp-elements-a24c116236abfc0e92ae447d826846ea\">Reuters sobre o mercado em expans\u00e3o dos pedidos de casamento em Paris (2026)<\/h1>\n\n\n\n<h2 class=\"wp-block-heading alignfull has-large-font-size\">Com coment\u00e1rios de Chantelle Streete, cofundadora e planejadora executiva.<\/h2>\n\n\n\n<p>Em fevereiro de 2026, a Reuters noticiou o r\u00e1pido crescimento do planejamento de pedidos de casamento de luxo em Paris, destacando experi\u00eancias de alta produ\u00e7\u00e3o e a demanda por propostas que pare\u00e7am cinematogr\u00e1ficas, mas executadas com perfei\u00e7\u00e3o. A mat\u00e9ria apresentou a Kiss Me in Paris no contexto desse mercado premium e reflete a precis\u00e3o operacional, a discri\u00e7\u00e3o e a dire\u00e7\u00e3o criativa que nossa equipe \u2014 liderada por Chantelle Streete \u2014 dedica a momentos \u00fanicos na vida.<\/p>\n<\/div><\/div>\n\n\n\n<div class=\"wp-block-group alignfull mt-0 mb-0 sec\" id=\"2026-highlights\"><div class=\"wp-block-group__inner-container is-layout-constrained wp-block-group-is-layout-constrained\">\n<h2 class=\"wp-block-heading\">Principais conclus\u00f5es<\/h2>\n\n\n\n<ul class=\"wp-block-list\">\n<li>O planejamento de propostas de casamento em Paris est\u00e1 se tornando cada vez mais uma categoria de servi\u00e7o premium, com clientes globais e altas expectativas.<\/li>\n\n\n\n<li>A cobertura destaca a mudan\u00e7a em dire\u00e7\u00e3o a conceitos cinematogr\u00e1ficos e execu\u00e7\u00e3o totalmente gerenciada.<\/li>\n\n\n\n<li>Discri\u00e7\u00e3o, log\u00edstica e dire\u00e7\u00e3o criativa s\u00e3o essenciais para proporcionar experi\u00eancias de luxo.<\/li>\n<\/ul>\n\n\n\n<hr class=\"wp-block-separator has-alpha-channel-opacity\"\/>\n\n\n\n<h2 class=\"wp-block-heading\">Explore o planejamento de propostas<\/h2>\n\n\n\n<p>Se voc\u00ea est\u00e1 planejando um pedido de casamento em Paris e deseja uma equipe que possa gerenciar cada detalhe \u2014 do conceito \u00e0 execu\u00e7\u00e3o \u2014 explore nossos servi\u00e7os abaixo.<\/p>\n\n\n\n<div class=\"wp-block-buttons is-layout-flex wp-block-buttons-is-layout-flex\">\n<div class=\"wp-block-button has-arrow\"><a class=\"wp-block-button__link wp-element-button\" href=\"https:\/\/kissinparis.com\/pt\/pedido-de-casamento-paris\/planejador\/\"><em>Explore o planejamento de propostas<\/em><\/a><\/div>\n<\/div>\n\n\n\n<hr class=\"wp-block-separator has-alpha-channel-opacity\"\/>\n\n\n\n<h2 class=\"wp-block-heading\" id=\"where-published\">Onde foi publicado<\/h2>\n\n\n\n<p>Reportagem original e trechos selecionados de fontes confi\u00e1veis da Reuters:<\/p>\n\n\n\n<ul class=\"wp-block-list\">\n<li><a href=\"https:\/\/www.reuters.com\/world\/romantic-proposals-become-booming-business-city-love-2026-02-13\/\" target=\"_blank\" rel=\"noreferrer noopener\">Reuters (can\u00f4nica)<\/a><\/li>\n\n\n\n<li><a href=\"https:\/\/www.usnews.com\/news\/world\/articles\/2026-02-13\/romantic-proposals-become-a-booming-business-in-city-of-love\" target=\"_blank\" rel=\"noreferrer noopener\">Not\u00edcias e Relat\u00f3rio Mundial dos EUA<\/a><\/li>\n\n\n\n<li><a href=\"https:\/\/uk.news.yahoo.com\/romantic-proposals-become-booming-business-105214376.html\" target=\"_blank\" rel=\"noreferrer noopener\">Yahoo Not\u00edcias (Reino Unido)<\/a><\/li>\n\n\n\n<li><a href=\"https:\/\/www.investing.com\/news\/world-news\/romantic-proposals-become-a-booming-business-in-city-of-love-4504730\" target=\"_blank\" rel=\"noreferrer noopener\">Investing.com<\/a><\/li>\n\n\n\n<li><a href=\"https:\/\/www.boursorama.com\/actualite-economique\/actualites\/a-paris-la-ville-de-l-amour-le-marche-des-demandes-en-mariage-prospere-06958681710dd3180fae2927d1b5a651\" target=\"_blank\" rel=\"noreferrer noopener\">Boursorama<\/a><\/li>\n\n\n\n<li><a href=\"https:\/\/www.straitstimes.com\/world\/europe\/romantic-proposals-become-a-booming-business-in-city-of-love\" target=\"_blank\" rel=\"noreferrer noopener\">The Straits Times<\/a><\/li>\n<\/ul>\n<\/div><\/div>","protected":false},"excerpt":{"rendered":"<p>Reuters on the booming business of Paris proposals (2026) Featuring commentary from Chantelle Streete, co-founder and executive planner. In February 2026, Reuters reported on the rapid growth of luxury proposal planning in Paris\u2014highlighting high-production experiences and the demand for proposals that feel cinematic yet flawlessly executed. The story featured Kiss Me in Paris in the [&hellip;]<\/p>\n","protected":false},"author":40,"featured_media":0,"parent":29144,"menu_order":0,"comment_status":"closed","ping_status":"closed","template":"","meta":{"_acf_changed":false,"ub_ctt_via":"","footnotes":""},"class_list":["post-29274","page","type-page","status-publish","hentry"],"acf":[],"featured_image_src":null,"_links":{"self":[{"href":"https:\/\/kissinparis.com\/pt\/wp-json\/wp\/v2\/pages\/29274","targetHints":{"allow":["GET"]}}],"collection":[{"href":"https:\/\/kissinparis.com\/pt\/wp-json\/wp\/v2\/pages"}],"about":[{"href":"https:\/\/kissinparis.com\/pt\/wp-json\/wp\/v2\/types\/page"}],"author":[{"embeddable":true,"href":"https:\/\/kissinparis.com\/pt\/wp-json\/wp\/v2\/users\/40"}],"replies":[{"embeddable":true,"href":"https:\/\/kissinparis.com\/pt\/wp-json\/wp\/v2\/comments?post=29274"}],"version-history":[{"count":5,"href":"https:\/\/kissinparis.com\/pt\/wp-json\/wp\/v2\/pages\/29274\/revisions"}],"predecessor-version":[{"id":29412,"href":"https:\/\/kissinparis.com\/pt\/wp-json\/wp\/v2\/pages\/29274\/revisions\/29412"}],"up":[{"embeddable":true,"href":"https:\/\/kissinparis.com\/pt\/wp-json\/wp\/v2\/pages\/29144"}],"wp:attachment":[{"href":"https:\/\/kissinparis.com\/pt\/wp-json\/wp\/v2\/media?parent=29274"}],"curies":[{"name":"wp","href":"https:\/\/api.w.org\/{rel}","templated":true}]}}