{"id":29279,"date":"2026-02-14T12:32:22","date_gmt":"2026-02-14T12:32:22","guid":{"rendered":"https:\/\/kissinparis.com\/?page_id=29279"},"modified":"2026-02-16T11:52:51","modified_gmt":"2026-02-16T11:52:51","slug":"afp-2026-amor-no-sena","status":"publish","type":"page","link":"https:\/\/kissinparis.com\/pt\/in-the-media\/afp-2026-love-on-the-seine\/","title":{"rendered":"AFP \/ France 24 sobre o aumento de propostas pitorescas em Paris (2026)"},"content":{"rendered":"<div class=\"wp-block-group alignfull sec heror-section mt-0 mb-0 has-scroll-down has-background-color has-primary-background-color has-text-color has-background has-link-color wp-elements-32e273c2be9ecc59f41d639cfb4cfa4b\"><div class=\"wp-block-group__inner-container is-layout-constrained wp-block-group-is-layout-constrained\">\n<h1 class=\"wp-block-heading alignwide has-text-align-left full has-background-color has-text-color has-link-color wp-elements-38270cdf9a0f22141153ddb7de4efb97\">AFP \/ France 24 sobre o aumento de propostas pitorescas em Paris (2026)<\/h1>\n\n\n\n<h2 class=\"wp-block-heading alignfull has-large-font-size\">Com coment\u00e1rios de Chantelle Streete, cofundadora e planejadora executiva.<\/h2>\n\n\n\n<p>A AFP, em publica\u00e7\u00e3o na France 24, fez um perfil de &quot;Kiss Me in Paris&quot; no contexto da ascens\u00e3o do planejamento de pedidos de casamento cinematogr\u00e1ficos em Paris, citando Chantelle Streete sobre por que os clientes desejam pedidos de casamento que pare\u00e7am pessoais, envolventes e impecavelmente produzidos.<\/p>\n<\/div><\/div>\n\n\n\n<div class=\"wp-block-group alignfull mt-0 mb-0 sec\" id=\"2026-highlights\"><div class=\"wp-block-group__inner-container is-layout-constrained wp-block-group-is-layout-constrained\">\n<h2 class=\"wp-block-heading\">Vis\u00e3o geral<\/h2>\n\n\n\n<p>Em fevereiro de 2026, uma reportagem da AFP sobre a ascens\u00e3o dos pedidos de casamento pitorescos em Paris \u2014 publicada pela France 24 e republicada internacionalmente \u2014 capturou como os casais modernos est\u00e3o transformando seus noivados em experi\u00eancias cinematogr\u00e1ficas e profundamente pessoais. A mat\u00e9ria tra\u00e7a o perfil da Kiss Me in Paris e destaca a perspectiva de Chantelle Streete sobre o que os clientes mais valorizam: um conceito forte, um cen\u00e1rio deslumbrante e uma produ\u00e7\u00e3o impec\u00e1vel que faz com que cada detalhe seja perfeito.<\/p>\n\n\n\n<hr class=\"wp-block-separator has-alpha-channel-opacity\"\/>\n\n\n\n<h2 class=\"wp-block-heading\">Principais conclus\u00f5es<\/h2>\n\n\n\n<ul class=\"wp-block-list\">\n<li>As propostas para Paris s\u00e3o cada vez mais concebidas como experi\u00eancias imersivas \u2014 pessoais, cinematogr\u00e1ficas e meticulosamente planejadas.<\/li>\n\n\n\n<li>A execu\u00e7\u00e3o \u00e9 t\u00e3o importante quanto o local: o momento certo, a discri\u00e7\u00e3o e a qualidade da produ\u00e7\u00e3o moldam o cen\u00e1rio.<\/li>\n\n\n\n<li>A abrang\u00eancia reflete a demanda global por especialistas que gerenciam propostas de ponta a ponta.<\/li>\n<\/ul>\n\n\n\n<hr class=\"wp-block-separator has-alpha-channel-opacity\"\/>\n\n\n\n<h2 class=\"wp-block-heading\">Explore o planejamento de propostas<\/h2>\n\n\n\n<p>Se voc\u00ea deseja um pedido de casamento que pare\u00e7a natural no dia, mas que seja impecavelmente planejado nos bastidores, nossa equipe pode conceber e produzir toda a experi\u00eancia.<\/p>\n\n\n\n<div class=\"wp-block-buttons is-layout-flex wp-block-buttons-is-layout-flex\">\n<div class=\"wp-block-button has-arrow\"><a class=\"wp-block-button__link wp-element-button\" href=\"https:\/\/kissinparis.com\/pt\/pedido-de-casamento-paris\/planejador\/\"><em>Explore o planejamento de propostas<\/em><\/a><\/div>\n<\/div>\n\n\n\n<hr class=\"wp-block-separator has-alpha-channel-opacity\"\/>\n\n\n\n<h2 class=\"wp-block-heading\" id=\"where-published\">Onde foi publicado<\/h2>\n\n\n\n<p>Publica\u00e7\u00e3o original e trechos selecionados da reportagem da AFP\/France 24:<\/p>\n\n\n\n<ul class=\"wp-block-list\">\n<li><a href=\"https:\/\/www.france24.com\/en\/live-news\/20260212-love-on-the-seine-the-rise-of-picturesque-paris-proposals\" target=\"_blank\" rel=\"noreferrer noopener\">France 24 (PT)<\/a><\/li>\n\n\n\n<li><a href=\"https:\/\/www.france24.com\/es\/minuto-a-minuto\/20260212-las-pedidas-de-mano-con-aires-de-pel%C3%ADcula-conquistan-la-ciudad-del-amor\" target=\"_blank\" rel=\"noreferrer noopener\">France 24 (ES)<\/a><\/li>\n\n\n\n<li><a href=\"https:\/\/www.hindustantimes.com\/lifestyle\/relationships\/love-on-the-seine-the-rise-of-picturesque-paris-proposals-101770906496507.html?\" target=\"_blank\" data-type=\"link\" data-id=\"https:\/\/www.hindustantimes.com\/lifestyle\/relationships\/love-on-the-seine-the-rise-of-picturesque-paris-proposals-101770906496507.html?\" rel=\"noreferrer noopener\">Hindustan Times<\/a><\/li>\n\n\n\n<li><a href=\"https:\/\/www.thelocal.fr\/20260212\/a-ritual-shaped-by-an-industry-the-rise-of-the-pricey-paris-proposals\" target=\"_blank\" rel=\"noreferrer noopener\">O Local (Fran\u00e7a)<\/a><\/li>\n\n\n\n<li><a href=\"https:\/\/www.lanacion.com.ar\/agencias\/las-pedidas-de-mano-con-aires-de-pelicula-conquistan-la-ciudad-del-amor-nid12022026\/\" target=\"_blank\" rel=\"noreferrer noopener\">La Naci\u00f3n (Argentina)<\/a><\/li>\n\n\n\n<li><a href=\"https:\/\/www.primicias.ec\/entretenimiento\/pedidas-mano-paris-precios-agencias-hoteles-compromiso-matrimonio-116007\/\" target=\"_blank\" rel=\"noreferrer noopener\">Primicias (Equador)<\/a><\/li>\n\n\n\n<li><a href=\"https:\/\/www.dailysabah.com\/life\/marry-me-in-paris-luxury-proposals-draw-global-clients\/news\" target=\"_blank\" data-type=\"link\" data-id=\"https:\/\/www.dailysabah.com\/life\/marry-me-in-paris-luxury-proposals-draw-global-clients\/news\" rel=\"noreferrer noopener\">Sabah di\u00e1rio<\/a><\/li>\n<\/ul>\n\n\n\n<p class=\"has-small-font-size\">Outras capta\u00e7\u00f5es regionais podem ser acompanhadas em nossa p\u00e1gina principal de M\u00eddia.<\/p>\n<\/div><\/div>","protected":false},"excerpt":{"rendered":"<p>AFP \/ France 24 on the rise of picturesque Paris proposals (2026) Featuring commentary from Chantelle Streete, co-founder and executive planner. AFP, published by&nbsp;France 24, profiled&nbsp;Kiss Me in Paris&nbsp;in the context of the rise of cinematic Paris proposal planning, quoting Chantelle Streete on why clients want proposals that feel personal, immersive, and flawlessly produced. Overview [&hellip;]<\/p>\n","protected":false},"author":40,"featured_media":0,"parent":29144,"menu_order":0,"comment_status":"closed","ping_status":"closed","template":"","meta":{"_acf_changed":false,"ub_ctt_via":"","footnotes":""},"class_list":["post-29279","page","type-page","status-publish","hentry"],"acf":[],"featured_image_src":null,"_links":{"self":[{"href":"https:\/\/kissinparis.com\/pt\/wp-json\/wp\/v2\/pages\/29279","targetHints":{"allow":["GET"]}}],"collection":[{"href":"https:\/\/kissinparis.com\/pt\/wp-json\/wp\/v2\/pages"}],"about":[{"href":"https:\/\/kissinparis.com\/pt\/wp-json\/wp\/v2\/types\/page"}],"author":[{"embeddable":true,"href":"https:\/\/kissinparis.com\/pt\/wp-json\/wp\/v2\/users\/40"}],"replies":[{"embeddable":true,"href":"https:\/\/kissinparis.com\/pt\/wp-json\/wp\/v2\/comments?post=29279"}],"version-history":[{"count":5,"href":"https:\/\/kissinparis.com\/pt\/wp-json\/wp\/v2\/pages\/29279\/revisions"}],"predecessor-version":[{"id":29413,"href":"https:\/\/kissinparis.com\/pt\/wp-json\/wp\/v2\/pages\/29279\/revisions\/29413"}],"up":[{"embeddable":true,"href":"https:\/\/kissinparis.com\/pt\/wp-json\/wp\/v2\/pages\/29144"}],"wp:attachment":[{"href":"https:\/\/kissinparis.com\/pt\/wp-json\/wp\/v2\/media?parent=29279"}],"curies":[{"name":"wp","href":"https:\/\/api.w.org\/{rel}","templated":true}]}}