{"id":4359,"date":"2023-03-07T13:26:40","date_gmt":"2023-03-07T13:26:40","guid":{"rendered":"https:\/\/kissinparis.com\/?page_id=4359"},"modified":"2025-08-01T13:24:48","modified_gmt":"2025-08-01T13:24:48","slug":"equipe-criativa","status":"publish","type":"page","link":"https:\/\/kissinparis.com\/pt\/artists\/","title":{"rendered":"Equipe"},"content":{"rendered":"<div class=\"wp-block-group alignfull sec full-width pt-0 pb-0 mt-0 mb-0 bg-transition-light has-background-color has-primary-background-color has-text-color has-background has-link-color wp-elements-2b384c2f618de255ebd17bf54bf0266b\"><div class=\"wp-block-group__inner-container is-layout-constrained wp-block-group-is-layout-constrained\">\n<div class=\"wp-block-group alignfull sec heror-section full-width mt-0 mb-0 has-scroll-down\"><div class=\"wp-block-group__inner-container is-layout-constrained wp-block-group-is-layout-constrained\">\n<div class=\"wp-block-columns alignfull summery is-layout-flex wp-container-core-columns-is-layout-9d6595d7 wp-block-columns-is-layout-flex\">\n<div class=\"wp-block-column is-layout-flow wp-block-column-is-layout-flow\">\n<h1 class=\"wp-block-heading has-text-align-left full has-background-color has-text-color has-link-color wp-elements-80ee750baeca44bf27821505131f9630\">Nossa equipe em Paris<\/h1>\n\n\n\n<h2 class=\"wp-block-heading mt-0 has-large-font-size\">Planejadores, fot\u00f3grafos e videomakers premiados<\/h2>\n<\/div>\n\n\n\n<div class=\"wp-block-column lead is-layout-flow wp-block-column-is-layout-flow\">\n<p>Nossa equipe est\u00e1 entre as mais agrad\u00e1veis de Paris. \u00c9 talentosa, cheia de energia e recebe constantemente pr\u00eamios e&nbsp;<a href=\"https:\/\/kissinparis.com\/pt\/avaliacoes\/\">avalia\u00e7\u00f5es excelentes<\/a>.<\/p>\n\n\n\n<p>Adoramos conhecer pessoas novas e nos comunicamos bem em ingl\u00eas, franc\u00eas e outros idiomas. Cuidamos da sua experi\u00eancia e ajudamos voc\u00ea a se preparar antes de chegar \u00e0 Fran\u00e7a.<\/p>\n\n\n\n<p>Clique nos perfis abaixo para conhecer quem faz a Kiss Me in Paris.<\/p>\n<\/div>\n<\/div>\n<\/div><\/div>\n\n\n\n<div class=\"wp-block-group alignfull mt-0 mb-0 sec sec-fullwidth sec-artists  sec-sm-pt\" id=\"artists\"><div class=\"wp-block-group__inner-container is-layout-constrained wp-block-group-is-layout-constrained\">\n<div class=\"filters v2 mt-0 mb-0 alignfull\"><h5>Filtros<\/h5><ul class=\"full\"><li><label class=\"checkbox\"><input type=\"checkbox\" checked name=\"type\" value=\"all\"> <span class=\"text\"><span class=\"text-inner\">Todos<\/span> <small class=\"count\"> <em>08<\/em><\/small><\/span><\/label><\/li><li><label class=\"checkbox\"><input type=\"checkbox\" name=\"type\" value=\"event-planning\"> <span class=\"text\"><span class=\"text-inner\">Planejamento de Eventos<\/span>  <small class=\"count\"><em>03<\/em><\/small><\/span><\/label><\/li><li><label class=\"checkbox\"><input type=\"checkbox\" name=\"type\" value=\"photography\"> <span class=\"text\"><span class=\"text-inner\">Fotografia<\/span>  <small class=\"count\"><em>04<\/em><\/small><\/span><\/label><\/li><li><label class=\"checkbox\"><input type=\"checkbox\" name=\"type\" value=\"videography\"> <span class=\"text\"><span class=\"text-inner\">Videografia<\/span>  <small class=\"count\"><em>02<\/em><\/small><\/span><\/label><\/li><\/ul><\/div><div id=\"all-items\" class=\"is-layout-flex wp-block-columns works filtarable boxes v2 alignfull\"><div class=\"is-layout-flow wp-block-column work all event-planning\" data-price=\"\"><a href=\"https:\/\/kissinparis.com\/pt\/chantelle\/\"  title=\"Chantelle\" aria-label=\"Chantelle\"><figure class=\"wp-block-image size-full\"><img loading=\"lazy\" decoding=\"async\" width=\"1400\" height=\"1400\" src=\"https:\/\/kissinparis.com\/wp-content\/uploads\/2025\/06\/Chantelle-Streete-Paris-Wedding-Planner.avif\" class=\"figure figure-1\" alt=\"Chantelle Streete Paris Planejadora de Casamentos\" title=\"Chantelle\" srcset=\"https:\/\/kissinparis.com\/wp-content\/uploads\/2025\/06\/Chantelle-Streete-Paris-Wedding-Planner.avif 1400w, https:\/\/kissinparis.com\/wp-content\/uploads\/2025\/06\/Chantelle-Streete-Paris-Wedding-Planner-300x300.avif 300w, https:\/\/kissinparis.com\/wp-content\/uploads\/2025\/06\/Chantelle-Streete-Paris-Wedding-Planner-1024x1024.avif 1024w, https:\/\/kissinparis.com\/wp-content\/uploads\/2025\/06\/Chantelle-Streete-Paris-Wedding-Planner-150x150.avif 150w, https:\/\/kissinparis.com\/wp-content\/uploads\/2025\/06\/Chantelle-Streete-Paris-Wedding-Planner-768x768.avif 768w, https:\/\/kissinparis.com\/wp-content\/uploads\/2025\/06\/Chantelle-Streete-Paris-Wedding-Planner-1200x1200.avif 1200w\" sizes=\"auto, (max-width: 1400px) 100vw, 1400px\" \/><\/figure><div class=\"wp-block-group caption is-vertical is-layout-flex wp-container-core-group-layout-5 wp-block-group-is-layout-flex\"><h3 class=\"full\">Chantelle<\/h3><p class=\"full\">Planejador Executivo de Eventos<\/p><\/div><\/a><\/div><div class=\"is-layout-flow wp-block-column work all event-planning\" data-price=\"\"><a href=\"https:\/\/kissinparis.com\/pt\/eden\/\"  title=\"\u00c9den\" aria-label=\"\u00c9den\"><figure class=\"wp-block-image size-full\"><img loading=\"lazy\" decoding=\"async\" width=\"1400\" height=\"1400\" src=\"https:\/\/kissinparis.com\/wp-content\/uploads\/2025\/06\/Paris-Wedding-Planner-Eden.avif\" class=\"figure figure-1\" alt=\"Planejador de casamentos em Paris Eden\" title=\"\u00c9den\" srcset=\"https:\/\/kissinparis.com\/wp-content\/uploads\/2025\/06\/Paris-Wedding-Planner-Eden.avif 1400w, https:\/\/kissinparis.com\/wp-content\/uploads\/2025\/06\/Paris-Wedding-Planner-Eden-300x300.avif 300w, https:\/\/kissinparis.com\/wp-content\/uploads\/2025\/06\/Paris-Wedding-Planner-Eden-1024x1024.avif 1024w, https:\/\/kissinparis.com\/wp-content\/uploads\/2025\/06\/Paris-Wedding-Planner-Eden-150x150.avif 150w, https:\/\/kissinparis.com\/wp-content\/uploads\/2025\/06\/Paris-Wedding-Planner-Eden-768x768.avif 768w, https:\/\/kissinparis.com\/wp-content\/uploads\/2025\/06\/Paris-Wedding-Planner-Eden-1200x1200.avif 1200w\" sizes=\"auto, (max-width: 1400px) 100vw, 1400px\" \/><\/figure><div class=\"wp-block-group caption is-vertical is-layout-flex wp-container-core-group-layout-5 wp-block-group-is-layout-flex\"><h3 class=\"full\">\u00c9den<\/h3><p class=\"full\">Planejador de eventos<\/p><\/div><\/a><\/div><div class=\"is-layout-flow wp-block-column work all event-planning\" data-price=\"\"><a href=\"https:\/\/kissinparis.com\/pt\/margaux\/\"  title=\"Margaux\" aria-label=\"Margaux\"><figure class=\"wp-block-image size-full\"><img loading=\"lazy\" decoding=\"async\" width=\"1400\" height=\"1400\" src=\"https:\/\/kissinparis.com\/wp-content\/uploads\/2025\/04\/Margaux-best-Paris-proposal-planner.jpg\" class=\"figure figure-1\" alt=\"Margaux, a melhor planejadora de propostas em Paris\" title=\"Margaux\" srcset=\"https:\/\/kissinparis.com\/wp-content\/uploads\/2025\/04\/Margaux-best-Paris-proposal-planner.jpg 1400w, https:\/\/kissinparis.com\/wp-content\/uploads\/2025\/04\/Margaux-best-Paris-proposal-planner-300x300.jpg 300w, https:\/\/kissinparis.com\/wp-content\/uploads\/2025\/04\/Margaux-best-Paris-proposal-planner-1024x1024.jpg 1024w, https:\/\/kissinparis.com\/wp-content\/uploads\/2025\/04\/Margaux-best-Paris-proposal-planner-150x150.jpg 150w, https:\/\/kissinparis.com\/wp-content\/uploads\/2025\/04\/Margaux-best-Paris-proposal-planner-768x768.jpg 768w, https:\/\/kissinparis.com\/wp-content\/uploads\/2025\/04\/Margaux-best-Paris-proposal-planner-1200x1200.jpg 1200w\" sizes=\"auto, (max-width: 1400px) 100vw, 1400px\" \/><\/figure><div class=\"wp-block-group caption is-vertical is-layout-flex wp-container-core-group-layout-5 wp-block-group-is-layout-flex\"><h3 class=\"full\">Margaux<\/h3><p class=\"full\">Planejador de eventos<\/p><\/div><\/a><\/div><div class=\"is-layout-flow wp-block-column work all photography\" data-price=\"\"><a href=\"https:\/\/kissinparis.com\/pt\/equipe-criativa\/juliana\/\"  title=\"Juliana\" aria-label=\"Juliana\"><figure class=\"wp-block-image size-full\"><img loading=\"lazy\" decoding=\"async\" width=\"1400\" height=\"1400\" src=\"https:\/\/kissinparis.com\/wp-content\/uploads\/2025\/06\/paris-photographer-juliana-vacation-boudoir-family.avif\" class=\"figure figure-1\" alt=\"Fot\u00f3grafa de Paris Juliana Portuguesa\" title=\"Juliana\" srcset=\"https:\/\/kissinparis.com\/wp-content\/uploads\/2025\/06\/paris-photographer-juliana-vacation-boudoir-family.avif 1400w, https:\/\/kissinparis.com\/wp-content\/uploads\/2025\/06\/paris-photographer-juliana-vacation-boudoir-family-300x300.avif 300w, https:\/\/kissinparis.com\/wp-content\/uploads\/2025\/06\/paris-photographer-juliana-vacation-boudoir-family-1024x1024.avif 1024w, https:\/\/kissinparis.com\/wp-content\/uploads\/2025\/06\/paris-photographer-juliana-vacation-boudoir-family-150x150.avif 150w, https:\/\/kissinparis.com\/wp-content\/uploads\/2025\/06\/paris-photographer-juliana-vacation-boudoir-family-768x768.avif 768w, https:\/\/kissinparis.com\/wp-content\/uploads\/2025\/06\/paris-photographer-juliana-vacation-boudoir-family-1200x1200.avif 1200w\" sizes=\"auto, (max-width: 1400px) 100vw, 1400px\" \/><\/figure><div class=\"wp-block-group caption is-vertical is-layout-flex wp-container-core-group-layout-5 wp-block-group-is-layout-flex\"><h3 class=\"full\">Juliana<\/h3><p class=\"full\">Fot\u00f3grafo profissional<\/p><\/div><\/a><\/div><div class=\"is-layout-flow wp-block-column work all photography videography\" data-price=\"\"><a href=\"https:\/\/kissinparis.com\/pt\/equipe-criativa\/vincent\/\"  title=\"Vicente\" aria-label=\"Vicente\"><figure class=\"wp-block-image size-full\"><img loading=\"lazy\" decoding=\"async\" width=\"1400\" height=\"1400\" src=\"https:\/\/kissinparis.com\/wp-content\/uploads\/2025\/06\/paris-videographer-vincent-proposals-weddings.avif\" class=\"figure figure-1\" alt=\"Vide\u00f3grafo de Paris Vincent\" title=\"Vicente\" srcset=\"https:\/\/kissinparis.com\/wp-content\/uploads\/2025\/06\/paris-videographer-vincent-proposals-weddings.avif 1400w, https:\/\/kissinparis.com\/wp-content\/uploads\/2025\/06\/paris-videographer-vincent-proposals-weddings-300x300.avif 300w, https:\/\/kissinparis.com\/wp-content\/uploads\/2025\/06\/paris-videographer-vincent-proposals-weddings-1024x1024.avif 1024w, https:\/\/kissinparis.com\/wp-content\/uploads\/2025\/06\/paris-videographer-vincent-proposals-weddings-150x150.avif 150w, https:\/\/kissinparis.com\/wp-content\/uploads\/2025\/06\/paris-videographer-vincent-proposals-weddings-768x768.avif 768w, https:\/\/kissinparis.com\/wp-content\/uploads\/2025\/06\/paris-videographer-vincent-proposals-weddings-1200x1200.avif 1200w\" sizes=\"auto, (max-width: 1400px) 100vw, 1400px\" \/><\/figure><div class=\"wp-block-group caption is-vertical is-layout-flex wp-container-core-group-layout-5 wp-block-group-is-layout-flex\"><h3 class=\"full\">Vicente<\/h3><p class=\"full\">Fot\u00f3grafo profissional<\/p><\/div><\/a><\/div><div class=\"is-layout-flow wp-block-column work all photography\" data-price=\"\"><a href=\"https:\/\/kissinparis.com\/pt\/equipe-criativa\/scander\/\"  title=\"Scander\" aria-label=\"Scander\"><figure class=\"wp-block-image size-full\"><img loading=\"lazy\" decoding=\"async\" width=\"1400\" height=\"1400\" src=\"https:\/\/kissinparis.com\/wp-content\/uploads\/2025\/06\/paris-photographer-scander-weddings-engagements.avif\" class=\"figure figure-1\" alt=\"Scander, fot\u00f3grafo de casamento em Paris\" title=\"Scander\" srcset=\"https:\/\/kissinparis.com\/wp-content\/uploads\/2025\/06\/paris-photographer-scander-weddings-engagements.avif 1400w, https:\/\/kissinparis.com\/wp-content\/uploads\/2025\/06\/paris-photographer-scander-weddings-engagements-300x300.avif 300w, https:\/\/kissinparis.com\/wp-content\/uploads\/2025\/06\/paris-photographer-scander-weddings-engagements-1024x1024.avif 1024w, https:\/\/kissinparis.com\/wp-content\/uploads\/2025\/06\/paris-photographer-scander-weddings-engagements-150x150.avif 150w, https:\/\/kissinparis.com\/wp-content\/uploads\/2025\/06\/paris-photographer-scander-weddings-engagements-768x768.avif 768w, https:\/\/kissinparis.com\/wp-content\/uploads\/2025\/06\/paris-photographer-scander-weddings-engagements-1200x1200.avif 1200w\" sizes=\"auto, (max-width: 1400px) 100vw, 1400px\" \/><\/figure><div class=\"wp-block-group caption is-vertical is-layout-flex wp-container-core-group-layout-5 wp-block-group-is-layout-flex\"><h3 class=\"full\">Scander<\/h3><p class=\"full\">Fot\u00f3grafo profissional<\/p><\/div><\/a><\/div><div class=\"is-layout-flow wp-block-column work all photography\" data-price=\"\"><a href=\"https:\/\/kissinparis.com\/pt\/equipe-criativa\/cengiz\/\"  title=\"Cengiz\" aria-label=\"Cengiz\"><figure class=\"wp-block-image size-full\"><img loading=\"lazy\" decoding=\"async\" width=\"1400\" height=\"1400\" src=\"https:\/\/kissinparis.com\/wp-content\/uploads\/2025\/06\/paris-wedding-photographer-cengiz-award-winning.avif\" class=\"figure figure-1\" alt=\"Fot\u00f3grafo de casamento em Paris Cengiz\" title=\"Cengiz\" srcset=\"https:\/\/kissinparis.com\/wp-content\/uploads\/2025\/06\/paris-wedding-photographer-cengiz-award-winning.avif 1400w, https:\/\/kissinparis.com\/wp-content\/uploads\/2025\/06\/paris-wedding-photographer-cengiz-award-winning-300x300.avif 300w, https:\/\/kissinparis.com\/wp-content\/uploads\/2025\/06\/paris-wedding-photographer-cengiz-award-winning-1024x1024.avif 1024w, https:\/\/kissinparis.com\/wp-content\/uploads\/2025\/06\/paris-wedding-photographer-cengiz-award-winning-150x150.avif 150w, https:\/\/kissinparis.com\/wp-content\/uploads\/2025\/06\/paris-wedding-photographer-cengiz-award-winning-768x768.avif 768w, https:\/\/kissinparis.com\/wp-content\/uploads\/2025\/06\/paris-wedding-photographer-cengiz-award-winning-1200x1200.avif 1200w\" sizes=\"auto, (max-width: 1400px) 100vw, 1400px\" \/><\/figure><div class=\"wp-block-group caption is-vertical is-layout-flex wp-container-core-group-layout-5 wp-block-group-is-layout-flex\"><h3 class=\"full\">Cengiz<\/h3><p class=\"full\">Fot\u00f3grafo profissional<\/p><\/div><\/a><\/div><div class=\"is-layout-flow wp-block-column work all videography\" data-price=\"\"><a href=\"https:\/\/kissinparis.com\/pt\/equipe-criativa\/julia\/\"  title=\"J\u00falia\" aria-label=\"J\u00falia\"><figure class=\"wp-block-image size-full\"><img loading=\"lazy\" decoding=\"async\" width=\"1400\" height=\"1400\" src=\"https:\/\/kissinparis.com\/wp-content\/uploads\/2025\/06\/Paris-Videographer-Julia.avif\" class=\"figure figure-1\" alt=\"Vide\u00f3grafa de Paris Julia\" title=\"J\u00falia\" srcset=\"https:\/\/kissinparis.com\/wp-content\/uploads\/2025\/06\/Paris-Videographer-Julia.avif 1400w, https:\/\/kissinparis.com\/wp-content\/uploads\/2025\/06\/Paris-Videographer-Julia-300x300.avif 300w, https:\/\/kissinparis.com\/wp-content\/uploads\/2025\/06\/Paris-Videographer-Julia-1024x1024.avif 1024w, https:\/\/kissinparis.com\/wp-content\/uploads\/2025\/06\/Paris-Videographer-Julia-150x150.avif 150w, https:\/\/kissinparis.com\/wp-content\/uploads\/2025\/06\/Paris-Videographer-Julia-768x768.avif 768w, https:\/\/kissinparis.com\/wp-content\/uploads\/2025\/06\/Paris-Videographer-Julia-1200x1200.avif 1200w\" sizes=\"auto, (max-width: 1400px) 100vw, 1400px\" \/><\/figure><div class=\"wp-block-group caption is-vertical is-layout-flex wp-container-core-group-layout-5 wp-block-group-is-layout-flex\"><h3 class=\"full\">J\u00falia<\/h3><p class=\"full\">Cineasta profissional<\/p><\/div><\/a><\/div><\/div>\n<\/div><\/div>\n<\/div><\/div>\n\n\n\n<div class=\"wp-block-group alignfull mt-0 mb-0 sec sec-team pt-0 pb-0\"><div class=\"wp-block-group__inner-container is-layout-constrained wp-block-group-is-layout-constrained\">\n<div class=\"wp-block-columns are-vertically-aligned-top navigator container-sm is-layout-flex wp-container-core-columns-is-layout-9d6595d7 wp-block-columns-is-layout-flex\">\n<div class=\"wp-block-column is-vertically-aligned-top is-layout-flow wp-block-column-is-layout-flow\">\n<h3 class=\"wp-block-heading has-text-align-center mb-15\">Sobre a Chantelle<\/h3>\n\n\n\n<p class=\"has-text-align-center\"><a href=\"https:\/\/kissinparis.com\/pt\/sobre-nos\/\" data-type=\"page\" data-id=\"15\">Saiba mais \u2192<\/a><\/p>\n<\/div>\n\n\n\n<div class=\"wp-block-column is-vertically-aligned-top is-layout-flow wp-block-column-is-layout-flow\">\n<h3 class=\"wp-block-heading has-text-align-center mb-15\">Depoimentos<\/h3>\n\n\n\n<p class=\"has-text-align-center\"><a href=\"https:\/\/kissinparis.com\/pt\/avaliacoes\/\" data-type=\"page\" data-id=\"1029\">O que nossos clientes dizem \u2192<\/a><\/p>\n<\/div>\n<\/div>\n<\/div><\/div>","protected":false},"excerpt":{"rendered":"<p>Meet Our Paris Team Award-winning planners, photographers, and videographers Our artists are simply the most fun you\u2019ll find in Paris. They\u2019re talented, energetic, and consistently earn awards and&nbsp;glowing reviews. They love to meet new people and communicate well in English, French, and other languages. They genuinely care about your experience and will help you to [&hellip;]<\/p>\n","protected":false},"author":35,"featured_media":5229,"parent":0,"menu_order":0,"comment_status":"closed","ping_status":"closed","template":"","meta":{"_acf_changed":false,"ub_ctt_via":"","footnotes":""},"class_list":["post-4359","page","type-page","status-publish","has-post-thumbnail","hentry"],"acf":[],"featured_image_src":"https:\/\/kissinparis.com\/wp-content\/uploads\/2023\/03\/Meet-the-Kiss-Me-in-Paris-team.jpg","_links":{"self":[{"href":"https:\/\/kissinparis.com\/pt\/wp-json\/wp\/v2\/pages\/4359","targetHints":{"allow":["GET"]}}],"collection":[{"href":"https:\/\/kissinparis.com\/pt\/wp-json\/wp\/v2\/pages"}],"about":[{"href":"https:\/\/kissinparis.com\/pt\/wp-json\/wp\/v2\/types\/page"}],"author":[{"embeddable":true,"href":"https:\/\/kissinparis.com\/pt\/wp-json\/wp\/v2\/users\/35"}],"replies":[{"embeddable":true,"href":"https:\/\/kissinparis.com\/pt\/wp-json\/wp\/v2\/comments?post=4359"}],"version-history":[{"count":33,"href":"https:\/\/kissinparis.com\/pt\/wp-json\/wp\/v2\/pages\/4359\/revisions"}],"predecessor-version":[{"id":27256,"href":"https:\/\/kissinparis.com\/pt\/wp-json\/wp\/v2\/pages\/4359\/revisions\/27256"}],"wp:featuredmedia":[{"embeddable":true,"href":"https:\/\/kissinparis.com\/pt\/wp-json\/wp\/v2\/media\/5229"}],"wp:attachment":[{"href":"https:\/\/kissinparis.com\/pt\/wp-json\/wp\/v2\/media?parent=4359"}],"curies":[{"name":"wp","href":"https:\/\/api.w.org\/{rel}","templated":true}]}}