{"id":4504,"date":"2025-01-07T16:19:00","date_gmt":"2025-01-07T16:19:00","guid":{"rendered":"https:\/\/kissinparis.com\/?page_id=4504"},"modified":"2025-10-14T14:54:30","modified_gmt":"2025-10-14T14:54:30","slug":"letras-gigantes","status":"publish","type":"page","link":"https:\/\/kissinparis.com\/pt\/paris-proposal\/marry-me-letters-proposal\/","title":{"rendered":"Letras \u201cMarry Me\u201d em Paris \u2014 Montagem Premium para Pedido"},"content":{"rendered":"<div class=\"wp-block-group alignfull sec heror-section mt-0 mb-0 has-scroll-down has-background-color has-primary-background-color has-text-color has-background has-link-color wp-elements-da73b8a333f26f95d539c8292589b3f8\"><div class=\"wp-block-group__inner-container is-layout-constrained wp-block-group-is-layout-constrained\">\n<h1 class=\"wp-block-heading alignwide has-text-align-left full has-background-color has-text-color has-link-color wp-elements-e097c79adb65096f3da5b4e97a9346de\">Letras \u201cMarry Me\u201d em Paris \u2014 Montagem Premium para Pedido<\/h1>\n\n\n\n<h2 class=\"wp-block-heading alignwide has-large-font-size\">Reserve em minutos. Letras brancas, vermelhas ou rosas com entrega, posicionamento e retirada profissionais, em sincronia com seu fot\u00f3grafo.<\/h2>\n\n\n\n<div class=\"wp-block-buttons alignfull mt-0 mb-0 pt-10 is-layout-flex wp-block-buttons-is-layout-flex\">\n<div class=\"wp-block-button\"><a class=\"wp-block-button__link has-primary-color has-background-background-color has-text-color has-background wp-element-button\" href=\"https:\/\/kissinparis.com\/pt\/consulta\/\">Consultas<\/a><\/div>\n<\/div>\n<\/div><\/div>\n\n\n\n<div class=\"wp-block-cover alignfull is-light mt-0 mb-0 banner banner-resources\"><img loading=\"lazy\" decoding=\"async\" width=\"1600\" height=\"1067\" class=\"wp-block-cover__image-background wp-image-781\" alt=\"Cartas de Casamento em Paris, pedido de casamento no Rio Sena com um suntuoso tapete vermelho.\" src=\"https:\/\/kissinparis.com\/wp-content\/uploads\/2023\/03\/Propose-in-Paris-Eiffel-Tower-engagement-with-Marry-Me-sign.jpg\" style=\"object-position:51% 59%\" data-object-fit=\"cover\" data-object-position=\"51% 59%\" srcset=\"https:\/\/kissinparis.com\/wp-content\/uploads\/2023\/03\/Propose-in-Paris-Eiffel-Tower-engagement-with-Marry-Me-sign.jpg 1600w, https:\/\/kissinparis.com\/wp-content\/uploads\/2023\/03\/Propose-in-Paris-Eiffel-Tower-engagement-with-Marry-Me-sign-300x200.jpg 300w, https:\/\/kissinparis.com\/wp-content\/uploads\/2023\/03\/Propose-in-Paris-Eiffel-Tower-engagement-with-Marry-Me-sign-1024x683.jpg 1024w, https:\/\/kissinparis.com\/wp-content\/uploads\/2023\/03\/Propose-in-Paris-Eiffel-Tower-engagement-with-Marry-Me-sign-768x512.jpg 768w, https:\/\/kissinparis.com\/wp-content\/uploads\/2023\/03\/Propose-in-Paris-Eiffel-Tower-engagement-with-Marry-Me-sign-1536x1024.jpg 1536w, https:\/\/kissinparis.com\/wp-content\/uploads\/2023\/03\/Propose-in-Paris-Eiffel-Tower-engagement-with-Marry-Me-sign-1200x800.jpg 1200w\" sizes=\"auto, (max-width: 1600px) 100vw, 1600px\" \/><span aria-hidden=\"true\" class=\"wp-block-cover__background has-primary-background-color has-background-dim-0 has-background-dim\"><\/span><div class=\"wp-block-cover__inner-container is-layout-flow wp-block-cover-is-layout-flow\">\n<div class=\"banner-video\">\n<img decoding=\"async\" src=\"https:\/\/kissinparis.com\/wp-content\/uploads\/2023\/02\/placeholder_16x9.png\" alt=\"\u00c1rea do her\u00f3i\">\n<\/div>\n<\/div><\/div>\n\n\n\n<div class=\"wp-block-group alignfull mt-0 mb-0 sec sec-content has-background-background-color has-background\" id=\"sec-1\"><div class=\"wp-block-group__inner-container is-layout-constrained wp-block-group-is-layout-constrained\">\n<h2 class=\"wp-block-heading title-v2\">Uma espetacular proposta de casamento no estilo &quot;Case-se comigo&quot; \u00e0s margens do Sena \u2014 garantida<\/h2>\n\n\n\n<p>Para um gesto ousado, por\u00e9m intimista, em Paris, nada se compara a esta experi\u00eancia \u00e0s margens do Rio Sena. Sua noite come\u00e7a com um tranquilo passeio ao entardecer pela Margem Esquerda, onde um violinista preenche o ar com a melodia favorita do seu parceiro.<\/p>\n\n\n\n<p>A m\u00fasica o guia para uma cena feita especialmente para voc\u00ea: um tapete vermelho luxuoso com p\u00e9talas de rosa e velas, levando direto para um imponente <strong>CASE COMIGO<\/strong> letras (dispon\u00edveis em vermelho, branco ou rosa e at\u00e9 iluminadas). Seja em um <a href=\"https:\/\/kissinparis.com\/pt\/pedido-de-casamento-cobertura-paris\/\">terra\u00e7o privativo na cobertura<\/a>, um barco fluvial de luxo ou outro ponto de vista parisiense, essas letras atraentes emolduram sua proposta sob o brilho noturno da Torre Eiffel.<\/p>\n\n\n\n<p>Cuidaremos de tudo do in\u00edcio ao fim \u2014 ilumina\u00e7\u00e3o, flores, m\u00fasica e limpeza \u2014 para que voc\u00ea possa se concentrar na \u00fanica coisa que importa: a resposta dela.<\/p>\n\n\n\n<figure class=\"wp-block-image alignwide size-large size-full wp-image-45174\"><img loading=\"lazy\" decoding=\"async\" width=\"1024\" height=\"683\" src=\"https:\/\/kissinparis.com\/wp-content\/uploads\/2023\/03\/Marry-Me-Letters-Paris-Secret-Table-Peninsula-Hotel-1024x683.jpg\" alt=\"Letras deslumbrantes de &quot;Marry Me&quot; em um suntuoso vermelho no Secret Table (Peninsula Hotel) em Paris, complementadas por um lindo tapete vermelho, velas decorativas encantadoras e uma mesa de champanhe de tirar o f\u00f4lego. Todo esse cen\u00e1rio se desenrola contra a silhueta hipnotizante da ic\u00f4nica Torre Eiffel, criando um cen\u00e1rio inesquec\u00edvel de romance.\" class=\"wp-image-3730\" srcset=\"https:\/\/kissinparis.com\/wp-content\/uploads\/2023\/03\/Marry-Me-Letters-Paris-Secret-Table-Peninsula-Hotel-1024x683.jpg 1024w, https:\/\/kissinparis.com\/wp-content\/uploads\/2023\/03\/Marry-Me-Letters-Paris-Secret-Table-Peninsula-Hotel-300x200.jpg 300w, https:\/\/kissinparis.com\/wp-content\/uploads\/2023\/03\/Marry-Me-Letters-Paris-Secret-Table-Peninsula-Hotel-768x512.jpg 768w, https:\/\/kissinparis.com\/wp-content\/uploads\/2023\/03\/Marry-Me-Letters-Paris-Secret-Table-Peninsula-Hotel-1536x1024.jpg 1536w, https:\/\/kissinparis.com\/wp-content\/uploads\/2023\/03\/Marry-Me-Letters-Paris-Secret-Table-Peninsula-Hotel-1200x800.jpg 1200w, https:\/\/kissinparis.com\/wp-content\/uploads\/2023\/03\/Marry-Me-Letters-Paris-Secret-Table-Peninsula-Hotel.jpg 1920w\" sizes=\"auto, (max-width: 1024px) 100vw, 1024px\" \/><figcaption class=\"wp-element-caption\">Letras deslumbrantes de &quot;Marry Me&quot; em um suntuoso vermelho no Secret Table (Peninsula Hotel) em Paris, complementadas por um lindo tapete vermelho, velas decorativas encantadoras e uma mesa de champanhe de tirar o f\u00f4lego. Todo esse cen\u00e1rio se desenrola contra a silhueta hipnotizante da ic\u00f4nica Torre Eiffel, criando um cen\u00e1rio inesquec\u00edvel de romance.<\/figcaption><\/figure>\n\n\n\n<figure class=\"wp-block-image alignwide size-full wp-image-37286\"><img loading=\"lazy\" decoding=\"async\" width=\"1000\" height=\"667\" src=\"https:\/\/kissinparis.com\/wp-content\/uploads\/2023\/03\/Private-Eiffel-Tower-Proposal-setting.jpg\" alt=\"Cartas de &quot;Marry Me&quot; em Paris: proposta de casamento no terra\u00e7o privativo do Shangri-La Hotel\" class=\"wp-image-3848\" srcset=\"https:\/\/kissinparis.com\/wp-content\/uploads\/2023\/03\/Private-Eiffel-Tower-Proposal-setting.jpg 1000w, https:\/\/kissinparis.com\/wp-content\/uploads\/2023\/03\/Private-Eiffel-Tower-Proposal-setting-300x200.jpg 300w, https:\/\/kissinparis.com\/wp-content\/uploads\/2023\/03\/Private-Eiffel-Tower-Proposal-setting-768x512.jpg 768w\" sizes=\"auto, (max-width: 1000px) 100vw, 1000px\" \/><figcaption class=\"wp-element-caption\">Um pedido de casamento rom\u00e2ntico entre pessoas do mesmo sexo em um terra\u00e7o privativo do Peninsula Paris, com letras brancas deslumbrantes dizendo &quot;Case comigo&quot;, bal\u00f5es brancos enormes e velas tremeluzentes.<\/figcaption><\/figure>\n<\/div><\/div>\n\n\n\n<div class=\"wp-block-group alignfull mt-0 mb-0 sec sec-faq has-subtle-background-background-color has-background\"><div class=\"wp-block-group__inner-container is-layout-constrained wp-block-group-is-layout-constrained\">\n<p class=\"sec-header has-normal-font-size\" style=\"text-transform:none\"><strong>A partir de \u20ac 1.100<\/strong><\/p>\n\n\n<div id=\"rank-math-faq\" class=\"rank-math-block\">\n<div class=\"rank-math-list\">\n<div id=\"faq-question-1748532360674\" class=\"rank-math-list-item\">\n<h3 class=\"rank-math-question\">O que est\u00e1 inclu\u00eddo na configura\u00e7\u00e3o da nossa proposta de Cartas de Casamento?<\/h3>\n<div class=\"rank-math-answer\">\n<img loading=\"lazy\" decoding=\"async\" width=\"150\" height=\"150\" src=\"https:\/\/kissinparis.com\/wp-content\/uploads\/2023\/03\/5_Marry-Me-Letters-Paris-proposal-bad-set-up-666x1024-150x150.jpg\" class=\"alignright\" alt=\"Carta simples e acess\u00edvel &quot;Case-se comigo&quot; para um pedido de casamento, com grandes letras brancas dispostas ao ar livre com decora\u00e7\u00f5es m\u00ednimas.\" \/>\n<p>Nosso pacote completo oferece tudo o que voc\u00ea precisa para um pedido de casamento espetacular em Paris:<\/p>\n<p>\u2014 Entrega, instala\u00e7\u00e3o e remo\u00e7\u00e3o das suas letras Marry Me (escolha vermelho, branco ou rosa)<br \/>\u2014 Passarela com carpete vermelho ou branco felpudo<br \/>\u2014 24 velas mais lanternas decorativas<br \/>\u2014 P\u00e9talas de rosas de mais de 100 rosas<\/p>\n<p>Atualiza\u00e7\u00f5es de GPS ao vivo via WhatsApp no dia do seu evento<em>.<\/em><\/p>\n\n<\/div>\n<\/div>\n<div id=\"faq-question-1748532458947\" class=\"rank-math-list-item\">\n<h3 class=\"rank-math-question\">Atualize sua carta de proposta de casamento<\/h3>\n<div class=\"rank-math-answer\">\n\n<p>- <strong>Estilo paparazzi <a href=\"https:\/\/kissinparis.com\/pt\/pedido-de-casamento-paris\/fotografo\/\">fotografia<\/a> (60 minutos):<\/strong> a partir de \u20ac 300<br \/>- <strong>V\u00eddeo de 60 segundos no estilo Instagram:<\/strong> \u20ac375<br \/>- <strong><a href=\"https:\/\/kissinparis.com\/pt\/videografo-paris\/\">Vide\u00f3grafo<\/a>:<\/strong> \u20ac 500\/hora<br \/>- <strong><a href=\"https:\/\/kissinparis.com\/pt\/pedido-de-casamento-paris\/planejador\/\">Planejamento de servi\u00e7o completo<\/a>:<\/strong> a partir de \u20ac 950 (somente coordena\u00e7\u00e3o no dia: \u20ac 450)<br \/>- <strong>Mestre m\u00fasico ao vivo<\/strong> (guitarra, violino, violoncelo, harpa): a partir de \u20ac 375<br \/>- <strong>Pacote de champanhe e rosas:<\/strong> a partir de \u20ac 325 (ta\u00e7as de cristal + buqu\u00ea premium)<br \/>- <strong>Ilumina\u00e7\u00e3o profissional e gerenciador de p\u00fablico:<\/strong> \u20ac 225 (necess\u00e1rio ap\u00f3s o p\u00f4r do sol)<\/p>\n<p><strong>Fontes de fogos de artif\u00edcio:<\/strong><br \/>\u2014 2 unidades, 30 seg: \u20ac 120<br \/>\u2014 4 unidades, 30 seg: \u20ac 200<br \/>\u2014 2 unidades, 60 seg: \u20ac 160<br \/>\u2014 4 unidades, 60 seg: \u20ac 240<br \/><em>(N\u00e3o dispon\u00edvel no <a href=\"https:\/\/kissinparis.com\/pt\/secret-table-peninsula-paris\/\">Telhado da pen\u00ednsula<\/a>)<\/em><\/p>\n<p><strong>Acentos de roseira:<\/strong> \u20ac 800\/m (100 rosas por metro; or\u00e7amentos florais personalizados dispon\u00edveis)<\/p>\n\n<\/div>\n<\/div>\n<div id=\"faq-question-1748532535424\" class=\"rank-math-list-item\">\n<h3 class=\"rank-math-question\">Termos e Condi\u00e7\u00f5es Importantes<\/h3>\n<div class=\"rank-math-answer\">\n\n<p>- <strong>Clima e vento:<\/strong> N\u00e3o podemos controlar a chuva ou o vento. Em caso de chuva forte, tentaremos remarcar (sujeito ao nosso calend\u00e1rio). Ventos fortes podem danificar p\u00e9talas, decora\u00e7\u00e3o, ilumina\u00e7\u00e3o ou letras.<br \/>\u2014 Permiss\u00f5es p\u00fablicas: alguns locais (por exemplo, ao longo do Sena) podem exigir permiss\u00f5es locais. Quaisquer taxas ou atrasos relacionados s\u00e3o de sua responsabilidade.<br \/>- <strong>Taxas n\u00e3o reembols\u00e1veis:<\/strong> Todos os custos de planejamento e configura\u00e7\u00e3o \u2014 incluindo cartas, flores e decora\u00e7\u00e3o \u2014 s\u00e3o finais e n\u00e3o reembols\u00e1veis ap\u00f3s a reserva.<\/p>\n\n<\/div>\n<\/div>\n<\/div>\n<\/div>\n\n\n<div style=\"height:50px\" aria-hidden=\"true\" class=\"wp-block-spacer\"><\/div>\n\n\n\n<div class=\"wp-block-buttons is-layout-flex wp-block-buttons-is-layout-flex\">\n<div class=\"wp-block-button\"><a class=\"wp-block-button__link wp-element-button\" href=\"https:\/\/kissinparis.com\/pt\/consulta\/\">Consultas<\/a><\/div>\n\n\n\n<div class=\"wp-block-button is-style-fill\"><a class=\"wp-block-button__link wp-element-button\" href=\"https:\/\/kissinparis.com\/pt\/pedido-de-casamento-paris\/pacotes\/\">pacotes de propostas<\/a><\/div>\n<\/div>\n<\/div><\/div>\n\n\n\n<div class=\"wp-block-group alignfull mt-0 mb-0  sec sec-map\"><div class=\"wp-block-group__inner-container is-layout-constrained wp-block-group-is-layout-constrained\">\n<div class=\"wp-block-columns are-vertically-aligned-center mt-0 mb-0 is-layout-flex wp-container-core-columns-is-layout-9d6595d7 wp-block-columns-is-layout-flex\">\n<div class=\"wp-block-column is-vertically-aligned-center is-layout-flow wp-block-column-is-layout-flow\">\n<p class=\"title-v2 mb-20\">No cora\u00e7\u00e3o de Paris.<\/p>\n\n\n\n<p>Kiss Me in Paris Proposals &amp; Weddings<br>78 Av. Raymond Poincar\u00e9, 75116 Paris. Raymond Poincar\u00e9, 75116 Paris, Fran\u00e7a<br><a href=\"tel:+33661351511\">+33 6 61 35 15 11<\/a><br><a href=\"mailto:support@kissinparis.com\">support@kissinparis.com<\/a><\/p>\n<\/div>\n\n\n\n<div class=\"wp-block-column is-vertically-aligned-center is-layout-flow wp-block-column-is-layout-flow\">\n<iframe title=\"Mapa mostrando a localiza\u00e7\u00e3o do Kiss Me em Paris Proposals &amp; Weddings\" src=\"https:\/\/www.google.com\/maps\/embed?pb=!1m18!1m12!1m3!1d2624.433873533341!2d2.28082346080246!3d48.86900492627629!2m3!1f0!2f0!3f0!3m2!1i1024!2i768!4f13.1!3m3!1m2!1s0x47e66f84666f802f%3A0x7b03905155589b66!2sKiss%20Me%20in%20Paris%20Proposals%20%26%20Weddings!5e0!3m2!1sen!2sin!4v1744567332130!5m2!1sen!2sin\" width=\"600\" height=\"450\" style=\"border:0;\" allowfullscreen=\"\" loading=\"lazy\" referrerpolicy=\"no-referrer-when-downgrade\"><\/iframe>\n<\/div>\n<\/div>\n<\/div><\/div>","protected":false},"excerpt":{"rendered":"<p>Marry Me Letters Paris \u2014 Premium Proposal Setup Book in minutes. Premium white, red, or pink letters with professional delivery, placement &amp; removal, timed with your photographer. A Spectacular \u2018Marry Me\u2019 Letters Proposal by the Seine\u2014Guaranteed For a bold yet intimate gesture in Paris, nothing matches this experience along the River Seine. Your evening begins [&hellip;]<\/p>\n","protected":false},"author":35,"featured_media":9068,"parent":293,"menu_order":0,"comment_status":"closed","ping_status":"closed","template":"","meta":{"_acf_changed":false,"ub_ctt_via":"","footnotes":""},"class_list":["post-4504","page","type-page","status-publish","has-post-thumbnail","hentry"],"acf":[],"featured_image_src":"https:\/\/kissinparis.com\/wp-content\/uploads\/2023\/04\/Romantic-Paris-proposal-packages.jpg","_links":{"self":[{"href":"https:\/\/kissinparis.com\/pt\/wp-json\/wp\/v2\/pages\/4504","targetHints":{"allow":["GET"]}}],"collection":[{"href":"https:\/\/kissinparis.com\/pt\/wp-json\/wp\/v2\/pages"}],"about":[{"href":"https:\/\/kissinparis.com\/pt\/wp-json\/wp\/v2\/types\/page"}],"author":[{"embeddable":true,"href":"https:\/\/kissinparis.com\/pt\/wp-json\/wp\/v2\/users\/35"}],"replies":[{"embeddable":true,"href":"https:\/\/kissinparis.com\/pt\/wp-json\/wp\/v2\/comments?post=4504"}],"version-history":[{"count":17,"href":"https:\/\/kissinparis.com\/pt\/wp-json\/wp\/v2\/pages\/4504\/revisions"}],"predecessor-version":[{"id":28509,"href":"https:\/\/kissinparis.com\/pt\/wp-json\/wp\/v2\/pages\/4504\/revisions\/28509"}],"up":[{"embeddable":true,"href":"https:\/\/kissinparis.com\/pt\/wp-json\/wp\/v2\/pages\/293"}],"wp:featuredmedia":[{"embeddable":true,"href":"https:\/\/kissinparis.com\/pt\/wp-json\/wp\/v2\/media\/9068"}],"wp:attachment":[{"href":"https:\/\/kissinparis.com\/pt\/wp-json\/wp\/v2\/media?parent=4504"}],"curies":[{"name":"wp","href":"https:\/\/api.w.org\/{rel}","templated":true}]}}