{"id":4625,"date":"2025-01-08T13:56:00","date_gmt":"2025-01-08T13:56:00","guid":{"rendered":"https:\/\/kissinparis.com\/?page_id=4625"},"modified":"2025-10-14T14:32:00","modified_gmt":"2025-10-14T14:32:00","slug":"violinista","status":"publish","type":"page","link":"https:\/\/kissinparis.com\/pt\/paris-proposal\/paris-violinist\/","title":{"rendered":"Violinista em Paris para pedidos e casamentos"},"content":{"rendered":"<div class=\"wp-block-group alignfull sec heror-section mt-0 mb-0 has-scroll-down has-background-color has-primary-background-color has-text-color has-background has-link-color wp-elements-f43bcc5897167eed0986af23d5c7ee90\"><div class=\"wp-block-group__inner-container is-layout-constrained wp-block-group-is-layout-constrained\">\n<h1 class=\"wp-block-heading alignwide has-text-align-left full has-background-color has-text-color has-link-color wp-elements-692186eb6cf8757788dd8e6b9fc402d3\">Violinista em Paris para pedidos e casamentos<\/h1>\n\n\n\n<p class=\"has-large-font-size\">Violinistas n\u00edvel orquestra que falam ingl\u00eas e t\u00eam experi\u00eancia em eventos de luxo \u2014 elegantes, pontuais e capazes de preparar arranjos sob medida (inclusive em outros idiomas) em curto prazo. Selecionados por nossa equipe e alinhados ao seu planner\/fot\u00f3grafo.<\/p>\n\n\n\n<div class=\"wp-block-buttons alignfull mt-0 mb-0 pt-10 is-layout-flex wp-block-buttons-is-layout-flex\">\n<div class=\"wp-block-button\"><a class=\"wp-block-button__link has-primary-color has-background-background-color has-text-color has-background wp-element-button\" href=\"https:\/\/kissinparis.com\/pt\/consulta\/\">Consultas<\/a><\/div>\n<\/div>\n<\/div><\/div>\n\n\n\n<div class=\"wp-block-cover alignfull is-light mt-0 mb-0 banner banner-resources  banner-contact\"><img loading=\"lazy\" decoding=\"async\" width=\"1800\" height=\"1200\" class=\"wp-block-cover__image-background wp-image-24086 size-full\" alt=\"Pedido de casamento ao nascer do sol no Trocadero Paris com violinista tocando sua m\u00fasica favorita enquanto homem se ajoelha e mulher o abra\u00e7a com a Torre Eiffel ao fundo\" src=\"https:\/\/kissinparis.com\/wp-content\/uploads\/2025\/06\/Musician-Violinist-Paris-proposal.webp\" style=\"object-position:64% 73%\" data-object-fit=\"cover\" data-object-position=\"64% 73%\" srcset=\"https:\/\/kissinparis.com\/wp-content\/uploads\/2025\/06\/Musician-Violinist-Paris-proposal.webp 1800w, https:\/\/kissinparis.com\/wp-content\/uploads\/2025\/06\/Musician-Violinist-Paris-proposal-300x200.webp 300w, https:\/\/kissinparis.com\/wp-content\/uploads\/2025\/06\/Musician-Violinist-Paris-proposal-1024x683.webp 1024w, https:\/\/kissinparis.com\/wp-content\/uploads\/2025\/06\/Musician-Violinist-Paris-proposal-768x512.webp 768w, https:\/\/kissinparis.com\/wp-content\/uploads\/2025\/06\/Musician-Violinist-Paris-proposal-1536x1024.webp 1536w, https:\/\/kissinparis.com\/wp-content\/uploads\/2025\/06\/Musician-Violinist-Paris-proposal-1200x800.webp 1200w\" sizes=\"auto, (max-width: 1800px) 100vw, 1800px\" \/><span aria-hidden=\"true\" class=\"wp-block-cover__background has-primary-background-color has-background-dim-0 has-background-dim\"><\/span><div class=\"wp-block-cover__inner-container is-layout-flow wp-block-cover-is-layout-flow\">\n<p class=\"has-text-align-center has-large-font-size\"><\/p>\n\n\n\n<div class=\"banner-video\">\n<img decoding=\"async\" src=\"https:\/\/kissinparis.com\/wp-content\/uploads\/2023\/02\/placeholder_16x9.png\" alt=\"\u00c1rea do her\u00f3i\">\n<\/div>\n<\/div><\/div>\n\n\n\n<div class=\"wp-block-group alignfull mt-0 mb-0 sec sec-content\" id=\"sec-1\"><div class=\"wp-block-group__inner-container is-layout-constrained wp-block-group-is-layout-constrained\">\n<p>Nosso Pedido de Casamento com Violinista e Cartomante cria um momento inesquec\u00edvel em Paris. Enquanto voc\u00eas caminham pelas ruas da cidade, voc\u00eas &quot;encontram&quot; um mestre violinista tocando a m\u00fasica favorita do seu parceiro. Ap\u00f3s uma breve conversa, o m\u00fasico diz: &quot;Uma cartomante me disse que eu te encontraria hoje e me pediu para entregar este bilhete&quot;. Enquanto seu parceiro l\u00ea sua mensagem sincera, voc\u00eas fazem o pedido com o anel, enquanto o violinista continua tocando para a comemora\u00e7\u00e3o com champanhe.<\/p>\n\n\n\n<h2 class=\"wp-block-heading\"><strong>Por que escolher um violinista de Paris para seu pedido de casamento<\/strong><\/h2>\n\n\n\n<p><strong>Impacto emocional:<\/strong> M\u00fasica de violino ao vivo tocando a m\u00fasica favorita do seu parceiro cria um romance que a m\u00fasica gravada n\u00e3o consegue igualar.<\/p>\n\n\n\n<p><strong>Planejamento cuidadoso:<\/strong> Nossos violinistas qualificados aprendem a m\u00fasica solicitada com anteced\u00eancia, mesmo com pouco tempo de anteced\u00eancia e em l\u00ednguas estrangeiras, demonstrando cuidado e aten\u00e7\u00e3o excepcionais.<\/p>\n\n\n\n<p><strong>Qualidade Profissional:<\/strong> Um m\u00fasico bem vestido real\u00e7a as fotos e os v\u00eddeos do seu pedido de casamento, criando uma cena extraordin\u00e1ria em vez de um momento comum.<\/p>\n\n\n\n<p><strong>Benef\u00edcios pr\u00e1ticos:<\/strong> O violinista guia seu fot\u00f3grafo, gerencia os espectadores e garante que sua localiza\u00e7\u00e3o seja facilmente identific\u00e1vel.<\/p>\n\n\n\n<div class=\"wp-block-buttons is-content-justification-center is-layout-flex wp-container-core-buttons-is-layout-16018d1d wp-block-buttons-is-layout-flex\">\n<div class=\"wp-block-button\"><a class=\"wp-block-button__link wp-element-button\" href=\"https:\/\/kissinparis.com\/pt\/consulta\/\">Reserve agora<\/a><\/div>\n\n\n\n<div class=\"wp-block-button is-style-fill\"><a class=\"wp-block-button__link wp-element-button\" href=\"https:\/\/kissinparis.com\/pt\/pedido-de-casamento-paris\/pacotes\/\">pacotes de propostas<\/a><\/div>\n<\/div>\n\n\n\n<h2 class=\"wp-block-heading title-v2\">O que sua proposta de Violinista Vidente inclui: \u20ac 1.125+<\/h2>\n\n\n\n<ul class=\"wp-block-list\">\n<li><strong>Dia de Coordena\u00e7\u00e3o Especializada<\/strong>: Nosso dedicado <a href=\"https:\/\/kissinparis.com\/pt\/pedido-de-casamento-paris\/planejador\/\">Planejador de propostas de Paris<\/a> garante que todos os fornecedores entendam suas fun\u00e7\u00f5es e cronogramas, proporcionando a voc\u00ea uma experi\u00eancia pronta para uso e sem estresse.<\/li>\n\n\n\n<li><strong>Mestre Violinista de Paris<\/strong>: Um m\u00fasico estiloso toca a m\u00fasica favorita do seu parceiro e continua com sele\u00e7\u00f5es rom\u00e2nticas do repert\u00f3rio dele.<\/li>\n\n\n\n<li><strong>Fotografia profissional de propostas<\/strong>: Um amig\u00e1vel, <a href=\"https:\/\/kissinparis.com\/pt\/pedido-de-casamento-paris\/fotografo\/\">fot\u00f3grafo experiente em Paris<\/a> captura habilmente seu engajamento do in\u00edcio ao fim, entregando 20 imagens editadas de alta qualidade.<\/li>\n\n\n\n<li><strong>Mensagem de proposta personalizada<\/strong>:N\u00f3s ajudamos voc\u00ea a escrever um bilhete rom\u00e2ntico (que pode servir tamb\u00e9m como seu discurso de proposta) para seu violinista entregar.<\/li>\n\n\n\n<li><strong>Champanhe Premium (Ruinart)<\/strong>:Brinde ao seu novo noivado com uma garrafa gelada de champanhe franc\u00eas excepcional.<\/li>\n<\/ul>\n\n\n\n<p class=\"sec-header\"><em>Para casais com or\u00e7amento limitado, oferecemos um Pacote Cl\u00e1ssico de Violinista simplificado (\u20ac 675+) que exclui o enredo da Cartomante e a coordena\u00e7\u00e3o no dia do evento.<\/em><\/p>\n\n\n\n<figure class=\"wp-block-image size-large\"><a href=\"https:\/\/kissinparis.com\/wp-content\/uploads\/2025\/04\/paris-violinist-proposal-peninsula-secret-table.webp\" aria-label=\"Leia mais sobre violinista parisiense se apresentando em pedido rom\u00e2ntico \u00e0 Torre Eiffel no Peninsula\"><img loading=\"lazy\" decoding=\"async\" width=\"1024\" height=\"683\" src=\"https:\/\/kissinparis.com\/wp-content\/uploads\/2025\/04\/paris-violinist-proposal-peninsula-secret-table-1024x683.webp\" alt=\"Violinista parisiense se apresenta em pedido rom\u00e2ntico de casamento na Torre Eiffel no Peninsula\" class=\"wp-image-18292\" srcset=\"https:\/\/kissinparis.com\/wp-content\/uploads\/2025\/04\/paris-violinist-proposal-peninsula-secret-table-1024x683.webp 1024w, https:\/\/kissinparis.com\/wp-content\/uploads\/2025\/04\/paris-violinist-proposal-peninsula-secret-table-300x200.webp 300w, https:\/\/kissinparis.com\/wp-content\/uploads\/2025\/04\/paris-violinist-proposal-peninsula-secret-table-768x512.webp 768w, https:\/\/kissinparis.com\/wp-content\/uploads\/2025\/04\/paris-violinist-proposal-peninsula-secret-table-1536x1024.webp 1536w, https:\/\/kissinparis.com\/wp-content\/uploads\/2025\/04\/paris-violinist-proposal-peninsula-secret-table-1200x800.webp 1200w, https:\/\/kissinparis.com\/wp-content\/uploads\/2025\/04\/paris-violinist-proposal-peninsula-secret-table.webp 1600w\" sizes=\"auto, (max-width: 1024px) 100vw, 1024px\" \/><\/a><figcaption class=\"wp-element-caption\">Um pedido m\u00e1gico de casamento com um violinista em Paris. Podemos organizar o seu mestre violinista em qualquer lugar \u2013 desde terra\u00e7os na Torre Eiffel a iates particulares ou castelos franceses. Observe que o local e a decora\u00e7\u00e3o mostrados nesta foto n\u00e3o est\u00e3o inclu\u00eddos no pacote padr\u00e3o.<\/figcaption><\/figure>\n\n\n\n<h2 class=\"wp-block-heading title-v2\">Torne-o ainda mais especial: melhorias opcionais no pacote<\/h2>\n\n\n\n<p><strong>Melhorias adicionais<\/strong>:<\/p>\n\n\n\n<ul class=\"wp-block-list\">\n<li><strong>V\u00eddeo cinematogr\u00e1fico<\/strong>: \u20ac 500 \u2013 Documenta\u00e7\u00e3o profissional do seu <a href=\"https:\/\/kissinparis.com\/pt\/videografo-paris\/\">proposta em filme<\/a>.<\/li>\n\n\n\n<li><strong>Fotografia Estendida<\/strong>: A partir de \u20ac 250 por hora.<\/li>\n\n\n\n<li><strong>Rosas frescas de caule longo<\/strong>: \u20ac 200 \u2013 Um buqu\u00ea deslumbrante de 20 rosas elegantes.<\/li>\n\n\n\n<li><strong>Champanhe Premium Gelado<\/strong>: \u20ac 125: Comemore seu novo noivado com um pr\u00eamio <a href=\"https:\/\/kissinparis.com\/pt\/pedido-de-casamento-paris\/pedido-champanhe-macarons\/\">brinde com champanhe<\/a>.<\/li>\n<\/ul>\n\n\n\n<p><em><strong>Nota: Uma taxa de entrega em m\u00e3os de \u20ac 50<\/strong> aplica-se ao reservar itens como rosas ou champanhe gelado sem um pacote.<\/em><\/p>\n\n\n\n<p><strong>Op\u00e7\u00f5es de champanhe premium<\/strong> (substitui Ruinart se adicionado):<\/p>\n\n\n\n<ul class=\"wp-block-list\">\n<li><strong>Dom P\u00e9rignon<\/strong>: +\u20ac350<\/li>\n\n\n\n<li><strong>Armand de Brignac<\/strong> (\u00c1s de Espadas): +\u20ac525<\/li>\n\n\n\n<li>Pre\u00e7os para <strong>safras raras e op\u00e7\u00f5es de champanhe premium<\/strong> (como Dom P\u00e9rignon Ros\u00e9, Pl\u00e9nitude 2 ou Salon) est\u00e3o dispon\u00edveis mediante solicita\u00e7\u00e3o.<\/li>\n<\/ul>\n\n\n\n<h2 class=\"wp-block-heading title-v2\">Reservar sua proposta \u00e9 simples.<\/h2>\n\n\n\n<p>Nosso processo simples torna f\u00e1cil garantir sua data:<\/p>\n\n\n\n<ol class=\"wp-block-list\">\n<li><strong>Verificar disponibilidade<\/strong>: Entre em contato para informar sua(s) data(s) preferida(s) para uma confirma\u00e7\u00e3o r\u00e1pida.<\/li>\n\n\n\n<li><strong>Confirmar e proteger<\/strong>: Assine nosso contrato digital e envie o dep\u00f3sito 50%.<\/li>\n\n\n\n<li><strong>Compartilhar detalhes<\/strong>: Conte-nos sobre a m\u00fasica favorita do seu parceiro e compartilhe sua vis\u00e3o.<\/li>\n\n\n\n<li><strong>Desenvolva seu plano<\/strong>: Crie um cen\u00e1rio abrangente de Cartomante, incluindo seu bilhete de amor.<\/li>\n\n\n\n<li><span style=\"box-sizing: border-box; margin: 0px; padding: 0px;\"><strong>Pagamento final<\/strong>:O saldo restante dever\u00e1 ser pago, no m\u00e1ximo, at\u00e9 a data da sua proposta.<\/span><\/li>\n<\/ol>\n\n\n\n<p><strong>Importante<\/strong>:Seu dep\u00f3sito se tornar\u00e1 um adiantamento n\u00e3o reembols\u00e1vel 10 dias antes da data agendada.<\/p>\n\n\n\n<figure class=\"wp-block-image size-large\"><a href=\"https:\/\/kissinparis.com\/wp-content\/uploads\/2025\/04\/signature-paris-proposal-master-violinist-eiffel.webp\" aria-label=\"Saiba mais sobre Uma violinista supertalentosa vista aqui tocando com um elegante vestido vermelho durante um pedido de casamento de violinista em Paris. Podemos agendar seu violinista mestre em qualquer local que voc\u00ea desejar.\"><img loading=\"lazy\" decoding=\"async\" width=\"1024\" height=\"683\" src=\"https:\/\/kissinparis.com\/wp-content\/uploads\/2025\/04\/signature-paris-proposal-master-violinist-eiffel-1024x683.webp\" alt=\"Uma violinista supertalentosa, vista aqui, tocando com um elegante vestido vermelho durante um pedido de casamento para violinista em Paris. Podemos contratar seu mestre violinista para qualquer local que voc\u00ea desejar.\" class=\"wp-image-18293\" srcset=\"https:\/\/kissinparis.com\/wp-content\/uploads\/2025\/04\/signature-paris-proposal-master-violinist-eiffel-1024x683.webp 1024w, https:\/\/kissinparis.com\/wp-content\/uploads\/2025\/04\/signature-paris-proposal-master-violinist-eiffel-300x200.webp 300w, https:\/\/kissinparis.com\/wp-content\/uploads\/2025\/04\/signature-paris-proposal-master-violinist-eiffel-768x512.webp 768w, https:\/\/kissinparis.com\/wp-content\/uploads\/2025\/04\/signature-paris-proposal-master-violinist-eiffel-1536x1024.webp 1536w, https:\/\/kissinparis.com\/wp-content\/uploads\/2025\/04\/signature-paris-proposal-master-violinist-eiffel-1200x800.webp 1200w, https:\/\/kissinparis.com\/wp-content\/uploads\/2025\/04\/signature-paris-proposal-master-violinist-eiffel.webp 1600w\" sizes=\"auto, (max-width: 1024px) 100vw, 1024px\" \/><\/a><figcaption class=\"wp-element-caption\">Uma violinista supertalentosa, vista aqui, tocando em um elegante vestido vermelho durante um pedido de casamento para violinistas em Paris. Podemos contratar um mestre violinista em qualquer local que voc\u00ea desejar. Observe que o local e a decora\u00e7\u00e3o mostrados nesta foto n\u00e3o est\u00e3o inclu\u00eddos no pacote padr\u00e3o.<\/figcaption><\/figure>\n\n\n\n<h2 class=\"wp-block-heading title-v2\">Perguntas frequentes sobre nossa proposta de violinista cartomante em Paris<\/h2>\n\n\n\n<p><strong>Que m\u00fasicas o violinista de Paris pode tocar para o meu pedido de casamento?<\/strong> Nossos violinistas podem executar quase todas as can\u00e7\u00f5es de amor populares, pe\u00e7as cl\u00e1ssicas, <strong>e com aviso pr\u00e9vio, at\u00e9 m\u00fasicas estrangeiras<\/strong>. Esse toque pessoal cria uma coincid\u00eancia extraordin\u00e1ria quando seu parceiro ouve sua m\u00fasica favorita tocando \u201caleatoriamente\u201d em Paris.<\/p>\n\n\n\n<p><strong>Como meu parceiro n\u00e3o vai desconfiar de nada?<\/strong> A Experi\u00eancia da Cartomante foi projetada para surpreender completamente. O violinista se apresenta como um t\u00edpico m\u00fasico de rua parisiense at\u00e9 o momento exato. O encontro &quot;casual&quot; parece totalmente natural, e a emiss\u00e3o das notas traz uma reviravolta surpreendente.<\/p>\n\n\n\n<p><strong>Podemos selecionar o local da nossa proposta em Paris?<\/strong> Com certeza! Escolha qualquer lugar de Paris que voc\u00ea goste. Nossos planejadores de propostas tamb\u00e9m podem sugerir deslumbrantes terra\u00e7os privativos na Torre Eiffel, que funcionam excepcionalmente bem.<\/p>\n\n\n\n<p><strong>O que aconteceria se chovesse durante nosso pedido de casamento em Paris?<\/strong> Monitoramos a previs\u00e3o do tempo e sugerimos belas alternativas cobertas quando necess\u00e1rio. Chuvas leves geralmente resultam em menos multid\u00f5es e fotos verdadeiramente m\u00e1gicas.<\/p>\n\n\n\n<p><strong>Com que rapidez podemos esperar receber fotos do nosso pedido de casamento em Paris?<\/strong> Voc\u00ea ver\u00e1 todas as imagens sem edi\u00e7\u00e3o em at\u00e9 24 horas ap\u00f3s o pedido. Sua cole\u00e7\u00e3o inclui 20 fotos editadas profissionalmente, entregues por meio de uma galeria online f\u00e1cil de usar.<\/p>\n\n\n\n<h2 class=\"wp-block-heading title-v2\">Testemunhos reais de propostas de cartomantes de Paris<\/h2>\n\n\n\n<p>\u201cA Julianna faz um trabalho excepcional. Tudo foi feito exatamente de acordo com nossas especifica\u00e7\u00f5es, e a sess\u00e3o de fotos foi realizada com perfei\u00e7\u00e3o. Muito obrigada pela experi\u00eancia verdadeiramente maravilhosa.\u201d \u2014 <strong>Kyle Schultz<\/strong><\/p>\n\n\n\n<p>\u201cFoi um prazer trabalhar com o Scander. Toda a experi\u00eancia com esta empresa, do in\u00edcio ao fim, foi incr\u00edvel. Vindo da Calif\u00f3rnia sem ter ido a Paris, \u00e9 poss\u00edvel se preocupar em escolher o fot\u00f3grafo certo para uma ocasi\u00e3o especial. O Scander foi prestativo, comunicativo, engra\u00e7ado e nos ajudou a criar fotos incr\u00edveis que nunca esqueceremos. Ele realmente ajudou a criar uma experi\u00eancia totalmente positiva. N\u00e3o tenho palavras para agradecer a ele!\u201d \u2014 <strong>Kyle Stephens<\/strong><\/p>\n<\/div><\/div>\n\n\n\n<div class=\"wp-block-group alignfull mt-0 mb-0  sec sec-map\"><div class=\"wp-block-group__inner-container is-layout-constrained wp-block-group-is-layout-constrained\">\n<div class=\"wp-block-columns are-vertically-aligned-center mt-0 mb-0 is-layout-flex wp-container-core-columns-is-layout-9d6595d7 wp-block-columns-is-layout-flex\">\n<div class=\"wp-block-column is-vertically-aligned-center is-layout-flow wp-block-column-is-layout-flow\">\n<p class=\"title-v2 mb-20\">No cora\u00e7\u00e3o de Paris.<\/p>\n\n\n\n<p>Kiss Me in Paris Proposals &amp; Weddings<br>78 Av. Raymond Poincar\u00e9, 75116 Paris. Raymond Poincar\u00e9, 75116 Paris, Fran\u00e7a<br><a href=\"tel:+33661351511\">+33 6 61 35 15 11<\/a><br><a href=\"mailto:support@kissinparis.com\">support@kissinparis.com<\/a><\/p>\n<\/div>\n\n\n\n<div class=\"wp-block-column is-vertically-aligned-center is-layout-flow wp-block-column-is-layout-flow\">\n<iframe title=\"Mapa mostrando a localiza\u00e7\u00e3o do Kiss Me em Paris Proposals &amp; Weddings\" src=\"https:\/\/www.google.com\/maps\/embed?pb=!1m18!1m12!1m3!1d2624.433873533341!2d2.28082346080246!3d48.86900492627629!2m3!1f0!2f0!3f0!3m2!1i1024!2i768!4f13.1!3m3!1m2!1s0x47e66f84666f802f%3A0x7b03905155589b66!2sKiss%20Me%20in%20Paris%20Proposals%20%26%20Weddings!5e0!3m2!1sen!2sin!4v1744567332130!5m2!1sen!2sin\" width=\"600\" height=\"450\" style=\"border:0;\" allowfullscreen=\"\" loading=\"lazy\" referrerpolicy=\"no-referrer-when-downgrade\"><\/iframe>\n<\/div>\n<\/div>\n<\/div><\/div>","protected":false},"excerpt":{"rendered":"<p>Paris Violinist for Proposals &amp; Weddings Orchestra-level, English-speaking violinists with luxury-event experience\u2014stylish, punctual, and able to prepare custom arrangements (incl. foreign-language songs) on short notice. Handpicked by our team and aligned with your planner\/photographer. Our Fortune Teller Violinist Proposal creates an unforgettable moment in Paris. As you stroll the city streets, you &#8220;encounter&#8221; a master [&hellip;]<\/p>\n","protected":false},"author":35,"featured_media":24086,"parent":293,"menu_order":0,"comment_status":"closed","ping_status":"closed","template":"","meta":{"_acf_changed":false,"ub_ctt_via":"","footnotes":""},"class_list":["post-4625","page","type-page","status-publish","has-post-thumbnail","hentry"],"acf":[],"featured_image_src":"https:\/\/kissinparis.com\/wp-content\/uploads\/2025\/06\/Musician-Violinist-Paris-proposal.webp","_links":{"self":[{"href":"https:\/\/kissinparis.com\/pt\/wp-json\/wp\/v2\/pages\/4625","targetHints":{"allow":["GET"]}}],"collection":[{"href":"https:\/\/kissinparis.com\/pt\/wp-json\/wp\/v2\/pages"}],"about":[{"href":"https:\/\/kissinparis.com\/pt\/wp-json\/wp\/v2\/types\/page"}],"author":[{"embeddable":true,"href":"https:\/\/kissinparis.com\/pt\/wp-json\/wp\/v2\/users\/35"}],"replies":[{"embeddable":true,"href":"https:\/\/kissinparis.com\/pt\/wp-json\/wp\/v2\/comments?post=4625"}],"version-history":[{"count":7,"href":"https:\/\/kissinparis.com\/pt\/wp-json\/wp\/v2\/pages\/4625\/revisions"}],"predecessor-version":[{"id":28500,"href":"https:\/\/kissinparis.com\/pt\/wp-json\/wp\/v2\/pages\/4625\/revisions\/28500"}],"up":[{"embeddable":true,"href":"https:\/\/kissinparis.com\/pt\/wp-json\/wp\/v2\/pages\/293"}],"wp:featuredmedia":[{"embeddable":true,"href":"https:\/\/kissinparis.com\/pt\/wp-json\/wp\/v2\/media\/24086"}],"wp:attachment":[{"href":"https:\/\/kissinparis.com\/pt\/wp-json\/wp\/v2\/media?parent=4625"}],"curies":[{"name":"wp","href":"https:\/\/api.w.org\/{rel}","templated":true}]}}