{"id":4635,"date":"2023-03-08T14:32:01","date_gmt":"2023-03-08T14:32:01","guid":{"rendered":"https:\/\/kissinparis.com\/?page_id=4635"},"modified":"2025-07-06T17:41:41","modified_gmt":"2025-07-06T17:41:41","slug":"concierge-luxo-paris","status":"publish","type":"page","link":"https:\/\/kissinparis.com\/pt\/paris-luxury-concierge\/","title":{"rendered":"Servi\u00e7os de concierge e design de luxo em Paris para a elite global"},"content":{"rendered":"<div class=\"wp-block-group alignfull sec heror-section mt-0 mb-0 has-scroll-down has-background-color has-primary-background-color has-text-color has-background has-link-color wp-elements-cd90751d3cc54aa981d94670eb58c07b\"><div class=\"wp-block-group__inner-container is-layout-constrained wp-block-group-is-layout-constrained\">\n<h1 class=\"wp-block-heading alignwide has-text-align-left full has-background-color has-text-color has-link-color wp-elements-200bc4391bb56ad577c32072383eda1f\">Servi\u00e7os de Design e Concierge de Luxo em Paris | Global Elite<\/h1>\n<\/div><\/div>\n\n\n\n<div class=\"wp-block-cover alignfull mt-0 mb-0 banner banner-resources\"><img loading=\"lazy\" decoding=\"async\" width=\"1600\" height=\"1067\" class=\"wp-block-cover__image-background wp-image-17286 size-full\" alt=\"Pedido de casamento em Paris no Castelo de Villette iluminado com velas rom\u00e2nticas \u00e0 noite - noivado em um castelo de luxo privado, alternativa \u00e0 Torre Eiffel\" src=\"https:\/\/kissinparis.com\/wp-content\/uploads\/2025\/03\/Paris-proposal-package-chateau-villette-night.avif\" style=\"object-position:52% 47%\" data-object-fit=\"cover\" data-object-position=\"52% 47%\" srcset=\"https:\/\/kissinparis.com\/wp-content\/uploads\/2025\/03\/Paris-proposal-package-chateau-villette-night.avif 1600w, https:\/\/kissinparis.com\/wp-content\/uploads\/2025\/03\/Paris-proposal-package-chateau-villette-night-300x200.avif 300w, https:\/\/kissinparis.com\/wp-content\/uploads\/2025\/03\/Paris-proposal-package-chateau-villette-night-1024x683.avif 1024w, https:\/\/kissinparis.com\/wp-content\/uploads\/2025\/03\/Paris-proposal-package-chateau-villette-night-768x512.avif 768w, https:\/\/kissinparis.com\/wp-content\/uploads\/2025\/03\/Paris-proposal-package-chateau-villette-night-1536x1024.avif 1536w, https:\/\/kissinparis.com\/wp-content\/uploads\/2025\/03\/Paris-proposal-package-chateau-villette-night-1200x800.avif 1200w\" sizes=\"auto, (max-width: 1600px) 100vw, 1600px\" \/><span aria-hidden=\"true\" class=\"wp-block-cover__background has-primary-background-color has-background-dim-0 has-background-dim\"><\/span><div class=\"wp-block-cover__inner-container is-layout-flow wp-block-cover-is-layout-flow\">\n<div class=\"banner-video\">\n<img decoding=\"async\" src=\"https:\/\/kissinparis.com\/wp-content\/uploads\/2023\/02\/placeholder_16x9.png\" alt=\"\u00c1rea do her\u00f3i\">\n<\/div>\n<\/div><\/div>\n\n\n\n<div class=\"wp-block-group alignfull mt-0 mb-0 sec sec-content\" id=\"sec-1\"><div class=\"wp-block-group__inner-container is-layout-constrained wp-block-group-is-layout-constrained\">\n<p>Planejar um evento extraordin\u00e1rio em Paris a partir do exterior exige mais do que coordena\u00e7\u00e3o; requer conhecimento especializado. Como seus parceiros dedicados em Paris, oferecemos expertise excepcional e conex\u00f5es valiosas, abrindo portas para locais e experi\u00eancias exclusivas normalmente inacess\u00edveis. Somos especializados em atender clientes internacionais exigentes, integrando nossos servi\u00e7os de Concierge e Design &amp; Produ\u00e7\u00e3o de elite com uma gest\u00e3o completa de eventos para garantir que sua celebra\u00e7\u00e3o seja conduzida com sofistica\u00e7\u00e3o e requinte.<\/p>\n\n\n\n<figure class=\"wp-block-image size-large\"><img loading=\"lazy\" decoding=\"async\" width=\"1024\" height=\"683\" src=\"https:\/\/kissinparis.com\/wp-content\/uploads\/2025\/04\/Paris-Luxury-Concierge-Luxury-Transportation-1024x683.webp\" alt=\"Concierge de Luxo em Paris Transporte de Luxo\" class=\"wp-image-18703\" srcset=\"https:\/\/kissinparis.com\/wp-content\/uploads\/2025\/04\/Paris-Luxury-Concierge-Luxury-Transportation-1024x683.webp 1024w, https:\/\/kissinparis.com\/wp-content\/uploads\/2025\/04\/Paris-Luxury-Concierge-Luxury-Transportation-300x200.webp 300w, https:\/\/kissinparis.com\/wp-content\/uploads\/2025\/04\/Paris-Luxury-Concierge-Luxury-Transportation-768x512.webp 768w, https:\/\/kissinparis.com\/wp-content\/uploads\/2025\/04\/Paris-Luxury-Concierge-Luxury-Transportation-1536x1024.webp 1536w, https:\/\/kissinparis.com\/wp-content\/uploads\/2025\/04\/Paris-Luxury-Concierge-Luxury-Transportation-1200x800.webp 1200w, https:\/\/kissinparis.com\/wp-content\/uploads\/2025\/04\/Paris-Luxury-Concierge-Luxury-Transportation.webp 1600w\" sizes=\"auto, (max-width: 1024px) 100vw, 1024px\" \/><figcaption class=\"wp-element-caption\">Limusine branca exclusiva organizada pelo concierge de luxo de Paris \u2013 Experi\u00eancia de chegada elegante com o glamour de uma linda mulher.<\/figcaption><\/figure>\n\n\n\n<h2 class=\"wp-block-heading\">Servi\u00e7os de concierge de elite em Paris: al\u00e9m do esperado<\/h2>\n\n\n\n<p>Nossa equipe de concierge \u00e9 especializada em experi\u00eancias parisienses inesquec\u00edveis para voc\u00ea e seus convidados, cuidando de todos os detalhes com discri\u00e7\u00e3o e luxo.<\/p>\n\n\n\n<ul class=\"wp-block-list\">\n<li><strong>Acesso exclusivo ao local e localiza\u00e7\u00e3o<\/strong>: Tenha acesso a castelos hist\u00f3ricos privados, jardins isolados e espa\u00e7os \u00fanicos que geralmente s\u00e3o fechados ao p\u00fablico.<\/li>\n\n\n\n<li><strong>Imers\u00f5es parisienses personalizadas<\/strong>: Desfrute de experi\u00eancias que refletem seus interesses \u2013 desde exibi\u00e7\u00f5es privadas de alta-costura at\u00e9 passeios de champanhe e workshops culin\u00e1rios.<\/li>\n\n\n\n<li><strong>Reservas para jantar VIP<\/strong>: Garanta mesas no restaurante mais procurado e com estrelas Michelin de Paris <a href=\"https:\/\/kissinparis.com\/pt\/restaurantes-vista-torre-eiffel\/\"  >restaurantes<\/a>, onde \u00e9 quase imposs\u00edvel obter reservas.<\/li>\n\n\n\n<li><strong>Fretamentos Privados Elegantes<\/strong>: Organize reuni\u00f5es sofisticadas em iates particulares no Rio Sena.<\/li>\n\n\n\n<li><strong>Solu\u00e7\u00f5es de Transporte \u00danicas<\/strong>: Viaje com estilo com transporte terrestre de luxo, carros antigos ou \u00f4nibus de festa adaptados para seu grupo.<\/li>\n\n\n\n<li><strong>Compras de luxo personalizadas<\/strong>: Agende consultas privadas em butiques sofisticadas e ateli\u00eas de artesanato com tratamento VIP.<\/li>\n\n\n\n<li><strong>Fornecimento de champanhe e vinho raros<\/strong>: Acesse r\u00f3tulos exclusivos, safras limitadas e pedidos especiais.<\/li>\n\n\n\n<li><strong>Suporte dedicado ao h\u00f3spede<\/strong>: Entre em contato com um ponto de contato bil\u00edngue (por e-mail personalizado) para todas as d\u00favidas dos h\u00f3spedes, dispon\u00edvel 24 horas por dia, 7 dias por semana.<\/li>\n\n\n\n<li><strong>Coordena\u00e7\u00e3o Abrangente de Itiner\u00e1rios<\/strong>: Experimente o luxo sem preocupa\u00e7\u00f5es com traslados do aeroporto, acomoda\u00e7\u00f5es, restaurantes requintados e atividades culturais gerenciados por especialistas.<\/li>\n<\/ul>\n\n\n\n<figure class=\"wp-block-image size-large\"><img loading=\"lazy\" decoding=\"async\" width=\"1024\" height=\"683\" src=\"https:\/\/kissinparis.com\/wp-content\/uploads\/2025\/04\/Luxury-Concierge-Hotel-Room-Surprises-1024x683.webp\" alt=\"Su\u00edte de Propostas de Paris Surpreenda no Shangri-L\u00e1 com Presentes de Luxo\" class=\"wp-image-18710\" srcset=\"https:\/\/kissinparis.com\/wp-content\/uploads\/2025\/04\/Luxury-Concierge-Hotel-Room-Surprises-1024x683.webp 1024w, https:\/\/kissinparis.com\/wp-content\/uploads\/2025\/04\/Luxury-Concierge-Hotel-Room-Surprises-300x200.webp 300w, https:\/\/kissinparis.com\/wp-content\/uploads\/2025\/04\/Luxury-Concierge-Hotel-Room-Surprises-768x512.webp 768w, https:\/\/kissinparis.com\/wp-content\/uploads\/2025\/04\/Luxury-Concierge-Hotel-Room-Surprises-1536x1024.webp 1536w, https:\/\/kissinparis.com\/wp-content\/uploads\/2025\/04\/Luxury-Concierge-Hotel-Room-Surprises-1200x800.webp 1200w, https:\/\/kissinparis.com\/wp-content\/uploads\/2025\/04\/Luxury-Concierge-Hotel-Room-Surprises.webp 1600w\" sizes=\"auto, (max-width: 1024px) 100vw, 1024px\" \/><figcaption class=\"wp-element-caption\">A su\u00edte surpresa do Shangri-La Paris conta com presentes da Dom Perignon, Herm\u00e8s e Chanel, rosas vermelhas e um chamativo ursinho de pel\u00facia gigante.<\/figcaption><\/figure>\n\n\n\n<h2 class=\"wp-block-heading\">Sua vantagem parisiense: por que escolher nossa experi\u00eancia?<\/h2>\n\n\n\n<h3 class=\"wp-block-heading\">Presen\u00e7a local e acesso exclusivo<\/h3>\n\n\n\n<p>Nossa equipe sediada em Paris oferece vantagens incompar\u00e1veis a ag\u00eancias remotas. Com mais de uma d\u00e9cada de experi\u00eancia em eventos de luxo, constru\u00edmos relacionamentos diretos com hot\u00e9is-pal\u00e1cio, diretores de museus, propriet\u00e1rios de castelos e chefs com estrelas Michelin. Isso nos permite organizar eventos privativos fora do hor\u00e1rio comercial e acessar espa\u00e7os normalmente indispon\u00edveis para quem n\u00e3o tem conex\u00f5es locais.<\/p>\n\n\n\n<h3 class=\"wp-block-heading\">Abordagem de Gest\u00e3o Unificada<\/h3>\n\n\n\n<p>Combinamos planejamento, concierge e design em uma estrutura coesa. Seu l\u00edder de projeto dedicado coordena todos os aspectos do seu evento, garantindo qualidade consistente em todos os momentos. Essa abordagem, aprimorada em mais de 500 eventos de luxo, elimina os problemas de comunica\u00e7\u00e3o que frequentemente surgem ao trabalhar com diversas ag\u00eancias distintas.<\/p>\n\n\n\n<h3 class=\"wp-block-heading\">Suporte ao cliente internacional<\/h3>\n\n\n\n<ul class=\"wp-block-list\">\n<li><strong>Equipe multil\u00edngue<\/strong>:Nossa equipe \u00e9 fluente em ingl\u00eas e franc\u00eas, lidando com diferen\u00e7as culturais com experi\u00eancia.<\/li>\n\n\n\n<li><strong>Comunica\u00e7\u00e3o Dedicada<\/strong>: Fornecemos um endere\u00e7o de e-mail personalizado especificamente para seu evento.<\/li>\n\n\n\n<li><strong>Suporte 24 horas por dia, 7 dias por semana<\/strong>: Nossa equipe de concierge est\u00e1 dispon\u00edvel 24 horas por dia durante toda a sua visita a Paris.<\/li>\n\n\n\n<li><strong>Atendimento ao H\u00f3spede<\/strong>: Todos os participantes recebem pacotes de boas-vindas opcionais, dicas locais, contatos de emerg\u00eancia e itiner\u00e1rios personalizados de acordo com suas prefer\u00eancias.<\/li>\n<\/ul>\n\n\n\n<h3 class=\"wp-block-heading\">Experi\u00eancias Exclusivas<\/h3>\n\n\n\n<p>Somos especialistas em criar experi\u00eancias parisienses \u00fanicas, n\u00e3o dispon\u00edveis pelos canais tradicionais. Nossa equipe pode garantir acesso a castelos franceses, organizar jantares privativos de luxo e organizar atividades especiais para grupos \u2014 tudo personalizado de acordo com suas necessidades espec\u00edficas.<\/p>\n\n\n\n<p>Confie seu evento em Paris a especialistas que entendem o cen\u00e1rio de luxo desta cidade. Nossos servi\u00e7os comprovados s\u00e3o a melhor maneira de garantir o sucesso do seu evento e a satisfa\u00e7\u00e3o dos seus convidados.<\/p>\n\n\n\n<div class=\"wp-block-buttons is-content-justification-center is-layout-flex wp-container-core-buttons-is-layout-16018d1d wp-block-buttons-is-layout-flex\">\n<div class=\"wp-block-button\"><a class=\"wp-block-button__link wp-element-button\" href=\"https:\/\/kissinparis.com\/pt\/consulta\/\"  >Contato<\/a><\/div>\n<\/div>\n<\/div><\/div>\n\n\n\n<div class=\"wp-block-group alignfull mt-0 mb-0  sec sec-map\"><div class=\"wp-block-group__inner-container is-layout-constrained wp-block-group-is-layout-constrained\">\n<div class=\"wp-block-columns are-vertically-aligned-center mt-0 mb-0 is-layout-flex wp-container-core-columns-is-layout-9d6595d7 wp-block-columns-is-layout-flex\">\n<div class=\"wp-block-column is-vertically-aligned-center is-layout-flow wp-block-column-is-layout-flow\">\n<p class=\"title-v2 mb-20\">No cora\u00e7\u00e3o de Paris.<\/p>\n\n\n\n<p>Kiss Me in Paris Proposals &amp; Weddings<br>78 Av. Raymond Poincar\u00e9, 75116 Paris. Raymond Poincar\u00e9, 75116 Paris, Fran\u00e7a<br><a href=\"tel:+33661351511\">+33 6 61 35 15 11<\/a><br><a href=\"mailto:support@kissinparis.com\">support@kissinparis.com<\/a><\/p>\n<\/div>\n\n\n\n<div class=\"wp-block-column is-vertically-aligned-center is-layout-flow wp-block-column-is-layout-flow\">\n<iframe title=\"Mapa mostrando a localiza\u00e7\u00e3o do Kiss Me em Paris Proposals &amp; Weddings\" src=\"https:\/\/www.google.com\/maps\/embed?pb=!1m18!1m12!1m3!1d2624.433873533341!2d2.28082346080246!3d48.86900492627629!2m3!1f0!2f0!3f0!3m2!1i1024!2i768!4f13.1!3m3!1m2!1s0x47e66f84666f802f%3A0x7b03905155589b66!2sKiss%20Me%20in%20Paris%20Proposals%20%26%20Weddings!5e0!3m2!1sen!2sin!4v1744567332130!5m2!1sen!2sin\" width=\"600\" height=\"450\" style=\"border:0;\" allowfullscreen=\"\" loading=\"lazy\" referrerpolicy=\"no-referrer-when-downgrade\"><\/iframe>\n<\/div>\n<\/div>\n<\/div><\/div>\n\n\n\n<div class=\"wp-block-group popup-cta\"><div class=\"wp-block-group__inner-container is-layout-constrained wp-block-group-is-layout-constrained\">\n<figure class=\"wp-block-video\"><video height=\"960\" style=\"aspect-ratio: 686 \/ 960;\" width=\"686\" autoplay loop muted preload=\"none\" src=\"https:\/\/kissinparis.com\/wp-content\/uploads\/2025\/04\/Full-service-Paris-proposal-planner.mp4\" playsinline><\/video><\/figure>\n\n\n\n<p class=\"title\">Informe-se!<\/p>\n\n\n\n<p class=\"has-link whatsapp\"><a href=\"https:\/\/api.whatsapp.com\/send?phone=19175134350\" data-type=\"link\" data-id=\"https:\/\/api.whatsapp.com\/send?phone=19175134350\" target=\"_blank\" rel=\"noopener\">WhatsApp<\/a><\/p>\n\n\n\n<p class=\"has-link booking\"><a href=\"mailto:support@kissinparis.com?subject=Paris Luxury Concierge Services\"  data-type=\"link\" data-id=\"https:\/\/api.whatsapp.com\/send?phone=19175134350\" >Contato<\/a><\/p>\n<\/div><\/div>","protected":false},"excerpt":{"rendered":"<p>Paris Luxury Concierge &amp; Design Services | Global Elite Planning an extraordinary event in Paris from abroad demands more than coordination; it requires insider knowledge. As your dedicated Paris-based partners, we offer exceptional expertise and valuable connections, opening doors to exclusive venues and experiences typically inaccessible. We specialize in serving discerning international clients, integrating our [&hellip;]<\/p>\n","protected":false},"author":35,"featured_media":17286,"parent":0,"menu_order":0,"comment_status":"closed","ping_status":"closed","template":"","meta":{"_acf_changed":false,"ub_ctt_via":"","footnotes":""},"class_list":["post-4635","page","type-page","status-publish","has-post-thumbnail","hentry"],"acf":[],"featured_image_src":"https:\/\/kissinparis.com\/wp-content\/uploads\/2025\/03\/Paris-proposal-package-chateau-villette-night.avif","_links":{"self":[{"href":"https:\/\/kissinparis.com\/pt\/wp-json\/wp\/v2\/pages\/4635","targetHints":{"allow":["GET"]}}],"collection":[{"href":"https:\/\/kissinparis.com\/pt\/wp-json\/wp\/v2\/pages"}],"about":[{"href":"https:\/\/kissinparis.com\/pt\/wp-json\/wp\/v2\/types\/page"}],"author":[{"embeddable":true,"href":"https:\/\/kissinparis.com\/pt\/wp-json\/wp\/v2\/users\/35"}],"replies":[{"embeddable":true,"href":"https:\/\/kissinparis.com\/pt\/wp-json\/wp\/v2\/comments?post=4635"}],"version-history":[{"count":2,"href":"https:\/\/kissinparis.com\/pt\/wp-json\/wp\/v2\/pages\/4635\/revisions"}],"predecessor-version":[{"id":26197,"href":"https:\/\/kissinparis.com\/pt\/wp-json\/wp\/v2\/pages\/4635\/revisions\/26197"}],"wp:featuredmedia":[{"embeddable":true,"href":"https:\/\/kissinparis.com\/pt\/wp-json\/wp\/v2\/media\/17286"}],"wp:attachment":[{"href":"https:\/\/kissinparis.com\/pt\/wp-json\/wp\/v2\/media?parent=4635"}],"curies":[{"name":"wp","href":"https:\/\/api.w.org\/{rel}","templated":true}]}}