{"id":4643,"date":"2023-03-08T14:41:00","date_gmt":"2023-03-08T14:41:00","guid":{"rendered":"https:\/\/kissinparis.com\/?page_id=4643"},"modified":"2025-10-16T09:50:59","modified_gmt":"2025-10-16T09:50:59","slug":"comece-aqui","status":"publish","type":"page","link":"https:\/\/kissinparis.com\/pt\/start-here\/","title":{"rendered":"Encontre o seu servi\u00e7o ideal em Paris: um guia r\u00e1pido para o que oferecemos"},"content":{"rendered":"<div class=\"wp-block-group alignfull sec heror-section full-width mt-0 mb-0 has-scroll-down has-background-color has-primary-background-color has-text-color has-background has-link-color wp-elements-a05e0e41df26d6dfa72f130619089ea2\"><div class=\"wp-block-group__inner-container is-layout-constrained wp-block-group-is-layout-constrained\">\n<div class=\"wp-block-columns alignfull summery is-layout-flex wp-container-core-columns-is-layout-9d6595d7 wp-block-columns-is-layout-flex\">\n<div class=\"wp-block-column is-layout-flow wp-block-column-is-layout-flow\">\n<h1 class=\"wp-block-heading has-text-align-left full has-background-color has-text-color has-link-color wp-elements-af6b45e41e15ca4611e53fe0fca01918\">Comece aqui: pedidos de casamento, casamentos e ensaios fotogr\u00e1ficos em Paris<\/h1>\n<\/div>\n\n\n\n<div class=\"wp-block-column lead is-layout-flow wp-block-column-is-layout-flow\">\n<p>Bom dia e parab\u00e9ns pela sua pr\u00f3xima aventura em Paris. Esta p\u00e1gina leva voc\u00ea diretamente ao servi\u00e7o que procura \u2014 seja para planejar um pedido de casamento, organizar um casamento ou simplesmente para uma sess\u00e3o de fotos divertida e memor\u00e1vel das suas f\u00e9rias.<\/p>\n\n\n\n<p class=\"translation-block\">Considere este um roteiro para nossos servi\u00e7os mais populares, inspira\u00e7\u00e3o e orienta\u00e7\u00e3o especializada. Nossa equipe est\u00e1 dispon\u00edvel por <a href=\"mailto:support@kissinparis.com?subject=Your Paris Inquiry | Kiss Me in Paris\" target=\"_self\">e-mail<\/a> ou <a href=\"https:\/\/api.whatsapp.com\/send?phone=33699061974\" data-type=\"link\" data-id=\"https:\/\/api.whatsapp.com\/send?phone=33699061974\" target=\"_blank\" rel=\"noopener\">WhatsApp<\/a> caso precise de ajuda.<\/p>\n<\/div>\n<\/div>\n<\/div><\/div>\n\n\n\n<div class=\"wp-block-group alignfull mt-0 mb-0 sec sec-service-rows start-here has-subtle-background-background-color has-background\"><div class=\"wp-block-group__inner-container is-layout-constrained wp-block-group-is-layout-constrained\">\n<div class=\"wp-block-columns alignfull gap service-row is-layout-flex wp-container-core-columns-is-layout-9d6595d7 wp-block-columns-is-layout-flex\">\n<div class=\"wp-block-column has-figure is-layout-flow wp-block-column-is-layout-flow\">\n<figure class=\"wp-block-image size-full\"><img loading=\"lazy\" decoding=\"async\" width=\"933\" height=\"1400\" src=\"https:\/\/kissinparis.com\/wp-content\/uploads\/2025\/04\/paris-proposal-photographer-peninsula-eiffel-tower-secret-table.webp\" alt=\"Fot\u00f3grafo de pedidos de casamento em Paris registra um pedido de casamento rom\u00e2ntico na Peninsula Secret Table com vista para a Torre Eiffel\" class=\"wp-image-19274\" srcset=\"https:\/\/kissinparis.com\/wp-content\/uploads\/2025\/04\/paris-proposal-photographer-peninsula-eiffel-tower-secret-table.webp 933w, https:\/\/kissinparis.com\/wp-content\/uploads\/2025\/04\/paris-proposal-photographer-peninsula-eiffel-tower-secret-table-200x300.webp 200w, https:\/\/kissinparis.com\/wp-content\/uploads\/2025\/04\/paris-proposal-photographer-peninsula-eiffel-tower-secret-table-682x1024.webp 682w, https:\/\/kissinparis.com\/wp-content\/uploads\/2025\/04\/paris-proposal-photographer-peninsula-eiffel-tower-secret-table-768x1152.webp 768w\" sizes=\"auto, (max-width: 933px) 100vw, 933px\" \/><figcaption class=\"wp-element-caption\">Um momento m\u00e1gico capturado pelos nossos fot\u00f3grafos de pedidos em Paris: ele se ajoelha na Mesa Secreta do The Peninsula, cercado por rosas vermelhas com a Torre Eiffel como testemunha. Documentamos discretamente cada rea\u00e7\u00e3o durante esses pedidos de casamento \u00fanicos em Paris.<\/figcaption><\/figure>\n<\/div>\n\n\n\n<div class=\"wp-block-column is-vertically-aligned-stretch has-content is-layout-flow wp-block-column-is-layout-flow\">\n<h2 class=\"wp-block-heading title full\"><em>(01)<\/em> <strong>Quero fazer um pedido de casamento em Paris<\/strong><\/h2>\n\n\n\n<figure class=\"wp-block-image size-full\"><img loading=\"lazy\" decoding=\"async\" width=\"933\" height=\"1400\" src=\"https:\/\/kissinparis.com\/wp-content\/uploads\/2025\/04\/paris-proposal-photographer-peninsula-eiffel-tower-secret-table.webp\" alt=\"Fot\u00f3grafo de pedidos de casamento em Paris registra um pedido de casamento rom\u00e2ntico na Peninsula Secret Table com vista para a Torre Eiffel\" class=\"wp-image-19274\" srcset=\"https:\/\/kissinparis.com\/wp-content\/uploads\/2025\/04\/paris-proposal-photographer-peninsula-eiffel-tower-secret-table.webp 933w, https:\/\/kissinparis.com\/wp-content\/uploads\/2025\/04\/paris-proposal-photographer-peninsula-eiffel-tower-secret-table-200x300.webp 200w, https:\/\/kissinparis.com\/wp-content\/uploads\/2025\/04\/paris-proposal-photographer-peninsula-eiffel-tower-secret-table-682x1024.webp 682w, https:\/\/kissinparis.com\/wp-content\/uploads\/2025\/04\/paris-proposal-photographer-peninsula-eiffel-tower-secret-table-768x1152.webp 768w\" sizes=\"auto, (max-width: 933px) 100vw, 933px\" \/><figcaption class=\"wp-element-caption\">Um momento m\u00e1gico capturado pelos nossos fot\u00f3grafos de pedidos em Paris: ele se ajoelha na Mesa Secreta do The Peninsula, cercado por rosas vermelhas com a Torre Eiffel como testemunha. Documentamos discretamente cada rea\u00e7\u00e3o durante esses pedidos de casamento \u00fanicos em Paris.<\/figcaption><\/figure>\n\n\n\n<div class=\"wp-block-group content\"><div class=\"wp-block-group__inner-container is-layout-constrained wp-block-group-is-layout-constrained\">\n<p class=\"full\">Planeje um pedido de casamento inesquec\u00edvel em Paris com orienta\u00e7\u00e3o especializada, acesso a locais deslumbrantes e um servi\u00e7o confi\u00e1vel no dia da cerim\u00f4nia, para que voc\u00ea (e sua futura noiva) possam desfrutar de uma experi\u00eancia perfeita e sem estresse, que voc\u00eas guardar\u00e3o para sempre.<\/p>\n\n\n\n<ol class=\"wp-block-list\">\n<li><a href=\"https:\/\/kissinparis.com\/pt\/pedido-de-casamento-paris\/pacote-torre-eiffel\/\" data-type=\"link\" data-id=\"https:\/\/kissinparis.com\/paris-proposal\/eiffel-tower-proposal-package\/\">Pacote de Proposta da Torre Eiffel<\/a>&nbsp;\u2014 Terra\u00e7o privativo na cobertura, vista direta da Torre, ambiente rom\u00e2ntico e 30 minutos de fotografia profissional a partir de \u20ac 1.750.<\/li>\n\n\n\n<li><a href=\"https:\/\/kissinparis.com\/pt\/pedido-de-casamento-paris\/pacotes\/\" data-type=\"link\" data-id=\"https:\/\/kissinparis.com\/paris-proposal\/packages\/\">Todos os pacotes de propostas de Paris<\/a> \u2014 Op\u00e7\u00f5es prontas para reserva projetadas para m\u00e1ximo impacto e valor<\/li>\n\n\n\n<li><a href=\"https:\/\/kissinparis.com\/pt\/pedido-de-casamento-paris\/planejador\/\" data-type=\"link\" data-id=\"https:\/\/kissinparis.com\/paris-proposal\/planner\/\">Pedido de casamento em Paris<\/a> \u2014 Fa\u00e7a parceria com nossos especialistas que falam ingl\u00eas para uma experi\u00eancia personalizada<\/li>\n\n\n\n<li><a href=\"https:\/\/kissinparis.com\/pt\/pedido-de-casamento-paris\/\" data-type=\"link\" data-id=\"https:\/\/kissinparis.com\/paris-proposal\/\">Guia de Propostas de Paris<\/a> \u2014 Descubra os lugares mais lindos, o momento ideal e dicas privilegiadas para o noivado perfeito em Paris<\/li>\n\n\n\n<li><a href=\"https:\/\/kissinparis.com\/pt\/pedido-de-casamento-paris\/ideias-paris\/\" data-type=\"link\" data-id=\"https:\/\/kissinparis.com\/paris-proposal\/ideas-paris\/\">Ideias exclusivas para propostas em Paris<\/a> \u2014 Inspire-se em conceitos de propostas comprovados com exemplos do mundo real e dicas de execu\u00e7\u00e3o<\/li>\n\n\n\n<li><a href=\"https:\/\/kissinparis.com\/pt\/pedido-de-casamento-cobertura-paris\/\">Locais para Propostas no Telhado de Paris<\/a> \u2014 Descubra terra\u00e7os privados que oferecem vistas desobstru\u00eddas da Torre Eiffel, discri\u00e7\u00e3o absoluta e a liberdade de personalizar seu pedido de casamento<\/li>\n<\/ol>\n<\/div><\/div>\n<\/div>\n\n\n\n<div class=\"wp-block-column is-vertically-aligned-bottom has-action is-layout-flow wp-block-column-is-layout-flow\"><\/div>\n<\/div>\n\n\n\n<div class=\"wp-block-columns alignfull gap service-row is-layout-flex wp-container-core-columns-is-layout-9d6595d7 wp-block-columns-is-layout-flex\">\n<div class=\"wp-block-column has-figure is-layout-flow wp-block-column-is-layout-flow\">\n<figure class=\"wp-block-image size-large\"><img loading=\"lazy\" decoding=\"async\" width=\"682\" height=\"1024\" src=\"https:\/\/kissinparis.com\/wp-content\/uploads\/2025\/04\/paris-wedding-photographer-dior-bride-chateau-vaux-le-vicomte-682x1024.webp\" alt=\"Fot\u00f3grafo de casamento de luxo de Paris captura a noiva em um vestido Dior Couture no Chateau Vaux le Vicomte\" class=\"wp-image-19226\" srcset=\"https:\/\/kissinparis.com\/wp-content\/uploads\/2025\/04\/paris-wedding-photographer-dior-bride-chateau-vaux-le-vicomte-682x1024.webp 682w, https:\/\/kissinparis.com\/wp-content\/uploads\/2025\/04\/paris-wedding-photographer-dior-bride-chateau-vaux-le-vicomte-200x300.webp 200w, https:\/\/kissinparis.com\/wp-content\/uploads\/2025\/04\/paris-wedding-photographer-dior-bride-chateau-vaux-le-vicomte-768x1152.webp 768w, https:\/\/kissinparis.com\/wp-content\/uploads\/2025\/04\/paris-wedding-photographer-dior-bride-chateau-vaux-le-vicomte.webp 933w\" sizes=\"auto, (max-width: 682px) 100vw, 682px\" \/><figcaption class=\"wp-element-caption\">Um momento de tirar o f\u00f4lego registrado pela nossa equipe de fot\u00f3grafos de casamento em Paris: uma noiva elegante em Dior Couture ajusta seu colar de diamantes no magn\u00edfico Ch\u00e2teau de Vaux-le-Vicomte. Nossa abordagem de luxo combina expertise editorial de moda com emo\u00e7\u00e3o aut\u00eantica, com a confian\u00e7a de celebridades e casais exigentes para uma fotografia de casamento inesquec\u00edvel.<\/figcaption><\/figure>\n<\/div>\n\n\n\n<div class=\"wp-block-column is-vertically-aligned-stretch has-content is-layout-flow wp-block-column-is-layout-flow\">\n<h2 class=\"wp-block-heading title full\"><em>(02)<\/em> <strong>Estou planejando um casamento ou uma fuga<\/strong><\/h2>\n\n\n\n<figure class=\"wp-block-image size-large\"><img loading=\"lazy\" decoding=\"async\" width=\"682\" height=\"1024\" src=\"https:\/\/kissinparis.com\/wp-content\/uploads\/2025\/04\/paris-wedding-photographer-dior-bride-chateau-vaux-le-vicomte-682x1024.webp\" alt=\"Fot\u00f3grafo de casamento de luxo de Paris captura a noiva em um vestido Dior Couture no Chateau Vaux le Vicomte\" class=\"wp-image-19226\" srcset=\"https:\/\/kissinparis.com\/wp-content\/uploads\/2025\/04\/paris-wedding-photographer-dior-bride-chateau-vaux-le-vicomte-682x1024.webp 682w, https:\/\/kissinparis.com\/wp-content\/uploads\/2025\/04\/paris-wedding-photographer-dior-bride-chateau-vaux-le-vicomte-200x300.webp 200w, https:\/\/kissinparis.com\/wp-content\/uploads\/2025\/04\/paris-wedding-photographer-dior-bride-chateau-vaux-le-vicomte-768x1152.webp 768w, https:\/\/kissinparis.com\/wp-content\/uploads\/2025\/04\/paris-wedding-photographer-dior-bride-chateau-vaux-le-vicomte.webp 933w\" sizes=\"auto, (max-width: 682px) 100vw, 682px\" \/><figcaption class=\"wp-element-caption\">Um momento de tirar o f\u00f4lego registrado pela nossa equipe de fot\u00f3grafos de casamento em Paris: uma noiva elegante em Dior Couture ajusta seu colar de diamantes no magn\u00edfico Ch\u00e2teau de Vaux-le-Vicomte. Nossa abordagem de luxo combina expertise editorial de moda com emo\u00e7\u00e3o aut\u00eantica, com a confian\u00e7a de celebridades e casais exigentes para uma fotografia de casamento inesquec\u00edvel.<\/figcaption><\/figure>\n\n\n\n<div class=\"wp-block-group content\"><div class=\"wp-block-group__inner-container is-layout-constrained wp-block-group-is-layout-constrained\">\n<p>Seja para celebrar com eleg\u00e2ncia em um castelo, um elopement \u00edntimo ou um evento glamoroso no cora\u00e7\u00e3o de Paris, nossos simp\u00e1ticos planejadores falantes de ingl\u00eas ir\u00e3o gui\u00e1-lo. Conte com acesso exclusivo ao local, conex\u00f5es confi\u00e1veis com fornecedores e comunica\u00e7\u00e3o clara e \u00e1gil durante todo o planejamento.<\/p>\n\n\n\n<ol class=\"wp-block-list\">\n<li><a href=\"https:\/\/kissinparis.com\/pt\/organizador-casamentos-paris\/\" data-type=\"link\" data-id=\"https:\/\/kissinparis.com\/paris-wedding-planner\/\">Planejador de casamentos em Paris<\/a>&nbsp;\u2014 Experi\u00eancia em planejamento de casamentos com servi\u00e7o completo<\/li>\n\n\n\n<li><a href=\"https:\/\/kissinparis.com\/pt\/casamento-em-paris\/\" data-type=\"link\" data-id=\"https:\/\/kissinparis.com\/paris-wedding\/\">Guia de casamento em Paris<\/a>&nbsp;\u2014 Op\u00e7\u00f5es de local, dicas de planejamento e informa\u00e7\u00f5es privilegiadas<\/li>\n\n\n\n<li><a href=\"https:\/\/kissinparis.com\/pt\/casamento-intimo-paris\/\" data-type=\"link\" data-id=\"https:\/\/kissinparis.com\/paris-elopement\/\">Guia de fuga para Paris<\/a>&nbsp;\u2014 Informa\u00e7\u00f5es essenciais para uma cerim\u00f4nia \u00edntima e emocionante<\/li>\n<\/ol>\n<\/div><\/div>\n<\/div>\n\n\n\n<div class=\"wp-block-column is-vertically-aligned-bottom has-action is-layout-flow wp-block-column-is-layout-flow\"><\/div>\n<\/div>\n\n\n\n<div class=\"wp-block-columns alignfull gap service-row is-layout-flex wp-container-core-columns-is-layout-9d6595d7 wp-block-columns-is-layout-flex\">\n<div class=\"wp-block-column has-figure is-layout-flow wp-block-column-is-layout-flow\">\n<figure class=\"wp-block-image size-large\"><img loading=\"lazy\" decoding=\"async\" width=\"682\" height=\"1024\" src=\"https:\/\/kissinparis.com\/wp-content\/uploads\/2025\/04\/paris-couple-photography-intimate-romantic-flower-682x1024.webp\" alt=\"Fotografia \u00edntima de casal em Paris, com homem segurando uma flor e abra\u00e7ando a mulher\" class=\"wp-image-19225\" srcset=\"https:\/\/kissinparis.com\/wp-content\/uploads\/2025\/04\/paris-couple-photography-intimate-romantic-flower-682x1024.webp 682w, https:\/\/kissinparis.com\/wp-content\/uploads\/2025\/04\/paris-couple-photography-intimate-romantic-flower-200x300.webp 200w, https:\/\/kissinparis.com\/wp-content\/uploads\/2025\/04\/paris-couple-photography-intimate-romantic-flower-768x1152.webp 768w, https:\/\/kissinparis.com\/wp-content\/uploads\/2025\/04\/paris-couple-photography-intimate-romantic-flower.webp 933w\" sizes=\"auto, (max-width: 682px) 100vw, 682px\" \/><figcaption class=\"wp-element-caption\">Nosso fot\u00f3grafo de Paris cria retratos de casal \u00edntimos e naturais que mostram sua conex\u00e3o genu\u00edna - perfeitos para noivados, anivers\u00e1rios ou simplesmente para celebrar sua hist\u00f3ria de amor.<\/figcaption><\/figure>\n<\/div>\n\n\n\n<div class=\"wp-block-column is-vertically-aligned-stretch has-content is-layout-flow wp-block-column-is-layout-flow\">\n<h2 class=\"wp-block-heading title full\"><em>(03)<\/em> <strong>Quero uma linda sess\u00e3o de fotos em Paris<\/strong><\/h2>\n\n\n\n<figure class=\"wp-block-image size-large\"><img loading=\"lazy\" decoding=\"async\" width=\"682\" height=\"1024\" src=\"https:\/\/kissinparis.com\/wp-content\/uploads\/2025\/04\/paris-couple-photography-intimate-romantic-flower-682x1024.webp\" alt=\"Fotografia \u00edntima de casal em Paris, com homem segurando uma flor e abra\u00e7ando a mulher\" class=\"wp-image-19225\" srcset=\"https:\/\/kissinparis.com\/wp-content\/uploads\/2025\/04\/paris-couple-photography-intimate-romantic-flower-682x1024.webp 682w, https:\/\/kissinparis.com\/wp-content\/uploads\/2025\/04\/paris-couple-photography-intimate-romantic-flower-200x300.webp 200w, https:\/\/kissinparis.com\/wp-content\/uploads\/2025\/04\/paris-couple-photography-intimate-romantic-flower-768x1152.webp 768w, https:\/\/kissinparis.com\/wp-content\/uploads\/2025\/04\/paris-couple-photography-intimate-romantic-flower.webp 933w\" sizes=\"auto, (max-width: 682px) 100vw, 682px\" \/><figcaption class=\"wp-element-caption\">Nosso fot\u00f3grafo de Paris cria retratos de casal \u00edntimos e naturais que mostram sua conex\u00e3o genu\u00edna - perfeitos para noivados, anivers\u00e1rios ou simplesmente para celebrar sua hist\u00f3ria de amor.<\/figcaption><\/figure>\n\n\n\n<div class=\"wp-block-group content\"><div class=\"wp-block-group__inner-container is-layout-constrained wp-block-group-is-layout-constrained\">\n<p class=\"full\">Comemore sua visita \u00e0 Cidade Luz com uma sess\u00e3o de fotos de f\u00e9rias estilosa e agrad\u00e1vel com nossos artistas locais que sabem como fazer voc\u00ea parecer e se sentir incr\u00edvel.<\/p>\n\n\n\n<p>Links \u00fateis para come\u00e7ar:<\/p>\n\n\n\n<ol class=\"wp-block-list\">\n<li><a href=\"https:\/\/kissinparis.com\/pt\/reservar-agora\/ensaio-fotografico\/\">Agendar ensaio fotogr\u00e1fico<\/a> \u2014 Reserve sua sess\u00e3o hoje<\/li>\n\n\n\n<li><a href=\"https:\/\/kissinparis.com\/pt\/equipe-criativa\/\">Conhe\u00e7a Nossos Fot\u00f3grafos<\/a>&nbsp;\u2014 Confira os artistas por tr\u00e1s das lentes<\/li>\n\n\n\n<li><a href=\"https:\/\/kissinparis.com\/pt\/servicos-fotografia\/\">Navegue pelos nossos servi\u00e7os de fotografia<\/a>&nbsp;\u2014 Casais, casamentos, boudoir, fam\u00edlias e sess\u00f5es individuais<\/li>\n\n\n\n<li><a href=\"https:\/\/kissinparis.com\/pt\/portfolio\/\" data-type=\"link\" data-id=\"https:\/\/kissinparis.com\/portfolio\/\">Veja nosso portf\u00f3lio&nbsp;<\/a>\u2014 Inspira\u00e7\u00e3o de Paris e al\u00e9m<\/li>\n\n\n\n<li><a href=\"https:\/\/kissinparis.com\/pt\/ensaio-fotografico-paris\/\" data-type=\"link\" data-id=\"https:\/\/kissinparis.com\/paris-photoshoot\/\">Guia de ensaio fotogr\u00e1fico<\/a>&nbsp;\u2014 Dicas de roupas, locais ideais para fotos e conselhos de especialistas<\/li>\n<\/ol>\n<\/div><\/div>\n<\/div>\n\n\n\n<div class=\"wp-block-column is-vertically-aligned-bottom has-action is-layout-flow wp-block-column-is-layout-flow\"><\/div>\n<\/div>\n<\/div><\/div>\n\n\n\n<div class=\"wp-block-group alignfull mt-0 mb-0 sec sec-cta sec-cta-2025 fullscreen border-0 has-base-2-color has-subtle-background-background-color has-text-color has-background has-link-color wp-elements-7eb9fad225c988c0104ef9ffcb8ab40b\"><div class=\"wp-block-group__inner-container is-layout-constrained wp-block-group-is-layout-constrained\">\n<div class=\"wp-block-group alignfull\"><div class=\"wp-block-group__inner-container is-layout-constrained wp-block-group-is-layout-constrained\">\n<h2 class=\"wp-block-heading alignfull has-text-align-center\">Prontos para o<br>pr\u00f3ximo passo?<\/h2>\n\n\n\n<p class=\"has-text-align-center big-text alignwide animated-letters-v2 has-primary-color has-text-color has-link-color wp-elements-f311ce14ce04f075a6b05113fdf89593\"><strong>Vamos trabalhar <\/strong><strong>juntos!<\/strong><\/p>\n\n\n\n<div class=\"wp-block-buttons is-content-justification-center is-layout-flex wp-container-core-buttons-is-layout-16018d1d wp-block-buttons-is-layout-flex\">\n<div class=\"wp-block-button btn-lg get-popup has-dot_0 has-text-hover\"><a class=\"wp-block-button__link has-background-color has-text-color has-link-color wp-element-button\" href=\"#contact-info\"><em>Contato<\/em><\/a><\/div>\n<\/div>\n<\/div><\/div>\n<\/div><\/div>\n\n\n\n<div class=\"wp-block-group alignfull mt-0 mb-0  sec sec-map\"><div class=\"wp-block-group__inner-container is-layout-constrained wp-block-group-is-layout-constrained\">\n<div class=\"wp-block-columns are-vertically-aligned-center mt-0 mb-0 is-layout-flex wp-container-core-columns-is-layout-9d6595d7 wp-block-columns-is-layout-flex\">\n<div class=\"wp-block-column is-vertically-aligned-center is-layout-flow wp-block-column-is-layout-flow\">\n<p class=\"title-v2 mb-20\">No cora\u00e7\u00e3o de Paris.<\/p>\n\n\n\n<p>Kiss Me in Paris Proposals &amp; Weddings<br>78 Av. Raymond Poincar\u00e9, 75116 Paris. Raymond Poincar\u00e9, 75116 Paris, Fran\u00e7a<br><a href=\"tel:+33661351511\">+33 6 61 35 15 11<\/a><br><a href=\"mailto:support@kissinparis.com\">support@kissinparis.com<\/a><\/p>\n<\/div>\n\n\n\n<div class=\"wp-block-column is-vertically-aligned-center is-layout-flow wp-block-column-is-layout-flow\">\n<iframe title=\"Mapa mostrando a localiza\u00e7\u00e3o do Kiss Me em Paris Proposals &amp; Weddings\" src=\"https:\/\/www.google.com\/maps\/embed?pb=!1m18!1m12!1m3!1d2624.433873533341!2d2.28082346080246!3d48.86900492627629!2m3!1f0!2f0!3f0!3m2!1i1024!2i768!4f13.1!3m3!1m2!1s0x47e66f84666f802f%3A0x7b03905155589b66!2sKiss%20Me%20in%20Paris%20Proposals%20%26%20Weddings!5e0!3m2!1sen!2sin!4v1744567332130!5m2!1sen!2sin\" width=\"600\" height=\"450\" style=\"border:0;\" allowfullscreen=\"\" loading=\"lazy\" referrerpolicy=\"no-referrer-when-downgrade\"><\/iframe>\n<\/div>\n<\/div>\n<\/div><\/div>\n\n\n\n<div class=\"wp-block-group popup-cta\"><div class=\"wp-block-group__inner-container is-layout-constrained wp-block-group-is-layout-constrained\">\n<figure class=\"wp-block-video\"><video height=\"960\" style=\"aspect-ratio: 686 \/ 960;\" width=\"686\" autoplay loop muted poster=\"https:\/\/kissinparis.com\/wp-content\/uploads\/2025\/04\/Kiss-Me-in-Paris-Proposals-Weddings-Planning.webp\" preload=\"none\" src=\"https:\/\/kissinparis.com\/wp-content\/uploads\/2025\/04\/Full-service-Paris-proposal-planner.mp4\" playsinline><\/video><\/figure>\n\n\n\n<p class=\"title\">Informe-se!<\/p>\n\n\n\n<p class=\"has-link whatsapp\"><a href=\"https:\/\/api.whatsapp.com\/send?phone=19175134350\" target=\"_blank\" data-type=\"link\" data-id=\"https:\/\/api.whatsapp.com\/send?phone=19175134350\" rel=\"noreferrer noopener nofollow\">WhatsApp<\/a><\/p>\n\n\n\n<p class=\"has-link booking\"><a href=\"mailto:support@kissinparis.com?subject=Your Paris Inquiry | Kiss Me in Paris\" target=\"_blank\" data-type=\"link\" data-id=\"https:\/\/api.whatsapp.com\/send?phone=19175134350\" rel=\"noreferrer noopener\">Contato<\/a><\/p>\n<\/div><\/div>","protected":false},"excerpt":{"rendered":"<p>Start Here: Paris Proposals, Weddings &amp; Photoshoots Made Easy Bonjour and congratulations on your upcoming Paris adventure. This page guides you directly to the service you\u2019re looking for\u2014whether you&#8217;re planning a proposal, organizing a wedding, or just want a fun and memorable vacation photoshoot. Consider this a roadmap to our most popular services, inspiration, and [&hellip;]<\/p>\n","protected":false},"author":35,"featured_media":19995,"parent":0,"menu_order":0,"comment_status":"closed","ping_status":"closed","template":"","meta":{"_acf_changed":false,"ub_ctt_via":"","footnotes":""},"class_list":["post-4643","page","type-page","status-publish","has-post-thumbnail","hentry"],"acf":[],"featured_image_src":"https:\/\/kissinparis.com\/wp-content\/uploads\/2025\/05\/Kiss-Me-in-Paris-Start-Here.webp","_links":{"self":[{"href":"https:\/\/kissinparis.com\/pt\/wp-json\/wp\/v2\/pages\/4643","targetHints":{"allow":["GET"]}}],"collection":[{"href":"https:\/\/kissinparis.com\/pt\/wp-json\/wp\/v2\/pages"}],"about":[{"href":"https:\/\/kissinparis.com\/pt\/wp-json\/wp\/v2\/types\/page"}],"author":[{"embeddable":true,"href":"https:\/\/kissinparis.com\/pt\/wp-json\/wp\/v2\/users\/35"}],"replies":[{"embeddable":true,"href":"https:\/\/kissinparis.com\/pt\/wp-json\/wp\/v2\/comments?post=4643"}],"version-history":[{"count":7,"href":"https:\/\/kissinparis.com\/pt\/wp-json\/wp\/v2\/pages\/4643\/revisions"}],"predecessor-version":[{"id":28540,"href":"https:\/\/kissinparis.com\/pt\/wp-json\/wp\/v2\/pages\/4643\/revisions\/28540"}],"wp:featuredmedia":[{"embeddable":true,"href":"https:\/\/kissinparis.com\/pt\/wp-json\/wp\/v2\/media\/19995"}],"wp:attachment":[{"href":"https:\/\/kissinparis.com\/pt\/wp-json\/wp\/v2\/media?parent=4643"}],"curies":[{"name":"wp","href":"https:\/\/api.w.org\/{rel}","templated":true}]}}