{"id":4688,"date":"2023-03-08T16:32:23","date_gmt":"2023-03-08T16:32:23","guid":{"rendered":"https:\/\/kissinparis.com\/?page_id=4688"},"modified":"2026-02-20T13:44:29","modified_gmt":"2026-02-20T13:44:29","slug":"reservar-agora","status":"publish","type":"page","link":"https:\/\/kissinparis.com\/pt\/book-now\/","title":{"rendered":"Reserve agora"},"content":{"rendered":"<div class=\"wp-block-group alignfull sec full-width pt-0 pb-0 mt-0 mb-0 bg-transition-light has-background-color has-primary-background-color has-text-color has-background has-link-color wp-elements-23a379c8486684c5848e8267fe57c2e8\"><div class=\"wp-block-group__inner-container is-layout-constrained wp-block-group-is-layout-constrained\">\n<div class=\"wp-block-group alignfull sec heror-section full-width mt-0 mb-0  pb-0\"><div class=\"wp-block-group__inner-container is-layout-constrained wp-block-group-is-layout-constrained\">\n<div class=\"wp-block-columns alignfull summery is-layout-flex wp-container-core-columns-is-layout-9d6595d7 wp-block-columns-is-layout-flex\">\n<div class=\"wp-block-column is-layout-flow wp-block-column-is-layout-flow\">\n<h1 class=\"wp-block-heading has-text-align-left full has-background-color has-text-color has-link-color wp-elements-90ba3b4c158f8fe05f2ccbe094e59de8\">Selecione seu servi\u00e7o de fotografia<\/h1>\n<\/div>\n\n\n\n<div class=\"wp-block-column lead is-layout-flow wp-block-column-is-layout-flow\">\n<p>Bem-vindo \u00e0 nossa p\u00e1gina de reservas de fotografia em Paris. Selecione seu servi\u00e7o abaixo para ver pre\u00e7os, pacotes e disponibilidade, onde voc\u00ea pode reservar diretamente online \u2014 pr\u00e1tico, f\u00e1cil e r\u00e1pido. Para solicita\u00e7\u00f5es de v\u00e1rios servi\u00e7os ou de v\u00e1rios dias, entre em contato com nossa equipe para obter um link de reserva personalizado.<\/p>\n\n\n\n<ul class=\"wp-block-list list-inline pl-0\">\n<li><a href=\"tel:33661351511\" data-type=\"tel\" data-id=\"tel:33661351511\">Telefone<\/a><\/li>\n\n\n\n<li><a href=\"mailto:support@kissinparis.com?subject=Photography Booking Request\">Email<\/a><\/li>\n<\/ul>\n<\/div>\n<\/div>\n<\/div><\/div>\n\n\n\n<div class=\"wp-block-group alignfull mt-0 mb-0 sec sec-fullwidth sec-packages  sec-xs-sm-pt sec-sm-pb\" id=\"packages\"><div class=\"wp-block-group__inner-container is-layout-constrained wp-block-group-is-layout-constrained\">\n<div class=\"wp-block-group alignfull filters\"><div class=\"wp-block-group__inner-container is-layout-constrained wp-block-group-is-layout-constrained\">\n<ul class=\"wp-block-list category alignfull mt-0 mb-0\">\n<li><a href=\"https:\/\/kissinparis.com\/pt\/reservar-agora\/pedido-de-casamento\/\">Propostas<\/a><\/li>\n\n\n\n<li><a href=\"https:\/\/kissinparis.com\/pt\/reservar-agora\/ensaio-fotografico\/\">Sess\u00f5es de fotos<\/a><\/li>\n\n\n\n<li><a href=\"https:\/\/kissinparis.com\/pt\/reservar-agora\/boudoir\/\">Boudoir<\/a><\/li>\n\n\n\n<li><a href=\"https:\/\/kissinparis.com\/pt\/reservar-agora\/sessao-de-video\/\">Videografia<\/a><\/li>\n\n\n\n<li><a href=\"https:\/\/kissinparis.com\/pt\/reservar-agora\/casamento-intimo\/\">Fugas&nbsp;<\/a><\/li>\n<\/ul>\n<\/div><\/div>\n<\/div><\/div>\n<\/div><\/div>\n\n\n\n<div class=\"wp-block-group alignfull mt-0 mb-0  sec sec-faq sec-feature\" id=\"faq\"><div class=\"wp-block-group__inner-container is-layout-flow wp-block-group-is-layout-flow\">\n<h2 class=\"wp-block-heading title-v2\">FAQ: respostas para d\u00favidas ou preocupa\u00e7\u00f5es comuns <\/h2>\n\n\n<div id=\"rank-math-faq\" class=\"rank-math-block\">\n<div class=\"rank-math-list\">\n<div id=\"faq-question-1747329565204\" class=\"rank-math-list-item\">\n<h3 class=\"rank-math-question\">Como funciona a reserva on-line?<\/h3>\n<div class=\"rank-math-answer\">\n\n<p>Selecione seu servi\u00e7o para ver pre\u00e7os, pacotes e disponibilidade<\/p>\n<p>\u2013 Escolha uma data e aguarde o carregamento do calend\u00e1rio<br \/>\u2013 Selecione um pacote e permita que as op\u00e7\u00f5es sejam atualizadas<br \/>\u2013 Escolha um fot\u00f3grafo no menu suspenso (portf\u00f3lios dispon\u00edveis na parte inferior da p\u00e1gina)<br \/>\u2013 Escolha um intervalo de tempo e clique em Continuar<br \/>\u2013 Insira seus dados de contato e prefer\u00eancias de localiza\u00e7\u00e3o<br \/>\u2013 Marque \u201cConcordo com os termos\u201d e clique em Continuar<br \/>\u2013 Revise todos os detalhes, insira as informa\u00e7\u00f5es de pagamento e clique em Enviar<\/p>\n<p>Voc\u00ea receber\u00e1 um e-mail de confirma\u00e7\u00e3o imediatamente. Se n\u00e3o estiver vis\u00edvel na sua caixa de entrada, verifique a pasta de spam.<\/p>\n\n<\/div>\n<\/div>\n<div id=\"faq-question-1747330416718\" class=\"rank-math-list-item\">\n<h3 class=\"rank-math-question\">Qual \u00e9 a diferen\u00e7a entre fot\u00f3grafos e cineastas?<\/h3>\n<div class=\"rank-math-answer\">\n\n<p>Navegue pela biografia e portf\u00f3lio de cada artista para ver seu trabalho, estilo e avalia\u00e7\u00f5es. Contrate um fot\u00f3grafo para fotos, um cineasta para v\u00eddeos ou ambos. Para reservas combinadas ou complexas, <a href=\"mailto:support@kissinparis.com\" data-type=\"mailto\" data-id=\"mailto:support@kissinparis.com\">e-mail<\/a>  para um link personalizado<\/p>\n\n<\/div>\n<\/div>\n<div id=\"faq-question-1747330434617\" class=\"rank-math-list-item\">\n<h3 class=\"rank-math-question\">N\u00e3o recebi minha confirma\u00e7\u00e3o. O que devo fazer?<\/h3>\n<div class=\"rank-math-answer\">\n\n<p>Verifique sua caixa de spam. Se ainda assim n\u00e3o o encontrar, <a href=\"mailto:support@kissinparis.com\" data-type=\"mailto\" data-id=\"mailto:support@kissinparis.com\">e-mail<\/a> ou envie uma mensagem para n\u00f3s no WhatsApp \u2014 reenviaremos imediatamente.<\/p>\n\n<\/div>\n<\/div>\n<div id=\"faq-question-1747330451298\" class=\"rank-math-list-item\">\n<h3 class=\"rank-math-question\">Posso alterar ou cancelar minha reserva?<\/h3>\n<div class=\"rank-math-answer\">\n\n<p>Cancelar com mais de 10 dias de anteced\u00eancia: reembolso total menos uma taxa administrativa 10%.<\/p>\n<p>Cancelar em at\u00e9 10 dias: N\u00e3o h\u00e1 reembolso.<\/p>\n<p>Envie todas as solicita\u00e7\u00f5es para <a href=\"mailto:support@kissinparis.com\">support@kissinparis.com<\/a> O mais breve poss\u00edvel.<\/p>\n\n<\/div>\n<\/div>\n<div id=\"faq-question-1747330463394\" class=\"rank-math-list-item\">\n<h3 class=\"rank-math-question\">Quais m\u00e9todos de pagamento voc\u00eas aceitam?<\/h3>\n<div class=\"rank-math-answer\">\n\n<p>Aceitamos Visa, MasterCard, American Express, PayPal e dinheiro. Uma taxa 50% garante sua reserva; o saldo deve ser pago na data da sua sess\u00e3o.<\/p>\n\n<\/div>\n<\/div>\n<div id=\"faq-question-1747330470609\" class=\"rank-math-list-item\">\n<h3 class=\"rank-math-question\">Como fa\u00e7o para reservar v\u00e1rios servi\u00e7os ou datas?<\/h3>\n<div class=\"rank-math-answer\">\n\n<p><a href=\"mailto:support@kissinparis.com\" data-type=\"mailto\" data-id=\"mailto:support@kissinparis.com\">Email<\/a> com suas necessidades. Enviaremos um link de reserva personalizado.<\/p>\n\n<\/div>\n<\/div>\n<\/div>\n<\/div><\/div><\/div>\n\n\n\n<div class=\"wp-block-group popup-cta\"><div class=\"wp-block-group__inner-container is-layout-constrained wp-block-group-is-layout-constrained\">\n<figure class=\"wp-block-video\"><video height=\"960\" style=\"aspect-ratio: 686 \/ 960;\" width=\"686\" autoplay loop muted poster=\"https:\/\/kissinparis.com\/wp-content\/uploads\/2025\/04\/Kiss-Me-in-Paris-Proposals-Weddings-Planning.webp\" preload=\"none\" src=\"https:\/\/kissinparis.com\/wp-content\/uploads\/2025\/04\/Full-service-Paris-proposal-planner.mp4\" playsinline><\/video><\/figure>\n\n\n\n<p class=\"title\">Informe-se!<\/p>\n\n\n\n<p class=\"has-link whatsapp\"><a href=\"https:\/\/api.whatsapp.com\/send?phone=19175134350\" data-type=\"link\" data-id=\"https:\/\/api.whatsapp.com\/send?phone=19175134350\" target=\"_blank\" rel=\"noopener\">WhatsApp<\/a><\/p>\n\n\n\n<p class=\"has-link booking\"><a href=\"mailto:support@kissinparis.com?subject=Photography Booking Request\" data-type=\"link\" data-id=\"https:\/\/api.whatsapp.com\/send?phone=19175134350\">Contato<\/a><\/p>\n<\/div><\/div>","protected":false},"excerpt":{"rendered":"<p>Selecione seu servi\u00e7o fotogr\u00e1fico. Bem-vindo \u00e0 nossa p\u00e1gina de reservas de fotografia em Paris. Selecione seu servi\u00e7o abaixo para ver pre\u00e7os, pacotes e disponibilidade, onde voc\u00ea pode reservar diretamente online \u2014 pr\u00e1tico, f\u00e1cil e r\u00e1pido. Para solicita\u00e7\u00f5es de v\u00e1rios servi\u00e7os ou de v\u00e1rios dias, entre em contato com nossa equipe para obter um link de reserva personalizado. Consulte! Consulte pelo WhatsApp<\/p>","protected":false},"author":35,"featured_media":11583,"parent":0,"menu_order":0,"comment_status":"closed","ping_status":"closed","template":"","meta":{"_acf_changed":false,"ub_ctt_via":"","footnotes":""},"class_list":["post-4688","page","type-page","status-publish","has-post-thumbnail","hentry"],"acf":[],"featured_image_src":"https:\/\/kissinparis.com\/wp-content\/uploads\/2023\/04\/Book-with-Kiss-Me-in-Paris.jpg","_links":{"self":[{"href":"https:\/\/kissinparis.com\/pt\/wp-json\/wp\/v2\/pages\/4688","targetHints":{"allow":["GET"]}}],"collection":[{"href":"https:\/\/kissinparis.com\/pt\/wp-json\/wp\/v2\/pages"}],"about":[{"href":"https:\/\/kissinparis.com\/pt\/wp-json\/wp\/v2\/types\/page"}],"author":[{"embeddable":true,"href":"https:\/\/kissinparis.com\/pt\/wp-json\/wp\/v2\/users\/35"}],"replies":[{"embeddable":true,"href":"https:\/\/kissinparis.com\/pt\/wp-json\/wp\/v2\/comments?post=4688"}],"version-history":[{"count":3,"href":"https:\/\/kissinparis.com\/pt\/wp-json\/wp\/v2\/pages\/4688\/revisions"}],"predecessor-version":[{"id":24775,"href":"https:\/\/kissinparis.com\/pt\/wp-json\/wp\/v2\/pages\/4688\/revisions\/24775"}],"wp:featuredmedia":[{"embeddable":true,"href":"https:\/\/kissinparis.com\/pt\/wp-json\/wp\/v2\/media\/11583"}],"wp:attachment":[{"href":"https:\/\/kissinparis.com\/pt\/wp-json\/wp\/v2\/media?parent=4688"}],"curies":[{"name":"wp","href":"https:\/\/api.w.org\/{rel}","templated":true}]}}