{"id":4703,"date":"2023-03-08T16:59:17","date_gmt":"2023-03-08T16:59:17","guid":{"rendered":"https:\/\/kissinparis.com\/?page_id=4703"},"modified":"2026-02-20T13:43:37","modified_gmt":"2026-02-20T13:43:37","slug":"ensaio-fotografico","status":"publish","type":"page","link":"https:\/\/kissinparis.com\/pt\/book-now\/photoshoots\/","title":{"rendered":"Sess\u00f5es de fotos"},"content":{"rendered":"<div class=\"wp-block-group alignfull sec full-width pt-0 pb-0 mt-0 mb-0 bg-transition-light has-background-color has-primary-background-color has-text-color has-background has-link-color wp-elements-0635ef3c535d8431a77009d164ce7ec0\"><div class=\"wp-block-group__inner-container is-layout-constrained wp-block-group-is-layout-constrained\">\n<div class=\"wp-block-group alignfull sec heror-section full-width mt-0 mb-0  pb-0\"><div class=\"wp-block-group__inner-container is-layout-constrained wp-block-group-is-layout-constrained\">\n<div class=\"wp-block-columns alignfull summery is-layout-flex wp-container-core-columns-is-layout-9d6595d7 wp-block-columns-is-layout-flex\">\n<div class=\"wp-block-column is-layout-flow wp-block-column-is-layout-flow\">\n<h1 class=\"wp-block-heading has-text-align-left full has-background-color has-text-color has-link-color wp-elements-eb10c7e87b0d8f62eb58484fed1323e7\">Sess\u00f5es de fotos<\/h1>\n<\/div>\n\n\n\n<div class=\"wp-block-column lead is-layout-flow wp-block-column-is-layout-flow\">\n<p>Ensaios fotogr\u00e1ficos de casal \/ Fam\u00edlia \/ Pr\u00e9-casamento \/ Solo<\/p>\n\n\n\n<ul class=\"wp-block-list list-inline pl-0\">\n<li><a href=\"tel:33661351511\" data-type=\"tel\" data-id=\"tel:33661351511\"  >Telefone<\/a><\/li>\n\n\n\n<li><a href=\"mailto:support@kissinparis.com?subject=Photography Booking Request\"  >Email<\/a><\/li>\n\n\n\n<li><a href=\"#artists\" data-type=\"internal\" data-id=\"#artists\">Equipe<\/a><\/li>\n\n\n\n<li><a href=\"#faq\">FAQ<\/a><\/li>\n<\/ul>\n<\/div>\n<\/div>\n<\/div><\/div>\n\n\n\n<div class=\"wp-block-group alignfull mt-0 mb-0 sec sec-fullwidth sec-packages  sec-xs-sm-pt sec-sm-pb\" id=\"packages\"><div class=\"wp-block-group__inner-container is-layout-constrained wp-block-group-is-layout-constrained\">\n<div class=\"wp-block-group alignfull filters\"><div class=\"wp-block-group__inner-container is-layout-constrained wp-block-group-is-layout-constrained\">\n<ul class=\"wp-block-list category alignfull mt-0 mb-0\">\n<li><a href=\"https:\/\/kissinparis.com\/pt\/reservar-agora\/pedido-de-casamento\/\">Propostas<\/a><\/li>\n\n\n\n<li class=\"active\"><a href=\"https:\/\/kissinparis.com\/pt\/reservar-agora\/ensaio-fotografico\/\">Sess\u00f5es de fotos<\/a><\/li>\n\n\n\n<li><a href=\"https:\/\/kissinparis.com\/pt\/reservar-agora\/boudoir\/\">Boudoir<\/a><\/li>\n\n\n\n<li><a href=\"https:\/\/kissinparis.com\/pt\/reservar-agora\/sessao-de-video\/\">Videografia<\/a><\/li>\n\n\n\n<li><a href=\"https:\/\/kissinparis.com\/pt\/reservar-agora\/casamento-intimo\/\">Fugas&nbsp;<\/a><\/li>\n<\/ul>\n<\/div><\/div>\n<\/div><\/div>\n<\/div><\/div>\n\n\n\n\n\n\n<div class=\"wp-block-group alignfull mt-0 mb-0 sec sec-feature has-white-background-color has-background\" id=\"artists\"><div class=\"wp-block-group__inner-container is-layout-constrained wp-block-group-is-layout-constrained\">\n<h2 class=\"wp-block-heading has-text-align-center heading-size-1\">Conhe\u00e7a nossos fot\u00f3grafos<\/h2>\n\n\n\n<h3 class=\"wp-block-heading has-text-align-center sec-header sec-name mb-20\">Fotografia<\/h3>\n\n\n\n<p class=\"has-text-align-center mb-60 container-xs\">Escolha seu fot\u00f3grafo favorito \u2014 cada um mostrar\u00e1 a voc\u00ea momentos divertidos em Paris e o incentivar\u00e1 a se preparar bem para a melhor experi\u00eancia fotogr\u00e1fica poss\u00edvel.<\/p>\n\n\n\n<div class=\"wp-block-columns boxes plans team-member is-layout-flex wp-container-core-columns-is-layout-9d6595d7 wp-block-columns-is-layout-flex\">\n<div class=\"wp-block-column is-layout-flow wp-block-column-is-layout-flow\">\n<figure class=\"wp-block-image size-full\"><a href=\"https:\/\/kissinparis.com\/pt\/equipe-criativa\/vincent\/\" aria-label=\"Leia mais sobre Fot\u00f3grafo em Paris Fran\u00e7a Vincent\"><img loading=\"lazy\" decoding=\"async\" width=\"640\" height=\"800\" src=\"https:\/\/kissinparis.com\/wp-content\/uploads\/2023\/03\/Photographer-in-Paris-France-Vincent-2.jpg\" alt=\"Fot\u00f3grafo em Paris Fran\u00e7a Vincent\" class=\"wp-image-1235\" srcset=\"https:\/\/kissinparis.com\/wp-content\/uploads\/2023\/03\/Photographer-in-Paris-France-Vincent-2.jpg 640w, https:\/\/kissinparis.com\/wp-content\/uploads\/2023\/03\/Photographer-in-Paris-France-Vincent-2-240x300.jpg 240w\" sizes=\"auto, (max-width: 640px) 100vw, 640px\" \/><\/a><\/figure>\n\n\n\n<div class=\"wp-block-group mt-0 mb-0 content\"><div class=\"wp-block-group__inner-container is-layout-constrained wp-block-group-is-layout-constrained\">\n<h4 class=\"wp-block-heading\"><a href=\"https:\/\/kissinparis.com\/pt\/equipe-criativa\/vincent\/\">Vicente<\/a><\/h4>\n\n\n\n<p class=\"sec-header\"><a href=\"https:\/\/kissinparis.com\/pt\/equipe-criativa\/vincent\/\">Fot\u00f3grafo profissional<\/a><\/p>\n<\/div><\/div>\n<\/div>\n\n\n\n<div class=\"wp-block-column is-layout-flow wp-block-column-is-layout-flow\">\n<figure class=\"wp-block-image size-full\"><a href=\"https:\/\/kissinparis.com\/pt\/equipe-criativa\/scander\/\" aria-label=\"Leia mais sobre o fot\u00f3grafo parisiense Scander Kiss Me em Paris\"><img loading=\"lazy\" decoding=\"async\" width=\"320\" height=\"400\" src=\"https:\/\/kissinparis.com\/wp-content\/uploads\/2023\/03\/Paris-Photographer-Scander-Kiss-Me-in-Paris.jpg\" alt=\"O fot\u00f3grafo parisiense Scander me beija em Paris\" class=\"wp-image-1108\" srcset=\"https:\/\/kissinparis.com\/wp-content\/uploads\/2023\/03\/Paris-Photographer-Scander-Kiss-Me-in-Paris.jpg 320w, https:\/\/kissinparis.com\/wp-content\/uploads\/2023\/03\/Paris-Photographer-Scander-Kiss-Me-in-Paris-240x300.jpg 240w\" sizes=\"auto, (max-width: 320px) 100vw, 320px\" \/><\/a><\/figure>\n\n\n\n<div class=\"wp-block-group mt-0 mb-0 content\"><div class=\"wp-block-group__inner-container is-layout-constrained wp-block-group-is-layout-constrained\">\n<h4 class=\"wp-block-heading\"><a href=\"https:\/\/kissinparis.com\/pt\/equipe-criativa\/scander\/\">Scander<\/a><\/h4>\n\n\n\n<p class=\"sec-header\"><a href=\"https:\/\/kissinparis.com\/pt\/equipe-criativa\/scander\/\">Fot\u00f3grafo profissional<\/a><\/p>\n<\/div><\/div>\n<\/div>\n\n\n\n<div class=\"wp-block-column is-layout-flow wp-block-column-is-layout-flow\">\n<figure class=\"wp-block-image size-full\"><a href=\"https:\/\/kissinparis.com\/pt\/equipe-criativa\/cengiz\/\" aria-label=\"Leia mais sobre o famoso fot\u00f3grafo parisiense Cengiz\"><img loading=\"lazy\" decoding=\"async\" width=\"320\" height=\"400\" src=\"https:\/\/kissinparis.com\/wp-content\/uploads\/2023\/03\/Famous-Paris-photographer-Cengiz-2.jpg\" alt=\"O famoso fot\u00f3grafo parisiense Cengiz\" class=\"wp-image-5210\" srcset=\"https:\/\/kissinparis.com\/wp-content\/uploads\/2023\/03\/Famous-Paris-photographer-Cengiz-2.jpg 320w, https:\/\/kissinparis.com\/wp-content\/uploads\/2023\/03\/Famous-Paris-photographer-Cengiz-2-240x300.jpg 240w\" sizes=\"auto, (max-width: 320px) 100vw, 320px\" \/><\/a><\/figure>\n\n\n\n<div class=\"wp-block-group mt-0 mb-0 content\"><div class=\"wp-block-group__inner-container is-layout-constrained wp-block-group-is-layout-constrained\">\n<h4 class=\"wp-block-heading\"><a href=\"https:\/\/kissinparis.com\/pt\/equipe-criativa\/cengiz\/\">Cengiz<\/a><\/h4>\n\n\n\n<p class=\"sec-header\"><a href=\"https:\/\/kissinparis.com\/pt\/equipe-criativa\/cengiz\/\">Fot\u00f3grafo profissional<\/a><\/p>\n<\/div><\/div>\n<\/div>\n\n\n\n<div class=\"wp-block-column is-layout-flow wp-block-column-is-layout-flow\">\n<figure class=\"wp-block-image size-full\"><a href=\"https:\/\/kissinparis.com\/pt\/equipe-criativa\/juliana\/\" aria-label=\"Leia mais sobre Paris Video Reels Juliana\"><img loading=\"lazy\" decoding=\"async\" width=\"512\" height=\"768\" src=\"https:\/\/kissinparis.com\/wp-content\/uploads\/2023\/03\/Professional-Paris-Video-Reels-Juliana-Brazil.jpg\" alt=\"Paris Video Reels Juliana\" class=\"wp-image-5248\" srcset=\"https:\/\/kissinparis.com\/wp-content\/uploads\/2023\/03\/Professional-Paris-Video-Reels-Juliana-Brazil.jpg 512w, https:\/\/kissinparis.com\/wp-content\/uploads\/2023\/03\/Professional-Paris-Video-Reels-Juliana-Brazil-200x300.jpg 200w\" sizes=\"auto, (max-width: 512px) 100vw, 512px\" \/><\/a><\/figure>\n\n\n\n<div class=\"wp-block-group mt-0 mb-0 content\"><div class=\"wp-block-group__inner-container is-layout-constrained wp-block-group-is-layout-constrained\">\n<h4 class=\"wp-block-heading\"><a href=\"https:\/\/kissinparis.com\/pt\/equipe-criativa\/juliana\/\">Juliana<\/a><\/h4>\n\n\n\n<p class=\"sec-header\"><a href=\"https:\/\/kissinparis.com\/pt\/equipe-criativa\/juliana\/\">Fot\u00f3grafo profissional<\/a><\/p>\n<\/div><\/div>\n<\/div>\n<\/div>\n<\/div><\/div>\n\n\n\n<div class=\"wp-block-group alignfull mt-0 mb-0 sec sec-feature has-white-background-color has-background\" id=\"filmmakers\"><div class=\"wp-block-group__inner-container is-layout-constrained wp-block-group-is-layout-constrained\">\n<h2 class=\"wp-block-heading has-text-align-center heading-size-1\">Conhe\u00e7a nossos cineastas<\/h2>\n\n\n\n<h3 class=\"wp-block-heading has-text-align-center sec-header sec-name mb-20\">Videografia<\/h3>\n\n\n\n<p class=\"has-text-align-center mb-60 container-xs\">H\u00e1 um estilo para todos. Voc\u00ea pode gostar de v\u00eddeos tradicionais (horizontais) com um toque cinematogr\u00e1fico. Quando voc\u00ea busca energia e divers\u00e3o sem fim, Vincent \u00e9 o seu cara. Julia \u00e9 a sua garota quando voc\u00ea busca originalidade e um toque feminino. Ou talvez voc\u00ea prefira v\u00eddeos \u00edntimos deslumbrantes (verticais) que cobrem toda a Torre Eiffel e s\u00e3o entregues em menos de 72 horas? Ent\u00e3o, escolha as incr\u00edveis hist\u00f3rias de amor da Juliana, prontas para as redes sociais. Dependendo do seu or\u00e7amento e prefer\u00eancias, combine filmes tradicionais e verticais.<\/p>\n\n\n\n<div class=\"wp-block-columns boxes plans team-member is-layout-flex wp-container-core-columns-is-layout-9d6595d7 wp-block-columns-is-layout-flex\">\n<div class=\"wp-block-column is-layout-flow wp-block-column-is-layout-flow\">\n<figure class=\"wp-block-image size-full\"><a href=\"https:\/\/kissinparis.com\/pt\/equipe-criativa\/julia\/\" aria-label=\"Leia mais sobre a cinegrafista parisiense que fala russo Julia\"><img loading=\"lazy\" decoding=\"async\" width=\"800\" height=\"1000\" src=\"https:\/\/kissinparis.com\/wp-content\/uploads\/2023\/03\/Paris-videographer-speaks-Russian-Julia.jpg\" alt=\"A cinegrafista parisiense fala russo Julia\" class=\"wp-image-7967\" srcset=\"https:\/\/kissinparis.com\/wp-content\/uploads\/2023\/03\/Paris-videographer-speaks-Russian-Julia.jpg 800w, https:\/\/kissinparis.com\/wp-content\/uploads\/2023\/03\/Paris-videographer-speaks-Russian-Julia-240x300.jpg 240w, https:\/\/kissinparis.com\/wp-content\/uploads\/2023\/03\/Paris-videographer-speaks-Russian-Julia-768x960.jpg 768w\" sizes=\"auto, (max-width: 800px) 100vw, 800px\" \/><\/a><\/figure>\n\n\n\n<div class=\"wp-block-group mt-0 mb-0 content\"><div class=\"wp-block-group__inner-container is-layout-constrained wp-block-group-is-layout-constrained\">\n<h4 class=\"wp-block-heading\"><a href=\"https:\/\/kissinparis.com\/pt\/equipe-criativa\/julia\/\">J\u00falia<\/a><\/h4>\n\n\n\n<p class=\"sec-header\"><a href=\"https:\/\/kissinparis.com\/pt\/equipe-criativa\/julia\/\">Cineasta profissional<\/a><\/p>\n<\/div><\/div>\n<\/div>\n\n\n\n<div class=\"wp-block-column is-layout-flow wp-block-column-is-layout-flow\">\n<figure class=\"wp-block-image size-full\"><a href=\"https:\/\/kissinparis.com\/pt\/equipe-criativa\/vincent\/\" aria-label=\"Leia mais sobre Fot\u00f3grafo em Paris Fran\u00e7a Vincent\"><img loading=\"lazy\" decoding=\"async\" width=\"640\" height=\"800\" src=\"https:\/\/kissinparis.com\/wp-content\/uploads\/2023\/03\/Photographer-in-Paris-France-Vincent-2.jpg\" alt=\"Fot\u00f3grafo em Paris Fran\u00e7a Vincent\" class=\"wp-image-1235\" srcset=\"https:\/\/kissinparis.com\/wp-content\/uploads\/2023\/03\/Photographer-in-Paris-France-Vincent-2.jpg 640w, https:\/\/kissinparis.com\/wp-content\/uploads\/2023\/03\/Photographer-in-Paris-France-Vincent-2-240x300.jpg 240w\" sizes=\"auto, (max-width: 640px) 100vw, 640px\" \/><\/a><\/figure>\n\n\n\n<div class=\"wp-block-group mt-0 mb-0 content\"><div class=\"wp-block-group__inner-container is-layout-constrained wp-block-group-is-layout-constrained\">\n<h4 class=\"wp-block-heading\"><a href=\"https:\/\/kissinparis.com\/pt\/equipe-criativa\/vincent\/\">Vicente<\/a><\/h4>\n\n\n\n<p class=\"sec-header\"><a href=\"https:\/\/kissinparis.com\/pt\/equipe-criativa\/vincent\/\">Vide\u00f3grafo profissional<\/a><\/p>\n<\/div><\/div>\n<\/div>\n\n\n\n<div class=\"wp-block-column is-layout-flow wp-block-column-is-layout-flow\">\n<figure class=\"wp-block-image size-full\"><a href=\"https:\/\/kissinparis.com\/pt\/equipe-criativa\/juliana\/\" aria-label=\"Leia mais sobre Paris Video Reels Juliana\"><img loading=\"lazy\" decoding=\"async\" width=\"512\" height=\"768\" src=\"https:\/\/kissinparis.com\/wp-content\/uploads\/2023\/03\/Professional-Paris-Video-Reels-Juliana-Brazil.jpg\" alt=\"Paris Video Reels Juliana\" class=\"wp-image-5248\" srcset=\"https:\/\/kissinparis.com\/wp-content\/uploads\/2023\/03\/Professional-Paris-Video-Reels-Juliana-Brazil.jpg 512w, https:\/\/kissinparis.com\/wp-content\/uploads\/2023\/03\/Professional-Paris-Video-Reels-Juliana-Brazil-200x300.jpg 200w\" sizes=\"auto, (max-width: 512px) 100vw, 512px\" \/><\/a><\/figure>\n\n\n\n<div class=\"wp-block-group mt-0 mb-0 content\"><div class=\"wp-block-group__inner-container is-layout-constrained wp-block-group-is-layout-constrained\">\n<h4 class=\"wp-block-heading\"><a href=\"https:\/\/kissinparis.com\/pt\/equipe-criativa\/juliana\/\">Juliana<\/a><\/h4>\n\n\n\n<p class=\"sec-header\"><a href=\"https:\/\/kissinparis.com\/pt\/equipe-criativa\/juliana\/\">Rolos de v\u00eddeo profissionais<\/a><\/p>\n<\/div><\/div>\n<\/div>\n<\/div>\n<\/div><\/div>\n\n\n\n<div class=\"wp-block-group alignfull mt-0 mb-0  sec sec-faq sec-feature\" id=\"faq\"><div class=\"wp-block-group__inner-container is-layout-flow wp-block-group-is-layout-flow\">\n<h2 class=\"wp-block-heading title-v2\">FAQ: respostas para d\u00favidas ou preocupa\u00e7\u00f5es comuns <\/h2>\n\n\n<div id=\"rank-math-faq\" class=\"rank-math-block\">\n<div class=\"rank-math-list\">\n<div id=\"faq-question-1747329565204\" class=\"rank-math-list-item\">\n<h3 class=\"rank-math-question\">Como funciona a reserva on-line?<\/h3>\n<div class=\"rank-math-answer\">\n\n<p>Selecione seu servi\u00e7o para ver pre\u00e7os, pacotes e disponibilidade<\/p>\n<p>\u2013 Escolha uma data e aguarde o carregamento do calend\u00e1rio<br \/>\u2013 Selecione um pacote e permita que as op\u00e7\u00f5es sejam atualizadas<br \/>\u2013 Escolha um fot\u00f3grafo no menu suspenso (portf\u00f3lios dispon\u00edveis na parte inferior da p\u00e1gina)<br \/>\u2013 Escolha um intervalo de tempo e clique em Continuar<br \/>\u2013 Insira seus dados de contato e prefer\u00eancias de localiza\u00e7\u00e3o<br \/>\u2013 Marque \u201cConcordo com os termos\u201d e clique em Continuar<br \/>\u2013 Revise todos os detalhes, insira as informa\u00e7\u00f5es de pagamento e clique em Enviar<\/p>\n<p>Voc\u00ea receber\u00e1 um e-mail de confirma\u00e7\u00e3o imediatamente. Se n\u00e3o estiver vis\u00edvel na sua caixa de entrada, verifique a pasta de spam.<\/p>\n\n<\/div>\n<\/div>\n<div id=\"faq-question-1747330416718\" class=\"rank-math-list-item\">\n<h3 class=\"rank-math-question\">Qual \u00e9 a diferen\u00e7a entre fot\u00f3grafos e cineastas?<\/h3>\n<div class=\"rank-math-answer\">\n\n<p>Navegue pela biografia e portf\u00f3lio de cada artista para ver seu trabalho, estilo e avalia\u00e7\u00f5es. Contrate um fot\u00f3grafo para fotos, um cineasta para v\u00eddeos ou ambos. Para reservas combinadas ou complexas, <a href=\"mailto:support@kissinparis.com\" data-type=\"mailto\" data-id=\"mailto:support@kissinparis.com\">e-mail<\/a>  para um link personalizado<\/p>\n\n<\/div>\n<\/div>\n<div id=\"faq-question-1747330434617\" class=\"rank-math-list-item\">\n<h3 class=\"rank-math-question\">N\u00e3o recebi minha confirma\u00e7\u00e3o. O que devo fazer?<\/h3>\n<div class=\"rank-math-answer\">\n\n<p>Verifique sua caixa de spam. Se ainda assim n\u00e3o o encontrar, <a href=\"mailto:support@kissinparis.com\" data-type=\"mailto\" data-id=\"mailto:support@kissinparis.com\">e-mail<\/a> ou envie uma mensagem para n\u00f3s no WhatsApp \u2014 reenviaremos imediatamente.<\/p>\n\n<\/div>\n<\/div>\n<div id=\"faq-question-1747330451298\" class=\"rank-math-list-item\">\n<h3 class=\"rank-math-question\">Posso alterar ou cancelar minha reserva?<\/h3>\n<div class=\"rank-math-answer\">\n\n<p>Cancelar com mais de 10 dias de anteced\u00eancia: reembolso total menos uma taxa administrativa 10%.<\/p>\n<p>Cancelar em at\u00e9 10 dias: N\u00e3o h\u00e1 reembolso.<\/p>\n<p>Envie todas as solicita\u00e7\u00f5es para <a href=\"mailto:support@kissinparis.com\">support@kissinparis.com<\/a> O mais breve poss\u00edvel.<\/p>\n\n<\/div>\n<\/div>\n<div id=\"faq-question-1747330463394\" class=\"rank-math-list-item\">\n<h3 class=\"rank-math-question\">Quais m\u00e9todos de pagamento voc\u00eas aceitam?<\/h3>\n<div class=\"rank-math-answer\">\n\n<p>Aceitamos Visa, MasterCard, American Express, PayPal e dinheiro. Uma taxa 50% garante sua reserva; o saldo deve ser pago na data da sua sess\u00e3o.<\/p>\n\n<\/div>\n<\/div>\n<div id=\"faq-question-1747330470609\" class=\"rank-math-list-item\">\n<h3 class=\"rank-math-question\">Como fa\u00e7o para reservar v\u00e1rios servi\u00e7os ou datas?<\/h3>\n<div class=\"rank-math-answer\">\n\n<p><a href=\"mailto:support@kissinparis.com\" data-type=\"mailto\" data-id=\"mailto:support@kissinparis.com\">Email<\/a> com suas necessidades. Enviaremos um link de reserva personalizado.<\/p>\n\n<\/div>\n<\/div>\n<\/div>\n<\/div><\/div><\/div>\n\n\n\n<div class=\"wp-block-group popup-cta\"><div class=\"wp-block-group__inner-container is-layout-constrained wp-block-group-is-layout-constrained\">\n<figure class=\"wp-block-video\"><video height=\"960\" style=\"aspect-ratio: 686 \/ 960;\" width=\"686\" autoplay loop muted poster=\"https:\/\/kissinparis.com\/wp-content\/uploads\/2025\/04\/Kiss-Me-in-Paris-Proposals-Weddings-Planning.webp\" preload=\"none\" src=\"https:\/\/kissinparis.com\/wp-content\/uploads\/2025\/04\/Full-service-Paris-proposal-planner.mp4\" playsinline><\/video><\/figure>\n\n\n\n<p class=\"title\">Informe-se!<\/p>\n\n\n\n<p class=\"has-link whatsapp\"><a href=\"https:\/\/api.whatsapp.com\/send?phone=19175134350\" target=\"_blank\" data-type=\"link\" data-id=\"https:\/\/api.whatsapp.com\/send?phone=19175134350\" rel=\"noreferrer noopener nofollow\">WhatsApp<\/a><\/p>\n\n\n\n<p class=\"has-link booking\"><a href=\"mailto:support@kissinparis.com?subject=Photography Booking Request\" >Contato<\/a><\/p>\n<\/div><\/div>","protected":false},"excerpt":{"rendered":"<p>Ensaios fotogr\u00e1ficos Ensaios fotogr\u00e1ficos de casal \/ Fam\u00edlia \/ Pr\u00e9-casamento \/ Solo<\/p>","protected":false},"author":35,"featured_media":8114,"parent":4688,"menu_order":0,"comment_status":"closed","ping_status":"closed","template":"","meta":{"_acf_changed":false,"ub_ctt_via":"","footnotes":""},"class_list":["post-4703","page","type-page","status-publish","has-post-thumbnail","hentry"],"acf":[],"featured_image_src":"https:\/\/kissinparis.com\/wp-content\/uploads\/2023\/03\/Paris-couple-photo-shoot-at-the-Louvre-Museum-16.jpg","_links":{"self":[{"href":"https:\/\/kissinparis.com\/pt\/wp-json\/wp\/v2\/pages\/4703","targetHints":{"allow":["GET"]}}],"collection":[{"href":"https:\/\/kissinparis.com\/pt\/wp-json\/wp\/v2\/pages"}],"about":[{"href":"https:\/\/kissinparis.com\/pt\/wp-json\/wp\/v2\/types\/page"}],"author":[{"embeddable":true,"href":"https:\/\/kissinparis.com\/pt\/wp-json\/wp\/v2\/users\/35"}],"replies":[{"embeddable":true,"href":"https:\/\/kissinparis.com\/pt\/wp-json\/wp\/v2\/comments?post=4703"}],"version-history":[{"count":3,"href":"https:\/\/kissinparis.com\/pt\/wp-json\/wp\/v2\/pages\/4703\/revisions"}],"predecessor-version":[{"id":28421,"href":"https:\/\/kissinparis.com\/pt\/wp-json\/wp\/v2\/pages\/4703\/revisions\/28421"}],"up":[{"embeddable":true,"href":"https:\/\/kissinparis.com\/pt\/wp-json\/wp\/v2\/pages\/4688"}],"wp:featuredmedia":[{"embeddable":true,"href":"https:\/\/kissinparis.com\/pt\/wp-json\/wp\/v2\/media\/8114"}],"wp:attachment":[{"href":"https:\/\/kissinparis.com\/pt\/wp-json\/wp\/v2\/media?parent=4703"}],"curies":[{"name":"wp","href":"https:\/\/api.w.org\/{rel}","templated":true}]}}