{"id":4772,"date":"2023-03-08T22:08:46","date_gmt":"2023-03-08T22:08:46","guid":{"rendered":"https:\/\/kissinparis.com\/?page_id=4772"},"modified":"2025-06-03T12:02:49","modified_gmt":"2025-06-03T12:02:49","slug":"pedido-exposicao-arte","status":"publish","type":"page","link":"https:\/\/kissinparis.com\/pt\/paris-proposal\/art-show-marriage-proposal\/","title":{"rendered":"Exposi\u00e7\u00e3o de Arte Pedido de Casamento"},"content":{"rendered":"<div class=\"wp-block-group alignfull sec heror-section mt-0 mb-0 has-scroll-down has-background-color has-primary-background-color has-text-color has-background has-link-color wp-elements-a7d57a88e856f4628d710fc78a782c1b\"><div class=\"wp-block-group__inner-container is-layout-constrained wp-block-group-is-layout-constrained\">\n<h1 class=\"wp-block-heading alignwide has-text-align-left full has-background-color has-text-color has-link-color wp-elements-1f42dbda5d7a059990dff82fa124ca24\">A Proposta da Mostra de Arte de Paris<\/h1>\n\n\n\n<div class=\"wp-block-buttons alignfull mt-0 mb-0 pt-10 is-layout-flex wp-block-buttons-is-layout-flex\">\n<div class=\"wp-block-button\"><a class=\"wp-block-button__link has-primary-color has-background-background-color has-text-color has-background wp-element-button\" href=\"https:\/\/kissinparis.com\/pt\/consulta\/\">Consultas<\/a><\/div>\n<\/div>\n<\/div><\/div>\n\n\n\n<div class=\"wp-block-cover alignfull is-light mt-0 mb-0 banner banner-resources\"><img loading=\"lazy\" decoding=\"async\" width=\"1500\" height=\"1001\" class=\"wp-block-cover__image-background wp-image-4774\" alt=\"A proposta da exposi\u00e7\u00e3o de arte Torre Eiffel\" src=\"https:\/\/kissinparis.com\/wp-content\/uploads\/2023\/03\/art-show-marriage-proposal-in-Paris.jpg\" style=\"object-position:41% 67%\" data-object-fit=\"cover\" data-object-position=\"41% 67%\" srcset=\"https:\/\/kissinparis.com\/wp-content\/uploads\/2023\/03\/art-show-marriage-proposal-in-Paris.jpg 1500w, https:\/\/kissinparis.com\/wp-content\/uploads\/2023\/03\/art-show-marriage-proposal-in-Paris-300x200.jpg 300w, https:\/\/kissinparis.com\/wp-content\/uploads\/2023\/03\/art-show-marriage-proposal-in-Paris-1024x683.jpg 1024w, https:\/\/kissinparis.com\/wp-content\/uploads\/2023\/03\/art-show-marriage-proposal-in-Paris-768x513.jpg 768w, https:\/\/kissinparis.com\/wp-content\/uploads\/2023\/03\/art-show-marriage-proposal-in-Paris-1200x801.jpg 1200w\" sizes=\"auto, (max-width: 1500px) 100vw, 1500px\" \/><span aria-hidden=\"true\" class=\"wp-block-cover__background has-primary-background-color has-background-dim-0 has-background-dim\"><\/span><div class=\"wp-block-cover__inner-container is-layout-flow wp-block-cover-is-layout-flow\">\n<div class=\"banner-video\">\n<img decoding=\"async\" src=\"https:\/\/kissinparis.com\/wp-content\/uploads\/2023\/02\/placeholder_16x9.png\" alt=\"\u00c1rea do her\u00f3i\">\n<\/div>\n<\/div><\/div>\n\n\n\n<div class=\"wp-block-group alignfull mt-0 mb-0 sec sec-content\" id=\"sec-1\"><div class=\"wp-block-group__inner-container is-layout-constrained wp-block-group-is-layout-constrained\">\n<h2 class=\"wp-block-heading title-v2\">Fa\u00e7a o pedido \u00e0 sua namorada sob o pretexto de uma exposi\u00e7\u00e3o de arte.<\/h2>\n\n\n\n<p>Esta proposta de exposi\u00e7\u00e3o de arte funciona melhor pela manh\u00e3, quando h\u00e1 menos gente.<\/p>\n\n\n\n<p>Voc\u00ea conta \u00e0 sua parceira que um famoso artista franc\u00eas est\u00e1 organizando uma exposi\u00e7\u00e3o &quot;gratuita&quot; e que voc\u00ea adoraria conferir. Sua parceira n\u00e3o sabe que se trata de uma exposi\u00e7\u00e3o pessoal, concebida apenas para ela.<\/p>\n\n\n\n<figure class=\"wp-block-image size-large\"><img loading=\"lazy\" decoding=\"async\" width=\"1024\" height=\"683\" src=\"https:\/\/kissinparis.com\/wp-content\/uploads\/2023\/05\/Art-Show-Paris-proposal-with-Eiffel-Tower-view-1024x683.jpg\" alt=\"Proposta de exposi\u00e7\u00e3o de arte em Paris com vista para a Torre Eiffel\" class=\"wp-image-12375\" srcset=\"https:\/\/kissinparis.com\/wp-content\/uploads\/2023\/05\/Art-Show-Paris-proposal-with-Eiffel-Tower-view-1024x683.jpg 1024w, https:\/\/kissinparis.com\/wp-content\/uploads\/2023\/05\/Art-Show-Paris-proposal-with-Eiffel-Tower-view-300x200.jpg 300w, https:\/\/kissinparis.com\/wp-content\/uploads\/2023\/05\/Art-Show-Paris-proposal-with-Eiffel-Tower-view-768x512.jpg 768w, https:\/\/kissinparis.com\/wp-content\/uploads\/2023\/05\/Art-Show-Paris-proposal-with-Eiffel-Tower-view.jpg 1200w\" sizes=\"auto, (max-width: 1024px) 100vw, 1024px\" \/><figcaption class=\"wp-element-caption\">Proposta para a Art Show Paris: voc\u00eas aproveitam uma fabulosa exposi\u00e7\u00e3o de arte sobre \u201cVoc\u00ea\u201d... e ela entender\u00e1 quanto esfor\u00e7o e planejamento foram necess\u00e1rios para planejar um noivado t\u00e3o \u00fanico, ao ler suas mensagens de devo\u00e7\u00e3o e amor.<\/figcaption><\/figure>\n\n\n\n<p>Voc\u00eas dois se dirigem aos cavaletes. As palavras no \u00faltimo cavalete come\u00e7am com o nome do seu parceiro e uma mensagem personalizada de amor, que termina com &quot;Quer se casar comigo?&quot;.<\/p>\n\n\n\n<figure class=\"wp-block-image size-large\"><img loading=\"lazy\" decoding=\"async\" width=\"1024\" height=\"683\" src=\"https:\/\/kissinparis.com\/wp-content\/uploads\/2023\/05\/Art-Show-Eiffel-Tower-proposal-at-Trocadero-1024x683.jpg\" alt=\"Proposta de exposi\u00e7\u00e3o de arte em Paris com vista para a Torre Eiffel\" class=\"wp-image-12376\" srcset=\"https:\/\/kissinparis.com\/wp-content\/uploads\/2023\/05\/Art-Show-Eiffel-Tower-proposal-at-Trocadero-1024x683.jpg 1024w, https:\/\/kissinparis.com\/wp-content\/uploads\/2023\/05\/Art-Show-Eiffel-Tower-proposal-at-Trocadero-300x200.jpg 300w, https:\/\/kissinparis.com\/wp-content\/uploads\/2023\/05\/Art-Show-Eiffel-Tower-proposal-at-Trocadero-768x512.jpg 768w, https:\/\/kissinparis.com\/wp-content\/uploads\/2023\/05\/Art-Show-Eiffel-Tower-proposal-at-Trocadero.jpg 1200w\" sizes=\"auto, (max-width: 1024px) 100vw, 1024px\" \/><figcaption class=\"wp-element-caption\">Pedido de casamento na Art Show Paris: se voc\u00ea estiver procurando maneiras criativas de apresentar seu discurso de pedido de casamento, use palavras. Depois, voc\u00ea pode dar um passo para tr\u00e1s e prosseguir com um discurso de pedido de casamento mais tradicional.<\/figcaption><\/figure>\n\n\n\n<p>Enquanto ela l\u00ea, um m\u00fasico talentoso aparece tocando sua m\u00fasica favorita. Ela se vira e voc\u00ea j\u00e1 est\u00e1 de joelhos, entregando um anel de noivado de diamante.<\/p>\n\n\n\n<p class=\"sec-header has-normal-font-size\">A partir de \u20ac 1.750<\/p>\n\n\n<div id=\"rank-math-faq\" class=\"rank-math-block\">\n<div class=\"rank-math-list\">\n<div id=\"faq-question-1748553531258\" class=\"rank-math-list-item\">\n<h3 class=\"rank-math-question\">O que inclui<\/h3>\n<div class=\"rank-math-answer\">\n\n<p>Planejador de propostas no local para garantir uma experi\u00eancia de proposta memor\u00e1vel e sem estresse;<\/p>\n<p>Conceito de proposta detalhada;<\/p>\n<p>Seis grandes estampas sobre o amor, incluindo uma estampa final super personalizada;<\/p>\n<p>6 cavaletes resistentes e de alta qualidade para exibir suas mensagens de devo\u00e7\u00e3o e amor;<\/p>\n<p>Fot\u00f3grafo experiente em propostas em Paris, estilo paparazzi, para capturar o momento \u00edntimo e as rea\u00e7\u00f5es imediatas (aproximadamente 60 minutos de cobertura fotogr\u00e1fica total);<\/p>\n<p>Cria\u00e7\u00e3o de um grupo no WhatsApp para facilitar a comunica\u00e7\u00e3o com sua equipe principal de fornecedores;<\/p>\n<p>Mapeamento de localiza\u00e7\u00e3o GPS ao vivo no mesmo dia via WhatsApp.<\/p>\n\n<\/div>\n<\/div>\n<div id=\"faq-question-1748553571357\" class=\"rank-math-list-item\">\n<h3 class=\"rank-math-question\">Atualiza\u00e7\u00f5es recomendadas<\/h3>\n<div class=\"rank-math-answer\">\n\n<p><strong>NOVO<\/strong>: um v\u00eddeo vertical fenomenal de 60 segundos no estilo Instagram, incluindo filmagens da proposta real e rea\u00e7\u00f5es inestim\u00e1veis (confira a p\u00e1gina de Juliana para ver exemplos\u00a0<a href=\"https:\/\/kissinparis.com\/pt\/equipe-criativa\/juliana\/\">rolos de v\u00eddeo<\/a>)\u2014\u20ac375;<\/p>\n<p><a href=\"https:\/\/kissinparis.com\/pt\/videografo-paris\/\">Vide\u00f3grafo de Paris<\/a>\u00a0para capturar o momento e rea\u00e7\u00f5es inestim\u00e1veis \u2014 a partir de \u20ac 500 pela primeira hora de cobertura em v\u00eddeo;<\/p>\n<p>Planejamento de propostas personalizadas \u2014 a partir de \u20ac 750;<br \/>Mestre m\u00fasico para tocar a m\u00fasica favorita do seu parceiro (guitarrista, violoncelista, violinista ou harpista) \u2014 a partir de \u20ac 375;<\/p>\n<p>Champanhe franc\u00eas gelado, ta\u00e7as de cristal de verdade e um buqu\u00ea deslumbrante de rosas vermelhas de haste longa entregues pessoalmente no local do seu pedido de casamento \u2014 a partir de \u20ac 295 (dependendo da sua escolha de champanhe);<\/p>\n<p>Pacote de ilumina\u00e7\u00e3o profissional, incluindo um associado para gerenciar as luzes e o p\u00fablico (altamente recomendado para montagens noturnas quando voc\u00ea est\u00e1 atr\u00e1s do c\u00e9u azul v\u00edvido) \u2014 \u20ac 225;<\/p>\n<p>Chamativas fontes de fogos de artif\u00edcio que acendem quando ela diz &quot;Sim&quot; ou em qualquer outro momento do pedido de casamento \u2014 \u20ac 120 (2 fontes de fogos de artif\u00edcio) ou \u20ac 200 (4 fontes de fogos de artif\u00edcio) por trinta (30) segundos. Aumente para sessenta (60) segundos por \u20ac 160 (2 fontes de fogos de artif\u00edcio) ou \u20ac 240 (4 fontes de fogos de artif\u00edcio).<\/p>\n\n<\/div>\n<\/div>\n<div id=\"faq-question-1748553629223\" class=\"rank-math-list-item\">\n<h3 class=\"rank-math-question\">Termos e Condi\u00e7\u00f5es Importantes<\/h3>\n<div class=\"rank-math-answer\">\n\n<p>Podemos controlar quase todos os elementos do planejamento do seu pedido de casamento em Paris, exceto o clima e a proibi\u00e7\u00e3o de curiosos (um local p\u00fablico para o pedido). Ainda assim, ao trabalhar com a Kiss Me in Paris, as chances de interrup\u00e7\u00f5es indesejadas s\u00e3o m\u00ednimas.<\/p>\n<p>No entanto, \u00e9 crucial considerar os riscos potenciais ao propor casamento em qualquer ambiente p\u00fablico. No caso improv\u00e1vel de chuva forte, faremos o poss\u00edvel para acomodar uma mudan\u00e7a de hor\u00e1rio ou data, mas\u00a0<strong>n\u00e3o h\u00e1 garantia de disponibilidade<\/strong>.<\/p>\n<p>O segundo fator clim\u00e1tico sobre o qual n\u00e3o temos controle \u00e9 o vento. O vento pode arrancar p\u00e9talas de rosa, causar estragos em bal\u00f5es e at\u00e9 mesmo \u2014 em casos extremos \u2014 afetar a estabilidade da nossa ilumina\u00e7\u00e3o premium ou das letras grandes de &quot;Case Comigo&quot;.<\/p>\n<p>Planejamento de propostas E quaisquer taxas relacionadas \u00e0 configura\u00e7\u00e3o, incluindo\u00a0<a href=\"https:\/\/kissinparis.com\/pt\/pedido-de-casamento-paris\/letras-gigantes\/\">Cartas de Case-se Comigo<\/a>, flores e decora\u00e7\u00e3o, n\u00e3o s\u00e3o reembols\u00e1veis, pois grande parte do trabalho j\u00e1 ter\u00e1 sido realizado na data da sua proposta.<\/p>\n\n<\/div>\n<\/div>\n<\/div>\n<\/div>\n\n\n<div style=\"height:50px\" aria-hidden=\"true\" class=\"wp-block-spacer\"><\/div>\n\n\n\n<div class=\"wp-block-buttons is-layout-flex wp-block-buttons-is-layout-flex\">\n<div class=\"wp-block-button\"><a class=\"wp-block-button__link wp-element-button\" href=\"https:\/\/kissinparis.com\/pt\/consulta\/\">reserve agora<\/a><\/div>\n\n\n\n<div class=\"wp-block-button is-style-fill\"><a class=\"wp-block-button__link wp-element-button\" href=\"https:\/\/kissinparis.com\/pt\/pedido-de-casamento-paris\/pacotes\/\">pacotes de propostas<\/a><\/div>\n<\/div>\n<\/div><\/div>\n\n\n\n<div class=\"wp-block-group alignfull mt-0 mb-0  sec sec-map\"><div class=\"wp-block-group__inner-container is-layout-constrained wp-block-group-is-layout-constrained\">\n<div class=\"wp-block-columns are-vertically-aligned-center mt-0 mb-0 is-layout-flex wp-container-core-columns-is-layout-9d6595d7 wp-block-columns-is-layout-flex\">\n<div class=\"wp-block-column is-vertically-aligned-center is-layout-flow wp-block-column-is-layout-flow\">\n<p class=\"title-v2 mb-20\">No cora\u00e7\u00e3o de Paris.<\/p>\n\n\n\n<p>Kiss Me in Paris Proposals &amp; Weddings<br>78 Av. Raymond Poincar\u00e9, 75116 Paris. Raymond Poincar\u00e9, 75116 Paris, Fran\u00e7a<br><a href=\"tel:+33661351511\">+33 6 61 35 15 11<\/a><br><a href=\"mailto:support@kissinparis.com\">support@kissinparis.com<\/a><\/p>\n<\/div>\n\n\n\n<div class=\"wp-block-column is-vertically-aligned-center is-layout-flow wp-block-column-is-layout-flow\">\n<iframe title=\"Mapa mostrando a localiza\u00e7\u00e3o do Kiss Me em Paris Proposals &amp; Weddings\" src=\"https:\/\/www.google.com\/maps\/embed?pb=!1m18!1m12!1m3!1d2624.433873533341!2d2.28082346080246!3d48.86900492627629!2m3!1f0!2f0!3f0!3m2!1i1024!2i768!4f13.1!3m3!1m2!1s0x47e66f84666f802f%3A0x7b03905155589b66!2sKiss%20Me%20in%20Paris%20Proposals%20%26%20Weddings!5e0!3m2!1sen!2sin!4v1744567332130!5m2!1sen!2sin\" width=\"600\" height=\"450\" style=\"border:0;\" allowfullscreen=\"\" loading=\"lazy\" referrerpolicy=\"no-referrer-when-downgrade\"><\/iframe>\n<\/div>\n<\/div>\n<\/div><\/div>","protected":false},"excerpt":{"rendered":"<p>The Art Show Paris Proposal Pop the Question to Your Sweetheart Under the Pretext of an Art Show. This Art Show proposal works best in the morning when there are fewer crowds. You tell your partner that a famous French artist is hosting a &#8220;free&#8221; exhibition, and you&#8217;d love to check it out.&nbsp;Your partner doesn&#8217;t [&hellip;]<\/p>\n","protected":false},"author":35,"featured_media":7202,"parent":293,"menu_order":0,"comment_status":"closed","ping_status":"closed","template":"","meta":{"_acf_changed":false,"ub_ctt_via":"","footnotes":""},"class_list":["post-4772","page","type-page","status-publish","has-post-thumbnail","hentry"],"acf":[],"featured_image_src":"https:\/\/kissinparis.com\/wp-content\/uploads\/2023\/03\/Art-show-marriage-proposal-in-Paris-at-Trocadero-Eiffel-Tower.jpg","_links":{"self":[{"href":"https:\/\/kissinparis.com\/pt\/wp-json\/wp\/v2\/pages\/4772","targetHints":{"allow":["GET"]}}],"collection":[{"href":"https:\/\/kissinparis.com\/pt\/wp-json\/wp\/v2\/pages"}],"about":[{"href":"https:\/\/kissinparis.com\/pt\/wp-json\/wp\/v2\/types\/page"}],"author":[{"embeddable":true,"href":"https:\/\/kissinparis.com\/pt\/wp-json\/wp\/v2\/users\/35"}],"replies":[{"embeddable":true,"href":"https:\/\/kissinparis.com\/pt\/wp-json\/wp\/v2\/comments?post=4772"}],"version-history":[{"count":6,"href":"https:\/\/kissinparis.com\/pt\/wp-json\/wp\/v2\/pages\/4772\/revisions"}],"predecessor-version":[{"id":23639,"href":"https:\/\/kissinparis.com\/pt\/wp-json\/wp\/v2\/pages\/4772\/revisions\/23639"}],"up":[{"embeddable":true,"href":"https:\/\/kissinparis.com\/pt\/wp-json\/wp\/v2\/pages\/293"}],"wp:featuredmedia":[{"embeddable":true,"href":"https:\/\/kissinparis.com\/pt\/wp-json\/wp\/v2\/media\/7202"}],"wp:attachment":[{"href":"https:\/\/kissinparis.com\/pt\/wp-json\/wp\/v2\/media?parent=4772"}],"curies":[{"name":"wp","href":"https:\/\/api.w.org\/{rel}","templated":true}]}}