{"id":4776,"date":"2023-03-08T22:19:35","date_gmt":"2023-03-08T22:19:35","guid":{"rendered":"https:\/\/kissinparis.com\/?page_id=4776"},"modified":"2025-06-04T10:04:13","modified_gmt":"2025-06-04T10:04:13","slug":"pedido-champanhe-macarons","status":"publish","type":"page","link":"https:\/\/kissinparis.com\/pt\/paris-proposal\/champagne-macaron-proposal\/","title":{"rendered":"A proposta de champanhe e macaron ao longo do rio Sena"},"content":{"rendered":"<div class=\"wp-block-group alignfull sec heror-section mt-0 mb-0 has-scroll-down has-background-color has-primary-background-color has-text-color has-background has-link-color wp-elements-89e05ec967da2280072021c5cddb7f6e\"><div class=\"wp-block-group__inner-container is-layout-constrained wp-block-group-is-layout-constrained\">\n<h1 class=\"wp-block-heading alignwide has-text-align-left full has-background-color has-text-color has-link-color wp-elements-586b050f0a8f0c145cacf7224dfee008\">A proposta de champanhe e macaron ao longo do rio Sena<\/h1>\n\n\n\n<div class=\"wp-block-buttons alignfull mt-0 mb-0 pt-10 is-layout-flex wp-block-buttons-is-layout-flex\">\n<div class=\"wp-block-button\"><a class=\"wp-block-button__link has-primary-color has-background-background-color has-text-color has-background wp-element-button\" href=\"https:\/\/kissinparis.com\/pt\/consulta\/\">Consulta<\/a><\/div>\n<\/div>\n<\/div><\/div>\n\n\n\n<div class=\"wp-block-cover alignfull is-light mt-0 mb-0 banner banner-resources\"><img loading=\"lazy\" decoding=\"async\" width=\"1600\" height=\"1067\" class=\"wp-block-cover__image-background wp-image-23665 size-full\" alt=\"Pedido de casamento com macaron de champanhe em Paris\" src=\"https:\/\/kissinparis.com\/wp-content\/uploads\/2025\/06\/Paris-proposal-planning-ideas.webp\" data-object-fit=\"cover\" srcset=\"https:\/\/kissinparis.com\/wp-content\/uploads\/2025\/06\/Paris-proposal-planning-ideas.webp 1600w, https:\/\/kissinparis.com\/wp-content\/uploads\/2025\/06\/Paris-proposal-planning-ideas-300x200.webp 300w, https:\/\/kissinparis.com\/wp-content\/uploads\/2025\/06\/Paris-proposal-planning-ideas-1024x683.webp 1024w, https:\/\/kissinparis.com\/wp-content\/uploads\/2025\/06\/Paris-proposal-planning-ideas-768x512.webp 768w, https:\/\/kissinparis.com\/wp-content\/uploads\/2025\/06\/Paris-proposal-planning-ideas-1536x1024.webp 1536w, https:\/\/kissinparis.com\/wp-content\/uploads\/2025\/06\/Paris-proposal-planning-ideas-1200x800.webp 1200w\" sizes=\"auto, (max-width: 1600px) 100vw, 1600px\" \/><span aria-hidden=\"true\" class=\"wp-block-cover__background has-primary-background-color has-background-dim-0 has-background-dim\"><\/span><div class=\"wp-block-cover__inner-container is-layout-flow wp-block-cover-is-layout-flow\">\n<div class=\"banner-video\">\n<img decoding=\"async\" src=\"https:\/\/kissinparis.com\/wp-content\/uploads\/2023\/02\/placeholder_16x9.png\" alt=\"\u00c1rea do her\u00f3i\">\n<\/div>\n<\/div><\/div>\n\n\n\n<div class=\"wp-block-group alignfull mt-0 mb-0 sec sec-content has-white-background-color has-background\" id=\"sec-1\"><div class=\"wp-block-group__inner-container is-layout-constrained wp-block-group-is-layout-constrained\">\n<h2 class=\"wp-block-heading title-v2\">Sua mesa de proposta em Paris: champanhe, macarons e muito mais<\/h2>\n\n\n\n<p>Uma garrafa gelada de champanhe franc\u00eas e delicados macarons personificam o verdadeiro romance parisiense. Deixe-nos incorporar essas del\u00edcias francesas cl\u00e1ssicas ao seu pedido de casamento em Paris.<\/p>\n\n\n\n<p>Prepararemos uma mesa deslumbrante para dois no ambiente escolhido por voc\u00ea \u2014 seja \u00e0s margens do Sena, em um jardim secreto ou em um terra\u00e7o exclusivo. L\u00e1, uma garrafa de champanhe premium repousa sobre o gelo ao lado de uma torre de macarons artesanais em tons pastel. Frutas frescas da esta\u00e7\u00e3o, uma foto sua emoldurada e um buqu\u00ea elegante completam este ambiente intimista.<\/p>\n\n\n\n<p>Para aqueles que buscam o extraordin\u00e1rio, oferecemos safras raras e colabora\u00e7\u00f5es especiais das melhores casas de champanhe do mundo, de Dom P\u00e9rignon e Krug ao lend\u00e1rio Salon.<\/p>\n\n\n\n<p class=\"sec-header has-normal-font-size\">A partir de \u20ac 1.750<\/p>\n\n\n<div id=\"rank-math-faq\" class=\"rank-math-block\">\n<div class=\"rank-math-list\">\n<div id=\"faq-question-1749031139590\" class=\"rank-math-list-item\">\n<h3 class=\"rank-math-question\">O que est\u00e1 inclu\u00eddo?<\/h3>\n<div class=\"rank-math-answer\">\n\n<p>Mesa elegante para dois \u00e0 beira do Sena<\/p>\n<p>Fot\u00f3grafo profissional capturando sua proposta e emo\u00e7\u00f5es (60 minutos)<\/p>\n<p>Arranjo de flores frescas<\/p>\n<p>Foto personalizada de voc\u00eas dois emoldurada<\/p>\n<p>Champanhe franc\u00eas premium com frutas da esta\u00e7\u00e3o<\/p>\n<p>Torre de macaron personalizada \u201cQuer se casar comigo?\u201d<\/p>\n<p>Grupo do WhatsApp conectando voc\u00ea com sua equipe de fornecedores<\/p>\n<p>Compartilhamento de localiza\u00e7\u00e3o GPS ao vivo no dia da proposta<\/p>\n\n<\/div>\n<\/div>\n<div id=\"faq-question-1749031187220\" class=\"rank-math-list-item\">\n<h3 class=\"rank-math-question\">Atualiza\u00e7\u00f5es recomendadas<\/h3>\n<div class=\"rank-math-answer\">\n<img loading=\"lazy\" decoding=\"async\" width=\"150\" height=\"150\" src=\"https:\/\/kissinparis.com\/wp-content\/uploads\/2023\/05\/Fairytale-river-proposal-Paris-Eiffel-Tower-150x150.jpg\" class=\"alignright\" alt=\"Proposta de rio na Torre Eiffel de Paris\" \/>\n<p>Reel de 60 segundos do Instagram capturando sua proposta e rea\u00e7\u00f5es \u2013 \u20ac 375;<\/p>\n<p>Vide\u00f3grafo profissional documentando seu momento especial \u2013 a partir de \u20ac 500\/hora;<\/p>\n<p>Planejamento e coordena\u00e7\u00e3o de propostas personalizadas \u2013 a partir de \u20ac 950;<\/p>\n<p>M\u00fasico ao vivo tocando a m\u00fasica escolhida (guitarra, violoncelo, violino ou harpa) \u2013 a partir de \u20ac 375;<\/p>\n<p>Instala\u00e7\u00e3o de ilumina\u00e7\u00e3o profissional \u2013 \u20ac 225;<\/p>\n<p>Fontes de fogos de artif\u00edcio para comemora\u00e7\u00e3o:<\/p>\n<p>\u2013 30 segundos: 2 fontes \u20ac120 ou 4 fontes \u20ac200<br \/>\u2013 60 segundos: 2 fontes \u20ac160 ou 4 fontes \u20ac240;<\/p>\n<p>Privado\u00a0<a href=\"https:\/\/kissinparis.com\/pt\/pedido-de-casamento-paris\/secret-garden-torre-eiffel\/\">Terra\u00e7o da Torre Eiffel<\/a>\u00a0acesso \u2013 a partir de \u20ac 950<\/p>\n\n<\/div>\n<\/div>\n<div id=\"faq-question-1749031287692\" class=\"rank-math-list-item\">\n<h3 class=\"rank-math-question\">Termos e Condi\u00e7\u00f5es Importantes<\/h3>\n<div class=\"rank-math-answer\">\n\n<p><strong>Clima e locais p\u00fablicos<\/strong>:<\/p>\n<p>Embora planejemos com maestria o seu pedido de casamento em Paris, alguns elementos permanecem fora do nosso controle. Locais p\u00fablicos como parques, pontes e mirantes da cidade s\u00e3o abertos a todos \u2014 n\u00e3o podemos impedir a presen\u00e7a de outros visitantes ou turistas durante o seu momento especial. No entanto, nossa experi\u00eancia com timing e posicionamento ajuda a criar ambientes mais intimistas.<\/p>\n<p><strong>Considera\u00e7\u00f5es sobre o clima<\/strong>:<\/p>\n<p>Em caso de chuva forte, podemos tentar antecipar ou adiar o seu hor\u00e1rio no mesmo dia, dependendo da disponibilidade do fornecedor. O reagendamento para outra data n\u00e3o \u00e9 garantido.<\/p>\n<p>Ventos fortes podem afetar elementos decorativos como p\u00e9talas de rosa, bal\u00f5es e lumin\u00e1rias.<\/p>\n<p><strong>Nota importante:\u00a0<\/strong>Todas as taxas de planejamento de propostas, custos de configura\u00e7\u00e3o e elementos de decora\u00e7\u00e3o (incluindo letras e flores &quot;Marry Me&quot;) n\u00e3o s\u00e3o reembols\u00e1veis, pois esses servi\u00e7os s\u00e3o preparados especificamente para sua data.<\/p>\n\n<\/div>\n<\/div>\n<\/div>\n<\/div>\n\n\n<div style=\"height:50px\" aria-hidden=\"true\" class=\"wp-block-spacer\"><\/div>\n\n\n\n<div class=\"wp-block-buttons is-layout-flex wp-block-buttons-is-layout-flex\">\n<div class=\"wp-block-button\"><a class=\"wp-block-button__link wp-element-button\" href=\"https:\/\/kissinparis.com\/pt\/consulta\/\">reserve agora<\/a><\/div>\n\n\n\n<div class=\"wp-block-button is-style-fill\"><a class=\"wp-block-button__link wp-element-button\" href=\"https:\/\/kissinparis.com\/pt\/pedido-de-casamento-paris\/pacotes\/\">pacotes de propostas<\/a><\/div>\n<\/div>\n<\/div><\/div>","protected":false},"excerpt":{"rendered":"<p>The Champagne &amp; Macaron Proposal Along the Seine River Your Paris Proposal Table: Champagne, Macarons &amp; More A chilled bottle of French Champagne and delicate macarons embody true Parisian romance. Let us weave these classic French treats into your proposal in Paris. We&#8217;ll set up a stunning table for two in your chosen setting\u2014whether it&#8217;s [&hellip;]<\/p>\n","protected":false},"author":35,"featured_media":23665,"parent":293,"menu_order":0,"comment_status":"closed","ping_status":"closed","template":"","meta":{"_acf_changed":false,"ub_ctt_via":"","footnotes":""},"class_list":["post-4776","page","type-page","status-publish","has-post-thumbnail","hentry"],"acf":[],"featured_image_src":"https:\/\/kissinparis.com\/wp-content\/uploads\/2025\/06\/Paris-proposal-planning-ideas.webp","_links":{"self":[{"href":"https:\/\/kissinparis.com\/pt\/wp-json\/wp\/v2\/pages\/4776","targetHints":{"allow":["GET"]}}],"collection":[{"href":"https:\/\/kissinparis.com\/pt\/wp-json\/wp\/v2\/pages"}],"about":[{"href":"https:\/\/kissinparis.com\/pt\/wp-json\/wp\/v2\/types\/page"}],"author":[{"embeddable":true,"href":"https:\/\/kissinparis.com\/pt\/wp-json\/wp\/v2\/users\/35"}],"replies":[{"embeddable":true,"href":"https:\/\/kissinparis.com\/pt\/wp-json\/wp\/v2\/comments?post=4776"}],"version-history":[{"count":10,"href":"https:\/\/kissinparis.com\/pt\/wp-json\/wp\/v2\/pages\/4776\/revisions"}],"predecessor-version":[{"id":23671,"href":"https:\/\/kissinparis.com\/pt\/wp-json\/wp\/v2\/pages\/4776\/revisions\/23671"}],"up":[{"embeddable":true,"href":"https:\/\/kissinparis.com\/pt\/wp-json\/wp\/v2\/pages\/293"}],"wp:featuredmedia":[{"embeddable":true,"href":"https:\/\/kissinparis.com\/pt\/wp-json\/wp\/v2\/media\/23665"}],"wp:attachment":[{"href":"https:\/\/kissinparis.com\/pt\/wp-json\/wp\/v2\/media?parent=4776"}],"curies":[{"name":"wp","href":"https:\/\/api.w.org\/{rel}","templated":true}]}}