{"id":4779,"date":"2023-03-08T22:24:38","date_gmt":"2023-03-08T22:24:38","guid":{"rendered":"https:\/\/kissinparis.com\/?page_id=4779"},"modified":"2025-06-05T10:52:12","modified_gmt":"2025-06-05T10:52:12","slug":"pedido-com-artista","status":"publish","type":"page","link":"https:\/\/kissinparis.com\/pt\/paris-proposal\/artist-proposal\/","title":{"rendered":"Pacote de Proposta de Artista em Paris | A Surpresa do Engajamento Criativo"},"content":{"rendered":"<div class=\"wp-block-group alignfull sec heror-section mt-0 mb-0 has-scroll-down has-background-color has-primary-background-color has-text-color has-background has-link-color wp-elements-a3232cb9f6b446b0f4a5f1aeb73be8f7\"><div class=\"wp-block-group__inner-container is-layout-constrained wp-block-group-is-layout-constrained\">\n<h1 class=\"wp-block-heading alignwide has-text-align-left full has-background-color has-text-color has-link-color wp-elements-291ce9c4c1b9565ba8ddfd3c4d5cc37e\">A Proposta do Artista<\/h1>\n\n\n\n<div class=\"wp-block-buttons alignfull mt-0 mb-0 is-layout-flex wp-block-buttons-is-layout-flex\">\n<div class=\"wp-block-button\"><a class=\"wp-block-button__link has-primary-color has-background-background-color has-text-color has-background wp-element-button\" href=\"https:\/\/kissinparis.com\/pt\/consulta\/\">Consultas<\/a><\/div>\n<\/div>\n<\/div><\/div>\n\n\n\n<div class=\"wp-block-cover alignfull is-light mt-0 mb-0 banner banner-resources\"><img loading=\"lazy\" decoding=\"async\" width=\"1500\" height=\"1000\" class=\"wp-block-cover__image-background wp-image-23787 size-full\" alt=\"Proposta de Paris com artista\" src=\"https:\/\/kissinparis.com\/wp-content\/uploads\/2025\/06\/Paris-proposal-with-artist.webp\" style=\"object-position:44% 62%\" data-object-fit=\"cover\" data-object-position=\"44% 62%\" srcset=\"https:\/\/kissinparis.com\/wp-content\/uploads\/2025\/06\/Paris-proposal-with-artist.webp 1500w, https:\/\/kissinparis.com\/wp-content\/uploads\/2025\/06\/Paris-proposal-with-artist-300x200.webp 300w, https:\/\/kissinparis.com\/wp-content\/uploads\/2025\/06\/Paris-proposal-with-artist-1024x683.webp 1024w, https:\/\/kissinparis.com\/wp-content\/uploads\/2025\/06\/Paris-proposal-with-artist-768x512.webp 768w, https:\/\/kissinparis.com\/wp-content\/uploads\/2025\/06\/Paris-proposal-with-artist-1200x800.webp 1200w\" sizes=\"auto, (max-width: 1500px) 100vw, 1500px\" \/><span aria-hidden=\"true\" class=\"wp-block-cover__background has-primary-background-color has-background-dim-0 has-background-dim\"><\/span><div class=\"wp-block-cover__inner-container is-layout-flow wp-block-cover-is-layout-flow\">\n<div class=\"banner-video\">\n<img decoding=\"async\" src=\"https:\/\/kissinparis.com\/wp-content\/uploads\/2023\/02\/placeholder_16x9.png\" alt=\"\u00c1rea do her\u00f3i\">\n<\/div>\n<\/div><\/div>\n\n\n\n<div class=\"wp-block-group alignfull mt-0 mb-0 sec sec-content\" id=\"sec-1\"><div class=\"wp-block-group__inner-container is-layout-constrained wp-block-group-is-layout-constrained\">\n<h2 class=\"wp-block-heading title-v2\">A proposta da &quot;Artista&quot; certamente far\u00e1 com que ela chore de alegria.<\/h2>\n\n\n\n<p>Voc\u00ea incentiva seu parceiro a passear por Paris antes de ir para um brunch elegante, jantar ou passeio de barco (seu parceiro sabe disso e se veste para a ocasi\u00e3o).<\/p>\n\n\n\n<p>Quase por acaso, voc\u00ea encontra um artista franc\u00eas local que se oferece para fazer uma caricatura (ou uma pintura surpresa) por uma pequena quantia. Voc\u00ea concorda.<\/p>\n\n\n\n<p>No entanto, seu parceiro n\u00e3o sabe que o artista j\u00e1 concluiu um desenho fabuloso seu (com base em uma foto que compartilhamos anteriormente com o artista).<\/p>\n\n\n\n<p>A caricatura \u00e9 incr\u00edvel e ostenta um bal\u00e3o com a inscri\u00e7\u00e3o &quot;Quer se casar comigo?&quot; sobre suas cabe\u00e7as pintadas. O desenho pode ser em preto e branco ou colorido (taxa adicional). Como alternativa, um mestre pintor pode criar um desenho exato do cen\u00e1rio do seu pedido de casamento, incluindo at\u00e9 mesmo os detalhes do que voc\u00ea vestir\u00e1.<\/p>\n\n\n\n<figure class=\"wp-block-image alignwide size-full wp-image-43326\"><img loading=\"lazy\" decoding=\"async\" width=\"800\" height=\"533\" src=\"https:\/\/kissinparis.com\/wp-content\/uploads\/2023\/03\/The-Artist-proposal-in-Paris-2.jpg\" alt=\"Ideias para propostas em Paris com cen\u00e1rio de proposta desenhado por um mestre pintor\" class=\"wp-image-4782\" srcset=\"https:\/\/kissinparis.com\/wp-content\/uploads\/2023\/03\/The-Artist-proposal-in-Paris-2.jpg 800w, https:\/\/kissinparis.com\/wp-content\/uploads\/2023\/03\/The-Artist-proposal-in-Paris-2-300x200.jpg 300w, https:\/\/kissinparis.com\/wp-content\/uploads\/2023\/03\/The-Artist-proposal-in-Paris-2-768x512.jpg 768w\" sizes=\"auto, (max-width: 800px) 100vw, 800px\" \/><figcaption class=\"wp-element-caption\">Demonstre planejamento e esfor\u00e7o contratando um mestre pintor \u201csurpresa\u201d para criar uma representa\u00e7\u00e3o exata do cen\u00e1rio da sua proposta.<\/figcaption><\/figure>\n\n\n\n<figure class=\"wp-block-image alignwide size-full wp-image-43327\"><img loading=\"lazy\" decoding=\"async\" width=\"800\" height=\"533\" src=\"https:\/\/kissinparis.com\/wp-content\/uploads\/2023\/03\/9_The-Artist-proposal-in-Paris-3.jpg\" alt=\"Ideias para propostas em Paris com configura\u00e7\u00e3o de proposta de luxo\" class=\"wp-image-4783\" srcset=\"https:\/\/kissinparis.com\/wp-content\/uploads\/2023\/03\/9_The-Artist-proposal-in-Paris-3.jpg 800w, https:\/\/kissinparis.com\/wp-content\/uploads\/2023\/03\/9_The-Artist-proposal-in-Paris-3-300x200.jpg 300w, https:\/\/kissinparis.com\/wp-content\/uploads\/2023\/03\/9_The-Artist-proposal-in-Paris-3-768x512.jpg 768w\" sizes=\"auto, (max-width: 800px) 100vw, 800px\" \/><figcaption class=\"wp-element-caption\">Aqui est\u00e1 o pedido surpresa em um terra\u00e7o particular em Paris.<\/figcaption><\/figure>\n\n\n\n<figure class=\"wp-block-image alignwide size-full wp-image-43328\"><img loading=\"lazy\" decoding=\"async\" width=\"800\" height=\"533\" src=\"https:\/\/kissinparis.com\/wp-content\/uploads\/2023\/03\/The-Artist-proposal-in-Paris.jpg\" alt=\"Ideias para propostas em Paris com cen\u00e1rio de proposta desenhado por um mestre pintor\" class=\"wp-image-4784\" srcset=\"https:\/\/kissinparis.com\/wp-content\/uploads\/2023\/03\/The-Artist-proposal-in-Paris.jpg 800w, https:\/\/kissinparis.com\/wp-content\/uploads\/2023\/03\/The-Artist-proposal-in-Paris-300x200.jpg 300w, https:\/\/kissinparis.com\/wp-content\/uploads\/2023\/03\/The-Artist-proposal-in-Paris-768x512.jpg 768w\" sizes=\"auto, (max-width: 800px) 100vw, 800px\" \/><figcaption class=\"wp-element-caption\">E aqui est\u00e1 a interpreta\u00e7\u00e3o do pintor da sua proposta\u2026 desenhada antes mesmo de voc\u00ea chegar a Paris.<\/figcaption><\/figure>\n\n\n\n<p>Aqui \u00e9 onde voc\u00ea pode levar o conceito do pedido de casamento de Paris para qualquer dire\u00e7\u00e3o. Podemos exibir a pintura secretamente em um cavalete como parte do seu design e decora\u00e7\u00e3o.<\/p>\n\n\n\n<p>Ou a artista pode perguntar na hora se voc\u00ea est\u00e1 pronta para ver a obra-prima dela. Voc\u00ea se coloca atr\u00e1s do seu parceiro, tira a caixinha do anel do palet\u00f3 e se ajoelha. Quando seu amor observa o desenho e se vira para voc\u00ea, arrepios s\u00e3o garantidos.<\/p>\n\n\n\n<p>Voil\u00e0! Ela diz: &quot;Sim!&quot; E n\u00f3s dizemos: considere adicionar uma fant\u00e1stica fonte de fogos de artif\u00edcio para acender quando ela se virar... ou quando voc\u00ea colocar o anel em seu dedo.<\/p>\n\n\n\n<p class=\"sec-header has-normal-font-size\">A partir de \u20ac 850 (caricatura l\u00fadica em preto e branco)<br>A partir de \u20ac 1.100 (mestre pintor)<\/p>\n\n\n\n<div style=\"height:50px\" aria-hidden=\"true\" class=\"wp-block-spacer\"><\/div>\n\n\n<div id=\"rank-math-faq\" class=\"rank-math-block\">\n<div class=\"rank-math-list\">\n<div id=\"faq-question-1749120241109\" class=\"rank-math-list-item\">\n<h3 class=\"rank-math-question\">O que est\u00e1 inclu\u00eddo?<\/h3>\n<div class=\"rank-math-answer\">\n\n<p>Artista caricaturista franc\u00eas talentoso ou um mestre pintor;<\/p>\n<p>Instru\u00e7\u00f5es detalhadas do artista sobre o assunto desejado, incluindo objetos, pessoas (normalmente voc\u00ea, o casal), cenas e outros elementos.<\/p>\n<p>Cria\u00e7\u00e3o de um grupo no WhatsApp para facilitar a comunica\u00e7\u00e3o com sua equipe principal de fornecedores.<\/p>\n<p>Mapeamento de localiza\u00e7\u00e3o GPS ao vivo no mesmo dia via WhatsApp.<\/p>\n\n<\/div>\n<\/div>\n<div id=\"faq-question-1749120259695\" class=\"rank-math-list-item\">\n<h3 class=\"rank-math-question\">Atualiza\u00e7\u00f5es recomendadas<\/h3>\n<div class=\"rank-math-answer\">\n\n<p><em>Aplicamos uma taxa de coordena\u00e7\u00e3o de \u20ac 450 para qualquer proposta de cobertura ou quando voc\u00ea reserva tr\u00eas ou mais fornecedores ou servi\u00e7os.<\/em><\/p>\n<p>Estilo paparazzi,\u00a0<a href=\"https:\/\/kissinparis.com\/pt\/pedido-de-casamento-paris\/fotografo\/\">fot\u00f3grafo experiente em propostas em Paris<\/a>\u00a0para capturar o momento e as rea\u00e7\u00f5es imediatas (aproximadamente 60 minutos de cobertura total) \u2014 a partir de \u20ac 300;<\/p>\n<p>Franc\u00eas refrigerado premium\u00a0<a href=\"https:\/\/kissinparis.com\/pt\/pedido-de-casamento-paris\/pedido-champanhe-macarons\/\">champanhe<\/a>, ta\u00e7as de cristal e um buqu\u00ea deslumbrante de rosas vermelhas de haste longa entregues pessoalmente no local do seu pedido de casamento \u2014 a partir de \u20ac 295 (dependendo da sua escolha de champanhe);<\/p>\n<p><strong>NOVO<\/strong>: um v\u00eddeo vertical fenomenal de 60 segundos no estilo Instagram, incluindo filmagens da proposta real e rea\u00e7\u00f5es inestim\u00e1veis (confira a p\u00e1gina de Juliana para ver exemplos\u00a0<a href=\"https:\/\/kissinparis.com\/pt\/equipe-criativa\/juliana\/\">rolos de v\u00eddeo<\/a>)\u2014\u20ac375;<\/p>\n<p><a href=\"https:\/\/kissinparis.com\/pt\/videografo-paris\/\">Vide\u00f3grafo de Paris<\/a>\u00a0para capturar o momento e rea\u00e7\u00f5es inestim\u00e1veis \u2014 a partir de \u20ac 500 pela primeira hora de cobertura em v\u00eddeo;<\/p>\n<p>Planejamento de propostas personalizadas \u2014 a partir de \u20ac 750;<\/p>\n<p>Pacote de ilumina\u00e7\u00e3o profissional, incluindo um associado para gerenciar as luzes e o p\u00fablico (altamente recomendado para montagens noturnas quando voc\u00ea est\u00e1 atr\u00e1s do c\u00e9u azul v\u00edvido) \u2014 \u20ac 225;<\/p>\n<p>Chamativas fontes de fogos de artif\u00edcio que acendem quando ela diz &quot;Sim&quot; ou em qualquer outro momento do pedido de casamento \u2014 \u20ac 120 (2 fontes de fogos de artif\u00edcio) ou \u20ac 200 (4 fontes de fogos de artif\u00edcio) por trinta (30) segundos. Aumente para sessenta (60) segundos por \u20ac 160 (2 fontes de fogos de artif\u00edcio) ou \u20ac 240 (4 fontes de fogos de artif\u00edcio).<\/p>\n\n<\/div>\n<\/div>\n<div id=\"faq-question-1749120326428\" class=\"rank-math-list-item\">\n<h3 class=\"rank-math-question\">Termos e Condi\u00e7\u00f5es Importantes<\/h3>\n<div class=\"rank-math-answer\">\n\n<p>Podemos controlar quase todos os elementos da sua proposta de casamento, exceto o clima e os espectadores que podem atrapalhar o seu pedido.<br \/>Quando voc\u00ea trabalha com a Kiss Me in Paris, as chances de interrup\u00e7\u00f5es indesejadas s\u00e3o baixas.<\/p>\n<p>Ainda assim, \u00e9 crucial compreender os riscos potenciais ao propor um casamento em um ambiente p\u00fablico. Faremos todo o poss\u00edvel para acomodar uma mudan\u00e7a de hor\u00e1rio ou data no caso improv\u00e1vel de chuva forte.<\/p>\n<p>Al\u00e9m disso, sempre h\u00e1 uma pequena chance de o seu pintor estar doente. Nesse caso, faremos o poss\u00edvel para encontrar um substituto digno o mais r\u00e1pido poss\u00edvel.<\/p>\n<p><em>A taxa de coordena\u00e7\u00e3o da proposta n\u00e3o \u00e9 reembols\u00e1vel, pois grande parte do trabalho j\u00e1 ter\u00e1 sido realizado at\u00e9 a data da proposta.<\/em><\/p>\n\n<\/div>\n<\/div>\n<\/div>\n<\/div>\n\n\n<div style=\"height:50px\" aria-hidden=\"true\" class=\"wp-block-spacer\"><\/div>\n\n\n\n<div class=\"wp-block-buttons is-layout-flex wp-block-buttons-is-layout-flex\">\n<div class=\"wp-block-button\"><a class=\"wp-block-button__link wp-element-button\" href=\"https:\/\/kissinparis.com\/pt\/consulta\/\">reserve agora<\/a><\/div>\n\n\n\n<div class=\"wp-block-button is-style-fill\"><a class=\"wp-block-button__link wp-element-button\" href=\"https:\/\/kissinparis.com\/pt\/pedido-de-casamento-paris\/pacotes\/\">pacotes de propostas<\/a><\/div>\n<\/div>\n<\/div><\/div>\n\n\n\n<div class=\"wp-block-group alignfull mt-0 mb-0  sec sec-map\"><div class=\"wp-block-group__inner-container is-layout-constrained wp-block-group-is-layout-constrained\">\n<div class=\"wp-block-columns are-vertically-aligned-center mt-0 mb-0 is-layout-flex wp-container-core-columns-is-layout-9d6595d7 wp-block-columns-is-layout-flex\">\n<div class=\"wp-block-column is-vertically-aligned-center is-layout-flow wp-block-column-is-layout-flow\">\n<p class=\"title-v2 mb-20\">No cora\u00e7\u00e3o de Paris.<\/p>\n\n\n\n<p>Kiss Me in Paris Proposals &amp; Weddings<br>78 Av. Raymond Poincar\u00e9, 75116 Paris. Raymond Poincar\u00e9, 75116 Paris, Fran\u00e7a<br><a href=\"tel:+33661351511\">+33 6 61 35 15 11<\/a><br><a href=\"mailto:support@kissinparis.com\">support@kissinparis.com<\/a><\/p>\n<\/div>\n\n\n\n<div class=\"wp-block-column is-vertically-aligned-center is-layout-flow wp-block-column-is-layout-flow\">\n<iframe title=\"Mapa mostrando a localiza\u00e7\u00e3o do Kiss Me em Paris Proposals &amp; Weddings\" src=\"https:\/\/www.google.com\/maps\/embed?pb=!1m18!1m12!1m3!1d2624.433873533341!2d2.28082346080246!3d48.86900492627629!2m3!1f0!2f0!3f0!3m2!1i1024!2i768!4f13.1!3m3!1m2!1s0x47e66f84666f802f%3A0x7b03905155589b66!2sKiss%20Me%20in%20Paris%20Proposals%20%26%20Weddings!5e0!3m2!1sen!2sin!4v1744567332130!5m2!1sen!2sin\" width=\"600\" height=\"450\" style=\"border:0;\" allowfullscreen=\"\" loading=\"lazy\" referrerpolicy=\"no-referrer-when-downgrade\"><\/iframe>\n<\/div>\n<\/div>\n<\/div><\/div>","protected":false},"excerpt":{"rendered":"<p>The Artist Proposal The &#8216;Artist&#8217; Proposal is sure to bring tears of joy to her eyes.\u200b You encourage your partner to stroll around Paris before heading to an elegant brunch, dinner, or boat cruise (your significant other is aware of this and dresses to the occasion). Almost fortuitously, you stumble upon a local French artist [&hellip;]<\/p>\n","protected":false},"author":35,"featured_media":23787,"parent":293,"menu_order":0,"comment_status":"closed","ping_status":"closed","template":"","meta":{"_acf_changed":false,"ub_ctt_via":"","footnotes":""},"class_list":["post-4779","page","type-page","status-publish","has-post-thumbnail","hentry"],"acf":[],"featured_image_src":"https:\/\/kissinparis.com\/wp-content\/uploads\/2025\/06\/Paris-proposal-with-artist.webp","_links":{"self":[{"href":"https:\/\/kissinparis.com\/pt\/wp-json\/wp\/v2\/pages\/4779","targetHints":{"allow":["GET"]}}],"collection":[{"href":"https:\/\/kissinparis.com\/pt\/wp-json\/wp\/v2\/pages"}],"about":[{"href":"https:\/\/kissinparis.com\/pt\/wp-json\/wp\/v2\/types\/page"}],"author":[{"embeddable":true,"href":"https:\/\/kissinparis.com\/pt\/wp-json\/wp\/v2\/users\/35"}],"replies":[{"embeddable":true,"href":"https:\/\/kissinparis.com\/pt\/wp-json\/wp\/v2\/comments?post=4779"}],"version-history":[{"count":8,"href":"https:\/\/kissinparis.com\/pt\/wp-json\/wp\/v2\/pages\/4779\/revisions"}],"predecessor-version":[{"id":23791,"href":"https:\/\/kissinparis.com\/pt\/wp-json\/wp\/v2\/pages\/4779\/revisions\/23791"}],"up":[{"embeddable":true,"href":"https:\/\/kissinparis.com\/pt\/wp-json\/wp\/v2\/pages\/293"}],"wp:featuredmedia":[{"embeddable":true,"href":"https:\/\/kissinparis.com\/pt\/wp-json\/wp\/v2\/media\/23787"}],"wp:attachment":[{"href":"https:\/\/kissinparis.com\/pt\/wp-json\/wp\/v2\/media?parent=4779"}],"curies":[{"name":"wp","href":"https:\/\/api.w.org\/{rel}","templated":true}]}}