{"id":4980,"date":"2023-03-09T17:56:10","date_gmt":"2023-03-09T17:56:10","guid":{"rendered":"https:\/\/kissinparis.com\/?page_id=4980"},"modified":"2025-07-06T19:02:10","modified_gmt":"2025-07-06T19:02:10","slug":"moulin-rouge","status":"publish","type":"page","link":"https:\/\/kissinparis.com\/pt\/moulin-rouge\/","title":{"rendered":"Moulin Rouge, o ic\u00f4nico ponto de fotos de Paris | Fotos noturnas deslumbrantes"},"content":{"rendered":"<div class=\"wp-block-group alignfull sec heror-section mt-0 mb-0 has-scroll-down has-background-color has-primary-background-color has-text-color has-background has-link-color wp-elements-eea77da0172fa92644d586298945a40a\"><div class=\"wp-block-group__inner-container is-layout-constrained wp-block-group-is-layout-constrained\">\n<h1 class=\"wp-block-heading alignwide has-text-align-left full has-background-color has-text-color has-link-color wp-elements-073f22bd0055d55cfbc02b28b85d3f0b\">Moulin Rouge \u2013 O local mais ousado para fotografia noturna em Paris<\/h1>\n<\/div><\/div>\n\n\n\n<div class=\"wp-block-cover alignfull mt-0 mb-0 banner banner-resources\"><img loading=\"lazy\" decoding=\"async\" width=\"1400\" height=\"788\" class=\"wp-block-cover__image-background wp-image-4982 size-full\" alt=\"Melhores lugares para tirar fotos no Moulin Rouge, Paris\" src=\"https:\/\/kissinparis.com\/wp-content\/uploads\/2023\/03\/Moulin-Rouge-best-photography-spots-Paris.jpg\" data-object-fit=\"cover\" srcset=\"https:\/\/kissinparis.com\/wp-content\/uploads\/2023\/03\/Moulin-Rouge-best-photography-spots-Paris.jpg 1400w, https:\/\/kissinparis.com\/wp-content\/uploads\/2023\/03\/Moulin-Rouge-best-photography-spots-Paris-300x169.jpg 300w, https:\/\/kissinparis.com\/wp-content\/uploads\/2023\/03\/Moulin-Rouge-best-photography-spots-Paris-1024x576.jpg 1024w, https:\/\/kissinparis.com\/wp-content\/uploads\/2023\/03\/Moulin-Rouge-best-photography-spots-Paris-768x432.jpg 768w, https:\/\/kissinparis.com\/wp-content\/uploads\/2023\/03\/Moulin-Rouge-best-photography-spots-Paris-1200x675.jpg 1200w\" sizes=\"auto, (max-width: 1400px) 100vw, 1400px\" \/><span aria-hidden=\"true\" class=\"wp-block-cover__background has-primary-background-color has-background-dim-0 has-background-dim\"><\/span><div class=\"wp-block-cover__inner-container is-layout-flow wp-block-cover-is-layout-flow\">\n<div class=\"banner-video\">\n<img decoding=\"async\" src=\"https:\/\/kissinparis.com\/wp-content\/uploads\/2023\/02\/placeholder_16x9.png\" alt=\"\u00c1rea do her\u00f3i\">\n<\/div>\n<\/div><\/div>\n\n\n\n<div class=\"wp-block-group alignfull mt-0 mb-0 sec sec-content has-white-background-color has-background\" id=\"sec-1\"><div class=\"wp-block-group__inner-container is-layout-constrained wp-block-group-is-layout-constrained\">\n<h2 class=\"wp-block-heading title-v2\">Luzes, m\u00fasica, palco, extravag\u00e2ncia... nenhuma sess\u00e3o de fotos noturna em Paris estaria completa sem uma explos\u00e3o de champanhe no Moulin Rouge.<\/h2>\n\n\n\n<p>Esta famosa e chamativa boate talvez seja mais conhecida por suas espetaculares apresenta\u00e7\u00f5es de cabar\u00e9. Ainda assim, \u00e9 tamb\u00e9m um dos pontos de refer\u00eancia parisienses mais facilmente reconhec\u00edveis, perfeito para fotos \u00e9picas.<\/p>\n\n\n\n<p>Sugerimos come\u00e7ar sua sess\u00e3o noturna perto do Sacr\u00e9-C\u0153ur, seguido de um simp\u00e1tico Caf\u00e9 <a href=\"https:\/\/kissinparis.com\/pt\/ensaio-fotografico-paris\/\">Sess\u00e3o de fotos em Paris<\/a> na pra\u00e7a Place du Tertre. Em seguida, siga para <a href=\"https:\/\/kissinparis.com\/pt\/la-maison-rose\/\" data-type=\"link\" data-id=\"https:\/\/kissinparis.com\/la-maison-rose\/\">A Maison Rose<\/a> para infinitamente&nbsp;<em>Fix\u00e1vel<\/em>&nbsp;fotos rom\u00e2nticas antes de encerrar tudo com estilo no Moulin Rouge.<\/p>\n\n\n\n<p><strong>Melhor hora para <a href=\"https:\/\/kissinparis.com\/pt\/portfolio\/\">fotos<\/a><\/strong>: Hora Azul e noite<br><strong>Escala de romance<\/strong>: baixo<br><strong>Adequa\u00e7\u00e3o \u00e0 chuva<\/strong>: moderado<br><strong>Locais pr\u00f3ximos: <\/strong>Montmartre, Sacr\u00e9-C\u0153ur, La Maison Rose<br><strong>Custo<\/strong>: livre<br><strong>Latitude e Longitude<\/strong>: 48,8841\u00b0 N, 2,3323\u00b0 E<\/p>\n<\/div><\/div>","protected":false},"excerpt":{"rendered":"<p>Moulin Rouge \u2013 Paris\u2019s Boldest Nighttime Photography Spot Lights, music, stage, extravaganza \u2026 no nighttime Paris photoshoot would be complete without a bigger-than-life Champagne pop at Moulin Rouge. This infamous and flashy nightclub might be most renowned for its spectacular cabaret performances. Still, it&#8217;s also one of the most instantly recognizable Parisian reference points, perfect [&hellip;]<\/p>\n","protected":false},"author":35,"featured_media":4982,"parent":0,"menu_order":0,"comment_status":"closed","ping_status":"closed","template":"","meta":{"_acf_changed":false,"ub_ctt_via":"","footnotes":""},"class_list":["post-4980","page","type-page","status-publish","has-post-thumbnail","hentry"],"acf":[],"featured_image_src":"https:\/\/kissinparis.com\/wp-content\/uploads\/2023\/03\/Moulin-Rouge-best-photography-spots-Paris.jpg","_links":{"self":[{"href":"https:\/\/kissinparis.com\/pt\/wp-json\/wp\/v2\/pages\/4980","targetHints":{"allow":["GET"]}}],"collection":[{"href":"https:\/\/kissinparis.com\/pt\/wp-json\/wp\/v2\/pages"}],"about":[{"href":"https:\/\/kissinparis.com\/pt\/wp-json\/wp\/v2\/types\/page"}],"author":[{"embeddable":true,"href":"https:\/\/kissinparis.com\/pt\/wp-json\/wp\/v2\/users\/35"}],"replies":[{"embeddable":true,"href":"https:\/\/kissinparis.com\/pt\/wp-json\/wp\/v2\/comments?post=4980"}],"version-history":[{"count":8,"href":"https:\/\/kissinparis.com\/pt\/wp-json\/wp\/v2\/pages\/4980\/revisions"}],"predecessor-version":[{"id":26205,"href":"https:\/\/kissinparis.com\/pt\/wp-json\/wp\/v2\/pages\/4980\/revisions\/26205"}],"wp:featuredmedia":[{"embeddable":true,"href":"https:\/\/kissinparis.com\/pt\/wp-json\/wp\/v2\/media\/4982"}],"wp:attachment":[{"href":"https:\/\/kissinparis.com\/pt\/wp-json\/wp\/v2\/media?parent=4980"}],"curies":[{"name":"wp","href":"https:\/\/api.w.org\/{rel}","templated":true}]}}