{"id":5028,"date":"2023-03-09T18:25:33","date_gmt":"2023-03-09T18:25:33","guid":{"rendered":"https:\/\/kissinparis.com\/?page_id=5028"},"modified":"2026-02-19T18:47:12","modified_gmt":"2026-02-19T18:47:12","slug":"dicas-noivado-paris","status":"publish","type":"page","link":"https:\/\/kissinparis.com\/pt\/paris-engagement-tips\/","title":{"rendered":"Dicas para fotos de noivado em Paris: Cronograma, fot\u00f3grafo e planejamento"},"content":{"rendered":"<div class=\"wp-block-group alignfull sec heror-section mt-0 mb-0 has-scroll-down has-background-color has-primary-background-color has-text-color has-background has-link-color wp-elements-d78d60c47bbdc999a782a44cae71327a\"><div class=\"wp-block-group__inner-container is-layout-constrained wp-block-group-is-layout-constrained\">\n<h1 class=\"wp-block-heading alignwide has-text-align-left full has-background-color has-text-color has-link-color wp-elements-ca8dd766affbaba5d77f7f4e8bf7dcd1\">Dicas para fotos de noivado em Paris: Cronograma, fot\u00f3grafo e planejamento<\/h1>\n\n\n\n<div class=\"wp-block-buttons alignfull mt-0 mb-0 pt-10 is-layout-flex wp-block-buttons-is-layout-flex\">\n<div class=\"wp-block-button is-style-outline is-style-outline--1\"><a class=\"wp-block-button__link has-background-color has-text-color wp-element-button\" href=\"https:\/\/kissinparis.com\/pt\/reservar-agora\/ensaio-fotografico\/\">Reserve agora<\/a><\/div>\n<\/div>\n<\/div><\/div>\n\n\n\n<div class=\"wp-block-cover alignfull is-light mt-0 mb-0 banner banner-resources\"><img loading=\"lazy\" decoding=\"async\" width=\"1600\" height=\"1067\" class=\"wp-block-cover__image-background wp-image-22604 size-full\" alt=\"Casal rec\u00e9m-noivado rindo no Trocad\u00e9ro durante uma sess\u00e3o de dicas de fotografia de noivado em Paris, recriando alegremente a troca de alian\u00e7as com a Torre Eiffel brilhando ao nascer do sol dourado.\" src=\"https:\/\/kissinparis.com\/wp-content\/uploads\/2025\/05\/paris-engagement-photography-tips-trocadero-sunrise.webp\" style=\"object-position:54% 67%\" data-object-fit=\"cover\" data-object-position=\"54% 67%\" srcset=\"https:\/\/kissinparis.com\/wp-content\/uploads\/2025\/05\/paris-engagement-photography-tips-trocadero-sunrise.webp 1600w, https:\/\/kissinparis.com\/wp-content\/uploads\/2025\/05\/paris-engagement-photography-tips-trocadero-sunrise-300x200.webp 300w, https:\/\/kissinparis.com\/wp-content\/uploads\/2025\/05\/paris-engagement-photography-tips-trocadero-sunrise-1024x683.webp 1024w, https:\/\/kissinparis.com\/wp-content\/uploads\/2025\/05\/paris-engagement-photography-tips-trocadero-sunrise-768x512.webp 768w, https:\/\/kissinparis.com\/wp-content\/uploads\/2025\/05\/paris-engagement-photography-tips-trocadero-sunrise-1536x1024.webp 1536w, https:\/\/kissinparis.com\/wp-content\/uploads\/2025\/05\/paris-engagement-photography-tips-trocadero-sunrise-1200x800.webp 1200w\" sizes=\"auto, (max-width: 1600px) 100vw, 1600px\" \/><span aria-hidden=\"true\" class=\"wp-block-cover__background has-primary-background-color has-background-dim-0 has-background-dim\"><\/span><div class=\"wp-block-cover__inner-container is-layout-flow wp-block-cover-is-layout-flow\">\n<div class=\"banner-video\">\n<img decoding=\"async\" src=\"https:\/\/kissinparis.com\/wp-content\/uploads\/2023\/02\/placeholder_16x9.png\" alt=\"\u00c1rea do her\u00f3i\">\n<\/div>\n<\/div><\/div>\n\n\n\n<div class=\"wp-block-group alignfull mt-0 mb-0 sec sec-content has-white-background-color has-background\" id=\"sec-1\"><div class=\"wp-block-group__inner-container is-layout-constrained wp-block-group-is-layout-constrained\">\n<p>Quer voc\u00ea esteja planejando fotos de noivado logo ap\u00f3s o pedido de casamento ou voltando a Paris para uma sess\u00e3o de fotos dedicada, estas tr\u00eas dicas ajudar\u00e3o voc\u00ea a tirar fotos melhores e a aproveitar a experi\u00eancia de verdade.<\/p>\n\n\n\n<p>Vamos abordar temas como escolher o fot\u00f3grafo certo, programar sua sess\u00e3o de fotos para obter a melhor luz e evitar aglomera\u00e7\u00f5es, e planejar sua sess\u00e3o para que voc\u00ea passe mais tempo em frente \u00e0 c\u00e2mera e menos tempo em deslocamento.<\/p>\n\n\n\n<p>(<em>Este guia combina bem com o nosso <a href=\"https:\/\/kissinparis.com\/pt\/melhores-lugares-para-fotos-paris\/\">Guia de localiza\u00e7\u00e3o de Paris<\/a>.<\/em>)<\/p>\n\n\n\n<h2 class=\"wp-block-heading\"><strong>Escolha e prepare-se com o fot\u00f3grafo certo.<\/strong><\/h2>\n\n\n\n<p>Essa \u00e9 a decis\u00e3o que mais afeta suas fotos \u2014 e sua experi\u00eancia.<\/p>\n\n\n\n<p>O fot\u00f3grafo ideal n\u00e3o \u00e9 apenas tecnicamente habilidoso. \u00c9 algu\u00e9m com quem voc\u00ea se sinta \u00e0 vontade, que d\u00ea instru\u00e7\u00f5es claras sobre as poses e que conhe\u00e7a Paris o suficiente para criar um roteiro coerente. A menos que voc\u00ea seja modelo profissional, vai querer algu\u00e9m que saiba gui\u00e1-la com naturalidade e fa\u00e7a tudo parecer f\u00e1cil.<\/p>\n\n\n\n<figure class=\"wp-block-image alignwide size-full\"><img loading=\"lazy\" decoding=\"async\" width=\"1600\" height=\"1067\" src=\"https:\/\/kissinparis.com\/wp-content\/uploads\/2025\/05\/paris-engagement-photos-trocadero-sunrise-eiffel-tower-couple_1.webp\" alt=\"Casal de noivos em pose \u00edntima no Trocadero durante o nascer do sol com a Torre Eiffel ao fundo em Paris\" class=\"wp-image-22693\" srcset=\"https:\/\/kissinparis.com\/wp-content\/uploads\/2025\/05\/paris-engagement-photos-trocadero-sunrise-eiffel-tower-couple_1.webp 1600w, https:\/\/kissinparis.com\/wp-content\/uploads\/2025\/05\/paris-engagement-photos-trocadero-sunrise-eiffel-tower-couple_1-300x200.webp 300w, https:\/\/kissinparis.com\/wp-content\/uploads\/2025\/05\/paris-engagement-photos-trocadero-sunrise-eiffel-tower-couple_1-1024x683.webp 1024w, https:\/\/kissinparis.com\/wp-content\/uploads\/2025\/05\/paris-engagement-photos-trocadero-sunrise-eiffel-tower-couple_1-768x512.webp 768w, https:\/\/kissinparis.com\/wp-content\/uploads\/2025\/05\/paris-engagement-photos-trocadero-sunrise-eiffel-tower-couple_1-1536x1024.webp 1536w, https:\/\/kissinparis.com\/wp-content\/uploads\/2025\/05\/paris-engagement-photos-trocadero-sunrise-eiffel-tower-couple_1-1200x800.webp 1200w\" sizes=\"auto, (max-width: 1600px) 100vw, 1600px\" \/><figcaption class=\"wp-element-caption\">Fotos de noivado ao nascer do sol no Trocadero oferecem ilumina\u00e7\u00e3o \u00edntima e cen\u00e1rios ic\u00f4nicos da Torre Eiffel para casais rom\u00e2nticos de Paris.<\/figcaption><\/figure>\n\n\n\n<p><strong>Como encontr\u00e1-los.<\/strong> Comece pelos portf\u00f3lios. Analise sess\u00f5es completas, n\u00e3o apenas v\u00eddeos com os melhores momentos \u2014 voc\u00ea quer ver consist\u00eancia, n\u00e3o apenas algumas fotos espetaculares. Depois, confira as biografias, avalia\u00e7\u00f5es e a abordagem geral do fot\u00f3grafo. O objetivo: um fot\u00f3grafo baseado em Paris em quem voc\u00ea confie, que chegue no hor\u00e1rio, que te prepare bem e entregue um \u00f3timo trabalho. <a href=\"https:\/\/kissinparis.com\/pt\/fotos-noivado-paris\/\">fotos de noivado<\/a> Voc\u00ea vai guardar por anos.<\/p>\n\n\n\n<p><strong>Como se preparar juntos.<\/strong> Um pouco de coordena\u00e7\u00e3o antes da sess\u00e3o de fotos muda tudo.<\/p>\n\n\n\n<p><strong>Compartilhe sua vis\u00e3o:<\/strong> Envie imagens de inspira\u00e7\u00e3o pelo Pinterest ou WhatsApp \u2014 fotos que voc\u00ea adora, fotos suas, poses e locais que voc\u00ea deseja. Isso d\u00e1 ao seu fot\u00f3grafo uma ideia clara do seu estilo antes do encontro.<\/p>\n\n\n\n<p><em>Deixe que eles planejem a rota.<\/em> Um bom fot\u00f3grafo parisiense elaborar\u00e1 o roteiro\u2014<a href=\"https:\/\/kissinparis.com\/pt\/melhores-lugares-para-fotos-paris\/\">os melhores lugares para fotos<\/a>\u2014sobre ilumina\u00e7\u00e3o, aglomera\u00e7\u00e3o, hor\u00e1rios de funcionamento e dist\u00e2ncia a p\u00e9. \u00c9 aqui que o conhecimento local faz a diferen\u00e7a \u2014 e onde a pesquisa online deixa a desejar.<\/p>\n\n\n\n<p><em>Organize seus dados com anteced\u00eancia.<\/em> Tenha as roupas, os acess\u00f3rios e quaisquer itens especiais (como cartazes de &quot;reserve a data&quot;, alian\u00e7as, etc.) prontos. Para sess\u00f5es de duas horas ou mais, ou em v\u00e1rios locais, recomendamos uma van Mercedes com motorista que fale ingl\u00eas. Isso mant\u00e9m seus pertences seguros, evita a espera por t\u00e1xis e oferece um espa\u00e7o privativo para trocar de roupa \u2014 especialmente \u00fatil no inverno.<\/p>\n\n\n\n<h2 class=\"wp-block-heading\">Planeje sua sess\u00e3o de fotos levando em considera\u00e7\u00e3o a luz e a presen\u00e7a de p\u00fablico.<\/h2>\n\n\n\n<p>O momento em que voc\u00ea fotografa \u00e9 t\u00e3o importante quanto o local onde voc\u00ea fotografa.<\/p>\n\n\n\n<p><strong>Nascer do sol.<\/strong> Comece cinco minutos antes do amanhecer. Voc\u00ea ter\u00e1 uma ilumina\u00e7\u00e3o suave e quente e pontos tur\u00edsticos quase vazios. No ver\u00e3o, isso significa 6h30 ou antes. No inverno, por volta das 8h30. Locais populares como o Trocad\u00e9ro s\u00f3 ficam realmente bons ao nascer do sol \u2014 no meio da manh\u00e3, voc\u00ea estar\u00e1 competindo com centenas de turistas.<\/p>\n\n\n\n<p><strong>Hora dourada<\/strong>A hora que antecede o p\u00f4r do sol proporciona uma luz quente que favorece os tons de pele e faz o Sena brilhar. <a href=\"https:\/\/kissinparis.com\/pt\/ponte-das-artes\/\">Ponte das Artes<\/a>, <a href=\"https:\/\/kissinparis.com\/pt\/catedral-notre-dame\/\">Nossa Senhora<\/a>, e <a href=\"https:\/\/kissinparis.com\/pt\/jardim-luxemburgo\/\">Jardins de Luxemburgo<\/a> Todos ficam com a melhor apar\u00eancia poss\u00edvel nesta vitrine.<\/p>\n\n\n\n<p><strong>Hora azul:<\/strong> Vinte a quarenta minutos ap\u00f3s o p\u00f4r do sol. C\u00e9u azul profundo, luzes da cidade come\u00e7ando a acender. Isso funciona bem no <a href=\"https:\/\/kissinparis.com\/pt\/pedido-de-casamento-paris\/ensaio-fotografico-torre-eiffel\/\">Torre Eiffel<\/a>, o <a href=\"https:\/\/kissinparis.com\/pt\/museu-do-louvre\/\">Pir\u00e2mide do Louvre<\/a>, E no Moulin Rouge \u2014 em qualquer lugar onde voc\u00ea queira uma ilumina\u00e7\u00e3o dram\u00e1tica.<\/p>\n\n\n\n<figure class=\"wp-block-image alignwide size-large\"><img loading=\"lazy\" decoding=\"async\" width=\"1024\" height=\"683\" src=\"https:\/\/kissinparis.com\/wp-content\/uploads\/2025\/05\/paris-engagement-photos-louvre-blue-hour-pyramid-night-red-dress-1024x683.webp\" alt=\"Casal de noivos se beijando no Louvre durante a hora azul com pir\u00e2mide de vidro iluminada e ilumina\u00e7\u00e3o rom\u00e2ntica\" class=\"wp-image-22700\" srcset=\"https:\/\/kissinparis.com\/wp-content\/uploads\/2025\/05\/paris-engagement-photos-louvre-blue-hour-pyramid-night-red-dress-1024x683.webp 1024w, https:\/\/kissinparis.com\/wp-content\/uploads\/2025\/05\/paris-engagement-photos-louvre-blue-hour-pyramid-night-red-dress-300x200.webp 300w, https:\/\/kissinparis.com\/wp-content\/uploads\/2025\/05\/paris-engagement-photos-louvre-blue-hour-pyramid-night-red-dress-768x512.webp 768w, https:\/\/kissinparis.com\/wp-content\/uploads\/2025\/05\/paris-engagement-photos-louvre-blue-hour-pyramid-night-red-dress-1536x1024.webp 1536w, https:\/\/kissinparis.com\/wp-content\/uploads\/2025\/05\/paris-engagement-photos-louvre-blue-hour-pyramid-night-red-dress-1200x800.webp 1200w, https:\/\/kissinparis.com\/wp-content\/uploads\/2025\/05\/paris-engagement-photos-louvre-blue-hour-pyramid-night-red-dress.webp 1600w\" sizes=\"auto, (max-width: 1024px) 100vw, 1024px\" \/><figcaption class=\"wp-element-caption\">As fotos de noivado na hora azul no Louvre mostram como a roupa e o momento certos criam retratos deslumbrantes de casais em Paris com a ic\u00f4nica ilumina\u00e7\u00e3o piramidal.<\/figcaption><\/figure>\n\n\n\n<p><strong>Multid\u00f5es<\/strong>. Fotografe ao nascer do sol em qualquer dia da semana. Considere os meses de baixa temporada (de novembro a fevereiro, exceto feriados e a semana do Dia dos Namorados). Se um local estiver cheio de gente, mude para um \u00e2ngulo pr\u00f3ximo \u2014 Paris n\u00e3o tem falta de bons cen\u00e1rios.<\/p>\n\n\n\n<h2 class=\"wp-block-heading\">Planeje sua sess\u00e3o para obter a m\u00e1xima cobertura.<\/h2>\n\n\n\n<p>Um bom planejamento significa mais tempo para filmar e menos dores de cabe\u00e7a com a log\u00edstica.<\/p>\n\n\n\n<p><strong>Calcule seu tempo l\u00edquido de arremesso.<\/strong> Subtraia o tempo de deslocamento e troca de roupa do total de horas reservadas. O ideal \u00e9 que pelo menos 75% da sua sess\u00e3o seja dedicada \u00e0 fotografia em si.<\/p>\n\n\n\n<p><strong>Agrupe suas localiza\u00e7\u00f5es.<\/strong> Agrupe pontos tur\u00edsticos pr\u00f3ximos \u2014 Notre-Dame, Pont des Arts e Louvre, por exemplo \u2014 para que voc\u00ea caminhe cinco minutos entre as paradas, e n\u00e3o trinta.<\/p>\n\n\n\n<p><strong>Planeje as trocas de roupa com cuidado.<\/strong> Cada troca de roupa custa tempo. Evite a ida e volta do hotel. O banheiro de um caf\u00e9 serve, um canto tranquilo tamb\u00e9m \u2014 a van Mercedes \u00e9 a melhor op\u00e7\u00e3o, se voc\u00ea tiver uma.<\/p>\n\n\n\n<p><strong>Inclua intervalos de 10 a 15 minutos entre as paradas.<\/strong> Paris \u00e9 uma cidade que se explora a p\u00e9 e oferece muitas oportunidades para se visitar entre os locais planejados. Sapatos confort\u00e1veis fazem toda a diferen\u00e7a.<\/p>\n\n\n\n<p>Tr\u00eas coisas determinam o resultado das suas fotos de noivado em Paris: o fot\u00f3grafo que voc\u00ea escolher, o hor\u00e1rio da sess\u00e3o e o planejamento. Acerte nesses tr\u00eas pontos e o resto acontece naturalmente.<\/p>\n\n\n\n<figure class=\"wp-block-image alignwide size-full\"><img loading=\"lazy\" decoding=\"async\" width=\"1600\" height=\"1067\" src=\"https:\/\/kissinparis.com\/wp-content\/uploads\/2025\/05\/paris-engagement-photos-montmartre-maison-rose-night-walking-couple.webp\" alt=\"Casal de noivos passando pela La Maison Rose em Montmartre \u00e0 noite com um abra\u00e7o \u00edntimo e contato visual\" class=\"wp-image-22710\" srcset=\"https:\/\/kissinparis.com\/wp-content\/uploads\/2025\/05\/paris-engagement-photos-montmartre-maison-rose-night-walking-couple.webp 1600w, https:\/\/kissinparis.com\/wp-content\/uploads\/2025\/05\/paris-engagement-photos-montmartre-maison-rose-night-walking-couple-300x200.webp 300w, https:\/\/kissinparis.com\/wp-content\/uploads\/2025\/05\/paris-engagement-photos-montmartre-maison-rose-night-walking-couple-1024x683.webp 1024w, https:\/\/kissinparis.com\/wp-content\/uploads\/2025\/05\/paris-engagement-photos-montmartre-maison-rose-night-walking-couple-768x512.webp 768w, https:\/\/kissinparis.com\/wp-content\/uploads\/2025\/05\/paris-engagement-photos-montmartre-maison-rose-night-walking-couple-1536x1024.webp 1536w, https:\/\/kissinparis.com\/wp-content\/uploads\/2025\/05\/paris-engagement-photos-montmartre-maison-rose-night-walking-couple-1200x800.webp 1200w\" sizes=\"auto, (max-width: 1600px) 100vw, 1600px\" \/><figcaption class=\"wp-element-caption\">Fotos de noivado em Montmartre criam variedade natural e express\u00f5es aut\u00eanticas, com La Maison Rose proporcionando um cen\u00e1rio parisiense encantador para casais.<\/figcaption><\/figure>\n<\/div><\/div>\n\n\n\n<div class=\"wp-block-group alignfull sec mt-0 mb-0 has-subtle-background-background-color has-background\"><div class=\"wp-block-group__inner-container is-layout-constrained wp-block-group-is-layout-constrained\">\n<h2 class=\"wp-block-heading title-v2\">O que vem a seguir?<\/h2>\n\n\n\n<div class=\"wp-block-columns boxes plans is-layout-flex wp-container-core-columns-is-layout-9d6595d7 wp-block-columns-is-layout-flex\">\n<div class=\"wp-block-column is-layout-flow wp-block-column-is-layout-flow\">\n<figure class=\"wp-block-image size-full\"><a href=\"https:\/\/kissinparis.com\/pt\/restaurantes-vista-torre-eiffel\/\" aria-label=\"Leia mais sobre Pacote para casais em Paris: melhores restaurantes com vista para a Torre Eiffel\"><img loading=\"lazy\" decoding=\"async\" width=\"300\" height=\"400\" src=\"https:\/\/kissinparis.com\/wp-content\/uploads\/2023\/03\/Paris-couple-package-best-restaurants-with-Eiffel-Tower-view.jpg\" alt=\"Pacote para casais em Paris: melhores restaurantes com vista para a Torre Eiffel\" class=\"wp-image-1027\" srcset=\"https:\/\/kissinparis.com\/wp-content\/uploads\/2023\/03\/Paris-couple-package-best-restaurants-with-Eiffel-Tower-view.jpg 300w, https:\/\/kissinparis.com\/wp-content\/uploads\/2023\/03\/Paris-couple-package-best-restaurants-with-Eiffel-Tower-view-225x300.jpg 225w\" sizes=\"auto, (max-width: 300px) 100vw, 300px\" \/><\/a><\/figure>\n\n\n\n<div class=\"wp-block-group mt-0 mb-0 content\"><div class=\"wp-block-group__inner-container is-layout-constrained wp-block-group-is-layout-constrained\">\n<h3 class=\"wp-block-heading\"><a href=\"https:\/\/kissinparis.com\/pt\/restaurantes-vista-torre-eiffel\/\">Onde jantar em Paris<\/a><\/h3>\n\n\n\n<p class=\"sec-header\"><a href=\"https:\/\/kissinparis.com\/pt\/restaurantes-vista-torre-eiffel\/\">Melhores restaurantes com vista para a Torre Eiffel<\/a><\/p>\n<\/div><\/div>\n<\/div>\n\n\n\n<div class=\"wp-block-column is-layout-flow wp-block-column-is-layout-flow\">\n<figure class=\"wp-block-image size-full\"><a href=\"https:\/\/kissinparis.com\/pt\/fotografo-casal-paris-noite\/\" aria-label=\"Leia mais sobre Fotos noturnas em Paris s\u00e3o mais rom\u00e2nticas\"><img loading=\"lazy\" decoding=\"async\" width=\"300\" height=\"400\" src=\"https:\/\/kissinparis.com\/wp-content\/uploads\/2023\/03\/Nighttime-photos-in-Paris-are-more-romantic.jpg\" alt=\"Fotos noturnas em Paris s\u00e3o mais rom\u00e2nticas\" class=\"wp-image-1028\" srcset=\"https:\/\/kissinparis.com\/wp-content\/uploads\/2023\/03\/Nighttime-photos-in-Paris-are-more-romantic.jpg 300w, https:\/\/kissinparis.com\/wp-content\/uploads\/2023\/03\/Nighttime-photos-in-Paris-are-more-romantic-225x300.jpg 225w\" sizes=\"auto, (max-width: 300px) 100vw, 300px\" \/><\/a><\/figure>\n\n\n\n<div class=\"wp-block-group mt-0 mb-0 content\"><div class=\"wp-block-group__inner-container is-layout-constrained wp-block-group-is-layout-constrained\">\n<h3 class=\"wp-block-heading\"><a href=\"https:\/\/kissinparis.com\/pt\/fotografo-casal-paris-noite\/\">Fotos de casal \u00e0 noite<\/a><\/h3>\n\n\n\n<p class=\"sec-header\"><a href=\"https:\/\/kissinparis.com\/pt\/fotografo-casal-paris-noite\/\">Contrate um fot\u00f3grafo de noivado em Paris<\/a><\/p>\n<\/div><\/div>\n<\/div>\n\n\n\n<div class=\"wp-block-column is-layout-flow wp-block-column-is-layout-flow\">\n<figure class=\"wp-block-image size-full\"><a href=\"https:\/\/kissinparis.com\/pt\/fotos-casal-torre-eiffel\/\" aria-label=\"Leia mais sobre ideias para fotos de casais na Torre Eiffel\"><img loading=\"lazy\" decoding=\"async\" width=\"300\" height=\"400\" src=\"https:\/\/kissinparis.com\/wp-content\/uploads\/2023\/03\/Eiffel-Tower-couple-picture-ideas.jpg\" alt=\"Ideias para fotos de casais na Torre Eiffel\" class=\"wp-image-1030\" srcset=\"https:\/\/kissinparis.com\/wp-content\/uploads\/2023\/03\/Eiffel-Tower-couple-picture-ideas.jpg 300w, https:\/\/kissinparis.com\/wp-content\/uploads\/2023\/03\/Eiffel-Tower-couple-picture-ideas-225x300.jpg 225w\" sizes=\"auto, (max-width: 300px) 100vw, 300px\" \/><\/a><\/figure>\n\n\n\n<div class=\"wp-block-group mt-0 mb-0 content\"><div class=\"wp-block-group__inner-container is-layout-constrained wp-block-group-is-layout-constrained\">\n<h3 class=\"wp-block-heading\"><a href=\"https:\/\/kissinparis.com\/pt\/fotos-casal-torre-eiffel\/\">Fotos de casais na Torre Eiffel<\/a><\/h3>\n\n\n\n<p class=\"sec-header\"><a href=\"https:\/\/kissinparis.com\/pt\/fotos-casal-torre-eiffel\/\">Quando a Torre Eiffel \u00e9 um must have<\/a><\/p>\n<\/div><\/div>\n<\/div>\n\n\n\n<div class=\"wp-block-column is-layout-flow wp-block-column-is-layout-flow\">\n<figure class=\"wp-block-image size-full\"><a href=\"https:\/\/kissinparis.com\/pt\/poses-ensaio-casal\/\" aria-label=\"Leia mais sobre como posar como um casal para fotos deslumbrantes de noivado em Paris\"><img loading=\"lazy\" decoding=\"async\" width=\"300\" height=\"400\" src=\"https:\/\/kissinparis.com\/wp-content\/uploads\/2023\/03\/How-to-pose-as-a-couple-for-dazzling-Paris-Engagement-photos.jpg\" alt=\"Como posar como um casal para fotos deslumbrantes de noivado em Paris\" class=\"wp-image-1032\" srcset=\"https:\/\/kissinparis.com\/wp-content\/uploads\/2023\/03\/How-to-pose-as-a-couple-for-dazzling-Paris-Engagement-photos.jpg 300w, https:\/\/kissinparis.com\/wp-content\/uploads\/2023\/03\/How-to-pose-as-a-couple-for-dazzling-Paris-Engagement-photos-225x300.jpg 225w\" sizes=\"auto, (max-width: 300px) 100vw, 300px\" \/><\/a><\/figure>\n\n\n\n<div class=\"wp-block-group mt-0 mb-0 content\"><div class=\"wp-block-group__inner-container is-layout-constrained wp-block-group-is-layout-constrained\">\n<h3 class=\"wp-block-heading\"><a href=\"https:\/\/kissinparis.com\/pt\/poses-ensaio-casal\/\">Como posar como um casal<\/a><\/h3>\n\n\n\n<p class=\"sec-header\"><a href=\"https:\/\/kissinparis.com\/pt\/poses-ensaio-casal\/\">Poses marcantes para sua sess\u00e3o de fotos em Paris<\/a><\/p>\n<\/div><\/div>\n<\/div>\n<\/div>\n<\/div><\/div>\n\n\n\n<div class=\"wp-block-group popup-cta\"><div class=\"wp-block-group__inner-container is-layout-constrained wp-block-group-is-layout-constrained\">\n<figure class=\"wp-block-video\"><video height=\"960\" style=\"aspect-ratio: 686 \/ 960;\" width=\"686\" autoplay loop muted poster=\"https:\/\/kissinparis.com\/wp-content\/uploads\/2025\/04\/Kiss-Me-in-Paris-Proposals-Weddings-Planning.webp\" preload=\"none\" src=\"https:\/\/kissinparis.com\/wp-content\/uploads\/2025\/04\/Full-service-Paris-proposal-planner.mp4\" playsinline><\/video><\/figure>\n\n\n\n<p class=\"title\">Informe-se!<\/p>\n\n\n\n<p class=\"has-link whatsapp\"><a href=\"https:\/\/api.whatsapp.com\/send?phone=19175134350\" target=\"_blank\" data-type=\"link\" data-id=\"https:\/\/api.whatsapp.com\/send?phone=19175134350\" rel=\"noreferrer noopener nofollow\">WhatsApp<\/a><\/p>\n\n\n\n<p class=\"has-link booking\"><a href=\"mailto:support@kissinparis.com?subject=Your Paris Inquiry | Kiss Me in Paris\" target=\"_blank\" data-type=\"link\" data-id=\"https:\/\/api.whatsapp.com\/send?phone=19175134350\" rel=\"noreferrer noopener\">Contato<\/a><\/p>\n<\/div><\/div>","protected":false},"excerpt":{"rendered":"<p>Paris Engagement Photo Tips: Timing, Photographer &amp; Planning Whether you&#8217;re planning engagement photos right after your proposal or coming back to Paris for a dedicated shoot, these three tips will help you get better photos and actually enjoy the experience. We&#8217;ll cover choosing the right photographer, timing your shoot for the best light and fewest [&hellip;]<\/p>\n","protected":false},"author":35,"featured_media":22604,"parent":0,"menu_order":0,"comment_status":"closed","ping_status":"closed","template":"","meta":{"_acf_changed":false,"ub_ctt_via":"","footnotes":""},"class_list":["post-5028","page","type-page","status-publish","has-post-thumbnail","hentry"],"acf":[],"featured_image_src":"https:\/\/kissinparis.com\/wp-content\/uploads\/2025\/05\/paris-engagement-photography-tips-trocadero-sunrise.webp","_links":{"self":[{"href":"https:\/\/kissinparis.com\/pt\/wp-json\/wp\/v2\/pages\/5028","targetHints":{"allow":["GET"]}}],"collection":[{"href":"https:\/\/kissinparis.com\/pt\/wp-json\/wp\/v2\/pages"}],"about":[{"href":"https:\/\/kissinparis.com\/pt\/wp-json\/wp\/v2\/types\/page"}],"author":[{"embeddable":true,"href":"https:\/\/kissinparis.com\/pt\/wp-json\/wp\/v2\/users\/35"}],"replies":[{"embeddable":true,"href":"https:\/\/kissinparis.com\/pt\/wp-json\/wp\/v2\/comments?post=5028"}],"version-history":[{"count":25,"href":"https:\/\/kissinparis.com\/pt\/wp-json\/wp\/v2\/pages\/5028\/revisions"}],"predecessor-version":[{"id":29449,"href":"https:\/\/kissinparis.com\/pt\/wp-json\/wp\/v2\/pages\/5028\/revisions\/29449"}],"wp:featuredmedia":[{"embeddable":true,"href":"https:\/\/kissinparis.com\/pt\/wp-json\/wp\/v2\/media\/22604"}],"wp:attachment":[{"href":"https:\/\/kissinparis.com\/pt\/wp-json\/wp\/v2\/media?parent=5028"}],"curies":[{"name":"wp","href":"https:\/\/api.w.org\/{rel}","templated":true}]}}