{"id":5323,"date":"2023-03-10T14:02:39","date_gmt":"2023-03-10T14:02:39","guid":{"rendered":"https:\/\/kissinparis.com\/?page_id=5323"},"modified":"2025-05-29T12:57:24","modified_gmt":"2025-05-29T12:57:24","slug":"ideias-ensaio-casal","status":"publish","type":"page","link":"https:\/\/kissinparis.com\/pt\/couple-photoshoot-ideas\/","title":{"rendered":"3 ideias divertidas de ensaios fotogr\u00e1ficos de casal para voc\u00ea experimentar em seu pr\u00f3prio ensaio"},"content":{"rendered":"<div class=\"wp-block-group alignfull sec heror-section mt-0 mb-0 has-scroll-down has-background-color has-primary-background-color has-text-color has-background has-link-color wp-elements-e0ba94e5e6919d89c7e935254bb690f2\"><div class=\"wp-block-group__inner-container is-layout-constrained wp-block-group-is-layout-constrained\">\n<h1 class=\"wp-block-heading alignwide has-text-align-left full has-background-color has-text-color has-link-color wp-elements-5ab80d1189b36109b4585440d2e7520c\">3 ideias incr\u00edveis de ensaios fotogr\u00e1ficos de casal para voc\u00ea experimentar em seu pr\u00f3prio ensaio<\/h1>\n<\/div><\/div>\n\n\n\n<div class=\"wp-block-cover alignfull is-light mt-0 mb-0 banner banner-resources\"><img loading=\"lazy\" decoding=\"async\" width=\"1400\" height=\"933\" class=\"wp-block-cover__image-background wp-image-5467\" alt=\"Ideias divertidas para ensaios fotogr\u00e1ficos de casal: reserve a data\" src=\"https:\/\/kissinparis.com\/wp-content\/uploads\/2023\/03\/Fun-couple-photoshoot-ideas-Save-the-Date.jpg\" data-object-fit=\"cover\" srcset=\"https:\/\/kissinparis.com\/wp-content\/uploads\/2023\/03\/Fun-couple-photoshoot-ideas-Save-the-Date.jpg 1400w, https:\/\/kissinparis.com\/wp-content\/uploads\/2023\/03\/Fun-couple-photoshoot-ideas-Save-the-Date-300x200.jpg 300w, https:\/\/kissinparis.com\/wp-content\/uploads\/2023\/03\/Fun-couple-photoshoot-ideas-Save-the-Date-1024x682.jpg 1024w, https:\/\/kissinparis.com\/wp-content\/uploads\/2023\/03\/Fun-couple-photoshoot-ideas-Save-the-Date-768x512.jpg 768w, https:\/\/kissinparis.com\/wp-content\/uploads\/2023\/03\/Fun-couple-photoshoot-ideas-Save-the-Date-1200x800.jpg 1200w\" sizes=\"auto, (max-width: 1400px) 100vw, 1400px\" \/><span aria-hidden=\"true\" class=\"wp-block-cover__background has-primary-background-color has-background-dim-0 has-background-dim\"><\/span><div class=\"wp-block-cover__inner-container is-layout-flow wp-block-cover-is-layout-flow\">\n<div class=\"banner-video\">\n<img decoding=\"async\" src=\"https:\/\/kissinparis.com\/wp-content\/uploads\/2023\/02\/placeholder_16x9.png\" alt=\"\u00c1rea do her\u00f3i\">\n<\/div>\n<\/div><\/div>\n\n\n\n<div class=\"wp-block-group alignfull mt-0 mb-0 sec sec-content has-white-background-color has-background\" id=\"sec-0\"><div class=\"wp-block-group__inner-container is-layout-constrained wp-block-group-is-layout-constrained\">\n<p>Fotos profissionais de casais representam um investimento significativo de tempo e dinheiro, mas, mais importante, s\u00e3o uma oportunidade rara para duas pessoas profundamente apaixonadas se afastarem da vida cotidiana e se concentrarem inteiramente no relacionamento.<\/p>\n\n\n\n<p>Essas tr\u00eas ideias de destaque certamente trar\u00e3o espontaneidade, alegria e conex\u00e3o \u00e0 sua sess\u00e3o: acess\u00f3rios peculiares que combinam com suas personalidades, estalos de champanhe dram\u00e1ticos para retratos maiores que a vida e cen\u00e1rios de piquenique com estilo divertido, al\u00e9m de dicas profissionais para economizar seu tempo e turbinar sua experi\u00eancia divertida.<\/p>\n\n\n\n<figure class=\"wp-block-image alignwide size-large\"><img loading=\"lazy\" decoding=\"async\" width=\"1024\" height=\"682\" src=\"https:\/\/kissinparis.com\/wp-content\/uploads\/2023\/03\/Creative-Couple-Photography-Ideas-11-1024x682.jpg\" alt=\"Ideias para ensaio fotogr\u00e1fico de casal, adere\u00e7os criativos, chiclete, fotos de noivado, arte amarela, estrutura\" class=\"wp-image-2371\" srcset=\"https:\/\/kissinparis.com\/wp-content\/uploads\/2023\/03\/Creative-Couple-Photography-Ideas-11-1024x682.jpg 1024w, https:\/\/kissinparis.com\/wp-content\/uploads\/2023\/03\/Creative-Couple-Photography-Ideas-11-300x200.jpg 300w, https:\/\/kissinparis.com\/wp-content\/uploads\/2023\/03\/Creative-Couple-Photography-Ideas-11-768x512.jpg 768w, https:\/\/kissinparis.com\/wp-content\/uploads\/2023\/03\/Creative-Couple-Photography-Ideas-11-1200x800.jpg 1200w, https:\/\/kissinparis.com\/wp-content\/uploads\/2023\/03\/Creative-Couple-Photography-Ideas-11.jpg 1400w\" sizes=\"auto, (max-width: 1024px) 100vw, 1024px\" \/><figcaption class=\"wp-element-caption\">Ideias para ensaios fotogr\u00e1ficos de casal: brinque com acess\u00f3rios criativos! Esta divertida foto de noivado mostra como elementos peculiares como chiclete podem criar imagens \u00fanicas e cheias de personalidade que destacam seu lado travesso e adicionam variedade \u00e0s suas fotos de noivado.<\/figcaption><\/figure>\n\n\n\n<h2 class=\"wp-block-heading\">Acess\u00f3rios peculiares que contam sua hist\u00f3ria<\/h2>\n\n\n\n<p>O acess\u00f3rio certo distrai da aten\u00e7\u00e3o indesejada da c\u00e2mera, incentiva o elemento divertido e destaca sua personalidade. Talvez seja uma guitarra bem usada se voc\u00eas se conheceram em um microfone aberto, uma pilha de seus romances favoritos se voc\u00eas se conectaram pela leitura, ou skates combinando se voc\u00eas adoram aventura.<\/p>\n\n\n\n<p>O acess\u00f3rio n\u00e3o \u00e9 o ponto principal, mas sim a intera\u00e7\u00e3o e a variedade de fotos que ele cria. Roubem alguns beijos carinhosos enquanto voc\u00eas leem juntinhos, se aproximam para dedilhar o viol\u00e3o ou passeiam lado a lado em suas pranchas. Escolher acess\u00f3rios que voc\u00eas dois realmente gostem (em vez de segurar bal\u00f5es que podem n\u00e3o combinar com a sua vibe) cria... <a href=\"https:\/\/kissinparis.com\/pt\/fotos-noivado-paris\/\">fotos de noivado que parecem divertidas<\/a> e ficam incr\u00edveis.<\/p>\n\n\n\n<p><strong>O planejamento \u00e9 importante.<\/strong> Reserve um tempo para pensar em quais acess\u00f3rios combinam com o seu relacionamento, prenda-os bem antes da sess\u00e3o de fotos e planeje o transporte de itens volumosos. Adoramos como bal\u00f5es grandes ficam \u00f3timos nas fotos, mas, a menos que combinem com o seu estilo (e n\u00e3o esteja ventando muito!), escolha algo verdadeiramente... <em>seu<\/em>.<\/p>\n\n\n\n<figure class=\"wp-block-image alignwide size-full\"><img loading=\"lazy\" decoding=\"async\" width=\"1000\" height=\"667\" src=\"https:\/\/kissinparis.com\/wp-content\/uploads\/2023\/03\/Fun-couple-photoshoot-ideas-you-can-try-now.jpg\" alt=\"Ideias para ensaios fotogr\u00e1ficos de casal usando discos de vinil como acess\u00f3rios durante fotos de noivado no sof\u00e1 do apartamento\" class=\"wp-image-5468\" srcset=\"https:\/\/kissinparis.com\/wp-content\/uploads\/2023\/03\/Fun-couple-photoshoot-ideas-you-can-try-now.jpg 1000w, https:\/\/kissinparis.com\/wp-content\/uploads\/2023\/03\/Fun-couple-photoshoot-ideas-you-can-try-now-300x200.jpg 300w, https:\/\/kissinparis.com\/wp-content\/uploads\/2023\/03\/Fun-couple-photoshoot-ideas-you-can-try-now-768x512.jpg 768w\" sizes=\"auto, (max-width: 1000px) 100vw, 1000px\" \/><figcaption class=\"wp-element-caption\">Ideias para ensaios fotogr\u00e1ficos de casal n\u00e3o precisam ser elaboradas \u2014 \u00e0s vezes, os melhores acess\u00f3rios est\u00e3o escondidos em casa! Esta divertida foto de noivado usa discos de vinil gigantes dos m\u00fasicos favoritos deles para criar uma foto divertida e cheia de personalidade que conta a hist\u00f3ria de amor \u00fanica deles.<\/figcaption><\/figure>\n\n\n\n<h2 class=\"wp-block-heading\">O Champagne Pop para um toque dram\u00e1tico<\/h2>\n\n\n\n<p>N\u00e3o h\u00e1 nada como a efervesc\u00eancia da celebra\u00e7\u00e3o congelada no ar. <a href=\"https:\/\/kissinparis.com\/pt\/como-abrir-champanhe\/\">Planeje seu estouro de champanhe<\/a> para o in\u00edcio da sess\u00e3o de fotos, para relaxar e come\u00e7ar com algo divertido, ou guarde para o final, para que voc\u00eas possam aproveitar o champanhe e fazer a transi\u00e7\u00e3o para uma noite rom\u00e2ntica juntos.<\/p>\n\n\n\n<p><strong>T\u00e9cnica que funciona:<\/strong> Mantenha a garrafa bem gelada e longe da sua parceira (principalmente quando a rolha estourar, mas tamb\u00e9m para evitar respingar na roupa dela). Agite a garrafa em movimentos circulares para criar um spray digno de foto. Conforme as got\u00edculas refletem a luz, fique atento \u00e0 posi\u00e7\u00e3o do seu fot\u00f3grafo, pois refazer o processo pode ser caro e demorado.<\/p>\n\n\n\n<p>O spray fica lindo nas fotos durante a hora dourada ou azul, mas evite a luz do dia quando o spray fica quase invis\u00edvel nas fotos.<\/p>\n\n\n\n<figure class=\"wp-block-image alignwide size-full\"><img loading=\"lazy\" decoding=\"async\" width=\"1800\" height=\"1201\" src=\"https:\/\/kissinparis.com\/wp-content\/uploads\/2023\/03\/Fun-Paris-photo-shoot-ideas-epic-Champagne-pop-in-front-of-Moulin-Rouge.jpg\" alt=\"Ideias para ensaio fotogr\u00e1fico de casal com champanhe e fotos de noivado no Moulin Rouge Paris \u00e0 noite\" class=\"wp-image-7706\" srcset=\"https:\/\/kissinparis.com\/wp-content\/uploads\/2023\/03\/Fun-Paris-photo-shoot-ideas-epic-Champagne-pop-in-front-of-Moulin-Rouge.jpg 1800w, https:\/\/kissinparis.com\/wp-content\/uploads\/2023\/03\/Fun-Paris-photo-shoot-ideas-epic-Champagne-pop-in-front-of-Moulin-Rouge-300x200.jpg 300w, https:\/\/kissinparis.com\/wp-content\/uploads\/2023\/03\/Fun-Paris-photo-shoot-ideas-epic-Champagne-pop-in-front-of-Moulin-Rouge-1024x683.jpg 1024w, https:\/\/kissinparis.com\/wp-content\/uploads\/2023\/03\/Fun-Paris-photo-shoot-ideas-epic-Champagne-pop-in-front-of-Moulin-Rouge-768x512.jpg 768w, https:\/\/kissinparis.com\/wp-content\/uploads\/2023\/03\/Fun-Paris-photo-shoot-ideas-epic-Champagne-pop-in-front-of-Moulin-Rouge-1536x1025.jpg 1536w, https:\/\/kissinparis.com\/wp-content\/uploads\/2023\/03\/Fun-Paris-photo-shoot-ideas-epic-Champagne-pop-in-front-of-Moulin-Rouge-1200x801.jpg 1200w\" sizes=\"auto, (max-width: 1800px) 100vw, 1800px\" \/><figcaption class=\"wp-element-caption\">Ideias para ensaios fotogr\u00e1ficos de casal ganham vida com estalos de champanhe! Esta foto dram\u00e1tica de noivado no ic\u00f4nico Moulin Rouge de Paris mostra como o timing e a t\u00e9cnica certos criam imagens dignas de &quot;save the date&quot;, repletas de pura celebra\u00e7\u00e3o e alegria.<\/figcaption><\/figure>\n\n\n\n<h2 class=\"wp-block-heading\">Um piquenique cheio de estilo para capturar o romance aconchegante<\/h2>\n\n\n\n<p>Transforme seu piquenique em uma natureza-morta viva: uma manta macia ou uma mesa baixa coberta com toalhas de mesa, almofadas macias e um pequeno buqu\u00ea para dar um toque de cor. Disponha petiscos artesanais \u2013 como macarons, frios, frutas vermelhas frescas e uma deliciosa t\u00e1bua de queijos \u2013 em caixotes vintage ou bandejas de madeira.<\/p>\n\n\n\n<p>Fa\u00e7a desta configura\u00e7\u00e3o a pe\u00e7a central da sua sess\u00e3o de fotos de casal, idealmente planejada para o final da sess\u00e3o. Isso permite que voc\u00eas transitem naturalmente entre retratos posados e momentos de relaxamento, saboreando a experi\u00eancia. N\u00e3o se esque\u00e7am de se inclinar para beijos que parecem pura poesia e apreciar este dia fant\u00e1stico juntos enquanto os outros provavelmente est\u00e3o trabalhando.<\/p>\n\n\n\n<p><strong>Dica de planejamento profissional:<\/strong> Podemos organizar eventos deslumbrantes <a href=\"https:\/\/kissinparis.com\/pt\/pedido-de-casamento-paris\/piquenique\/\">configura\u00e7\u00f5es de piquenique personalizadas<\/a>, ou voc\u00ea pode criar o seu pr\u00f3prio com detalhes bem pensados que ficam lindos nas fotos.<\/p>\n\n\n\n<figure class=\"wp-block-image alignwide size-large\"><img loading=\"lazy\" decoding=\"async\" width=\"1024\" height=\"683\" src=\"https:\/\/kissinparis.com\/wp-content\/uploads\/2025\/04\/paris-picnic-proposal-package-cherry-blossom-parc-sceaux-99-1024x683.webp\" alt=\"Ideias para ensaio fotogr\u00e1fico de casal, piquenique com estilo no Parc de Sceaux, Paris, flores de cerejeira, fotos de noivado\" class=\"wp-image-18302\" srcset=\"https:\/\/kissinparis.com\/wp-content\/uploads\/2025\/04\/paris-picnic-proposal-package-cherry-blossom-parc-sceaux-99-1024x683.webp 1024w, https:\/\/kissinparis.com\/wp-content\/uploads\/2025\/04\/paris-picnic-proposal-package-cherry-blossom-parc-sceaux-99-300x200.webp 300w, https:\/\/kissinparis.com\/wp-content\/uploads\/2025\/04\/paris-picnic-proposal-package-cherry-blossom-parc-sceaux-99-768x512.webp 768w, https:\/\/kissinparis.com\/wp-content\/uploads\/2025\/04\/paris-picnic-proposal-package-cherry-blossom-parc-sceaux-99-1536x1025.webp 1536w, https:\/\/kissinparis.com\/wp-content\/uploads\/2025\/04\/paris-picnic-proposal-package-cherry-blossom-parc-sceaux-99-1200x801.webp 1200w, https:\/\/kissinparis.com\/wp-content\/uploads\/2025\/04\/paris-picnic-proposal-package-cherry-blossom-parc-sceaux-99.webp 1800w\" sizes=\"auto, (max-width: 1024px) 100vw, 1024px\" \/><figcaption class=\"wp-element-caption\">Ideias para ensaios fotogr\u00e1ficos de noivado alcan\u00e7am novos patamares com piqueniques cheios de estilo! Este luxuoso piquenique parisiense no Parc de Sceaux, durante a temporada de flores de cerejeira, mostra como detalhes cuidadosos \u2014 flores rosas, lou\u00e7as elegantes e iguarias francesas \u2014 criam fotos de noivado deliciosas e rom\u00e2nticas.<\/figcaption><\/figure>\n\n\n\n<h2 class=\"wp-block-heading\">Antes da sua sess\u00e3o de fotos: etapas essenciais de prepara\u00e7\u00e3o<\/h2>\n\n\n\n<p><strong>Fique igualmente animado.<\/strong> Ambos os parceiros devem estar entusiasmados com a experi\u00eancia \u2014 isso fica evidente nas fotos quando uma pessoa est\u00e1 mais envolvida do que a outra.<\/p>\n\n\n\n<p><strong>Planeje roupas dignas de fotos.<\/strong> Escolha looks que se complementem e <a href=\"https:\/\/kissinparis.com\/pt\/lugares-mais-romanticos-paris\/\">sua localiza\u00e7\u00e3o<\/a> sem parecer muito combinando. Vista-se em camadas se voc\u00ea prev\u00ea mudan\u00e7as clim\u00e1ticas.<\/p>\n\n\n\n<p><strong>Comunique-se com seu fot\u00f3grafo.<\/strong> Compartilhe sua vis\u00e3o, discuta poses preferidas e mencione quaisquer preocupa\u00e7\u00f5es para gerenciar as expectativas. Fot\u00f3grafos profissionais adoram casais preparados, pois isso facilita o trabalho deles e mostra o quanto voc\u00ea leva a s\u00e9rio a busca por resultados incr\u00edveis.<\/p>\n\n\n\n<p><strong>Crie pain\u00e9is de inspira\u00e7\u00e3o.<\/strong> Compartilhe fotos de exemplo com seu fot\u00f3grafo (via WhatsApp ou Pinterest) para comunicar suas prefer\u00eancias de estilo e o visual que voc\u00ea busca. Inclua uma foto sua que voc\u00ea goste para que seu fot\u00f3grafo entenda seus \u00e2ngulos favoritos imediatamente.<\/p>\n\n\n\n<p><strong>Pratique em casa.<\/strong> Experimente diferentes poses, eleva\u00e7\u00f5es, inclina\u00e7\u00f5es e beijos no estilo de Hollywood antes do dia da sess\u00e3o de fotos.<\/p>\n\n\n\n<h2 class=\"wp-block-heading\">Dicas para o Dia do Sucesso<\/h2>\n\n\n\n<ul class=\"wp-block-list\">\n<li><strong>Chegue na hora certa<\/strong> e bem descansado para a melhor energia<\/li>\n\n\n\n<li><strong>Confie no seu fot\u00f3grafo<\/strong>\u2014eles querem resultados surpreendentes tanto quanto voc\u00ea<\/li>\n\n\n\n<li><strong>Mantenha-se flex\u00edvel<\/strong> se o clima ou o tempo exigirem ajustes<\/li>\n\n\n\n<li><strong>Foquem um no outro<\/strong>, n\u00e3o a c\u00e2mera<\/li>\n<\/ul>\n\n\n\n<p>Ao fotografar em locais deslumbrantes como Paris ou <a href=\"https:\/\/kissinparis.com\/pt\/ensaio-campo-lavanda\/\">Campos de lavanda da Proven\u00e7a<\/a>, reserve acomoda\u00e7\u00f5es pr\u00f3ximas para minimizar o estresse da viagem e maximizar as oportunidades de fotos.<\/p>\n\n\n\n<p>Lembre-se: a prepara\u00e7\u00e3o faz a diferen\u00e7a entre fotos boas e fotos incr\u00edveis.<\/p>\n\n\n\n<p><em>Pronto para planejar o ensaio fotogr\u00e1fico dos seus sonhos? Nossa equipe de fotografia em Paris \u00e9 especializada em criar experi\u00eancias inesquec\u00edveis.<\/em><\/p>\n<\/div><\/div>\n\n\n\n<div class=\"wp-block-group alignfull mt-0 mb-0 sec sec-services has-subtle-background-background-color has-background\"><div class=\"wp-block-group__inner-container is-layout-constrained wp-block-group-is-layout-constrained\">\n<h2 class=\"wp-block-heading title-v2\">O que vem a seguir<\/h2>\n\n\n\n<div class=\"wp-block-columns boxes plans is-layout-flex wp-container-core-columns-is-layout-9d6595d7 wp-block-columns-is-layout-flex\">\n<div class=\"wp-block-column is-layout-flow wp-block-column-is-layout-flow\">\n<figure class=\"wp-block-image size-full\"><a href=\"https:\/\/kissinparis.com\/pt\/restaurantes-vista-torre-eiffel\/\" aria-label=\"Leia mais sobre Pacote para casais em Paris: melhores restaurantes com vista para a Torre Eiffel\"><img loading=\"lazy\" decoding=\"async\" width=\"300\" height=\"400\" src=\"https:\/\/kissinparis.com\/wp-content\/uploads\/2023\/03\/Paris-couple-package-best-restaurants-with-Eiffel-Tower-view.jpg\" alt=\"Pacote para casais em Paris: melhores restaurantes com vista para a Torre Eiffel\" class=\"wp-image-1027\" srcset=\"https:\/\/kissinparis.com\/wp-content\/uploads\/2023\/03\/Paris-couple-package-best-restaurants-with-Eiffel-Tower-view.jpg 300w, https:\/\/kissinparis.com\/wp-content\/uploads\/2023\/03\/Paris-couple-package-best-restaurants-with-Eiffel-Tower-view-225x300.jpg 225w\" sizes=\"auto, (max-width: 300px) 100vw, 300px\" \/><\/a><\/figure>\n\n\n\n<div class=\"wp-block-group mt-0 mb-0 content\"><div class=\"wp-block-group__inner-container is-layout-constrained wp-block-group-is-layout-constrained\">\n<h3 class=\"wp-block-heading\"><a href=\"https:\/\/kissinparis.com\/pt\/restaurantes-vista-torre-eiffel\/\">Onde comer em Paris<\/a><\/h3>\n\n\n\n<p class=\"sec-header\"><a href=\"https:\/\/kissinparis.com\/pt\/restaurantes-vista-torre-eiffel\/\">Melhores restaurantes com vista para a Torre Eiffel<\/a><\/p>\n<\/div><\/div>\n<\/div>\n\n\n\n<div class=\"wp-block-column is-layout-flow wp-block-column-is-layout-flow\">\n<figure class=\"wp-block-image size-full\"><a href=\"https:\/\/kissinparis.com\/pt\/fotografo-casal-paris-noite\/\" aria-label=\"Leia mais sobre Fotos noturnas em Paris s\u00e3o mais rom\u00e2nticas\"><img loading=\"lazy\" decoding=\"async\" width=\"300\" height=\"400\" src=\"https:\/\/kissinparis.com\/wp-content\/uploads\/2023\/03\/Nighttime-photos-in-Paris-are-more-romantic.jpg\" alt=\"Fotos noturnas em Paris s\u00e3o mais rom\u00e2nticas\" class=\"wp-image-1028\" srcset=\"https:\/\/kissinparis.com\/wp-content\/uploads\/2023\/03\/Nighttime-photos-in-Paris-are-more-romantic.jpg 300w, https:\/\/kissinparis.com\/wp-content\/uploads\/2023\/03\/Nighttime-photos-in-Paris-are-more-romantic-225x300.jpg 225w\" sizes=\"auto, (max-width: 300px) 100vw, 300px\" \/><\/a><\/figure>\n\n\n\n<div class=\"wp-block-group mt-0 mb-0 content\"><div class=\"wp-block-group__inner-container is-layout-constrained wp-block-group-is-layout-constrained\">\n<h3 class=\"wp-block-heading\"><a href=\"https:\/\/kissinparis.com\/pt\/fotografo-casal-paris-noite\/\">Fotos de casal \u00e0 noite<\/a><\/h3>\n\n\n\n<p class=\"sec-header\"><a href=\"https:\/\/kissinparis.com\/pt\/fotografo-casal-paris-noite\/\">Contrate um fot\u00f3grafo de noivado em Paris<\/a><\/p>\n<\/div><\/div>\n<\/div>\n\n\n\n<div class=\"wp-block-column is-layout-flow wp-block-column-is-layout-flow\">\n<figure class=\"wp-block-image size-full\"><a href=\"https:\/\/kissinparis.com\/pt\/fotos-casal-torre-eiffel\/\" aria-label=\"Leia mais sobre ideias para fotos de casais na Torre Eiffel\"><img loading=\"lazy\" decoding=\"async\" width=\"300\" height=\"400\" src=\"https:\/\/kissinparis.com\/wp-content\/uploads\/2023\/03\/Eiffel-Tower-couple-picture-ideas.jpg\" alt=\"Ideias para fotos de casais na Torre Eiffel\" class=\"wp-image-1030\" srcset=\"https:\/\/kissinparis.com\/wp-content\/uploads\/2023\/03\/Eiffel-Tower-couple-picture-ideas.jpg 300w, https:\/\/kissinparis.com\/wp-content\/uploads\/2023\/03\/Eiffel-Tower-couple-picture-ideas-225x300.jpg 225w\" sizes=\"auto, (max-width: 300px) 100vw, 300px\" \/><\/a><\/figure>\n\n\n\n<div class=\"wp-block-group mt-0 mb-0 content\"><div class=\"wp-block-group__inner-container is-layout-constrained wp-block-group-is-layout-constrained\">\n<h3 class=\"wp-block-heading\"><a href=\"https:\/\/kissinparis.com\/pt\/fotos-casal-torre-eiffel\/\">Fotos de casais na Torre Eiffel<\/a><\/h3>\n\n\n\n<p class=\"sec-header\"><a href=\"https:\/\/kissinparis.com\/pt\/fotos-casal-torre-eiffel\/\">Quando a Torre Eiffel \u00e9 um must have<\/a><\/p>\n<\/div><\/div>\n<\/div>\n\n\n\n<div class=\"wp-block-column is-layout-flow wp-block-column-is-layout-flow\">\n<figure class=\"wp-block-image size-full\"><a href=\"https:\/\/kissinparis.com\/pt\/ensaio-fotografico-paris\/\" aria-label=\"Leia mais sobre como posar como um casal para fotos deslumbrantes de noivado em Paris\"><img loading=\"lazy\" decoding=\"async\" width=\"300\" height=\"400\" src=\"https:\/\/kissinparis.com\/wp-content\/uploads\/2023\/03\/How-to-pose-as-a-couple-for-dazzling-Paris-Engagement-photos.jpg\" alt=\"Como posar como um casal para fotos deslumbrantes de noivado em Paris\" class=\"wp-image-1032\" srcset=\"https:\/\/kissinparis.com\/wp-content\/uploads\/2023\/03\/How-to-pose-as-a-couple-for-dazzling-Paris-Engagement-photos.jpg 300w, https:\/\/kissinparis.com\/wp-content\/uploads\/2023\/03\/How-to-pose-as-a-couple-for-dazzling-Paris-Engagement-photos-225x300.jpg 225w\" sizes=\"auto, (max-width: 300px) 100vw, 300px\" \/><\/a><\/figure>\n\n\n\n<div class=\"wp-block-group mt-0 mb-0 content\"><div class=\"wp-block-group__inner-container is-layout-constrained wp-block-group-is-layout-constrained\">\n<h3 class=\"wp-block-heading\"><a href=\"https:\/\/kissinparis.com\/pt\/ensaio-fotografico-paris\/\">Como arrasar em suas fotos de casal<\/a><\/h3>\n\n\n\n<p class=\"sec-header\"><a href=\"https:\/\/kissinparis.com\/pt\/poses-ensaio-casal\/\">Poses marcantes, o que vestir, deslocamento e muito mais<\/a><\/p>\n<\/div><\/div>\n<\/div>\n<\/div>\n<\/div><\/div>","protected":false},"excerpt":{"rendered":"<p>3 Amazing Couple Photoshoot Ideas to Try on Your Own Shoot Professional couple photos represent a significant investment of time and money\u2014but more importantly, they&#8217;re a rare opportunity for two people deeply in love to step away from everyday life and focus entirely on their relationship. These three standout ideas are sure to bring spontaneity, [&hellip;]<\/p>\n","protected":false},"author":35,"featured_media":0,"parent":0,"menu_order":0,"comment_status":"closed","ping_status":"closed","template":"","meta":{"_acf_changed":false,"ub_ctt_via":"","footnotes":""},"class_list":["post-5323","page","type-page","status-publish","hentry"],"acf":[],"featured_image_src":null,"_links":{"self":[{"href":"https:\/\/kissinparis.com\/pt\/wp-json\/wp\/v2\/pages\/5323","targetHints":{"allow":["GET"]}}],"collection":[{"href":"https:\/\/kissinparis.com\/pt\/wp-json\/wp\/v2\/pages"}],"about":[{"href":"https:\/\/kissinparis.com\/pt\/wp-json\/wp\/v2\/types\/page"}],"author":[{"embeddable":true,"href":"https:\/\/kissinparis.com\/pt\/wp-json\/wp\/v2\/users\/35"}],"replies":[{"embeddable":true,"href":"https:\/\/kissinparis.com\/pt\/wp-json\/wp\/v2\/comments?post=5323"}],"version-history":[{"count":16,"href":"https:\/\/kissinparis.com\/pt\/wp-json\/wp\/v2\/pages\/5323\/revisions"}],"predecessor-version":[{"id":26143,"href":"https:\/\/kissinparis.com\/pt\/wp-json\/wp\/v2\/pages\/5323\/revisions\/26143"}],"wp:attachment":[{"href":"https:\/\/kissinparis.com\/pt\/wp-json\/wp\/v2\/media?parent=5323"}],"curies":[{"name":"wp","href":"https:\/\/api.w.org\/{rel}","templated":true}]}}