{"id":5473,"date":"2023-03-10T16:32:06","date_gmt":"2023-03-10T16:32:06","guid":{"rendered":"https:\/\/kissinparis.com\/?page_id=5473"},"modified":"2025-05-28T08:21:29","modified_gmt":"2025-05-28T08:21:29","slug":"como-abrir-champanhe","status":"publish","type":"page","link":"https:\/\/kissinparis.com\/pt\/how-champagne-pop\/","title":{"rendered":"Como dominar o estouro de champanhe e obter fotos \u00e9picas"},"content":{"rendered":"<div class=\"wp-block-group alignfull sec heror-section mt-0 mb-0 has-scroll-down has-background-color has-primary-background-color has-text-color has-background has-link-color wp-elements-e7d1437c353a92f30d799d3e3b05c373\"><div class=\"wp-block-group__inner-container is-layout-constrained wp-block-group-is-layout-constrained\">\n<h1 class=\"wp-block-heading alignwide has-text-align-left full has-background-color has-text-color has-link-color wp-elements-cf21d486a8da28f7f28649478f6cfdb5\">Como dominar o estouro de champanhe e obter fotos \u00e9picas<\/h1>\n<\/div><\/div>\n\n\n\n<div class=\"wp-block-cover alignfull mt-0 mb-0 banner banner-resources\"><img loading=\"lazy\" decoding=\"async\" width=\"1400\" height=\"934\" class=\"wp-block-cover__image-background wp-image-5475\" alt=\"Champanhe \u00e9pico no Moulin Rouge em Paris\" src=\"https:\/\/kissinparis.com\/wp-content\/uploads\/2023\/03\/How-to-do-an-epic-Champagne-Pop-for-amazing-photos.jpg\" data-object-fit=\"cover\" srcset=\"https:\/\/kissinparis.com\/wp-content\/uploads\/2023\/03\/How-to-do-an-epic-Champagne-Pop-for-amazing-photos.jpg 1400w, https:\/\/kissinparis.com\/wp-content\/uploads\/2023\/03\/How-to-do-an-epic-Champagne-Pop-for-amazing-photos-300x200.jpg 300w, https:\/\/kissinparis.com\/wp-content\/uploads\/2023\/03\/How-to-do-an-epic-Champagne-Pop-for-amazing-photos-1024x683.jpg 1024w, https:\/\/kissinparis.com\/wp-content\/uploads\/2023\/03\/How-to-do-an-epic-Champagne-Pop-for-amazing-photos-768x512.jpg 768w, https:\/\/kissinparis.com\/wp-content\/uploads\/2023\/03\/How-to-do-an-epic-Champagne-Pop-for-amazing-photos-1200x801.jpg 1200w\" sizes=\"auto, (max-width: 1400px) 100vw, 1400px\" \/><span aria-hidden=\"true\" class=\"wp-block-cover__background has-primary-background-color has-background-dim-0 has-background-dim\"><\/span><div class=\"wp-block-cover__inner-container is-layout-flow wp-block-cover-is-layout-flow\">\n<div class=\"banner-video\">\n<img decoding=\"async\" src=\"https:\/\/kissinparis.com\/wp-content\/uploads\/2023\/02\/placeholder_16x9.png\" alt=\"\u00c1rea do her\u00f3i\">\n<\/div>\n<\/div><\/div>\n\n\n\n<div class=\"wp-block-group alignfull mt-0 mb-0 sec sec-content has-white-background-color has-background\" id=\"sec-0\"><div class=\"wp-block-group__inner-container is-layout-constrained wp-block-group-is-layout-constrained\">\n<h2 class=\"wp-block-heading\">Como fazer um estouro de champanhe como um astro do rock (enquanto tira fotos de tirar o f\u00f4lego).<\/h2>\n\n\n<p><div class=\"sc-box notes\"><div class=\"sc-title\">\n<svg viewbox=\"0 0 512 512\" class=\"icon icon-note\" xmlns=\"http:\/\/www.w3.org\/2000\/svg\"><g id=\"Outline\"><path d=\"m448 480h-16v-232h-16v232h-56v16h96a8 8 0 0 0 8-8v-272h-16z\"\/><path d=\"m400 424v-144h-16v136h-56a8 8 0 0 0 -8 8v56h-264v-40h24v-16h-24v-56h24v-16h-24v-56h24v-16h-24v-56h24v-16h-24v-56h24v-16h-24v-40h-16v40h-24v16h24v56h-24v16h24v56h-24v16h24v56h-24v16h24v56h-24v16h24v48a8 8 0 0 0 8 8h280a8 8 0 0 0 5.657-2.343l64-64a8 8 0 0 0 2.343-5.657zm-27.314 8-36.686 36.686v-36.686z\"\/><path d=\"m80 64h-24v-32h328v64h16v-64h16v48h16v-48h16v48h16v-56a8 8 0 0 0 -8-8h-408a8 8 0 0 0 -8 8v40h-24v16h64z\"\/><path d=\"m184 96h160v16h-160z\"\/><path d=\"m184 160h144v16h-144z\"\/><path d=\"m184 224h112v16h-112z\"\/><path d=\"m136 272a24 24 0 1 0 24 24 24.027 24.027 0 0 0 -24-24zm0 32a8 8 0 1 1 8-8 8.009 8.009 0 0 1 -8 8z\"\/><path d=\"m184 288h72v16h-72z\"\/><path d=\"m136 336a24 24 0 1 0 24 24 24.027 24.027 0 0 0 -24-24zm0 32a8 8 0 1 1 8-8 8.009 8.009 0 0 1 -8 8z\"\/><path d=\"m184 352h160v16h-160z\"\/><path d=\"m136 400a24 24 0 1 0 24 24 24.027 24.027 0 0 0 -24-24zm0 32a8 8 0 1 1 8-8 8.009 8.009 0 0 1 -8 8z\"\/><path d=\"m184 416h120v16h-120z\"\/><path d=\"m162.343 66.343-16 16a24.008 24.008 0 1 0 11.314 11.314l16-16zm-34.343 37.657a7.971 7.971 0 0 1 2.346-5.654l11.308 11.308a8 8 0 0 1 -13.654-5.654z\"\/><path d=\"m162.343 130.343-16 16a24.008 24.008 0 1 0 11.314 11.314l16-16zm-34.343 37.657a7.971 7.971 0 0 1 2.346-5.654l11.308 11.308a8 8 0 0 1 -13.654-5.654z\"\/><path d=\"m162.343 194.343-16 16a24.008 24.008 0 1 0 11.314 11.314l16-16zm-34.343 37.657a7.971 7.971 0 0 1 2.346-5.654l11.308 11.308a8 8 0 0 1 -13.654-5.654z\"\/><path d=\"m465.373 104a30.43 30.43 0 0 0 -21.657 8.97l-3.716 3.716-7.03-7.03a24 24 0 0 0 -33.94 0l-52.687 52.687 11.314 11.314 52.686-52.686a8.01 8.01 0 0 1 11.314 0l7.029 7.029-154.343 154.343a7.966 7.966 0 0 0 -2.187 4.088v.027.025l-7.99 39.948a8 8 0 0 0 9.414 9.414l40-8a8.006 8.006 0 0 0 4.088-2.188l169.361-169.373a30.627 30.627 0 0 0 -21.656-52.284zm-25.373 35.314 20.686 20.686-48.686 48.686-20.686-20.686zm-155.087 164.913 10.86 10.86-13.573 2.713zm27.087 4.46-20.687-20.687 88.687-88.686 20.686 20.686zm163.716-163.717-3.716 3.716-20.686-20.686 3.715-3.716a14.628 14.628 0 0 1 20.687 20.686z\"\/><\/g><\/svg><span class=\"sc-label\">Observa\u00e7\u00e3o<\/span><\/div><span class=\"sc-content\">Se voc\u00ea est\u00e1 pensando no Champagne Pop como parte de uma pr\u00f3xima sess\u00e3o de fotos, ent\u00e3o voc\u00ea tamb\u00e9m pode adorar estes <a href=\"https:\/\/kissinparis.com\/pt\/ideias-ensaio-casal\/\">tr\u00eas ideias de ensaios fotogr\u00e1ficos ridiculamente divertidas<\/a><span data-preserver-spaces=\"true\">.<\/span><\/div><\/span><\/p>\n\n\n\n<p><strong>O estouro de champanhe:<\/strong>&nbsp;Brindar com um champanhe bem gelado e borbulhante \u00e9 sempre uma boa ideia.<\/p>\n\n\n\n<p>\u00c9 prov\u00e1vel que o seu casal <a href=\"https:\/\/kissinparis.com\/pt\/ensaio-fotografico-paris\/\">sess\u00e3o de fotos<\/a> marca uma ocasi\u00e3o alegre... e o vinho efervescente e de cor clara tem sido historicamente associado \u00e0 celebra\u00e7\u00e3o.<\/p>\n\n\n\n<p>Mas o que voc\u00ea pode n\u00e3o perceber \u00e9 que o ato em si, de estourar e borrifar uma <a href=\"https:\/\/kissinparis.com\/pt\/pedido-de-casamento-paris\/pedido-champanhe-macarons\/\">champanhe<\/a>, pode ser surpreendentemente divertido e render fotos realmente alucinantes.<\/p>\n\n\n\n<figure class=\"wp-block-image alignwide size-full\"><img loading=\"lazy\" decoding=\"async\" width=\"1000\" height=\"668\" src=\"https:\/\/kissinparis.com\/wp-content\/uploads\/2023\/03\/How-do-do-the-Champagne-pop-in-photos-2.jpg\" alt=\"Como o champanhe aparece nas fotos\" class=\"wp-image-5476\" srcset=\"https:\/\/kissinparis.com\/wp-content\/uploads\/2023\/03\/How-do-do-the-Champagne-pop-in-photos-2.jpg 1000w, https:\/\/kissinparis.com\/wp-content\/uploads\/2023\/03\/How-do-do-the-Champagne-pop-in-photos-2-300x200.jpg 300w, https:\/\/kissinparis.com\/wp-content\/uploads\/2023\/03\/How-do-do-the-Champagne-pop-in-photos-2-768x513.jpg 768w\" sizes=\"auto, (max-width: 1000px) 100vw, 1000px\" \/><figcaption class=\"wp-element-caption\">Como o champanhe aparece nas fotos<\/figcaption><\/figure>\n\n\n\n<p>Mas \u2026<\/p>\n\n\n\n<p>H\u00e1 uma pequena curva de aprendizado, ent\u00e3o aqui est\u00e3o algumas <a href=\"https:\/\/kissinparis.com\/pt\/pedido-de-casamento-paris\/dicas\/\">pontas<\/a> para ajud\u00e1-lo a dominar a alta e delicada arte do estouro de champanhe:<\/p>\n\n\n\n<ul class=\"wp-block-list\">\n<li>A menos que voc\u00ea tenha ganhado na loteria, n\u00e3o use champanhe de verdade. Basta cobrir o r\u00f3tulo com as m\u00e3os e ningu\u00e9m vai notar.<\/li>\n\n\n\n<li>Retire a pel\u00edcula que cobre a rolha, mas deixe a gaiola de arame (muselet) na garrafa por enquanto<\/li>\n\n\n\n<li>certifique-se de que seu fot\u00f3grafo e <a href=\"https:\/\/kissinparis.com\/pt\/videografo-paris\/\">cinegrafista<\/a> est\u00e3o prontos<\/li>\n\n\n\n<li>Agora, remova a gaiola de arame desenrolando o pequeno la\u00e7o de arame<\/li>\n\n\n\n<li>Embora seja poss\u00edvel fazer o chamado &#039;soft-pop&#039; (onde voc\u00ea gira e sacode suavemente a rolha para fora da garrafa e a segura na m\u00e3o), somos grandes f\u00e3s de simplesmente deixar a rolha voar<\/li>\n\n\n\n<li>Coloque o polegar sobre a boca da garrafa, mas n\u00e3o a cubra completamente<\/li>\n\n\n\n<li>N\u00e3o borrife champanhe diretamente na sua frente, ou seus rostos n\u00e3o aparecer\u00e3o nas imagens.<\/li>\n\n\n\n<li>E, por fim, agite o frasco firmemente para cima e para baixo, de prefer\u00eancia com um leve giro. Divirta-se e n\u00e3o pare de agitar at\u00e9 que o spray pare.<\/li>\n<\/ul>\n<\/div><\/div>\n\n\n\n<div class=\"wp-block-group alignfull mt-0 mb-0 sec sec-services has-subtle-background-background-color has-background\"><div class=\"wp-block-group__inner-container is-layout-constrained wp-block-group-is-layout-constrained\">\n<h2 class=\"wp-block-heading title-v2\">O que vem a seguir<\/h2>\n\n\n\n<div class=\"wp-block-columns boxes plans is-layout-flex wp-container-core-columns-is-layout-9d6595d7 wp-block-columns-is-layout-flex\">\n<div class=\"wp-block-column is-layout-flow wp-block-column-is-layout-flow\">\n<figure class=\"wp-block-image size-full\"><a href=\"https:\/\/kissinparis.com\/pt\/restaurantes-vista-torre-eiffel\/\" aria-label=\"Leia mais sobre Pacote para casais em Paris: melhores restaurantes com vista para a Torre Eiffel\"><img loading=\"lazy\" decoding=\"async\" width=\"300\" height=\"400\" src=\"https:\/\/kissinparis.com\/wp-content\/uploads\/2023\/03\/Paris-couple-package-best-restaurants-with-Eiffel-Tower-view.jpg\" alt=\"Pacote para casais em Paris: melhores restaurantes com vista para a Torre Eiffel\" class=\"wp-image-1027\" srcset=\"https:\/\/kissinparis.com\/wp-content\/uploads\/2023\/03\/Paris-couple-package-best-restaurants-with-Eiffel-Tower-view.jpg 300w, https:\/\/kissinparis.com\/wp-content\/uploads\/2023\/03\/Paris-couple-package-best-restaurants-with-Eiffel-Tower-view-225x300.jpg 225w\" sizes=\"auto, (max-width: 300px) 100vw, 300px\" \/><\/a><\/figure>\n\n\n\n<div class=\"wp-block-group mt-0 mb-0 content\"><div class=\"wp-block-group__inner-container is-layout-constrained wp-block-group-is-layout-constrained\">\n<h3 class=\"wp-block-heading\"><a href=\"https:\/\/kissinparis.com\/pt\/restaurantes-vista-torre-eiffel\/\">Onde comer em Paris<\/a><\/h3>\n\n\n\n<p class=\"sec-header\"><a href=\"https:\/\/kissinparis.com\/pt\/restaurantes-vista-torre-eiffel\/\">Melhores restaurantes com vista para a Torre Eiffel<\/a><\/p>\n<\/div><\/div>\n<\/div>\n\n\n\n<div class=\"wp-block-column is-layout-flow wp-block-column-is-layout-flow\">\n<figure class=\"wp-block-image size-full\"><a href=\"https:\/\/kissinparis.com\/pt\/fotografo-casal-paris-noite\/\" aria-label=\"Leia mais sobre Fotos noturnas em Paris s\u00e3o mais rom\u00e2nticas\"><img loading=\"lazy\" decoding=\"async\" width=\"300\" height=\"400\" src=\"https:\/\/kissinparis.com\/wp-content\/uploads\/2023\/03\/Nighttime-photos-in-Paris-are-more-romantic.jpg\" alt=\"Fotos noturnas em Paris s\u00e3o mais rom\u00e2nticas\" class=\"wp-image-1028\" srcset=\"https:\/\/kissinparis.com\/wp-content\/uploads\/2023\/03\/Nighttime-photos-in-Paris-are-more-romantic.jpg 300w, https:\/\/kissinparis.com\/wp-content\/uploads\/2023\/03\/Nighttime-photos-in-Paris-are-more-romantic-225x300.jpg 225w\" sizes=\"auto, (max-width: 300px) 100vw, 300px\" \/><\/a><\/figure>\n\n\n\n<div class=\"wp-block-group mt-0 mb-0 content\"><div class=\"wp-block-group__inner-container is-layout-constrained wp-block-group-is-layout-constrained\">\n<h3 class=\"wp-block-heading\"><a href=\"https:\/\/kissinparis.com\/pt\/fotografo-casal-paris-noite\/\">Fotos de casal \u00e0 noite<\/a><\/h3>\n\n\n\n<p class=\"sec-header\"><a href=\"https:\/\/kissinparis.com\/pt\/fotografo-casal-paris-noite\/\">Contrate um fot\u00f3grafo de noivado em Paris<\/a><\/p>\n<\/div><\/div>\n<\/div>\n\n\n\n<div class=\"wp-block-column is-layout-flow wp-block-column-is-layout-flow\">\n<figure class=\"wp-block-image size-full\"><a href=\"https:\/\/kissinparis.com\/pt\/fotos-casal-torre-eiffel\/\" aria-label=\"Leia mais sobre ideias para fotos de casais na Torre Eiffel\"><img loading=\"lazy\" decoding=\"async\" width=\"300\" height=\"400\" src=\"https:\/\/kissinparis.com\/wp-content\/uploads\/2023\/03\/Eiffel-Tower-couple-picture-ideas.jpg\" alt=\"Ideias para fotos de casais na Torre Eiffel\" class=\"wp-image-1030\" srcset=\"https:\/\/kissinparis.com\/wp-content\/uploads\/2023\/03\/Eiffel-Tower-couple-picture-ideas.jpg 300w, https:\/\/kissinparis.com\/wp-content\/uploads\/2023\/03\/Eiffel-Tower-couple-picture-ideas-225x300.jpg 225w\" sizes=\"auto, (max-width: 300px) 100vw, 300px\" \/><\/a><\/figure>\n\n\n\n<div class=\"wp-block-group mt-0 mb-0 content\"><div class=\"wp-block-group__inner-container is-layout-constrained wp-block-group-is-layout-constrained\">\n<h3 class=\"wp-block-heading\"><a href=\"https:\/\/kissinparis.com\/pt\/fotos-casal-torre-eiffel\/\">Fotos de casais na Torre Eiffel<\/a><\/h3>\n\n\n\n<p class=\"sec-header\"><a href=\"https:\/\/kissinparis.com\/pt\/fotos-casal-torre-eiffel\/\">Quando a Torre Eiffel \u00e9 um must have<\/a><\/p>\n<\/div><\/div>\n<\/div>\n\n\n\n<div class=\"wp-block-column is-layout-flow wp-block-column-is-layout-flow\">\n<figure class=\"wp-block-image size-full\"><a href=\"https:\/\/kissinparis.com\/pt\/poses-ensaio-casal\/\" aria-label=\"Leia mais sobre como posar como um casal para fotos deslumbrantes de noivado em Paris\"><img loading=\"lazy\" decoding=\"async\" width=\"300\" height=\"400\" src=\"https:\/\/kissinparis.com\/wp-content\/uploads\/2023\/03\/How-to-pose-as-a-couple-for-dazzling-Paris-Engagement-photos.jpg\" alt=\"Como posar como um casal para fotos deslumbrantes de noivado em Paris\" class=\"wp-image-1032\" srcset=\"https:\/\/kissinparis.com\/wp-content\/uploads\/2023\/03\/How-to-pose-as-a-couple-for-dazzling-Paris-Engagement-photos.jpg 300w, https:\/\/kissinparis.com\/wp-content\/uploads\/2023\/03\/How-to-pose-as-a-couple-for-dazzling-Paris-Engagement-photos-225x300.jpg 225w\" sizes=\"auto, (max-width: 300px) 100vw, 300px\" \/><\/a><\/figure>\n\n\n\n<div class=\"wp-block-group mt-0 mb-0 content\"><div class=\"wp-block-group__inner-container is-layout-constrained wp-block-group-is-layout-constrained\">\n<h3 class=\"wp-block-heading\"><a href=\"https:\/\/kissinparis.com\/pt\/poses-ensaio-casal\/\">Como posar como um casal<\/a><\/h3>\n\n\n\n<p class=\"sec-header\"><a href=\"https:\/\/kissinparis.com\/pt\/poses-ensaio-casal\/\">Poses marcantes para sua sess\u00e3o de fotos em Paris<\/a><\/p>\n<\/div><\/div>\n<\/div>\n<\/div>\n<\/div><\/div>","protected":false},"excerpt":{"rendered":"<p>How to Master the Champagne Pop and Get Epic Photos How to do a Champagne pop like a Rockstar (while getting mind-blowing photos). The Champagne Pop:&nbsp;Toasting with a properly chilled, bubbly Champagne is always a good idea. Chances are, your couple&#8217;s photoshoot marks a joyous occasion &#8230; and fizzy, light-colored wine has historically been associated [&hellip;]<\/p>\n","protected":false},"author":35,"featured_media":0,"parent":0,"menu_order":0,"comment_status":"closed","ping_status":"closed","template":"","meta":{"_acf_changed":false,"ub_ctt_via":"","footnotes":""},"class_list":["post-5473","page","type-page","status-publish","hentry"],"acf":[],"featured_image_src":null,"_links":{"self":[{"href":"https:\/\/kissinparis.com\/pt\/wp-json\/wp\/v2\/pages\/5473","targetHints":{"allow":["GET"]}}],"collection":[{"href":"https:\/\/kissinparis.com\/pt\/wp-json\/wp\/v2\/pages"}],"about":[{"href":"https:\/\/kissinparis.com\/pt\/wp-json\/wp\/v2\/types\/page"}],"author":[{"embeddable":true,"href":"https:\/\/kissinparis.com\/pt\/wp-json\/wp\/v2\/users\/35"}],"replies":[{"embeddable":true,"href":"https:\/\/kissinparis.com\/pt\/wp-json\/wp\/v2\/comments?post=5473"}],"version-history":[{"count":3,"href":"https:\/\/kissinparis.com\/pt\/wp-json\/wp\/v2\/pages\/5473\/revisions"}],"predecessor-version":[{"id":22896,"href":"https:\/\/kissinparis.com\/pt\/wp-json\/wp\/v2\/pages\/5473\/revisions\/22896"}],"wp:attachment":[{"href":"https:\/\/kissinparis.com\/pt\/wp-json\/wp\/v2\/media?parent=5473"}],"curies":[{"name":"wp","href":"https:\/\/api.w.org\/{rel}","templated":true}]}}