{"id":5479,"date":"2023-03-10T16:54:36","date_gmt":"2023-03-10T16:54:36","guid":{"rendered":"https:\/\/kissinparis.com\/?page_id=5479"},"modified":"2025-05-29T10:39:47","modified_gmt":"2025-05-29T10:39:47","slug":"dicas","status":"publish","type":"page","link":"https:\/\/kissinparis.com\/pt\/paris-proposal\/tips\/","title":{"rendered":"6 dicas para um pedido de casamento em Paris: um guia de sucesso para um verdadeiro cavalheiro"},"content":{"rendered":"<div class=\"wp-block-group alignfull sec heror-section mt-0 mb-0 has-scroll-down has-background-color has-primary-background-color has-text-color has-background has-link-color wp-elements-e32fd57050ed15a68c56c011dc3cfea6\"><div class=\"wp-block-group__inner-container is-layout-constrained wp-block-group-is-layout-constrained\">\n<h1 class=\"wp-block-heading alignwide has-text-align-left full has-background-color has-text-color has-link-color wp-elements-43d9e5ea0db72db56f38e4db60c83311\">6 dicas para um pedido de casamento em Paris: do cavalheiro para o cavalheiro<\/h1>\n<\/div><\/div>\n\n\n\n<div class=\"wp-block-cover alignfull is-light mt-0 mb-0 banner banner-resources\"><img loading=\"lazy\" decoding=\"async\" width=\"1500\" height=\"1000\" class=\"wp-block-cover__image-background wp-image-5485\" alt=\"Dicas comprovadas para pedidos de casamento em Paris, de cavalheiros para cavalheiros\" src=\"https:\/\/kissinparis.com\/wp-content\/uploads\/2023\/03\/Proven-Paris-proposal-tips-for-the-gentleman-by-the-gentleman.jpg\" data-object-fit=\"cover\" srcset=\"https:\/\/kissinparis.com\/wp-content\/uploads\/2023\/03\/Proven-Paris-proposal-tips-for-the-gentleman-by-the-gentleman.jpg 1500w, https:\/\/kissinparis.com\/wp-content\/uploads\/2023\/03\/Proven-Paris-proposal-tips-for-the-gentleman-by-the-gentleman-300x200.jpg 300w, https:\/\/kissinparis.com\/wp-content\/uploads\/2023\/03\/Proven-Paris-proposal-tips-for-the-gentleman-by-the-gentleman-1024x683.jpg 1024w, https:\/\/kissinparis.com\/wp-content\/uploads\/2023\/03\/Proven-Paris-proposal-tips-for-the-gentleman-by-the-gentleman-768x512.jpg 768w, https:\/\/kissinparis.com\/wp-content\/uploads\/2023\/03\/Proven-Paris-proposal-tips-for-the-gentleman-by-the-gentleman-1200x800.jpg 1200w\" sizes=\"auto, (max-width: 1500px) 100vw, 1500px\" \/><span aria-hidden=\"true\" class=\"wp-block-cover__background has-primary-background-color has-background-dim-0 has-background-dim\"><\/span><div class=\"wp-block-cover__inner-container is-layout-flow wp-block-cover-is-layout-flow\">\n<div class=\"banner-video\">\n<img decoding=\"async\" src=\"https:\/\/kissinparis.com\/wp-content\/uploads\/2023\/02\/placeholder_16x9.png\" alt=\"\u00c1rea do her\u00f3i\">\n<\/div>\n<\/div><\/div>\n\n\n\n<div class=\"wp-block-group alignfull mt-0 mb-0 sec sec-content has-white-background-color has-background\" id=\"sec-0\"><div class=\"wp-block-group__inner-container is-layout-constrained wp-block-group-is-layout-constrained\">\n<p><em>Este artigo foi escrito por Brett Krynak, um noivo recente que planejou seu pedido de casamento em Paris com a Kiss Me in Paris. Estas s\u00e3o suas experi\u00eancias reais e li\u00e7\u00f5es aprendidas.<\/em><\/p>\n\n\n\n<p>Planejar um pedido de casamento em Paris significa equilibrar sigilo, timing e uma pitada de ousadia. Eu sou Brett \u2014 um noivo que fez o pedido de quatro palavras perto do nascer do sol no Trocad\u00e9ro \u2014 e espero que estas seis li\u00e7\u00f5es ajudem voc\u00ea a criar uma experi\u00eancia memor\u00e1vel e sem estresse.<\/p>\n\n\n\n<h2 class=\"wp-block-heading\">As melhores vistas da Torre Eiffel para seu pedido de casamento em Paris<\/h2>\n\n\n\n<p>Eu escolhi <a href=\"https:\/\/kissinparis.com\/pt\/trocadero-torre-eiffel\/\">Trocad\u00e9ro<\/a> Porque nada se compara \u00e0 sua perspectiva arrebatadora e grandiosa da Torre Eiffel. No sil\u00eancio que antecede o amanhecer, a renda de ferro parece brilhar. Se a multid\u00e3o o preocupa, chegue alguns minutos antes do nascer do sol para garantir um lugar privilegiado na plataforma e desfrutar de uma rara combina\u00e7\u00e3o de relativa privacidade e vistas espetaculares.<\/p>\n\n\n\n<p>Para um cen\u00e1rio mais tranquilo, os Jardins du Trocad\u00e9ro (imediatamente abaixo das plataformas da pra\u00e7a principal) oferecem locais gramados que parecem surpreendentemente privados, ao mesmo tempo que lhe d\u00e3o aquela sensa\u00e7\u00e3o inconfund\u00edvel <a href=\"https:\/\/kissinparis.com\/pt\/trocadero-torre-eiffel\/\">Silhueta da proposta da Torre Eiffel<\/a>.<\/p>\n\n\n\n<figure class=\"wp-block-image alignwide size-full\"><img loading=\"lazy\" decoding=\"async\" width=\"1600\" height=\"1067\" src=\"https:\/\/kissinparis.com\/wp-content\/uploads\/2023\/03\/Paris-Eiffel-Tower-photoshoot-at-the-Trocadero-Fountains-6.jpg\" alt=\"Sess\u00e3o de fotos da Torre Eiffel de Paris nas Fontes do Trocadero\" class=\"wp-image-2706\" srcset=\"https:\/\/kissinparis.com\/wp-content\/uploads\/2023\/03\/Paris-Eiffel-Tower-photoshoot-at-the-Trocadero-Fountains-6.jpg 1600w, https:\/\/kissinparis.com\/wp-content\/uploads\/2023\/03\/Paris-Eiffel-Tower-photoshoot-at-the-Trocadero-Fountains-6-300x200.jpg 300w, https:\/\/kissinparis.com\/wp-content\/uploads\/2023\/03\/Paris-Eiffel-Tower-photoshoot-at-the-Trocadero-Fountains-6-1024x683.jpg 1024w, https:\/\/kissinparis.com\/wp-content\/uploads\/2023\/03\/Paris-Eiffel-Tower-photoshoot-at-the-Trocadero-Fountains-6-768x512.jpg 768w, https:\/\/kissinparis.com\/wp-content\/uploads\/2023\/03\/Paris-Eiffel-Tower-photoshoot-at-the-Trocadero-Fountains-6-1536x1024.jpg 1536w, https:\/\/kissinparis.com\/wp-content\/uploads\/2023\/03\/Paris-Eiffel-Tower-photoshoot-at-the-Trocadero-Fountains-6-1200x800.jpg 1200w\" sizes=\"auto, (max-width: 1600px) 100vw, 1600px\" \/><figcaption class=\"wp-element-caption\">Sess\u00e3o de fotos para proposta de casamento na Torre Eiffel de Paris, no Trocadero, perto do nascer do sol.<\/figcaption><\/figure>\n\n\n\n<h2 class=\"wp-block-heading\">Garantindo a b\u00ean\u00e7\u00e3o de sua fam\u00edlia com anteced\u00eancia<\/h2>\n\n\n\n<p>Visitar os pais dela antes de reservar as passagens a\u00e9reas demonstra considera\u00e7\u00e3o \u2014 e traz uma recompensa emocional. Levei o anel (para os pais dela) no bolso, falei com o cora\u00e7\u00e3o e depois gravei no celular para registrar a b\u00ean\u00e7\u00e3o deles.<\/p>\n\n\n\n<p>Quando Stephanie pediu para ligar para a fam\u00edlia imediatamente ap\u00f3s o meu pedido de casamento, mostrei o v\u00eddeo. Ver suas l\u00e1grimas ao saber das not\u00edcias de seus entes queridos transformou o que poderia ter sido uma breve formalidade em uma das nossas mem\u00f3rias mais preciosas.<\/p>\n\n\n\n<figure class=\"wp-block-image alignwide size-full\"><img loading=\"lazy\" decoding=\"async\" width=\"1000\" height=\"667\" src=\"https:\/\/kissinparis.com\/wp-content\/uploads\/2023\/03\/Paris-Eiffel-Tower-proposal-at-Trocadero-7.jpg\" alt=\"Dicas para pedir a permiss\u00e3o do pai em Paris\" class=\"wp-image-5492\" srcset=\"https:\/\/kissinparis.com\/wp-content\/uploads\/2023\/03\/Paris-Eiffel-Tower-proposal-at-Trocadero-7.jpg 1000w, https:\/\/kissinparis.com\/wp-content\/uploads\/2023\/03\/Paris-Eiffel-Tower-proposal-at-Trocadero-7-300x200.jpg 300w, https:\/\/kissinparis.com\/wp-content\/uploads\/2023\/03\/Paris-Eiffel-Tower-proposal-at-Trocadero-7-768x512.jpg 768w\" sizes=\"auto, (max-width: 1000px) 100vw, 1000px\" \/><figcaption class=\"wp-element-caption\">Dicas para o pedido de casamento em Paris: como obter a permiss\u00e3o do pai<\/figcaption><\/figure>\n\n\n\n<h2 class=\"wp-block-heading\">Truques discretos para transportar an\u00e9is<\/h2>\n\n\n\n<p>Manter o anel de noivado de diamante escondido durante uma viagem longa \u00e9 mais f\u00e1cil na teoria do que na pr\u00e1tica. Minha arma secreta foi um rolo de fiapos com seguran\u00e7a que comprei na Amazon. Ele funciona como qualquer rolo de fiapos comum, mas dentro dele h\u00e1 espa\u00e7o para uma caixa de anel. Deixei o rolo \u00e0 vista em casa por semanas, ent\u00e3o Stephanie nunca questionou quando ele finalmente apareceu na minha bagagem e no quarto de hotel que compartilhamos.<\/p>\n\n\n\n<p>Se rolos removedores de fiapos n\u00e3o s\u00e3o sua praia, frascos de produtos de higiene pessoal vazados ou bolsas de cosm\u00e9ticos com fundo falso servem para o mesmo prop\u00f3sito: qualquer coisa que ela esteja acostumada a ver passar\u00e1 despercebida.<\/p>\n\n\n\n<h2 class=\"wp-block-heading\">Um guia para cavalheiros revelarem o brilho<\/h2>\n\n\n\n<p>O momento da revela\u00e7\u00e3o deveria ser incr\u00edvel. Pratiquei a abertura da caixa dezenas de vezes e, em seguida, adicionei dois pequenos arranh\u00f5es em um canto para identificar sua orienta\u00e7\u00e3o apenas pelo toque. Quando chegou o dia, minhas m\u00e3os se moviam com confian\u00e7a e o foco permanecia nas minhas palavras, no contato visual sem esfor\u00e7o, e n\u00e3o em me atrapalhar com a caixa.<\/p>\n\n\n\n<p>Um r\u00e1pido ensaio em casa, sem p\u00fablico, \u00e9 uma boa ideia.<\/p>\n\n\n\n<h2 class=\"wp-block-heading\">Dicas de fotografia de noivado em Paris<\/h2>\n\n\n\n<p>Seu pedido de casamento deve ser lembrado em fotos que parecem cinematogr\u00e1ficas e que transmitem uma sensa\u00e7\u00e3o ainda melhor do que a realidade. Reservei um pacote de dois dias e sete horas com a Kiss Me em Paris: o primeiro dia come\u00e7ou com um <a href=\"https:\/\/kissinparis.com\/pt\/pedido-de-casamento-paris\/ensaio-surpresa\/\">Pedido surpresa em Paris com ensaio fotogr\u00e1fico<\/a> ao nascer do sol no Trocad\u00e9ro, depois uma relaxante sess\u00e3o noturna pelos marcos ic\u00f4nicos da cidade e lugares rom\u00e2nticos escondidos.<\/p>\n\n\n\n<p>Nossa sess\u00e3o de fotos no dia seguinte superou minhas expectativas \u2014 escolhemos o pacote fotogr\u00e1fico 2+2, que combina o melhor do nascer do sol com a hora dourada e azul da noite. Stephanie teve tempo para processar o noivado e se vestir para a ocasi\u00e3o (ela escolheu nossos locais para fotos), e nossos retratos noturnos na torre iluminada se tornaram alguns dos nossos favoritos.<\/p>\n\n\n\n<p>Se voc\u00ea puder encaixar tal aventura fotogr\u00e1fica no or\u00e7amento da sua proposta, n\u00e3o hesite - voc\u00ea provavelmente precisar\u00e1 <a href=\"https:\/\/kissinparis.com\/pt\/fotos-noivado-paris\/\">fotos de noivado<\/a> antes do seu casamento, pelo menos, e voc\u00ea pode muito bem fazer isso nesta cidade fotog\u00eanica enquanto voc\u00eas dois est\u00e3o radiantes e nas nuvens.<\/p>\n\n\n\n<h2 class=\"wp-block-heading\">Contratando um fot\u00f3grafo para propostas surpresa<\/h2>\n\n\n\n<p>Nem todos os fot\u00f3grafos s\u00e3o feitos para pedidos de casamento ao vivo. Entrei em contato com um recado sincero \u2014 sem perguntas gen\u00e9ricas \u2014 e deixei claro que flu\u00eancia em ingl\u00eas e discri\u00e7\u00e3o eram inegoci\u00e1veis. O profissional certo fez perguntas, sugeriu pontos de vista menos movimentados e tratou meu noivado como um evento \u00fanico na vida.<\/p>\n\n\n\n<p>Ao entrevistar potenciais <a href=\"https:\/\/kissinparis.com\/pt\/pedido-de-casamento-paris\/fotografo\/\">est\u00fadios de fotografia de propostas em Paris<\/a>, procure curiosidade genu\u00edna, ideias personalizadas e disposi\u00e7\u00e3o para ajudar.<\/p>\n\n\n\n<p><em>Siga esta sequ\u00eancia \u2014 para onde ir, de quem receber a b\u00ean\u00e7\u00e3o, como transportar e entregar o anel e, em seguida, como capturar tudo \u2014 e voc\u00ea criar\u00e1 uma experi\u00eancia emocionante e sem estresse, t\u00e3o grandiosa quanto a pr\u00f3pria Cidade Luz.<\/em><\/p>\n<\/div><\/div>\n\n\n\n<div class=\"wp-block-group alignfull sec mt-0 mb-0 hide-caption has-subtle-background-background-color has-background\"><div class=\"wp-block-group__inner-container is-layout-constrained wp-block-group-is-layout-constrained\">\n<h2 class=\"wp-block-heading title-v2\">Voc\u00ea tamb\u00e9m pode gostar: Mais inspira\u00e7\u00e3o para pedidos de casamento em Paris<\/h2>\n\n\n\n<div class=\"wp-block-columns boxes plans is-layout-flex wp-container-core-columns-is-layout-9d6595d7 wp-block-columns-is-layout-flex\">\n<div class=\"wp-block-column is-layout-flow wp-block-column-is-layout-flow\">\n<figure class=\"wp-block-image size-full\"><a href=\"https:\/\/kissinparis.com\/pt\/pedido-de-casamento-paris\/ideias-paris\/\" aria-label=\"Saiba mais sobre ideias e dicas para propostas em Paris\"><img loading=\"lazy\" decoding=\"async\" width=\"400\" height=\"500\" src=\"https:\/\/kissinparis.com\/wp-content\/uploads\/2023\/03\/Paris-proposal-tips-1.jpg\" alt=\"Ideias e dicas para propostas em Paris\" class=\"wp-image-5486\" srcset=\"https:\/\/kissinparis.com\/wp-content\/uploads\/2023\/03\/Paris-proposal-tips-1.jpg 400w, https:\/\/kissinparis.com\/wp-content\/uploads\/2023\/03\/Paris-proposal-tips-1-240x300.jpg 240w\" sizes=\"auto, (max-width: 400px) 100vw, 400px\" \/><\/a><figcaption class=\"wp-element-caption\">Ideias e dicas para propostas em Paris<\/figcaption><\/figure>\n\n\n\n<div class=\"wp-block-group mt-0 mb-0 content\"><div class=\"wp-block-group__inner-container is-layout-constrained wp-block-group-is-layout-constrained\">\n<h3 class=\"wp-block-heading\" style=\"text-transform:capitalize\"><a href=\"https:\/\/kissinparis.com\/pt\/pedido-de-casamento-paris\/ideias-paris\/\">Como fazer um pedido de casamento em Paris<\/a><\/h3>\n\n\n\n<p class=\"sec-header\"><a href=\"https:\/\/kissinparis.com\/pt\/pedido-de-casamento-paris\/ideias-paris\/\">O Guia Definitivo<\/a><\/p>\n<\/div><\/div>\n<\/div>\n\n\n\n<div class=\"wp-block-column is-layout-flow wp-block-column-is-layout-flow\">\n<figure class=\"wp-block-image size-full\"><a href=\"https:\/\/kissinparis.com\/pt\/pedido-de-casamento-paris\/pacotes\/\" aria-label=\"Saiba mais sobre o melhor fot\u00f3grafo de propostas em Paris\"><img loading=\"lazy\" decoding=\"async\" width=\"400\" height=\"500\" src=\"https:\/\/kissinparis.com\/wp-content\/uploads\/2023\/03\/Paris-proposal-photographer-1.jpg\" alt=\"Melhor fot\u00f3grafo de propostas em Paris\" class=\"wp-image-5487\" srcset=\"https:\/\/kissinparis.com\/wp-content\/uploads\/2023\/03\/Paris-proposal-photographer-1.jpg 400w, https:\/\/kissinparis.com\/wp-content\/uploads\/2023\/03\/Paris-proposal-photographer-1-240x300.jpg 240w\" sizes=\"auto, (max-width: 400px) 100vw, 400px\" \/><\/a><figcaption class=\"wp-element-caption\">Fa\u00e7a seu pedido de casamento em Paris: por que Paris, os lugares mais bonitos, qual joelho escolher, o que dizer e muitas ideias rom\u00e2nticas para pedir algu\u00e9m em casamento em Paris<\/figcaption><\/figure>\n\n\n\n<div class=\"wp-block-group mt-0 mb-0 content\"><div class=\"wp-block-group__inner-container is-layout-constrained wp-block-group-is-layout-constrained\">\n<h3 class=\"wp-block-heading\" style=\"text-transform:capitalize\"><a href=\"https:\/\/kissinparis.com\/pt\/pedido-de-casamento-paris\/pacotes\/\">Pacotes de propostas de Paris<\/a><\/h3>\n\n\n\n<p class=\"sec-header\"><a href=\"https:\/\/kissinparis.com\/pt\/pedido-de-casamento-paris\/pacotes\/\">Inspire-se com ideias de propostas comprovadas<\/a><\/p>\n<\/div><\/div>\n<\/div>\n\n\n\n<div class=\"wp-block-column is-layout-flow wp-block-column-is-layout-flow\">\n<figure class=\"wp-block-image size-full\"><a href=\"https:\/\/kissinparis.com\/pt\/melhores-lugares-para-fotos-paris\/\" aria-label=\"Saiba mais sobre o Shangri-L\u00e1 Paris, um dos lugares mais rom\u00e2nticos para fazer um pedido de casamento em Paris. Pedido de casamento no terra\u00e7o de Paris com vista para a Torre Eiffel\"><img loading=\"lazy\" decoding=\"async\" width=\"400\" height=\"500\" src=\"https:\/\/kissinparis.com\/wp-content\/uploads\/2023\/03\/Best-places-to-propose-in-Paris.jpg\" alt=\"O Shangri-l\u00e1 Paris \u00e9 um dos lugares mais rom\u00e2nticos para pedir algu\u00e9m em casamento em Paris. Pedido de casamento no terra\u00e7o de Paris com vista para a Torre Eiffel\" class=\"wp-image-5488\" srcset=\"https:\/\/kissinparis.com\/wp-content\/uploads\/2023\/03\/Best-places-to-propose-in-Paris.jpg 400w, https:\/\/kissinparis.com\/wp-content\/uploads\/2023\/03\/Best-places-to-propose-in-Paris-240x300.jpg 240w\" sizes=\"auto, (max-width: 400px) 100vw, 400px\" \/><\/a><figcaption class=\"wp-element-caption\">O Shangri-La Paris \u00e9 um dos lugares mais rom\u00e2nticos para fazer um pedido de casamento em Paris. Pedido de casamento no terra\u00e7o de Paris com vista para a Torre Eiffel<\/figcaption><\/figure>\n\n\n\n<div class=\"wp-block-group mt-0 mb-0 content\"><div class=\"wp-block-group__inner-container is-layout-constrained wp-block-group-is-layout-constrained\">\n<h3 class=\"wp-block-heading\" style=\"text-transform:capitalize\"><a href=\"https:\/\/kissinparis.com\/pt\/melhores-lugares-para-fotos-paris\/\">Onde fazer o pedido de casamento em Paris<\/a><\/h3>\n\n\n\n<p class=\"sec-header\"><a href=\"https:\/\/kissinparis.com\/pt\/melhores-lugares-para-fotos-paris\/\">D\u00ea uma olhada em nossos lugares favoritos<\/a><\/p>\n<\/div><\/div>\n<\/div>\n\n\n\n<div class=\"wp-block-column is-layout-flow wp-block-column-is-layout-flow\">\n<figure class=\"wp-block-image size-full\"><a href=\"https:\/\/kissinparis.com\/pt\/pedido-de-casamento-paris\/\" aria-label=\"Saiba mais sobre Contrate um planejador de Paris para minha proposta\"><img loading=\"lazy\" decoding=\"async\" width=\"400\" height=\"500\" src=\"https:\/\/kissinparis.com\/wp-content\/uploads\/2023\/03\/Hire-a-Paris-planner-for-my-proposal.jpg\" alt=\"Contratar um planejador parisiense para minha proposta\" class=\"wp-image-5489\" srcset=\"https:\/\/kissinparis.com\/wp-content\/uploads\/2023\/03\/Hire-a-Paris-planner-for-my-proposal.jpg 400w, https:\/\/kissinparis.com\/wp-content\/uploads\/2023\/03\/Hire-a-Paris-planner-for-my-proposal-240x300.jpg 240w\" sizes=\"auto, (max-width: 400px) 100vw, 400px\" \/><\/a><figcaption class=\"wp-element-caption\">Proposta de casamento no Chateau de Villette na Fran\u00e7a<\/figcaption><\/figure>\n\n\n\n<div class=\"wp-block-group mt-0 mb-0 content\"><div class=\"wp-block-group__inner-container is-layout-constrained wp-block-group-is-layout-constrained\">\n<h3 class=\"wp-block-heading\" style=\"text-transform:capitalize\"><a href=\"https:\/\/kissinparis.com\/pt\/pedido-de-casamento-paris\/\">Corte o ru\u00eddo<\/a><\/h3>\n\n\n\n<p class=\"sec-header\"><a href=\"https:\/\/kissinparis.com\/pt\/pedido-de-casamento-paris\/\">Consulte nosso Planejador de Propostas especialista<\/a><\/p>\n<\/div><\/div>\n<\/div>\n<\/div>\n<\/div><\/div>","protected":false},"excerpt":{"rendered":"<p>6 Paris Proposal Tips: By the Gentleman for the Gentleman This article is written by Brett Krynak, a recent groom who planned his Paris proposal with Kiss Me in Paris. These are his real experiences and lessons learned. Planning a proposal in Paris means balancing secrecy, timing, and a dash of bravado. I&#8217;m Brett\u2014a recent [&hellip;]<\/p>\n","protected":false},"author":35,"featured_media":5485,"parent":293,"menu_order":0,"comment_status":"closed","ping_status":"closed","template":"","meta":{"_acf_changed":false,"ub_ctt_via":"","footnotes":""},"class_list":["post-5479","page","type-page","status-publish","has-post-thumbnail","hentry"],"acf":[],"featured_image_src":"https:\/\/kissinparis.com\/wp-content\/uploads\/2023\/03\/Proven-Paris-proposal-tips-for-the-gentleman-by-the-gentleman.jpg","_links":{"self":[{"href":"https:\/\/kissinparis.com\/pt\/wp-json\/wp\/v2\/pages\/5479","targetHints":{"allow":["GET"]}}],"collection":[{"href":"https:\/\/kissinparis.com\/pt\/wp-json\/wp\/v2\/pages"}],"about":[{"href":"https:\/\/kissinparis.com\/pt\/wp-json\/wp\/v2\/types\/page"}],"author":[{"embeddable":true,"href":"https:\/\/kissinparis.com\/pt\/wp-json\/wp\/v2\/users\/35"}],"replies":[{"embeddable":true,"href":"https:\/\/kissinparis.com\/pt\/wp-json\/wp\/v2\/comments?post=5479"}],"version-history":[{"count":13,"href":"https:\/\/kissinparis.com\/pt\/wp-json\/wp\/v2\/pages\/5479\/revisions"}],"predecessor-version":[{"id":23007,"href":"https:\/\/kissinparis.com\/pt\/wp-json\/wp\/v2\/pages\/5479\/revisions\/23007"}],"up":[{"embeddable":true,"href":"https:\/\/kissinparis.com\/pt\/wp-json\/wp\/v2\/pages\/293"}],"wp:featuredmedia":[{"embeddable":true,"href":"https:\/\/kissinparis.com\/pt\/wp-json\/wp\/v2\/media\/5485"}],"wp:attachment":[{"href":"https:\/\/kissinparis.com\/pt\/wp-json\/wp\/v2\/media?parent=5479"}],"curies":[{"name":"wp","href":"https:\/\/api.w.org\/{rel}","templated":true}]}}