{"id":575,"date":"2023-02-28T12:44:01","date_gmt":"2023-02-28T12:44:01","guid":{"rendered":"https:\/\/kissinparis.com\/?page_id=575"},"modified":"2025-10-16T14:04:32","modified_gmt":"2025-10-16T14:04:32","slug":"avaliacoes","status":"publish","type":"page","link":"https:\/\/kissinparis.com\/pt\/reviews\/","title":{"rendered":"Kiss Me in Paris: Pedidos e Avalia\u00e7\u00f5es de Casamentos"},"content":{"rendered":"<div class=\"wp-block-group alignfull sec heror-section mt-0 mb-0 has-scroll-down has-background-color has-primary-background-color has-text-color has-background has-link-color wp-elements-2c68d617794ba8ca98d2667bf937eb8f\"><div class=\"wp-block-group__inner-container is-layout-constrained wp-block-group-is-layout-constrained\">\n<h1 class=\"wp-block-heading alignwide has-text-align-left full has-background-color has-text-color has-link-color wp-elements-a75d45309813e829768381874f750ada\">Nossos clientes nos amam<\/h1>\n<\/div><\/div>\n\n\n\n<div class=\"wp-block-cover alignfull mt-0 mb-0 banner banner-md\"><img loading=\"lazy\" decoding=\"async\" width=\"1600\" height=\"1067\" class=\"wp-block-cover__image-background wp-image-17277\" alt=\"Pedido surpresa em Paris no terra\u00e7o do Shangri-La Hotel: casal cercado por flores vermelhas e velas ao nascer do sol, fontes de fogos de artif\u00edcio iluminando o noivado na Torre Eiffel\" src=\"https:\/\/kissinparis.com\/wp-content\/uploads\/2025\/03\/paris-proposal-shangri-la-eiffel-tower-sunrise.avif\" style=\"object-position:49% 61%\" data-object-fit=\"cover\" data-object-position=\"49% 61%\" srcset=\"https:\/\/kissinparis.com\/wp-content\/uploads\/2025\/03\/paris-proposal-shangri-la-eiffel-tower-sunrise.avif 1600w, https:\/\/kissinparis.com\/wp-content\/uploads\/2025\/03\/paris-proposal-shangri-la-eiffel-tower-sunrise-300x200.avif 300w, https:\/\/kissinparis.com\/wp-content\/uploads\/2025\/03\/paris-proposal-shangri-la-eiffel-tower-sunrise-1024x683.avif 1024w, https:\/\/kissinparis.com\/wp-content\/uploads\/2025\/03\/paris-proposal-shangri-la-eiffel-tower-sunrise-768x512.avif 768w, https:\/\/kissinparis.com\/wp-content\/uploads\/2025\/03\/paris-proposal-shangri-la-eiffel-tower-sunrise-1536x1024.avif 1536w, https:\/\/kissinparis.com\/wp-content\/uploads\/2025\/03\/paris-proposal-shangri-la-eiffel-tower-sunrise-1200x800.avif 1200w\" sizes=\"auto, (max-width: 1600px) 100vw, 1600px\" \/><span aria-hidden=\"true\" class=\"wp-block-cover__background has-primary-background-color has-background-dim-0 has-background-dim\"><\/span><div class=\"wp-block-cover__inner-container is-layout-flow wp-block-cover-is-layout-flow\">\n<p class=\"has-text-align-center has-large-font-size\"><\/p>\n\n\n\n<div class=\"banner-video\">\n<img decoding=\"async\" src=\"https:\/\/kissinparis.com\/wp-content\/uploads\/2023\/02\/placeholder_16x9.png\" alt=\"\u00c1rea do her\u00f3i\">\n<\/div>\n<\/div><\/div>\n\n\n\n<div class=\"wp-block-group alignfull mt-0 mb-0 sec sec-testimonial\"><div class=\"wp-block-group__inner-container is-layout-constrained wp-block-group-is-layout-constrained\">\n<div class=\"wp-block-group alignfull mt-0 mb-0 pt-0 sec review-group review-group-1 active\"><div class=\"wp-block-group__inner-container is-layout-constrained wp-block-group-is-layout-constrained\">\n<div class=\"wp-block-media-text alignwide is-stacked-on-mobile is-vertically-aligned-center team\" style=\"grid-template-columns:40% auto\"><figure class=\"wp-block-media-text__media\"><img loading=\"lazy\" decoding=\"async\" width=\"714\" height=\"1000\" src=\"https:\/\/kissinparis.com\/wp-content\/uploads\/2023\/03\/Best-NYC-Proposal-Planner-Chantelle.jpg\" alt=\"Pacote de casamento elopement em Paris\" class=\"wp-image-4391 size-full\" srcset=\"https:\/\/kissinparis.com\/wp-content\/uploads\/2023\/03\/Best-NYC-Proposal-Planner-Chantelle.jpg 714w, https:\/\/kissinparis.com\/wp-content\/uploads\/2023\/03\/Best-NYC-Proposal-Planner-Chantelle-214x300.jpg 214w\" sizes=\"auto, (max-width: 714px) 100vw, 714px\" \/><\/figure><div class=\"wp-block-media-text__content\">\n<blockquote class=\"wp-block-quote is-layout-flow wp-block-quote-is-layout-flow\">\n<h2 class=\"wp-block-heading\">Beije-me em Paris<\/h2>\n\n\n\n<p> \u00e9, sem d\u00favida, a melhor e mais confi\u00e1vel empresa. Este ano, decidi pedir minha namorada em casamento. Eu havia planejado cada detalhe, mas, literalmente, dois dias antes do nosso noivado, a empresa que contratei inicialmente ligou para dizer que n\u00e3o poderia comparecer. Imagine como me senti, tendo investido tanto tempo planejando, alugando um carro para trazer amigos de Amsterd\u00e3 e me preparando para uma aventura transformadora. Mas ent\u00e3o veio... <a href=\"https:\/\/kissinparis.com\/pt\/organizador-casamentos-paris\/\">Chantelle, meu anjo da guarda<\/a>! Bem, eu n\u00e3o sabia disso antes, mas descobri depois de trabalhar com ela. Totalmente estressado, entrei em contato com a Chantelle. Ela conseguiria organizar tudo em menos de 48 horas? Mas, deixe-me dizer, sua recep\u00e7\u00e3o calorosa e os telefonemas prestativos me deram esperan\u00e7a de que eu ainda conseguiria. E conseguimos! A Chantelle providenciou tudo: ela teve ideias brilhantes, concebeu uma proposta ainda melhor e p\u00f4s os pingos nos is e cruzou os ts para mim. Juro que n\u00e3o poderia ter pedido uma companheira melhor do que a Chantelle.<\/p>\n<cite>Malek Jubrail<\/cite><\/blockquote>\n<\/div><\/div>\n\n\n\n<hr class=\"wp-block-separator has-alpha-channel-opacity\"\/>\n\n\n\n<div class=\"wp-block-media-text alignwide is-stacked-on-mobile is-vertically-aligned-center team\" style=\"grid-template-columns:40% auto\"><figure class=\"wp-block-media-text__media\"><img loading=\"lazy\" decoding=\"async\" width=\"533\" height=\"800\" src=\"https:\/\/kissinparis.com\/wp-content\/uploads\/2023\/03\/Kiss-me-in-Paris-photographer-and-videographer-Vincent.jpg\" alt=\"O cinegrafista Vincent Beije-me em Paris\" class=\"wp-image-6341 size-full\" srcset=\"https:\/\/kissinparis.com\/wp-content\/uploads\/2023\/03\/Kiss-me-in-Paris-photographer-and-videographer-Vincent.jpg 533w, https:\/\/kissinparis.com\/wp-content\/uploads\/2023\/03\/Kiss-me-in-Paris-photographer-and-videographer-Vincent-200x300.jpg 200w\" sizes=\"auto, (max-width: 533px) 100vw, 533px\" \/><\/figure><div class=\"wp-block-media-text__content\">\n<blockquote class=\"wp-block-quote is-layout-flow wp-block-quote-is-layout-flow\">\n<p><a href=\"https:\/\/kissinparis.com\/pt\/equipe-criativa\/vincent\/\">Vicente<\/a> Superou nossas expectativas absurdamente altas. Para n\u00f3s, que nunca fomos a Paris, o Vincent garantiu que tiv\u00e9ssemos os melhores locais e pontos tur\u00edsticos para as fotos do nosso noivado. Nos sentimos extremamente confort\u00e1veis e seguros durante a sess\u00e3o de fotos. Nos divertimos muito e faremos isso novamente quando voltarmos a Paris. Recomendamos muito a Kiss Me in Paris \u2014 especialmente o Vincent! A comunica\u00e7\u00e3o antes da chegada foi excelente. A empresa \u00e9 excepcionalmente informativa sobre log\u00edstica, figurino, clima e locais para as fotos. N\u00e3o podemos agradecer o suficiente \u00e0 Kiss Me in Paris e ao Vincent!<\/p>\n<cite>Jamie Parker<\/cite><\/blockquote>\n<\/div><\/div>\n\n\n\n<hr class=\"wp-block-separator has-alpha-channel-opacity\"\/>\n\n\n\n<div class=\"wp-block-media-text alignwide is-stacked-on-mobile is-vertically-aligned-center team\" style=\"grid-template-columns:40% auto\"><figure class=\"wp-block-media-text__media\"><img loading=\"lazy\" decoding=\"async\" width=\"534\" height=\"800\" src=\"https:\/\/kissinparis.com\/wp-content\/uploads\/2023\/03\/Best-Paris-Photographer-Cengiz-Ozelsel.jpg\" alt=\"Melhor fot\u00f3grafo de Paris Cengiz Ozelsel\" class=\"wp-image-1327 size-full\" srcset=\"https:\/\/kissinparis.com\/wp-content\/uploads\/2023\/03\/Best-Paris-Photographer-Cengiz-Ozelsel.jpg 534w, https:\/\/kissinparis.com\/wp-content\/uploads\/2023\/03\/Best-Paris-Photographer-Cengiz-Ozelsel-200x300.jpg 200w\" sizes=\"auto, (max-width: 534px) 100vw, 534px\" \/><\/figure><div class=\"wp-block-media-text__content\">\n<blockquote class=\"wp-block-quote is-layout-flow wp-block-quote-is-layout-flow\">\n<p>As palavras n\u00e3o podem expressar o qu\u00e3o grande \u00e9 <a href=\"https:\/\/kissinparis.com\/pt\/equipe-criativa\/cengiz\/\">Cengiz<\/a> e a equipe do Kiss Me in Paris. Eles me perguntaram tudo, desde onde eu queria fazer o pedido, a cor das flores, como eu e minha noiva nos conhecemos e como crescemos at\u00e9 chegarmos a esse ponto. Cengiz \u00e9 m\u00e1gico na forma como dirige seus ensaios fotogr\u00e1ficos! Se voc\u00ea busca uma noite de conto de fadas inesquec\u00edvel para voc\u00ea e sua noiva, siga as dicas do Cengiz. <a href=\"https:\/\/kissinparis.com\/pt\/pedido-de-casamento-paris\/\">Guia de Proposta de Paris<\/a> e contrate os servi\u00e7os dele se ele estiver dispon\u00edvel! Nos divertimos tanto que recomendamos o Cengiz a todos que conhecemos no nosso passeio de bicicleta por Paris no dia seguinte :-). Muito obrigado novamente \u2014 voc\u00eas s\u00e3o os melhores no ramo!!!<\/p>\n<cite>Graydon Wyatt<\/cite><\/blockquote>\n<\/div><\/div>\n\n\n\n<hr class=\"wp-block-separator has-alpha-channel-opacity\"\/>\n\n\n\n<div class=\"wp-block-media-text alignwide is-stacked-on-mobile is-vertically-aligned-center team\" style=\"grid-template-columns:40% auto\"><figure class=\"wp-block-media-text__media\"><img loading=\"lazy\" decoding=\"async\" width=\"533\" height=\"800\" src=\"https:\/\/kissinparis.com\/wp-content\/uploads\/2023\/03\/Paris-Photographer-Scander-Kiss-Me-in-Paris-1.jpg\" alt=\"O fot\u00f3grafo parisiense Scander me beija em Paris\" class=\"wp-image-6337 size-full\" srcset=\"https:\/\/kissinparis.com\/wp-content\/uploads\/2023\/03\/Paris-Photographer-Scander-Kiss-Me-in-Paris-1.jpg 533w, https:\/\/kissinparis.com\/wp-content\/uploads\/2023\/03\/Paris-Photographer-Scander-Kiss-Me-in-Paris-1-200x300.jpg 200w\" sizes=\"auto, (max-width: 533px) 100vw, 533px\" \/><\/figure><div class=\"wp-block-media-text__content\">\n<blockquote class=\"wp-block-quote is-layout-flow wp-block-quote-is-layout-flow\">\n<p>OH MEU DEUS! <a href=\"https:\/\/kissinparis.com\/pt\/equipe-criativa\/scander\/\">Scander<\/a> \u00c9 um g\u00eanio art\u00edstico! Foi uma alegria fotografar com ele! O Scander tem uma energia maravilhosa; ele \u00e9 paciente, atencioso e muito divertido! Ele deu instru\u00e7\u00f5es f\u00e1ceis de seguir, ent\u00e3o at\u00e9 meu namorado, que normalmente n\u00e3o gosta de tirar fotos, se sentiu e ficou incr\u00edvel! O Scander tem um olhar agu\u00e7ado, ent\u00e3o suas fotos s\u00e3o \u00fanicas. Ele \u00e9 um fot\u00f3grafo de alta costura, ent\u00e3o tivemos a sorte de t\u00ea-lo conosco. A melhor decis\u00e3o de todas!!!<\/p>\n<cite>Cherise<\/cite><\/blockquote>\n<\/div><\/div>\n<\/div><\/div>\n\n\n\n<div class=\"wp-block-group alignfull mt-0 mb-0 pt-0 sec review-group review-group-2\"><div class=\"wp-block-group__inner-container is-layout-constrained wp-block-group-is-layout-constrained\">\n<hr class=\"wp-block-separator has-alpha-channel-opacity is-style-wide\"\/>\n\n\n\n<div class=\"wp-block-media-text alignwide is-stacked-on-mobile is-vertically-aligned-center team\" style=\"grid-template-columns:40% auto\"><figure class=\"wp-block-media-text__media\"><img loading=\"lazy\" decoding=\"async\" width=\"683\" height=\"1024\" src=\"https:\/\/kissinparis.com\/wp-content\/uploads\/2023\/03\/Brazilian-photographer-in-Paris.jpg\" alt=\"Fot\u00f3grafa brasileira em Paris Juliana\" class=\"wp-image-5163 size-full\" srcset=\"https:\/\/kissinparis.com\/wp-content\/uploads\/2023\/03\/Brazilian-photographer-in-Paris.jpg 683w, https:\/\/kissinparis.com\/wp-content\/uploads\/2023\/03\/Brazilian-photographer-in-Paris-200x300.jpg 200w\" sizes=\"auto, (max-width: 683px) 100vw, 683px\" \/><\/figure><div class=\"wp-block-media-text__content\">\n<blockquote class=\"wp-block-quote is-layout-flow wp-block-quote-is-layout-flow\">\n<p><a href=\"https:\/\/kissinparis.com\/pt\/equipe-criativa\/juliana\/\">Juliana<\/a> Ela simplesmente cuidou de tudo, desde ajudar no planejamento at\u00e9 criar um v\u00eddeo fant\u00e1stico do meu pedido de casamento. Ela imediatamente deixou minha noiva e eu confort\u00e1veis e coordenou tudo perfeitamente. Juliana filmou e editou o v\u00eddeo mais lindo \u2013 parece sa\u00eddo de um filme! Ficamos impressionados com a forma como ela capturou o momento. O melhor de tudo \u00e9 que revivemos um momento t\u00e3o especial cada vez que assistimos ao curta-metragem dela. Minha noiva chorou de felicidade, e nossos pais e amigos tamb\u00e9m ficaram radiantes. Obrigada, Juliana, e \u00e0 equipe do Kiss Me in Paris por criarem e registrarem com tanta beleza o nosso noivado.<\/p>\n<cite>Andr\u00e9 James<\/cite><\/blockquote>\n<\/div><\/div>\n\n\n\n<hr class=\"wp-block-separator has-alpha-channel-opacity\"\/>\n\n\n\n<div class=\"wp-block-media-text alignwide is-stacked-on-mobile is-vertically-aligned-center team\" style=\"grid-template-columns:40% auto\"><figure class=\"wp-block-media-text__media\"><img loading=\"lazy\" decoding=\"async\" width=\"533\" height=\"800\" src=\"https:\/\/kissinparis.com\/wp-content\/uploads\/2023\/03\/Kiss-me-in-Paris-photographer-and-videographer-Vincent.jpg\" alt=\"O cinegrafista Vincent Beije-me em Paris\" class=\"wp-image-6341 size-full\" srcset=\"https:\/\/kissinparis.com\/wp-content\/uploads\/2023\/03\/Kiss-me-in-Paris-photographer-and-videographer-Vincent.jpg 533w, https:\/\/kissinparis.com\/wp-content\/uploads\/2023\/03\/Kiss-me-in-Paris-photographer-and-videographer-Vincent-200x300.jpg 200w\" sizes=\"auto, (max-width: 533px) 100vw, 533px\" \/><\/figure><div class=\"wp-block-media-text__content\">\n<blockquote class=\"wp-block-quote is-layout-flow wp-block-quote-is-layout-flow\">\n<p>Ent\u00e3o, assistimos ao nosso v\u00eddeo da proposta de Paris separadamente porque o M\u00e1rio est\u00e1 atrasado hoje para cumprir um prazo. Assistimos enquanto&nbsp;<em>FaceTime<\/em>, e ficamos simplesmente sem palavras!!! S\u00e9rio, sem palavras; \u00e9 t\u00e3o lindo! Quero assistir 10.000 vezes! Nunca vai ficar chato. \u00c9 pura perfei\u00e7\u00e3o \u2014 n\u00e3o acredito como ficou incr\u00edvel. Muito obrigada, <a href=\"https:\/\/kissinparis.com\/pt\/equipe-criativa\/vincent\/\">Vicente<\/a>!<\/p>\n<cite>Maria e Mario<\/cite><\/blockquote>\n<\/div><\/div>\n\n\n\n<hr class=\"wp-block-separator has-alpha-channel-opacity\"\/>\n\n\n\n<div class=\"wp-block-media-text alignwide is-stacked-on-mobile is-vertically-aligned-center team\" style=\"grid-template-columns:40% auto\"><figure class=\"wp-block-media-text__media\"><img loading=\"lazy\" decoding=\"async\" width=\"714\" height=\"1000\" src=\"https:\/\/kissinparis.com\/wp-content\/uploads\/2023\/03\/Best-NYC-Proposal-Planner-Chantelle.jpg\" alt=\"Pacote de casamento elopement em Paris\" class=\"wp-image-4391 size-full\" srcset=\"https:\/\/kissinparis.com\/wp-content\/uploads\/2023\/03\/Best-NYC-Proposal-Planner-Chantelle.jpg 714w, https:\/\/kissinparis.com\/wp-content\/uploads\/2023\/03\/Best-NYC-Proposal-Planner-Chantelle-214x300.jpg 214w\" sizes=\"auto, (max-width: 714px) 100vw, 714px\" \/><\/figure><div class=\"wp-block-media-text__content\">\n<blockquote class=\"wp-block-quote is-layout-flow wp-block-quote-is-layout-flow\">\n<p>Eu n\u00e3o sabia como surpreender minha futura noiva durante minha visita a Paris. Faltando apenas alguns dias para acertar os detalhes, descobri o Kiss Me in Paris e sua equipe interna. <a href=\"https:\/\/kissinparis.com\/pt\/pedido-de-casamento-paris\/planejador\/\">Planejadora de propostas de Paris, Chantelle<\/a>UAU, eles cumpriram! Nosso noivado foi m\u00e1gico, surreal e ainda melhor do que imagin\u00e1vamos. Agora casados, relembramos com frequ\u00eancia Paris e a import\u00e2ncia da Chantelle para a realiza\u00e7\u00e3o dos nossos sonhos. N\u00e3o tenho palavras para recomend\u00e1-la e \u00e0 empresa.<\/p>\n<cite>Jonathan McNabb<\/cite><\/blockquote>\n<\/div><\/div>\n\n\n\n<hr class=\"wp-block-separator has-alpha-channel-opacity\"\/>\n\n\n\n<div class=\"wp-block-media-text alignwide is-stacked-on-mobile is-vertically-aligned-center team\" style=\"grid-template-columns:40% auto\"><figure class=\"wp-block-media-text__media\"><img loading=\"lazy\" decoding=\"async\" width=\"533\" height=\"800\" src=\"https:\/\/kissinparis.com\/wp-content\/uploads\/2023\/03\/Paris-Photographer-Scander-Kiss-Me-in-Paris-1.jpg\" alt=\"O fot\u00f3grafo parisiense Scander me beija em Paris\" class=\"wp-image-6337 size-full\" srcset=\"https:\/\/kissinparis.com\/wp-content\/uploads\/2023\/03\/Paris-Photographer-Scander-Kiss-Me-in-Paris-1.jpg 533w, https:\/\/kissinparis.com\/wp-content\/uploads\/2023\/03\/Paris-Photographer-Scander-Kiss-Me-in-Paris-1-200x300.jpg 200w\" sizes=\"auto, (max-width: 533px) 100vw, 533px\" \/><\/figure><div class=\"wp-block-media-text__content\">\n<blockquote class=\"wp-block-quote is-layout-flow wp-block-quote-is-layout-flow\">\n<p>Uma experi\u00eancia de sess\u00e3o de fotos absolutamente de tirar o f\u00f4lego e inesquec\u00edvel! <a href=\"https:\/\/kissinparis.com\/pt\/equipe-criativa\/scander\/\">Scander<\/a> Capturou tudo o que poder\u00edamos ter pedido e muito mais. As fotos s\u00e3o de tirar o f\u00f4lego! Ele \u00e9 verdadeiramente apaixonado por seu trabalho e tem uma personalidade calorosa e acolhedora. Recomendo muito o Scander e estou muito feliz por termos registrado nossos momentos especiais em Paris.<\/p>\n<cite>Nicole<\/cite><\/blockquote>\n<\/div><\/div>\n<\/div><\/div>\n\n\n\n<div class=\"wp-block-buttons is-content-justification-center is-layout-flex wp-container-core-buttons-is-layout-16018d1d wp-block-buttons-is-layout-flex\">\n<div class=\"wp-block-button get-reviews-more\"><a class=\"wp-block-button__link wp-element-button\" href=\"#\">Mostrar mais avalia\u00e7\u00f5es<\/a><\/div>\n<\/div>\n\n\n\n<hr class=\"wp-block-separator has-alpha-channel-opacity is-style-wide\"\/>\n\n\n\n<div class=\"wp-block-columns are-vertically-aligned-top navigator container-sm is-layout-flex wp-container-core-columns-is-layout-9d6595d7 wp-block-columns-is-layout-flex\">\n<div class=\"wp-block-column is-vertically-aligned-top is-layout-flow wp-block-column-is-layout-flow\">\n<h3 class=\"wp-block-heading has-text-align-center mb-15\">Carreiras<\/h3>\n\n\n\n<p class=\"has-text-align-center\"><a href=\"https:\/\/kissinparis.com\/pt\/carreiras\/\">Vagas abertas \u2192<\/a><\/p>\n<\/div>\n\n\n\n<div class=\"wp-block-column is-vertically-aligned-top is-layout-flow wp-block-column-is-layout-flow\">\n<h3 class=\"wp-block-heading has-text-align-center mb-15\">Sobre n\u00f3s<\/h3>\n\n\n\n<p class=\"has-text-align-center\"><a href=\"https:\/\/kissinparis.com\/pt\/sobre-nos\/\" data-type=\"page\" data-id=\"1029\">Saiba mais \u2192<\/a><\/p>\n<\/div>\n<\/div>\n<\/div><\/div>","protected":false},"excerpt":{"rendered":"<p>Our clients love us Kiss Me in Paris is hands-down the best and most reliable company. This year, I decided to ask my girlfriend to marry me. I had planned every final detail, but literally two days before our engagement, the company I initially hired called to say they could not make it. Imagine how [&hellip;]<\/p>\n","protected":false},"author":35,"featured_media":9905,"parent":0,"menu_order":0,"comment_status":"closed","ping_status":"closed","template":"","meta":{"_acf_changed":false,"ub_ctt_via":"","footnotes":""},"class_list":["post-575","page","type-page","status-publish","has-post-thumbnail","hentry"],"acf":[],"featured_image_src":"https:\/\/kissinparis.com\/wp-content\/uploads\/2023\/04\/Kiss-Me-in-Paris-reviews-and-testimonials.jpg","_links":{"self":[{"href":"https:\/\/kissinparis.com\/pt\/wp-json\/wp\/v2\/pages\/575","targetHints":{"allow":["GET"]}}],"collection":[{"href":"https:\/\/kissinparis.com\/pt\/wp-json\/wp\/v2\/pages"}],"about":[{"href":"https:\/\/kissinparis.com\/pt\/wp-json\/wp\/v2\/types\/page"}],"author":[{"embeddable":true,"href":"https:\/\/kissinparis.com\/pt\/wp-json\/wp\/v2\/users\/35"}],"replies":[{"embeddable":true,"href":"https:\/\/kissinparis.com\/pt\/wp-json\/wp\/v2\/comments?post=575"}],"version-history":[{"count":6,"href":"https:\/\/kissinparis.com\/pt\/wp-json\/wp\/v2\/pages\/575\/revisions"}],"predecessor-version":[{"id":28562,"href":"https:\/\/kissinparis.com\/pt\/wp-json\/wp\/v2\/pages\/575\/revisions\/28562"}],"wp:featuredmedia":[{"embeddable":true,"href":"https:\/\/kissinparis.com\/pt\/wp-json\/wp\/v2\/media\/9905"}],"wp:attachment":[{"href":"https:\/\/kissinparis.com\/pt\/wp-json\/wp\/v2\/media?parent=575"}],"curies":[{"name":"wp","href":"https:\/\/api.w.org\/{rel}","templated":true}]}}