{"id":623,"date":"2023-02-28T13:27:30","date_gmt":"2023-02-28T13:27:30","guid":{"rendered":"https:\/\/kissinparis.com\/?page_id=623"},"modified":"2025-10-14T14:21:13","modified_gmt":"2025-10-14T14:21:13","slug":"carreiras","status":"publish","type":"page","link":"https:\/\/kissinparis.com\/pt\/careers\/","title":{"rendered":"Carreiras"},"content":{"rendered":"<div class=\"wp-block-cover alignfull wp-block-group has-base-2-color has-contrast-background-color heror-section heror-about has-scroll-down mt-0 mb-0 fullscreen has-background-color has-text-color has-link-color wp-elements-b6f3bc13de5a1c1641d85f5eef638983\" style=\"min-height:932px;aspect-ratio:unset;\"><img loading=\"lazy\" decoding=\"async\" width=\"1500\" height=\"1000\" class=\"wp-block-cover__image-background wp-image-645 size-full\" alt=\"Carreiras Kiss Me in Paris\" src=\"https:\/\/kissinparis.com\/wp-content\/uploads\/2023\/02\/Careers-Kiss-Me-in-Paris.jpg\" data-object-fit=\"cover\" srcset=\"https:\/\/kissinparis.com\/wp-content\/uploads\/2023\/02\/Careers-Kiss-Me-in-Paris.jpg 1500w, https:\/\/kissinparis.com\/wp-content\/uploads\/2023\/02\/Careers-Kiss-Me-in-Paris-300x200.jpg 300w, https:\/\/kissinparis.com\/wp-content\/uploads\/2023\/02\/Careers-Kiss-Me-in-Paris-1024x683.jpg 1024w, https:\/\/kissinparis.com\/wp-content\/uploads\/2023\/02\/Careers-Kiss-Me-in-Paris-768x512.jpg 768w, https:\/\/kissinparis.com\/wp-content\/uploads\/2023\/02\/Careers-Kiss-Me-in-Paris-1200x800.jpg 1200w\" sizes=\"auto, (max-width: 1500px) 100vw, 1500px\" \/><span aria-hidden=\"true\" class=\"wp-block-cover__background has-primary-background-color has-background-dim-40 has-background-dim\"><\/span><div class=\"wp-block-cover__inner-container is-layout-flow wp-block-cover-is-layout-flow\">\n<div class=\"wp-block-group alignfull content\"><div class=\"wp-block-group__inner-container is-layout-constrained wp-block-group-is-layout-constrained\">\n<h1 class=\"wp-block-heading alignwide\">Carreiras na Kiss Me in Paris<\/h1>\n\n\n\n<h2 class=\"wp-block-heading has-large-font-size\">Foco em assessoria de pedidos e casamentos; tamb\u00e9m vagas em foto, v\u00eddeo e atendimento ao cliente.<\/h2>\n<\/div><\/div>\n\n\n\n<div class=\"wp-block-group alignfull clock-footer has-base-2-color has-text-color has-link-color wp-elements-9521b5bfabe7d654350b2828c1c562b1 is-content-justification-space-between is-nowrap is-layout-flex wp-container-core-group-is-layout-0dfbf163 wp-block-group-is-layout-flex\">\n<p class=\"clock\" id=\"paris-clock\">Paris, Fran\u00e7a <strong>\u2013 <\/strong><\/p>\n\n\n\n<p class=\"has-text-align-center alignwide position-bottom animate data-animate__fadeInUp has-base-2-color has-text-color has-link-color wp-elements-6c412cdff13bf430f3051448409dacb9\">Sonhos se tornam realidade. O amor \u00e9 o centro das aten\u00e7\u00f5es.<\/p>\n\n\n\n<p class=\"phone map\"><a href=\"https:\/\/www.google.com\/maps\/place\/Kiss+Me+in+Paris+Proposals+%26+Weddings\/@48.869005,2.2831087,17z\/data=!3m1!4b1!4m6!3m5!1s0x47e66f84666f802f:0x7b03905155589b66!8m2!3d48.8690015!4d2.285689!16s%2Fg%2F11b6zqzn3k?ucbcb=1\" target=\"_blank\" data-type=\"link\" data-id=\"https:\/\/www.google.com\/maps\/place\/Kiss+Me+in+Paris+Proposals+%26+Weddings\/@48.869005,2.2831087,17z\/data=!3m1!4b1!4m6!3m5!1s0x47e66f84666f802f:0x7b03905155589b66!8m2!3d48.8690015!4d2.285689!16s%2Fg%2F11b6zqzn3k?ucbcb=1\" rel=\"noreferrer noopener\">Como chegar<\/a><\/p>\n<\/div>\n<\/div><\/div>\n\n\n\n<div class=\"wp-block-group alignfull mt-0 mb-0 sec sec-content_0 pb-0 has-white-background-color has-background\"><div class=\"wp-block-group__inner-container is-layout-constrained wp-block-group-is-layout-constrained\">\n<div class=\"wp-block-columns summery is-layout-flex wp-container-core-columns-is-layout-9d6595d7 wp-block-columns-is-layout-flex\">\n<div class=\"wp-block-column is-layout-flow wp-block-column-is-layout-flow\">\n<p>Voc\u00ea est\u00e1 no lugar certo se tem interesse em fazer parte de uma equipe divertida, onde a diversidade \u00e9 celebrada, e cumprimentos e incentivo ao crescimento s\u00e3o esperados. Levamos o trabalho e a divers\u00e3o a s\u00e9rio. <\/p>\n\n\n\n<p>Um internacional <a href=\"https:\/\/kissinparis.com\/pt\/casamento-em-paris\/fotografo\/\">l\u00edder em fotografia de eventos<\/a> e planejamento de proposta de casamento, Kiss Me in New York nada orgulhosamente contra a mar\u00e9: quando os outros ziguezagueiam, n\u00f3s ziguezagueamos.<\/p>\n\n\n\n<p>N\u00e3o priorizamos candidatos com experi\u00eancia em fotografia ou planejamento. Em vez disso, buscamos candidatos excepcionais, apaixonados e que gostem de conhecer novas pessoas.<\/p>\n<\/div>\n\n\n\n<div class=\"wp-block-column is-layout-flow wp-block-column-is-layout-flow\">\n<p>A Kiss Me in Paris oferece oportunidades iguais de emprego a todos os candidatos e n\u00e3o aceita discrimina\u00e7\u00e3o baseada em ra\u00e7a, orienta\u00e7\u00e3o sexual, religi\u00e3o ou nacionalidade.<\/p>\n\n\n\n<p>Oferecemos vantagens incr\u00edveis, hor\u00e1rios flex\u00edveis e muitas noites emocionantes em equipe (adoramos beber, comer e comemorar). Gostar\u00edamos de saber se voc\u00ea se identifica com essa empresa que gostaria de ajudar a moldar.<\/p>\n\n\n\n<p><strong>N\u00e3o se inscreva, a menos que voc\u00ea tenha permiss\u00e3o legal para trabalhar na Fran\u00e7a.<\/strong><\/p>\n<\/div>\n<\/div>\n<\/div><\/div>\n\n\n\n<div class=\"wp-block-group alignfull mt-0 mb-0 sec sec-career has-container-md_\"><div class=\"wp-block-group__inner-container is-layout-constrained wp-block-group-is-layout-constrained\">\n<hr class=\"wp-block-separator has-alpha-channel-opacity is-style-wide\"\/>\n\n\n\n<div class=\"wp-block-columns career is-layout-flex wp-container-core-columns-is-layout-9d6595d7 wp-block-columns-is-layout-flex\">\n<div class=\"wp-block-column position-name is-layout-flow wp-block-column-is-layout-flow\">\n<h2 class=\"wp-block-heading\">Fot\u00f3grafo profissional<\/h2>\n<\/div>\n\n\n\n<div class=\"wp-block-column details is-layout-flow wp-block-column-is-layout-flow\">\n<h3 class=\"wp-block-heading heading-size-5\"><strong>Descri\u00e7\u00e3o do trabalho<\/strong><\/h3>\n\n\n\n<p>Os fot\u00f3grafos da Kiss Me in Paris s\u00e3o frequentemente chamados para registrar ensaios fotogr\u00e1ficos de casais, casamentos luxuosos, boudoirs, fotos de fam\u00edlia e muito mais. Nossos clientes t\u00eam altas expectativas quanto \u00e0 qualidade das fotos e \u00e0 experi\u00eancia que ter\u00e3o. Ser apenas um candidato acima da m\u00e9dia n\u00e3o \u00e9 suficiente. Procuramos estrelas do rock apaixonadas, animadas para conhecer novas pessoas diariamente, que consigam sair da cama ao amanhecer, sejam extremamente confi\u00e1veis, se comuniquem bem em ingl\u00eas e franc\u00eas e que gostem de passar tempo com a equipe de vez em quando.<\/p>\n\n\n\n<p><a href=\"mailto:support@kissinparis.com\" data-type=\"page\" data-id=\"1213\">Inscreva-se agora<\/a><\/p>\n<\/div>\n<\/div>\n\n\n\n<hr class=\"wp-block-separator has-alpha-channel-opacity\"\/>\n\n\n\n<div class=\"wp-block-columns career is-layout-flex wp-container-core-columns-is-layout-9d6595d7 wp-block-columns-is-layout-flex\">\n<div class=\"wp-block-column position-name is-layout-flow wp-block-column-is-layout-flow\">\n<h2 class=\"wp-block-heading\">Planejador de Propostas e Casamentos<\/h2>\n<\/div>\n\n\n\n<div class=\"wp-block-column details is-layout-flow wp-block-column-is-layout-flow\">\n<h3 class=\"wp-block-heading heading-size-5\"><strong>Descri\u00e7\u00e3o do trabalho<\/strong><\/h3>\n\n\n\n<p>Somos conhecidos em todo o mundo por planejar alguns dos pedidos de casamento mais extraordin\u00e1rios do mundo. \u00c0 medida que avan\u00e7amos para o cen\u00e1rio local e <a href=\"https:\/\/kissinparis.com\/pt\/organizador-casamentos-paris\/\">planejamento de casamento de luxo em destino<\/a> Buscamos planejadores de eventos profissionais com pelo menos 3 a 5 anos de experi\u00eancia. O candidato ideal fala ingl\u00eas e franc\u00eas fluentemente e se sente \u00e0 vontade para desenvolver relacionamentos com gerentes seniores de buffet e eventos nos melhores hot\u00e9is e castelos parisienses. Daremos prefer\u00eancia a candidatos que tamb\u00e9m tenham experi\u00eancia em design floral, relacionamento com blogs de casamento e facilidade com m\u00eddias sociais.<\/p>\n\n\n\n<p><a href=\"mailto:support@kissinparis.com\" data-type=\"page\" data-id=\"1213\">Inscreva-se agora<\/a><\/p>\n<\/div>\n<\/div>\n\n\n\n<hr class=\"wp-block-separator has-alpha-channel-opacity\"\/>\n\n\n\n<div class=\"wp-block-columns career is-layout-flex wp-container-core-columns-is-layout-9d6595d7 wp-block-columns-is-layout-flex\">\n<div class=\"wp-block-column position-name is-layout-flow wp-block-column-is-layout-flow\">\n<h2 class=\"wp-block-heading\">Cineasta profissional<\/h2>\n<\/div>\n\n\n\n<div class=\"wp-block-column details is-layout-flow wp-block-column-is-layout-flow\">\n<h3 class=\"wp-block-heading heading-size-5\"><strong>Descri\u00e7\u00e3o do trabalho<\/strong><\/h3>\n\n\n\n<p>Hoje em dia, v\u00eddeos s\u00e3o t\u00e3o empolgantes quanto fotos e muito procurados. No entanto, o papel do cineasta evoluiu ao longo dos anos. Hoje em dia, n\u00e3o basta apenas ter um bom conhecimento t\u00e9cnico, uma boa interpreta\u00e7\u00e3o do tema, uma perspectiva criativa e demonstrar excelentes habilidades de p\u00f3s-produ\u00e7\u00e3o. Al\u00e9m disso, voc\u00ea precisa se sentir confort\u00e1vel para assumir o controle, dirigir a cena e fornecer instru\u00e7\u00f5es claras (em ingl\u00eas e franc\u00eas). Daremos prefer\u00eancia a candidatos que tenham familiaridade com m\u00eddias sociais e possam garantir um retorno r\u00e1pido. Esperar meses para entregar o produto final n\u00e3o \u00e9 uma op\u00e7\u00e3o.<\/p>\n\n\n\n<p><a href=\"mailto:support@kissinparis.com\" data-type=\"page\" data-id=\"1213\">Inscreva-se agora<\/a><\/p>\n<\/div>\n<\/div>\n\n\n\n<hr class=\"wp-block-separator has-alpha-channel-opacity\"\/>\n\n\n\n<div class=\"wp-block-columns career is-layout-flex wp-container-core-columns-is-layout-9d6595d7 wp-block-columns-is-layout-flex\">\n<div class=\"wp-block-column position-name is-layout-flow wp-block-column-is-layout-flow\">\n<h2 class=\"wp-block-heading\">Assistente de Est\u00fadio \u2014 Est\u00e1gio<\/h2>\n<\/div>\n\n\n\n<div class=\"wp-block-column details is-layout-flow wp-block-column-is-layout-flow\">\n<h3 class=\"wp-block-heading heading-size-5\"><strong>Descri\u00e7\u00e3o do trabalho<\/strong><\/h3>\n\n\n\n<p>Estamos sempre procurando pessoas motivadas, bil\u00edngues e talentosas para se juntar \u00e0 nossa equipe - fot\u00f3grafos, cineastas e <a href=\"https:\/\/kissinparis.com\/pt\/pedido-de-casamento-paris\/planejador\/\">planejadores de eventos<\/a>Voc\u00ea trabalhar\u00e1 em estreita colabora\u00e7\u00e3o com profissionais talentosos e ter\u00e1 uma experi\u00eancia gratificante em uma ind\u00fastria din\u00e2mica e criativa. Priorizamos candidatos que queiram permanecer na Fran\u00e7a e se juntar \u00e0 Kiss Me em Paris ap\u00f3s o est\u00e1gio. Por favor, n\u00e3o se candidate a menos que tenha o direito legal de trabalhar na Fran\u00e7a.<\/p>\n\n\n\n<p><a href=\"mailto:support@kissinparis.com\" data-type=\"page\" data-id=\"1213\">Inscreva-se agora<\/a><\/p>\n<\/div>\n<\/div>\n<\/div><\/div>","protected":false},"excerpt":{"rendered":"<p>You&#8217;re in the right place if you&#8217;re interested in being part of a fun team where diversity is celebrated, and high-fives and a push for growth are expected. We take work and play seriously. An international leader in event photography and marriage proposal planning, Kiss Me in New York proudly swims against the tide: when [&hellip;]<\/p>\n","protected":false},"author":35,"featured_media":645,"parent":0,"menu_order":0,"comment_status":"closed","ping_status":"closed","template":"","meta":{"_acf_changed":false,"ub_ctt_via":"","footnotes":""},"class_list":["post-623","page","type-page","status-publish","has-post-thumbnail","hentry"],"acf":[],"featured_image_src":"https:\/\/kissinparis.com\/wp-content\/uploads\/2023\/02\/Careers-Kiss-Me-in-Paris.jpg","_links":{"self":[{"href":"https:\/\/kissinparis.com\/pt\/wp-json\/wp\/v2\/pages\/623","targetHints":{"allow":["GET"]}}],"collection":[{"href":"https:\/\/kissinparis.com\/pt\/wp-json\/wp\/v2\/pages"}],"about":[{"href":"https:\/\/kissinparis.com\/pt\/wp-json\/wp\/v2\/types\/page"}],"author":[{"embeddable":true,"href":"https:\/\/kissinparis.com\/pt\/wp-json\/wp\/v2\/users\/35"}],"replies":[{"embeddable":true,"href":"https:\/\/kissinparis.com\/pt\/wp-json\/wp\/v2\/comments?post=623"}],"version-history":[{"count":9,"href":"https:\/\/kissinparis.com\/pt\/wp-json\/wp\/v2\/pages\/623\/revisions"}],"predecessor-version":[{"id":28496,"href":"https:\/\/kissinparis.com\/pt\/wp-json\/wp\/v2\/pages\/623\/revisions\/28496"}],"wp:featuredmedia":[{"embeddable":true,"href":"https:\/\/kissinparis.com\/pt\/wp-json\/wp\/v2\/media\/645"}],"wp:attachment":[{"href":"https:\/\/kissinparis.com\/pt\/wp-json\/wp\/v2\/media?parent=623"}],"curies":[{"name":"wp","href":"https:\/\/api.w.org\/{rel}","templated":true}]}}